{"id":16830,"date":"2023-04-24T17:37:44","date_gmt":"2023-04-24T17:37:44","guid":{"rendered":"https:\/\/redfoxlotto.com\/?page_id=930"},"modified":"2025-12-17T08:57:16","modified_gmt":"2025-12-17T08:57:16","slug":"mega-millions","status":"publish","type":"page","link":"https:\/\/redfoxlotto.com\/et\/mangi\/mega-millions\/","title":{"rendered":"M\u00e4ngi Mega Millions US"},"content":{"rendered":"<script type=\"application\/ld+json\">\r\n{\r\n  \"@context\": \"https:\/\/schema.org\",\r\n  \"@type\": \"Service\",\r\n  \"name\": \"M\u00e4ngi Mega Millions online\",\r\n  \"url\": \"https:\/\/redfoxlotto.com\/et\/mangi\/mega-millions\/\",\r\n  \"description\": \"M\u00e4ngi Mega Millions loteriid veebis \u00fcksk\u00f5ik millisest riigist. K\u00fclasta RedFoxLotto, vali oma numbrid ja saa piletid.\",\r\n  \"serviceType\": \"Online loteriipiletite vahendusteenus\",\r\n\r\n  \"provider\": {\r\n    \"@type\": \"Organization\",\r\n    \"name\": \"RedFoxLotto\",\r\n    \"url\": \"https:\/\/redfoxlotto.com\/et\/mangi\/mega-millions\/\",\r\n    \"image\": \"https:\/\/redfoxlotto.com\/wp-content\/uploads\/2025\/12\/ticket_scans.jpg\"\r\n  },\r\n\r\n  \"areaServed\": \"Worldwide\",\r\n  \"termsOfService\": \"https:\/\/redfoxlotto.com\/terms-and-conditions\",\r\n\r\n  \"additionalProperty\": {\r\n    \"@type\": \"PropertyValue\",\r\n    \"name\": \"FAQ\",\r\n    \"value\": \"https:\/\/redfoxlotto.com\/et\/faq\/\"\r\n  },\r\n\r\n  \"hasOfferCatalog\": {\r\n    \"@type\": \"OfferCatalog\",\r\n    \"name\": \"Mega Millions loteriipiletid\",\r\n    \"itemListElement\": [{\r\n      \"@type\": \"Offer\",\r\n      \"name\": \"Mega Millions piletid\",\r\n      \"url\": \"https:\/\/redfoxlotto.com\/et\/mangi\/mega-millions\/\",\r\n      \"description\": \"Vali oma numbrid j\u00e4rgmise Mega Millions loosimise jaoks ja telli piletid veebis.\",\r\n      \"price\": \"13.00\",\r\n      \"priceCurrency\": \"EUR\",\r\n      \"availability\": \"https:\/\/schema.org\/InStock\"\r\n    }]\r\n  },\r\n\r\n  \"mainEntityOfPage\": {\r\n    \"@type\": \"WebPage\",\r\n    \"@id\": \"https:\/\/redfoxlotto.com\/et\/mangi\/mega-millions\/\"\r\n  }\r\n}\r\n<\/script>\r\n\r\n<p><!--more--><\/p><p>Teil pole vaja reisida USA-sse, et m\u00e4ngida US Mega Millions loteriid. Te v\u00f5ite samuti m\u00e4ngida Mega Millions lotot Eestist. Me pakume Teile pileteid meie interneti teenuse kaudu. Te v\u00f5ite tellida neid ka Eestis meie veebisaidilt. \u00dcks meie agentidest Ameerikas ostab piletid (numbritega, mille olete v\u00e4lja valinud). J\u00e4rgmiseks, saate Te e-kirja, mis kinnitab ostu sooritamist. Samuti hoolitseme me Teie v\u00f5idusummade v\u00e4lja maksmise eest. Palun vaadake meie KKK sektsiooni, et lugeda rohkem informatsiooni meie teenuse kohta.<\/p><h2 class=\"wp-block-heading\" id=\"h-mega-million-loterii-reeglid\">Mega Million Loterii reeglid<\/h2><p>M\u00e4ngija valib viis numbrit vahemikus 1 ja 70, ning samuti lisanumbrid vahemikus 1 kuni 25. Jackpot&#8217;i v\u00f5itmiseks peab valima k\u00f5ik kuus numbrit \u00f5igesti. Viie \u00f5ige numbri puhul on auhind $1 miljon.<\/p><h2 class=\"wp-block-heading\" id=\"h-mega-millions-jackpot\">Mega Millions Jackpot<\/h2><div class=\"wp-block-image\">\r\n<figure class=\"alignright is-resized\"><img loading=\"lazy\" decoding=\"async\" class=\"wp-image-5296\" src=\"https:\/\/content.redfoxlotto.com\/uploads\/sites\/9\/1_play_mega_millions_jackpot.jpg\" alt=\"mega millions internetis\" width=\"256\" height=\"171\" \/><\/figure>\r\n<\/div><p><br \/>Mega Millions loto on tuntud oma jackpot&#8217;i summa tormaka kasvu poolest. Seda p\u00f5hjusel, et esiteks m\u00fc\u00fcakse iga n\u00e4dal sadu miljoneid pileteid Ameerikas. Kuid jackpot&#8217;i ei v\u00f5ideta m\u00f5nikord n\u00e4dalaid. Jackpot algab alati v\u00e4hemalt $40 miljonist. Tavaliselt algab see aeglasemalt, umbes $10-15 miljonit iga loosimisega (n\u00e4dalas toimub kaks loosimist).<\/p><p>Kui keegi ei v\u00f5ida peaauhinda, siis k\u00fc\u00fcndib summa kiiresti 100 miljonini. Kord kui see piir on \u00fcletatud, siis m\u00fc\u00fcakse tavalisest enam pileteid, sest n\u00fc\u00fcd tahavad k\u00f5ik loteriid m\u00e4ngida. Jackpot hakkab &#8220;plahvatama&#8221;. Summa suurenemine 200 miljonist kuni 500 miljonini \u00fches n\u00e4dalas on \u00fcsna normaalne. Ja kui jackpot&#8217;i ei v\u00f5ideta 10 n\u00e4dala jooksul, siis \u00fcletab see isegi 1 miljardi dollari, mis juhtus viimati 19\/10\/2018. Jackpot&#8217;i v\u00f5itis l\u00f5puks \u00fcksikm\u00e4ngija 23\/10\/2018, ning sellel hetkel oli selle suurus 1.6 miljardit.<\/p><p>Nii kui jackpot&#8217;i summa on mahukam, siis oleks nutikas m\u00f5elda pileti tellimisele internetist, sellisel viisil, et v\u00f5tta osa mitmest j\u00e4rjestikusest loosimisest. Sel moel teed kindlaks, et v\u00f5tad m\u00e4ngust osa ka j\u00e4rgmisest, veelgi suuremast jackpot&#8217;i loosimisest.<\/p><p>On oluline mainida, et jackpot&#8217;i v\u00f5itja v\u00f5ib valida kahe erineva valiku vahel. Ta v\u00f5ib valida kogu summa v\u00e4lja maksmise korra aastas 30 aasta jooksul (5% kasvuga, et kohandada inflatsiooniga), v\u00f5i valida kohese \u00fchekordse v\u00e4ljamakse. Selline v\u00e4ljamakse oleks v\u00e4iksem, kui kogu jackpot&#8217;i summa. Igal juhul on v\u00f5imalik korraldada \u00fclekanne Eesti pangakontole.<\/p><h2 class=\"wp-block-heading\" id=\"h-kas-selline-interneti-teenus-on-seaduslik-eesti-m-ngijatele\">Kas selline interneti teenus on seaduslik Eesti m\u00e4ngijatele?<\/h2><p><!-- wp:image {\"align\":\"right\"--><\/p>\r\n<div class=\"wp-block-image\">\r\n<figure class=\"alignright\"><img loading=\"lazy\" decoding=\"async\" class=\"wp-image-4455\" src=\"https:\/\/content.redfoxlotto.com\/uploads\/sites\/9\/2_ticket_mega_millions.jpg\" alt=\"M\u00e4ngi Eestist \" width=\"223\" height=\"240\" \/><\/figure>\r\n<\/div>\r\n<p><!-- \/wp:post-content --><\/p>\r\n<p><!-- wp:paragraph --><\/p>\r\n<p>See on 100% seaduslik m\u00e4ngijatele k\u00f5ikidest riikidest, sealhulgas ka Eestis. P\u00f5him\u00f5tteliselt see oleks just nagu Te ostsite pileti Mega Millions loto jaoks Ameerikas viibides. Kuna Ameerika loteriipileteid v\u00f5ib m\u00fc\u00fcga iga\u00fchele, kes on \u00fcle 18. aasta vanad, v\u00f5ivad ka v\u00e4lismaalased seaduse j\u00e4rgi v\u00f5ita. Lisaks teeme me kindlaks, et Teile makstakse v\u00e4lja summa, mille olete v\u00f5itnud. Suuremate v\u00f5idusummade puhul (\u00fcle \u20ac2500), saadetakse Teile tavaliselt t\u0161ekk v\u00f5i panga\u00fclekanne.<\/p>\r\n<p><!-- \/wp:paragraph --><\/p>\r\n<p><!-- wp:paragraph --><\/p>\r\n<p>Kuid juhul kui v\u00f5idate jackpot&#8217;i, siis v\u00f5ib-olla peate te Ameerikasse reisima, kus Teile antakse t\u0161ekk \u00fcle isiklikult. Kindlasti oleks Teil hea meel ja r\u00f5\u00f5m see reis ette v\u00f5tta!<\/p>\r\n<p><!-- \/wp:paragraph --><\/p>\r\n<p><!-- wp:paragraph --><\/p>\r\n<p>Kas j\u00e4rgmine Mega Millions jackpot on Teile reserveeritud? Proovige oma \u00f5nne n\u00fc\u00fcd &#8211; Te ei saa v\u00f5ita ilma piletit ostmata!<\/p>\r\n<p><!-- \/wp:paragraph --><\/p>","protected":false},"excerpt":{"rendered":"","protected":false},"author":1,"featured_media":0,"parent":16827,"menu_order":2,"comment_status":"closed","ping_status":"closed","template":"megamillion.php","meta":{"_et_pb_use_builder":"","_et_pb_old_content":"","_et_gb_content_width":"","exclude_from_search":false,"footnotes":""},"class_list":["post-16830","page","type-page","status-publish","hentry"],"yoast_head":"<!-- This site is optimized with the Yoast SEO plugin v27.4 - https:\/\/yoast.com\/product\/yoast-seo-wordpress\/ -->\n<title>Mega Millions Rahvusvaheline Loterii Internetis Eestist<\/title>\n<meta name=\"description\" content=\"Tellige oma Mega Millions pilet siit - Eestist v\u00f5i kusagilt mujalt riigist!\" \/>\n<meta name=\"robots\" content=\"index, follow, max-snippet:-1, max-image-preview:large, max-video-preview:-1\" \/>\n<link rel=\"canonical\" href=\"https:\/\/redfoxlotto.com\/et\/lotteries\/mega-millions\/\" \/>\n<meta property=\"og:locale\" content=\"et_EE\" \/>\n<meta property=\"og:type\" content=\"article\" \/>\n<meta property=\"og:title\" content=\"Mega Millions Rahvusvaheline Loterii Internetis Eestist\" \/>\n<meta property=\"og:description\" content=\"Tellige oma Mega Millions pilet siit - Eestist v\u00f5i kusagilt mujalt riigist!\" \/>\n<meta property=\"og:url\" content=\"https:\/\/redfoxlotto.com\/lotteries\/mega-millions\/\" \/>\n<meta property=\"og:site_name\" content=\"Get Tickets for the World\u2019s largest jackpots\" \/>\n<meta property=\"article:modified_time\" content=\"2025-12-17T08:57:16+00:00\" \/>\n<meta property=\"og:image\" content=\"https:\/\/content.redfoxlotto.com\/uploads\/sites\/9\/1_play_mega_millions_jackpot.jpg\" \/>\n<meta name=\"twitter:card\" content=\"summary_large_image\" \/>\n<meta name=\"twitter:label1\" content=\"Est. reading time\" \/>\n\t<meta name=\"twitter:data1\" content=\"3 minutit\" \/>\n<script type=\"application\/ld+json\" class=\"yoast-schema-graph\">{\"@context\":\"https:\\\/\\\/schema.org\",\"@graph\":[{\"@type\":\"WebPage\",\"@id\":\"https:\\\/\\\/redfoxlotto.com\\\/et\\\/mangi\\\/mega-millions\\\/\",\"url\":\"https:\\\/\\\/redfoxlotto.com\\\/lotteries\\\/mega-millions\\\/\",\"name\":\"Mega Millions Rahvusvaheline Loterii Internetis Eestist\",\"isPartOf\":{\"@id\":\"https:\\\/\\\/redfoxlotto.com\\\/et\\\/#website\"},\"primaryImageOfPage\":{\"@id\":\"https:\\\/\\\/redfoxlotto.com\\\/lotteries\\\/mega-millions\\\/#primaryimage\"},\"image\":{\"@id\":\"https:\\\/\\\/redfoxlotto.com\\\/lotteries\\\/mega-millions\\\/#primaryimage\"},\"thumbnailUrl\":\"https:\\\/\\\/content.redfoxlotto.com\\\/uploads\\\/sites\\\/9\\\/1_play_mega_millions_jackpot.jpg\",\"datePublished\":\"2023-04-24T17:37:44+00:00\",\"dateModified\":\"2025-12-17T08:57:16+00:00\",\"description\":\"Tellige oma Mega Millions pilet siit - Eestist v\u00f5i kusagilt mujalt riigist!\",\"breadcrumb\":{\"@id\":\"https:\\\/\\\/redfoxlotto.com\\\/lotteries\\\/mega-millions\\\/#breadcrumb\"},\"inLanguage\":\"et\",\"potentialAction\":[{\"@type\":\"ReadAction\",\"target\":[\"https:\\\/\\\/redfoxlotto.com\\\/lotteries\\\/mega-millions\\\/\"]}]},{\"@type\":\"ImageObject\",\"inLanguage\":\"et\",\"@id\":\"https:\\\/\\\/redfoxlotto.com\\\/lotteries\\\/mega-millions\\\/#primaryimage\",\"url\":\"https:\\\/\\\/content.redfoxlotto.com\\\/uploads\\\/sites\\\/9\\\/1_play_mega_millions_jackpot.jpg\",\"contentUrl\":\"https:\\\/\\\/content.redfoxlotto.com\\\/uploads\\\/sites\\\/9\\\/1_play_mega_millions_jackpot.jpg\"},{\"@type\":\"BreadcrumbList\",\"@id\":\"https:\\\/\\\/redfoxlotto.com\\\/lotteries\\\/mega-millions\\\/#breadcrumb\",\"itemListElement\":[{\"@type\":\"ListItem\",\"position\":1,\"name\":\"Home\",\"item\":\"https:\\\/\\\/redfoxlotto.com\\\/et\\\/\"},{\"@type\":\"ListItem\",\"position\":2,\"name\":\"Kuidas m\u00e4ngida teiste riikide loteriid\",\"item\":\"https:\\\/\\\/redfoxlotto.com\\\/et\\\/mangi\\\/\"},{\"@type\":\"ListItem\",\"position\":3,\"name\":\"M\u00e4ngi Mega Millions US\"}]},{\"@type\":\"WebSite\",\"@id\":\"https:\\\/\\\/redfoxlotto.com\\\/et\\\/#website\",\"url\":\"https:\\\/\\\/redfoxlotto.com\\\/et\\\/\",\"name\":\"Get Tickets for the World\u2019s largest jackpots\",\"description\":\"Participate in worldwide lottery jackpots from any country\",\"publisher\":{\"@id\":\"https:\\\/\\\/redfoxlotto.com\\\/et\\\/#organization\"},\"potentialAction\":[{\"@type\":\"SearchAction\",\"target\":{\"@type\":\"EntryPoint\",\"urlTemplate\":\"https:\\\/\\\/redfoxlotto.com\\\/et\\\/?s={search_term_string}\"},\"query-input\":{\"@type\":\"PropertyValueSpecification\",\"valueRequired\":true,\"valueName\":\"search_term_string\"}}],\"inLanguage\":\"et\"},{\"@type\":\"Organization\",\"@id\":\"https:\\\/\\\/redfoxlotto.com\\\/et\\\/#organization\",\"name\":\"Get Tickets for the World\u2019s largest jackpots\",\"url\":\"https:\\\/\\\/redfoxlotto.com\\\/et\\\/\",\"logo\":{\"@type\":\"ImageObject\",\"inLanguage\":\"et\",\"@id\":\"https:\\\/\\\/redfoxlotto.com\\\/et\\\/#\\\/schema\\\/logo\\\/image\\\/\",\"url\":\"https:\\\/\\\/redfoxlotto.com\\\/wp-content\\\/uploads\\\/2023\\\/04\\\/logo.png\",\"contentUrl\":\"https:\\\/\\\/redfoxlotto.com\\\/wp-content\\\/uploads\\\/2023\\\/04\\\/logo.png\",\"width\":269,\"height\":53,\"caption\":\"Get Tickets for the World\u2019s largest jackpots\"},\"image\":{\"@id\":\"https:\\\/\\\/redfoxlotto.com\\\/et\\\/#\\\/schema\\\/logo\\\/image\\\/\"}}]}<\/script>\n<!-- \/ Yoast SEO plugin. -->","yoast_head_json":{"title":"Mega Millions Rahvusvaheline Loterii Internetis Eestist","description":"Tellige oma Mega Millions pilet siit - Eestist v\u00f5i kusagilt mujalt riigist!","robots":{"index":"index","follow":"follow","max-snippet":"max-snippet:-1","max-image-preview":"max-image-preview:large","max-video-preview":"max-video-preview:-1"},"canonical":"https:\/\/redfoxlotto.com\/et\/lotteries\/mega-millions\/","og_locale":"et_EE","og_type":"article","og_title":"Mega Millions Rahvusvaheline Loterii Internetis Eestist","og_description":"Tellige oma Mega Millions pilet siit - Eestist v\u00f5i kusagilt mujalt riigist!","og_url":"https:\/\/redfoxlotto.com\/lotteries\/mega-millions\/","og_site_name":"Get Tickets for the World\u2019s largest jackpots","article_modified_time":"2025-12-17T08:57:16+00:00","og_image":[{"url":"https:\/\/content.redfoxlotto.com\/uploads\/sites\/9\/1_play_mega_millions_jackpot.jpg","type":"","width":"","height":""}],"twitter_card":"summary_large_image","twitter_misc":{"Est. reading time":"3 minutit"},"schema":{"@context":"https:\/\/schema.org","@graph":[{"@type":"WebPage","@id":"https:\/\/redfoxlotto.com\/et\/mangi\/mega-millions\/","url":"https:\/\/redfoxlotto.com\/lotteries\/mega-millions\/","name":"Mega Millions Rahvusvaheline Loterii Internetis Eestist","isPartOf":{"@id":"https:\/\/redfoxlotto.com\/et\/#website"},"primaryImageOfPage":{"@id":"https:\/\/redfoxlotto.com\/lotteries\/mega-millions\/#primaryimage"},"image":{"@id":"https:\/\/redfoxlotto.com\/lotteries\/mega-millions\/#primaryimage"},"thumbnailUrl":"https:\/\/content.redfoxlotto.com\/uploads\/sites\/9\/1_play_mega_millions_jackpot.jpg","datePublished":"2023-04-24T17:37:44+00:00","dateModified":"2025-12-17T08:57:16+00:00","description":"Tellige oma Mega Millions pilet siit - Eestist v\u00f5i kusagilt mujalt riigist!","breadcrumb":{"@id":"https:\/\/redfoxlotto.com\/lotteries\/mega-millions\/#breadcrumb"},"inLanguage":"et","potentialAction":[{"@type":"ReadAction","target":["https:\/\/redfoxlotto.com\/lotteries\/mega-millions\/"]}]},{"@type":"ImageObject","inLanguage":"et","@id":"https:\/\/redfoxlotto.com\/lotteries\/mega-millions\/#primaryimage","url":"https:\/\/content.redfoxlotto.com\/uploads\/sites\/9\/1_play_mega_millions_jackpot.jpg","contentUrl":"https:\/\/content.redfoxlotto.com\/uploads\/sites\/9\/1_play_mega_millions_jackpot.jpg"},{"@type":"BreadcrumbList","@id":"https:\/\/redfoxlotto.com\/lotteries\/mega-millions\/#breadcrumb","itemListElement":[{"@type":"ListItem","position":1,"name":"Home","item":"https:\/\/redfoxlotto.com\/et\/"},{"@type":"ListItem","position":2,"name":"Kuidas m\u00e4ngida teiste riikide loteriid","item":"https:\/\/redfoxlotto.com\/et\/mangi\/"},{"@type":"ListItem","position":3,"name":"M\u00e4ngi Mega Millions US"}]},{"@type":"WebSite","@id":"https:\/\/redfoxlotto.com\/et\/#website","url":"https:\/\/redfoxlotto.com\/et\/","name":"Get Tickets for the World\u2019s largest jackpots","description":"Participate in worldwide lottery jackpots from any country","publisher":{"@id":"https:\/\/redfoxlotto.com\/et\/#organization"},"potentialAction":[{"@type":"SearchAction","target":{"@type":"EntryPoint","urlTemplate":"https:\/\/redfoxlotto.com\/et\/?s={search_term_string}"},"query-input":{"@type":"PropertyValueSpecification","valueRequired":true,"valueName":"search_term_string"}}],"inLanguage":"et"},{"@type":"Organization","@id":"https:\/\/redfoxlotto.com\/et\/#organization","name":"Get Tickets for the World\u2019s largest jackpots","url":"https:\/\/redfoxlotto.com\/et\/","logo":{"@type":"ImageObject","inLanguage":"et","@id":"https:\/\/redfoxlotto.com\/et\/#\/schema\/logo\/image\/","url":"https:\/\/redfoxlotto.com\/wp-content\/uploads\/2023\/04\/logo.png","contentUrl":"https:\/\/redfoxlotto.com\/wp-content\/uploads\/2023\/04\/logo.png","width":269,"height":53,"caption":"Get Tickets for the World\u2019s largest jackpots"},"image":{"@id":"https:\/\/redfoxlotto.com\/et\/#\/schema\/logo\/image\/"}}]}},"_links":{"self":[{"href":"https:\/\/redfoxlotto.com\/et\/wp-json\/wp\/v2\/pages\/16830","targetHints":{"allow":["GET"]}}],"collection":[{"href":"https:\/\/redfoxlotto.com\/et\/wp-json\/wp\/v2\/pages"}],"about":[{"href":"https:\/\/redfoxlotto.com\/et\/wp-json\/wp\/v2\/types\/page"}],"author":[{"embeddable":true,"href":"https:\/\/redfoxlotto.com\/et\/wp-json\/wp\/v2\/users\/1"}],"replies":[{"embeddable":true,"href":"https:\/\/redfoxlotto.com\/et\/wp-json\/wp\/v2\/comments?post=16830"}],"version-history":[{"count":0,"href":"https:\/\/redfoxlotto.com\/et\/wp-json\/wp\/v2\/pages\/16830\/revisions"}],"up":[{"embeddable":true,"href":"https:\/\/redfoxlotto.com\/et\/wp-json\/wp\/v2\/pages\/16827"}],"wp:attachment":[{"href":"https:\/\/redfoxlotto.com\/et\/wp-json\/wp\/v2\/media?parent=16830"}],"curies":[{"name":"wp","href":"https:\/\/api.w.org\/{rel}","templated":true}]}}