{"id":16829,"date":"2022-10-26T09:30:02","date_gmt":"2022-10-26T09:30:02","guid":{"rendered":"https:\/\/redfoxlotto.com\/?page_id=928"},"modified":"2025-12-17T07:23:55","modified_gmt":"2025-12-17T07:23:55","slug":"euromillions","status":"publish","type":"page","link":"https:\/\/redfoxlotto.com\/et\/mangi\/euromillions\/","title":{"rendered":"Kuidas m\u00e4ngida Euromillions&#8217;i Eestist"},"content":{"rendered":"<p><script type=\"application\/ld+json\">\n{\n  \"@context\": \"https:\/\/schema.org\",\n  \"@type\": \"Service\",\n  \"name\": \"M\u00e4ngi Euromillions Internetis\",\n  \"url\": \"https:\/\/redfoxlotto.com\/et\/mangi\/euromillions\/\",\n  \"description\": \"M\u00e4ngi Euromillions loteriid veebis, \u00fcksk\u00f5ik kust riigist. K\u00fclasta RedFoxLotto, vali oma numbrid ja saa piletid.\",\n  \"serviceType\": \"Online lottery ticket messenger service\",\n  \"provider\": {\n    \"@type\": \"Organization\",\n    \"name\": \"RedFoxLotto\",\n    \"url\": \"https:\/\/redfoxlotto.com\/et\/\",\n    \"image\": \"https:\/\/redfoxlotto.com\/wp-content\/uploads\/2025\/12\/ticket_scans.jpg\",\n    \"sameAs\": []\n  },\n  \"areaServed\": \"Worldwide\",\n  \"termsOfService\": \"https:\/\/redfoxlotto.com\/terms-and-conditions\",\n  \"additionalProperty\": {\n    \"@type\": \"PropertyValue\",\n    \"name\": \"FAQ\",\n    \"value\": \"https:\/\/redfoxlotto.com\/et\/faq\/\"\n  },\n  \"hasOfferCatalog\": {\n    \"@type\": \"OfferCatalog\",\n    \"name\": \"Euromillions Lotopiletid\",\n    \"itemListElement\": [\n      {\n        \"@type\": \"Offer\",\n        \"name\": \"Euromillions Piletid\",\n        \"url\": \"https:\/\/redfoxlotto.com\/et\/mangi\/euromillions\/\",\n        \"description\": \"Kl\u00f5psake siin, et valida numbrid j\u00e4rgmise Euromillions loosimise jaoks \u2013 tellige piletid veebis.\",\n        \"price\": \"7.00\",\n        \"priceCurrency\": \"EUR\",\n        \"availability\": \"https:\/\/schema.org\/InStock\",\n        \"itemOffered\": {\n          \"@type\": \"Service\",\n          \"name\": \"Euromillions Lotopiletid\",\n          \"description\": \"M\u00e4ngi j\u00e4rgmises Euromillions loosimises RedFoxLotto kaudu.\"\n        }\n      }\n    ]\n  },\n  \"mainEntityOfPage\": {\n    \"@type\": \"WebPage\",\n    \"@id\": \"https:\/\/redfoxlotto.com\/et\/mangi\/euromillions\/\"\n  }\n}\n<\/script><\/p>\n<p>Kas te olete tegelikult kunagi kuulnud EuroMillionsist? Kui elate m\u00f5nes Euroopa riigis, siis kindlasti olete. Aga kui elad Eestis, siis v\u00f5ib-olla mitte. Vaatame siis veidi l\u00e4hemalt, kuidas EuroMillions&#8217;i internetis m\u00e4ngida, eks ole?<\/p>\n<p>EuroMillions on rahvusvaheline loterii, mida saab m\u00e4ngida \u00fcheksas Euroopa riigis. See t\u00e4hendab, et sa v\u00f5id juba elada riigis, kust saad pileti osta. EuroMillions&#8217;i loteriipileteid ei saa aga osta teiste riikide kauplustest, sealhulgas ka Eestist.<\/p>\n<p>N\u00fc\u00fcd tahad sa kindlasti midagi teha, sest lisaks Eurojackpotile on EuroMillions Euroopa suurim loterii. Loterii asutati 2004. aastal ja seni on rekordiline jackpot 190 miljonit eurot. Selle v\u00f5itis \u00fcks tundmatu m\u00e4ngija 2014. aasta oktoobris. See on kindlasti midagi sellist, mida sa tahad v\u00e4hemalt proovida, eks ole?<\/p>\n<p><img loading=\"lazy\" decoding=\"async\" class=\"wp-image-4203 alignright\" src=\"https:\/\/content.redfoxlotto.com\/uploads\/sites\/9\/2_ticket_euromillions.jpg\" alt=\"euromillions online\" width=\"156\" height=\"416\" \/><\/p>\n<p>Kas sa tahad \u00f6elda, et oled peaaegu v\u00f5itnud EuroMillions&#8217;i? Noh, sellep\u00e4rast pead sa nende piletite kohta rohkem teada saama.<\/p>\n<p>EuroMillions loosimised toimuvad Pariisis teisip\u00e4eviti ja reedeti. Jackpoti v\u00f5itmiseks peab piletil olema \u00f5igesti m\u00e4rgitud 5 numbrit vahemikus 1 kuni 50, samuti &#8220;\u00f5nne t\u00e4rn&#8221;, mis on number vahemikus 1 kuni 12. Loomulikult on ka teisi v\u00f5iduastmeid. V\u00e4ikseima v\u00f5idu saamiseks tuleb 5 p\u00f5hinumbrist 2 numbrit \u00f5igesti m\u00e4rkida.<\/p>\n<p>K\u00f5ik see t\u00e4hendab, et sul on v\u00e4ga hea v\u00f5imalus midagi v\u00f5ita, sest auhinna v\u00f5itmiseks on vaja vaid 2 numbrit tabada. Ja kui sa v\u00f5idad isegi v\u00e4iksema auhinna, on sul raha, mida vajad uue pileti ostmiseks ja j\u00e4rgmise loosimise puhul uuesti proovimiseks.<\/p>\n<h2>Kuidas toimib piletite ostmine internetist Eestist?<\/h2>\n<p>Selleks, et osta pileteid ja m\u00e4ngida EuroMillions&#8217;i internetis Eestist, tuleb teil vaid kl\u00f5psata meie veebisaidil EuroMillions&#8217;ile. Sealt edasi juhatatakse teid otse l\u00e4bi sammud, mida te peate tegema, et pilet saada. Valite oma numbrid, mis tahes numbrid, mida soovite (kui need vastavad reeglitele). Saadaval on ka &#8220;Quick Pick&#8221; funktsioon.<\/p>\n<p>\u00dche hiireklikiga saate lasta juhusliku numbrigeneraatori abil oma numbrid kindlaks m\u00e4\u00e4rata. Kui soovite, v\u00f5ite k\u00e4sitsi muuta valitud numbreid, nii et saate oma valitud numbrite ja juhuslikult valitud numbrite kombinatsiooni. Seej\u00e4rel lisage oma ostukorvi nii palju pileteid, kui soovite, et oleksite valmis ostmiseks.<\/p>\n<p>Soovi korral saate oma tellimusele lisada veel pileteid. Teie tellimus v\u00f5ib sisaldada ka teiste loteriide pileteid. Paljud meie kliendid m\u00e4ngivad korraga mitut rahvusvahelist loteriis\u00fcndmust. Enamik inimesi valib oma loteriid praeguse jackpoti suuruse j\u00e4rgi ja sealt leiad t\u00f5en\u00e4oliselt ka EuroMillions&#8217;i. Kindlasti l\u00e4heb jackpotil tavaliselt v\u00e4ga h\u00e4sti ja seda tahate kindlasti ise n\u00e4ha (ja kaasa l\u00fc\u00fca).<\/p>\n<p>J\u00e4rgnevalt j\u00e4rgige meie veebisaidil olevaid juhiseid, et ostu l\u00f5pule viia ja internetis maksta. Saate oma pileti k\u00e4tte vaid m\u00f5ne minutiga, isegi kui teil ei ole veel meie juures kontot. Me t\u00f5esti teeme selle nii lihtsaks.<\/p>\n<h2>Rahvusvaheliste loteriide, nagu Euromillions, online m\u00e4ngimise eelised<\/h2>\n<p>Mugavus k\u00f5rvale j\u00e4ttes on siin \u00fcks peamisi rahvusvaheliste loteriide jackpotide m\u00e4ngimise eeliseid. Saate kasutada oma loteriiraha kasumlikumalt, ostes ainult nende loteriide pileteid, mille jackpotid on hetkel piisavalt suured. Te ei pea n\u00e4dalaid ootama, kuni riiklik loterii jackpot on teie riigis piisavalt k\u00f5rge. V\u00f5ite valida palju suurema jackpoti internetis p\u00f5him\u00f5tteliselt igal ajal. Tegelikult on enamikus maailma riikides loteriid, mis ei j\u00f5ua kunagi jackpotini, mis on isegi murdosa sellest, mis on maailma suurimatel loteriidel.<\/p>\n<p>Neile, kes t\u00f5esti tahavad saada m\u00f5ned suurimad auhinnad, mis on kindlasti parim osa k\u00f5igist. Sa tahad pigem v\u00f5imalust saada miljonid kui lihtsalt m\u00f5ned v\u00e4ikesed summad, millest paljud Eesti loteriid algavad. Muidugi, v\u00f5ita on tore. Aga veelgi toredam on v\u00f5ita, kui sa saad midagi, mis t\u00f5esti muudab sinu elu, selle asemel, et v\u00f5ita midagi, millega sa lihtsalt ostad endale j\u00e4rgmise pileti, mida sa tahad.<\/p>\n<p>T\u00e4nu sellele, et iga n\u00e4dal toimub kaks loosimist, suureneb EuroMillions&#8217;i jackpot \u00fcsna kiiresti. Seet\u00f5ttu v\u00f5iksite kaaluda v\u00f5imaluse aktiveerimist, et teie piletid osaleksid mitmes j\u00e4rjestikuses loosimises. Seda saab teha veebip\u00f5hise ostu sooritamise k\u00e4igus.<\/p>\n<p><img loading=\"lazy\" decoding=\"async\" class=\"alignright size-full wp-image-4215\" src=\"https:\/\/content.redfoxlotto.com\/uploads\/sites\/9\/1_play_onlinelottery4.jpg\" alt=\"m\u00e4ngi online\" width=\"231\" height=\"130\" \/><\/p>\n<p>See v\u00f5imalus on teile k\u00e4ttesaadav enne tellimuse l\u00f5petamist. Nii j\u00e4\u00e4te alati m\u00e4ngima j\u00e4rgmises loosimises j\u00e4rgmise k\u00f5rgeima jackpotiga. J\u00e4rgmisel loosimisel ei pruugi olla peaauhinna v\u00f5itjat, kuid v\u00f5ib-olla on \u00fclej\u00e4rgmine loosimine teie \u00f5nnelik juhus.<\/p>\n<p>Kui ostate \u00fche pileti eest lisaloosimisi, t\u00e4hendab see ka seda, et te ei pea veidi kauem muretsema, kas te saate veel pileteid. Sa v\u00f5id lihtsalt oodata ja vaadata, mida su praegune pilet teeb ja kuidas see sulle suure v\u00f5idu teeb. See on super lihtne ja see saab sind rohkem kui \u00f5nnelikuks, kui n\u00e4ed v\u00f5imalikku v\u00e4ljamakseid.<\/p>\n<p>M\u00e4ngijad maksavad veidi rohkem, sest EuroMillions&#8217;i piletid ostetakse \u00dchendkuningriigis. Selle p\u00f5hjuseks on asjaolu, et \u00dchendkuningriigi piletid osalevad automaatselt Millionaire Maker&#8217;i loosimises, mis annab lisav\u00f5imaluse v\u00f5ita 1 miljon naela.<\/p>\n<p>Millionaire Maker t\u00f6\u00f6tab, genereerides iga ostetud pileti jaoks unikaalse koodi. See kood koosneb neljast t\u00e4hest, millele j\u00e4rgneb viis numbrit (nt ABCD12345). Igal loosimisel valitakse juhuslikult \u00fcks v\u00f5i mitu sellist koodi ning piletiomanik, kelle kood vastab, v\u00f5idab kohe 1 miljon naela, olenemata EuroMillions&#8217;i p\u00f5hinumbritest, mis on loositud.<\/p>\n<p>See funktsioon muudab EuroMillions&#8217;i m\u00e4ngimise \u00dchendkuningriigis eriti atraktiivseks, sest see annab lisav\u00f5imaluse v\u00f5ita m\u00e4rkimisv\u00e4\u00e4rne auhind lisaks tavap\u00e4rasele jackpotile ja madalama taseme auhindadele.<\/p>\n<p>Nii et kui teie kohaliku loterii jackpot Eestis ei ole praegu nii atraktiivne, siis miks mitte proovida oma \u00f5nne ja m\u00e4ngida EuroMillions&#8217;i internetis? Kunagi ei tea, mille nimel v\u00f5id v\u00f5istelda v\u00f5i mida v\u00f5id v\u00f5ita. Ja kogu protsess on super lihtne alustada. Mida sul on kaotada, kui proovid t\u00e4iesti uut m\u00e4ngu, mille jackpotid ulatuvad \u00fcle 100 miljoni? Absoluutselt mitte midagi! Ja sa v\u00f5id j\u00e4rgmisel loosimisel v\u00f5ita midagi tohutut.<\/p>\n<section class=\"layout\" style=\"border: solid 1px; width: 100%;\">\n<div class=\"img-div\" style=\"margin-top: 5px;\"><img decoding=\"async\" class=\"wp-image-17212 alignleft\" style=\"height: 45px; margin: 8px 8px 0px;\" src=\"https:\/\/redfoxlotto.com\/wp-content\/uploads\/sites\/9\/read1.jpg\" alt=\"osta loterii online\" width=\"\" height=\"\" \/><\/div>\n<div style=\"padding-left: 5px;\">\n<div style=\"font-size: 1.1em;\">\n<p><strong>Suurimad loterii jackpotid, mis tegid ajalugu<\/strong><\/p>\n<p style=\"font-size: 0.8em; margin-top: .5em;\">Tea m\u00f5nedest ajaloo suurimatest loteriiv\u00f5itudest, mis muutsid v\u00f5itjate elu \u00fcle\u00f6\u00f6.<a href=\"https:\/\/redfoxlotto.com\/et\/largest-lottery-jackpots\/\">Loe edasi<\/a><\/p>\n<\/div>\n<\/div>\n<\/section>\n","protected":false},"excerpt":{"rendered":"<p>Kas te olete tegelikult kunagi kuulnud EuroMillionsist? Kui elate m\u00f5nes Euroopa riigis, siis kindlasti olete. Aga kui elad Eestis, siis v\u00f5ib-olla mitte. Vaatame siis veidi l\u00e4hemalt, kuidas EuroMillions&#8217;i internetis m\u00e4ngida, eks ole? EuroMillions on rahvusvaheline loterii, mida saab m\u00e4ngida \u00fcheksas Euroopa riigis. See t\u00e4hendab, et sa v\u00f5id juba elada riigis, kust saad pileti osta. EuroMillions&#8217;i [&hellip;]<\/p>\n","protected":false},"author":1,"featured_media":0,"parent":16827,"menu_order":3,"comment_status":"closed","ping_status":"closed","template":"euromillions.php","meta":{"_et_pb_use_builder":"","_et_pb_old_content":"","_et_gb_content_width":"","exclude_from_search":false,"footnotes":""},"class_list":["post-16829","page","type-page","status-publish","hentry"],"yoast_head":"<!-- This site is optimized with the Yoast SEO plugin v23.8 - https:\/\/yoast.com\/wordpress\/plugins\/seo\/ -->\n<title>M\u00e4ngi Euromillions online Eestist | Euroopa suurim loterii<\/title>\n<meta name=\"description\" content=\"Loto f\u00e4nnid Eestist saavad n\u00fc\u00fcd Euromillions online m\u00e4ngida - vaadake meie teenust Euromillions piletite jaoks\" \/>\n<meta name=\"robots\" content=\"index, follow, max-snippet:-1, max-image-preview:large, max-video-preview:-1\" \/>\n<link rel=\"canonical\" href=\"https:\/\/redfoxlotto.com\/et\/mangi\/euromillions\/\" \/>\n<meta property=\"og:locale\" content=\"et_EE\" \/>\n<meta property=\"og:type\" content=\"article\" \/>\n<meta property=\"og:title\" content=\"M\u00e4ngi Euromillions online Eestist | Euroopa suurim loterii\" \/>\n<meta property=\"og:description\" content=\"Loto f\u00e4nnid Eestist saavad n\u00fc\u00fcd Euromillions online m\u00e4ngida - vaadake meie teenust Euromillions piletite jaoks\" \/>\n<meta property=\"og:url\" content=\"https:\/\/redfoxlotto.com\/et\/mangi\/euromillions\/\" \/>\n<meta property=\"og:site_name\" content=\"Get Tickets for the World\u2019s largest jackpots\" \/>\n<meta property=\"article:modified_time\" content=\"2025-12-17T07:23:55+00:00\" \/>\n<meta property=\"og:image\" content=\"https:\/\/content.redfoxlotto.com\/uploads\/sites\/9\/2_ticket_euromillions.jpg\" \/>\n<meta name=\"twitter:card\" content=\"summary_large_image\" \/>\n<meta name=\"twitter:label1\" content=\"Est. reading time\" \/>\n\t<meta name=\"twitter:data1\" content=\"5 minutit\" \/>\n<script type=\"application\/ld+json\" class=\"yoast-schema-graph\">{\"@context\":\"https:\/\/schema.org\",\"@graph\":[{\"@type\":\"WebPage\",\"@id\":\"https:\/\/redfoxlotto.com\/et\/mangi\/euromillions\/\",\"url\":\"https:\/\/redfoxlotto.com\/et\/mangi\/euromillions\/\",\"name\":\"M\u00e4ngi Euromillions online Eestist | Euroopa suurim loterii\",\"isPartOf\":{\"@id\":\"https:\/\/redfoxlotto.com\/et\/#website\"},\"primaryImageOfPage\":{\"@id\":\"https:\/\/redfoxlotto.com\/et\/mangi\/euromillions\/#primaryimage\"},\"image\":{\"@id\":\"https:\/\/redfoxlotto.com\/et\/mangi\/euromillions\/#primaryimage\"},\"thumbnailUrl\":\"https:\/\/content.redfoxlotto.com\/uploads\/sites\/9\/2_ticket_euromillions.jpg\",\"datePublished\":\"2022-10-26T09:30:02+00:00\",\"dateModified\":\"2025-12-17T07:23:55+00:00\",\"description\":\"Loto f\u00e4nnid Eestist saavad n\u00fc\u00fcd Euromillions online m\u00e4ngida - vaadake meie teenust Euromillions piletite jaoks\",\"breadcrumb\":{\"@id\":\"https:\/\/redfoxlotto.com\/et\/mangi\/euromillions\/#breadcrumb\"},\"inLanguage\":\"et\",\"potentialAction\":[{\"@type\":\"ReadAction\",\"target\":[\"https:\/\/redfoxlotto.com\/et\/mangi\/euromillions\/\"]}]},{\"@type\":\"ImageObject\",\"inLanguage\":\"et\",\"@id\":\"https:\/\/redfoxlotto.com\/et\/mangi\/euromillions\/#primaryimage\",\"url\":\"https:\/\/content.redfoxlotto.com\/uploads\/sites\/9\/2_ticket_euromillions.jpg\",\"contentUrl\":\"https:\/\/content.redfoxlotto.com\/uploads\/sites\/9\/2_ticket_euromillions.jpg\"},{\"@type\":\"BreadcrumbList\",\"@id\":\"https:\/\/redfoxlotto.com\/et\/mangi\/euromillions\/#breadcrumb\",\"itemListElement\":[{\"@type\":\"ListItem\",\"position\":1,\"name\":\"Home\",\"item\":\"https:\/\/redfoxlotto.com\/et\/\"},{\"@type\":\"ListItem\",\"position\":2,\"name\":\"Kuidas m\u00e4ngida teiste riikide loteriid\",\"item\":\"https:\/\/redfoxlotto.com\/et\/mangi\/\"},{\"@type\":\"ListItem\",\"position\":3,\"name\":\"Kuidas m\u00e4ngida Euromillions&#8217;i Eestist\"}]},{\"@type\":\"WebSite\",\"@id\":\"https:\/\/redfoxlotto.com\/et\/#website\",\"url\":\"https:\/\/redfoxlotto.com\/et\/\",\"name\":\"Get Tickets for the World\u2019s largest jackpots\",\"description\":\"Participate in worldwide lottery jackpots from any country\",\"publisher\":{\"@id\":\"https:\/\/redfoxlotto.com\/et\/#organization\"},\"potentialAction\":[{\"@type\":\"SearchAction\",\"target\":{\"@type\":\"EntryPoint\",\"urlTemplate\":\"https:\/\/redfoxlotto.com\/et\/?s={search_term_string}\"},\"query-input\":{\"@type\":\"PropertyValueSpecification\",\"valueRequired\":true,\"valueName\":\"search_term_string\"}}],\"inLanguage\":\"et\"},{\"@type\":\"Organization\",\"@id\":\"https:\/\/redfoxlotto.com\/et\/#organization\",\"name\":\"Get Tickets for the World\u2019s largest jackpots\",\"url\":\"https:\/\/redfoxlotto.com\/et\/\",\"logo\":{\"@type\":\"ImageObject\",\"inLanguage\":\"et\",\"@id\":\"https:\/\/redfoxlotto.com\/et\/#\/schema\/logo\/image\/\",\"url\":\"https:\/\/redfoxlotto.com\/wp-content\/uploads\/2023\/04\/logo.png\",\"contentUrl\":\"https:\/\/redfoxlotto.com\/wp-content\/uploads\/2023\/04\/logo.png\",\"width\":269,\"height\":53,\"caption\":\"Get Tickets for the World\u2019s largest jackpots\"},\"image\":{\"@id\":\"https:\/\/redfoxlotto.com\/et\/#\/schema\/logo\/image\/\"}}]}<\/script>\n<!-- \/ Yoast SEO plugin. -->","yoast_head_json":{"title":"M\u00e4ngi Euromillions online Eestist | Euroopa suurim loterii","description":"Loto f\u00e4nnid Eestist saavad n\u00fc\u00fcd Euromillions online m\u00e4ngida - vaadake meie teenust Euromillions piletite jaoks","robots":{"index":"index","follow":"follow","max-snippet":"max-snippet:-1","max-image-preview":"max-image-preview:large","max-video-preview":"max-video-preview:-1"},"canonical":"https:\/\/redfoxlotto.com\/et\/mangi\/euromillions\/","og_locale":"et_EE","og_type":"article","og_title":"M\u00e4ngi Euromillions online Eestist | Euroopa suurim loterii","og_description":"Loto f\u00e4nnid Eestist saavad n\u00fc\u00fcd Euromillions online m\u00e4ngida - vaadake meie teenust Euromillions piletite jaoks","og_url":"https:\/\/redfoxlotto.com\/et\/mangi\/euromillions\/","og_site_name":"Get Tickets for the World\u2019s largest jackpots","article_modified_time":"2025-12-17T07:23:55+00:00","og_image":[{"url":"https:\/\/content.redfoxlotto.com\/uploads\/sites\/9\/2_ticket_euromillions.jpg"}],"twitter_card":"summary_large_image","twitter_misc":{"Est. reading time":"5 minutit"},"schema":{"@context":"https:\/\/schema.org","@graph":[{"@type":"WebPage","@id":"https:\/\/redfoxlotto.com\/et\/mangi\/euromillions\/","url":"https:\/\/redfoxlotto.com\/et\/mangi\/euromillions\/","name":"M\u00e4ngi Euromillions online Eestist | Euroopa suurim loterii","isPartOf":{"@id":"https:\/\/redfoxlotto.com\/et\/#website"},"primaryImageOfPage":{"@id":"https:\/\/redfoxlotto.com\/et\/mangi\/euromillions\/#primaryimage"},"image":{"@id":"https:\/\/redfoxlotto.com\/et\/mangi\/euromillions\/#primaryimage"},"thumbnailUrl":"https:\/\/content.redfoxlotto.com\/uploads\/sites\/9\/2_ticket_euromillions.jpg","datePublished":"2022-10-26T09:30:02+00:00","dateModified":"2025-12-17T07:23:55+00:00","description":"Loto f\u00e4nnid Eestist saavad n\u00fc\u00fcd Euromillions online m\u00e4ngida - vaadake meie teenust Euromillions piletite jaoks","breadcrumb":{"@id":"https:\/\/redfoxlotto.com\/et\/mangi\/euromillions\/#breadcrumb"},"inLanguage":"et","potentialAction":[{"@type":"ReadAction","target":["https:\/\/redfoxlotto.com\/et\/mangi\/euromillions\/"]}]},{"@type":"ImageObject","inLanguage":"et","@id":"https:\/\/redfoxlotto.com\/et\/mangi\/euromillions\/#primaryimage","url":"https:\/\/content.redfoxlotto.com\/uploads\/sites\/9\/2_ticket_euromillions.jpg","contentUrl":"https:\/\/content.redfoxlotto.com\/uploads\/sites\/9\/2_ticket_euromillions.jpg"},{"@type":"BreadcrumbList","@id":"https:\/\/redfoxlotto.com\/et\/mangi\/euromillions\/#breadcrumb","itemListElement":[{"@type":"ListItem","position":1,"name":"Home","item":"https:\/\/redfoxlotto.com\/et\/"},{"@type":"ListItem","position":2,"name":"Kuidas m\u00e4ngida teiste riikide loteriid","item":"https:\/\/redfoxlotto.com\/et\/mangi\/"},{"@type":"ListItem","position":3,"name":"Kuidas m\u00e4ngida Euromillions&#8217;i Eestist"}]},{"@type":"WebSite","@id":"https:\/\/redfoxlotto.com\/et\/#website","url":"https:\/\/redfoxlotto.com\/et\/","name":"Get Tickets for the World\u2019s largest jackpots","description":"Participate in worldwide lottery jackpots from any country","publisher":{"@id":"https:\/\/redfoxlotto.com\/et\/#organization"},"potentialAction":[{"@type":"SearchAction","target":{"@type":"EntryPoint","urlTemplate":"https:\/\/redfoxlotto.com\/et\/?s={search_term_string}"},"query-input":{"@type":"PropertyValueSpecification","valueRequired":true,"valueName":"search_term_string"}}],"inLanguage":"et"},{"@type":"Organization","@id":"https:\/\/redfoxlotto.com\/et\/#organization","name":"Get Tickets for the World\u2019s largest jackpots","url":"https:\/\/redfoxlotto.com\/et\/","logo":{"@type":"ImageObject","inLanguage":"et","@id":"https:\/\/redfoxlotto.com\/et\/#\/schema\/logo\/image\/","url":"https:\/\/redfoxlotto.com\/wp-content\/uploads\/2023\/04\/logo.png","contentUrl":"https:\/\/redfoxlotto.com\/wp-content\/uploads\/2023\/04\/logo.png","width":269,"height":53,"caption":"Get Tickets for the World\u2019s largest jackpots"},"image":{"@id":"https:\/\/redfoxlotto.com\/et\/#\/schema\/logo\/image\/"}}]}},"_links":{"self":[{"href":"https:\/\/redfoxlotto.com\/et\/wp-json\/wp\/v2\/pages\/16829","targetHints":{"allow":["GET"]}}],"collection":[{"href":"https:\/\/redfoxlotto.com\/et\/wp-json\/wp\/v2\/pages"}],"about":[{"href":"https:\/\/redfoxlotto.com\/et\/wp-json\/wp\/v2\/types\/page"}],"author":[{"embeddable":true,"href":"https:\/\/redfoxlotto.com\/et\/wp-json\/wp\/v2\/users\/1"}],"replies":[{"embeddable":true,"href":"https:\/\/redfoxlotto.com\/et\/wp-json\/wp\/v2\/comments?post=16829"}],"version-history":[{"count":0,"href":"https:\/\/redfoxlotto.com\/et\/wp-json\/wp\/v2\/pages\/16829\/revisions"}],"up":[{"embeddable":true,"href":"https:\/\/redfoxlotto.com\/et\/wp-json\/wp\/v2\/pages\/16827"}],"wp:attachment":[{"href":"https:\/\/redfoxlotto.com\/et\/wp-json\/wp\/v2\/media?parent=16829"}],"curies":[{"name":"wp","href":"https:\/\/api.w.org\/{rel}","templated":true}]}}