{"id":16828,"date":"2023-04-24T17:44:36","date_gmt":"2023-04-24T17:44:36","guid":{"rendered":"https:\/\/redfoxlotto.com\/?page_id=926"},"modified":"2025-12-16T14:06:29","modified_gmt":"2025-12-16T14:06:29","slug":"eurojackpot","status":"publish","type":"page","link":"https:\/\/redfoxlotto.com\/et\/mangi\/eurojackpot\/","title":{"rendered":"M\u00e4ngige Eurojackpot Loteriid Internetis"},"content":{"rendered":"<script type=\"application\/ld+json\">\r\n{\r\n  \"@context\": \"https:\/\/schema.org\",\r\n  \"@type\": \"Service\",\r\n  \"name\": \"M\u00e4ngi Eurojackpoti online\",\r\n  \"url\": \"https:\/\/redfoxlotto.com\/et\/mangi\/eurojackpot\/\",\r\n  \"description\": \"M\u00e4ngi Eurojackpoti loteriid internetis \u00fcksk\u00f5ik millisest riigist. K\u00fclasta RedFoxLotto, vali oma numbrid ja saa oma piletid.\",\r\n  \"serviceType\": \"Online-loteriipiletite vahendusteenus\",\r\n  \"provider\": {\r\n    \"@type\": \"Organization\",\r\n    \"name\": \"RedFoxLotto\",\r\n    \"url\": \"https:\/\/redfoxlotto.com\/et\/\",\r\n    \"image\": \"https:\/\/redfoxlotto.com\/wp-content\/uploads\/2025\/12\/ticket_scans.jpg\",\r\n    \"sameAs\": []\r\n  },\r\n  \"areaServed\": \"Worldwide\",\r\n  \"termsOfService\": \"https:\/\/redfoxlotto.com\/terms-and-conditions\",\r\n  \"additionalProperty\": {\r\n    \"@type\": \"PropertyValue\",\r\n    \"name\": \"FAQ\",\r\n    \"value\": \"https:\/\/redfoxlotto.com\/et\/faq\/\"\r\n  },\r\n  \"hasOfferCatalog\": {\r\n    \"@type\": \"OfferCatalog\",\r\n    \"name\": \"Eurojackpoti loteriipiletid\",\r\n    \"itemListElement\": [\r\n      {\r\n        \"@type\": \"Offer\",\r\n        \"name\": \"Eurojackpoti piletid\",\r\n        \"url\": \"https:\/\/redfoxlotto.com\/et\/mangi\/eurojackpot\/\",\r\n        \"description\": \"Kl\u00f5psa siia, et valida oma numbrid j\u00e4rgmiseks Eurojackpoti loosimiseks \u2013 telli piletid veebis.\",\r\n        \"price\": 6.00,\r\n        \"priceCurrency\": \"EUR\",\r\n        \"availability\": \"https:\/\/schema.org\/InStock\",\r\n        \"itemOffered\": {\r\n          \"@type\": \"Service\",\r\n          \"name\": \"Eurojackpoti loteriipiletid\",\r\n          \"description\": \"Osale j\u00e4rgmises Eurojackpoti loosimises RedFoxLotto kaudu.\"\r\n        }\r\n      }\r\n    ]\r\n  },\r\n  \"mainEntityOfPage\": {\r\n    \"@type\": \"WebPage\",\r\n    \"@id\": \"https:\/\/redfoxlotto.com\/et\/mangi\/eurojackpot\/\"\r\n  }\r\n}\r\n<\/script>\r\n\r\n<p><!--more--><\/p><p>Te olete ehk kuulnud Eurojackpot Lotto&#8217;st, hoolimata sellest, kas elate Euroopa riigis kus seda m\u00e4ngitakse v\u00f5i mitte. See on loterii, mis algas 2012. aastal ning millest v\u00f5tab osa 19 Euroopa riiki. Kuid kui Te elate Eestis, v\u00f5i mistahes muus riigis, mis ei ole osaliste nimekirjas, siis ei pruugi olla viisi kuidas osta Eurojackpot piletit traditsioonilisel viisil.<\/p><p>See t\u00e4hendab, et ainult m\u00f5nda aega tagasi polnud Teil tegelikult v\u00f5imalust seda m\u00e4ngida, ja see ei anna kindlasti ligip\u00e4\u00e4su selle uuele jackpot&#8217;ile, eks? Meil on head uudised &#8211; n\u00fc\u00fcd v\u00f5ite m\u00e4ngida Eurojackpot&#8217;i internetis.<\/p><h2 class=\"wp-block-heading\" id=\"h-internet-t-ttab-appi\">Internet t\u00f5ttab appi<\/h2><p>&lt;img class=&#8221;size-full wp-image alignright&#8221; src=&#8221;https:\/\/content.redfoxlotto.com\/uploads\/sites\/9\/2_ticket_eurojackpot1.jpg&#8221; alt=&#8221;Eurojackpot m\u00e4ngib v\u00f5rgus&#8221;<\/p><p><br \/>Lahendust lotof\u00e4nnidele Eestis ja mujalt pakub meie interneti veebisait. Nagu ka Eurojackpot, me anname Teile ligip\u00e4\u00e4su mitmetele rahvusvahelistele loteriidele. Me pakume kullerteenust loteriipiletite jaoks loteriidele, millel on \u00fcle maailma suurimad jackpot&#8217;id. Enamus, kui mitte k\u00f5ik need loteriid poleks muidu Teile k\u00e4ttesaadaval, kuid meie oleme selle eest hoolt kandnud!<\/p><h2 class=\"wp-block-heading\" id=\"h-miks-m-ngida-eurojackpot-i\">Miks m\u00e4ngida Eurojackpot&#8217;i?<\/h2><p>Kokkuv\u00f5ttes me teame, et Eesti inimesed tahavad t\u00f5esti v\u00f5imalust m\u00e4ngida ja v\u00f5ita neid suuri jackpot&#8217;e selle asemel, et olla piiratud ainult kohalike riiklike loteriim\u00e4ngude jackpot&#8217;idega.<\/p><p>K\u00f5ik, mida peate tegema, on valima meie loteriinimekirja seast. Meil on k\u00e4ttesaadaval m\u00f5ned k\u00f5ige populaarsemad valikud \u00fcle maailma. Sellisel viisil v\u00f5ite vaadata ning n\u00e4ha, mida iga neist pakub ja seej\u00e4rel otsustada, millised k\u00f5ige rohkem Teile huvi pakuvad.<\/p><p>Seej\u00e4rel valite numbrid manuaalselt v\u00f5i lasete meie juhuslike numbrite generaatoril need Teie jaoks v\u00e4lja valida (&#8220;Quick Pick&#8221; funktsioon). Te v\u00f5ite isegi kombineerida need kaks varianti, valides m\u00f5ned numbrid ja seej\u00e4rel lisada \u00fclej\u00e4\u00e4nud juhuslikult, lisades mistahes muud numbrid, et t\u00e4ita oma piletid. Sellisel moel v\u00f5ite kasutada osasid numbreid, mida soovite ning siiski t\u00e4ita kaart kui ei tea k\u00f5iki numbreid mida tahate.<\/p><p>Lisage soovi korral rohkem pileteid, segage erinevaid loteriisid. See aitab parandada oma v\u00f5imalusi, sest m\u00e4ngite mitmeid erinevaid m\u00e4nge samaaegselt. Te v\u00f5ite teha isegi sama mida paljud meie teised kliendid, ning m\u00e4ngida sama numbri kombinatsiooni mitmetes erinevates loteriides.<\/p><p>M\u00f5nede jaoks tundub see suurep\u00e4rane viis parandada oma v\u00f5imalusi, sest need numbrid lihtsalt peavad mingi hetk v\u00f5itma, eks ju? Peab ju olema viis, et need numbrid v\u00f5idaksid?<\/p><p>Kord kui olete saanud k\u00f5ik oma soovitud piletid, siis v\u00f5ite kasutada \u00fcksk\u00f5ik millist maksemeetodit meie paljude valikute seast, et piletite eest maksta. Valikusse kuuluvad mitmed variandid, mille seast valida.<\/p><p>\u00c4rge unustage m\u00e4\u00e4rata, mitmes loosis Te soovite osaleda. See on oluline seet\u00f5ttu, et hetkelisel jackpot&#8217;il ei pruugi j\u00e4rgmises loosis olla v\u00f5itjat. Te ei taha ju j\u00e4\u00e4da ilma v\u00f5imalusest v\u00f5ita veelgi rohkem j\u00e4rgmises loosis?<\/p><h2 class=\"wp-block-heading\">Mis seej\u00e4rel juhtub?<\/h2><p><img decoding=\"async\" class=\"size-full wp-image alignright\" src=\"https:\/\/content.redfoxlotto.com\/uploads\/sites\/9\/1_play_eurojackpot.jpg\" alt=\"v\u00f5ida Eurojackpot\" \/><\/p><p>Tegelikult on Eurojackpot&#8217;i m\u00e4ngimine internetis \u00fcsna lihtne. Meil on v\u00f5rgustik agentidega, kes otavad loteriipiletid Teie poolt t\u00e4psustatud informatsiooniga. Meie kliendikontol RedFoxLotto.com&#8217;is on Teil v\u00f5imalik n\u00e4ha oma ostu kinnitust. Loomulikult saate Te meilt ka kinnituse e-posti teel. See t\u00e4hendab, et v\u00f5ite olla kindlad, et k\u00f5ik l\u00e4heb just nii, nagu olete plaaninud ning Teie piletid on valmis ja ootavad m\u00e4ngu loosimist.<\/p><p>Ning Te saate e-kirja m\u00e4rguande kui Teie piletid on v\u00f5itnud. Seni kuni Teie v\u00f5idud pole \u00fcle summa \u20ac2,500, krediteeritakse Teie kliendikonto koheselt. Te v\u00f5ite saada v\u00e4lja makse mistahes konto kaudu, mille olete valinud, v\u00f5i kasutada fonde, et osta j\u00e4rgmiseid pileteid. See muudab v\u00e4ga lihtsaks teha oma enda valik. Suuremate v\u00f5idusummade puhul v\u00f5tab meie tugimeeskond Teiega \u00fchendust ja korraldab Teile otsese v\u00e4ljamakse.<\/p><h2 class=\"wp-block-heading\">Eurojackpot&#8217;i m\u00e4ngimise spetsifikatsioonid<\/h2><p>N\u00fc\u00fcd kui Te hakkate m\u00e4ngima Eurojackpot&#8217;i Eestist, siis on Teil vaja teada, kuidas seda teha. See on \u00fcsna lihtne. Teie piletil on Teil vaja valida viis numbrit vahemikus 1 ja 50, pluss 2 numbrit vahemikus 1 ja 12. Jackpot algab minimaalselt \u20ac 10 miljoni summast. \u00dches asjas on see loterii v\u00e4ga erinev enamus teistest. Kord kui jackpot k\u00fc\u00fcndib \u20ac 120 miljoni summani, siis pannakse sellele piir.<\/p><p>See t\u00e4hendab, et kogu raha, mis muidu lisatakse jackpot&#8217;ile, lisatakse teise taseme v\u00f5idu summale. Selleks, et seda v\u00f5ita, peab Teil olema ainult 5 pluss 1 number oma piletil. Teie v\u00f5iduv\u00f5imalused seda auhinda v\u00f5ita on loomulikult 12 korda paremad v\u00f5rreldes jackpot&#8217;i v\u00f5itmisega 5 pluss 2 numbriga!<\/p><p>See t\u00e4hendab, et kui jackpot j\u00f5uab maksimaalse summani, siis on Teil teine v\u00f5imalus v\u00f5ita suurt jackpot&#8217;i. Teise koha auhinda on lihtsam v\u00f5ita ning selle v\u00f5idusumma numbrid hakkavad kasvama. See parandab kindlasti Teie v\u00f5iduv\u00f5imalusi v\u00f5ita suur summa, kas pole?<\/p><p>Ja see t\u00e4hendab, et isegi kui jackpot on veidi v\u00e4iksem kui selle summat on piiratud, siis v\u00f5ib Teil olla siiski soov osta \u00fcks nende pilet, sest Teil on suurep\u00e4rane v\u00f5imalus j\u00f5uda sellega kuhugi pikemas perspektiivis kui Te ostate Eurojackpot pileti internetist.<\/p><p>Alustage rahvusvahelise loterii m\u00e4ngimist n\u00fc\u00fcd &#8211; ostke Eurojackpot piletid t\u00e4na!<\/p>","protected":false},"excerpt":{"rendered":"","protected":false},"author":1,"featured_media":0,"parent":16827,"menu_order":4,"comment_status":"closed","ping_status":"closed","template":"eurojackpot.php","meta":{"_et_pb_use_builder":"","_et_pb_old_content":"","_et_gb_content_width":"","exclude_from_search":false,"footnotes":""},"class_list":["post-16828","page","type-page","status-publish","hentry"],"yoast_head":"<!-- This site is optimized with the Yoast SEO plugin v23.8 - https:\/\/yoast.com\/wordpress\/plugins\/seo\/ -->\n<title>Eurojackpot Loterii internetis - m\u00e4ngi Eestist<\/title>\n<meta name=\"description\" content=\"Saa ligip\u00e4\u00e4s Eurojackpot&#039;ile n\u00fc\u00fcd - hoolimata millisest riigis Te olete, m\u00e4ngige rahvusvahelist loteriid internetis Eestist\" \/>\n<meta name=\"robots\" content=\"index, follow, max-snippet:-1, max-image-preview:large, max-video-preview:-1\" \/>\n<link rel=\"canonical\" href=\"https:\/\/redfoxlotto.com\/et\/mangi\/eurojackpot\/\" \/>\n<meta property=\"og:locale\" content=\"et_EE\" \/>\n<meta property=\"og:type\" content=\"article\" \/>\n<meta property=\"og:title\" content=\"Eurojackpot Loterii internetis - m\u00e4ngi Eestist\" \/>\n<meta property=\"og:description\" content=\"Saa ligip\u00e4\u00e4s Eurojackpot&#039;ile n\u00fc\u00fcd - hoolimata millisest riigis Te olete, m\u00e4ngige rahvusvahelist loteriid internetis Eestist\" \/>\n<meta property=\"og:url\" content=\"https:\/\/redfoxlotto.com\/et\/mangi\/eurojackpot\/\" \/>\n<meta property=\"og:site_name\" content=\"Get Tickets for the World\u2019s largest jackpots\" \/>\n<meta property=\"article:modified_time\" content=\"2025-12-16T14:06:29+00:00\" \/>\n<meta property=\"og:image\" content=\"https:\/\/content.redfoxlotto.com\/uploads\/sites\/9\/1_play_eurojackpot.jpg\" \/>\n<meta name=\"twitter:card\" content=\"summary_large_image\" \/>\n<meta name=\"twitter:label1\" content=\"Est. reading time\" \/>\n\t<meta name=\"twitter:data1\" content=\"4 minutit\" \/>\n<script type=\"application\/ld+json\" class=\"yoast-schema-graph\">{\"@context\":\"https:\/\/schema.org\",\"@graph\":[{\"@type\":\"WebPage\",\"@id\":\"https:\/\/redfoxlotto.com\/et\/mangi\/eurojackpot\/\",\"url\":\"https:\/\/redfoxlotto.com\/et\/mangi\/eurojackpot\/\",\"name\":\"Eurojackpot Loterii internetis - m\u00e4ngi Eestist\",\"isPartOf\":{\"@id\":\"https:\/\/redfoxlotto.com\/et\/#website\"},\"primaryImageOfPage\":{\"@id\":\"https:\/\/redfoxlotto.com\/et\/mangi\/eurojackpot\/#primaryimage\"},\"image\":{\"@id\":\"https:\/\/redfoxlotto.com\/et\/mangi\/eurojackpot\/#primaryimage\"},\"thumbnailUrl\":\"https:\/\/content.redfoxlotto.com\/uploads\/sites\/9\/1_play_eurojackpot.jpg\",\"datePublished\":\"2023-04-24T17:44:36+00:00\",\"dateModified\":\"2025-12-16T14:06:29+00:00\",\"description\":\"Saa ligip\u00e4\u00e4s Eurojackpot'ile n\u00fc\u00fcd - hoolimata millisest riigis Te olete, m\u00e4ngige rahvusvahelist loteriid internetis Eestist\",\"breadcrumb\":{\"@id\":\"https:\/\/redfoxlotto.com\/et\/mangi\/eurojackpot\/#breadcrumb\"},\"inLanguage\":\"et\",\"potentialAction\":[{\"@type\":\"ReadAction\",\"target\":[\"https:\/\/redfoxlotto.com\/et\/mangi\/eurojackpot\/\"]}]},{\"@type\":\"ImageObject\",\"inLanguage\":\"et\",\"@id\":\"https:\/\/redfoxlotto.com\/et\/mangi\/eurojackpot\/#primaryimage\",\"url\":\"https:\/\/content.redfoxlotto.com\/uploads\/sites\/9\/1_play_eurojackpot.jpg\",\"contentUrl\":\"https:\/\/content.redfoxlotto.com\/uploads\/sites\/9\/1_play_eurojackpot.jpg\"},{\"@type\":\"BreadcrumbList\",\"@id\":\"https:\/\/redfoxlotto.com\/et\/mangi\/eurojackpot\/#breadcrumb\",\"itemListElement\":[{\"@type\":\"ListItem\",\"position\":1,\"name\":\"Home\",\"item\":\"https:\/\/redfoxlotto.com\/et\/\"},{\"@type\":\"ListItem\",\"position\":2,\"name\":\"Kuidas m\u00e4ngida teiste riikide loteriid\",\"item\":\"https:\/\/redfoxlotto.com\/et\/mangi\/\"},{\"@type\":\"ListItem\",\"position\":3,\"name\":\"M\u00e4ngige Eurojackpot Loteriid Internetis\"}]},{\"@type\":\"WebSite\",\"@id\":\"https:\/\/redfoxlotto.com\/et\/#website\",\"url\":\"https:\/\/redfoxlotto.com\/et\/\",\"name\":\"Get Tickets for the World\u2019s largest jackpots\",\"description\":\"Participate in worldwide lottery jackpots from any country\",\"publisher\":{\"@id\":\"https:\/\/redfoxlotto.com\/et\/#organization\"},\"potentialAction\":[{\"@type\":\"SearchAction\",\"target\":{\"@type\":\"EntryPoint\",\"urlTemplate\":\"https:\/\/redfoxlotto.com\/et\/?s={search_term_string}\"},\"query-input\":{\"@type\":\"PropertyValueSpecification\",\"valueRequired\":true,\"valueName\":\"search_term_string\"}}],\"inLanguage\":\"et\"},{\"@type\":\"Organization\",\"@id\":\"https:\/\/redfoxlotto.com\/et\/#organization\",\"name\":\"Get Tickets for the World\u2019s largest jackpots\",\"url\":\"https:\/\/redfoxlotto.com\/et\/\",\"logo\":{\"@type\":\"ImageObject\",\"inLanguage\":\"et\",\"@id\":\"https:\/\/redfoxlotto.com\/et\/#\/schema\/logo\/image\/\",\"url\":\"https:\/\/redfoxlotto.com\/wp-content\/uploads\/2023\/04\/logo.png\",\"contentUrl\":\"https:\/\/redfoxlotto.com\/wp-content\/uploads\/2023\/04\/logo.png\",\"width\":269,\"height\":53,\"caption\":\"Get Tickets for the World\u2019s largest jackpots\"},\"image\":{\"@id\":\"https:\/\/redfoxlotto.com\/et\/#\/schema\/logo\/image\/\"}}]}<\/script>\n<!-- \/ Yoast SEO plugin. -->","yoast_head_json":{"title":"Eurojackpot Loterii internetis - m\u00e4ngi Eestist","description":"Saa ligip\u00e4\u00e4s Eurojackpot'ile n\u00fc\u00fcd - hoolimata millisest riigis Te olete, m\u00e4ngige rahvusvahelist loteriid internetis Eestist","robots":{"index":"index","follow":"follow","max-snippet":"max-snippet:-1","max-image-preview":"max-image-preview:large","max-video-preview":"max-video-preview:-1"},"canonical":"https:\/\/redfoxlotto.com\/et\/mangi\/eurojackpot\/","og_locale":"et_EE","og_type":"article","og_title":"Eurojackpot Loterii internetis - m\u00e4ngi Eestist","og_description":"Saa ligip\u00e4\u00e4s Eurojackpot'ile n\u00fc\u00fcd - hoolimata millisest riigis Te olete, m\u00e4ngige rahvusvahelist loteriid internetis Eestist","og_url":"https:\/\/redfoxlotto.com\/et\/mangi\/eurojackpot\/","og_site_name":"Get Tickets for the World\u2019s largest jackpots","article_modified_time":"2025-12-16T14:06:29+00:00","og_image":[{"url":"https:\/\/content.redfoxlotto.com\/uploads\/sites\/9\/1_play_eurojackpot.jpg"}],"twitter_card":"summary_large_image","twitter_misc":{"Est. reading time":"4 minutit"},"schema":{"@context":"https:\/\/schema.org","@graph":[{"@type":"WebPage","@id":"https:\/\/redfoxlotto.com\/et\/mangi\/eurojackpot\/","url":"https:\/\/redfoxlotto.com\/et\/mangi\/eurojackpot\/","name":"Eurojackpot Loterii internetis - m\u00e4ngi Eestist","isPartOf":{"@id":"https:\/\/redfoxlotto.com\/et\/#website"},"primaryImageOfPage":{"@id":"https:\/\/redfoxlotto.com\/et\/mangi\/eurojackpot\/#primaryimage"},"image":{"@id":"https:\/\/redfoxlotto.com\/et\/mangi\/eurojackpot\/#primaryimage"},"thumbnailUrl":"https:\/\/content.redfoxlotto.com\/uploads\/sites\/9\/1_play_eurojackpot.jpg","datePublished":"2023-04-24T17:44:36+00:00","dateModified":"2025-12-16T14:06:29+00:00","description":"Saa ligip\u00e4\u00e4s Eurojackpot'ile n\u00fc\u00fcd - hoolimata millisest riigis Te olete, m\u00e4ngige rahvusvahelist loteriid internetis Eestist","breadcrumb":{"@id":"https:\/\/redfoxlotto.com\/et\/mangi\/eurojackpot\/#breadcrumb"},"inLanguage":"et","potentialAction":[{"@type":"ReadAction","target":["https:\/\/redfoxlotto.com\/et\/mangi\/eurojackpot\/"]}]},{"@type":"ImageObject","inLanguage":"et","@id":"https:\/\/redfoxlotto.com\/et\/mangi\/eurojackpot\/#primaryimage","url":"https:\/\/content.redfoxlotto.com\/uploads\/sites\/9\/1_play_eurojackpot.jpg","contentUrl":"https:\/\/content.redfoxlotto.com\/uploads\/sites\/9\/1_play_eurojackpot.jpg"},{"@type":"BreadcrumbList","@id":"https:\/\/redfoxlotto.com\/et\/mangi\/eurojackpot\/#breadcrumb","itemListElement":[{"@type":"ListItem","position":1,"name":"Home","item":"https:\/\/redfoxlotto.com\/et\/"},{"@type":"ListItem","position":2,"name":"Kuidas m\u00e4ngida teiste riikide loteriid","item":"https:\/\/redfoxlotto.com\/et\/mangi\/"},{"@type":"ListItem","position":3,"name":"M\u00e4ngige Eurojackpot Loteriid Internetis"}]},{"@type":"WebSite","@id":"https:\/\/redfoxlotto.com\/et\/#website","url":"https:\/\/redfoxlotto.com\/et\/","name":"Get Tickets for the World\u2019s largest jackpots","description":"Participate in worldwide lottery jackpots from any country","publisher":{"@id":"https:\/\/redfoxlotto.com\/et\/#organization"},"potentialAction":[{"@type":"SearchAction","target":{"@type":"EntryPoint","urlTemplate":"https:\/\/redfoxlotto.com\/et\/?s={search_term_string}"},"query-input":{"@type":"PropertyValueSpecification","valueRequired":true,"valueName":"search_term_string"}}],"inLanguage":"et"},{"@type":"Organization","@id":"https:\/\/redfoxlotto.com\/et\/#organization","name":"Get Tickets for the World\u2019s largest jackpots","url":"https:\/\/redfoxlotto.com\/et\/","logo":{"@type":"ImageObject","inLanguage":"et","@id":"https:\/\/redfoxlotto.com\/et\/#\/schema\/logo\/image\/","url":"https:\/\/redfoxlotto.com\/wp-content\/uploads\/2023\/04\/logo.png","contentUrl":"https:\/\/redfoxlotto.com\/wp-content\/uploads\/2023\/04\/logo.png","width":269,"height":53,"caption":"Get Tickets for the World\u2019s largest jackpots"},"image":{"@id":"https:\/\/redfoxlotto.com\/et\/#\/schema\/logo\/image\/"}}]}},"_links":{"self":[{"href":"https:\/\/redfoxlotto.com\/et\/wp-json\/wp\/v2\/pages\/16828","targetHints":{"allow":["GET"]}}],"collection":[{"href":"https:\/\/redfoxlotto.com\/et\/wp-json\/wp\/v2\/pages"}],"about":[{"href":"https:\/\/redfoxlotto.com\/et\/wp-json\/wp\/v2\/types\/page"}],"author":[{"embeddable":true,"href":"https:\/\/redfoxlotto.com\/et\/wp-json\/wp\/v2\/users\/1"}],"replies":[{"embeddable":true,"href":"https:\/\/redfoxlotto.com\/et\/wp-json\/wp\/v2\/comments?post=16828"}],"version-history":[{"count":0,"href":"https:\/\/redfoxlotto.com\/et\/wp-json\/wp\/v2\/pages\/16828\/revisions"}],"up":[{"embeddable":true,"href":"https:\/\/redfoxlotto.com\/et\/wp-json\/wp\/v2\/pages\/16827"}],"wp:attachment":[{"href":"https:\/\/redfoxlotto.com\/et\/wp-json\/wp\/v2\/media?parent=16828"}],"curies":[{"name":"wp","href":"https:\/\/api.w.org\/{rel}","templated":true}]}}