{"id":16827,"date":"2023-04-24T14:10:57","date_gmt":"2023-04-24T14:10:57","guid":{"rendered":"https:\/\/redfoxlotto.com\/?page_id=924"},"modified":"2025-12-15T18:22:25","modified_gmt":"2025-12-15T18:22:25","slug":"mangi","status":"publish","type":"page","link":"https:\/\/redfoxlotto.com\/et\/mangi\/","title":{"rendered":"Kuidas m\u00e4ngida teiste riikide loteriid"},"content":{"rendered":"<script type=\"application\/ld+json\">\r\n{\r\n  \"@context\": \"https:\/\/schema.org\",\r\n  \"@type\": \"Service\",\r\n  \"name\": \"M\u00e4ngi rahvusvahelisi loteriisid veebis\",\r\n  \"url\": \"https:\/\/redfoxlotto.com\/et\/mangi\/\",\r\n  \"description\": \"M\u00e4ngi loteriid veebis ja v\u00f5ida rahvusvahelisi lotojackpote.\",\r\n  \"serviceType\": \"Veebip\u00f5hine loteriipiletite vahendusteenus\",\r\n  \"provider\": {\r\n    \"@type\": \"Organization\",\r\n    \"name\": \"RedFoxLotto\",\r\n    \"url\": \"https:\/\/redfoxlotto.com\/et\/mangi\/\",\r\n    \"image\": \"https:\/\/redfoxlotto.com\/wp-content\/uploads\/2025\/12\/ticket_scans.jpg\"\r\n  },\r\n  \"areaServed\": \"Kogu maailmas\",\r\n  \"termsOfService\": \"https:\/\/redfoxlotto.com\/terms-and-conditions\",\r\n  \"additionalProperty\": {\r\n    \"@type\": \"PropertyValue\",\r\n    \"name\": \"KKK\",\r\n    \"value\": \"https:\/\/redfoxlotto.com\/et\/faq\/\"\r\n  },\r\n  \"hasOfferCatalog\": {\r\n    \"@type\": \"OfferCatalog\",\r\n    \"name\": \"Rahvusvahelised loteriipiletid\",\r\n    \"itemListElement\": [\r\n      {\r\n        \"@type\": \"Offer\",\r\n        \"name\": \"Rahvusvahelised loteriipiletid\",\r\n        \"url\": \"https:\/\/redfoxlotto.com\/et\/mangi\/\",\r\n        \"description\": \"M\u00e4ngi rahvusvahelisi loteriisid veebis. Jackpottid nagu Powerball, Mega Millions ja Euromillions \u2014 v\u00f5ida k\u00f5ikjalt.\",\r\n        \"availability\": \"https:\/\/schema.org\/InStock\",\r\n        \"itemOffered\": {\r\n          \"@type\": \"Service\",\r\n          \"name\": \"Rahvusvahelised loteriipiletid\",\r\n          \"description\": \"Rahvusvaheliste loteriide m\u00e4ngimine veebis annab rohkem valikuid ja paremad v\u00f5iduv\u00f5imalused.\"\r\n        }\r\n      }\r\n    ]\r\n  },\r\n  \"mainEntityOfPage\": {\r\n    \"@type\": \"WebPage\",\r\n    \"@id\": \"https:\/\/redfoxlotto.com\/et\/mangi\/\"\r\n  }\r\n}\r\n<\/script><p><strong>Rohkem loteriisid ja jackpot&#8217;e iga\u00fchele m\u00e4ngimiseks!<\/strong><\/p><p>Suurep\u00e4rased uudised k\u00f5ikidele loto f\u00e4nnidele \u00fcle maailma &#8211; Te pole enam piiratud ainult oma riiklikule loteriile! Kas m\u00e4letate kui loterii alles hakkas populaarsust koguma? See polnud v\u00e4ga kaua aega tagasi kui k\u00f5ik hakkasid m\u00e4ngima oma kohalikke loteriisid. Kuid ainult seda oligi v\u00f5imalik teha. Ainus, mida v\u00f5is isegi vaadata, olid riiklikud valikud.<\/p><p>Eelnevalt puudus ligip\u00e4\u00e4su luba rahvusvahelistele loteriidele. Te ei saanud osta pileteid nendele loterii jackpot&#8217;idele oma riigist. Kuid internet on selle probleemi lahendanud. Meil RedFoxLotto.com&#8217;is v\u00f5ite m\u00e4ngida mitmeid rahvusvahelisi loteriisid internetis. Kuid kuidas m\u00e4ngida loteriid internetis?<\/p><h2 class=\"wp-block-heading\" id=\"h-loterii-piletite-ostmine-internetis\">Loterii piletite ostmine internetis<\/h2><div class=\"wp-block-image\">\r\n<figure class=\"alignright\"><img decoding=\"async\" class=\"wp-image-4191\" src=\"https:\/\/content.redfoxlotto.com\/uploads\/sites\/9\/1_playing_lottery_online.jpg\" alt=\"m\u00e4ngi ja v\u00f5ida internetis\" \/><\/figure>\r\n<\/div><p><br \/>RedFoxLotto.com on Teie kullerteenus loteriipiletite jaoks hoolimata sellest, kust Te neid soovite saada. Tegelikult on meil agendid mitmetes erinevates riikides kus toimuvad suuremad loteriid ja nad hoolitsevad mistahes Teie poolt soovitud piletite ostmise eest t\u00e4iesti kohapeal.<\/p><p>Teie, klient, v\u00f5ite tellida piletid meie kaudu internetis. Te lihtsalt l\u00e4hete meie veebisaidile ja me anname Teile valikud, just nagu m\u00e4ngiksid neid rahvusvahelisi loteriisid otse ise.<\/p><p>Loomulikult v\u00f5ite valida oma enda numbrid. Te m\u00e4\u00e4rate samuti mitu numbrite kombinatsiooni soovite m\u00e4ngida ja mitmes loosimises see peaks kehtima. Makse tehaks internetis, n\u00e4iteks pangakaardiga, Bitcoin&#8217;iga v\u00f5i mistahes muu maksemeetodiga, mis on meie saidil pakutud. Seega kui olete valmis oma numbreid valima, siis Te lihtsalt kl\u00f5psate kastidel nende k\u00f5rval. Kui soovite, et meie valiksime numbrid, siis valige lihtsalt &#8216;Quick Pick&#8217; valik ja me pakume Teile juhuslikud numbrid.<\/p><h2 class=\"wp-block-heading\" id=\"h-milliseid-m-nge-m-ngida\">Milliseid m\u00e4nge m\u00e4ngida<\/h2><p>Loomulikult v\u00f5ite samuti v\u00f5tta osa rohkem kui \u00fchest rahvusvahelisest loteriist samal ajal kui m\u00e4ngite loteriid internetis. Seega, kui sirvite l\u00e4bi meie poolt pakutud valikute ja leiate mitmeid variante, millest olete huvitatud, siis see on suurep\u00e4rane. Me soovitame valida antud hetke suurima jackpot&#8217;i, v\u00f5i kaks suurimat, v\u00f5i veelgi rohkem.<\/p><p>N\u00e4iteks on v\u00e4ga sageli nii Powerball US ja Mega Millions US loteriidel samal ajal \u00fclisuured jackpot&#8217;id. Jackpot&#8217;id k\u00fc\u00fcndivad USA-s sageli $500 miljonini. Kunagi on neil plnud isegi jackpot&#8217;e, mis k\u00fc\u00fcndivad \u00fcle 1.5 miljardi.<\/p><p>Tegelikult ongi need kaks loteriid maailma suurimate lotode seas. Seega miks mitte neid proovida ja n\u00e4ha, kas Teil on piisavalt \u00f5nne, et saada suurv\u00f5it? Mida veel silmas pidada: v\u00e4ga populaarne valik on m\u00e4ngida samu numbreid mitmes loteriis samal n\u00e4dalal.<\/p><p>Kui Te ei v\u00f5ida \u00fche loteriiga, siis v\u00f5ib-olla saad m\u00f5ne muuga \u00f5nnelikuks? See on nutikas viis parandada oma lemmiknumbrite v\u00f5idu v\u00f5imalusi. See meetod muudab loto m\u00e4ngimise veelgi p\u00f5nevamaks!<\/p><h2 class=\"wp-block-heading\" id=\"h-miks-m-ngida-rahvusvahelist-lotot\">Miks m\u00e4ngida rahvusvahelist lotot?<\/h2><div class=\"wp-block-image\">\r\n<figure class=\"alignright\"><img decoding=\"async\" class=\"wp-image-4167\" src=\"https:\/\/content.redfoxlotto.com\/uploads\/sites\/9\/1_mega_lotto_jackpot.jpg\" alt=\"interneti loterii v\u00e4ljamakse\" \/><\/figure>\r\n<\/div><p><br \/>Iga\u00fcks kes m\u00e4ngib rahvusvahelist lotot kasutab oma raha nutikamal viisil. M\u00f5ned loteriim\u00e4ngijad ostavad rahvuslikke lotopileteid iga n\u00e4dal, hoolimata kui suure jackpot&#8217;iga on tegu. Matemaatika ja loogika \u00fctlevad, et on parem osta lotopilet jackpotiga 200 miljonit kui pilet 2 miljoni suuruse jackpoti v\u00f5idusummaga. See on t\u00f5si isegi siis, kui internetist ostetud pileti hind on k\u00f5rgem kui Teie kohaliku loteriipileti hind. Teil on samad v\u00f5iduv\u00f5imalused, kuid kui Te v\u00f5idate, siis on Teil v\u00f5imalus v\u00f5ita midagi palju suuremat.<\/p><p>Loomulikult peame me oma teenuse jaoks k\u00fcsima k\u00f5rgemat hinda, sest meil on kulud. Samuti tahame ka meie natuke raha teenida. Kuid oletame, et interneti loteriipilet maksab \u20ac4.50 &#8211; \u20ac5.00 ja selle jackpot on 200 miljonit. Riikliku loteriiga m\u00e4ngite \u20ac2.00 ning selle jackpot on 10 miljonit. Kumb on parem ja tundub loogilisem? Vastus sellele on \u00fcsna selge. Rahvusvahelise loto m\u00e4ngimine ning seega ka v\u00f5imalus m\u00e4ngida internetis suuremate jackpot&#8217;idega tundub palju loogilisem!<\/p><h2 class=\"wp-block-heading\" id=\"h-kuidas-teile-makstakse\">Kuidas Teile makstakse<\/h2><p>RedFoxLotto.com teeb samuti kindlaks, et saad oma v\u00f5idusummad k\u00e4tte. Me ei k\u00fcsi mingit komisjonitasu v\u00e4lja arvatud v\u00e4ike teenustasu panga\u00fclekande korral. See t\u00e4hendab, et Te ei pea muretsema selle \u00fcle, et me v\u00f5tame Teie v\u00f5idusummast oma osa. Kord kui maksate pileti eest, siis on k\u00f5ik v\u00f5idusummad t\u00e4iesti Teie omad.<\/p><p>Mitmed meie kliendid on juba meie kaudu v\u00f5itnud. M\u00f5ned neist on oma elu t\u00e4iesti muutnud v\u00f5idetud rahasummaga! Me teame, et Teil on suurep\u00e4rased v\u00f5iduv\u00f5imalused suurele loteriiv\u00f5idule v\u00f5i v\u00e4hemalt v\u00f5idule, mida Te muidu ei oleks saanud kui m\u00e4ngiksite edasi ainult oma riigis k\u00e4ttesaadavaid lotom\u00e4nge.<\/p><p>Need on p\u00f5hjused, miks loterii m\u00e4ngimine internetis on \u00fcha populaarsem. Ning n\u00fc\u00fcd on Teie kord murda lahti \u00fcks mega jackpot&#8217;idest &#8211; mida Te ootate? <strong>Te v\u00f5ite olla loto suurv\u00f5itja juba otsekohe!<\/strong><\/p>","protected":false},"excerpt":{"rendered":"<p>Rohkem loteriisid ja jackpot&#8217;e iga\u00fchele m\u00e4ngimiseks! Suurep\u00e4rased uudised k\u00f5ikidele loto f\u00e4nnidele \u00fcle maailma &#8211; Te pole enam piiratud ainult oma riiklikule loteriile! Kas m\u00e4letate kui loterii alles hakkas populaarsust koguma? See polnud v\u00e4ga kaua aega tagasi kui k\u00f5ik hakkasid m\u00e4ngima oma kohalikke loteriisid. Kuid ainult seda oligi v\u00f5imalik teha. Ainus, mida v\u00f5is isegi vaadata, olid [&hellip;]<\/p>\n","protected":false},"author":1,"featured_media":0,"parent":0,"menu_order":2,"comment_status":"closed","ping_status":"closed","template":"Play-all.php","meta":{"_et_pb_use_builder":"","_et_pb_old_content":"","_et_gb_content_width":"","exclude_from_search":false,"footnotes":""},"class_list":["post-16827","page","type-page","status-publish","hentry"],"yoast_head":"<!-- This site is optimized with the Yoast SEO plugin v27.4 - https:\/\/yoast.com\/product\/yoast-seo-wordpress\/ -->\n<title>M\u00e4ngi rahvusvahelise loterii jackpot&#039;i internetis<\/title>\n<meta name=\"description\" content=\"Rahvusvaheliste loteriide m\u00e4ngimine internetis annab Teile rohkem valikuid ja paremad v\u00f5imalused - uurige v\u00e4lja miks!\" \/>\n<meta name=\"robots\" content=\"index, follow, max-snippet:-1, max-image-preview:large, max-video-preview:-1\" \/>\n<link rel=\"canonical\" href=\"https:\/\/redfoxlotto.com\/et\/mangi\/\" \/>\n<meta property=\"og:locale\" content=\"et_EE\" \/>\n<meta property=\"og:type\" content=\"article\" \/>\n<meta property=\"og:title\" content=\"M\u00e4ngi rahvusvahelise loterii jackpot&#039;i internetis\" \/>\n<meta property=\"og:description\" content=\"Rahvusvaheliste loteriide m\u00e4ngimine internetis annab Teile rohkem valikuid ja paremad v\u00f5imalused - uurige v\u00e4lja miks!\" \/>\n<meta property=\"og:url\" content=\"https:\/\/redfoxlotto.com\/et\/mangi\/\" \/>\n<meta property=\"og:site_name\" content=\"Get Tickets for the World\u2019s largest jackpots\" \/>\n<meta property=\"article:modified_time\" content=\"2025-12-15T18:22:25+00:00\" \/>\n<meta property=\"og:image\" content=\"https:\/\/content.redfoxlotto.com\/uploads\/sites\/9\/1_playing_lottery_online.jpg\" \/>\n<meta name=\"twitter:card\" content=\"summary_large_image\" \/>\n<meta name=\"twitter:label1\" content=\"Est. reading time\" \/>\n\t<meta name=\"twitter:data1\" content=\"4 minutit\" \/>\n<script type=\"application\/ld+json\" class=\"yoast-schema-graph\">{\"@context\":\"https:\\\/\\\/schema.org\",\"@graph\":[{\"@type\":\"WebPage\",\"@id\":\"https:\\\/\\\/redfoxlotto.com\\\/et\\\/mangi\\\/\",\"url\":\"https:\\\/\\\/redfoxlotto.com\\\/et\\\/mangi\\\/\",\"name\":\"M\u00e4ngi rahvusvahelise loterii jackpot'i internetis\",\"isPartOf\":{\"@id\":\"https:\\\/\\\/redfoxlotto.com\\\/et\\\/#website\"},\"primaryImageOfPage\":{\"@id\":\"https:\\\/\\\/redfoxlotto.com\\\/et\\\/mangi\\\/#primaryimage\"},\"image\":{\"@id\":\"https:\\\/\\\/redfoxlotto.com\\\/et\\\/mangi\\\/#primaryimage\"},\"thumbnailUrl\":\"https:\\\/\\\/content.redfoxlotto.com\\\/uploads\\\/sites\\\/9\\\/1_playing_lottery_online.jpg\",\"datePublished\":\"2023-04-24T14:10:57+00:00\",\"dateModified\":\"2025-12-15T18:22:25+00:00\",\"description\":\"Rahvusvaheliste loteriide m\u00e4ngimine internetis annab Teile rohkem valikuid ja paremad v\u00f5imalused - uurige v\u00e4lja miks!\",\"breadcrumb\":{\"@id\":\"https:\\\/\\\/redfoxlotto.com\\\/et\\\/mangi\\\/#breadcrumb\"},\"inLanguage\":\"et\",\"potentialAction\":[{\"@type\":\"ReadAction\",\"target\":[\"https:\\\/\\\/redfoxlotto.com\\\/et\\\/mangi\\\/\"]}]},{\"@type\":\"ImageObject\",\"inLanguage\":\"et\",\"@id\":\"https:\\\/\\\/redfoxlotto.com\\\/et\\\/mangi\\\/#primaryimage\",\"url\":\"https:\\\/\\\/content.redfoxlotto.com\\\/uploads\\\/sites\\\/9\\\/1_playing_lottery_online.jpg\",\"contentUrl\":\"https:\\\/\\\/content.redfoxlotto.com\\\/uploads\\\/sites\\\/9\\\/1_playing_lottery_online.jpg\"},{\"@type\":\"BreadcrumbList\",\"@id\":\"https:\\\/\\\/redfoxlotto.com\\\/et\\\/mangi\\\/#breadcrumb\",\"itemListElement\":[{\"@type\":\"ListItem\",\"position\":1,\"name\":\"Home\",\"item\":\"https:\\\/\\\/redfoxlotto.com\\\/et\\\/\"},{\"@type\":\"ListItem\",\"position\":2,\"name\":\"Kuidas m\u00e4ngida teiste riikide loteriid\"}]},{\"@type\":\"WebSite\",\"@id\":\"https:\\\/\\\/redfoxlotto.com\\\/et\\\/#website\",\"url\":\"https:\\\/\\\/redfoxlotto.com\\\/et\\\/\",\"name\":\"Get Tickets for the World\u2019s largest jackpots\",\"description\":\"Participate in worldwide lottery jackpots from any country\",\"publisher\":{\"@id\":\"https:\\\/\\\/redfoxlotto.com\\\/et\\\/#organization\"},\"potentialAction\":[{\"@type\":\"SearchAction\",\"target\":{\"@type\":\"EntryPoint\",\"urlTemplate\":\"https:\\\/\\\/redfoxlotto.com\\\/et\\\/?s={search_term_string}\"},\"query-input\":{\"@type\":\"PropertyValueSpecification\",\"valueRequired\":true,\"valueName\":\"search_term_string\"}}],\"inLanguage\":\"et\"},{\"@type\":\"Organization\",\"@id\":\"https:\\\/\\\/redfoxlotto.com\\\/et\\\/#organization\",\"name\":\"Get Tickets for the World\u2019s largest jackpots\",\"url\":\"https:\\\/\\\/redfoxlotto.com\\\/et\\\/\",\"logo\":{\"@type\":\"ImageObject\",\"inLanguage\":\"et\",\"@id\":\"https:\\\/\\\/redfoxlotto.com\\\/et\\\/#\\\/schema\\\/logo\\\/image\\\/\",\"url\":\"https:\\\/\\\/redfoxlotto.com\\\/wp-content\\\/uploads\\\/2023\\\/04\\\/logo.png\",\"contentUrl\":\"https:\\\/\\\/redfoxlotto.com\\\/wp-content\\\/uploads\\\/2023\\\/04\\\/logo.png\",\"width\":269,\"height\":53,\"caption\":\"Get Tickets for the World\u2019s largest jackpots\"},\"image\":{\"@id\":\"https:\\\/\\\/redfoxlotto.com\\\/et\\\/#\\\/schema\\\/logo\\\/image\\\/\"}}]}<\/script>\n<!-- \/ Yoast SEO plugin. -->","yoast_head_json":{"title":"M\u00e4ngi rahvusvahelise loterii jackpot'i internetis","description":"Rahvusvaheliste loteriide m\u00e4ngimine internetis annab Teile rohkem valikuid ja paremad v\u00f5imalused - uurige v\u00e4lja miks!","robots":{"index":"index","follow":"follow","max-snippet":"max-snippet:-1","max-image-preview":"max-image-preview:large","max-video-preview":"max-video-preview:-1"},"canonical":"https:\/\/redfoxlotto.com\/et\/mangi\/","og_locale":"et_EE","og_type":"article","og_title":"M\u00e4ngi rahvusvahelise loterii jackpot'i internetis","og_description":"Rahvusvaheliste loteriide m\u00e4ngimine internetis annab Teile rohkem valikuid ja paremad v\u00f5imalused - uurige v\u00e4lja miks!","og_url":"https:\/\/redfoxlotto.com\/et\/mangi\/","og_site_name":"Get Tickets for the World\u2019s largest jackpots","article_modified_time":"2025-12-15T18:22:25+00:00","og_image":[{"url":"https:\/\/content.redfoxlotto.com\/uploads\/sites\/9\/1_playing_lottery_online.jpg","type":"","width":"","height":""}],"twitter_card":"summary_large_image","twitter_misc":{"Est. reading time":"4 minutit"},"schema":{"@context":"https:\/\/schema.org","@graph":[{"@type":"WebPage","@id":"https:\/\/redfoxlotto.com\/et\/mangi\/","url":"https:\/\/redfoxlotto.com\/et\/mangi\/","name":"M\u00e4ngi rahvusvahelise loterii jackpot'i internetis","isPartOf":{"@id":"https:\/\/redfoxlotto.com\/et\/#website"},"primaryImageOfPage":{"@id":"https:\/\/redfoxlotto.com\/et\/mangi\/#primaryimage"},"image":{"@id":"https:\/\/redfoxlotto.com\/et\/mangi\/#primaryimage"},"thumbnailUrl":"https:\/\/content.redfoxlotto.com\/uploads\/sites\/9\/1_playing_lottery_online.jpg","datePublished":"2023-04-24T14:10:57+00:00","dateModified":"2025-12-15T18:22:25+00:00","description":"Rahvusvaheliste loteriide m\u00e4ngimine internetis annab Teile rohkem valikuid ja paremad v\u00f5imalused - uurige v\u00e4lja miks!","breadcrumb":{"@id":"https:\/\/redfoxlotto.com\/et\/mangi\/#breadcrumb"},"inLanguage":"et","potentialAction":[{"@type":"ReadAction","target":["https:\/\/redfoxlotto.com\/et\/mangi\/"]}]},{"@type":"ImageObject","inLanguage":"et","@id":"https:\/\/redfoxlotto.com\/et\/mangi\/#primaryimage","url":"https:\/\/content.redfoxlotto.com\/uploads\/sites\/9\/1_playing_lottery_online.jpg","contentUrl":"https:\/\/content.redfoxlotto.com\/uploads\/sites\/9\/1_playing_lottery_online.jpg"},{"@type":"BreadcrumbList","@id":"https:\/\/redfoxlotto.com\/et\/mangi\/#breadcrumb","itemListElement":[{"@type":"ListItem","position":1,"name":"Home","item":"https:\/\/redfoxlotto.com\/et\/"},{"@type":"ListItem","position":2,"name":"Kuidas m\u00e4ngida teiste riikide loteriid"}]},{"@type":"WebSite","@id":"https:\/\/redfoxlotto.com\/et\/#website","url":"https:\/\/redfoxlotto.com\/et\/","name":"Get Tickets for the World\u2019s largest jackpots","description":"Participate in worldwide lottery jackpots from any country","publisher":{"@id":"https:\/\/redfoxlotto.com\/et\/#organization"},"potentialAction":[{"@type":"SearchAction","target":{"@type":"EntryPoint","urlTemplate":"https:\/\/redfoxlotto.com\/et\/?s={search_term_string}"},"query-input":{"@type":"PropertyValueSpecification","valueRequired":true,"valueName":"search_term_string"}}],"inLanguage":"et"},{"@type":"Organization","@id":"https:\/\/redfoxlotto.com\/et\/#organization","name":"Get Tickets for the World\u2019s largest jackpots","url":"https:\/\/redfoxlotto.com\/et\/","logo":{"@type":"ImageObject","inLanguage":"et","@id":"https:\/\/redfoxlotto.com\/et\/#\/schema\/logo\/image\/","url":"https:\/\/redfoxlotto.com\/wp-content\/uploads\/2023\/04\/logo.png","contentUrl":"https:\/\/redfoxlotto.com\/wp-content\/uploads\/2023\/04\/logo.png","width":269,"height":53,"caption":"Get Tickets for the World\u2019s largest jackpots"},"image":{"@id":"https:\/\/redfoxlotto.com\/et\/#\/schema\/logo\/image\/"}}]}},"_links":{"self":[{"href":"https:\/\/redfoxlotto.com\/et\/wp-json\/wp\/v2\/pages\/16827","targetHints":{"allow":["GET"]}}],"collection":[{"href":"https:\/\/redfoxlotto.com\/et\/wp-json\/wp\/v2\/pages"}],"about":[{"href":"https:\/\/redfoxlotto.com\/et\/wp-json\/wp\/v2\/types\/page"}],"author":[{"embeddable":true,"href":"https:\/\/redfoxlotto.com\/et\/wp-json\/wp\/v2\/users\/1"}],"replies":[{"embeddable":true,"href":"https:\/\/redfoxlotto.com\/et\/wp-json\/wp\/v2\/comments?post=16827"}],"version-history":[{"count":0,"href":"https:\/\/redfoxlotto.com\/et\/wp-json\/wp\/v2\/pages\/16827\/revisions"}],"wp:attachment":[{"href":"https:\/\/redfoxlotto.com\/et\/wp-json\/wp\/v2\/media?parent=16827"}],"curies":[{"name":"wp","href":"https:\/\/api.w.org\/{rel}","templated":true}]}}