{"id":16823,"date":"2018-11-18T08:54:25","date_gmt":"2018-11-18T08:54:25","guid":{"rendered":"https:\/\/redfoxlotto.com\/?page_id=916"},"modified":"2021-01-05T13:49:41","modified_gmt":"2021-01-05T13:49:41","slug":"superenalotto","status":"publish","type":"page","link":"https:\/\/redfoxlotto.com\/et\/tulemused\/superenalotto\/","title":{"rendered":"SuperEnaLotto tulemused"},"content":{"rendered":"<h2 class=\"wp-block-heading\">SuperEnalotto Jackpot &#8211; SuperEnalotto tulemused<\/h2><p><img loading=\"lazy\" decoding=\"async\" class=\" wp-image alignright\" src=\"https:\/\/content.redfoxlotto.com\/uploads\/sites\/9\/1_results_check_lottery.jpg\" alt=\"tulemuste loto\" width=\"261\" height=\"261\" \/><\/p><p>Me oleme loonud tabeli selle loterii iga 6 v\u00f5idusumma kategooria jaoks. Koos tulemustega n\u00e4itame me Sulle ka seda, mitu v\u00f5itjat on v\u00f5itnud igas kategoorias.<\/p><h2 class=\"wp-block-heading\">M\u00f6\u00f6dunud Superenalotto tulemused<\/h2><p><img decoding=\"async\" class=\"size-full wp-image alignright\" src=\"https:\/\/content.redfoxlotto.com\/uploads\/sites\/9\/1_lottery_winning_numbers.jpg\" alt=\"Superenalotto\"><\/p><p>Kui Sa tahaksid kontrollida m\u00f6\u00f6dunud tulemusi, siis v\u00f5id ka seda teha. N\u00e4iteks v\u00f5ib-olla tahad vaadata numbreid, mida pole ammu v\u00e4lja loositud ning kasutada neid oma j\u00e4rgmise pileti jaoks.<\/p>","protected":false},"excerpt":{"rendered":"<p>SuperEnalotto Jackpot &#8211; SuperEnalotto tulemused Me oleme loonud tabeli selle loterii iga 6 v\u00f5idusumma kategooria jaoks. Koos tulemustega n\u00e4itame me Sulle ka seda, mitu v\u00f5itjat on v\u00f5itnud igas kategoorias. M\u00f6\u00f6dunud Superenalotto tulemused Kui Sa tahaksid kontrollida m\u00f6\u00f6dunud tulemusi, siis v\u00f5id ka seda teha. N\u00e4iteks v\u00f5ib-olla tahad vaadata numbreid, mida pole ammu v\u00e4lja loositud ning kasutada [&hellip;]<\/p>\n","protected":false},"author":1,"featured_media":0,"parent":16817,"menu_order":5,"comment_status":"closed","ping_status":"closed","template":"superenalotto-results.php","meta":{"_et_pb_use_builder":"","_et_pb_old_content":"","_et_gb_content_width":"","exclude_from_search":false,"footnotes":""},"class_list":["post-16823","page","type-page","status-publish","hentry"],"yoast_head":"<!-- This site is optimized with the Yoast SEO plugin v23.8 - https:\/\/yoast.com\/wordpress\/plugins\/seo\/ -->\n<title>SuperEnalotto hiljutised v\u00f5idunumbrid<\/title>\n<meta name=\"description\" content=\"Kontrolli Superenalotto hiljutisi v\u00f5idunumbreid ning ka meie m\u00f6\u00f6dunud n\u00e4dalate tulemuste arhiivi.\" \/>\n<meta name=\"robots\" content=\"index, follow, max-snippet:-1, max-image-preview:large, max-video-preview:-1\" \/>\n<link rel=\"canonical\" href=\"https:\/\/redfoxlotto.com\/et\/tulemused\/superenalotto\/\" \/>\n<meta property=\"og:locale\" content=\"et_EE\" \/>\n<meta property=\"og:type\" content=\"article\" \/>\n<meta property=\"og:title\" content=\"SuperEnalotto hiljutised v\u00f5idunumbrid\" \/>\n<meta property=\"og:description\" content=\"Kontrolli Superenalotto hiljutisi v\u00f5idunumbreid ning ka meie m\u00f6\u00f6dunud n\u00e4dalate tulemuste arhiivi.\" \/>\n<meta property=\"og:url\" content=\"https:\/\/redfoxlotto.com\/et\/tulemused\/superenalotto\/\" \/>\n<meta property=\"og:site_name\" content=\"Get Tickets for the World\u2019s largest jackpots\" \/>\n<meta property=\"article:modified_time\" content=\"2021-01-05T13:49:41+00:00\" \/>\n<meta property=\"og:image\" content=\"https:\/\/content.redfoxlotto.com\/uploads\/sites\/9\/1_results_check_lottery.jpg\" \/>\n<meta name=\"twitter:card\" content=\"summary_large_image\" \/>\n<meta name=\"twitter:label1\" content=\"Est. reading time\" \/>\n\t<meta name=\"twitter:data1\" content=\"1 minut\" \/>\n<script type=\"application\/ld+json\" class=\"yoast-schema-graph\">{\"@context\":\"https:\/\/schema.org\",\"@graph\":[{\"@type\":\"WebPage\",\"@id\":\"https:\/\/redfoxlotto.com\/et\/tulemused\/superenalotto\/\",\"url\":\"https:\/\/redfoxlotto.com\/et\/tulemused\/superenalotto\/\",\"name\":\"SuperEnalotto hiljutised v\u00f5idunumbrid\",\"isPartOf\":{\"@id\":\"https:\/\/redfoxlotto.com\/et\/#website\"},\"primaryImageOfPage\":{\"@id\":\"https:\/\/redfoxlotto.com\/et\/tulemused\/superenalotto\/#primaryimage\"},\"image\":{\"@id\":\"https:\/\/redfoxlotto.com\/et\/tulemused\/superenalotto\/#primaryimage\"},\"thumbnailUrl\":\"https:\/\/content.redfoxlotto.com\/uploads\/sites\/9\/1_results_check_lottery.jpg\",\"datePublished\":\"2018-11-18T08:54:25+00:00\",\"dateModified\":\"2021-01-05T13:49:41+00:00\",\"description\":\"Kontrolli Superenalotto hiljutisi v\u00f5idunumbreid ning ka meie m\u00f6\u00f6dunud n\u00e4dalate tulemuste arhiivi.\",\"breadcrumb\":{\"@id\":\"https:\/\/redfoxlotto.com\/et\/tulemused\/superenalotto\/#breadcrumb\"},\"inLanguage\":\"et\",\"potentialAction\":[{\"@type\":\"ReadAction\",\"target\":[\"https:\/\/redfoxlotto.com\/et\/tulemused\/superenalotto\/\"]}]},{\"@type\":\"ImageObject\",\"inLanguage\":\"et\",\"@id\":\"https:\/\/redfoxlotto.com\/et\/tulemused\/superenalotto\/#primaryimage\",\"url\":\"https:\/\/content.redfoxlotto.com\/uploads\/sites\/9\/1_results_check_lottery.jpg\",\"contentUrl\":\"https:\/\/content.redfoxlotto.com\/uploads\/sites\/9\/1_results_check_lottery.jpg\"},{\"@type\":\"BreadcrumbList\",\"@id\":\"https:\/\/redfoxlotto.com\/et\/tulemused\/superenalotto\/#breadcrumb\",\"itemListElement\":[{\"@type\":\"ListItem\",\"position\":1,\"name\":\"Home\",\"item\":\"https:\/\/redfoxlotto.com\/et\/\"},{\"@type\":\"ListItem\",\"position\":2,\"name\":\"Loterii Tulemused Internetis\",\"item\":\"https:\/\/redfoxlotto.com\/et\/tulemused\/\"},{\"@type\":\"ListItem\",\"position\":3,\"name\":\"SuperEnaLotto tulemused\"}]},{\"@type\":\"WebSite\",\"@id\":\"https:\/\/redfoxlotto.com\/et\/#website\",\"url\":\"https:\/\/redfoxlotto.com\/et\/\",\"name\":\"Get Tickets for the World\u2019s largest jackpots\",\"description\":\"Participate in worldwide lottery jackpots from any country\",\"publisher\":{\"@id\":\"https:\/\/redfoxlotto.com\/et\/#organization\"},\"potentialAction\":[{\"@type\":\"SearchAction\",\"target\":{\"@type\":\"EntryPoint\",\"urlTemplate\":\"https:\/\/redfoxlotto.com\/et\/?s={search_term_string}\"},\"query-input\":{\"@type\":\"PropertyValueSpecification\",\"valueRequired\":true,\"valueName\":\"search_term_string\"}}],\"inLanguage\":\"et\"},{\"@type\":\"Organization\",\"@id\":\"https:\/\/redfoxlotto.com\/et\/#organization\",\"name\":\"Get Tickets for the World\u2019s largest jackpots\",\"url\":\"https:\/\/redfoxlotto.com\/et\/\",\"logo\":{\"@type\":\"ImageObject\",\"inLanguage\":\"et\",\"@id\":\"https:\/\/redfoxlotto.com\/et\/#\/schema\/logo\/image\/\",\"url\":\"https:\/\/redfoxlotto.com\/wp-content\/uploads\/2023\/04\/logo.png\",\"contentUrl\":\"https:\/\/redfoxlotto.com\/wp-content\/uploads\/2023\/04\/logo.png\",\"width\":269,\"height\":53,\"caption\":\"Get Tickets for the World\u2019s largest jackpots\"},\"image\":{\"@id\":\"https:\/\/redfoxlotto.com\/et\/#\/schema\/logo\/image\/\"}}]}<\/script>\n<!-- \/ Yoast SEO plugin. -->","yoast_head_json":{"title":"SuperEnalotto hiljutised v\u00f5idunumbrid","description":"Kontrolli Superenalotto hiljutisi v\u00f5idunumbreid ning ka meie m\u00f6\u00f6dunud n\u00e4dalate tulemuste arhiivi.","robots":{"index":"index","follow":"follow","max-snippet":"max-snippet:-1","max-image-preview":"max-image-preview:large","max-video-preview":"max-video-preview:-1"},"canonical":"https:\/\/redfoxlotto.com\/et\/tulemused\/superenalotto\/","og_locale":"et_EE","og_type":"article","og_title":"SuperEnalotto hiljutised v\u00f5idunumbrid","og_description":"Kontrolli Superenalotto hiljutisi v\u00f5idunumbreid ning ka meie m\u00f6\u00f6dunud n\u00e4dalate tulemuste arhiivi.","og_url":"https:\/\/redfoxlotto.com\/et\/tulemused\/superenalotto\/","og_site_name":"Get Tickets for the World\u2019s largest jackpots","article_modified_time":"2021-01-05T13:49:41+00:00","og_image":[{"url":"https:\/\/content.redfoxlotto.com\/uploads\/sites\/9\/1_results_check_lottery.jpg"}],"twitter_card":"summary_large_image","twitter_misc":{"Est. reading time":"1 minut"},"schema":{"@context":"https:\/\/schema.org","@graph":[{"@type":"WebPage","@id":"https:\/\/redfoxlotto.com\/et\/tulemused\/superenalotto\/","url":"https:\/\/redfoxlotto.com\/et\/tulemused\/superenalotto\/","name":"SuperEnalotto hiljutised v\u00f5idunumbrid","isPartOf":{"@id":"https:\/\/redfoxlotto.com\/et\/#website"},"primaryImageOfPage":{"@id":"https:\/\/redfoxlotto.com\/et\/tulemused\/superenalotto\/#primaryimage"},"image":{"@id":"https:\/\/redfoxlotto.com\/et\/tulemused\/superenalotto\/#primaryimage"},"thumbnailUrl":"https:\/\/content.redfoxlotto.com\/uploads\/sites\/9\/1_results_check_lottery.jpg","datePublished":"2018-11-18T08:54:25+00:00","dateModified":"2021-01-05T13:49:41+00:00","description":"Kontrolli Superenalotto hiljutisi v\u00f5idunumbreid ning ka meie m\u00f6\u00f6dunud n\u00e4dalate tulemuste arhiivi.","breadcrumb":{"@id":"https:\/\/redfoxlotto.com\/et\/tulemused\/superenalotto\/#breadcrumb"},"inLanguage":"et","potentialAction":[{"@type":"ReadAction","target":["https:\/\/redfoxlotto.com\/et\/tulemused\/superenalotto\/"]}]},{"@type":"ImageObject","inLanguage":"et","@id":"https:\/\/redfoxlotto.com\/et\/tulemused\/superenalotto\/#primaryimage","url":"https:\/\/content.redfoxlotto.com\/uploads\/sites\/9\/1_results_check_lottery.jpg","contentUrl":"https:\/\/content.redfoxlotto.com\/uploads\/sites\/9\/1_results_check_lottery.jpg"},{"@type":"BreadcrumbList","@id":"https:\/\/redfoxlotto.com\/et\/tulemused\/superenalotto\/#breadcrumb","itemListElement":[{"@type":"ListItem","position":1,"name":"Home","item":"https:\/\/redfoxlotto.com\/et\/"},{"@type":"ListItem","position":2,"name":"Loterii Tulemused Internetis","item":"https:\/\/redfoxlotto.com\/et\/tulemused\/"},{"@type":"ListItem","position":3,"name":"SuperEnaLotto tulemused"}]},{"@type":"WebSite","@id":"https:\/\/redfoxlotto.com\/et\/#website","url":"https:\/\/redfoxlotto.com\/et\/","name":"Get Tickets for the World\u2019s largest jackpots","description":"Participate in worldwide lottery jackpots from any country","publisher":{"@id":"https:\/\/redfoxlotto.com\/et\/#organization"},"potentialAction":[{"@type":"SearchAction","target":{"@type":"EntryPoint","urlTemplate":"https:\/\/redfoxlotto.com\/et\/?s={search_term_string}"},"query-input":{"@type":"PropertyValueSpecification","valueRequired":true,"valueName":"search_term_string"}}],"inLanguage":"et"},{"@type":"Organization","@id":"https:\/\/redfoxlotto.com\/et\/#organization","name":"Get Tickets for the World\u2019s largest jackpots","url":"https:\/\/redfoxlotto.com\/et\/","logo":{"@type":"ImageObject","inLanguage":"et","@id":"https:\/\/redfoxlotto.com\/et\/#\/schema\/logo\/image\/","url":"https:\/\/redfoxlotto.com\/wp-content\/uploads\/2023\/04\/logo.png","contentUrl":"https:\/\/redfoxlotto.com\/wp-content\/uploads\/2023\/04\/logo.png","width":269,"height":53,"caption":"Get Tickets for the World\u2019s largest jackpots"},"image":{"@id":"https:\/\/redfoxlotto.com\/et\/#\/schema\/logo\/image\/"}}]}},"_links":{"self":[{"href":"https:\/\/redfoxlotto.com\/et\/wp-json\/wp\/v2\/pages\/16823","targetHints":{"allow":["GET"]}}],"collection":[{"href":"https:\/\/redfoxlotto.com\/et\/wp-json\/wp\/v2\/pages"}],"about":[{"href":"https:\/\/redfoxlotto.com\/et\/wp-json\/wp\/v2\/types\/page"}],"author":[{"embeddable":true,"href":"https:\/\/redfoxlotto.com\/et\/wp-json\/wp\/v2\/users\/1"}],"replies":[{"embeddable":true,"href":"https:\/\/redfoxlotto.com\/et\/wp-json\/wp\/v2\/comments?post=16823"}],"version-history":[{"count":0,"href":"https:\/\/redfoxlotto.com\/et\/wp-json\/wp\/v2\/pages\/16823\/revisions"}],"up":[{"embeddable":true,"href":"https:\/\/redfoxlotto.com\/et\/wp-json\/wp\/v2\/pages\/16817"}],"wp:attachment":[{"href":"https:\/\/redfoxlotto.com\/et\/wp-json\/wp\/v2\/media?parent=16823"}],"curies":[{"name":"wp","href":"https:\/\/api.w.org\/{rel}","templated":true}]}}