{"id":16822,"date":"2018-11-18T08:54:25","date_gmt":"2018-11-18T08:54:25","guid":{"rendered":"https:\/\/redfoxlotto.com\/?page_id=914"},"modified":"2025-12-17T12:11:59","modified_gmt":"2025-12-17T12:11:59","slug":"powerball","status":"publish","type":"page","link":"https:\/\/redfoxlotto.com\/et\/tulemused\/powerball\/","title":{"rendered":"Powerballi tulemused"},"content":{"rendered":"<script type=\"application\/ld+json\">\r\n{\r\n  \"@context\": \"https:\/\/schema.org\",\r\n  \"@type\": \"Service\",\r\n  \"name\": \"Kontrollige Powerballi loosimise tulemusi veebis\",\r\n  \"url\": \"https:\/\/redfoxlotto.com\/et\/tulemused\/powerball\/\",\r\n  \"description\": \"K\u00fclastage RedFoxLotto, et kontrollida uusimaid Powerballi tulemusi ja meie loteriitulemuste arhiivi.\",\r\n  \"serviceType\": \"\u00dclemaailmne loteriitulemuste arhiiv\",\r\n  \"provider\": {\r\n    \"@type\": \"Organization\",\r\n    \"name\": \"RedFoxLotto\",\r\n    \"url\": \"https:\/\/redfoxlotto.com\/et\/tulemused\/powerball\/\",\r\n    \"image\": \"https:\/\/redfoxlotto.com\/wp-content\/uploads\/2025\/12\/ticket_scans.jpg\",\r\n    \"sameAs\": []\r\n  },\r\n  \"areaServed\": \"Worldwide\",\r\n  \"termsOfService\": \"https:\/\/redfoxlotto.com\/terms-and-conditions\",\r\n  \"additionalProperty\": {\r\n    \"@type\": \"PropertyValue\",\r\n    \"name\": \"FAQ\",\r\n    \"value\": \"https:\/\/redfoxlotto.com\/et\/faq\/\"\r\n  },\r\n  \"hasOfferCatalog\": {\r\n    \"@type\": \"OfferCatalog\",\r\n    \"name\": \"Powerball tulemused\",\r\n    \"itemListElement\": [\r\n      {\r\n        \"@type\": \"Offer\",\r\n        \"name\": \"Powerball tulemused\",\r\n        \"url\": \"https:\/\/redfoxlotto.com\/et\/tulemused\/powerball\/\",\r\n        \"description\": \"Leia siin uusimad ja ajaloolised Powerballi tulemused ja muud suuremad loteriid\",\r\n        \"itemOffered\": {\r\n          \"@type\": \"Service\",\r\n          \"name\": \"Powerball tulemused\",\r\n          \"description\": \"Powerballi loositulemused veebis, hiljutised ja vanemad tulemused.\"\r\n        }\r\n      }\r\n    ]\r\n  },\r\n  \"mainEntityOfPage\": {\r\n    \"@type\": \"WebPage\",\r\n    \"@id\": \"https:\/\/redfoxlotto.com\/et\/tulemused\/powerball\/\"\r\n  }\r\n}\r\n<\/script><h2 class=\"wp-block-heading\">Kust leida Powerball v\u00f5idunumbreid<\/h2><p>Meie saidil on lisatud k\u00f5ik Powerball tulemused ja v\u00f5idunumbrid, nii selle n\u00e4dala jaoks kui m\u00f6\u00f6dunud loosimiste kohta.<\/p><p><img decoding=\"async\" class=\"size-full wp-image alignright\" src=\"https:\/\/content.redfoxlotto.com\/uploads\/sites\/9\/1_results_powerball.jpg\" alt=\"loterii tulemused\"><\/p><p>Loomulikult ei ole see ainult Powerball, mille kohta me hakkame Sulle r\u00e4\u00e4kima. SIit v\u00f5id kontrollida tulemusi maailma k\u00f5ige populaarsemate loteriim\u00e4ngude jaoks. Kuid mis puutub Powerball&#8217;i, siis me saame kindlasti aru, miks Sa oled huvitatud. Iga\u00fcks, kellel on k\u00f5ik vajalikud numbrid oma piletil on multimiljon\u00e4r. Samuti v\u00f5id oma arhiivist vaadata m\u00f6\u00f6dunud loosimiste v\u00f5idunumbreid.<\/p><h2 class=\"wp-block-heading\">Powerball Jackpot<\/h2><p><img decoding=\"async\" class=\"size-full wp-image alignright\" src=\"https:\/\/content.redfoxlotto.com\/uploads\/sites\/9\/1_winning_numbers_powerball.jpg\" alt=\"Powerballi lotov\u00f5itja\"><\/p><p>Powerball&#8217;i jackpoti v\u00f5idusumma on minimaalselt $ 40,000,000. Kuid siiamaani on rekord $1,500,000,000 v\u00f5i $1.5 miljard! Tegelikult on harv juhus, et keegi v\u00f5idaks Powerball minimaalse jackpot&#8217;i. Kuigi see ei k\u00fc\u00fcndi \u00fcle $1 miljardi v\u00e4ga sageli, pole see erakordne, et summa selle l\u00e4hedale j\u00f5uaks.<\/p><h2 class=\"wp-block-heading\">Powerball Auhinnad ja Powerball V\u00f5itjad<\/h2><p>Kokku on Powerball m\u00e4ngus \u00fcheksa v\u00f5idukategooriat. Igas loosimises v\u00f5tavad osa sajad tuhanded m\u00e4ngijad. Siin olev tabel n\u00e4itab ka v\u00f5idetud summasid. Kui sa sobitad v\u00e4hemalt 2 muud numbrit, v\u00f5idad samuti auhinna.<\/p><h2 class=\"wp-block-heading\">Oma pileti saamine<\/h2><p>Kui Sa otsid Powerball tulemusi ja v\u00f5idnumbreid, siis ilmselt otsid viisi, kuidas tegelikult seda m\u00e4ngu m\u00e4ngida, eks? Sinu \u00f5nneks pole selleks palju vaja. Me v\u00f5ime Sulle piletid hankida v\u00e4ga kiiresti.<\/p><p>Oma piletite saamise protsess v\u00f5tab ainult m\u00f5ned lihtsad sammud. Esimene asi, mida pead tegema on otsustama, millist m\u00e4ngu tahad m\u00e4ngida.<\/p><p>J\u00e4rgmisena valid v\u00e4lja numbrid oma pileti jaoks. Meie s\u00fcsteem annab Sulle isegi teada, kui pead valima rohkem v\u00f5i v\u00e4hem numbreid oma pileti jaoks, et teha kindlaks, et see kehtib.<\/p><p>Sealt edasi lood oma konto kui Sul juba seda pole ning sead \u00fclesse oma maksekonto. L\u00f5puks kl\u00f5psa nupule, et osta piletid ja me kanname \u00fclej\u00e4\u00e4nud protsessi eest Sinu jaoks hoolt.<\/p><h2 class=\"wp-block-heading\">Tasumine<\/h2><p>Mis juhtub siis kui oled tulemusi kontrollinud ja leiad, et oled midagi v\u00f5itnud? Kui Sa v\u00f5idad v\u00e4ikese v\u00f5idusumma, siis kanname me koheselt m\u00e4ngija kontole \u00fcle. Kui Sa v\u00f5idad suure summa, siis meie klienditugi v\u00f5tab Sinuga \u00fchendust, et leppida kokku kuidas makse Sulle \u00fcle kantakse.<\/p>","protected":false},"excerpt":{"rendered":"<p>Kust leida Powerball v\u00f5idunumbreid Meie saidil on lisatud k\u00f5ik Powerball tulemused ja v\u00f5idunumbrid, nii selle n\u00e4dala jaoks kui m\u00f6\u00f6dunud loosimiste kohta. Loomulikult ei ole see ainult Powerball, mille kohta me hakkame Sulle r\u00e4\u00e4kima. SIit v\u00f5id kontrollida tulemusi maailma k\u00f5ige populaarsemate loteriim\u00e4ngude jaoks. Kuid mis puutub Powerball&#8217;i, siis me saame kindlasti aru, miks Sa oled huvitatud. [&hellip;]<\/p>\n","protected":false},"author":1,"featured_media":0,"parent":16817,"menu_order":1,"comment_status":"closed","ping_status":"closed","template":"powerball-usa-results.php","meta":{"_et_pb_use_builder":"","_et_pb_old_content":"","_et_gb_content_width":"","exclude_from_search":false,"footnotes":""},"class_list":["post-16822","page","type-page","status-publish","hentry"],"yoast_head":"<!-- This site is optimized with the Yoast SEO plugin v23.8 - https:\/\/yoast.com\/wordpress\/plugins\/seo\/ -->\n<title>Powerball loteriitulemused ja v\u00f5idunumbrid<\/title>\n<meta name=\"description\" content=\"Leia k\u00f5ige uuemad Powerball Loto tulemused siit, sealhulgas ka m\u00f6\u00f6dunud loosimiste arhiiv\" \/>\n<meta name=\"robots\" content=\"index, follow, max-snippet:-1, max-image-preview:large, max-video-preview:-1\" \/>\n<link rel=\"canonical\" href=\"https:\/\/redfoxlotto.com\/et\/tulemused\/powerball\/\" \/>\n<meta property=\"og:locale\" content=\"et_EE\" \/>\n<meta property=\"og:type\" content=\"article\" \/>\n<meta property=\"og:title\" content=\"Powerball loteriitulemused ja v\u00f5idunumbrid\" \/>\n<meta property=\"og:description\" content=\"Leia k\u00f5ige uuemad Powerball Loto tulemused siit, sealhulgas ka m\u00f6\u00f6dunud loosimiste arhiiv\" \/>\n<meta property=\"og:url\" content=\"https:\/\/redfoxlotto.com\/et\/tulemused\/powerball\/\" \/>\n<meta property=\"og:site_name\" content=\"Get Tickets for the World\u2019s largest jackpots\" \/>\n<meta property=\"article:modified_time\" content=\"2025-12-17T12:11:59+00:00\" \/>\n<meta property=\"og:image\" content=\"https:\/\/content.redfoxlotto.com\/uploads\/sites\/9\/1_results_powerball.jpg\" \/>\n<meta name=\"twitter:card\" content=\"summary_large_image\" \/>\n<meta name=\"twitter:label1\" content=\"Est. reading time\" \/>\n\t<meta name=\"twitter:data1\" content=\"2 minutit\" \/>\n<script type=\"application\/ld+json\" class=\"yoast-schema-graph\">{\"@context\":\"https:\/\/schema.org\",\"@graph\":[{\"@type\":\"WebPage\",\"@id\":\"https:\/\/redfoxlotto.com\/et\/tulemused\/powerball\/\",\"url\":\"https:\/\/redfoxlotto.com\/et\/tulemused\/powerball\/\",\"name\":\"Powerball loteriitulemused ja v\u00f5idunumbrid\",\"isPartOf\":{\"@id\":\"https:\/\/redfoxlotto.com\/et\/#website\"},\"primaryImageOfPage\":{\"@id\":\"https:\/\/redfoxlotto.com\/et\/tulemused\/powerball\/#primaryimage\"},\"image\":{\"@id\":\"https:\/\/redfoxlotto.com\/et\/tulemused\/powerball\/#primaryimage\"},\"thumbnailUrl\":\"https:\/\/content.redfoxlotto.com\/uploads\/sites\/9\/1_results_powerball.jpg\",\"datePublished\":\"2018-11-18T08:54:25+00:00\",\"dateModified\":\"2025-12-17T12:11:59+00:00\",\"description\":\"Leia k\u00f5ige uuemad Powerball Loto tulemused siit, sealhulgas ka m\u00f6\u00f6dunud loosimiste arhiiv\",\"breadcrumb\":{\"@id\":\"https:\/\/redfoxlotto.com\/et\/tulemused\/powerball\/#breadcrumb\"},\"inLanguage\":\"et\",\"potentialAction\":[{\"@type\":\"ReadAction\",\"target\":[\"https:\/\/redfoxlotto.com\/et\/tulemused\/powerball\/\"]}]},{\"@type\":\"ImageObject\",\"inLanguage\":\"et\",\"@id\":\"https:\/\/redfoxlotto.com\/et\/tulemused\/powerball\/#primaryimage\",\"url\":\"https:\/\/content.redfoxlotto.com\/uploads\/sites\/9\/1_results_powerball.jpg\",\"contentUrl\":\"https:\/\/content.redfoxlotto.com\/uploads\/sites\/9\/1_results_powerball.jpg\"},{\"@type\":\"BreadcrumbList\",\"@id\":\"https:\/\/redfoxlotto.com\/et\/tulemused\/powerball\/#breadcrumb\",\"itemListElement\":[{\"@type\":\"ListItem\",\"position\":1,\"name\":\"Home\",\"item\":\"https:\/\/redfoxlotto.com\/et\/\"},{\"@type\":\"ListItem\",\"position\":2,\"name\":\"Loterii Tulemused Internetis\",\"item\":\"https:\/\/redfoxlotto.com\/et\/tulemused\/\"},{\"@type\":\"ListItem\",\"position\":3,\"name\":\"Powerballi tulemused\"}]},{\"@type\":\"WebSite\",\"@id\":\"https:\/\/redfoxlotto.com\/et\/#website\",\"url\":\"https:\/\/redfoxlotto.com\/et\/\",\"name\":\"Get Tickets for the World\u2019s largest jackpots\",\"description\":\"Participate in worldwide lottery jackpots from any country\",\"publisher\":{\"@id\":\"https:\/\/redfoxlotto.com\/et\/#organization\"},\"potentialAction\":[{\"@type\":\"SearchAction\",\"target\":{\"@type\":\"EntryPoint\",\"urlTemplate\":\"https:\/\/redfoxlotto.com\/et\/?s={search_term_string}\"},\"query-input\":{\"@type\":\"PropertyValueSpecification\",\"valueRequired\":true,\"valueName\":\"search_term_string\"}}],\"inLanguage\":\"et\"},{\"@type\":\"Organization\",\"@id\":\"https:\/\/redfoxlotto.com\/et\/#organization\",\"name\":\"Get Tickets for the World\u2019s largest jackpots\",\"url\":\"https:\/\/redfoxlotto.com\/et\/\",\"logo\":{\"@type\":\"ImageObject\",\"inLanguage\":\"et\",\"@id\":\"https:\/\/redfoxlotto.com\/et\/#\/schema\/logo\/image\/\",\"url\":\"https:\/\/redfoxlotto.com\/wp-content\/uploads\/2023\/04\/logo.png\",\"contentUrl\":\"https:\/\/redfoxlotto.com\/wp-content\/uploads\/2023\/04\/logo.png\",\"width\":269,\"height\":53,\"caption\":\"Get Tickets for the World\u2019s largest jackpots\"},\"image\":{\"@id\":\"https:\/\/redfoxlotto.com\/et\/#\/schema\/logo\/image\/\"}}]}<\/script>\n<!-- \/ Yoast SEO plugin. -->","yoast_head_json":{"title":"Powerball loteriitulemused ja v\u00f5idunumbrid","description":"Leia k\u00f5ige uuemad Powerball Loto tulemused siit, sealhulgas ka m\u00f6\u00f6dunud loosimiste arhiiv","robots":{"index":"index","follow":"follow","max-snippet":"max-snippet:-1","max-image-preview":"max-image-preview:large","max-video-preview":"max-video-preview:-1"},"canonical":"https:\/\/redfoxlotto.com\/et\/tulemused\/powerball\/","og_locale":"et_EE","og_type":"article","og_title":"Powerball loteriitulemused ja v\u00f5idunumbrid","og_description":"Leia k\u00f5ige uuemad Powerball Loto tulemused siit, sealhulgas ka m\u00f6\u00f6dunud loosimiste arhiiv","og_url":"https:\/\/redfoxlotto.com\/et\/tulemused\/powerball\/","og_site_name":"Get Tickets for the World\u2019s largest jackpots","article_modified_time":"2025-12-17T12:11:59+00:00","og_image":[{"url":"https:\/\/content.redfoxlotto.com\/uploads\/sites\/9\/1_results_powerball.jpg"}],"twitter_card":"summary_large_image","twitter_misc":{"Est. reading time":"2 minutit"},"schema":{"@context":"https:\/\/schema.org","@graph":[{"@type":"WebPage","@id":"https:\/\/redfoxlotto.com\/et\/tulemused\/powerball\/","url":"https:\/\/redfoxlotto.com\/et\/tulemused\/powerball\/","name":"Powerball loteriitulemused ja v\u00f5idunumbrid","isPartOf":{"@id":"https:\/\/redfoxlotto.com\/et\/#website"},"primaryImageOfPage":{"@id":"https:\/\/redfoxlotto.com\/et\/tulemused\/powerball\/#primaryimage"},"image":{"@id":"https:\/\/redfoxlotto.com\/et\/tulemused\/powerball\/#primaryimage"},"thumbnailUrl":"https:\/\/content.redfoxlotto.com\/uploads\/sites\/9\/1_results_powerball.jpg","datePublished":"2018-11-18T08:54:25+00:00","dateModified":"2025-12-17T12:11:59+00:00","description":"Leia k\u00f5ige uuemad Powerball Loto tulemused siit, sealhulgas ka m\u00f6\u00f6dunud loosimiste arhiiv","breadcrumb":{"@id":"https:\/\/redfoxlotto.com\/et\/tulemused\/powerball\/#breadcrumb"},"inLanguage":"et","potentialAction":[{"@type":"ReadAction","target":["https:\/\/redfoxlotto.com\/et\/tulemused\/powerball\/"]}]},{"@type":"ImageObject","inLanguage":"et","@id":"https:\/\/redfoxlotto.com\/et\/tulemused\/powerball\/#primaryimage","url":"https:\/\/content.redfoxlotto.com\/uploads\/sites\/9\/1_results_powerball.jpg","contentUrl":"https:\/\/content.redfoxlotto.com\/uploads\/sites\/9\/1_results_powerball.jpg"},{"@type":"BreadcrumbList","@id":"https:\/\/redfoxlotto.com\/et\/tulemused\/powerball\/#breadcrumb","itemListElement":[{"@type":"ListItem","position":1,"name":"Home","item":"https:\/\/redfoxlotto.com\/et\/"},{"@type":"ListItem","position":2,"name":"Loterii Tulemused Internetis","item":"https:\/\/redfoxlotto.com\/et\/tulemused\/"},{"@type":"ListItem","position":3,"name":"Powerballi tulemused"}]},{"@type":"WebSite","@id":"https:\/\/redfoxlotto.com\/et\/#website","url":"https:\/\/redfoxlotto.com\/et\/","name":"Get Tickets for the World\u2019s largest jackpots","description":"Participate in worldwide lottery jackpots from any country","publisher":{"@id":"https:\/\/redfoxlotto.com\/et\/#organization"},"potentialAction":[{"@type":"SearchAction","target":{"@type":"EntryPoint","urlTemplate":"https:\/\/redfoxlotto.com\/et\/?s={search_term_string}"},"query-input":{"@type":"PropertyValueSpecification","valueRequired":true,"valueName":"search_term_string"}}],"inLanguage":"et"},{"@type":"Organization","@id":"https:\/\/redfoxlotto.com\/et\/#organization","name":"Get Tickets for the World\u2019s largest jackpots","url":"https:\/\/redfoxlotto.com\/et\/","logo":{"@type":"ImageObject","inLanguage":"et","@id":"https:\/\/redfoxlotto.com\/et\/#\/schema\/logo\/image\/","url":"https:\/\/redfoxlotto.com\/wp-content\/uploads\/2023\/04\/logo.png","contentUrl":"https:\/\/redfoxlotto.com\/wp-content\/uploads\/2023\/04\/logo.png","width":269,"height":53,"caption":"Get Tickets for the World\u2019s largest jackpots"},"image":{"@id":"https:\/\/redfoxlotto.com\/et\/#\/schema\/logo\/image\/"}}]}},"_links":{"self":[{"href":"https:\/\/redfoxlotto.com\/et\/wp-json\/wp\/v2\/pages\/16822","targetHints":{"allow":["GET"]}}],"collection":[{"href":"https:\/\/redfoxlotto.com\/et\/wp-json\/wp\/v2\/pages"}],"about":[{"href":"https:\/\/redfoxlotto.com\/et\/wp-json\/wp\/v2\/types\/page"}],"author":[{"embeddable":true,"href":"https:\/\/redfoxlotto.com\/et\/wp-json\/wp\/v2\/users\/1"}],"replies":[{"embeddable":true,"href":"https:\/\/redfoxlotto.com\/et\/wp-json\/wp\/v2\/comments?post=16822"}],"version-history":[{"count":0,"href":"https:\/\/redfoxlotto.com\/et\/wp-json\/wp\/v2\/pages\/16822\/revisions"}],"up":[{"embeddable":true,"href":"https:\/\/redfoxlotto.com\/et\/wp-json\/wp\/v2\/pages\/16817"}],"wp:attachment":[{"href":"https:\/\/redfoxlotto.com\/et\/wp-json\/wp\/v2\/media?parent=16822"}],"curies":[{"name":"wp","href":"https:\/\/api.w.org\/{rel}","templated":true}]}}