{"id":16820,"date":"2018-11-18T08:54:25","date_gmt":"2018-11-18T08:54:25","guid":{"rendered":"https:\/\/redfoxlotto.com\/?page_id=910"},"modified":"2025-12-18T06:35:22","modified_gmt":"2025-12-18T06:35:22","slug":"mega-millions","status":"publish","type":"page","link":"https:\/\/redfoxlotto.com\/et\/tulemused\/mega-millions\/","title":{"rendered":"Megamiljonite tulemused"},"content":{"rendered":"<script type=\"application\/ld+json\">\r\n{\r\n  \"@context\": \"https:\/\/schema.org\",\r\n  \"@type\": \"Service\",\r\n  \"name\": \"Kontrolli Mega Millions loosimise tulemusi veebis\",\r\n  \"url\": \"https:\/\/redfoxlotto.com\/et\/tulemused\/mega-millions\/\",\r\n  \"description\": \"K\u00fclastage RedFoxLotto, et vaadata viimaseid Mega Millions tulemusi ja meie loteriide arhiivi.\",\r\n  \"serviceType\": \"\u00dclemaailmne loteriitulemuste arhiiv\",\r\n\r\n  \"provider\": {\r\n    \"@type\": \"Organization\",\r\n    \"name\": \"RedFoxLotto\",\r\n    \"url\": \"https:\/\/redfoxlotto.com\/et\/\",\r\n    \"image\": \"https:\/\/redfoxlotto.com\/wp-content\/uploads\/2025\/12\/ticket_scans.jpg\",\r\n    \"sameAs\": []\r\n  },\r\n\r\n  \"areaServed\": \"Worldwide\",\r\n  \"termsOfService\": \"https:\/\/redfoxlotto.com\/et\/terms-and-conditions\/\",\r\n  \"additionalProperty\": {\r\n    \"@type\": \"PropertyValue\",\r\n    \"name\": \"FAQ\",\r\n    \"value\": \"https:\/\/redfoxlotto.com\/et\/faq\/\"\r\n  },\r\n\r\n  \"hasOfferCatalog\": {\r\n    \"@type\": \"OfferCatalog\",\r\n    \"name\": \"Mega Millions Loterii\",\r\n    \"itemListElement\": [\r\n      {\r\n        \"@type\": \"Offer\",\r\n        \"name\": \"Mega Millions Tulemused\",\r\n        \"url\": \"https:\/\/redfoxlotto.com\/et\/tulemused\/mega-millions\/\",\r\n        \"description\": \"Kl\u00f5psake siia, et valida oma numbrid j\u00e4rgmisele loosimisele \u2013 tellige piletid veebis.\",\r\n        \"price\": \"13.00\",\r\n        \"priceCurrency\": \"EUR\",\r\n        \"availability\": \"https:\/\/schema.org\/InStock\",\r\n        \"itemOffered\": {\r\n          \"@type\": \"Service\",\r\n          \"name\": \"Mega Millions Loterii\",\r\n          \"description\": \"Osalege j\u00e4rgmises Mega Millions loosimises RedFoxLotto kaudu.\"\r\n        }\r\n      }\r\n    ]\r\n  },\r\n\r\n  \"mainEntityOfPage\": {\r\n    \"@type\": \"WebPage\",\r\n    \"@id\": \"https:\/\/redfoxlotto.com\/et\/tulemused\/mega-millions\/\"\r\n  }\r\n}\r\n<\/script><p>Kas sa otsid m\u00f6\u00f6dunud loositulemusi Mega Millions USA jaoks? Siit on v\u00f5imalik neid leida, samuti ka arhiivist m\u00f6\u00f6dunud loosimiste v\u00f5idunumbreid.<\/p><h2 class=\"wp-block-heading\">Mega Millions Jackpot<\/h2><p><img loading=\"lazy\" decoding=\"async\" class=\" wp-image alignright\" src=\"https:\/\/content.redfoxlotto.com\/uploads\/sites\/9\/1_results_mega_millions.jpg\" alt=\"loterii tulemused\" width=\"251\" height=\"251\" \/><\/p><p>Minimaalne jackpot&#8217;i summa Mega Millions loteriis on $ 40 miljon. See t\u00e4hendab,e t kui keegi v\u00f5idab jackpot&#8217;i, siis j\u00e4rgmise loosimise jackpot algab summast $40 miljonit. Seega k\u00f5ige v\u00e4iksem jackpot&#8217;i summa (loomulikult enne makse), mida v\u00f5id v\u00f5ita on $40 miljonit.<\/p><p>T\u00f5siasi on see, et jackpot k\u00fc\u00fcndib \u00fcsna suureks US Mega Millions loteriis. Aegada k\u00f5ige suurem Mega Millions jackpot on \u00fcle 1.5 miljardi! See on kindlasti summa, millest k\u00f5ik Ameerikas tahtsid osa v\u00f5tta ja seega m\u00fc\u00fcdi miljoneid pileteid, kuid nemad ei olnud ainukesed, kes said loosimisest osa v\u00f5tta.<\/p><h2 class=\"wp-block-heading\">Mega Millions auhinna tasemed<\/h2><p>Meie tabelist on Sul v\u00f5imalik n\u00e4ha k\u00e4ttesaadavaid auhindu ja v\u00f5idusummasid. L\u00f5ppkokkuv\u00f5ttes on Mega Millions loteriiga v\u00f5imalik tegelikult midagi v\u00f5ita isegi kui Sa saad ainult Mega Ball&#8217;i v\u00f5i Sul on ainult 2 v\u00f5idunumbrit tavanumbrite seas. See t\u00e4hendab, et Sul on veelgi suuremad v\u00f5imalused oma raha eest midagi v\u00f5ita.<\/p><h2 class=\"wp-block-heading\">Mega Millions M\u00e4ngimine<\/h2><p><img decoding=\"async\" class=\"size-full wp-image alignright\" src=\"https:\/\/content.redfoxlotto.com\/uploads\/sites\/9\/1_lottery_winner_is2.jpg\" alt=\"Mega Millions jackpot\" \/><\/p><p>Kui Sa oled valmis Mega Millions&#8217;i m\u00e4ngimisega alustama, kuid Sa ei ole Ameerikast, siis on Sul vaja viisi, kuidas pilet osta, eks? Me aitame Sul osta Sinu poolt soovitud pileti. Sul on vaja seda \u00fclesse meiega konto ja osta oma piletid ning Sinu osta ongi tehtud. Sealt edasi kanname meie Sinu pileti eest hoolt.<\/p><p>Koheselt p\u00e4rast pileti ostmist ilmub see Sinu kontole ja Sul on v\u00f5imalik n\u00e4ha ka seda, kas oled midagi v\u00f5itnud, sest me teeme Mega Millions tulemuste ja v\u00f5idunumbrite leidmise meie s\u00fcsteemist v\u00e4ga lihtsaks. K\u00f5ik v\u00f5idunumbrid Sinu piletil on v\u00e4lja toodud. Sellisel viisil on Sul v\u00e4ga lihtne koheselt n\u00e4ha, mitu v\u00f5idunumbrit Sul on!<\/p>","protected":false},"excerpt":{"rendered":"<p>Kas sa otsid m\u00f6\u00f6dunud loositulemusi Mega Millions USA jaoks? Siit on v\u00f5imalik neid leida, samuti ka arhiivist m\u00f6\u00f6dunud loosimiste v\u00f5idunumbreid. Mega Millions Jackpot Minimaalne jackpot&#8217;i summa Mega Millions loteriis on $ 40 miljon. See t\u00e4hendab,e t kui keegi v\u00f5idab jackpot&#8217;i, siis j\u00e4rgmise loosimise jackpot algab summast $40 miljonit. Seega k\u00f5ige v\u00e4iksem jackpot&#8217;i summa (loomulikult enne [&hellip;]<\/p>\n","protected":false},"author":1,"featured_media":0,"parent":16817,"menu_order":2,"comment_status":"closed","ping_status":"closed","template":"megamillion-results.php","meta":{"_et_pb_use_builder":"","_et_pb_old_content":"","_et_gb_content_width":"","exclude_from_search":false,"footnotes":""},"class_list":["post-16820","page","type-page","status-publish","hentry"],"yoast_head":"<!-- This site is optimized with the Yoast SEO plugin v23.8 - https:\/\/yoast.com\/wordpress\/plugins\/seo\/ -->\n<title>Mega Millions V\u00f5idunumbrid ja tulemused<\/title>\n<meta name=\"description\" content=\"Vaada v\u00f5idunumbreid meie Mega Millions tulemuste lehek\u00fcljelt, kasutades meie m\u00f6\u00f6dunud loosimiste arhiivi\" \/>\n<meta name=\"robots\" content=\"index, follow, max-snippet:-1, max-image-preview:large, max-video-preview:-1\" \/>\n<link rel=\"canonical\" href=\"https:\/\/redfoxlotto.com\/et\/tulemused\/mega-millions\/\" \/>\n<meta property=\"og:locale\" content=\"et_EE\" \/>\n<meta property=\"og:type\" content=\"article\" \/>\n<meta property=\"og:title\" content=\"Mega Millions V\u00f5idunumbrid ja tulemused\" \/>\n<meta property=\"og:description\" content=\"Vaada v\u00f5idunumbreid meie Mega Millions tulemuste lehek\u00fcljelt, kasutades meie m\u00f6\u00f6dunud loosimiste arhiivi\" \/>\n<meta property=\"og:url\" content=\"https:\/\/redfoxlotto.com\/et\/tulemused\/mega-millions\/\" \/>\n<meta property=\"og:site_name\" content=\"Get Tickets for the World\u2019s largest jackpots\" \/>\n<meta property=\"article:modified_time\" content=\"2025-12-18T06:35:22+00:00\" \/>\n<meta property=\"og:image\" content=\"https:\/\/content.redfoxlotto.com\/uploads\/sites\/9\/1_results_mega_millions.jpg\" \/>\n<meta name=\"twitter:card\" content=\"summary_large_image\" \/>\n<meta name=\"twitter:label1\" content=\"Est. reading time\" \/>\n\t<meta name=\"twitter:data1\" content=\"2 minutit\" \/>\n<script type=\"application\/ld+json\" class=\"yoast-schema-graph\">{\"@context\":\"https:\/\/schema.org\",\"@graph\":[{\"@type\":\"WebPage\",\"@id\":\"https:\/\/redfoxlotto.com\/et\/tulemused\/mega-millions\/\",\"url\":\"https:\/\/redfoxlotto.com\/et\/tulemused\/mega-millions\/\",\"name\":\"Mega Millions V\u00f5idunumbrid ja tulemused\",\"isPartOf\":{\"@id\":\"https:\/\/redfoxlotto.com\/et\/#website\"},\"primaryImageOfPage\":{\"@id\":\"https:\/\/redfoxlotto.com\/et\/tulemused\/mega-millions\/#primaryimage\"},\"image\":{\"@id\":\"https:\/\/redfoxlotto.com\/et\/tulemused\/mega-millions\/#primaryimage\"},\"thumbnailUrl\":\"https:\/\/content.redfoxlotto.com\/uploads\/sites\/9\/1_results_mega_millions.jpg\",\"datePublished\":\"2018-11-18T08:54:25+00:00\",\"dateModified\":\"2025-12-18T06:35:22+00:00\",\"description\":\"Vaada v\u00f5idunumbreid meie Mega Millions tulemuste lehek\u00fcljelt, kasutades meie m\u00f6\u00f6dunud loosimiste arhiivi\",\"breadcrumb\":{\"@id\":\"https:\/\/redfoxlotto.com\/et\/tulemused\/mega-millions\/#breadcrumb\"},\"inLanguage\":\"et\",\"potentialAction\":[{\"@type\":\"ReadAction\",\"target\":[\"https:\/\/redfoxlotto.com\/et\/tulemused\/mega-millions\/\"]}]},{\"@type\":\"ImageObject\",\"inLanguage\":\"et\",\"@id\":\"https:\/\/redfoxlotto.com\/et\/tulemused\/mega-millions\/#primaryimage\",\"url\":\"https:\/\/content.redfoxlotto.com\/uploads\/sites\/9\/1_results_mega_millions.jpg\",\"contentUrl\":\"https:\/\/content.redfoxlotto.com\/uploads\/sites\/9\/1_results_mega_millions.jpg\"},{\"@type\":\"BreadcrumbList\",\"@id\":\"https:\/\/redfoxlotto.com\/et\/tulemused\/mega-millions\/#breadcrumb\",\"itemListElement\":[{\"@type\":\"ListItem\",\"position\":1,\"name\":\"Home\",\"item\":\"https:\/\/redfoxlotto.com\/et\/\"},{\"@type\":\"ListItem\",\"position\":2,\"name\":\"Loterii Tulemused Internetis\",\"item\":\"https:\/\/redfoxlotto.com\/et\/tulemused\/\"},{\"@type\":\"ListItem\",\"position\":3,\"name\":\"Megamiljonite tulemused\"}]},{\"@type\":\"WebSite\",\"@id\":\"https:\/\/redfoxlotto.com\/et\/#website\",\"url\":\"https:\/\/redfoxlotto.com\/et\/\",\"name\":\"Get Tickets for the World\u2019s largest jackpots\",\"description\":\"Participate in worldwide lottery jackpots from any country\",\"publisher\":{\"@id\":\"https:\/\/redfoxlotto.com\/et\/#organization\"},\"potentialAction\":[{\"@type\":\"SearchAction\",\"target\":{\"@type\":\"EntryPoint\",\"urlTemplate\":\"https:\/\/redfoxlotto.com\/et\/?s={search_term_string}\"},\"query-input\":{\"@type\":\"PropertyValueSpecification\",\"valueRequired\":true,\"valueName\":\"search_term_string\"}}],\"inLanguage\":\"et\"},{\"@type\":\"Organization\",\"@id\":\"https:\/\/redfoxlotto.com\/et\/#organization\",\"name\":\"Get Tickets for the World\u2019s largest jackpots\",\"url\":\"https:\/\/redfoxlotto.com\/et\/\",\"logo\":{\"@type\":\"ImageObject\",\"inLanguage\":\"et\",\"@id\":\"https:\/\/redfoxlotto.com\/et\/#\/schema\/logo\/image\/\",\"url\":\"https:\/\/redfoxlotto.com\/wp-content\/uploads\/2023\/04\/logo.png\",\"contentUrl\":\"https:\/\/redfoxlotto.com\/wp-content\/uploads\/2023\/04\/logo.png\",\"width\":269,\"height\":53,\"caption\":\"Get Tickets for the World\u2019s largest jackpots\"},\"image\":{\"@id\":\"https:\/\/redfoxlotto.com\/et\/#\/schema\/logo\/image\/\"}}]}<\/script>\n<!-- \/ Yoast SEO plugin. -->","yoast_head_json":{"title":"Mega Millions V\u00f5idunumbrid ja tulemused","description":"Vaada v\u00f5idunumbreid meie Mega Millions tulemuste lehek\u00fcljelt, kasutades meie m\u00f6\u00f6dunud loosimiste arhiivi","robots":{"index":"index","follow":"follow","max-snippet":"max-snippet:-1","max-image-preview":"max-image-preview:large","max-video-preview":"max-video-preview:-1"},"canonical":"https:\/\/redfoxlotto.com\/et\/tulemused\/mega-millions\/","og_locale":"et_EE","og_type":"article","og_title":"Mega Millions V\u00f5idunumbrid ja tulemused","og_description":"Vaada v\u00f5idunumbreid meie Mega Millions tulemuste lehek\u00fcljelt, kasutades meie m\u00f6\u00f6dunud loosimiste arhiivi","og_url":"https:\/\/redfoxlotto.com\/et\/tulemused\/mega-millions\/","og_site_name":"Get Tickets for the World\u2019s largest jackpots","article_modified_time":"2025-12-18T06:35:22+00:00","og_image":[{"url":"https:\/\/content.redfoxlotto.com\/uploads\/sites\/9\/1_results_mega_millions.jpg"}],"twitter_card":"summary_large_image","twitter_misc":{"Est. reading time":"2 minutit"},"schema":{"@context":"https:\/\/schema.org","@graph":[{"@type":"WebPage","@id":"https:\/\/redfoxlotto.com\/et\/tulemused\/mega-millions\/","url":"https:\/\/redfoxlotto.com\/et\/tulemused\/mega-millions\/","name":"Mega Millions V\u00f5idunumbrid ja tulemused","isPartOf":{"@id":"https:\/\/redfoxlotto.com\/et\/#website"},"primaryImageOfPage":{"@id":"https:\/\/redfoxlotto.com\/et\/tulemused\/mega-millions\/#primaryimage"},"image":{"@id":"https:\/\/redfoxlotto.com\/et\/tulemused\/mega-millions\/#primaryimage"},"thumbnailUrl":"https:\/\/content.redfoxlotto.com\/uploads\/sites\/9\/1_results_mega_millions.jpg","datePublished":"2018-11-18T08:54:25+00:00","dateModified":"2025-12-18T06:35:22+00:00","description":"Vaada v\u00f5idunumbreid meie Mega Millions tulemuste lehek\u00fcljelt, kasutades meie m\u00f6\u00f6dunud loosimiste arhiivi","breadcrumb":{"@id":"https:\/\/redfoxlotto.com\/et\/tulemused\/mega-millions\/#breadcrumb"},"inLanguage":"et","potentialAction":[{"@type":"ReadAction","target":["https:\/\/redfoxlotto.com\/et\/tulemused\/mega-millions\/"]}]},{"@type":"ImageObject","inLanguage":"et","@id":"https:\/\/redfoxlotto.com\/et\/tulemused\/mega-millions\/#primaryimage","url":"https:\/\/content.redfoxlotto.com\/uploads\/sites\/9\/1_results_mega_millions.jpg","contentUrl":"https:\/\/content.redfoxlotto.com\/uploads\/sites\/9\/1_results_mega_millions.jpg"},{"@type":"BreadcrumbList","@id":"https:\/\/redfoxlotto.com\/et\/tulemused\/mega-millions\/#breadcrumb","itemListElement":[{"@type":"ListItem","position":1,"name":"Home","item":"https:\/\/redfoxlotto.com\/et\/"},{"@type":"ListItem","position":2,"name":"Loterii Tulemused Internetis","item":"https:\/\/redfoxlotto.com\/et\/tulemused\/"},{"@type":"ListItem","position":3,"name":"Megamiljonite tulemused"}]},{"@type":"WebSite","@id":"https:\/\/redfoxlotto.com\/et\/#website","url":"https:\/\/redfoxlotto.com\/et\/","name":"Get Tickets for the World\u2019s largest jackpots","description":"Participate in worldwide lottery jackpots from any country","publisher":{"@id":"https:\/\/redfoxlotto.com\/et\/#organization"},"potentialAction":[{"@type":"SearchAction","target":{"@type":"EntryPoint","urlTemplate":"https:\/\/redfoxlotto.com\/et\/?s={search_term_string}"},"query-input":{"@type":"PropertyValueSpecification","valueRequired":true,"valueName":"search_term_string"}}],"inLanguage":"et"},{"@type":"Organization","@id":"https:\/\/redfoxlotto.com\/et\/#organization","name":"Get Tickets for the World\u2019s largest jackpots","url":"https:\/\/redfoxlotto.com\/et\/","logo":{"@type":"ImageObject","inLanguage":"et","@id":"https:\/\/redfoxlotto.com\/et\/#\/schema\/logo\/image\/","url":"https:\/\/redfoxlotto.com\/wp-content\/uploads\/2023\/04\/logo.png","contentUrl":"https:\/\/redfoxlotto.com\/wp-content\/uploads\/2023\/04\/logo.png","width":269,"height":53,"caption":"Get Tickets for the World\u2019s largest jackpots"},"image":{"@id":"https:\/\/redfoxlotto.com\/et\/#\/schema\/logo\/image\/"}}]}},"_links":{"self":[{"href":"https:\/\/redfoxlotto.com\/et\/wp-json\/wp\/v2\/pages\/16820","targetHints":{"allow":["GET"]}}],"collection":[{"href":"https:\/\/redfoxlotto.com\/et\/wp-json\/wp\/v2\/pages"}],"about":[{"href":"https:\/\/redfoxlotto.com\/et\/wp-json\/wp\/v2\/types\/page"}],"author":[{"embeddable":true,"href":"https:\/\/redfoxlotto.com\/et\/wp-json\/wp\/v2\/users\/1"}],"replies":[{"embeddable":true,"href":"https:\/\/redfoxlotto.com\/et\/wp-json\/wp\/v2\/comments?post=16820"}],"version-history":[{"count":0,"href":"https:\/\/redfoxlotto.com\/et\/wp-json\/wp\/v2\/pages\/16820\/revisions"}],"up":[{"embeddable":true,"href":"https:\/\/redfoxlotto.com\/et\/wp-json\/wp\/v2\/pages\/16817"}],"wp:attachment":[{"href":"https:\/\/redfoxlotto.com\/et\/wp-json\/wp\/v2\/media?parent=16820"}],"curies":[{"name":"wp","href":"https:\/\/api.w.org\/{rel}","templated":true}]}}