{"id":16819,"date":"2018-11-18T08:54:25","date_gmt":"2018-11-18T08:54:25","guid":{"rendered":"https:\/\/redfoxlotto.com\/?page_id=908"},"modified":"2025-12-17T14:43:56","modified_gmt":"2025-12-17T14:43:56","slug":"euromillions","status":"publish","type":"page","link":"https:\/\/redfoxlotto.com\/et\/tulemused\/euromillions\/","title":{"rendered":"EuroMillions tulemused ja viimased v\u00f5idunumbrid"},"content":{"rendered":"<script type=\"application\/ld+json\">\r\n{\r\n  \"@context\": \"https:\/\/schema.org\",\r\n  \"@type\": \"Service\",\r\n  \"name\": \"Euromillionsi tulemuste kontroll veebis\",\r\n  \"url\": \"https:\/\/redfoxlotto.com\/et\/tulemused\/euromillions\/\",\r\n  \"description\": \"K\u00fclasta RedFoxLottot, et vaadata uusimaid ja varasemaid Euromillionsi tulemusi.\",\r\n  \"serviceType\": \"\u00dclemaailmne loteriitulemuste arhiiv\",\r\n  \"provider\": {\r\n    \"@type\": \"Organization\",\r\n    \"name\": \"RedFoxLotto\",\r\n    \"url\": \"https:\/\/redfoxlotto.com\",\r\n    \"image\": \"https:\/\/redfoxlotto.com\/wp-content\/uploads\/2025\/12\/ticket_scans.jpg\",\r\n    \"sameAs\": []\r\n  },\r\n  \"areaServed\": \"Worldwide\",\r\n  \"termsOfService\": \"https:\/\/redfoxlotto.com\/terms-and-conditions\",\r\n  \"additionalProperty\": {\r\n    \"@type\": \"PropertyValue\",\r\n    \"name\": \"FAQ\",\r\n    \"value\": \"https:\/\/redfoxlotto.com\/et\/tulemused\/euromillions\/\"\r\n  },\r\n  \"hasOfferCatalog\": {\r\n    \"@type\": \"OfferCatalog\",\r\n    \"name\": \"Euromillionsi tulemused\",\r\n    \"itemListElement\": [{\r\n      \"@type\": \"Offer\",\r\n      \"name\": \"Euromillionsi tulemused\",\r\n      \"url\": \"https:\/\/redfoxlotto.com\/et\/tulemused\/euromillions\/\",\r\n      \"description\": \"Viimased ja varasemad Euromillionsi tulemused.\",\r\n      \"itemOffered\": {\r\n        \"@type\": \"Service\",\r\n        \"name\": \"Euromillionsi tulemused\",\r\n        \"description\": \"Euromillionsi loositud numbrid.\"\r\n      }\r\n    }]\r\n  },\r\n  \"mainEntityOfPage\": {\r\n    \"@type\": \"WebPage\",\r\n    \"@id\": \"https:\/\/redfoxlotto.com\/et\/tulemused\/euromillions\/\"\r\n  }\r\n}\r\n<\/script><p>Sellel lehek\u00fcljel anname me nimekirja EuroMillions loositulemustega. Kas Sinu pilet v\u00f5itis? Palju \u00f5nne!<\/p><p><img decoding=\"async\" class=\"size-full wp-image alignright\" src=\"https:\/\/content.redfoxlotto.com\/uploads\/sites\/9\/1_results_mega_millions.jpg\" alt=\"loterii tulemused\" \/><\/p><p>Kasuta \u00e4ra meie tulemuste arhiivi, kust v\u00f5id leida informatsiooni selle kohta, millised numbrid pole kaua aega v\u00f5itnud.<\/p>\r\n<h2>EuroMillions ja UK Millionaire Maker<\/h2>\r\n<p>M\u00e4ngijad maksavad veidi rohkem, sest EuroMillions&#8217;i piletid ostetakse \u00dchendkuningriigis. Selle p\u00f5hjuseks on asjaolu, et \u00dchendkuningriigi piletid osalevad automaatselt Millionaire Maker&#8217;i loosimises, mis annab lisav\u00f5imaluse v\u00f5ita 1 miljon naela.<\/p>\r\n<p>Millionaire Maker t\u00f6\u00f6tab, genereerides iga ostetud pileti jaoks unikaalse koodi. See kood koosneb neljast t\u00e4hest, millele j\u00e4rgneb viis numbrit (nt ABCD12345). Igal loosimisel valitakse juhuslikult \u00fcks v\u00f5i mitu sellist koodi ning piletiomanik, kelle kood vastab, v\u00f5idab kohe 1 miljon naela, olenemata EuroMillions&#8217;i p\u00f5hinumbritest, mis on loositud.<\/p>\r\n<p>See funktsioon muudab EuroMillions&#8217;i m\u00e4ngimise \u00dchendkuningriigis eriti atraktiivseks, sest see annab lisav\u00f5imaluse v\u00f5ita m\u00e4rkimisv\u00e4\u00e4rne auhind lisaks tavap\u00e4rasele jackpotile ja madalama taseme auhindadele.<\/p><h2 class=\"wp-block-heading\">Kas Sa v\u00f5itsid?<\/h2><p>Numbrite kontrollime on v\u00e4ga lihtne kohe siit, kust oled oma pileti ostnud. Selle p\u00f5hjuseks on see, et me anname Sulle teada millised on v\u00f5idunumbrid, ning millised numbrid Sinu piletilt v\u00f5itsid.<\/p><h2 class=\"wp-block-heading\">Oma V\u00f5itude N\u00f5udmine<\/h2><p><img decoding=\"async\" class=\"size-full wp-image alignright\" src=\"https:\/\/content.redfoxlotto.com\/uploads\/sites\/9\/1_lottery_winner_is2.jpg\" alt=\"Mega Millions jackpot\" \/><\/p><p>Kui Sa v\u00f5idad loteriis, mida oled internetis m\u00e4nginud, siis oma v\u00f5itude v\u00e4lja n\u00f5udmine on t\u00e4pselt sama lihtne kui Sa elaksid samas riigis. V\u00e4ikestest v\u00f5itudest v\u00f5ib olla piisav j\u00e4rgmise pileti ostmiseks. Kui sa v\u00f5idad kuni \u20ac2500, siis raha kantakse koheselt sinu RedFoxLotto kontole. Suurematest v\u00f5idusummadest v\u00f5ib piisata, et osta see eriline asi, millest oled alati unistanud. Sellel juhul v\u00f5tab meie klienditugi Sinuga \u00fchendust ja lepivad kokku v\u00e4lja maksmise.<\/p>","protected":false},"excerpt":{"rendered":"<p>Sellel lehek\u00fcljel anname me nimekirja EuroMillions loositulemustega. Kas Sinu pilet v\u00f5itis? Palju \u00f5nne! Kasuta \u00e4ra meie tulemuste arhiivi, kust v\u00f5id leida informatsiooni selle kohta, millised numbrid pole kaua aega v\u00f5itnud. EuroMillions ja UK Millionaire Maker M\u00e4ngijad maksavad veidi rohkem, sest EuroMillions&#8217;i piletid ostetakse \u00dchendkuningriigis. Selle p\u00f5hjuseks on asjaolu, et \u00dchendkuningriigi piletid osalevad automaatselt Millionaire Maker&#8217;i [&hellip;]<\/p>\n","protected":false},"author":1,"featured_media":0,"parent":16817,"menu_order":3,"comment_status":"closed","ping_status":"closed","template":"euromillions-results.php","meta":{"_et_pb_use_builder":"","_et_pb_old_content":"","_et_gb_content_width":"","exclude_from_search":false,"footnotes":""},"class_list":["post-16819","page","type-page","status-publish","hentry"],"yoast_head":"<!-- This site is optimized with the Yoast SEO plugin v23.8 - https:\/\/yoast.com\/wordpress\/plugins\/seo\/ -->\n<title>EuroMillions Loteriitulemused<\/title>\n<meta name=\"description\" content=\"Tulemused k\u00f5ige hiljutisemalt ja m\u00f6\u00f6dunud Euromillions loosimistelt k\u00f5ik \u00fchel lehel\" \/>\n<meta name=\"robots\" content=\"index, follow, max-snippet:-1, max-image-preview:large, max-video-preview:-1\" \/>\n<link rel=\"canonical\" href=\"https:\/\/redfoxlotto.com\/et\/tulemused\/euromillions\/\" \/>\n<meta property=\"og:locale\" content=\"et_EE\" \/>\n<meta property=\"og:type\" content=\"article\" \/>\n<meta property=\"og:title\" content=\"EuroMillions Loteriitulemused\" \/>\n<meta property=\"og:description\" content=\"Tulemused k\u00f5ige hiljutisemalt ja m\u00f6\u00f6dunud Euromillions loosimistelt k\u00f5ik \u00fchel lehel\" \/>\n<meta property=\"og:url\" content=\"https:\/\/redfoxlotto.com\/et\/tulemused\/euromillions\/\" \/>\n<meta property=\"og:site_name\" content=\"Get Tickets for the World\u2019s largest jackpots\" \/>\n<meta property=\"article:modified_time\" content=\"2025-12-17T14:43:56+00:00\" \/>\n<meta property=\"og:image\" content=\"https:\/\/content.redfoxlotto.com\/uploads\/sites\/9\/1_results_mega_millions.jpg\" \/>\n<meta name=\"twitter:card\" content=\"summary_large_image\" \/>\n<meta name=\"twitter:label1\" content=\"Est. reading time\" \/>\n\t<meta name=\"twitter:data1\" content=\"2 minutit\" \/>\n<script type=\"application\/ld+json\" class=\"yoast-schema-graph\">{\"@context\":\"https:\/\/schema.org\",\"@graph\":[{\"@type\":\"WebPage\",\"@id\":\"https:\/\/redfoxlotto.com\/et\/tulemused\/euromillions\/\",\"url\":\"https:\/\/redfoxlotto.com\/et\/tulemused\/euromillions\/\",\"name\":\"EuroMillions Loteriitulemused\",\"isPartOf\":{\"@id\":\"https:\/\/redfoxlotto.com\/et\/#website\"},\"primaryImageOfPage\":{\"@id\":\"https:\/\/redfoxlotto.com\/et\/tulemused\/euromillions\/#primaryimage\"},\"image\":{\"@id\":\"https:\/\/redfoxlotto.com\/et\/tulemused\/euromillions\/#primaryimage\"},\"thumbnailUrl\":\"https:\/\/content.redfoxlotto.com\/uploads\/sites\/9\/1_results_mega_millions.jpg\",\"datePublished\":\"2018-11-18T08:54:25+00:00\",\"dateModified\":\"2025-12-17T14:43:56+00:00\",\"description\":\"Tulemused k\u00f5ige hiljutisemalt ja m\u00f6\u00f6dunud Euromillions loosimistelt k\u00f5ik \u00fchel lehel\",\"breadcrumb\":{\"@id\":\"https:\/\/redfoxlotto.com\/et\/tulemused\/euromillions\/#breadcrumb\"},\"inLanguage\":\"et\",\"potentialAction\":[{\"@type\":\"ReadAction\",\"target\":[\"https:\/\/redfoxlotto.com\/et\/tulemused\/euromillions\/\"]}]},{\"@type\":\"ImageObject\",\"inLanguage\":\"et\",\"@id\":\"https:\/\/redfoxlotto.com\/et\/tulemused\/euromillions\/#primaryimage\",\"url\":\"https:\/\/content.redfoxlotto.com\/uploads\/sites\/9\/1_results_mega_millions.jpg\",\"contentUrl\":\"https:\/\/content.redfoxlotto.com\/uploads\/sites\/9\/1_results_mega_millions.jpg\"},{\"@type\":\"BreadcrumbList\",\"@id\":\"https:\/\/redfoxlotto.com\/et\/tulemused\/euromillions\/#breadcrumb\",\"itemListElement\":[{\"@type\":\"ListItem\",\"position\":1,\"name\":\"Home\",\"item\":\"https:\/\/redfoxlotto.com\/et\/\"},{\"@type\":\"ListItem\",\"position\":2,\"name\":\"Loterii Tulemused Internetis\",\"item\":\"https:\/\/redfoxlotto.com\/et\/tulemused\/\"},{\"@type\":\"ListItem\",\"position\":3,\"name\":\"EuroMillions tulemused ja viimased v\u00f5idunumbrid\"}]},{\"@type\":\"WebSite\",\"@id\":\"https:\/\/redfoxlotto.com\/et\/#website\",\"url\":\"https:\/\/redfoxlotto.com\/et\/\",\"name\":\"Get Tickets for the World\u2019s largest jackpots\",\"description\":\"Participate in worldwide lottery jackpots from any country\",\"publisher\":{\"@id\":\"https:\/\/redfoxlotto.com\/et\/#organization\"},\"potentialAction\":[{\"@type\":\"SearchAction\",\"target\":{\"@type\":\"EntryPoint\",\"urlTemplate\":\"https:\/\/redfoxlotto.com\/et\/?s={search_term_string}\"},\"query-input\":{\"@type\":\"PropertyValueSpecification\",\"valueRequired\":true,\"valueName\":\"search_term_string\"}}],\"inLanguage\":\"et\"},{\"@type\":\"Organization\",\"@id\":\"https:\/\/redfoxlotto.com\/et\/#organization\",\"name\":\"Get Tickets for the World\u2019s largest jackpots\",\"url\":\"https:\/\/redfoxlotto.com\/et\/\",\"logo\":{\"@type\":\"ImageObject\",\"inLanguage\":\"et\",\"@id\":\"https:\/\/redfoxlotto.com\/et\/#\/schema\/logo\/image\/\",\"url\":\"https:\/\/redfoxlotto.com\/wp-content\/uploads\/2023\/04\/logo.png\",\"contentUrl\":\"https:\/\/redfoxlotto.com\/wp-content\/uploads\/2023\/04\/logo.png\",\"width\":269,\"height\":53,\"caption\":\"Get Tickets for the World\u2019s largest jackpots\"},\"image\":{\"@id\":\"https:\/\/redfoxlotto.com\/et\/#\/schema\/logo\/image\/\"}}]}<\/script>\n<!-- \/ Yoast SEO plugin. -->","yoast_head_json":{"title":"EuroMillions Loteriitulemused","description":"Tulemused k\u00f5ige hiljutisemalt ja m\u00f6\u00f6dunud Euromillions loosimistelt k\u00f5ik \u00fchel lehel","robots":{"index":"index","follow":"follow","max-snippet":"max-snippet:-1","max-image-preview":"max-image-preview:large","max-video-preview":"max-video-preview:-1"},"canonical":"https:\/\/redfoxlotto.com\/et\/tulemused\/euromillions\/","og_locale":"et_EE","og_type":"article","og_title":"EuroMillions Loteriitulemused","og_description":"Tulemused k\u00f5ige hiljutisemalt ja m\u00f6\u00f6dunud Euromillions loosimistelt k\u00f5ik \u00fchel lehel","og_url":"https:\/\/redfoxlotto.com\/et\/tulemused\/euromillions\/","og_site_name":"Get Tickets for the World\u2019s largest jackpots","article_modified_time":"2025-12-17T14:43:56+00:00","og_image":[{"url":"https:\/\/content.redfoxlotto.com\/uploads\/sites\/9\/1_results_mega_millions.jpg"}],"twitter_card":"summary_large_image","twitter_misc":{"Est. reading time":"2 minutit"},"schema":{"@context":"https:\/\/schema.org","@graph":[{"@type":"WebPage","@id":"https:\/\/redfoxlotto.com\/et\/tulemused\/euromillions\/","url":"https:\/\/redfoxlotto.com\/et\/tulemused\/euromillions\/","name":"EuroMillions Loteriitulemused","isPartOf":{"@id":"https:\/\/redfoxlotto.com\/et\/#website"},"primaryImageOfPage":{"@id":"https:\/\/redfoxlotto.com\/et\/tulemused\/euromillions\/#primaryimage"},"image":{"@id":"https:\/\/redfoxlotto.com\/et\/tulemused\/euromillions\/#primaryimage"},"thumbnailUrl":"https:\/\/content.redfoxlotto.com\/uploads\/sites\/9\/1_results_mega_millions.jpg","datePublished":"2018-11-18T08:54:25+00:00","dateModified":"2025-12-17T14:43:56+00:00","description":"Tulemused k\u00f5ige hiljutisemalt ja m\u00f6\u00f6dunud Euromillions loosimistelt k\u00f5ik \u00fchel lehel","breadcrumb":{"@id":"https:\/\/redfoxlotto.com\/et\/tulemused\/euromillions\/#breadcrumb"},"inLanguage":"et","potentialAction":[{"@type":"ReadAction","target":["https:\/\/redfoxlotto.com\/et\/tulemused\/euromillions\/"]}]},{"@type":"ImageObject","inLanguage":"et","@id":"https:\/\/redfoxlotto.com\/et\/tulemused\/euromillions\/#primaryimage","url":"https:\/\/content.redfoxlotto.com\/uploads\/sites\/9\/1_results_mega_millions.jpg","contentUrl":"https:\/\/content.redfoxlotto.com\/uploads\/sites\/9\/1_results_mega_millions.jpg"},{"@type":"BreadcrumbList","@id":"https:\/\/redfoxlotto.com\/et\/tulemused\/euromillions\/#breadcrumb","itemListElement":[{"@type":"ListItem","position":1,"name":"Home","item":"https:\/\/redfoxlotto.com\/et\/"},{"@type":"ListItem","position":2,"name":"Loterii Tulemused Internetis","item":"https:\/\/redfoxlotto.com\/et\/tulemused\/"},{"@type":"ListItem","position":3,"name":"EuroMillions tulemused ja viimased v\u00f5idunumbrid"}]},{"@type":"WebSite","@id":"https:\/\/redfoxlotto.com\/et\/#website","url":"https:\/\/redfoxlotto.com\/et\/","name":"Get Tickets for the World\u2019s largest jackpots","description":"Participate in worldwide lottery jackpots from any country","publisher":{"@id":"https:\/\/redfoxlotto.com\/et\/#organization"},"potentialAction":[{"@type":"SearchAction","target":{"@type":"EntryPoint","urlTemplate":"https:\/\/redfoxlotto.com\/et\/?s={search_term_string}"},"query-input":{"@type":"PropertyValueSpecification","valueRequired":true,"valueName":"search_term_string"}}],"inLanguage":"et"},{"@type":"Organization","@id":"https:\/\/redfoxlotto.com\/et\/#organization","name":"Get Tickets for the World\u2019s largest jackpots","url":"https:\/\/redfoxlotto.com\/et\/","logo":{"@type":"ImageObject","inLanguage":"et","@id":"https:\/\/redfoxlotto.com\/et\/#\/schema\/logo\/image\/","url":"https:\/\/redfoxlotto.com\/wp-content\/uploads\/2023\/04\/logo.png","contentUrl":"https:\/\/redfoxlotto.com\/wp-content\/uploads\/2023\/04\/logo.png","width":269,"height":53,"caption":"Get Tickets for the World\u2019s largest jackpots"},"image":{"@id":"https:\/\/redfoxlotto.com\/et\/#\/schema\/logo\/image\/"}}]}},"_links":{"self":[{"href":"https:\/\/redfoxlotto.com\/et\/wp-json\/wp\/v2\/pages\/16819","targetHints":{"allow":["GET"]}}],"collection":[{"href":"https:\/\/redfoxlotto.com\/et\/wp-json\/wp\/v2\/pages"}],"about":[{"href":"https:\/\/redfoxlotto.com\/et\/wp-json\/wp\/v2\/types\/page"}],"author":[{"embeddable":true,"href":"https:\/\/redfoxlotto.com\/et\/wp-json\/wp\/v2\/users\/1"}],"replies":[{"embeddable":true,"href":"https:\/\/redfoxlotto.com\/et\/wp-json\/wp\/v2\/comments?post=16819"}],"version-history":[{"count":0,"href":"https:\/\/redfoxlotto.com\/et\/wp-json\/wp\/v2\/pages\/16819\/revisions"}],"up":[{"embeddable":true,"href":"https:\/\/redfoxlotto.com\/et\/wp-json\/wp\/v2\/pages\/16817"}],"wp:attachment":[{"href":"https:\/\/redfoxlotto.com\/et\/wp-json\/wp\/v2\/media?parent=16819"}],"curies":[{"name":"wp","href":"https:\/\/api.w.org\/{rel}","templated":true}]}}