{"id":16817,"date":"2023-04-24T14:13:24","date_gmt":"2023-04-24T14:13:24","guid":{"rendered":"https:\/\/redfoxlotto.com\/?page_id=904"},"modified":"2025-12-18T08:30:20","modified_gmt":"2025-12-18T08:30:20","slug":"tulemused","status":"publish","type":"page","link":"https:\/\/redfoxlotto.com\/et\/tulemused\/","title":{"rendered":"Loterii Tulemused Internetis"},"content":{"rendered":"<script type=\"application\/ld+json\">\r\n{\r\n  \"@context\": \"https:\/\/schema.org\",\r\n  \"@type\": \"Service\",\r\n  \"name\": \"Kontrolli rahvusvaheliste loteriide tulemusi veebis\",\r\n  \"url\": \"https:\/\/redfoxlotto.com\/et\/tulemused\/powerball\",\r\n  \"description\": \"K\u00fclasta RedFoxLotto lehte, et vaadata maailma suurimate loteriide uusimaid tulemusi.\",\r\n  \"serviceType\": \"\u00dclemaailmne loteriitulemuste arhiiv\",\r\n\r\n  \"provider\": {\r\n    \"@type\": \"Organization\",\r\n    \"name\": \"RedFoxLotto\",\r\n    \"url\": \"https:\/\/redfoxlotto.com\/et\/\",\r\n    \"image\": \"https:\/\/redfoxlotto.com\/wp-content\/uploads\/2025\/12\/ticket_scans.jpg\",\r\n    \"sameAs\": []\r\n  },\r\n\r\n  \"areaServed\": \"Worldwide\",\r\n  \"termsOfService\": \"https:\/\/redfoxlotto.com\/terms-and-conditions\",\r\n\r\n  \"additionalProperty\": {\r\n    \"@type\": \"PropertyValue\",\r\n    \"name\": \"KKK\",\r\n    \"value\": \"https:\/\/redfoxlotto.com\/et\/faq\/\"\r\n  },\r\n\r\n  \"hasOfferCatalog\": {\r\n    \"@type\": \"OfferCatalog\",\r\n    \"name\": \"Maailma loteriitulemused\",\r\n    \"itemListElement\": [\r\n      {\r\n        \"@type\": \"Offer\",\r\n        \"name\": \"Powerballi pilet\",\r\n        \"url\": \"https:\/\/redfoxlotto.com\/et\/tulemused\/\",\r\n        \"description\": \"Siit leiad maailma suurimate loteriide v\u00e4rsked ja varasemad tulemused\",\r\n        \"itemOffered\": {\r\n          \"@type\": \"Service\",\r\n          \"name\": \"Rahvusvahelised loteriitulemused\",\r\n          \"description\": \"Loositud numbrid veebis suurimatele loteriidele, nii uued kui ka vanemad tulemused.\"\r\n        }\r\n      }\r\n    ]\r\n  },\r\n\r\n  \"mainEntityOfPage\": {\r\n    \"@type\": \"WebPage\",\r\n    \"@id\": \"https:\/\/redfoxlotto.com\/et\/tulemused\/\"\r\n  }\r\n}\r\n<\/script>\r\n\r\n<p><!--more--><\/p><p>Siin avaldame me k\u00f5ikide rahvusvaheliste loteriide k\u00f5ige uuemad v\u00f5idunumbrid ja tulemused n\u00e4dalast n\u00e4dalasse, millel jaoks v\u00f5ite meie kaudu pileteid osta.<\/p><p><img loading=\"lazy\" decoding=\"async\" class=\" wp-image alignright\" src=\"https:\/\/content.redfoxlotto.com\/uploads\/sites\/9\/1_winning_lottery_numbers.jpg\" alt=\"rahvusvaheliste loteriide v\u00f5idunumbrid\" width=\"233\" height=\"233\" \/><\/p><p>Tulemused tulevad ametlikelt loteriioperaatoritelt. Need avaldatakse l\u00fchidalt p\u00e4rast loosimist, nii ruttu kui nad on ametlikud. Sellisel moel v\u00f5ite kiiresti v\u00f5rrelda oma pileteid v\u00f5idunumbritega ja n\u00e4ha, kas olete v\u00f5itnud. Te v\u00f5ite samuti n\u00e4ha v\u00f5idusummasid mis vastavad antud auhinnatasandile kl\u00f5psates loterii nimele. See \u00fctleb samuti kas k\u00f5ige viimane jackpot v\u00f5ideti v\u00f5i mitte.<\/p><h2 class=\"wp-block-heading\" id=\"h-m-dunud-tulemused-ja-v-idunumbrid\">M\u00f6\u00f6dunud tulemused ja v\u00f5idunumbrid<\/h2><p>Me n\u00e4itame samuti m\u00f6\u00f6dunud n\u00e4dalate v\u00f5idunumbreid ja tulemusi. Loomulikult v\u00f5ite seda informatsiooni rahvusvaheliste loteriide kohta kasutada oma j\u00e4rgmiste loteriipiletite numbrite valimise jaoks kui soovite.<\/p><p>Samuti v\u00f5ite kasutada m\u00f6\u00f6dunud n\u00e4dala v\u00f5i n\u00e4dalate v\u00f5idunumbreid selleks, et luua uusi kombinatsioone oma j\u00e4rgmise pileti jaoks. N\u00e4ide oleks kasutada viimase Mega Millions loosimise esimest numbrit, teist umbrid Euromillions tulemustest ja kolmandat numbrit Eurojackpot&#8217;ist jne.<\/p><h2 class=\"wp-block-heading\" id=\"h-kuumad-ja-k-lmad-numbrid\">Kuumad ja k\u00fclmad numbrid<\/h2><p><img decoding=\"async\" class=\"size-full wp-image alignright\" src=\"https:\/\/content.redfoxlotto.com\/uploads\/sites\/9\/1_lotto_draw_results.jpg\" alt=\"tulemuste loterii\" \/><\/p><p>Kui vaatate rahvusvaheliste loteriide m\u00f6\u00f6dunud tulemusi, siis v\u00f5ite n\u00e4ha, milliseid numbreid on erinevates loteriides mitmeid kordi loositud. Samal ajal v\u00f5ite vaadata numbreid, mis ei ilmu tulemuste seas. Sellisel moel v\u00f5ite m\u00e4\u00e4rata v\u00e4lja kuumad ja k\u00fclmad numbrid m\u00f6\u00f6dunud loteriide tulemuste seast. Mitmed m\u00e4ngijad kasutavad seda informatsiooni, et valida v\u00e4lja oma v\u00f5idunumbrid. See on strateegia, mis lubab edu.<\/p><p>Samamoodi v\u00f5ite kasutada m\u00f6\u00f6dunud n\u00e4dala v\u00f5i n\u00e4dalate v\u00f5idunumbreid, et luua uusi kombinatsioone oma uuele piletile. N\u00e4itena oleks kasutada Powerball pileti jaoks esimest numbrit viimase Megamillions loosimisest. V\u00f5i Te v\u00f5ite kasutada teist numbrit Euromillions tulemustest ja kolmandat numbrit Eurojackpot&#8217;ist jne.<\/p>","protected":false},"excerpt":{"rendered":"","protected":false},"author":1,"featured_media":0,"parent":0,"menu_order":4,"comment_status":"closed","ping_status":"closed","template":"Results.php","meta":{"_et_pb_use_builder":"","_et_pb_old_content":"","_et_gb_content_width":"","exclude_from_search":false,"footnotes":""},"class_list":["post-16817","page","type-page","status-publish","hentry"],"yoast_head":"<!-- This site is optimized with the Yoast SEO plugin v23.8 - https:\/\/yoast.com\/wordpress\/plugins\/seo\/ -->\n<title>V\u00f5idunumbrid ja rahvusvaheliste loteriide tulemused<\/title>\n<meta name=\"description\" content=\"Kas su loteriipilet v\u00f5itis? Leia rahvusvaheliste loteriide tulemused ja v\u00f5idunumbrid siit\" \/>\n<meta name=\"robots\" content=\"index, follow, max-snippet:-1, max-image-preview:large, max-video-preview:-1\" \/>\n<link rel=\"canonical\" href=\"https:\/\/redfoxlotto.com\/et\/tulemused\/\" \/>\n<meta property=\"og:locale\" content=\"et_EE\" \/>\n<meta property=\"og:type\" content=\"article\" \/>\n<meta property=\"og:title\" content=\"V\u00f5idunumbrid ja rahvusvaheliste loteriide tulemused\" \/>\n<meta property=\"og:description\" content=\"Kas su loteriipilet v\u00f5itis? Leia rahvusvaheliste loteriide tulemused ja v\u00f5idunumbrid siit\" \/>\n<meta property=\"og:url\" content=\"https:\/\/redfoxlotto.com\/et\/tulemused\/\" \/>\n<meta property=\"og:site_name\" content=\"Get Tickets for the World\u2019s largest jackpots\" \/>\n<meta property=\"article:modified_time\" content=\"2025-12-18T08:30:20+00:00\" \/>\n<meta property=\"og:image\" content=\"https:\/\/content.redfoxlotto.com\/uploads\/sites\/9\/1_winning_lottery_numbers.jpg\" \/>\n<meta name=\"twitter:card\" content=\"summary_large_image\" \/>\n<meta name=\"twitter:label1\" content=\"Est. reading time\" \/>\n\t<meta name=\"twitter:data1\" content=\"2 minutit\" \/>\n<script type=\"application\/ld+json\" class=\"yoast-schema-graph\">{\"@context\":\"https:\/\/schema.org\",\"@graph\":[{\"@type\":\"WebPage\",\"@id\":\"https:\/\/redfoxlotto.com\/et\/tulemused\/\",\"url\":\"https:\/\/redfoxlotto.com\/et\/tulemused\/\",\"name\":\"V\u00f5idunumbrid ja rahvusvaheliste loteriide tulemused\",\"isPartOf\":{\"@id\":\"https:\/\/redfoxlotto.com\/et\/#website\"},\"primaryImageOfPage\":{\"@id\":\"https:\/\/redfoxlotto.com\/et\/tulemused\/#primaryimage\"},\"image\":{\"@id\":\"https:\/\/redfoxlotto.com\/et\/tulemused\/#primaryimage\"},\"thumbnailUrl\":\"https:\/\/content.redfoxlotto.com\/uploads\/sites\/9\/1_winning_lottery_numbers.jpg\",\"datePublished\":\"2023-04-24T14:13:24+00:00\",\"dateModified\":\"2025-12-18T08:30:20+00:00\",\"description\":\"Kas su loteriipilet v\u00f5itis? Leia rahvusvaheliste loteriide tulemused ja v\u00f5idunumbrid siit\",\"breadcrumb\":{\"@id\":\"https:\/\/redfoxlotto.com\/et\/tulemused\/#breadcrumb\"},\"inLanguage\":\"et\",\"potentialAction\":[{\"@type\":\"ReadAction\",\"target\":[\"https:\/\/redfoxlotto.com\/et\/tulemused\/\"]}]},{\"@type\":\"ImageObject\",\"inLanguage\":\"et\",\"@id\":\"https:\/\/redfoxlotto.com\/et\/tulemused\/#primaryimage\",\"url\":\"https:\/\/content.redfoxlotto.com\/uploads\/sites\/9\/1_winning_lottery_numbers.jpg\",\"contentUrl\":\"https:\/\/content.redfoxlotto.com\/uploads\/sites\/9\/1_winning_lottery_numbers.jpg\"},{\"@type\":\"BreadcrumbList\",\"@id\":\"https:\/\/redfoxlotto.com\/et\/tulemused\/#breadcrumb\",\"itemListElement\":[{\"@type\":\"ListItem\",\"position\":1,\"name\":\"Home\",\"item\":\"https:\/\/redfoxlotto.com\/et\/\"},{\"@type\":\"ListItem\",\"position\":2,\"name\":\"Loterii Tulemused Internetis\"}]},{\"@type\":\"WebSite\",\"@id\":\"https:\/\/redfoxlotto.com\/et\/#website\",\"url\":\"https:\/\/redfoxlotto.com\/et\/\",\"name\":\"Get Tickets for the World\u2019s largest jackpots\",\"description\":\"Participate in worldwide lottery jackpots from any country\",\"publisher\":{\"@id\":\"https:\/\/redfoxlotto.com\/et\/#organization\"},\"potentialAction\":[{\"@type\":\"SearchAction\",\"target\":{\"@type\":\"EntryPoint\",\"urlTemplate\":\"https:\/\/redfoxlotto.com\/et\/?s={search_term_string}\"},\"query-input\":{\"@type\":\"PropertyValueSpecification\",\"valueRequired\":true,\"valueName\":\"search_term_string\"}}],\"inLanguage\":\"et\"},{\"@type\":\"Organization\",\"@id\":\"https:\/\/redfoxlotto.com\/et\/#organization\",\"name\":\"Get Tickets for the World\u2019s largest jackpots\",\"url\":\"https:\/\/redfoxlotto.com\/et\/\",\"logo\":{\"@type\":\"ImageObject\",\"inLanguage\":\"et\",\"@id\":\"https:\/\/redfoxlotto.com\/et\/#\/schema\/logo\/image\/\",\"url\":\"https:\/\/redfoxlotto.com\/wp-content\/uploads\/2023\/04\/logo.png\",\"contentUrl\":\"https:\/\/redfoxlotto.com\/wp-content\/uploads\/2023\/04\/logo.png\",\"width\":269,\"height\":53,\"caption\":\"Get Tickets for the World\u2019s largest jackpots\"},\"image\":{\"@id\":\"https:\/\/redfoxlotto.com\/et\/#\/schema\/logo\/image\/\"}}]}<\/script>\n<!-- \/ Yoast SEO plugin. -->","yoast_head_json":{"title":"V\u00f5idunumbrid ja rahvusvaheliste loteriide tulemused","description":"Kas su loteriipilet v\u00f5itis? Leia rahvusvaheliste loteriide tulemused ja v\u00f5idunumbrid siit","robots":{"index":"index","follow":"follow","max-snippet":"max-snippet:-1","max-image-preview":"max-image-preview:large","max-video-preview":"max-video-preview:-1"},"canonical":"https:\/\/redfoxlotto.com\/et\/tulemused\/","og_locale":"et_EE","og_type":"article","og_title":"V\u00f5idunumbrid ja rahvusvaheliste loteriide tulemused","og_description":"Kas su loteriipilet v\u00f5itis? Leia rahvusvaheliste loteriide tulemused ja v\u00f5idunumbrid siit","og_url":"https:\/\/redfoxlotto.com\/et\/tulemused\/","og_site_name":"Get Tickets for the World\u2019s largest jackpots","article_modified_time":"2025-12-18T08:30:20+00:00","og_image":[{"url":"https:\/\/content.redfoxlotto.com\/uploads\/sites\/9\/1_winning_lottery_numbers.jpg"}],"twitter_card":"summary_large_image","twitter_misc":{"Est. reading time":"2 minutit"},"schema":{"@context":"https:\/\/schema.org","@graph":[{"@type":"WebPage","@id":"https:\/\/redfoxlotto.com\/et\/tulemused\/","url":"https:\/\/redfoxlotto.com\/et\/tulemused\/","name":"V\u00f5idunumbrid ja rahvusvaheliste loteriide tulemused","isPartOf":{"@id":"https:\/\/redfoxlotto.com\/et\/#website"},"primaryImageOfPage":{"@id":"https:\/\/redfoxlotto.com\/et\/tulemused\/#primaryimage"},"image":{"@id":"https:\/\/redfoxlotto.com\/et\/tulemused\/#primaryimage"},"thumbnailUrl":"https:\/\/content.redfoxlotto.com\/uploads\/sites\/9\/1_winning_lottery_numbers.jpg","datePublished":"2023-04-24T14:13:24+00:00","dateModified":"2025-12-18T08:30:20+00:00","description":"Kas su loteriipilet v\u00f5itis? Leia rahvusvaheliste loteriide tulemused ja v\u00f5idunumbrid siit","breadcrumb":{"@id":"https:\/\/redfoxlotto.com\/et\/tulemused\/#breadcrumb"},"inLanguage":"et","potentialAction":[{"@type":"ReadAction","target":["https:\/\/redfoxlotto.com\/et\/tulemused\/"]}]},{"@type":"ImageObject","inLanguage":"et","@id":"https:\/\/redfoxlotto.com\/et\/tulemused\/#primaryimage","url":"https:\/\/content.redfoxlotto.com\/uploads\/sites\/9\/1_winning_lottery_numbers.jpg","contentUrl":"https:\/\/content.redfoxlotto.com\/uploads\/sites\/9\/1_winning_lottery_numbers.jpg"},{"@type":"BreadcrumbList","@id":"https:\/\/redfoxlotto.com\/et\/tulemused\/#breadcrumb","itemListElement":[{"@type":"ListItem","position":1,"name":"Home","item":"https:\/\/redfoxlotto.com\/et\/"},{"@type":"ListItem","position":2,"name":"Loterii Tulemused Internetis"}]},{"@type":"WebSite","@id":"https:\/\/redfoxlotto.com\/et\/#website","url":"https:\/\/redfoxlotto.com\/et\/","name":"Get Tickets for the World\u2019s largest jackpots","description":"Participate in worldwide lottery jackpots from any country","publisher":{"@id":"https:\/\/redfoxlotto.com\/et\/#organization"},"potentialAction":[{"@type":"SearchAction","target":{"@type":"EntryPoint","urlTemplate":"https:\/\/redfoxlotto.com\/et\/?s={search_term_string}"},"query-input":{"@type":"PropertyValueSpecification","valueRequired":true,"valueName":"search_term_string"}}],"inLanguage":"et"},{"@type":"Organization","@id":"https:\/\/redfoxlotto.com\/et\/#organization","name":"Get Tickets for the World\u2019s largest jackpots","url":"https:\/\/redfoxlotto.com\/et\/","logo":{"@type":"ImageObject","inLanguage":"et","@id":"https:\/\/redfoxlotto.com\/et\/#\/schema\/logo\/image\/","url":"https:\/\/redfoxlotto.com\/wp-content\/uploads\/2023\/04\/logo.png","contentUrl":"https:\/\/redfoxlotto.com\/wp-content\/uploads\/2023\/04\/logo.png","width":269,"height":53,"caption":"Get Tickets for the World\u2019s largest jackpots"},"image":{"@id":"https:\/\/redfoxlotto.com\/et\/#\/schema\/logo\/image\/"}}]}},"_links":{"self":[{"href":"https:\/\/redfoxlotto.com\/et\/wp-json\/wp\/v2\/pages\/16817","targetHints":{"allow":["GET"]}}],"collection":[{"href":"https:\/\/redfoxlotto.com\/et\/wp-json\/wp\/v2\/pages"}],"about":[{"href":"https:\/\/redfoxlotto.com\/et\/wp-json\/wp\/v2\/types\/page"}],"author":[{"embeddable":true,"href":"https:\/\/redfoxlotto.com\/et\/wp-json\/wp\/v2\/users\/1"}],"replies":[{"embeddable":true,"href":"https:\/\/redfoxlotto.com\/et\/wp-json\/wp\/v2\/comments?post=16817"}],"version-history":[{"count":0,"href":"https:\/\/redfoxlotto.com\/et\/wp-json\/wp\/v2\/pages\/16817\/revisions"}],"wp:attachment":[{"href":"https:\/\/redfoxlotto.com\/et\/wp-json\/wp\/v2\/media?parent=16817"}],"curies":[{"name":"wp","href":"https:\/\/api.w.org\/{rel}","templated":true}]}}