{"id":16816,"date":"2018-11-18T08:54:25","date_gmt":"2018-11-18T08:54:25","guid":{"rendered":"https:\/\/redfoxlotto.com\/?page_id=902"},"modified":"2023-05-20T08:19:16","modified_gmt":"2023-05-20T08:19:16","slug":"lotto-uk","status":"publish","type":"page","link":"https:\/\/redfoxlotto.com\/et\/informatsioon\/lotto-uk\/","title":{"rendered":"Suurbritannia loterii kohta"},"content":{"rendered":"<p>UK Lottery on \u00fcks suurimaid rahvuslikke loteriisid Inglismaa, j\u00e4ttes arvesse v\u00f5tmata \u00fcle-Euroopa loteriisid nagu n\u00e4iteks Euromillions ja Eurojackpot.<\/p><p><img loading=\"lazy\" decoding=\"async\" class=\" wp-image alignright\" src=\"https:\/\/content.redfoxlotto.com\/uploads\/sites\/9\/2_ticket_uk_lottery2.jpg\" alt=\"loteriipiletid UK\" width=\"177\" height=\"280\" \/><\/p><p>T\u00e4nap\u00e4eval on loto m\u00e4ngijatelt v\u00e4ljaspool Inglismaad v\u00f5imalus v\u00f5tta osa sellest populaarsest loteriist. V\u00f5iduv\u00f5imalused on paremad kui enamus muudes Euroopa loteriides.<\/p><h2 class=\"wp-block-heading\">Kuidas v\u00f5tta osa v\u00e4ljaspool Inglismaad<\/h2><p>Selleks, et osaleda UK lotos, peavad m\u00e4ngijad ostma loteriipileti ja neil on lubatud valida 6 numbrit 59 seast ning samuti antakse v\u00f5imalus valida &#8220;lucky dip&#8221;, milles jaotatakse numbrid Sinu jaoks juhuslikult. Loosimised toimuvad kaks korda n\u00e4dalas, kus valitakse juhuslikult 6 numbrit ja boonus number on samuti valitud \u00fclej\u00e4\u00e4nud 53 numbri seast.<\/p><p><img loading=\"lazy\" decoding=\"async\" class=\" wp-image alignright\" src=\"https:\/\/content.redfoxlotto.com\/uploads\/sites\/9\/1_win_lottery_online3.jpg\" alt=\"osta pilet Suurbritannia loteriile\" width=\"224\" height=\"149\" \/><\/p><p>V\u00f5imalus jackpot&#8217;i v\u00f5ita UK loteriis on 1:45 miljonist.<\/p><p>Osta oma pilet internetist kohe UK loterii jaoks!<\/p>","protected":false},"excerpt":{"rendered":"<p>UK Lottery on \u00fcks suurimaid rahvuslikke loteriisid Inglismaa, j\u00e4ttes arvesse v\u00f5tmata \u00fcle-Euroopa loteriisid nagu n\u00e4iteks Euromillions ja Eurojackpot. T\u00e4nap\u00e4eval on loto m\u00e4ngijatelt v\u00e4ljaspool Inglismaad v\u00f5imalus v\u00f5tta osa sellest populaarsest loteriist. V\u00f5iduv\u00f5imalused on paremad kui enamus muudes Euroopa loteriides. Kuidas v\u00f5tta osa v\u00e4ljaspool Inglismaad Selleks, et osaleda UK lotos, peavad m\u00e4ngijad ostma loteriipileti ja neil on [&hellip;]<\/p>\n","protected":false},"author":1,"featured_media":0,"parent":16809,"menu_order":9,"comment_status":"closed","ping_status":"closed","template":"lotto-uk-info.php","meta":{"_et_pb_use_builder":"","_et_pb_old_content":"","_et_gb_content_width":"","exclude_from_search":false,"footnotes":""},"class_list":["post-16816","page","type-page","status-publish","hentry"],"yoast_head":"<!-- This site is optimized with the Yoast SEO plugin v27.4 - https:\/\/yoast.com\/product\/yoast-seo-wordpress\/ -->\n<title>K\u00f5ik vajalik informatsioon UK loterii kohta.<\/title>\n<meta name=\"description\" content=\"Sul on paremad v\u00f5imalused UK loteriiga lihtsalt teades seda infot m\u00e4ngu kohta.\" \/>\n<meta name=\"robots\" content=\"index, follow, max-snippet:-1, max-image-preview:large, max-video-preview:-1\" \/>\n<link rel=\"canonical\" href=\"https:\/\/redfoxlotto.com\/et\/informatsioon\/lotto-uk\/\" \/>\n<meta property=\"og:locale\" content=\"et_EE\" \/>\n<meta property=\"og:type\" content=\"article\" \/>\n<meta property=\"og:title\" content=\"K\u00f5ik vajalik informatsioon UK loterii kohta.\" \/>\n<meta property=\"og:description\" content=\"Sul on paremad v\u00f5imalused UK loteriiga lihtsalt teades seda infot m\u00e4ngu kohta.\" \/>\n<meta property=\"og:url\" content=\"https:\/\/redfoxlotto.com\/et\/informatsioon\/lotto-uk\/\" \/>\n<meta property=\"og:site_name\" content=\"Get Tickets for the World\u2019s largest jackpots\" \/>\n<meta property=\"article:modified_time\" content=\"2023-05-20T08:19:16+00:00\" \/>\n<meta property=\"og:image\" content=\"https:\/\/content.redfoxlotto.com\/uploads\/sites\/9\/2_ticket_uk_lottery2.jpg\" \/>\n<meta name=\"twitter:card\" content=\"summary_large_image\" \/>\n<meta name=\"twitter:label1\" content=\"Est. reading time\" \/>\n\t<meta name=\"twitter:data1\" content=\"1 minut\" \/>\n<script type=\"application\/ld+json\" class=\"yoast-schema-graph\">{\"@context\":\"https:\\\/\\\/schema.org\",\"@graph\":[{\"@type\":\"WebPage\",\"@id\":\"https:\\\/\\\/redfoxlotto.com\\\/et\\\/informatsioon\\\/lotto-uk\\\/\",\"url\":\"https:\\\/\\\/redfoxlotto.com\\\/et\\\/informatsioon\\\/lotto-uk\\\/\",\"name\":\"K\u00f5ik vajalik informatsioon UK loterii kohta.\",\"isPartOf\":{\"@id\":\"https:\\\/\\\/redfoxlotto.com\\\/et\\\/#website\"},\"primaryImageOfPage\":{\"@id\":\"https:\\\/\\\/redfoxlotto.com\\\/et\\\/informatsioon\\\/lotto-uk\\\/#primaryimage\"},\"image\":{\"@id\":\"https:\\\/\\\/redfoxlotto.com\\\/et\\\/informatsioon\\\/lotto-uk\\\/#primaryimage\"},\"thumbnailUrl\":\"https:\\\/\\\/content.redfoxlotto.com\\\/uploads\\\/sites\\\/9\\\/2_ticket_uk_lottery2.jpg\",\"datePublished\":\"2018-11-18T08:54:25+00:00\",\"dateModified\":\"2023-05-20T08:19:16+00:00\",\"description\":\"Sul on paremad v\u00f5imalused UK loteriiga lihtsalt teades seda infot m\u00e4ngu kohta.\",\"breadcrumb\":{\"@id\":\"https:\\\/\\\/redfoxlotto.com\\\/et\\\/informatsioon\\\/lotto-uk\\\/#breadcrumb\"},\"inLanguage\":\"et\",\"potentialAction\":[{\"@type\":\"ReadAction\",\"target\":[\"https:\\\/\\\/redfoxlotto.com\\\/et\\\/informatsioon\\\/lotto-uk\\\/\"]}]},{\"@type\":\"ImageObject\",\"inLanguage\":\"et\",\"@id\":\"https:\\\/\\\/redfoxlotto.com\\\/et\\\/informatsioon\\\/lotto-uk\\\/#primaryimage\",\"url\":\"https:\\\/\\\/content.redfoxlotto.com\\\/uploads\\\/sites\\\/9\\\/2_ticket_uk_lottery2.jpg\",\"contentUrl\":\"https:\\\/\\\/content.redfoxlotto.com\\\/uploads\\\/sites\\\/9\\\/2_ticket_uk_lottery2.jpg\"},{\"@type\":\"BreadcrumbList\",\"@id\":\"https:\\\/\\\/redfoxlotto.com\\\/et\\\/informatsioon\\\/lotto-uk\\\/#breadcrumb\",\"itemListElement\":[{\"@type\":\"ListItem\",\"position\":1,\"name\":\"Home\",\"item\":\"https:\\\/\\\/redfoxlotto.com\\\/et\\\/\"},{\"@type\":\"ListItem\",\"position\":2,\"name\":\"Osta loteriipileteid internetis\",\"item\":\"https:\\\/\\\/redfoxlotto.com\\\/et\\\/informatsioon\\\/\"},{\"@type\":\"ListItem\",\"position\":3,\"name\":\"Suurbritannia loterii kohta\"}]},{\"@type\":\"WebSite\",\"@id\":\"https:\\\/\\\/redfoxlotto.com\\\/et\\\/#website\",\"url\":\"https:\\\/\\\/redfoxlotto.com\\\/et\\\/\",\"name\":\"Get Tickets for the World\u2019s largest jackpots\",\"description\":\"Participate in worldwide lottery jackpots from any country\",\"publisher\":{\"@id\":\"https:\\\/\\\/redfoxlotto.com\\\/et\\\/#organization\"},\"potentialAction\":[{\"@type\":\"SearchAction\",\"target\":{\"@type\":\"EntryPoint\",\"urlTemplate\":\"https:\\\/\\\/redfoxlotto.com\\\/et\\\/?s={search_term_string}\"},\"query-input\":{\"@type\":\"PropertyValueSpecification\",\"valueRequired\":true,\"valueName\":\"search_term_string\"}}],\"inLanguage\":\"et\"},{\"@type\":\"Organization\",\"@id\":\"https:\\\/\\\/redfoxlotto.com\\\/et\\\/#organization\",\"name\":\"Get Tickets for the World\u2019s largest jackpots\",\"url\":\"https:\\\/\\\/redfoxlotto.com\\\/et\\\/\",\"logo\":{\"@type\":\"ImageObject\",\"inLanguage\":\"et\",\"@id\":\"https:\\\/\\\/redfoxlotto.com\\\/et\\\/#\\\/schema\\\/logo\\\/image\\\/\",\"url\":\"https:\\\/\\\/redfoxlotto.com\\\/wp-content\\\/uploads\\\/2023\\\/04\\\/logo.png\",\"contentUrl\":\"https:\\\/\\\/redfoxlotto.com\\\/wp-content\\\/uploads\\\/2023\\\/04\\\/logo.png\",\"width\":269,\"height\":53,\"caption\":\"Get Tickets for the World\u2019s largest jackpots\"},\"image\":{\"@id\":\"https:\\\/\\\/redfoxlotto.com\\\/et\\\/#\\\/schema\\\/logo\\\/image\\\/\"}}]}<\/script>\n<!-- \/ Yoast SEO plugin. -->","yoast_head_json":{"title":"K\u00f5ik vajalik informatsioon UK loterii kohta.","description":"Sul on paremad v\u00f5imalused UK loteriiga lihtsalt teades seda infot m\u00e4ngu kohta.","robots":{"index":"index","follow":"follow","max-snippet":"max-snippet:-1","max-image-preview":"max-image-preview:large","max-video-preview":"max-video-preview:-1"},"canonical":"https:\/\/redfoxlotto.com\/et\/informatsioon\/lotto-uk\/","og_locale":"et_EE","og_type":"article","og_title":"K\u00f5ik vajalik informatsioon UK loterii kohta.","og_description":"Sul on paremad v\u00f5imalused UK loteriiga lihtsalt teades seda infot m\u00e4ngu kohta.","og_url":"https:\/\/redfoxlotto.com\/et\/informatsioon\/lotto-uk\/","og_site_name":"Get Tickets for the World\u2019s largest jackpots","article_modified_time":"2023-05-20T08:19:16+00:00","og_image":[{"url":"https:\/\/content.redfoxlotto.com\/uploads\/sites\/9\/2_ticket_uk_lottery2.jpg","type":"","width":"","height":""}],"twitter_card":"summary_large_image","twitter_misc":{"Est. reading time":"1 minut"},"schema":{"@context":"https:\/\/schema.org","@graph":[{"@type":"WebPage","@id":"https:\/\/redfoxlotto.com\/et\/informatsioon\/lotto-uk\/","url":"https:\/\/redfoxlotto.com\/et\/informatsioon\/lotto-uk\/","name":"K\u00f5ik vajalik informatsioon UK loterii kohta.","isPartOf":{"@id":"https:\/\/redfoxlotto.com\/et\/#website"},"primaryImageOfPage":{"@id":"https:\/\/redfoxlotto.com\/et\/informatsioon\/lotto-uk\/#primaryimage"},"image":{"@id":"https:\/\/redfoxlotto.com\/et\/informatsioon\/lotto-uk\/#primaryimage"},"thumbnailUrl":"https:\/\/content.redfoxlotto.com\/uploads\/sites\/9\/2_ticket_uk_lottery2.jpg","datePublished":"2018-11-18T08:54:25+00:00","dateModified":"2023-05-20T08:19:16+00:00","description":"Sul on paremad v\u00f5imalused UK loteriiga lihtsalt teades seda infot m\u00e4ngu kohta.","breadcrumb":{"@id":"https:\/\/redfoxlotto.com\/et\/informatsioon\/lotto-uk\/#breadcrumb"},"inLanguage":"et","potentialAction":[{"@type":"ReadAction","target":["https:\/\/redfoxlotto.com\/et\/informatsioon\/lotto-uk\/"]}]},{"@type":"ImageObject","inLanguage":"et","@id":"https:\/\/redfoxlotto.com\/et\/informatsioon\/lotto-uk\/#primaryimage","url":"https:\/\/content.redfoxlotto.com\/uploads\/sites\/9\/2_ticket_uk_lottery2.jpg","contentUrl":"https:\/\/content.redfoxlotto.com\/uploads\/sites\/9\/2_ticket_uk_lottery2.jpg"},{"@type":"BreadcrumbList","@id":"https:\/\/redfoxlotto.com\/et\/informatsioon\/lotto-uk\/#breadcrumb","itemListElement":[{"@type":"ListItem","position":1,"name":"Home","item":"https:\/\/redfoxlotto.com\/et\/"},{"@type":"ListItem","position":2,"name":"Osta loteriipileteid internetis","item":"https:\/\/redfoxlotto.com\/et\/informatsioon\/"},{"@type":"ListItem","position":3,"name":"Suurbritannia loterii kohta"}]},{"@type":"WebSite","@id":"https:\/\/redfoxlotto.com\/et\/#website","url":"https:\/\/redfoxlotto.com\/et\/","name":"Get Tickets for the World\u2019s largest jackpots","description":"Participate in worldwide lottery jackpots from any country","publisher":{"@id":"https:\/\/redfoxlotto.com\/et\/#organization"},"potentialAction":[{"@type":"SearchAction","target":{"@type":"EntryPoint","urlTemplate":"https:\/\/redfoxlotto.com\/et\/?s={search_term_string}"},"query-input":{"@type":"PropertyValueSpecification","valueRequired":true,"valueName":"search_term_string"}}],"inLanguage":"et"},{"@type":"Organization","@id":"https:\/\/redfoxlotto.com\/et\/#organization","name":"Get Tickets for the World\u2019s largest jackpots","url":"https:\/\/redfoxlotto.com\/et\/","logo":{"@type":"ImageObject","inLanguage":"et","@id":"https:\/\/redfoxlotto.com\/et\/#\/schema\/logo\/image\/","url":"https:\/\/redfoxlotto.com\/wp-content\/uploads\/2023\/04\/logo.png","contentUrl":"https:\/\/redfoxlotto.com\/wp-content\/uploads\/2023\/04\/logo.png","width":269,"height":53,"caption":"Get Tickets for the World\u2019s largest jackpots"},"image":{"@id":"https:\/\/redfoxlotto.com\/et\/#\/schema\/logo\/image\/"}}]}},"_links":{"self":[{"href":"https:\/\/redfoxlotto.com\/et\/wp-json\/wp\/v2\/pages\/16816","targetHints":{"allow":["GET"]}}],"collection":[{"href":"https:\/\/redfoxlotto.com\/et\/wp-json\/wp\/v2\/pages"}],"about":[{"href":"https:\/\/redfoxlotto.com\/et\/wp-json\/wp\/v2\/types\/page"}],"author":[{"embeddable":true,"href":"https:\/\/redfoxlotto.com\/et\/wp-json\/wp\/v2\/users\/1"}],"replies":[{"embeddable":true,"href":"https:\/\/redfoxlotto.com\/et\/wp-json\/wp\/v2\/comments?post=16816"}],"version-history":[{"count":0,"href":"https:\/\/redfoxlotto.com\/et\/wp-json\/wp\/v2\/pages\/16816\/revisions"}],"up":[{"embeddable":true,"href":"https:\/\/redfoxlotto.com\/et\/wp-json\/wp\/v2\/pages\/16809"}],"wp:attachment":[{"href":"https:\/\/redfoxlotto.com\/et\/wp-json\/wp\/v2\/media?parent=16816"}],"curies":[{"name":"wp","href":"https:\/\/api.w.org\/{rel}","templated":true}]}}