{"id":16814,"date":"2018-11-18T08:54:25","date_gmt":"2018-11-18T08:54:25","guid":{"rendered":"https:\/\/redfoxlotto.com\/?page_id=898"},"modified":"2025-12-18T10:48:37","modified_gmt":"2025-12-18T10:48:37","slug":"powerball","status":"publish","type":"page","link":"https:\/\/redfoxlotto.com\/et\/informatsioon\/powerball\/","title":{"rendered":"Powerballi kohta"},"content":{"rendered":"<p><script type=\"application\/ld+json\">\n{\n  \"@context\": \"https:\/\/schema.org\",\n  \"@type\": \"Service\",\n  \"name\": \"M\u00e4ngi Powerballi veebis\",\n  \"url\": \"https:\/\/redfoxlotto.com\/et\/lotteries\/powerball\",\n  \"description\": \"Osta ametlikke Powerball loteriipileteid veebis, mis tahes riigist. K\u00fclasta RedFoxLotto, vali oma numbrid ja osale j\u00e4rgmises loosimises.\",\n  \"serviceType\": \"Veebip\u00f5hine loteriipiletite teenus\",<\/p>\n<p>  \"provider\": {\n    \"@type\": \"Organization\",\n    \"name\": \"RedFoxLotto\",\n    \"url\": \"https:\/\/redfoxlotto.com\/et\/\",\n    \"image\": \"https:\/\/redfoxlotto.com\/wp-content\/uploads\/2025\/12\/ticket_scans.jpg\",\n    \"sameAs\": []\n  },<\/p>\n<p>  \"areaServed\": \"Worldwide\",\n  \"termsOfService\": \"https:\/\/redfoxlotto.com\/terms-and-conditions\",<\/p>\n<p>  \"additionalProperty\": {\n    \"@type\": \"PropertyValue\",\n    \"name\": \"FAQ\",\n    \"value\": \"https:\/\/redfoxlotto.com\/et\/faq\/\"\n  },<\/p>\n<p>  \"hasOfferCatalog\": {\n    \"@type\": \"OfferCatalog\",\n    \"name\": \"Powerball loteriipiletid\",\n    \"itemListElement\": [\n      {\n        \"@type\": \"Offer\",\n        \"name\": \"Powerball piletid\",\n        \"url\": \"https:\/\/redfoxlotto.com\/et\/lotteries\/powerball\",\n        \"description\": \"Osta RedFoxLotto kaudu j\u00e4rgmise Powerball loosimise jaoks reaalseid pileteid veebis.\",\n        \"price\": \"5.90\",\n        \"priceCurrency\": \"\u20ac\",\n        \"availability\": \"https:\/\/schema.org\/InStock\",<\/p>\n<p>        \"itemOffered\": {\n          \"@type\": \"Service\",\n          \"name\": \"Powerball loteriipiletid\",\n          \"description\": \"Osale j\u00e4rgmises Powerball loosimises \u2013 osta oma piletid veebis RedFoxLotto kaudu.\"\n        }\n      }\n    ]\n  },<\/p>\n<p>  \"mainEntityOfPage\": {\n    \"@type\": \"WebPage\",\n    \"@id\": \"https:\/\/redfoxlotto.com\/et\/lotteries\/powerball\"\n  }\n}\n<\/script><\/p>\n<p>Powerball on t\u00f5en\u00e4oliselt maailma tuntuim loterii ja selleks on m\u00f5ned v\u00e4ga head p\u00f5hjused.<\/p>\n<p>Seda m\u00e4ngu m\u00e4ngivad miljonid m\u00e4ngijad \u00fcle kogu maailma. Veelgi enam, mitte ainult USAs, vaid ka teistest riikidest, nagu n\u00e4iteks Eestist v\u00f5id valida Powerballi piletite ostmise internetis.<\/p>\n<p>Loosimised toimuvad igal laup\u00e4eval ja kolmap\u00e4eval, mis t\u00e4hendab, et sul on kaks korda rohkem v\u00f5imalusi osaleda ja piletit osta. T\u00f5eliselt p\u00f5nev on see, et suurim kunagi Powerballis saavutatud jackpot oli 1 586 400 000 dollarit!<\/p>\n<h2>Powerball Lotto kogu maailmas<\/h2>\n<p>Meie veebisaidi abil v\u00f5ite n\u00fc\u00fcd saada Powerballi multimiljon\u00e4riks. Pakume teile v\u00f5imalust osta Powerball pileteid internetis. Ja k\u00f5ik, mida sa pead tegema, on vaadata, mida meie s\u00fcsteem h\u00f5lmab. Te n\u00e4ete, et saate vaid m\u00f5ne lihtsa sammuga j\u00f5uda meie veebisaidilt selleni, et teie esimene pilet ootab teid teie kontol. Niisiis, vaatame l\u00e4hemalt, mida sa pead tegema.<\/p>\n<p><img decoding=\"async\" class=\"wp-image alignright\" src=\"https:\/\/redfoxlotto.com\/wp-content\/uploads\/sites\/9\/ticket_powerball3.jpg\" alt=\"Powerball loterii\" \/><\/p>\n<h2>Kuidas osta oma Powerballi pilet internetis Eestist<\/h2>\n<p>Esimene samm on lihtsalt tutvuda erinevate loteriim\u00e4ngudega, mis meil saadaval on. Sinu \u00f5nneks on saadaval mitmeid suurep\u00e4raseid pileteid ja m\u00e4nge, sest me tahame tagada, et sa saaksid osa k\u00f5ikidest tippjackpotidest. Nii et k\u00f5ik maailma suurimad m\u00e4ngud on saadaval Eestist, meie veebilehe kaudu. Sa lihtsalt vaatad olemasolevaid m\u00e4nge ja otsustad siis, millist neist soovid m\u00e4ngida.<\/p>\n<p>Kui oled otsustanud m\u00e4ngu (antud juhul Powerballi) kasuks, klikid lihtsalt lingile ja l\u00e4hed lehele. Sa n\u00e4ed lisateavet m\u00e4ngu kohta ja n\u00e4ed teavet selle kohta, kuidas saada oma pilet. Tuleb vaid valida v\u00e4lja numbrid, mida soovite. Loomulikult saad valida ka kiirvaliku, kui sa ei tea, milliseid numbreid sa tahad.<\/p>\n<p>Kui hakkad oma numbreid v\u00e4lja valima, anname sulle meie veebisaidil t\u00e4pselt teada, kui palju sa vajad, ja hoolitseme selle eest, et sul ei oleks liiga palju v\u00f5i liiga v\u00e4he, et saada kehtiv pilet. Sul on ka v\u00f5imalus valida juhuslikult valitud ja isiklikult valitud numbrite kombinatsioon, nagu sulle meeldib. Saate valida ka mitu piletit m\u00e4nguks.<\/p>\n<p>Sealt saad piletid ostukorvi lisada ja seej\u00e4rel saad valida lisapileteid Powerballist v\u00f5i muudest m\u00e4ngudest, mida soovid m\u00e4ngida. Seej\u00e4rel tuleb teil lihtsalt oma konto luua. Kui seda teed, k\u00fcsime sinult m\u00f5ningaid isiklikke andmeid, mis teevad sind turvalisemaks, kui soovid pileteid osta ja kui soovid oma kontolt raha v\u00e4lja v\u00f5tta. Samuti saate luua k\u00f5ik kontod, mida soovite.<\/p>\n<h2>Powerballi piletite reeglid internetis<\/h2>\n<p>Powerballi pileti seadistamisel tahate teada k\u00f5iki reegleid, mida peate j\u00e4rgima, ja seda, kuidas te pileti v\u00e4lja valite. Niisiis, mida te peate tegema?<\/p>\n<p>Sa pead valima 5 numbrit vahemikus 1-69, lisaks \u00fcks Powerball-number vahemikus 1-26. Teie piletil peavad olema k\u00f5ik kuus numbrit. Siis olete v\u00f5itnud jackpoti. Kui teil on \u00f5igesti valitud ainult esimesed 5 numbrit, siis v\u00f5idab teie pilet teise astme auhinna. See teeb teid ikkagi 1 miljoni dollari v\u00f5rra rikkamaks. Powerballi jackpoti v\u00f5idu v\u00f5ib v\u00e4lja maksta \u00fchekordse v\u00e4ljamaksena v\u00f5i 30 aastase osamaksena.<\/p>\n<h2>Ostke Powerballi pilet internetis ja v\u00f5itke!<\/h2>\n<p>Mis juhtub siis, kui sa tegelikult Powerballi jackpot&#8217;i v\u00f5idad? See saab olema v\u00e4ga l\u00f5bus ja sa oled kindlasti \u00fcli\u00f5nnelik. Noh, sa pead ka planeerima reisi Ameerika \u00dchendriikidesse, sest nad armastavad teha suurt numbrit nendest inimestest, kes v\u00f5idavad.<\/p>\n<p>See t\u00e4hendab, et nad teevad pilte, kingivad sulle suure t\u0161eki ja palju muud, ning me hoolitseme selle eest, et sa oleksid selleks valmis pileti ja teabega, mida sa oma auhinna k\u00e4ttesaamiseks vajad.<\/p>\n<p>Kui v\u00f5idad madalama tasandi auhinna, v\u00f5ime panna raha otse sinu kontole, nii et saad selle oma kontole v\u00e4lja v\u00f5tta v\u00f5i kasutada seda t\u00e4iendavate piletite ostmiseks. Neile, kes v\u00f5idavad suuremaid auhindu, kuid mitte jackpotit, on v\u00f5imalik saada raha otse oma kontole ja me v\u00f5tame sinuga \u00fchendust, et anda sulle teada, mida sa pead tegema ja kuidas seda k\u00f5ike korraldada. Aga kuidas sa seda teada saad?<\/p>\n<p>Kui te vaatate pidevalt oma kontole, siis n\u00e4ete oma pileti uuendusi ja n\u00e4ete k\u00f5iki numbreid, mis vastavad. Samuti saad raha v\u00e4iksemate summade eest kohe oma kontole kanda. K\u00f5ik v\u00f5idetud summad ilmuvad aga sinu e-postile. See t\u00e4hendab, et saad lihtsalt kontrollida oma e-kirja ja n\u00e4ha, et sul on v\u00f5it, nii et saad kohe oma kontole minna.<\/p>\n<p><img decoding=\"async\" class=\"size-full wp-image alignright\" src=\"https:\/\/content.redfoxlotto.com\/uploads\/sites\/9\/1_buy_lottery_online.jpg\" alt=\"osta pileteid internetis\" \/><\/p>\n<h2>Uute m\u00e4ngude m\u00e4ngimine<\/h2>\n<p>Kui oled valmis m\u00e4ngima hakkama ja soovid osta Powerballi pileteid veebist, tahad kindlasti vaadata ka teisi v\u00f5imalusi, mis meil on. Tegelikult on meil k\u00e4imas k\u00f5ige kuumemad lotom\u00e4ngud k\u00f5ikjal maailmas ja k\u00f5ik, mida sa pead tegema, on otsustada, milline neist saab sinu lemmikuks ja millist sa tahad j\u00e4rgmisena proovida.<\/p>\n<p>Niisiis, vaadake kiiresti, mis on saadaval ja kuidas saate valida k\u00f5ik piletid, mida soovite. Ja veendu, et vaatad ka kogu teavet, mida saad leida iga m\u00e4ngu kohta, millal need loositakse, kui palju v\u00f5id v\u00f5ita ja palju muud.<\/p>\n<p>Kas soovite m\u00e4ngida ja saada Powerballi pileteid internetis? Alusta kohe, siinsamas.<\/p>\n","protected":false},"excerpt":{"rendered":"<p>Powerball on t\u00f5en\u00e4oliselt maailma tuntuim loterii ja selleks on m\u00f5ned v\u00e4ga head p\u00f5hjused. Seda m\u00e4ngu m\u00e4ngivad miljonid m\u00e4ngijad \u00fcle kogu maailma. Veelgi enam, mitte ainult USAs, vaid ka teistest riikidest, nagu n\u00e4iteks Eestist v\u00f5id valida Powerballi piletite ostmise internetis. Loosimised toimuvad igal laup\u00e4eval ja kolmap\u00e4eval, mis t\u00e4hendab, et sul on kaks korda rohkem v\u00f5imalusi osaleda [&hellip;]<\/p>\n","protected":false},"author":1,"featured_media":0,"parent":16809,"menu_order":1,"comment_status":"closed","ping_status":"closed","template":"powerball-usa-info.php","meta":{"_et_pb_use_builder":"","_et_pb_old_content":"","_et_gb_content_width":"","exclude_from_search":false,"footnotes":""},"class_list":["post-16814","page","type-page","status-publish","hentry"],"yoast_head":"<!-- This site is optimized with the Yoast SEO plugin v23.8 - https:\/\/yoast.com\/wordpress\/plugins\/seo\/ -->\n<title>Osta Powerballi pileteid internetis Eestist | V\u00f5ida Powerball siit<\/title>\n<meta name=\"description\" content=\"Kuidas osta Powerball Lotto USA piletit internetis? Meie teenus v\u00f5imaldab teil v\u00f5tta osa Powerball USA-st Eestist.\" \/>\n<meta name=\"robots\" content=\"index, follow, max-snippet:-1, max-image-preview:large, max-video-preview:-1\" \/>\n<link rel=\"canonical\" href=\"https:\/\/redfoxlotto.com\/et\/informatsioon\/powerball\/\" \/>\n<meta property=\"og:locale\" content=\"et_EE\" \/>\n<meta property=\"og:type\" content=\"article\" \/>\n<meta property=\"og:title\" content=\"Osta Powerballi pileteid internetis Eestist | V\u00f5ida Powerball siit\" \/>\n<meta property=\"og:description\" content=\"Kuidas osta Powerball Lotto USA piletit internetis? Meie teenus v\u00f5imaldab teil v\u00f5tta osa Powerball USA-st Eestist.\" \/>\n<meta property=\"og:url\" content=\"https:\/\/redfoxlotto.com\/et\/informatsioon\/powerball\/\" \/>\n<meta property=\"og:site_name\" content=\"Get Tickets for the World\u2019s largest jackpots\" \/>\n<meta property=\"article:modified_time\" content=\"2025-12-18T10:48:37+00:00\" \/>\n<meta property=\"og:image\" content=\"https:\/\/redfoxlotto.com\/wp-content\/uploads\/sites\/9\/ticket_powerball3.jpg\" \/>\n<meta name=\"twitter:card\" content=\"summary_large_image\" \/>\n<meta name=\"twitter:label1\" content=\"Est. reading time\" \/>\n\t<meta name=\"twitter:data1\" content=\"4 minutit\" \/>\n<script type=\"application\/ld+json\" class=\"yoast-schema-graph\">{\"@context\":\"https:\/\/schema.org\",\"@graph\":[{\"@type\":\"WebPage\",\"@id\":\"https:\/\/redfoxlotto.com\/et\/informatsioon\/powerball\/\",\"url\":\"https:\/\/redfoxlotto.com\/et\/informatsioon\/powerball\/\",\"name\":\"Osta Powerballi pileteid internetis Eestist | V\u00f5ida Powerball siit\",\"isPartOf\":{\"@id\":\"https:\/\/redfoxlotto.com\/et\/#website\"},\"primaryImageOfPage\":{\"@id\":\"https:\/\/redfoxlotto.com\/et\/informatsioon\/powerball\/#primaryimage\"},\"image\":{\"@id\":\"https:\/\/redfoxlotto.com\/et\/informatsioon\/powerball\/#primaryimage\"},\"thumbnailUrl\":\"https:\/\/redfoxlotto.com\/wp-content\/uploads\/sites\/9\/ticket_powerball3.jpg\",\"datePublished\":\"2018-11-18T08:54:25+00:00\",\"dateModified\":\"2025-12-18T10:48:37+00:00\",\"description\":\"Kuidas osta Powerball Lotto USA piletit internetis? Meie teenus v\u00f5imaldab teil v\u00f5tta osa Powerball USA-st Eestist.\",\"breadcrumb\":{\"@id\":\"https:\/\/redfoxlotto.com\/et\/informatsioon\/powerball\/#breadcrumb\"},\"inLanguage\":\"et\",\"potentialAction\":[{\"@type\":\"ReadAction\",\"target\":[\"https:\/\/redfoxlotto.com\/et\/informatsioon\/powerball\/\"]}]},{\"@type\":\"ImageObject\",\"inLanguage\":\"et\",\"@id\":\"https:\/\/redfoxlotto.com\/et\/informatsioon\/powerball\/#primaryimage\",\"url\":\"https:\/\/redfoxlotto.com\/wp-content\/uploads\/sites\/9\/ticket_powerball3.jpg\",\"contentUrl\":\"https:\/\/redfoxlotto.com\/wp-content\/uploads\/sites\/9\/ticket_powerball3.jpg\"},{\"@type\":\"BreadcrumbList\",\"@id\":\"https:\/\/redfoxlotto.com\/et\/informatsioon\/powerball\/#breadcrumb\",\"itemListElement\":[{\"@type\":\"ListItem\",\"position\":1,\"name\":\"Home\",\"item\":\"https:\/\/redfoxlotto.com\/et\/\"},{\"@type\":\"ListItem\",\"position\":2,\"name\":\"Osta loteriipileteid internetis\",\"item\":\"https:\/\/redfoxlotto.com\/et\/informatsioon\/\"},{\"@type\":\"ListItem\",\"position\":3,\"name\":\"Powerballi kohta\"}]},{\"@type\":\"WebSite\",\"@id\":\"https:\/\/redfoxlotto.com\/et\/#website\",\"url\":\"https:\/\/redfoxlotto.com\/et\/\",\"name\":\"Get Tickets for the World\u2019s largest jackpots\",\"description\":\"Participate in worldwide lottery jackpots from any country\",\"publisher\":{\"@id\":\"https:\/\/redfoxlotto.com\/et\/#organization\"},\"potentialAction\":[{\"@type\":\"SearchAction\",\"target\":{\"@type\":\"EntryPoint\",\"urlTemplate\":\"https:\/\/redfoxlotto.com\/et\/?s={search_term_string}\"},\"query-input\":{\"@type\":\"PropertyValueSpecification\",\"valueRequired\":true,\"valueName\":\"search_term_string\"}}],\"inLanguage\":\"et\"},{\"@type\":\"Organization\",\"@id\":\"https:\/\/redfoxlotto.com\/et\/#organization\",\"name\":\"Get Tickets for the World\u2019s largest jackpots\",\"url\":\"https:\/\/redfoxlotto.com\/et\/\",\"logo\":{\"@type\":\"ImageObject\",\"inLanguage\":\"et\",\"@id\":\"https:\/\/redfoxlotto.com\/et\/#\/schema\/logo\/image\/\",\"url\":\"https:\/\/redfoxlotto.com\/wp-content\/uploads\/2023\/04\/logo.png\",\"contentUrl\":\"https:\/\/redfoxlotto.com\/wp-content\/uploads\/2023\/04\/logo.png\",\"width\":269,\"height\":53,\"caption\":\"Get Tickets for the World\u2019s largest jackpots\"},\"image\":{\"@id\":\"https:\/\/redfoxlotto.com\/et\/#\/schema\/logo\/image\/\"}}]}<\/script>\n<!-- \/ Yoast SEO plugin. -->","yoast_head_json":{"title":"Osta Powerballi pileteid internetis Eestist | V\u00f5ida Powerball siit","description":"Kuidas osta Powerball Lotto USA piletit internetis? Meie teenus v\u00f5imaldab teil v\u00f5tta osa Powerball USA-st Eestist.","robots":{"index":"index","follow":"follow","max-snippet":"max-snippet:-1","max-image-preview":"max-image-preview:large","max-video-preview":"max-video-preview:-1"},"canonical":"https:\/\/redfoxlotto.com\/et\/informatsioon\/powerball\/","og_locale":"et_EE","og_type":"article","og_title":"Osta Powerballi pileteid internetis Eestist | V\u00f5ida Powerball siit","og_description":"Kuidas osta Powerball Lotto USA piletit internetis? Meie teenus v\u00f5imaldab teil v\u00f5tta osa Powerball USA-st Eestist.","og_url":"https:\/\/redfoxlotto.com\/et\/informatsioon\/powerball\/","og_site_name":"Get Tickets for the World\u2019s largest jackpots","article_modified_time":"2025-12-18T10:48:37+00:00","og_image":[{"url":"https:\/\/redfoxlotto.com\/wp-content\/uploads\/sites\/9\/ticket_powerball3.jpg"}],"twitter_card":"summary_large_image","twitter_misc":{"Est. reading time":"4 minutit"},"schema":{"@context":"https:\/\/schema.org","@graph":[{"@type":"WebPage","@id":"https:\/\/redfoxlotto.com\/et\/informatsioon\/powerball\/","url":"https:\/\/redfoxlotto.com\/et\/informatsioon\/powerball\/","name":"Osta Powerballi pileteid internetis Eestist | V\u00f5ida Powerball siit","isPartOf":{"@id":"https:\/\/redfoxlotto.com\/et\/#website"},"primaryImageOfPage":{"@id":"https:\/\/redfoxlotto.com\/et\/informatsioon\/powerball\/#primaryimage"},"image":{"@id":"https:\/\/redfoxlotto.com\/et\/informatsioon\/powerball\/#primaryimage"},"thumbnailUrl":"https:\/\/redfoxlotto.com\/wp-content\/uploads\/sites\/9\/ticket_powerball3.jpg","datePublished":"2018-11-18T08:54:25+00:00","dateModified":"2025-12-18T10:48:37+00:00","description":"Kuidas osta Powerball Lotto USA piletit internetis? Meie teenus v\u00f5imaldab teil v\u00f5tta osa Powerball USA-st Eestist.","breadcrumb":{"@id":"https:\/\/redfoxlotto.com\/et\/informatsioon\/powerball\/#breadcrumb"},"inLanguage":"et","potentialAction":[{"@type":"ReadAction","target":["https:\/\/redfoxlotto.com\/et\/informatsioon\/powerball\/"]}]},{"@type":"ImageObject","inLanguage":"et","@id":"https:\/\/redfoxlotto.com\/et\/informatsioon\/powerball\/#primaryimage","url":"https:\/\/redfoxlotto.com\/wp-content\/uploads\/sites\/9\/ticket_powerball3.jpg","contentUrl":"https:\/\/redfoxlotto.com\/wp-content\/uploads\/sites\/9\/ticket_powerball3.jpg"},{"@type":"BreadcrumbList","@id":"https:\/\/redfoxlotto.com\/et\/informatsioon\/powerball\/#breadcrumb","itemListElement":[{"@type":"ListItem","position":1,"name":"Home","item":"https:\/\/redfoxlotto.com\/et\/"},{"@type":"ListItem","position":2,"name":"Osta loteriipileteid internetis","item":"https:\/\/redfoxlotto.com\/et\/informatsioon\/"},{"@type":"ListItem","position":3,"name":"Powerballi kohta"}]},{"@type":"WebSite","@id":"https:\/\/redfoxlotto.com\/et\/#website","url":"https:\/\/redfoxlotto.com\/et\/","name":"Get Tickets for the World\u2019s largest jackpots","description":"Participate in worldwide lottery jackpots from any country","publisher":{"@id":"https:\/\/redfoxlotto.com\/et\/#organization"},"potentialAction":[{"@type":"SearchAction","target":{"@type":"EntryPoint","urlTemplate":"https:\/\/redfoxlotto.com\/et\/?s={search_term_string}"},"query-input":{"@type":"PropertyValueSpecification","valueRequired":true,"valueName":"search_term_string"}}],"inLanguage":"et"},{"@type":"Organization","@id":"https:\/\/redfoxlotto.com\/et\/#organization","name":"Get Tickets for the World\u2019s largest jackpots","url":"https:\/\/redfoxlotto.com\/et\/","logo":{"@type":"ImageObject","inLanguage":"et","@id":"https:\/\/redfoxlotto.com\/et\/#\/schema\/logo\/image\/","url":"https:\/\/redfoxlotto.com\/wp-content\/uploads\/2023\/04\/logo.png","contentUrl":"https:\/\/redfoxlotto.com\/wp-content\/uploads\/2023\/04\/logo.png","width":269,"height":53,"caption":"Get Tickets for the World\u2019s largest jackpots"},"image":{"@id":"https:\/\/redfoxlotto.com\/et\/#\/schema\/logo\/image\/"}}]}},"_links":{"self":[{"href":"https:\/\/redfoxlotto.com\/et\/wp-json\/wp\/v2\/pages\/16814","targetHints":{"allow":["GET"]}}],"collection":[{"href":"https:\/\/redfoxlotto.com\/et\/wp-json\/wp\/v2\/pages"}],"about":[{"href":"https:\/\/redfoxlotto.com\/et\/wp-json\/wp\/v2\/types\/page"}],"author":[{"embeddable":true,"href":"https:\/\/redfoxlotto.com\/et\/wp-json\/wp\/v2\/users\/1"}],"replies":[{"embeddable":true,"href":"https:\/\/redfoxlotto.com\/et\/wp-json\/wp\/v2\/comments?post=16814"}],"version-history":[{"count":0,"href":"https:\/\/redfoxlotto.com\/et\/wp-json\/wp\/v2\/pages\/16814\/revisions"}],"up":[{"embeddable":true,"href":"https:\/\/redfoxlotto.com\/et\/wp-json\/wp\/v2\/pages\/16809"}],"wp:attachment":[{"href":"https:\/\/redfoxlotto.com\/et\/wp-json\/wp\/v2\/media?parent=16814"}],"curies":[{"name":"wp","href":"https:\/\/api.w.org\/{rel}","templated":true}]}}