{"id":16812,"date":"2018-11-18T08:54:25","date_gmt":"2018-11-18T08:54:25","guid":{"rendered":"https:\/\/redfoxlotto.com\/?page_id=894"},"modified":"2025-12-18T12:55:21","modified_gmt":"2025-12-18T12:55:21","slug":"mega-millions","status":"publish","type":"page","link":"https:\/\/redfoxlotto.com\/et\/informatsioon\/mega-millions\/","title":{"rendered":"Mega Millions&#8217;i kohta"},"content":{"rendered":"<p><script type=\"application\/ld+json\">\n{\n  \"@context\": \"https:\/\/schema.org\",\n  \"@type\": \"Service\",\n  \"name\": \"M\u00e4ngi Mega Millionsi veebis\",\n  \"url\": \"https:\/\/redfoxlotto.com\/et\/lotteries\/mega-millions\",\n  \"description\": \"Osta ametlikke Mega Millionsi lotopileteid veebis igast riigist. K\u00fclasta RedFoxLotto, vali oma numbrid ja osale j\u00e4rgmises loosimises.\",\n  \"serviceType\": \"Veebip\u00f5hine lotopiletite vahendusteenus\",<\/p>\n<p>  \"provider\": {\n    \"@type\": \"Organization\",\n    \"name\": \"RedFoxLotto\",\n    \"url\": \"https:\/\/redfoxlotto.com\/et\",\n    \"image\": \"https:\/\/redfoxlotto.com\/et\/wp-content\/uploads\/2025\/12\/ticket_scans.jpg\",\n    \"sameAs\": []\n  },<\/p>\n<p>  \"areaServed\": \"Worldwide\",\n  \"termsOfService\": \"https:\/\/redfoxlotto.com\/terms-and-conditions\",<\/p>\n<p>  \"additionalProperty\": {\n    \"@type\": \"PropertyValue\",\n    \"name\": \"KKK\",\n    \"value\": \"https:\/\/redfoxlotto.com\/et\/faq\/\"\n  },<\/p>\n<p>  \"hasOfferCatalog\": {\n    \"@type\": \"OfferCatalog\",\n    \"name\": \"Mega Millionsi lotopiletid\",\n    \"itemListElement\": [\n      {\n        \"@type\": \"Offer\",\n        \"name\": \"Mega Millionsi piletid\",\n        \"url\": \"https:\/\/redfoxlotto.com\/et\/lotteries\/powerball\",\n        \"description\": \"Osta ehtsad lotopiletid veebis j\u00e4rgmise Mega Millionsi loosimise jaoks RedFoxLotto kaudu.\",\n        \"price\": \"13.00\",\n        \"priceCurrency\": \"\u20ac\",\n        \"availability\": \"https:\/\/schema.org\/InStock\",<\/p>\n<p>        \"itemOffered\": {\n          \"@type\": \"Service\",\n          \"name\": \"Mega Millionsi lotopiletid\",\n          \"description\": \"Osale j\u00e4rgmises Mega Millionsi loosimises \u2013 osta piletid veebis RedFoxLotto kaudu.\"\n        }\n      }\n    ]\n  },<\/p>\n<p>  \"mainEntityOfPage\": {\n    \"@type\": \"WebPage\",\n    \"@id\": \"https:\/\/redfoxlotto.com\/et\/lotteries\/mega-millions\"\n  }\n}\n<\/script><\/p>\n<p>Kuni 2002. aastani tuntud kui &#8220;The Big Game&#8221;, on see 44 USA osariigi loterii n\u00fc\u00fcd kogu maailmas tuntud kui Mega Millions. Selleks korraldatakse kaks loosimist n\u00e4dalas (igal teisip\u00e4eval ja reedel). Kui te ei ole sellest m\u00e4ngust kuulnud v\u00f5i kui te pole seni t\u00e4helepanu p\u00f6\u00f6ranud, siis tahate kindlasti l\u00e4hemalt uurida, mida sellest m\u00e4ngust saab.<\/p>\n<p>See on kindlasti auhind, mida sa tahad v\u00f5ita ja see on super lihtne m\u00e4ng, mida sa ka m\u00e4ngid. See muudab Mega Millions&#8217;i piletite ostmise Eestist veebist v\u00f5iduks.<\/p>\n<h2>Mega Millions Jackpot<\/h2>\n<p>Mega Millions on tuntud oma suurte jackpotide poolest. 2018. aastal v\u00f5itis \u00fcks \u00f5nnelik rekordilise jackpoti, mis oli \u00fcle 1,5 miljardi dollari. See on kindlasti selline jackpot, mida sa tahad v\u00f5ita, eks? Ja t\u00f5en\u00e4osus ei ole kindlasti nii halb kui m\u00f5ne jackpoti v\u00f5idu puhul.<\/p>\n<p><img loading=\"lazy\" decoding=\"async\" class=\"alignright wp-image\" src=\"https:\/\/content.redfoxlotto.com\/uploads\/sites\/9\/2_ticket_mega_millions2.jpg\" alt=\"Mega Millions online\" width=\"200\" height=\"207\" \/><\/p>\n<p>Mis Mega Millions&#8217;i puhul on veelgi parem, on see, et jackpotid on alati k\u00f5rged. Tegelikult algab jackpot 40 miljonist dollarist. Seega, isegi kui sa v\u00f5idad p\u00f5hija jackpot&#8217;i enne, kui see hakkab t\u00f5usma (mida juhtub harva), saad ikkagi suure v\u00e4ljamakse.<\/p>\n<p>Kui v\u00f5idad jackpoti hiljem, kui see hakkab t\u00f5usma, v\u00f5id v\u00f5ita palju rohkem. Veelgi parem, need jackpotid t\u00f5usevad \u00fcsna kiiresti. Nii et see, mis t\u00e4na algab 40 miljoni dollariga, v\u00f5ib juba n\u00e4dalaga v\u00f5i v\u00e4hemalgi \u00fcle 100 miljoni dollari olla. Sealt edasi v\u00f5ib see t\u00f5usta mitmete sadade miljonite tasemeni ja sa v\u00f5id lihtsalt sattuda j\u00e4rjekordsesse miljardi dollari suurusesse loosimisse. See oleks kindlasti m\u00f5ne dollari suurust piletiinvesteeringut v\u00e4\u00e4rt, eks?<\/p>\n<p>Meie veebisaidil on sul v\u00f5imalus osta Mega Millions pileteid internetis, isegi kui elad Eestis. Lihtsalt vali oma numbrid, osta pilet ja oota loosimise tulemusi! K\u00e4ime m\u00f5ne minuti p\u00e4rast l\u00e4bi m\u00f5ned \u00fcldised sammud ja selle, mida on vaja selleks, et alustada, kuid keskendume k\u00f5igepealt Mega Millionsile endale, eks ole?<\/p>\n<h2>Mega Millions&#8217;i reeglid<\/h2>\n<p>Mega Millions&#8217;i reeglid on lihtsad. Sa pead valima 5 numbrit vahemikus 1 kuni 70, millele lisandub veel \u00fcks MegaBall-number. K\u00f5ik numbrid peavad vastama, et v\u00f5ita jackpot. See ei t\u00e4henda, et te ei saa midagi v\u00f5ita, kui te ei saa seda jackpotit. Tegelikult on mitmeid erinevaid auhindu, mida v\u00f5id v\u00f5ita. Mega Millionsis saab v\u00f5ita \u00fcheksas auhinnavahemikus.<\/p>\n<p>T\u00f5eliselt tore on see, et v\u00f5id tegelikult v\u00f5ita ainult \u00fche numbri kokkulangevuse alusel, kui see number on MegaBall. Kui see number langeb kokku, v\u00f5idad automaatse auhinna ja see on alles algus. Sa v\u00f5id v\u00f5ita v\u00e4ga v\u00e4ikeseid auhindu, mis annavad sulle tagasi vaid pileti ostmiseks kulutatud raha, v\u00f5i v\u00f5id v\u00f5ita suuri auhindu, mis on siiski v\u00e4iksemad kui tegelik jackpot.<br \/>\nLisaks sellele v\u00f5idetakse iga auhind jackpoti all \u00fckshaaval. See t\u00e4hendab, et sa ei pea raha jagama, kui keegi teine v\u00f5idab selle auhinna samuti.<\/p>\n<h2>Mega Millions pileti ostmine internetis Eestis<\/h2>\n<p>Kas olete valmis ostma oma esimest Mega Millions piletit internetis? Kui olete, siis tahate kindlasti tutvuda selle protsessi etappidega. Me teeme selle v\u00f5imalikult lihtsaks, sest teame, et sa tahad t\u00f5esti osta oma pileti, osaleda loosimises ja seej\u00e4rel tegeleda muude asjadega, mis su elus toimuvad. Seega teeme selle vaid paari sammuga.<\/p>\n<p>Esimene samm on otsustada, mida sa ostad. Kui soovite osta Mega Millions&#8217;i pileteid veebist, siis on see lihtne. Te lihtsalt leiate m\u00e4ngu ja l\u00e4hete spetsiaalselt selle jaoks m\u00f5eldud lehele.<\/p>\n<p>Kui soovite osta pileteid teiste m\u00e4ngude jaoks, siis n\u00e4ete k\u00f5iki neid ja nende praeguseid jackpot&#8217;e, mis on saadaval otse samal ekraanil, ning saate minna ka igale neist eraldi. Nii on sul v\u00e4ga lihtne otsustada, mida sa teed, ja valida v\u00e4lja soovitud piletid.<\/p>\n<p><img loading=\"lazy\" decoding=\"async\" class=\"alignright wp-image\" src=\"https:\/\/content.redfoxlotto.com\/uploads\/sites\/9\/1_buy_mega_millions_lottery_tickets.jpg\" alt=\"osta pileteid internetis\" width=\"287\" height=\"202\" \/><\/p>\n<p>Kui olete lehel, saate teada rohkem Mega Millions&#8217;i kohta ja seej\u00e4rel saate valida numbrid, mida soovite m\u00e4ngida. Kui teil on konkreetsed numbrid, mida soovite, saate neid valida otse sellel ekraanil. Kui sul on ainult m\u00f5ned numbrid ja sa tahad, et \u00fclej\u00e4\u00e4nud numbrid m\u00e4\u00e4ratakse juhuslikult, siis on ka see v\u00f5imalus. V\u00f5i saate valida t\u00e4ielikult juhusliku pileti. See s\u00f5ltub t\u00e4ielikult sinust. M\u00f5lemal juhul saate teada, kas teil on piisavalt, liiga v\u00e4he v\u00f5i liiga palju numbreid, sest me veendume, et teie pilet on kehtiv, enne kui j\u00f5uate j\u00e4rgmisele lehek\u00fcljele.<\/p>\n<h2>Maksmise protsess<\/h2>\n<p>Kui oled valinud v\u00e4lja soovitud Mega Millions piletid, saad need ostukorvi lisada ja soovi korral valida lisapileteid v\u00f5i liikuda edasi kassasse. Kassast v\u00e4ljudes vajate meie juures kontot, kuid ka selle seadistamine on meil \u00fclihea.<\/p>\n<p>Sa lihtsalt t\u00e4idad enda kohta m\u00f5ned p\u00f5hilised andmed, et saaksid vajadusel auhindu n\u00f5uda.<\/p>\n<p>See on k\u00f5ik, mis vaja. Sa kinnitad oma ostu, me saadame sulle piletid ja need ilmuvad otse sinu kontole, nii et saad vaadata ja n\u00e4ha, kas oled v\u00f5itnud. Me saadame sulle isegi e-kirja, kui sinu pilet v\u00f5idab, ja n\u00e4itame sulle otse sinu kontol, millised numbrid on loosimisest p\u00e4rit. Sul ei ole mingit probleemi saada Mega Millionsiga suurep\u00e4raseid kogemusi ja sa tahad lihtsalt j\u00e4tkata iga m\u00e4ngu m\u00e4ngimist.<\/p>\n","protected":false},"excerpt":{"rendered":"<p>Kuni 2002. aastani tuntud kui &#8220;The Big Game&#8221;, on see 44 USA osariigi loterii n\u00fc\u00fcd kogu maailmas tuntud kui Mega Millions. Selleks korraldatakse kaks loosimist n\u00e4dalas (igal teisip\u00e4eval ja reedel). Kui te ei ole sellest m\u00e4ngust kuulnud v\u00f5i kui te pole seni t\u00e4helepanu p\u00f6\u00f6ranud, siis tahate kindlasti l\u00e4hemalt uurida, mida sellest m\u00e4ngust saab. See on [&hellip;]<\/p>\n","protected":false},"author":1,"featured_media":0,"parent":16809,"menu_order":2,"comment_status":"closed","ping_status":"closed","template":"megamillion-info.php","meta":{"_et_pb_use_builder":"","_et_pb_old_content":"","_et_gb_content_width":"","exclude_from_search":false,"footnotes":""},"class_list":["post-16812","page","type-page","status-publish","hentry"],"yoast_head":"<!-- This site is optimized with the Yoast SEO plugin v27.4 - https:\/\/yoast.com\/product\/yoast-seo-wordpress\/ -->\n<title>Osta Mega Millions pileteid internetis | Mega Millions on n\u00fc\u00fcd saadaval Eestist<\/title>\n<meta name=\"description\" content=\"Tutvu Mega Millions Lotto USA ja kuidas saab osta Mega Millions pileteid internetis, Eestist v\u00f5i mis tahes riigist maailmas.\" \/>\n<meta name=\"robots\" content=\"index, follow, max-snippet:-1, max-image-preview:large, max-video-preview:-1\" \/>\n<link rel=\"canonical\" href=\"https:\/\/redfoxlotto.com\/et\/informatsioon\/mega-millions\/\" \/>\n<meta property=\"og:locale\" content=\"et_EE\" \/>\n<meta property=\"og:type\" content=\"article\" \/>\n<meta property=\"og:title\" content=\"Osta Mega Millions pileteid internetis | Mega Millions on n\u00fc\u00fcd saadaval Eestist\" \/>\n<meta property=\"og:description\" content=\"Tutvu Mega Millions Lotto USA ja kuidas saab osta Mega Millions pileteid internetis, Eestist v\u00f5i mis tahes riigist maailmas.\" \/>\n<meta property=\"og:url\" content=\"https:\/\/redfoxlotto.com\/et\/informatsioon\/mega-millions\/\" \/>\n<meta property=\"og:site_name\" content=\"Get Tickets for the World\u2019s largest jackpots\" \/>\n<meta property=\"article:modified_time\" content=\"2025-12-18T12:55:21+00:00\" \/>\n<meta property=\"og:image\" content=\"https:\/\/content.redfoxlotto.com\/uploads\/sites\/9\/2_ticket_mega_millions2.jpg\" \/>\n<meta name=\"twitter:card\" content=\"summary_large_image\" \/>\n<meta name=\"twitter:label1\" content=\"Est. reading time\" \/>\n\t<meta name=\"twitter:data1\" content=\"4 minutit\" \/>\n<script type=\"application\/ld+json\" class=\"yoast-schema-graph\">{\"@context\":\"https:\\\/\\\/schema.org\",\"@graph\":[{\"@type\":\"WebPage\",\"@id\":\"https:\\\/\\\/redfoxlotto.com\\\/et\\\/informatsioon\\\/mega-millions\\\/\",\"url\":\"https:\\\/\\\/redfoxlotto.com\\\/et\\\/informatsioon\\\/mega-millions\\\/\",\"name\":\"Osta Mega Millions pileteid internetis | Mega Millions on n\u00fc\u00fcd saadaval Eestist\",\"isPartOf\":{\"@id\":\"https:\\\/\\\/redfoxlotto.com\\\/et\\\/#website\"},\"primaryImageOfPage\":{\"@id\":\"https:\\\/\\\/redfoxlotto.com\\\/et\\\/informatsioon\\\/mega-millions\\\/#primaryimage\"},\"image\":{\"@id\":\"https:\\\/\\\/redfoxlotto.com\\\/et\\\/informatsioon\\\/mega-millions\\\/#primaryimage\"},\"thumbnailUrl\":\"https:\\\/\\\/content.redfoxlotto.com\\\/uploads\\\/sites\\\/9\\\/2_ticket_mega_millions2.jpg\",\"datePublished\":\"2018-11-18T08:54:25+00:00\",\"dateModified\":\"2025-12-18T12:55:21+00:00\",\"description\":\"Tutvu Mega Millions Lotto USA ja kuidas saab osta Mega Millions pileteid internetis, Eestist v\u00f5i mis tahes riigist maailmas.\",\"breadcrumb\":{\"@id\":\"https:\\\/\\\/redfoxlotto.com\\\/et\\\/informatsioon\\\/mega-millions\\\/#breadcrumb\"},\"inLanguage\":\"et\",\"potentialAction\":[{\"@type\":\"ReadAction\",\"target\":[\"https:\\\/\\\/redfoxlotto.com\\\/et\\\/informatsioon\\\/mega-millions\\\/\"]}]},{\"@type\":\"ImageObject\",\"inLanguage\":\"et\",\"@id\":\"https:\\\/\\\/redfoxlotto.com\\\/et\\\/informatsioon\\\/mega-millions\\\/#primaryimage\",\"url\":\"https:\\\/\\\/content.redfoxlotto.com\\\/uploads\\\/sites\\\/9\\\/2_ticket_mega_millions2.jpg\",\"contentUrl\":\"https:\\\/\\\/content.redfoxlotto.com\\\/uploads\\\/sites\\\/9\\\/2_ticket_mega_millions2.jpg\"},{\"@type\":\"BreadcrumbList\",\"@id\":\"https:\\\/\\\/redfoxlotto.com\\\/et\\\/informatsioon\\\/mega-millions\\\/#breadcrumb\",\"itemListElement\":[{\"@type\":\"ListItem\",\"position\":1,\"name\":\"Home\",\"item\":\"https:\\\/\\\/redfoxlotto.com\\\/et\\\/\"},{\"@type\":\"ListItem\",\"position\":2,\"name\":\"Osta loteriipileteid internetis\",\"item\":\"https:\\\/\\\/redfoxlotto.com\\\/et\\\/informatsioon\\\/\"},{\"@type\":\"ListItem\",\"position\":3,\"name\":\"Mega Millions&#8217;i kohta\"}]},{\"@type\":\"WebSite\",\"@id\":\"https:\\\/\\\/redfoxlotto.com\\\/et\\\/#website\",\"url\":\"https:\\\/\\\/redfoxlotto.com\\\/et\\\/\",\"name\":\"Get Tickets for the World\u2019s largest jackpots\",\"description\":\"Participate in worldwide lottery jackpots from any country\",\"publisher\":{\"@id\":\"https:\\\/\\\/redfoxlotto.com\\\/et\\\/#organization\"},\"potentialAction\":[{\"@type\":\"SearchAction\",\"target\":{\"@type\":\"EntryPoint\",\"urlTemplate\":\"https:\\\/\\\/redfoxlotto.com\\\/et\\\/?s={search_term_string}\"},\"query-input\":{\"@type\":\"PropertyValueSpecification\",\"valueRequired\":true,\"valueName\":\"search_term_string\"}}],\"inLanguage\":\"et\"},{\"@type\":\"Organization\",\"@id\":\"https:\\\/\\\/redfoxlotto.com\\\/et\\\/#organization\",\"name\":\"Get Tickets for the World\u2019s largest jackpots\",\"url\":\"https:\\\/\\\/redfoxlotto.com\\\/et\\\/\",\"logo\":{\"@type\":\"ImageObject\",\"inLanguage\":\"et\",\"@id\":\"https:\\\/\\\/redfoxlotto.com\\\/et\\\/#\\\/schema\\\/logo\\\/image\\\/\",\"url\":\"https:\\\/\\\/redfoxlotto.com\\\/wp-content\\\/uploads\\\/2023\\\/04\\\/logo.png\",\"contentUrl\":\"https:\\\/\\\/redfoxlotto.com\\\/wp-content\\\/uploads\\\/2023\\\/04\\\/logo.png\",\"width\":269,\"height\":53,\"caption\":\"Get Tickets for the World\u2019s largest jackpots\"},\"image\":{\"@id\":\"https:\\\/\\\/redfoxlotto.com\\\/et\\\/#\\\/schema\\\/logo\\\/image\\\/\"}}]}<\/script>\n<!-- \/ Yoast SEO plugin. -->","yoast_head_json":{"title":"Osta Mega Millions pileteid internetis | Mega Millions on n\u00fc\u00fcd saadaval Eestist","description":"Tutvu Mega Millions Lotto USA ja kuidas saab osta Mega Millions pileteid internetis, Eestist v\u00f5i mis tahes riigist maailmas.","robots":{"index":"index","follow":"follow","max-snippet":"max-snippet:-1","max-image-preview":"max-image-preview:large","max-video-preview":"max-video-preview:-1"},"canonical":"https:\/\/redfoxlotto.com\/et\/informatsioon\/mega-millions\/","og_locale":"et_EE","og_type":"article","og_title":"Osta Mega Millions pileteid internetis | Mega Millions on n\u00fc\u00fcd saadaval Eestist","og_description":"Tutvu Mega Millions Lotto USA ja kuidas saab osta Mega Millions pileteid internetis, Eestist v\u00f5i mis tahes riigist maailmas.","og_url":"https:\/\/redfoxlotto.com\/et\/informatsioon\/mega-millions\/","og_site_name":"Get Tickets for the World\u2019s largest jackpots","article_modified_time":"2025-12-18T12:55:21+00:00","og_image":[{"url":"https:\/\/content.redfoxlotto.com\/uploads\/sites\/9\/2_ticket_mega_millions2.jpg","type":"","width":"","height":""}],"twitter_card":"summary_large_image","twitter_misc":{"Est. reading time":"4 minutit"},"schema":{"@context":"https:\/\/schema.org","@graph":[{"@type":"WebPage","@id":"https:\/\/redfoxlotto.com\/et\/informatsioon\/mega-millions\/","url":"https:\/\/redfoxlotto.com\/et\/informatsioon\/mega-millions\/","name":"Osta Mega Millions pileteid internetis | Mega Millions on n\u00fc\u00fcd saadaval Eestist","isPartOf":{"@id":"https:\/\/redfoxlotto.com\/et\/#website"},"primaryImageOfPage":{"@id":"https:\/\/redfoxlotto.com\/et\/informatsioon\/mega-millions\/#primaryimage"},"image":{"@id":"https:\/\/redfoxlotto.com\/et\/informatsioon\/mega-millions\/#primaryimage"},"thumbnailUrl":"https:\/\/content.redfoxlotto.com\/uploads\/sites\/9\/2_ticket_mega_millions2.jpg","datePublished":"2018-11-18T08:54:25+00:00","dateModified":"2025-12-18T12:55:21+00:00","description":"Tutvu Mega Millions Lotto USA ja kuidas saab osta Mega Millions pileteid internetis, Eestist v\u00f5i mis tahes riigist maailmas.","breadcrumb":{"@id":"https:\/\/redfoxlotto.com\/et\/informatsioon\/mega-millions\/#breadcrumb"},"inLanguage":"et","potentialAction":[{"@type":"ReadAction","target":["https:\/\/redfoxlotto.com\/et\/informatsioon\/mega-millions\/"]}]},{"@type":"ImageObject","inLanguage":"et","@id":"https:\/\/redfoxlotto.com\/et\/informatsioon\/mega-millions\/#primaryimage","url":"https:\/\/content.redfoxlotto.com\/uploads\/sites\/9\/2_ticket_mega_millions2.jpg","contentUrl":"https:\/\/content.redfoxlotto.com\/uploads\/sites\/9\/2_ticket_mega_millions2.jpg"},{"@type":"BreadcrumbList","@id":"https:\/\/redfoxlotto.com\/et\/informatsioon\/mega-millions\/#breadcrumb","itemListElement":[{"@type":"ListItem","position":1,"name":"Home","item":"https:\/\/redfoxlotto.com\/et\/"},{"@type":"ListItem","position":2,"name":"Osta loteriipileteid internetis","item":"https:\/\/redfoxlotto.com\/et\/informatsioon\/"},{"@type":"ListItem","position":3,"name":"Mega Millions&#8217;i kohta"}]},{"@type":"WebSite","@id":"https:\/\/redfoxlotto.com\/et\/#website","url":"https:\/\/redfoxlotto.com\/et\/","name":"Get Tickets for the World\u2019s largest jackpots","description":"Participate in worldwide lottery jackpots from any country","publisher":{"@id":"https:\/\/redfoxlotto.com\/et\/#organization"},"potentialAction":[{"@type":"SearchAction","target":{"@type":"EntryPoint","urlTemplate":"https:\/\/redfoxlotto.com\/et\/?s={search_term_string}"},"query-input":{"@type":"PropertyValueSpecification","valueRequired":true,"valueName":"search_term_string"}}],"inLanguage":"et"},{"@type":"Organization","@id":"https:\/\/redfoxlotto.com\/et\/#organization","name":"Get Tickets for the World\u2019s largest jackpots","url":"https:\/\/redfoxlotto.com\/et\/","logo":{"@type":"ImageObject","inLanguage":"et","@id":"https:\/\/redfoxlotto.com\/et\/#\/schema\/logo\/image\/","url":"https:\/\/redfoxlotto.com\/wp-content\/uploads\/2023\/04\/logo.png","contentUrl":"https:\/\/redfoxlotto.com\/wp-content\/uploads\/2023\/04\/logo.png","width":269,"height":53,"caption":"Get Tickets for the World\u2019s largest jackpots"},"image":{"@id":"https:\/\/redfoxlotto.com\/et\/#\/schema\/logo\/image\/"}}]}},"_links":{"self":[{"href":"https:\/\/redfoxlotto.com\/et\/wp-json\/wp\/v2\/pages\/16812","targetHints":{"allow":["GET"]}}],"collection":[{"href":"https:\/\/redfoxlotto.com\/et\/wp-json\/wp\/v2\/pages"}],"about":[{"href":"https:\/\/redfoxlotto.com\/et\/wp-json\/wp\/v2\/types\/page"}],"author":[{"embeddable":true,"href":"https:\/\/redfoxlotto.com\/et\/wp-json\/wp\/v2\/users\/1"}],"replies":[{"embeddable":true,"href":"https:\/\/redfoxlotto.com\/et\/wp-json\/wp\/v2\/comments?post=16812"}],"version-history":[{"count":0,"href":"https:\/\/redfoxlotto.com\/et\/wp-json\/wp\/v2\/pages\/16812\/revisions"}],"up":[{"embeddable":true,"href":"https:\/\/redfoxlotto.com\/et\/wp-json\/wp\/v2\/pages\/16809"}],"wp:attachment":[{"href":"https:\/\/redfoxlotto.com\/et\/wp-json\/wp\/v2\/media?parent=16812"}],"curies":[{"name":"wp","href":"https:\/\/api.w.org\/{rel}","templated":true}]}}