{"id":16811,"date":"2018-11-18T08:54:25","date_gmt":"2018-11-18T08:54:25","guid":{"rendered":"https:\/\/redfoxlotto.com\/?page_id=892"},"modified":"2025-12-18T14:27:37","modified_gmt":"2025-12-18T14:27:37","slug":"euromillions","status":"publish","type":"page","link":"https:\/\/redfoxlotto.com\/et\/informatsioon\/euromillions\/","title":{"rendered":"EuroMillionsist"},"content":{"rendered":"<p><script type=\"application\/ld+json\">\n{\n  \"@context\": \"https:\/\/schema.org\",\n  \"@type\": \"Service\",\n  \"name\": \"M\u00e4ngi Euromillionsi veebis\",\n  \"url\": \"https:\/\/redfoxlotto.com\/et\/lotteries\/euromillions\/\",\n  \"description\": \"Osta ametlikke Euromillions loteriipileteid veebis igast riigist. K\u00fclastage RedFoxLotto, valige oma numbrid ja osalege j\u00e4rgmises loosimises.\",\n  \"serviceType\": \"Veebip\u00f5hine loteriipiletite vahendusteenus\",\n  \"provider\": {\n    \"@type\": \"Organization\",\n    \"name\": \"RedFoxLotto\",\n    \"url\": \"https:\/\/redfoxlotto.com\/et\",\n    \"image\": \"https:\/\/redfoxlotto.com\/et\/wp-content\/uploads\/2025\/12\/ticket_scans.jpg\",\n    \"sameAs\": []\n  },\n  \"areaServed\": \"Worldwide\",\n  \"termsOfService\": \"https:\/\/redfoxlotto.com\/terms-and-conditions\",\n  \"additionalProperty\": {\n    \"@type\": \"PropertyValue\",\n    \"name\": \"FAQ\",\n    \"value\": \"https:\/\/redfoxlotto.com\/et\/faq\/\"\n  },\n  \"hasOfferCatalog\": {\n    \"@type\": \"OfferCatalog\",\n    \"name\": \"Euromillions loteriipiletid\",\n    \"itemListElement\": [\n      {\n        \"@type\": \"Offer\",\n        \"name\": \"Euromillions piletid\",\n        \"url\": \"https:\/\/redfoxlotto.com\/et\/lotteries\/euromillions\",\n        \"description\": \"Osta t\u00f5elisi pileteid j\u00e4rgmise Euromillionsi loosimise jaoks RedFoxLotto kaudu.\",\n        \"price\": \"7.00\",\n        \"priceCurrency\": \"\u20ac\",\n        \"availability\": \"https:\/\/schema.org\/InStock\",\n        \"itemOffered\": {\n          \"@type\": \"Service\",\n          \"name\": \"Euromillions loteriipiletid\",\n          \"description\": \"Osale j\u00e4rgmises Euromillions loosimises \u2013 osta oma pileteid veebis RedFoxLotto kaudu.\"\n        }\n      }\n    ]\n  },\n  \"mainEntityOfPage\": {\n    \"@type\": \"WebPage\",\n    \"@id\": \"https:\/\/redfoxlotto.com\/et\/lotteries\/euromillions\"\n  }\n}\n<\/script><\/p>\n<p>Euro Millions on Euroopa suurim loterii. Pileteid saab osta \u00fcheksas Euroopa riigis &#8211; v\u00f5i kui olete Eestist, siis saate pileteid osta online siit. 2004. aastal k\u00e4ivitatud piletid on saadaval \u00fcheksas Euroopa riigis.<\/p>\n<h2>Hankige oma EuroMillions pilet Eestist<\/h2>\n<p>Kas olete valmis alustama ja ostma EuroMillions&#8217;i pileteid veebist? Kui olete, siis tahate enne m\u00e4ngus osalemist teada m\u00f5ned asjad selle m\u00e4ngu kohta, eks? Sa tahad veenduda, et oled valmis ja tead m\u00e4ngu kohta k\u00f5ike, mis v\u00f5imalik. Esimene asi, mida sa peaksid teadma, on see, millal toimuvad loosimised, sest sa tahad olla kindel, et sa saad oma loteriipileti enne j\u00e4rgmist loosimist. EuroMillions&#8217;i loosimised toimuvad igal teisip\u00e4eval ja reedel Pariisis.<\/p>\n<p><img loading=\"lazy\" decoding=\"async\" class=\"alignright wp-image\" src=\"https:\/\/content.redfoxlotto.com\/uploads\/sites\/9\/1_buy_euromillions_online.jpg\" alt=\"euromillions jackpot\" width=\"284\" height=\"190\" \/><\/p>\n<p>Me r\u00e4\u00e4gime l\u00e4hemalt numbritest, mille hulgast saate valida, ja sellest, kuidas te saate soovitud pileti kohe, kuid n\u00fc\u00fcd vaatame l\u00e4hemalt, millist jackpotit te v\u00f5ite v\u00f5ita. L\u00f5ppude l\u00f5puks on see \u00fcks p\u00f5hjusi, miks te tahate EuroMillionsil m\u00e4ngida.<\/p>\n<h2>EuroMillions Jackpot<\/h2>\n<p>Euroopa suurima loteriina on EuroMillionsil ka hiiglaslikud jackpotid. Tegelikult ulatuvad jackpotid sageli kaugele miljonitesse dollaritesse ja suurimad neist j\u00e4\u00e4vad kindlasti ka selle k\u00f5rgeima taseme piiridesse. Selle loterii suurim jackpot on siiani olnud 190 000 000 eurot. Selle v\u00f5itis anon\u00fc\u00fcmne m\u00e4ngija 24. oktoobril 2014.<\/p>\n<p>See on juba piisavalt hea p\u00f5hjus, et sa seda m\u00e4ngu l\u00e4hemalt uurid ja m\u00f5tled pileti ostmise peale, eks ole? Noh, sulle meeldib m\u00f5te selle raha v\u00f5itmisest ja sa v\u00f5id tegelikult ikkagi v\u00f5ita korraliku summa isegi siis, kui sa ei j\u00f5ua selle jackpotini. Seda seet\u00f5ttu, et algsumma on isegi suur auhind ja need, mis on kogu aeg madalaima ja k\u00f5rgeima taseme vahel, on samuti suurep\u00e4rased.<\/p>\n<h2>EuroMillions&#8217;i reeglid<\/h2>\n<p>Oled valmis ostma EuroMillions&#8217;i pileteid internetist, kuid sa ei ole p\u00e4ris kindel, kus ja kuidas seda teha &#8211; v\u00f5ib-olla seet\u00f5ttu, et elad Eestis? Noh, me vaatame t\u00e4pselt l\u00e4bi, mida sa pead tegema ja kuidas sa valima numbreid, mida sa tahad, et sul oleks parim v\u00f5imalik v\u00f5imalus tegelikult v\u00f5ita m\u00e4ng.<\/p>\n<h2>Niisiis, mida sa pead tegema?<\/h2>\n<p>Siin valid 5 p\u00f5hinumbrit vahemikus 1 kuni 50 ja kaks lisanumbrit, mida nimetatakse Lucky Stariks, vahemikus 1 kuni 12. Madalaima hinnavahemiku v\u00f5itmiseks peavad ainult kaks p\u00f5hinumbrit olema kokkulangevad. See t\u00e4hendab, et sul on palju v\u00f5imalusi, kus sa v\u00f5id v\u00f5ita, kuigi sa ei v\u00f5ida palju raha, kui sa sobitad ainult m\u00f5ne numbri.<\/p>\n<p>Kui sa sobitad mitu numbrit ja eriti kui sa sobitad \u00f5nneliku t\u00e4hega numbreid, siis on sul parem auhind saadaval. See on kindlasti hea kasu, eks? Sa v\u00f5id tegelikult parandada oma t\u00f5en\u00e4osust midagi saada ja sa v\u00f5id kindlasti nautida m\u00e4ngu m\u00e4ngimist.<\/p>\n<h2>Pileti valimine<\/h2>\n<p>Kas olete valmis pileti valimiseks? Kindlasti soovid tutvuda meie protsessiga, sest me teeme selle sinu jaoks v\u00e4ga lihtsaks. Me teame, et sul ei ole palju aega ja sa tahad veenduda, et kasutad seda aega v\u00f5imalikult h\u00e4sti \u00e4ra. Kuid sa tahad siiski nautida EuroMillions&#8217;i m\u00e4ngimist ja see t\u00e4hendab, et sa pead ostma EuroMillions&#8217;i pileteid internetis.<\/p>\n<p>Esimene samm meie protsessis on see, et te otsustate, millise pileti te ostate. Kui olete juba otsustanud EuroMillions&#8217;i kasuks, siis on k\u00f5ik valmis. Aga kui sa ei ole veel p\u00e4ris kindel, siis soovid kindlasti tutvuda pealehel, kus me n\u00e4itame sulle k\u00f5ik parimad jackpotid ja milliseid m\u00e4nge sa v\u00f5iksid vaadata. Need on m\u00e4ngud, mille jaoks me pakume pileteid.<\/p>\n<p>Kui oled otsustanud, millist piletit soovid, l\u00e4hed lehele ja hakkad oma pileti numbreid v\u00e4lja valima. Saate valida absoluutselt k\u00f5ik numbrid, kui soovite, nii et saate kohandatud pileti, mis sobib teile k\u00f5ige paremini.<\/p>\n<p><img loading=\"lazy\" decoding=\"async\" class=\"alignright wp-image\" src=\"https:\/\/content.redfoxlotto.com\/uploads\/sites\/9\/1_buy_lottery_ticket.jpg\" alt=\"osta pileteid online\" width=\"312\" height=\"107\" \/><\/p>\n<p>V\u00f5ite valida ka piletid, mis on juhuslikult teie jaoks valitud. See teeb pileti saamise t\u00f5esti lihtsaks, ilma et peaksid selle peale palju aega kulutama. Ja sa saad ka otsustada, kui palju pileteid sa osta soovid, nii et sul on k\u00f5ik vajalik, et potentsiaalselt v\u00f5ita suur jackpot.<\/p>\n<h2>EuroMillions&#8217;i ostuprotsess<\/h2>\n<p>Kui te l\u00e4bite ja valite oma piletid v\u00e4lja, siis viimane asi, mida peate tegema, on veenduda, et t\u00e4idate oma konto andmed. Me juhatame teid kohe l\u00e4bi selle konto loomise protsessi, et saaksite veenduda, et saate soovitud piletid just siis, kui soovite. Saate siinkohal isegi m\u00e4\u00e4rata maksekontod, mida soovite kasutada.<\/p>\n<p>Kui olete k\u00f5ik seadistanud, peate lihtsalt soovitud piletid oma ostukorvi panema ja seej\u00e4rel saate neid k\u00f5iki korraga osta. Sa v\u00f5id isegi lisada erinevate m\u00e4ngude piletid korvi k\u00f5ik koos ja saad osta k\u00f5ik, mida vajad.<\/p>\n<p>Kui oled otsustanud piletite \u00fcle, siis on k\u00f5ik valmis ja saad oodata ja vaadata, mis sinu piletitega juhtub. Ostetud piletid ilmuvad kohe sinu kontole ja seej\u00e4rel saad hiljem uuesti sisse vaadata, kas oled v\u00f5itnud.<\/p>\n<p>Me saadame sulle e-kirja, kui sa v\u00f5idad, ja sa saad oma kontole vaadata, millised numbrid sul on, mis vastavad loositud numbritele. Ja see muudab teie jaoks lihtsamaks, et teaksite, millal teil on vaja pilet lunastada.<\/p>\n<h2>EuroMillions ja UK Millionaire Maker<\/h2>\n<p>M\u00e4ngijad maksavad veidi rohkem, sest EuroMillions&#8217;i piletid ostetakse \u00dchendkuningriigis. Selle p\u00f5hjuseks on asjaolu, et \u00dchendkuningriigi piletid osalevad automaatselt Millionaire Maker&#8217;i loosimises, mis annab lisav\u00f5imaluse v\u00f5ita 1 miljon naela.<\/p>\n<p>Millionaire Maker t\u00f6\u00f6tab, genereerides iga ostetud pileti jaoks unikaalse koodi. See kood koosneb neljast t\u00e4hest, millele j\u00e4rgneb viis numbrit (nt ABCD12345). Igal loosimisel valitakse juhuslikult \u00fcks v\u00f5i mitu sellist koodi ning piletiomanik, kelle kood vastab, v\u00f5idab kohe 1 miljon naela, olenemata EuroMillions&#8217;i p\u00f5hinumbritest, mis on loositud.<\/p>\n<p>See funktsioon muudab EuroMillions&#8217;i m\u00e4ngimise \u00dchendkuningriigis eriti atraktiivseks, sest see annab lisav\u00f5imaluse v\u00f5ita m\u00e4rkimisv\u00e4\u00e4rne auhind lisaks tavap\u00e4rasele jackpotile ja madalama taseme auhindadele.<\/p>\n","protected":false},"excerpt":{"rendered":"<p>Euro Millions on Euroopa suurim loterii. Pileteid saab osta \u00fcheksas Euroopa riigis &#8211; v\u00f5i kui olete Eestist, siis saate pileteid osta online siit. 2004. aastal k\u00e4ivitatud piletid on saadaval \u00fcheksas Euroopa riigis. Hankige oma EuroMillions pilet Eestist Kas olete valmis alustama ja ostma EuroMillions&#8217;i pileteid veebist? Kui olete, siis tahate enne m\u00e4ngus osalemist teada m\u00f5ned [&hellip;]<\/p>\n","protected":false},"author":1,"featured_media":0,"parent":16809,"menu_order":3,"comment_status":"closed","ping_status":"closed","template":"euromillions-info.php","meta":{"_et_pb_use_builder":"","_et_pb_old_content":"","_et_gb_content_width":"","exclude_from_search":false,"footnotes":""},"class_list":["post-16811","page","type-page","status-publish","hentry"],"yoast_head":"<!-- This site is optimized with the Yoast SEO plugin v23.8 - https:\/\/yoast.com\/wordpress\/plugins\/seo\/ -->\n<title>Osta EuroMillions pileteid internetis Eestist<\/title>\n<meta name=\"description\" content=\"Teave selle kohta, kuidas Eesti elanikud saavad Euromillions pileteid internetis osta. Euromillions loterii on Euroopa suurim jackpot\" \/>\n<meta name=\"robots\" content=\"index, follow, max-snippet:-1, max-image-preview:large, max-video-preview:-1\" \/>\n<link rel=\"canonical\" href=\"https:\/\/redfoxlotto.com\/et\/informatsioon\/euromillions\/\" \/>\n<meta property=\"og:locale\" content=\"et_EE\" \/>\n<meta property=\"og:type\" content=\"article\" \/>\n<meta property=\"og:title\" content=\"Osta EuroMillions pileteid internetis Eestist\" \/>\n<meta property=\"og:description\" content=\"Teave selle kohta, kuidas Eesti elanikud saavad Euromillions pileteid internetis osta. Euromillions loterii on Euroopa suurim jackpot\" \/>\n<meta property=\"og:url\" content=\"https:\/\/redfoxlotto.com\/et\/informatsioon\/euromillions\/\" \/>\n<meta property=\"og:site_name\" content=\"Get Tickets for the World\u2019s largest jackpots\" \/>\n<meta property=\"article:modified_time\" content=\"2025-12-18T14:27:37+00:00\" \/>\n<meta property=\"og:image\" content=\"https:\/\/content.redfoxlotto.com\/uploads\/sites\/9\/1_buy_euromillions_online.jpg\" \/>\n<meta name=\"twitter:card\" content=\"summary_large_image\" \/>\n<meta name=\"twitter:label1\" content=\"Est. reading time\" \/>\n\t<meta name=\"twitter:data1\" content=\"5 minutit\" \/>\n<script type=\"application\/ld+json\" class=\"yoast-schema-graph\">{\"@context\":\"https:\/\/schema.org\",\"@graph\":[{\"@type\":\"WebPage\",\"@id\":\"https:\/\/redfoxlotto.com\/et\/informatsioon\/euromillions\/\",\"url\":\"https:\/\/redfoxlotto.com\/et\/informatsioon\/euromillions\/\",\"name\":\"Osta EuroMillions pileteid internetis Eestist\",\"isPartOf\":{\"@id\":\"https:\/\/redfoxlotto.com\/et\/#website\"},\"primaryImageOfPage\":{\"@id\":\"https:\/\/redfoxlotto.com\/et\/informatsioon\/euromillions\/#primaryimage\"},\"image\":{\"@id\":\"https:\/\/redfoxlotto.com\/et\/informatsioon\/euromillions\/#primaryimage\"},\"thumbnailUrl\":\"https:\/\/content.redfoxlotto.com\/uploads\/sites\/9\/1_buy_euromillions_online.jpg\",\"datePublished\":\"2018-11-18T08:54:25+00:00\",\"dateModified\":\"2025-12-18T14:27:37+00:00\",\"description\":\"Teave selle kohta, kuidas Eesti elanikud saavad Euromillions pileteid internetis osta. Euromillions loterii on Euroopa suurim jackpot\",\"breadcrumb\":{\"@id\":\"https:\/\/redfoxlotto.com\/et\/informatsioon\/euromillions\/#breadcrumb\"},\"inLanguage\":\"et\",\"potentialAction\":[{\"@type\":\"ReadAction\",\"target\":[\"https:\/\/redfoxlotto.com\/et\/informatsioon\/euromillions\/\"]}]},{\"@type\":\"ImageObject\",\"inLanguage\":\"et\",\"@id\":\"https:\/\/redfoxlotto.com\/et\/informatsioon\/euromillions\/#primaryimage\",\"url\":\"https:\/\/content.redfoxlotto.com\/uploads\/sites\/9\/1_buy_euromillions_online.jpg\",\"contentUrl\":\"https:\/\/content.redfoxlotto.com\/uploads\/sites\/9\/1_buy_euromillions_online.jpg\"},{\"@type\":\"BreadcrumbList\",\"@id\":\"https:\/\/redfoxlotto.com\/et\/informatsioon\/euromillions\/#breadcrumb\",\"itemListElement\":[{\"@type\":\"ListItem\",\"position\":1,\"name\":\"Home\",\"item\":\"https:\/\/redfoxlotto.com\/et\/\"},{\"@type\":\"ListItem\",\"position\":2,\"name\":\"Osta loteriipileteid internetis\",\"item\":\"https:\/\/redfoxlotto.com\/et\/informatsioon\/\"},{\"@type\":\"ListItem\",\"position\":3,\"name\":\"EuroMillionsist\"}]},{\"@type\":\"WebSite\",\"@id\":\"https:\/\/redfoxlotto.com\/et\/#website\",\"url\":\"https:\/\/redfoxlotto.com\/et\/\",\"name\":\"Get Tickets for the World\u2019s largest jackpots\",\"description\":\"Participate in worldwide lottery jackpots from any country\",\"publisher\":{\"@id\":\"https:\/\/redfoxlotto.com\/et\/#organization\"},\"potentialAction\":[{\"@type\":\"SearchAction\",\"target\":{\"@type\":\"EntryPoint\",\"urlTemplate\":\"https:\/\/redfoxlotto.com\/et\/?s={search_term_string}\"},\"query-input\":{\"@type\":\"PropertyValueSpecification\",\"valueRequired\":true,\"valueName\":\"search_term_string\"}}],\"inLanguage\":\"et\"},{\"@type\":\"Organization\",\"@id\":\"https:\/\/redfoxlotto.com\/et\/#organization\",\"name\":\"Get Tickets for the World\u2019s largest jackpots\",\"url\":\"https:\/\/redfoxlotto.com\/et\/\",\"logo\":{\"@type\":\"ImageObject\",\"inLanguage\":\"et\",\"@id\":\"https:\/\/redfoxlotto.com\/et\/#\/schema\/logo\/image\/\",\"url\":\"https:\/\/redfoxlotto.com\/wp-content\/uploads\/2023\/04\/logo.png\",\"contentUrl\":\"https:\/\/redfoxlotto.com\/wp-content\/uploads\/2023\/04\/logo.png\",\"width\":269,\"height\":53,\"caption\":\"Get Tickets for the World\u2019s largest jackpots\"},\"image\":{\"@id\":\"https:\/\/redfoxlotto.com\/et\/#\/schema\/logo\/image\/\"}}]}<\/script>\n<!-- \/ Yoast SEO plugin. -->","yoast_head_json":{"title":"Osta EuroMillions pileteid internetis Eestist","description":"Teave selle kohta, kuidas Eesti elanikud saavad Euromillions pileteid internetis osta. Euromillions loterii on Euroopa suurim jackpot","robots":{"index":"index","follow":"follow","max-snippet":"max-snippet:-1","max-image-preview":"max-image-preview:large","max-video-preview":"max-video-preview:-1"},"canonical":"https:\/\/redfoxlotto.com\/et\/informatsioon\/euromillions\/","og_locale":"et_EE","og_type":"article","og_title":"Osta EuroMillions pileteid internetis Eestist","og_description":"Teave selle kohta, kuidas Eesti elanikud saavad Euromillions pileteid internetis osta. Euromillions loterii on Euroopa suurim jackpot","og_url":"https:\/\/redfoxlotto.com\/et\/informatsioon\/euromillions\/","og_site_name":"Get Tickets for the World\u2019s largest jackpots","article_modified_time":"2025-12-18T14:27:37+00:00","og_image":[{"url":"https:\/\/content.redfoxlotto.com\/uploads\/sites\/9\/1_buy_euromillions_online.jpg"}],"twitter_card":"summary_large_image","twitter_misc":{"Est. reading time":"5 minutit"},"schema":{"@context":"https:\/\/schema.org","@graph":[{"@type":"WebPage","@id":"https:\/\/redfoxlotto.com\/et\/informatsioon\/euromillions\/","url":"https:\/\/redfoxlotto.com\/et\/informatsioon\/euromillions\/","name":"Osta EuroMillions pileteid internetis Eestist","isPartOf":{"@id":"https:\/\/redfoxlotto.com\/et\/#website"},"primaryImageOfPage":{"@id":"https:\/\/redfoxlotto.com\/et\/informatsioon\/euromillions\/#primaryimage"},"image":{"@id":"https:\/\/redfoxlotto.com\/et\/informatsioon\/euromillions\/#primaryimage"},"thumbnailUrl":"https:\/\/content.redfoxlotto.com\/uploads\/sites\/9\/1_buy_euromillions_online.jpg","datePublished":"2018-11-18T08:54:25+00:00","dateModified":"2025-12-18T14:27:37+00:00","description":"Teave selle kohta, kuidas Eesti elanikud saavad Euromillions pileteid internetis osta. Euromillions loterii on Euroopa suurim jackpot","breadcrumb":{"@id":"https:\/\/redfoxlotto.com\/et\/informatsioon\/euromillions\/#breadcrumb"},"inLanguage":"et","potentialAction":[{"@type":"ReadAction","target":["https:\/\/redfoxlotto.com\/et\/informatsioon\/euromillions\/"]}]},{"@type":"ImageObject","inLanguage":"et","@id":"https:\/\/redfoxlotto.com\/et\/informatsioon\/euromillions\/#primaryimage","url":"https:\/\/content.redfoxlotto.com\/uploads\/sites\/9\/1_buy_euromillions_online.jpg","contentUrl":"https:\/\/content.redfoxlotto.com\/uploads\/sites\/9\/1_buy_euromillions_online.jpg"},{"@type":"BreadcrumbList","@id":"https:\/\/redfoxlotto.com\/et\/informatsioon\/euromillions\/#breadcrumb","itemListElement":[{"@type":"ListItem","position":1,"name":"Home","item":"https:\/\/redfoxlotto.com\/et\/"},{"@type":"ListItem","position":2,"name":"Osta loteriipileteid internetis","item":"https:\/\/redfoxlotto.com\/et\/informatsioon\/"},{"@type":"ListItem","position":3,"name":"EuroMillionsist"}]},{"@type":"WebSite","@id":"https:\/\/redfoxlotto.com\/et\/#website","url":"https:\/\/redfoxlotto.com\/et\/","name":"Get Tickets for the World\u2019s largest jackpots","description":"Participate in worldwide lottery jackpots from any country","publisher":{"@id":"https:\/\/redfoxlotto.com\/et\/#organization"},"potentialAction":[{"@type":"SearchAction","target":{"@type":"EntryPoint","urlTemplate":"https:\/\/redfoxlotto.com\/et\/?s={search_term_string}"},"query-input":{"@type":"PropertyValueSpecification","valueRequired":true,"valueName":"search_term_string"}}],"inLanguage":"et"},{"@type":"Organization","@id":"https:\/\/redfoxlotto.com\/et\/#organization","name":"Get Tickets for the World\u2019s largest jackpots","url":"https:\/\/redfoxlotto.com\/et\/","logo":{"@type":"ImageObject","inLanguage":"et","@id":"https:\/\/redfoxlotto.com\/et\/#\/schema\/logo\/image\/","url":"https:\/\/redfoxlotto.com\/wp-content\/uploads\/2023\/04\/logo.png","contentUrl":"https:\/\/redfoxlotto.com\/wp-content\/uploads\/2023\/04\/logo.png","width":269,"height":53,"caption":"Get Tickets for the World\u2019s largest jackpots"},"image":{"@id":"https:\/\/redfoxlotto.com\/et\/#\/schema\/logo\/image\/"}}]}},"_links":{"self":[{"href":"https:\/\/redfoxlotto.com\/et\/wp-json\/wp\/v2\/pages\/16811","targetHints":{"allow":["GET"]}}],"collection":[{"href":"https:\/\/redfoxlotto.com\/et\/wp-json\/wp\/v2\/pages"}],"about":[{"href":"https:\/\/redfoxlotto.com\/et\/wp-json\/wp\/v2\/types\/page"}],"author":[{"embeddable":true,"href":"https:\/\/redfoxlotto.com\/et\/wp-json\/wp\/v2\/users\/1"}],"replies":[{"embeddable":true,"href":"https:\/\/redfoxlotto.com\/et\/wp-json\/wp\/v2\/comments?post=16811"}],"version-history":[{"count":0,"href":"https:\/\/redfoxlotto.com\/et\/wp-json\/wp\/v2\/pages\/16811\/revisions"}],"up":[{"embeddable":true,"href":"https:\/\/redfoxlotto.com\/et\/wp-json\/wp\/v2\/pages\/16809"}],"wp:attachment":[{"href":"https:\/\/redfoxlotto.com\/et\/wp-json\/wp\/v2\/media?parent=16811"}],"curies":[{"name":"wp","href":"https:\/\/api.w.org\/{rel}","templated":true}]}}