{"id":16810,"date":"2018-11-18T08:54:25","date_gmt":"2018-11-18T08:54:25","guid":{"rendered":"https:\/\/redfoxlotto.com\/?page_id=890"},"modified":"2025-12-18T13:41:36","modified_gmt":"2025-12-18T13:41:36","slug":"eurojackpot","status":"publish","type":"page","link":"https:\/\/redfoxlotto.com\/et\/informatsioon\/eurojackpot\/","title":{"rendered":"Eurojackpot Loterii Informatsioon"},"content":{"rendered":"<script type=\"application\/ld+json\">\r\n{\r\n  \"@context\": \"https:\/\/schema.org\",\r\n  \"@type\": \"Service\",\r\n  \"name\": \"M\u00e4ngi Eurojackpoti veebis\",\r\n  \"url\": \"https:\/\/redfoxlotto.com\/et\/lotteries\/eurojackpot\/\",\r\n  \"description\": \"Osta ametlikke Eurojackpoti loteriipileteid veebis \u00fcksk\u00f5ik millisest riigist. K\u00fclasta RedFoxLottot, vali oma numbrid ja osale j\u00e4rgmises loosimises.\",\r\n  \"serviceType\": \"Veebip\u00f5hine loteriipiletite vahendusteenus\",\r\n\r\n  \"provider\": {\r\n    \"@type\": \"Organization\",\r\n    \"name\": \"RedFoxLotto\",\r\n    \"url\": \"https:\/\/redfoxlotto.com\/et\",\r\n    \"image\": \"https:\/\/redfoxlotto.com\/et\/wp-content\/uploads\/2025\/12\/ticket_scans.jpg\",\r\n    \"sameAs\": []\r\n  },\r\n\r\n  \"areaServed\": \"Worldwide\",\r\n  \"termsOfService\": \"https:\/\/redfoxlotto.com\/terms-and-conditions\",\r\n\r\n  \"additionalProperty\": {\r\n    \"@type\": \"PropertyValue\",\r\n    \"name\": \"KKK\",\r\n    \"value\": \"https:\/\/redfoxlotto.com\/et\/faq\/\"\r\n  },\r\n\r\n  \"hasOfferCatalog\": {\r\n    \"@type\": \"OfferCatalog\",\r\n    \"name\": \"Eurojackpoti piletid\",\r\n    \"itemListElement\": [\r\n      {\r\n        \"@type\": \"Offer\",\r\n        \"name\": \"Eurojackpoti piletid\",\r\n        \"url\": \"https:\/\/redfoxlotto.com\/et\/lotteries\/eurojackpot\",\r\n        \"description\": \"Osta ehtsad piletid veebis j\u00e4rgmise Eurojackpoti loosimise jaoks RedFoxLotto kaudu.\",\r\n        \"price\": \"6.00\",\r\n        \"priceCurrency\": \"\u20ac\",\r\n        \"availability\": \"https:\/\/schema.org\/InStock\",\r\n\r\n        \"itemOffered\": {\r\n          \"@type\": \"Service\",\r\n          \"name\": \"Eurojackpoti loteriipiletid\",\r\n          \"description\": \"Osale j\u00e4rgmises Eurojackpoti loosimises \u2013 osta piletid veebis RedFoxLotto kaudu.\"\r\n        }\r\n      }\r\n    ]\r\n  },\r\n\r\n  \"mainEntityOfPage\": {\r\n    \"@type\": \"WebPage\",\r\n    \"@id\": \"https:\/\/redfoxlotto.com\/et\/lotteries\/eurojackpot\/\"\r\n  }\r\n}\r\n<\/script>\r\n\r\n<p><!--more--><\/p><p>Eurojackpot on tegutsenud aastast 2012 ning selle aja jooksul on m\u00e4ng kogunud \u00fcha rohkem populaarsust. \u00dcks selle p\u00f5hjuseid on see, et m\u00e4ng kindlasti kasvab kui asi puudutab jackpot&#8217;e ning Teil on v\u00f5imalik v\u00f5ita m\u00e4rkimisv\u00e4\u00e4rne rahasumma (me r\u00e4\u00e4gime selle kohta hiljem rohkem). Pileteid v\u00f5ib osta 17 Euroopa riigis, mis v\u00f5tavad osa, mis muudab see v\u00e4ga heaks nendele riikidele, kes on kuuluvad nende sekka.<\/p><p><img decoding=\"async\" class=\"size-full wp-image alignright\" src=\"https:\/\/content.redfoxlotto.com\/uploads\/sites\/9\/1_ticket_eurojackpot2.jpg\" alt=\"eurojackpot\"><\/p><p>Aga kuidas j\u00e4\u00e4b inimestega Eestis, kellel ei pruugi olla v\u00f5imalust lihtsalt poodi minna ja sealt osta Eurojackpot pileteid? Internetis m\u00e4ngimine on ainuke v\u00f5imalus. Ka Teie v\u00f5ite osta oma Eurojackpot&#8217;i piletid meilt internetis kui Te elate Eestis ning ei ela Euroopa riigis, mis kuuluvad nende sekka.<\/p><h2 class=\"wp-block-heading\" id=\"h-jackpot\">Jackpot<\/h2><p>Eurojackpot loterii minimaalne jackpot&#8217;i summa on \u20ac10 miljonit. See saab kindlasti olema Teie jaoks suur eelis ja teeks Teie elus suure muudatuse, eks ju? Teil ei oleks kindlasti mingit probleemi lahedate asjade ostmisega selle rahaga v\u00f5i oma v\u00f5lgade eest maksmisel v\u00f5i millegi muuga. Kuid see on ainult miinimum. Summa v\u00f5ib olla palju suurem. Tegelikult v\u00f5ib maksimaalne summa k\u00fc\u00fcndida kuni \u20ac120,000,000. See on \u00fclisuur summa ja v\u00e4ga suur muudatus Teie elus, kuid mis juhtub siis, kui keegi seda ei v\u00f5ida? K\u00f5ik summad sealt edasi kantakse edasi teise koha auhinnale.<\/p><p>See t\u00e4hendab, et Teil on v\u00f5imalus v\u00f5ita \u00fclisuur jackpot kuni see j\u00f5uab selle piirini. Sealt edasi n\u00e4ete kuidas teise koha auhind liigub j\u00e4rjest k\u00f5rgemaks. J\u00e4relikult on Teil v\u00f5imalus v\u00f5ita \u00fclisuur jackpot sobitades kokku v\u00e4hem numbreid, sest teise koha auhind muutub v\u00e4ga suurep\u00e4raseks boonuseks ning teiseks v\u00f5imaluseks v\u00f5ita suur summa.<\/p><h2 class=\"wp-block-heading\" id=\"h-eurojackpot-reeglid\">Eurojackpot reeglid<\/h2><div class=\"wp-block-image\"><figure class=\"alignright is-resized\"><img loading=\"lazy\" decoding=\"async\" src=\"https:\/\/content.redfoxlotto.com\/uploads\/sites\/9\/1_eurojackpot_buy_ticket.jpg\" alt=\"osta eurojackpoti piletit\" width=\"228\" height=\"152\" \/><\/figure><\/div><p>Kui Te tahate m\u00e4ngida Eurojackpot&#8217;i Eestist, siis on Teil vaja teha kindlaks, et j\u00e4rgite \u00f5iget protsessi. Teil on vaja teha kindlaks, et m\u00e4ngite m\u00e4ngu \u00f5igesti ning Teie piletid on valitud \u00f5igel moel. Olete \u00f5nnega koos, sest nende piletite v\u00e4lja valimine on super lihtne ning Teil pole probleemi valida t\u00e4pselt seda, mida soovite.<\/p><p>Te valite 5 peamist numbrit vahemikus 1 kuni 50 ja seej\u00e4rel kaks lisanumbrit vahemikus 1 kuni 12. Seega v\u00f5idavad ka 5 peamist numbrit Teile auhinna isegi kui Teil ei klapi lisanumbrid v\u00f5i t\u00e4hega numbrid. Kokku on 12 auhinna kategooriat.<\/p><p>See t\u00e4hendab, et on mitmeid erinevaid klappivate numbrite kategooriaid, mis v\u00f5ivad Teie piletil olla ning mis annavad Teile mingisuguse auhinna. V\u00f5ib-olla v\u00f5idate ainult piletihinna suuruses summas v\u00f5i Te v\u00f5ita siiski miljoneid ilma, et k\u00f5ik numbrid klapiksid.<\/p><p>Loomulikult peavad Teil k\u00f5ik 5 peamist ning 2 lisanumbrit olema \u00f5iged, et v\u00f5ita peamine auhind. See saab olema keeruline ning juhtub harva, kuid see on kindlasti v\u00f5imalik. L\u00f5ppkokkuv\u00f5ttes v\u00f5idab ju keegi selle \u00e4ra, eks? Miks ei v\u00f5iks see olla Teie? Me arvame, et see v\u00f5ib absoluutselt nii juhtuda ning Teil tuleb ainult vaadata l\u00e4hemalt oma pileti valimise protsessi l\u00e4hemalt ning seej\u00e4rel olla valmis nende ostmiseks.<\/p><h2 class=\"wp-block-heading\" id=\"h-oma-eurojackpot-i-pileti-ostmine-eestist\">Oma Eurojackpot&#8217;i pileti ostmine Eestist<\/h2><p>Kui Te olete valmis ostma Eurojackpot piletid internetist, siis olete valmis vaatama l\u00e4hemalt meie s\u00fcsteemi ja veebisaiti. Ainus, mis tuleb teha on minna internetti ja vaadata seda l\u00e4hemalt, kuid Te olete juba internetis. Mida Te siis j\u00e4rgmiseks teete? Teil oleks vaja vaadata l\u00e4hemalt erinevaid pileteid, mis meil on saadaval.<\/p><p>Me pakume parimaid pileteid ja m\u00e4nge mis on k\u00f5ige populaarsemad, pakkudes teile suurimaid jackpot&#8217;e. Kord kui olete vaadanud, siis on Teil v\u00f5imalik otsustada, et tahate Eurojackpot pileteid ning Teid viiakse eraldi veebilehele.<\/p><p>Sellel lehel saate Te rohkem informatsiooni Eurojackpot&#8217;i kohta ning Teil on v\u00f5imalik osta piletid, mida soovite Eestist. Te v\u00f5ite valida mistahes piletite arvu, mida soovite ning valida numbrid, mida tahate oma piletil kasutada. Seni kuni Teie numbrid vastavad reeglitele, millest me r\u00e4\u00e4kisime eelnevalt, v\u00f5ite valida mistahes numbri kombinatsiooni oma igal piletil.<\/p><p>Loomulikult kui Te ei tea milliseid numbreid Te tegelikult tahate valida, siis v\u00f5ite valida selle asemel &#8220;quick pick&#8221; pileti.<\/p><p>Quick pick piletiga antakse Teile juhuslik numbrite kombinatsioon, mis vastab n\u00f5uetele. See aitab Teil saada pileti, kuid Teil ei ole vaja muretseda millegi muu \u00fcle. Kui Te soovite valida m\u00f5ned numbrid kuid ei taha valida k\u00f5iki numbreid ise, siis v\u00f5ite kasutada ka m\u00f5lema variandi kombinatsiooni, mis muudab kindlasti Teil pileti ostu palju lihtsamaks.<\/p><h2 class=\"wp-block-heading\" id=\"h-oma-konto-loomine\">Oma konto loomine<\/h2><p>Kord kui olete valinud k\u00f5ik numbrid, siis tuleks viia l\u00e4bi oma konto loomise protsess. Kui alustate oma konto loomist siis on see tegelikult v\u00e4ga lihtne ning Teil on vaja ainult t\u00e4ita m\u00f5ned isikuandmed. See informatsioon muudab super lihtsaks lisada raha oma kontole, millega piletite eest maksta ning samuti muudab see v\u00e4ga lihtsaks v\u00f5tta v\u00e4lja raha oma kontolt kui olete midagi v\u00f5itnud.<\/p><p>Kui olete valmis valima v\u00e4lja oma piletid Eestist, siis peate lihtsalt sisenema oma kontosse ning Teil on v\u00f5imalik osta mistahes pileteid Te soovite. Kui soovite osta quick pick pileteid, siis on see veelgi lihtsam, ning Te v\u00f5ite isegi seada oma piletid \u00fclesse v\u00f5tma osa mitmest loosist. See t\u00e4hendab, et Teil pole vaja osta lisapileteid j\u00e4rgmisesse loosi. Te lihtsalt hoiate sama pileti alles ning oletegi valmis.<\/p>","protected":false},"excerpt":{"rendered":"","protected":false},"author":1,"featured_media":0,"parent":16809,"menu_order":4,"comment_status":"closed","ping_status":"closed","template":"eurojackpot-info.php","meta":{"_et_pb_use_builder":"","_et_pb_old_content":"","_et_gb_content_width":"","exclude_from_search":false,"footnotes":""},"class_list":["post-16810","page","type-page","status-publish","hentry"],"yoast_head":"<!-- This site is optimized with the Yoast SEO plugin v23.8 - https:\/\/yoast.com\/wordpress\/plugins\/seo\/ -->\n<title>Kuidas osta Eurojackpot pileteid internetis Eestist<\/title>\n<meta name=\"description\" content=\"Eurojackpot piletid n\u00fc\u00fcd internetis Eesti lotof\u00e4nnidele m\u00fc\u00fcgil\" \/>\n<meta name=\"robots\" content=\"index, follow, max-snippet:-1, max-image-preview:large, max-video-preview:-1\" \/>\n<link rel=\"canonical\" href=\"https:\/\/redfoxlotto.com\/et\/informatsioon\/eurojackpot\/\" \/>\n<meta property=\"og:locale\" content=\"et_EE\" \/>\n<meta property=\"og:type\" content=\"article\" \/>\n<meta property=\"og:title\" content=\"Kuidas osta Eurojackpot pileteid internetis Eestist\" \/>\n<meta property=\"og:description\" content=\"Eurojackpot piletid n\u00fc\u00fcd internetis Eesti lotof\u00e4nnidele m\u00fc\u00fcgil\" \/>\n<meta property=\"og:url\" content=\"https:\/\/redfoxlotto.com\/et\/informatsioon\/eurojackpot\/\" \/>\n<meta property=\"og:site_name\" content=\"Get Tickets for the World\u2019s largest jackpots\" \/>\n<meta property=\"article:modified_time\" content=\"2025-12-18T13:41:36+00:00\" \/>\n<meta property=\"og:image\" content=\"https:\/\/content.redfoxlotto.com\/uploads\/sites\/9\/1_ticket_eurojackpot2.jpg\" \/>\n<meta name=\"twitter:card\" content=\"summary_large_image\" \/>\n<meta name=\"twitter:label1\" content=\"Est. reading time\" \/>\n\t<meta name=\"twitter:data1\" content=\"4 minutit\" \/>\n<script type=\"application\/ld+json\" class=\"yoast-schema-graph\">{\"@context\":\"https:\/\/schema.org\",\"@graph\":[{\"@type\":\"WebPage\",\"@id\":\"https:\/\/redfoxlotto.com\/et\/informatsioon\/eurojackpot\/\",\"url\":\"https:\/\/redfoxlotto.com\/et\/informatsioon\/eurojackpot\/\",\"name\":\"Kuidas osta Eurojackpot pileteid internetis Eestist\",\"isPartOf\":{\"@id\":\"https:\/\/redfoxlotto.com\/et\/#website\"},\"primaryImageOfPage\":{\"@id\":\"https:\/\/redfoxlotto.com\/et\/informatsioon\/eurojackpot\/#primaryimage\"},\"image\":{\"@id\":\"https:\/\/redfoxlotto.com\/et\/informatsioon\/eurojackpot\/#primaryimage\"},\"thumbnailUrl\":\"https:\/\/content.redfoxlotto.com\/uploads\/sites\/9\/1_ticket_eurojackpot2.jpg\",\"datePublished\":\"2018-11-18T08:54:25+00:00\",\"dateModified\":\"2025-12-18T13:41:36+00:00\",\"description\":\"Eurojackpot piletid n\u00fc\u00fcd internetis Eesti lotof\u00e4nnidele m\u00fc\u00fcgil\",\"breadcrumb\":{\"@id\":\"https:\/\/redfoxlotto.com\/et\/informatsioon\/eurojackpot\/#breadcrumb\"},\"inLanguage\":\"et\",\"potentialAction\":[{\"@type\":\"ReadAction\",\"target\":[\"https:\/\/redfoxlotto.com\/et\/informatsioon\/eurojackpot\/\"]}]},{\"@type\":\"ImageObject\",\"inLanguage\":\"et\",\"@id\":\"https:\/\/redfoxlotto.com\/et\/informatsioon\/eurojackpot\/#primaryimage\",\"url\":\"https:\/\/content.redfoxlotto.com\/uploads\/sites\/9\/1_ticket_eurojackpot2.jpg\",\"contentUrl\":\"https:\/\/content.redfoxlotto.com\/uploads\/sites\/9\/1_ticket_eurojackpot2.jpg\"},{\"@type\":\"BreadcrumbList\",\"@id\":\"https:\/\/redfoxlotto.com\/et\/informatsioon\/eurojackpot\/#breadcrumb\",\"itemListElement\":[{\"@type\":\"ListItem\",\"position\":1,\"name\":\"Home\",\"item\":\"https:\/\/redfoxlotto.com\/et\/\"},{\"@type\":\"ListItem\",\"position\":2,\"name\":\"Osta loteriipileteid internetis\",\"item\":\"https:\/\/redfoxlotto.com\/et\/informatsioon\/\"},{\"@type\":\"ListItem\",\"position\":3,\"name\":\"Eurojackpot Loterii Informatsioon\"}]},{\"@type\":\"WebSite\",\"@id\":\"https:\/\/redfoxlotto.com\/et\/#website\",\"url\":\"https:\/\/redfoxlotto.com\/et\/\",\"name\":\"Get Tickets for the World\u2019s largest jackpots\",\"description\":\"Participate in worldwide lottery jackpots from any country\",\"publisher\":{\"@id\":\"https:\/\/redfoxlotto.com\/et\/#organization\"},\"potentialAction\":[{\"@type\":\"SearchAction\",\"target\":{\"@type\":\"EntryPoint\",\"urlTemplate\":\"https:\/\/redfoxlotto.com\/et\/?s={search_term_string}\"},\"query-input\":{\"@type\":\"PropertyValueSpecification\",\"valueRequired\":true,\"valueName\":\"search_term_string\"}}],\"inLanguage\":\"et\"},{\"@type\":\"Organization\",\"@id\":\"https:\/\/redfoxlotto.com\/et\/#organization\",\"name\":\"Get Tickets for the World\u2019s largest jackpots\",\"url\":\"https:\/\/redfoxlotto.com\/et\/\",\"logo\":{\"@type\":\"ImageObject\",\"inLanguage\":\"et\",\"@id\":\"https:\/\/redfoxlotto.com\/et\/#\/schema\/logo\/image\/\",\"url\":\"https:\/\/redfoxlotto.com\/wp-content\/uploads\/2023\/04\/logo.png\",\"contentUrl\":\"https:\/\/redfoxlotto.com\/wp-content\/uploads\/2023\/04\/logo.png\",\"width\":269,\"height\":53,\"caption\":\"Get Tickets for the World\u2019s largest jackpots\"},\"image\":{\"@id\":\"https:\/\/redfoxlotto.com\/et\/#\/schema\/logo\/image\/\"}}]}<\/script>\n<!-- \/ Yoast SEO plugin. -->","yoast_head_json":{"title":"Kuidas osta Eurojackpot pileteid internetis Eestist","description":"Eurojackpot piletid n\u00fc\u00fcd internetis Eesti lotof\u00e4nnidele m\u00fc\u00fcgil","robots":{"index":"index","follow":"follow","max-snippet":"max-snippet:-1","max-image-preview":"max-image-preview:large","max-video-preview":"max-video-preview:-1"},"canonical":"https:\/\/redfoxlotto.com\/et\/informatsioon\/eurojackpot\/","og_locale":"et_EE","og_type":"article","og_title":"Kuidas osta Eurojackpot pileteid internetis Eestist","og_description":"Eurojackpot piletid n\u00fc\u00fcd internetis Eesti lotof\u00e4nnidele m\u00fc\u00fcgil","og_url":"https:\/\/redfoxlotto.com\/et\/informatsioon\/eurojackpot\/","og_site_name":"Get Tickets for the World\u2019s largest jackpots","article_modified_time":"2025-12-18T13:41:36+00:00","og_image":[{"url":"https:\/\/content.redfoxlotto.com\/uploads\/sites\/9\/1_ticket_eurojackpot2.jpg"}],"twitter_card":"summary_large_image","twitter_misc":{"Est. reading time":"4 minutit"},"schema":{"@context":"https:\/\/schema.org","@graph":[{"@type":"WebPage","@id":"https:\/\/redfoxlotto.com\/et\/informatsioon\/eurojackpot\/","url":"https:\/\/redfoxlotto.com\/et\/informatsioon\/eurojackpot\/","name":"Kuidas osta Eurojackpot pileteid internetis Eestist","isPartOf":{"@id":"https:\/\/redfoxlotto.com\/et\/#website"},"primaryImageOfPage":{"@id":"https:\/\/redfoxlotto.com\/et\/informatsioon\/eurojackpot\/#primaryimage"},"image":{"@id":"https:\/\/redfoxlotto.com\/et\/informatsioon\/eurojackpot\/#primaryimage"},"thumbnailUrl":"https:\/\/content.redfoxlotto.com\/uploads\/sites\/9\/1_ticket_eurojackpot2.jpg","datePublished":"2018-11-18T08:54:25+00:00","dateModified":"2025-12-18T13:41:36+00:00","description":"Eurojackpot piletid n\u00fc\u00fcd internetis Eesti lotof\u00e4nnidele m\u00fc\u00fcgil","breadcrumb":{"@id":"https:\/\/redfoxlotto.com\/et\/informatsioon\/eurojackpot\/#breadcrumb"},"inLanguage":"et","potentialAction":[{"@type":"ReadAction","target":["https:\/\/redfoxlotto.com\/et\/informatsioon\/eurojackpot\/"]}]},{"@type":"ImageObject","inLanguage":"et","@id":"https:\/\/redfoxlotto.com\/et\/informatsioon\/eurojackpot\/#primaryimage","url":"https:\/\/content.redfoxlotto.com\/uploads\/sites\/9\/1_ticket_eurojackpot2.jpg","contentUrl":"https:\/\/content.redfoxlotto.com\/uploads\/sites\/9\/1_ticket_eurojackpot2.jpg"},{"@type":"BreadcrumbList","@id":"https:\/\/redfoxlotto.com\/et\/informatsioon\/eurojackpot\/#breadcrumb","itemListElement":[{"@type":"ListItem","position":1,"name":"Home","item":"https:\/\/redfoxlotto.com\/et\/"},{"@type":"ListItem","position":2,"name":"Osta loteriipileteid internetis","item":"https:\/\/redfoxlotto.com\/et\/informatsioon\/"},{"@type":"ListItem","position":3,"name":"Eurojackpot Loterii Informatsioon"}]},{"@type":"WebSite","@id":"https:\/\/redfoxlotto.com\/et\/#website","url":"https:\/\/redfoxlotto.com\/et\/","name":"Get Tickets for the World\u2019s largest jackpots","description":"Participate in worldwide lottery jackpots from any country","publisher":{"@id":"https:\/\/redfoxlotto.com\/et\/#organization"},"potentialAction":[{"@type":"SearchAction","target":{"@type":"EntryPoint","urlTemplate":"https:\/\/redfoxlotto.com\/et\/?s={search_term_string}"},"query-input":{"@type":"PropertyValueSpecification","valueRequired":true,"valueName":"search_term_string"}}],"inLanguage":"et"},{"@type":"Organization","@id":"https:\/\/redfoxlotto.com\/et\/#organization","name":"Get Tickets for the World\u2019s largest jackpots","url":"https:\/\/redfoxlotto.com\/et\/","logo":{"@type":"ImageObject","inLanguage":"et","@id":"https:\/\/redfoxlotto.com\/et\/#\/schema\/logo\/image\/","url":"https:\/\/redfoxlotto.com\/wp-content\/uploads\/2023\/04\/logo.png","contentUrl":"https:\/\/redfoxlotto.com\/wp-content\/uploads\/2023\/04\/logo.png","width":269,"height":53,"caption":"Get Tickets for the World\u2019s largest jackpots"},"image":{"@id":"https:\/\/redfoxlotto.com\/et\/#\/schema\/logo\/image\/"}}]}},"_links":{"self":[{"href":"https:\/\/redfoxlotto.com\/et\/wp-json\/wp\/v2\/pages\/16810","targetHints":{"allow":["GET"]}}],"collection":[{"href":"https:\/\/redfoxlotto.com\/et\/wp-json\/wp\/v2\/pages"}],"about":[{"href":"https:\/\/redfoxlotto.com\/et\/wp-json\/wp\/v2\/types\/page"}],"author":[{"embeddable":true,"href":"https:\/\/redfoxlotto.com\/et\/wp-json\/wp\/v2\/users\/1"}],"replies":[{"embeddable":true,"href":"https:\/\/redfoxlotto.com\/et\/wp-json\/wp\/v2\/comments?post=16810"}],"version-history":[{"count":0,"href":"https:\/\/redfoxlotto.com\/et\/wp-json\/wp\/v2\/pages\/16810\/revisions"}],"up":[{"embeddable":true,"href":"https:\/\/redfoxlotto.com\/et\/wp-json\/wp\/v2\/pages\/16809"}],"wp:attachment":[{"href":"https:\/\/redfoxlotto.com\/et\/wp-json\/wp\/v2\/media?parent=16810"}],"curies":[{"name":"wp","href":"https:\/\/api.w.org\/{rel}","templated":true}]}}