{"id":16809,"date":"2023-04-24T14:12:24","date_gmt":"2023-04-24T14:12:24","guid":{"rendered":"https:\/\/redfoxlotto.com\/?page_id=888"},"modified":"2025-12-18T09:28:30","modified_gmt":"2025-12-18T09:28:30","slug":"informatsioon","status":"publish","type":"page","link":"https:\/\/redfoxlotto.com\/et\/informatsioon\/","title":{"rendered":"Osta loteriipileteid internetis"},"content":{"rendered":"<script type=\"application\/ld+json\">\r\n{\r\n  \"@context\": \"https:\/\/schema.org\",\r\n  \"@type\": \"Service\",\r\n  \"name\": \"Osta loteriipileteid veebis\",\r\n  \"url\": \"https:\/\/redfoxlotto.com\/et\/lotteries\/\",\r\n  \"description\": \"Osta loteriipileteid veebis \u2013 planeedi parimad loteriid on siin saadaval.\",\r\n  \"serviceType\": \"Veebip\u00f5hine loteriipiletite vahendusteenus\",\r\n\r\n  \"provider\": {\r\n    \"@type\": \"Organization\",\r\n    \"name\": \"RedFoxLotto\",\r\n    \"url\": \"https:\/\/redfoxlotto.com\/et\/\",\r\n    \"image\": \"https:\/\/redfoxlotto.com\/wp-content\/uploads\/2025\/12\/ticket_scans.jpg\"\r\n  },\r\n\r\n  \"areaServed\": \"Worldwide\",\r\n  \"termsOfService\": \"https:\/\/redfoxlotto.com\/terms-and-conditions\",\r\n\r\n  \"additionalProperty\": {\r\n    \"@type\": \"PropertyValue\",\r\n    \"name\": \"FAQ\",\r\n    \"value\": \"https:\/\/redfoxlotto.com\/et\/faq\/\"\r\n  },\r\n\r\n  \"hasOfferCatalog\": {\r\n    \"@type\": \"OfferCatalog\",\r\n    \"name\": \"Maailma loteriipiletid\",\r\n    \"itemListElement\": [\r\n      {\r\n        \"@type\": \"Offer\",\r\n        \"name\": \"Loteriipiletid\",\r\n        \"url\": \"https:\/\/redfoxlotto.com\/et\/lotteries\/\",\r\n        \"description\": \"Maailma loteriipiletite ostmine veebis on turvaline ja lihtne \u2013 siin on juhised.\",\r\n        \"availability\": \"https:\/\/schema.org\/InStock\",\r\n\r\n        \"itemOffered\": {\r\n          \"@type\": \"Service\",\r\n          \"name\": \"Veebip\u00f5hised loteriipiletid\",\r\n          \"description\": \"Osale maailma suurimates jackpotides \u2013 osta piletid veebis RedFoxLotto kaudu.\"\r\n        }\r\n      }\r\n    ]\r\n  },\r\n\r\n  \"mainEntityOfPage\": {\r\n    \"@type\": \"WebPage\",\r\n    \"@id\": \"https:\/\/redfoxlotto.com\/et\/lotteries\/\"\r\n  }\r\n}\r\n<\/script>\r\n\r\n<p><!--more--><\/p><p>Kas olete valmis ostma loteriipiletit \u00fcksk\u00f5ik kust maailmas? V\u00f5i ehk pole Te veel p\u00e4ris kindel, kas olete valmis. V\u00f5ib-olla pole Te p\u00e4ris kindel, kas see saab t\u00f5esti olema Teie jaoks l\u00f5bus. V\u00f5i \u00e4kki ei Tea te, kuidas see protsess v\u00e4lja saab n\u00e4gema.<\/p><p><img decoding=\"async\" class=\"size-full wp-image alignright\" src=\"https:\/\/content.redfoxlotto.com\/uploads\/sites\/9\/1_lottery_ticket.jpg\" alt=\"kuidas osta loteriipileteid Internetis\" \/><\/p><p>Meie kodulehelt v\u00f5ite osta loteriipileteid interneti kaudu maailma k\u00f5ige suurematele loteriidele, mitte ainult loteriipileteid neile lotodele, millega olete harjunud m\u00e4ngima oma kodulinnas. Meie jaoks h\u00f5lmab see Mega Millions ja Powerball m\u00e4nge USA-st, Euromillions, Eurojackpot, El Gordo ja La Primitiva m\u00e4ngud Hispaaniast, Superenalotto Itaaliast ja paljud muud.<\/p><p>Mis veelgi parem nende piletie ostmisel meie interneti s\u00fcsteemist on see, et Te v\u00f5ite osta piletid ainult nelja lihtsa sammuga. Te ei pea muretsema millegi keerulise \u00fcle selle nimel, et osta loteriipilet t\u00e4iesti teisest riigist. Interneti kaudu tellimine muudab selle Teie jaoks v\u00e4ga h\u00f5lpsaks.<\/p><h2 class=\"wp-block-heading\" id=\"h-piletite-ostmine-internetist-k-ib-nelja-sammuga-j-rgneval-viisil\">Piletite ostmine internetist k\u00e4ib nelja sammuga j\u00e4rgneval viisil:<\/h2><h3 class=\"wp-block-heading\">1.samm &#8211; Loterii valimine<\/h3><p>Vali RedFoxLotto.com saidilt loteriid, mille pileteid soovite osta. Meie pealehel v\u00f5ite n\u00e4ha loteriisid, mis on reastatud vastavalt hetkelise jackpot&#8217;i summale. Sellisel moel v\u00f5ite otsustada, millist on tegelikult v\u00e4\u00e4rt osta ja Te v\u00f5ite isegi vaadata ka erinevaid loteriisid, et lugeda nende kohta rohkem informatsiooni.<br \/>Kui Te l\u00e4hete igale lehek\u00fcljele, siis on Teil v\u00f5imalik n\u00e4ha millal toimub nende loosimine, kui palju nad maksavad ja kuidas numbrite v\u00e4lja loosimise protsess k\u00e4ib. Nii ei toimeta Te kunagi pimesi.<\/p><h3 class=\"wp-block-heading\">2.samm &#8211; Valige oma numbrid<\/h3><p>Kasutage arvuti hiirt, et valida oma soovitud numbrid. Kastikesed \u00fctlevad Teile mitu numbrit l\u00e4heb vaja ning samuti seda, kui on vaja lisanumbreid (n\u00e4iteks Powerball v\u00f5i Mega number). Kui Te ei soovi valida oma enda numbreid, siis v\u00f5ite samuti valida &#8220;Quick Pick&#8221; funktsiooni, et valida suvalised numbrid.<\/p><p>Kord kui olete valinud suvalised numbrid, siis j\u00e4\u00e4b Teile ikkagi viimane s\u00f5na. Seega, kui Teile j\u00e4\u00e4b kaks numbrit, mis Teile ei meeldi, siis v\u00f5ite need vahetada \u00fcmber millegi teise vastu. Te v\u00f5ite samuti sisestada oma enda numbreid enne ja lasta \u00fclej\u00e4\u00e4nud valida suvaliselt.<br \/>Te ei pea muretsema selle \u00fcle, et ei valinud piisavalt v\u00f5i valisite liiga palju numbreid. Sellisel juhul annab meie s\u00fcsteem Teile m\u00e4rguande ja k\u00fcsib, et te lisaksite v\u00f5i eemaldaksite numbrid enne pileti ostmist. Just nii lihtne see ongi.<\/p><p>Te v\u00f5ite seej\u00e4rel osta rohkem pileteid teistele loteriidele, v\u00f5i lisada need oma tellimusele. Kui Te olete k\u00f5ik piletid \u00e4ra valinud, siis kl\u00f5psake nupul &#8220;Pay Now&#8221;. Protsessi l\u00f5pus v\u00f5ite Te oma ostukorvist osta mitu piletit \u00fchelt loteriilt v\u00f5i piletid erinevatelt loteriidelt ning maksta nende k\u00f5ikide eest korraga \u00fche tellimusena.<\/p><h3 class=\"wp-block-heading\">3.samm &#8211; Registreeriga v\u00f5i logige sisse<\/h3><p>N\u00fc\u00fcd peate registreerima meiega kliendi konto, et osta loteriipileteid internetist. Selleks on meil vaja Teilt natuke informatsiooni. See on Teie enda turvalisuse tagamiseks, sest Teil on vaja v\u00f5idu korral saada meilt m\u00e4rguanne. Kui Te olete juba meiega registreerinud, siis peate lihtsalt sisenema oma kasutajatunnustega. Kui olete oma salas\u00f5na unustanud, siis palun kasutage &#8220;Forgot password&#8221; funktsiooni.<\/p><h3 class=\"wp-block-heading\">4.<strong>samm \u2013 Maksmine<\/strong><\/h3><p>Oma kliendikontost saate valida enda soovitud maksemeetodi. K\u00e4ttesaadavad valikud v\u00f5ivad erineda s\u00f5ltuvalt Teie asukohariigist. Mastercard, Visa, panga \u00fclekanne, Bitcoin, Neteller, Skrill ja Paysafecard on ainult m\u00f5ned maksevalikud. Valige lihtsalt \u00fcks, mida soovite ning seej\u00e4rel kl\u00f5psake maksmise nupule.<\/p><p>P\u00e4rast maksmist saate Te e-kirja ostu kinnitusega oma registreeritud e-posti aadressile. See annab Teile kinnituse, et tellimus on estitatud ning Te olete valmis loosimiseks.<\/p><p>Kord kui olete registreerinud, siis v\u00f5ite samuti hoisutada teatud rahasumma enne oma kontol, selleks et osta oma soovitud pileteid hiljem. See on v\u00e4ga lihtne protsess, sest me tahame teha kindlaks, et Te saate oma soovitud piletid v\u00e4ga kiiresti. Loomulikult v\u00f5ite Te ka lihtsalt lisada m\u00f5ned loteriipiletid oma ostukorvi ja seej\u00e4rel nende piletite eest maksta, et oma tellimus valmistada.<\/p><p>Neli sammu ja ainult m\u00f5ned minutid ning oletegi valmis ja ootate loosimist. Ning Te ei pea muretsema, et j\u00e4\u00e4te millestki ilma, sest me anname koheselt teada, kui v\u00f5idate midagi.<\/p><p><img decoding=\"async\" class=\"size-full wp-image alignright\" src=\"https:\/\/content.redfoxlotto.com\/uploads\/sites\/9\/1_buy_lottery_online.jpg\" alt=\"pileti maksmine veebis\" \/><\/p><p>Loomulikult v\u00f5ite Te ka soovi korral ise kontrollida, mida on v\u00f5imalik teha oma konto kaudu millal iganes soovite ning Teil on v\u00f5imalik sealt ka n\u00e4ha oma ostetud pileteid ning nende m\u00e4nge.<\/p><h2 class=\"wp-block-heading\">P\u00e4rast piletite ostmist veebist<\/h2><p>Kui Te olete midagi v\u00f5itnud v\u00f5i saanud v\u00f5idunumbriga \u00fcksikv\u00f5idu p\u00e4rast loosimist, siis me n\u00e4itame Teile v\u00f5idunumbreid ja anname teada kohe Teie konto lehel kui olete v\u00f5itnud. Kui Teie v\u00f5idusumma on alla \u20ac2,500, siis kantakse see summa kohe m\u00e4ngija kontole. Seej\u00e4rel v\u00f5ib seda v\u00e4lja v\u00f5tta, v\u00f5i kasutada uute piletite ostmiseks. Samuti t\u00f6\u00f6tleme me Teie jaoks ka suuremad v\u00f5idud &#8211; protsess on lihtsalt veidi erinev<\/p><p>Loterii m\u00e4ngimine meiega on just nii lihtne, ja see saab olema palju l\u00f5busam kui midagi muud mida olete kunagi varem m\u00e4nginud, sest n\u00fc\u00fcd m\u00e4ngite palju suuremate valikute seast.<\/p>","protected":false},"excerpt":{"rendered":"","protected":false},"author":1,"featured_media":0,"parent":0,"menu_order":3,"comment_status":"closed","ping_status":"closed","template":"Information.php","meta":{"_et_pb_use_builder":"","_et_pb_old_content":"","_et_gb_content_width":"","exclude_from_search":false,"footnotes":""},"class_list":["post-16809","page","type-page","status-publish","hentry"],"yoast_head":"<!-- This site is optimized with the Yoast SEO plugin v23.8 - https:\/\/yoast.com\/wordpress\/plugins\/seo\/ -->\n<title>Kuidas ma saan loteriipiletit internetist osta?<\/title>\n<meta name=\"description\" content=\"\u00dclemaailmsete loteriipiletite ostmine on turvaline, seaduslik ja lihtne - see t\u00f6\u00f6tab nii!\" \/>\n<meta name=\"robots\" content=\"index, follow, max-snippet:-1, max-image-preview:large, max-video-preview:-1\" \/>\n<link rel=\"canonical\" href=\"https:\/\/redfoxlotto.com\/et\/informatsioon\/\" \/>\n<meta property=\"og:locale\" content=\"et_EE\" \/>\n<meta property=\"og:type\" content=\"article\" \/>\n<meta property=\"og:title\" content=\"Kuidas ma saan loteriipiletit internetist osta?\" \/>\n<meta property=\"og:description\" content=\"\u00dclemaailmsete loteriipiletite ostmine on turvaline, seaduslik ja lihtne - see t\u00f6\u00f6tab nii!\" \/>\n<meta property=\"og:url\" content=\"https:\/\/redfoxlotto.com\/et\/informatsioon\/\" \/>\n<meta property=\"og:site_name\" content=\"Get Tickets for the World\u2019s largest jackpots\" \/>\n<meta property=\"article:modified_time\" content=\"2025-12-18T09:28:30+00:00\" \/>\n<meta property=\"og:image\" content=\"https:\/\/content.redfoxlotto.com\/uploads\/sites\/9\/1_lottery_ticket.jpg\" \/>\n<meta name=\"twitter:card\" content=\"summary_large_image\" \/>\n<meta name=\"twitter:label1\" content=\"Est. reading time\" \/>\n\t<meta name=\"twitter:data1\" content=\"4 minutit\" \/>\n<script type=\"application\/ld+json\" class=\"yoast-schema-graph\">{\"@context\":\"https:\/\/schema.org\",\"@graph\":[{\"@type\":\"WebPage\",\"@id\":\"https:\/\/redfoxlotto.com\/et\/informatsioon\/\",\"url\":\"https:\/\/redfoxlotto.com\/et\/informatsioon\/\",\"name\":\"Kuidas ma saan loteriipiletit internetist osta?\",\"isPartOf\":{\"@id\":\"https:\/\/redfoxlotto.com\/et\/#website\"},\"primaryImageOfPage\":{\"@id\":\"https:\/\/redfoxlotto.com\/et\/informatsioon\/#primaryimage\"},\"image\":{\"@id\":\"https:\/\/redfoxlotto.com\/et\/informatsioon\/#primaryimage\"},\"thumbnailUrl\":\"https:\/\/content.redfoxlotto.com\/uploads\/sites\/9\/1_lottery_ticket.jpg\",\"datePublished\":\"2023-04-24T14:12:24+00:00\",\"dateModified\":\"2025-12-18T09:28:30+00:00\",\"description\":\"\u00dclemaailmsete loteriipiletite ostmine on turvaline, seaduslik ja lihtne - see t\u00f6\u00f6tab nii!\",\"breadcrumb\":{\"@id\":\"https:\/\/redfoxlotto.com\/et\/informatsioon\/#breadcrumb\"},\"inLanguage\":\"et\",\"potentialAction\":[{\"@type\":\"ReadAction\",\"target\":[\"https:\/\/redfoxlotto.com\/et\/informatsioon\/\"]}]},{\"@type\":\"ImageObject\",\"inLanguage\":\"et\",\"@id\":\"https:\/\/redfoxlotto.com\/et\/informatsioon\/#primaryimage\",\"url\":\"https:\/\/content.redfoxlotto.com\/uploads\/sites\/9\/1_lottery_ticket.jpg\",\"contentUrl\":\"https:\/\/content.redfoxlotto.com\/uploads\/sites\/9\/1_lottery_ticket.jpg\"},{\"@type\":\"BreadcrumbList\",\"@id\":\"https:\/\/redfoxlotto.com\/et\/informatsioon\/#breadcrumb\",\"itemListElement\":[{\"@type\":\"ListItem\",\"position\":1,\"name\":\"Home\",\"item\":\"https:\/\/redfoxlotto.com\/et\/\"},{\"@type\":\"ListItem\",\"position\":2,\"name\":\"Osta loteriipileteid internetis\"}]},{\"@type\":\"WebSite\",\"@id\":\"https:\/\/redfoxlotto.com\/et\/#website\",\"url\":\"https:\/\/redfoxlotto.com\/et\/\",\"name\":\"Get Tickets for the World\u2019s largest jackpots\",\"description\":\"Participate in worldwide lottery jackpots from any country\",\"publisher\":{\"@id\":\"https:\/\/redfoxlotto.com\/et\/#organization\"},\"potentialAction\":[{\"@type\":\"SearchAction\",\"target\":{\"@type\":\"EntryPoint\",\"urlTemplate\":\"https:\/\/redfoxlotto.com\/et\/?s={search_term_string}\"},\"query-input\":{\"@type\":\"PropertyValueSpecification\",\"valueRequired\":true,\"valueName\":\"search_term_string\"}}],\"inLanguage\":\"et\"},{\"@type\":\"Organization\",\"@id\":\"https:\/\/redfoxlotto.com\/et\/#organization\",\"name\":\"Get Tickets for the World\u2019s largest jackpots\",\"url\":\"https:\/\/redfoxlotto.com\/et\/\",\"logo\":{\"@type\":\"ImageObject\",\"inLanguage\":\"et\",\"@id\":\"https:\/\/redfoxlotto.com\/et\/#\/schema\/logo\/image\/\",\"url\":\"https:\/\/redfoxlotto.com\/wp-content\/uploads\/2023\/04\/logo.png\",\"contentUrl\":\"https:\/\/redfoxlotto.com\/wp-content\/uploads\/2023\/04\/logo.png\",\"width\":269,\"height\":53,\"caption\":\"Get Tickets for the World\u2019s largest jackpots\"},\"image\":{\"@id\":\"https:\/\/redfoxlotto.com\/et\/#\/schema\/logo\/image\/\"}}]}<\/script>\n<!-- \/ Yoast SEO plugin. -->","yoast_head_json":{"title":"Kuidas ma saan loteriipiletit internetist osta?","description":"\u00dclemaailmsete loteriipiletite ostmine on turvaline, seaduslik ja lihtne - see t\u00f6\u00f6tab nii!","robots":{"index":"index","follow":"follow","max-snippet":"max-snippet:-1","max-image-preview":"max-image-preview:large","max-video-preview":"max-video-preview:-1"},"canonical":"https:\/\/redfoxlotto.com\/et\/informatsioon\/","og_locale":"et_EE","og_type":"article","og_title":"Kuidas ma saan loteriipiletit internetist osta?","og_description":"\u00dclemaailmsete loteriipiletite ostmine on turvaline, seaduslik ja lihtne - see t\u00f6\u00f6tab nii!","og_url":"https:\/\/redfoxlotto.com\/et\/informatsioon\/","og_site_name":"Get Tickets for the World\u2019s largest jackpots","article_modified_time":"2025-12-18T09:28:30+00:00","og_image":[{"url":"https:\/\/content.redfoxlotto.com\/uploads\/sites\/9\/1_lottery_ticket.jpg"}],"twitter_card":"summary_large_image","twitter_misc":{"Est. reading time":"4 minutit"},"schema":{"@context":"https:\/\/schema.org","@graph":[{"@type":"WebPage","@id":"https:\/\/redfoxlotto.com\/et\/informatsioon\/","url":"https:\/\/redfoxlotto.com\/et\/informatsioon\/","name":"Kuidas ma saan loteriipiletit internetist osta?","isPartOf":{"@id":"https:\/\/redfoxlotto.com\/et\/#website"},"primaryImageOfPage":{"@id":"https:\/\/redfoxlotto.com\/et\/informatsioon\/#primaryimage"},"image":{"@id":"https:\/\/redfoxlotto.com\/et\/informatsioon\/#primaryimage"},"thumbnailUrl":"https:\/\/content.redfoxlotto.com\/uploads\/sites\/9\/1_lottery_ticket.jpg","datePublished":"2023-04-24T14:12:24+00:00","dateModified":"2025-12-18T09:28:30+00:00","description":"\u00dclemaailmsete loteriipiletite ostmine on turvaline, seaduslik ja lihtne - see t\u00f6\u00f6tab nii!","breadcrumb":{"@id":"https:\/\/redfoxlotto.com\/et\/informatsioon\/#breadcrumb"},"inLanguage":"et","potentialAction":[{"@type":"ReadAction","target":["https:\/\/redfoxlotto.com\/et\/informatsioon\/"]}]},{"@type":"ImageObject","inLanguage":"et","@id":"https:\/\/redfoxlotto.com\/et\/informatsioon\/#primaryimage","url":"https:\/\/content.redfoxlotto.com\/uploads\/sites\/9\/1_lottery_ticket.jpg","contentUrl":"https:\/\/content.redfoxlotto.com\/uploads\/sites\/9\/1_lottery_ticket.jpg"},{"@type":"BreadcrumbList","@id":"https:\/\/redfoxlotto.com\/et\/informatsioon\/#breadcrumb","itemListElement":[{"@type":"ListItem","position":1,"name":"Home","item":"https:\/\/redfoxlotto.com\/et\/"},{"@type":"ListItem","position":2,"name":"Osta loteriipileteid internetis"}]},{"@type":"WebSite","@id":"https:\/\/redfoxlotto.com\/et\/#website","url":"https:\/\/redfoxlotto.com\/et\/","name":"Get Tickets for the World\u2019s largest jackpots","description":"Participate in worldwide lottery jackpots from any country","publisher":{"@id":"https:\/\/redfoxlotto.com\/et\/#organization"},"potentialAction":[{"@type":"SearchAction","target":{"@type":"EntryPoint","urlTemplate":"https:\/\/redfoxlotto.com\/et\/?s={search_term_string}"},"query-input":{"@type":"PropertyValueSpecification","valueRequired":true,"valueName":"search_term_string"}}],"inLanguage":"et"},{"@type":"Organization","@id":"https:\/\/redfoxlotto.com\/et\/#organization","name":"Get Tickets for the World\u2019s largest jackpots","url":"https:\/\/redfoxlotto.com\/et\/","logo":{"@type":"ImageObject","inLanguage":"et","@id":"https:\/\/redfoxlotto.com\/et\/#\/schema\/logo\/image\/","url":"https:\/\/redfoxlotto.com\/wp-content\/uploads\/2023\/04\/logo.png","contentUrl":"https:\/\/redfoxlotto.com\/wp-content\/uploads\/2023\/04\/logo.png","width":269,"height":53,"caption":"Get Tickets for the World\u2019s largest jackpots"},"image":{"@id":"https:\/\/redfoxlotto.com\/et\/#\/schema\/logo\/image\/"}}]}},"_links":{"self":[{"href":"https:\/\/redfoxlotto.com\/et\/wp-json\/wp\/v2\/pages\/16809","targetHints":{"allow":["GET"]}}],"collection":[{"href":"https:\/\/redfoxlotto.com\/et\/wp-json\/wp\/v2\/pages"}],"about":[{"href":"https:\/\/redfoxlotto.com\/et\/wp-json\/wp\/v2\/types\/page"}],"author":[{"embeddable":true,"href":"https:\/\/redfoxlotto.com\/et\/wp-json\/wp\/v2\/users\/1"}],"replies":[{"embeddable":true,"href":"https:\/\/redfoxlotto.com\/et\/wp-json\/wp\/v2\/comments?post=16809"}],"version-history":[{"count":0,"href":"https:\/\/redfoxlotto.com\/et\/wp-json\/wp\/v2\/pages\/16809\/revisions"}],"wp:attachment":[{"href":"https:\/\/redfoxlotto.com\/et\/wp-json\/wp\/v2\/media?parent=16809"}],"curies":[{"name":"wp","href":"https:\/\/api.w.org\/{rel}","templated":true}]}}