{"id":102323,"date":"2025-02-12T11:20:21","date_gmt":"2025-02-12T11:20:21","guid":{"rendered":"https:\/\/redfoxlotto.com\/?page_id=102323"},"modified":"2026-01-12T09:59:29","modified_gmt":"2026-01-12T09:59:29","slug":"gold-keno-voidunumbrid","status":"publish","type":"page","link":"https:\/\/redfoxlotto.com\/et\/keno\/gold-keno-voidunumbrid\/","title":{"rendered":"Gold Keno v\u00f5idunumbrid"},"content":{"rendered":"<h2>Gold Keno ootab teid 2 miljoni euro suurune jackpot.<\/h2>\n<p><img loading=\"lazy\" decoding=\"async\" class=\"size-medium wp-image-93652 alignright\" src=\"https:\/\/redfoxlotto.com\/wp-content\/uploads\/2025\/09\/gold-keno-win-2-300x300.jpg\" alt=\"gold keno\" width=\"300\" height=\"300\" \/><br \/>\nGold Keno on v\u00e4ga l\u00f5bus online-loteriim\u00e4ng. Iga\u00fcks, kes m\u00e4ngib, v\u00f5ib v\u00f5ita suurep\u00e4rase 2 miljoni euro suuruse peav\u00f5idu. On lihtne m\u00f5ista, miks Gold Keno on nii populaarne: iga loosimine annab sulle reaalse v\u00f5imaluse v\u00f5ita palju raha, mis v\u00f5ib muuta su elu paremaks. Selle m\u00e4ngu l\u00f5busus tuleneb asjaolust, et loosimised on kiired, m\u00e4ng on aus ja on v\u00f5imalus v\u00f5ita 2 miljoni euro suurune jackpot. See kehtib nii siis, kui m\u00e4ngid l\u00f5bu p\u00e4rast, kui ka siis, kui soovid palju raha teenida.<\/p>\n<h2>Juhend Gold Keno m\u00e4ngimise t\u00f5en\u00e4osuste kohta<\/h2>\n<p>Gold Keno m\u00e4ngus valitakse juhuslikult 20 numbrit kaheksak\u00fcmnest. M\u00e4ngijad valivad ise oma numbrid ja auhinna suurus s\u00f5ltub sellest, mitu korda nende valikud loosimise tulemustega kokku langevad. Kordaja lisamine suurendab v\u00f5imalikku v\u00e4ljamakset. See t\u00e4hendab, et kallimad piletid v\u00f5idavad suuremaid auhindu.<\/p>\n<p>Kui teil on rohkem valikuid, on teil suurem v\u00f5imalus saada suurem v\u00e4ljamakse, aga kui teil on v\u00e4hem valikuid, on teil suurem v\u00f5imalus saada v\u00e4iksem v\u00e4ljamakse. V\u00f5iduv\u00f5imalused keno m\u00e4ngus p\u00f5hinevad sellel tasakaalul: rohkem valikuid t\u00e4hendab suuremaid auhindu, aga raskemaid v\u00f5iduv\u00f5imalusi, samas kui v\u00e4hem valikuid muudab v\u00f5itmise lihtsamaks. Kui kasutate kordajat, v\u00f5ite v\u00f5ita kahe miljoni euro suuruse peaauhinna.<\/p>\n<h2>Rohkem v\u00f5itmise v\u00f5ti on kordajate kasutamine.<\/h2>\n<p>Kordaja funktsiooni abil v\u00f5id v\u00f5ita Gold Keno suurima auhinna 2 miljonit eurot. N\u00e4iteks:<\/p>\n<p>Kui suurim kordaja on seatud 5x, annab pilet kordajaga 1x sulle 20% suurimast auhinnast. Kui m\u00e4ngijad panustavad suurima kordajaga, saavad nad t\u00e4ieliku juurdep\u00e4\u00e4su auhinnafondile, mille v\u00e4\u00e4rtus on \u00fcle 2 miljoni euro.<\/p>\n<p>See tehnika pakub m\u00e4ngijatele veel \u00fche v\u00f5imaluse muuta keno v\u00f5iduv\u00f5imalusi. See annab nii ettevaatlikele m\u00e4ngijatele kui ka riskijulgematele \u00f5iglase v\u00f5imaluse m\u00e4ngida.<\/p>\n<h2>Tehinguteks kasutatakse sularaha ja sissemakseid.<\/h2>\n<p>Gold Keno m\u00e4ngimiseks peate oma kontole raha lisama ja pileteid internetis ostma. Tehingud on kiired, turvalised ja lihtsalt m\u00f5istetavad, nii et v\u00f5ite kohe osaleda mis tahes loosimises.<\/p>\n<h2>Gold Keno loosimisi toimub palju<\/h2>\n<p>Gold Keno m\u00e4ngimiseks ei pea ootama, nagu teiste loteriide puhul. Iga paar minuti tagant toimuvad uued loosimised, mis muudab 2 miljoni euro suuruse peaauhinna v\u00f5itmise v\u00f5istluse l\u00f5busaks ja l\u00f5putuks seikluseks. Kuna loosimisi on nii palju, testitakse keno v\u00f5iduv\u00f5imalusi ikka ja j\u00e4lle, mis hoiab m\u00e4ngu huvitavana.<\/p>\n<h2>Juhusliku numbri genereerija (RNG) ausa m\u00e4ngu tagamiseks<\/h2>\n<p>Et tagada iga Gold Keno loosimise ausus, kasutame valideeritud juhusliku numbri genereerijat (RNG). Kuna iga tulemus on t\u00e4iesti juhuslik, ei p\u00f5hine 2 miljoni euro suuruse peaauhinna v\u00f5itmise v\u00f5imalus oletustel, vaid juhusel. See tagab, et k\u00f5igil on keno m\u00e4ngus v\u00f5rdne v\u00f5iduv\u00f5imalus.<\/p>\n<h2>V\u00f5itude kontrollimine ja v\u00e4ljav\u00f5tmine<\/h2>\n<p>M\u00e4ngijad saavad tulemusi kohe n\u00e4ha jaotises \u201eMinu piletid\u201d. V\u00e4iksemad v\u00f5idud kantakse kohe teie kontole ja suuremad v\u00f5idud, mis v\u00f5ivad olla kuni 2500 eurot, kantakse samuti kohe \u00fcle. Kindlustus tagab 2 miljoni euro suuruse peav\u00f5idu ja muud suured v\u00f5idud ning valitsus kontrollib, et need v\u00e4lja makstaks.<\/p>\n<h2>K\u00f5ik v\u00f5itjad on \u00f5igustatud oma raha tagasi saama<\/h2>\n<p>Erinevalt enamikust loteriidest maksab Gold Keno v\u00e4lja s\u00f5ltumata sellest, kui palju pileteid on m\u00fc\u00fcdud. M\u00e4ng on mitte ainult turvaline, vaid ka tulus, kuna k\u00f5ik auhinnad, sealhulgas 2 miljoni euro suurune loterii jackpot, on t\u00e4iesti turvalised.<\/p>\n<h2>Paberkandjal pileteid ei ole, kuna k\u00f5ik toimub veebis.<\/h2>\n<p>Te ei vaja paberkandjal pileteid, kuna Gold Keno on t\u00e4ielikult digitaalne. See s\u00fcsteem j\u00e4lgib k\u00f5iki esitusi, nii et midagi ei saa kaduma minna ega varastatud saada.<\/p>\n<h2>L\u00f5plikud m\u00f5tted: mis eristab Gold Keno teistest Keno m\u00e4ngudest<\/h2>\n<p>Gold Keno on endiselt \u00fcks p\u00f5nevamaid online-loteriim\u00e4nge, kuna loosimised toimuvad iga paar minuti j\u00e4rel, juhuslike numbrite genereerija v\u00e4ljundid on \u00f5iglased, auhinnad on garanteeritud ja on v\u00f5imalus v\u00f5ita 2 miljoni euro suurune jackpot. Inimestele, kes m\u00f5tlevad Keno v\u00f5iduv\u00f5imaluste \u00fcle, on see m\u00e4ng nii p\u00f5nev kui ka rahustav, kuna iga pilet v\u00f5ib muuta m\u00e4ngu k\u00e4iku m\u00e4ngijate jaoks, kellel on suured eesm\u00e4rgid.<\/p>\n","protected":false},"excerpt":{"rendered":"<p>Gold Keno ootab teid 2 miljoni euro suurune jackpot. Gold Keno on v\u00e4ga l\u00f5bus online-loteriim\u00e4ng. Iga\u00fcks, kes m\u00e4ngib, v\u00f5ib v\u00f5ita suurep\u00e4rase 2 miljoni euro suuruse peav\u00f5idu. On lihtne m\u00f5ista, miks Gold Keno on nii populaarne: iga loosimine annab sulle reaalse v\u00f5imaluse v\u00f5ita palju raha, mis v\u00f5ib muuta su elu paremaks. Selle m\u00e4ngu l\u00f5busus tuleneb asjaolust, [&hellip;]<\/p>\n","protected":false},"author":8,"featured_media":0,"parent":84386,"menu_order":42,"comment_status":"closed","ping_status":"closed","template":"","meta":{"_et_pb_use_builder":"","_et_pb_old_content":"","_et_gb_content_width":"","exclude_from_search":false,"footnotes":""},"class_list":["post-102323","page","type-page","status-publish","hentry"],"yoast_head":"<!-- This site is optimized with the Yoast SEO plugin v23.8 - https:\/\/yoast.com\/wordpress\/plugins\/seo\/ -->\n<title>V\u00f5iduv\u00f5imalused kenol | Meie kenom\u00e4ngudel on suurep\u00e4rased v\u00f5iduv\u00f5imalused ja auhinnad<\/title>\n<meta name=\"description\" content=\"Kui m\u00e4ngid kenot online, vaata leitud m\u00e4ngude v\u00f5iduv\u00f5imalusi. Meie Gold Kenol on 2 miljoni euro suurune peav\u00f5it, mis on kombineeritud parimate v\u00f5iduv\u00f5imalustega, mida online leida v\u00f5ib.\" \/>\n<meta name=\"robots\" content=\"index, follow, max-snippet:-1, max-image-preview:large, max-video-preview:-1\" \/>\n<link rel=\"canonical\" href=\"https:\/\/redfoxlotto.com\/et\/keno\/gold-keno-voidunumbrid\/\" \/>\n<meta property=\"og:locale\" content=\"et_EE\" \/>\n<meta property=\"og:type\" content=\"article\" \/>\n<meta property=\"og:title\" content=\"V\u00f5iduv\u00f5imalused kenol | Meie kenom\u00e4ngudel on suurep\u00e4rased v\u00f5iduv\u00f5imalused ja auhinnad\" \/>\n<meta property=\"og:description\" content=\"Kui m\u00e4ngid kenot online, vaata leitud m\u00e4ngude v\u00f5iduv\u00f5imalusi. Meie Gold Kenol on 2 miljoni euro suurune peav\u00f5it, mis on kombineeritud parimate v\u00f5iduv\u00f5imalustega, mida online leida v\u00f5ib.\" \/>\n<meta property=\"og:url\" content=\"https:\/\/redfoxlotto.com\/et\/keno\/gold-keno-voidunumbrid\/\" \/>\n<meta property=\"og:site_name\" content=\"Get Tickets for the World\u2019s largest jackpots\" \/>\n<meta property=\"article:modified_time\" content=\"2026-01-12T09:59:29+00:00\" \/>\n<meta property=\"og:image\" content=\"https:\/\/redfoxlotto.com\/wp-content\/uploads\/2025\/09\/gold-keno-win-2-300x300.jpg\" \/>\n<meta name=\"twitter:card\" content=\"summary_large_image\" \/>\n<meta name=\"twitter:label1\" content=\"Est. reading time\" \/>\n\t<meta name=\"twitter:data1\" content=\"3 minutit\" \/>\n<script type=\"application\/ld+json\" class=\"yoast-schema-graph\">{\"@context\":\"https:\/\/schema.org\",\"@graph\":[{\"@type\":\"WebPage\",\"@id\":\"https:\/\/redfoxlotto.com\/et\/keno\/gold-keno-voidunumbrid\/\",\"url\":\"https:\/\/redfoxlotto.com\/et\/keno\/gold-keno-voidunumbrid\/\",\"name\":\"V\u00f5iduv\u00f5imalused kenol | Meie kenom\u00e4ngudel on suurep\u00e4rased v\u00f5iduv\u00f5imalused ja auhinnad\",\"isPartOf\":{\"@id\":\"https:\/\/redfoxlotto.com\/et\/#website\"},\"primaryImageOfPage\":{\"@id\":\"https:\/\/redfoxlotto.com\/et\/keno\/gold-keno-voidunumbrid\/#primaryimage\"},\"image\":{\"@id\":\"https:\/\/redfoxlotto.com\/et\/keno\/gold-keno-voidunumbrid\/#primaryimage\"},\"thumbnailUrl\":\"https:\/\/redfoxlotto.com\/wp-content\/uploads\/2025\/09\/gold-keno-win-2-300x300.jpg\",\"datePublished\":\"2025-02-12T11:20:21+00:00\",\"dateModified\":\"2026-01-12T09:59:29+00:00\",\"description\":\"Kui m\u00e4ngid kenot online, vaata leitud m\u00e4ngude v\u00f5iduv\u00f5imalusi. Meie Gold Kenol on 2 miljoni euro suurune peav\u00f5it, mis on kombineeritud parimate v\u00f5iduv\u00f5imalustega, mida online leida v\u00f5ib.\",\"breadcrumb\":{\"@id\":\"https:\/\/redfoxlotto.com\/et\/keno\/gold-keno-voidunumbrid\/#breadcrumb\"},\"inLanguage\":\"et\",\"potentialAction\":[{\"@type\":\"ReadAction\",\"target\":[\"https:\/\/redfoxlotto.com\/et\/keno\/gold-keno-voidunumbrid\/\"]}]},{\"@type\":\"ImageObject\",\"inLanguage\":\"et\",\"@id\":\"https:\/\/redfoxlotto.com\/et\/keno\/gold-keno-voidunumbrid\/#primaryimage\",\"url\":\"https:\/\/redfoxlotto.com\/wp-content\/uploads\/2025\/09\/gold-keno-win-2-300x300.jpg\",\"contentUrl\":\"https:\/\/redfoxlotto.com\/wp-content\/uploads\/2025\/09\/gold-keno-win-2-300x300.jpg\"},{\"@type\":\"BreadcrumbList\",\"@id\":\"https:\/\/redfoxlotto.com\/et\/keno\/gold-keno-voidunumbrid\/#breadcrumb\",\"itemListElement\":[{\"@type\":\"ListItem\",\"position\":1,\"name\":\"Home\",\"item\":\"https:\/\/redfoxlotto.com\/et\/\"},{\"@type\":\"ListItem\",\"position\":2,\"name\":\"Keno\",\"item\":\"https:\/\/redfoxlotto.com\/et\/keno\/\"},{\"@type\":\"ListItem\",\"position\":3,\"name\":\"Gold Keno v\u00f5idunumbrid\"}]},{\"@type\":\"WebSite\",\"@id\":\"https:\/\/redfoxlotto.com\/et\/#website\",\"url\":\"https:\/\/redfoxlotto.com\/et\/\",\"name\":\"Get Tickets for the World\u2019s largest jackpots\",\"description\":\"Participate in worldwide lottery jackpots from any country\",\"publisher\":{\"@id\":\"https:\/\/redfoxlotto.com\/et\/#organization\"},\"potentialAction\":[{\"@type\":\"SearchAction\",\"target\":{\"@type\":\"EntryPoint\",\"urlTemplate\":\"https:\/\/redfoxlotto.com\/et\/?s={search_term_string}\"},\"query-input\":{\"@type\":\"PropertyValueSpecification\",\"valueRequired\":true,\"valueName\":\"search_term_string\"}}],\"inLanguage\":\"et\"},{\"@type\":\"Organization\",\"@id\":\"https:\/\/redfoxlotto.com\/et\/#organization\",\"name\":\"Get Tickets for the World\u2019s largest jackpots\",\"url\":\"https:\/\/redfoxlotto.com\/et\/\",\"logo\":{\"@type\":\"ImageObject\",\"inLanguage\":\"et\",\"@id\":\"https:\/\/redfoxlotto.com\/et\/#\/schema\/logo\/image\/\",\"url\":\"https:\/\/redfoxlotto.com\/wp-content\/uploads\/2023\/04\/logo.png\",\"contentUrl\":\"https:\/\/redfoxlotto.com\/wp-content\/uploads\/2023\/04\/logo.png\",\"width\":269,\"height\":53,\"caption\":\"Get Tickets for the World\u2019s largest jackpots\"},\"image\":{\"@id\":\"https:\/\/redfoxlotto.com\/et\/#\/schema\/logo\/image\/\"}}]}<\/script>\n<!-- \/ Yoast SEO plugin. -->","yoast_head_json":{"title":"V\u00f5iduv\u00f5imalused kenol | Meie kenom\u00e4ngudel on suurep\u00e4rased v\u00f5iduv\u00f5imalused ja auhinnad","description":"Kui m\u00e4ngid kenot online, vaata leitud m\u00e4ngude v\u00f5iduv\u00f5imalusi. Meie Gold Kenol on 2 miljoni euro suurune peav\u00f5it, mis on kombineeritud parimate v\u00f5iduv\u00f5imalustega, mida online leida v\u00f5ib.","robots":{"index":"index","follow":"follow","max-snippet":"max-snippet:-1","max-image-preview":"max-image-preview:large","max-video-preview":"max-video-preview:-1"},"canonical":"https:\/\/redfoxlotto.com\/et\/keno\/gold-keno-voidunumbrid\/","og_locale":"et_EE","og_type":"article","og_title":"V\u00f5iduv\u00f5imalused kenol | Meie kenom\u00e4ngudel on suurep\u00e4rased v\u00f5iduv\u00f5imalused ja auhinnad","og_description":"Kui m\u00e4ngid kenot online, vaata leitud m\u00e4ngude v\u00f5iduv\u00f5imalusi. Meie Gold Kenol on 2 miljoni euro suurune peav\u00f5it, mis on kombineeritud parimate v\u00f5iduv\u00f5imalustega, mida online leida v\u00f5ib.","og_url":"https:\/\/redfoxlotto.com\/et\/keno\/gold-keno-voidunumbrid\/","og_site_name":"Get Tickets for the World\u2019s largest jackpots","article_modified_time":"2026-01-12T09:59:29+00:00","og_image":[{"url":"https:\/\/redfoxlotto.com\/wp-content\/uploads\/2025\/09\/gold-keno-win-2-300x300.jpg"}],"twitter_card":"summary_large_image","twitter_misc":{"Est. reading time":"3 minutit"},"schema":{"@context":"https:\/\/schema.org","@graph":[{"@type":"WebPage","@id":"https:\/\/redfoxlotto.com\/et\/keno\/gold-keno-voidunumbrid\/","url":"https:\/\/redfoxlotto.com\/et\/keno\/gold-keno-voidunumbrid\/","name":"V\u00f5iduv\u00f5imalused kenol | Meie kenom\u00e4ngudel on suurep\u00e4rased v\u00f5iduv\u00f5imalused ja auhinnad","isPartOf":{"@id":"https:\/\/redfoxlotto.com\/et\/#website"},"primaryImageOfPage":{"@id":"https:\/\/redfoxlotto.com\/et\/keno\/gold-keno-voidunumbrid\/#primaryimage"},"image":{"@id":"https:\/\/redfoxlotto.com\/et\/keno\/gold-keno-voidunumbrid\/#primaryimage"},"thumbnailUrl":"https:\/\/redfoxlotto.com\/wp-content\/uploads\/2025\/09\/gold-keno-win-2-300x300.jpg","datePublished":"2025-02-12T11:20:21+00:00","dateModified":"2026-01-12T09:59:29+00:00","description":"Kui m\u00e4ngid kenot online, vaata leitud m\u00e4ngude v\u00f5iduv\u00f5imalusi. Meie Gold Kenol on 2 miljoni euro suurune peav\u00f5it, mis on kombineeritud parimate v\u00f5iduv\u00f5imalustega, mida online leida v\u00f5ib.","breadcrumb":{"@id":"https:\/\/redfoxlotto.com\/et\/keno\/gold-keno-voidunumbrid\/#breadcrumb"},"inLanguage":"et","potentialAction":[{"@type":"ReadAction","target":["https:\/\/redfoxlotto.com\/et\/keno\/gold-keno-voidunumbrid\/"]}]},{"@type":"ImageObject","inLanguage":"et","@id":"https:\/\/redfoxlotto.com\/et\/keno\/gold-keno-voidunumbrid\/#primaryimage","url":"https:\/\/redfoxlotto.com\/wp-content\/uploads\/2025\/09\/gold-keno-win-2-300x300.jpg","contentUrl":"https:\/\/redfoxlotto.com\/wp-content\/uploads\/2025\/09\/gold-keno-win-2-300x300.jpg"},{"@type":"BreadcrumbList","@id":"https:\/\/redfoxlotto.com\/et\/keno\/gold-keno-voidunumbrid\/#breadcrumb","itemListElement":[{"@type":"ListItem","position":1,"name":"Home","item":"https:\/\/redfoxlotto.com\/et\/"},{"@type":"ListItem","position":2,"name":"Keno","item":"https:\/\/redfoxlotto.com\/et\/keno\/"},{"@type":"ListItem","position":3,"name":"Gold Keno v\u00f5idunumbrid"}]},{"@type":"WebSite","@id":"https:\/\/redfoxlotto.com\/et\/#website","url":"https:\/\/redfoxlotto.com\/et\/","name":"Get Tickets for the World\u2019s largest jackpots","description":"Participate in worldwide lottery jackpots from any country","publisher":{"@id":"https:\/\/redfoxlotto.com\/et\/#organization"},"potentialAction":[{"@type":"SearchAction","target":{"@type":"EntryPoint","urlTemplate":"https:\/\/redfoxlotto.com\/et\/?s={search_term_string}"},"query-input":{"@type":"PropertyValueSpecification","valueRequired":true,"valueName":"search_term_string"}}],"inLanguage":"et"},{"@type":"Organization","@id":"https:\/\/redfoxlotto.com\/et\/#organization","name":"Get Tickets for the World\u2019s largest jackpots","url":"https:\/\/redfoxlotto.com\/et\/","logo":{"@type":"ImageObject","inLanguage":"et","@id":"https:\/\/redfoxlotto.com\/et\/#\/schema\/logo\/image\/","url":"https:\/\/redfoxlotto.com\/wp-content\/uploads\/2023\/04\/logo.png","contentUrl":"https:\/\/redfoxlotto.com\/wp-content\/uploads\/2023\/04\/logo.png","width":269,"height":53,"caption":"Get Tickets for the World\u2019s largest jackpots"},"image":{"@id":"https:\/\/redfoxlotto.com\/et\/#\/schema\/logo\/image\/"}}]}},"_links":{"self":[{"href":"https:\/\/redfoxlotto.com\/et\/wp-json\/wp\/v2\/pages\/102323","targetHints":{"allow":["GET"]}}],"collection":[{"href":"https:\/\/redfoxlotto.com\/et\/wp-json\/wp\/v2\/pages"}],"about":[{"href":"https:\/\/redfoxlotto.com\/et\/wp-json\/wp\/v2\/types\/page"}],"author":[{"embeddable":true,"href":"https:\/\/redfoxlotto.com\/et\/wp-json\/wp\/v2\/users\/8"}],"replies":[{"embeddable":true,"href":"https:\/\/redfoxlotto.com\/et\/wp-json\/wp\/v2\/comments?post=102323"}],"version-history":[{"count":0,"href":"https:\/\/redfoxlotto.com\/et\/wp-json\/wp\/v2\/pages\/102323\/revisions"}],"up":[{"embeddable":true,"href":"https:\/\/redfoxlotto.com\/et\/wp-json\/wp\/v2\/pages\/84386"}],"wp:attachment":[{"href":"https:\/\/redfoxlotto.com\/et\/wp-json\/wp\/v2\/media?parent=102323"}],"curies":[{"name":"wp","href":"https:\/\/api.w.org\/{rel}","templated":true}]}}