{"id":102054,"date":"2025-05-22T08:53:38","date_gmt":"2025-05-22T08:53:38","guid":{"rendered":"https:\/\/redfoxlotto.com\/?page_id=102054"},"modified":"2026-01-10T05:49:32","modified_gmt":"2026-01-10T05:49:32","slug":"platinum-keno-voidunumbrid","status":"publish","type":"page","link":"https:\/\/redfoxlotto.com\/et\/keno\/platinum-keno-voidunumbrid\/","title":{"rendered":"Platinum Keno v\u00f5idunumbrid"},"content":{"rendered":"<h2>Kuidas valitakse v\u00f5iduv\u00f5imalused ja kust leida Platinum Keno tulemused<\/h2>\n<p><img loading=\"lazy\" decoding=\"async\" class=\"size-medium wp-image-83635 alignright\" src=\"https:\/\/redfoxlotto.com\/wp-content\/uploads\/2025\/03\/keno_card-300x300.jpg\" alt=\"platnum keno\" width=\"300\" height=\"300\" srcset=\"https:\/\/redfoxlotto.com\/wp-content\/uploads\/2025\/03\/keno_card-300x300.jpg 300w, https:\/\/redfoxlotto.com\/wp-content\/uploads\/2025\/03\/keno_card-150x150.jpg 150w, https:\/\/redfoxlotto.com\/wp-content\/uploads\/2025\/03\/keno_card-100x100.jpg 100w, https:\/\/redfoxlotto.com\/wp-content\/uploads\/2025\/03\/keno_card.jpg 307w\" sizes=\"auto, (max-width: 300px) 100vw, 300px\" \/><br \/>\nPlatinum Keno on saamas \u00fcheks populaarsemaks loteriilaadseks m\u00e4nguks. Varsti saavad m\u00e4ngijad nautida traditsioonilise Keno k\u00f5iki r\u00f5\u00f5me oma ekraani mugavusest, t\u00e4nu kiiretele loosimistele, selgetele reeglitele ja lihtsale online-m\u00e4ngimisele. Hetkel pole veel live-tulemusi, kuid siin on teave numbrite valimise kohta, kust neid leida ja kuidas m\u00e4ngu alguses oma v\u00f5itu kontrollida.<\/p>\n<h2>Platinum Keno numbrite valimise etapid<\/h2>\n<p>Platinum Keno p\u00f5hineb ideel, et k\u00f5ik peab olema \u00f5iglane. Numbreid valib kontrollitud juhusliku numbri generaator (RNG). See tagab iga loosimise t\u00e4ieliku juhuslikkuse. RNG tagab, et igal numbril on v\u00f5rdne v\u00f5imalus valituks osutuda, nagu numbriga pallide masinast v\u00e4ljav\u00f5tmisel.<\/p>\n<ul>\n<li>M\u00e4ngijad valivad numbrite hulgast 1 kuni 80.<\/li>\n<li>Loosimise suurus: Igas voorus valitakse juhuslikult 20 numbrit.<\/li>\n<li>V\u00f5rdsed v\u00f5imalused: Ei ole lemmiknumbreid, k\u00f5ik s\u00f5ltub \u00f5nnest.<\/li>\n<li>Selle meetodi abil on iga loosimine l\u00e4bipaistev, kontrollitav ja p\u00f5hineb usaldusel.<\/li>\n<\/ul>\n<h2>Kuidas m\u00e4ngu m\u00e4ngida.<\/h2>\n<p>Platinum Keno on loodud nii tavam\u00e4ngijatele kui ka inimestele, kes soovivad v\u00f5ita suuri jackpoteid. Valige numbrid 80 numbrist, millest 20 valitakse juhuslikult. Nii m\u00e4ngitakse m\u00e4ngu. Te soovite, et v\u00f5imalikult paljud teie valikud sobiksid.<\/p>\n<h2>Numbrite valimine.<\/h2>\n<p>Te valite m\u00e4ngimiseks \u201ekohad\u201d (numbrid). Erinevad inimesed valivad erineva arvu kaarte. Valitud kohtade arv m\u00f5jutab otseselt teie v\u00f5imalusi ja v\u00f5iduv\u00f5imalusi.<\/p>\n<h2>Koefitsiendi valimine.<\/h2>\n<p>Platinum Kenol on kordaja, mis muudab auhindu. Kui suurim kordaja on 5, siis 1x kordajaga m\u00e4ngides saate 20% 5x auhinnast. Kui suurim on 10, siis 1x piletiga saate 10% 10x v\u00e4ljamaksest. Suurem kordaja suurendab nii pileti hinda kui ka v\u00f5iduv\u00f5imalusi.<\/p>\n<h2>V\u00e4ljamaksete nimekirja kasutamine<\/h2>\n<p>See n\u00e4itab t\u00e4pselt, kui palju v\u00f5id v\u00f5ita valitud numbrite ja boonuse p\u00f5hjal. M\u00f5tle sellele kui auhinnakaardile, mis n\u00e4itab sulle enne loosimist, mis on kaalul.<\/p>\n<h2>Kuidas valikud m\u00f5jutavad tulemust<\/h2>\n<p>Kui valid rohkem numbreid, suureneb suurim v\u00f5it, mida v\u00f5id v\u00f5ita, kuid su v\u00f5imalused neid k\u00f5iki tabada v\u00e4henevad. Seevastu suurem kordaja suurendab v\u00f5idu korral v\u00e4ljamakset, kuid alguses peate panustama rohkem raha. Platinum Keno on nii p\u00f5nev kui ka riskantne, sest peate tasakaalustama riski ja kasumit.<\/p>\n<h2>Parimad kohad Platinum Keno tulemuste leidmiseks<\/h2>\n<p>Niipea kui Platinum Keno algab, on k\u00f5ige uuemad tulemused k\u00e4ttesaadavad RedFoxLotto tulemuste lehel. Sellisel viisil ei pea te rakendusest lahkuma, et j\u00e4lgida varasemaid ja praeguseid loosimisi.<\/p>\n<p>Te saate teha j\u00e4rgmist:<\/p>\n<ul>\n<li>Vaadata iga m\u00e4ngu jaoks valitud numbrite t\u00e4ielikku nimekirja.<\/li>\n<li>Vaadata varasemaid loosimisi, et n\u00e4ha teemasid ja trende.<\/li>\n<li>J\u00e4lgida uudiseid, ilma et peaksite mujalt otsima.<\/li>\n<\/ul>\n<h2>Kuidas teada saada, kas te v\u00f5itsite<\/h2>\n<p>Enam pole vaja paberilipikuid \u2013 Platinum Keno on ainult arvutim\u00e4ng. Teie numbrid salvestatakse RedFoxLotto kontosse kohe p\u00e4rast iga m\u00e4ngu. Saate tulemusi vaadata kohe p\u00e4rast iga loosimist:<\/p>\n<p>Kl\u00f5psake \u201eMinu piletid\u201d \u2013 selles osas on loetletud k\u00f5ik teie ostetud piletid.<\/p>\n<p>V\u00f5rrelge oma numbreid tulemustega: kui teie numbrid on samad, mis v\u00f5iduloosimisel valitud numbrid, kuvab s\u00fcsteem teile kohe need kokkulangevused.<\/p>\n<p>Niipea kui olete v\u00f5itnud, kuvatakse teile v\u00f5idusumma, mille saate. V\u00e4iksemad v\u00f5idud kantakse otse teie kontole, suuremad v\u00f5idud v\u00f5ivad enne \u00fclekandmist l\u00e4bida kontrolli.<\/p>\n<h2>Sissemaksete tegemine ja m\u00e4ngimine<\/h2>\n<p>Platinum Keno m\u00e4ngimiseks peab teie RedFoxLotto kontol olema raha. Sissemakse tegemine on lihtne ja turvaline ning kui summa on lisatud, saate seda kohe piletite ostmiseks kasutada.<\/p>\n<h2>Miks v\u00f5ite tulemustele usaldada<\/h2>\n<p>K\u00f5ik Platinum Keno auhinnad on kindlustatud, nii et saate oma raha tagasi, olenemata sellest, kas v\u00f5idate 5 eurot v\u00f5i 500 000 eurot. RedFoxLotto tagab, et teile makstakse v\u00e4lja, ja RNG tagab, et k\u00f5ik on aus.<\/p>\n<h2>Kokkuv\u00f5te<\/h2>\n<p>See on nagu segu vanamoodsast numbrite loosimisest ja arvutim\u00e4ngude lihtsusest. Kuigi l\u00f5plikud tulemused pole veel selgunud, v\u00f5ivad m\u00e4ngijad oodata j\u00e4rgmist:<\/p>\n<ul>\n<li>RNG poolt kinnitatud ausad loosimised.<\/li>\n<li>M\u00e4ng kulgeb kiiresti ja tulemused saate iga paari minuti tagant.<\/li>\n<li>RedFoxLotto teeb tulemuste leidmise lihtsaks.<\/li>\n<li>Teie konto j\u00e4lgib automaatselt v\u00f5ite.<\/li>\n<li>Kui m\u00e4ng on alanud, peate p\u00e4rast loosimist vaid tagasi tulema, et vaadata, kas v\u00f5itsite.<\/li>\n<\/ul>\n","protected":false},"excerpt":{"rendered":"<p>Kuidas valitakse v\u00f5iduv\u00f5imalused ja kust leida Platinum Keno tulemused Platinum Keno on saamas \u00fcheks populaarsemaks loteriilaadseks m\u00e4nguks. Varsti saavad m\u00e4ngijad nautida traditsioonilise Keno k\u00f5iki r\u00f5\u00f5me oma ekraani mugavusest, t\u00e4nu kiiretele loosimistele, selgetele reeglitele ja lihtsale online-m\u00e4ngimisele. Hetkel pole veel live-tulemusi, kuid siin on teave numbrite valimise kohta, kust neid leida ja kuidas m\u00e4ngu alguses oma [&hellip;]<\/p>\n","protected":false},"author":8,"featured_media":0,"parent":84386,"menu_order":41,"comment_status":"closed","ping_status":"closed","template":"","meta":{"_et_pb_use_builder":"","_et_pb_old_content":"","_et_gb_content_width":"","exclude_from_search":false,"footnotes":""},"class_list":["post-102054","page","type-page","status-publish","hentry"],"yoast_head":"<!-- This site is optimized with the Yoast SEO plugin v23.8 - https:\/\/yoast.com\/wordpress\/plugins\/seo\/ -->\n<title>Keno loterii tulemused selle iga p\u00e4ev toimuva 5 miljoni euro suuruse online-keno loosimise kohta<\/title>\n<meta name=\"description\" content=\"See keno loterii loositakse iga p\u00e4ev 5 miljoni euro suuruse peaauhinna eest \u2013 vaadake siit meie keno loosimiste tulemusi. Meil on 5 miljoni euro ja 10 miljoni euro suurune keno m\u00e4ng\" \/>\n<meta name=\"robots\" content=\"index, follow, max-snippet:-1, max-image-preview:large, max-video-preview:-1\" \/>\n<link rel=\"canonical\" href=\"https:\/\/redfoxlotto.com\/et\/keno\/platinum-keno-voidunumbrid\/\" \/>\n<meta property=\"og:locale\" content=\"et_EE\" \/>\n<meta property=\"og:type\" content=\"article\" \/>\n<meta property=\"og:title\" content=\"Keno loterii tulemused selle iga p\u00e4ev toimuva 5 miljoni euro suuruse online-keno loosimise kohta\" \/>\n<meta property=\"og:description\" content=\"See keno loterii loositakse iga p\u00e4ev 5 miljoni euro suuruse peaauhinna eest \u2013 vaadake siit meie keno loosimiste tulemusi. Meil on 5 miljoni euro ja 10 miljoni euro suurune keno m\u00e4ng\" \/>\n<meta property=\"og:url\" content=\"https:\/\/redfoxlotto.com\/et\/keno\/platinum-keno-voidunumbrid\/\" \/>\n<meta property=\"og:site_name\" content=\"Get Tickets for the World\u2019s largest jackpots\" \/>\n<meta property=\"article:modified_time\" content=\"2026-01-10T05:49:32+00:00\" \/>\n<meta property=\"og:image\" content=\"https:\/\/redfoxlotto.com\/wp-content\/uploads\/2025\/03\/keno_card-300x300.jpg\" \/>\n<meta name=\"twitter:card\" content=\"summary_large_image\" \/>\n<meta name=\"twitter:label1\" content=\"Est. reading time\" \/>\n\t<meta name=\"twitter:data1\" content=\"3 minutit\" \/>\n<script type=\"application\/ld+json\" class=\"yoast-schema-graph\">{\"@context\":\"https:\/\/schema.org\",\"@graph\":[{\"@type\":\"WebPage\",\"@id\":\"https:\/\/redfoxlotto.com\/et\/keno\/platinum-keno-voidunumbrid\/\",\"url\":\"https:\/\/redfoxlotto.com\/et\/keno\/platinum-keno-voidunumbrid\/\",\"name\":\"Keno loterii tulemused selle iga p\u00e4ev toimuva 5 miljoni euro suuruse online-keno loosimise kohta\",\"isPartOf\":{\"@id\":\"https:\/\/redfoxlotto.com\/et\/#website\"},\"primaryImageOfPage\":{\"@id\":\"https:\/\/redfoxlotto.com\/et\/keno\/platinum-keno-voidunumbrid\/#primaryimage\"},\"image\":{\"@id\":\"https:\/\/redfoxlotto.com\/et\/keno\/platinum-keno-voidunumbrid\/#primaryimage\"},\"thumbnailUrl\":\"https:\/\/redfoxlotto.com\/wp-content\/uploads\/2025\/03\/keno_card-300x300.jpg\",\"datePublished\":\"2025-05-22T08:53:38+00:00\",\"dateModified\":\"2026-01-10T05:49:32+00:00\",\"description\":\"See keno loterii loositakse iga p\u00e4ev 5 miljoni euro suuruse peaauhinna eest \u2013 vaadake siit meie keno loosimiste tulemusi. Meil on 5 miljoni euro ja 10 miljoni euro suurune keno m\u00e4ng\",\"breadcrumb\":{\"@id\":\"https:\/\/redfoxlotto.com\/et\/keno\/platinum-keno-voidunumbrid\/#breadcrumb\"},\"inLanguage\":\"et\",\"potentialAction\":[{\"@type\":\"ReadAction\",\"target\":[\"https:\/\/redfoxlotto.com\/et\/keno\/platinum-keno-voidunumbrid\/\"]}]},{\"@type\":\"ImageObject\",\"inLanguage\":\"et\",\"@id\":\"https:\/\/redfoxlotto.com\/et\/keno\/platinum-keno-voidunumbrid\/#primaryimage\",\"url\":\"https:\/\/redfoxlotto.com\/wp-content\/uploads\/2025\/03\/keno_card-300x300.jpg\",\"contentUrl\":\"https:\/\/redfoxlotto.com\/wp-content\/uploads\/2025\/03\/keno_card-300x300.jpg\"},{\"@type\":\"BreadcrumbList\",\"@id\":\"https:\/\/redfoxlotto.com\/et\/keno\/platinum-keno-voidunumbrid\/#breadcrumb\",\"itemListElement\":[{\"@type\":\"ListItem\",\"position\":1,\"name\":\"Home\",\"item\":\"https:\/\/redfoxlotto.com\/et\/\"},{\"@type\":\"ListItem\",\"position\":2,\"name\":\"Keno\",\"item\":\"https:\/\/redfoxlotto.com\/et\/keno\/\"},{\"@type\":\"ListItem\",\"position\":3,\"name\":\"Platinum Keno v\u00f5idunumbrid\"}]},{\"@type\":\"WebSite\",\"@id\":\"https:\/\/redfoxlotto.com\/et\/#website\",\"url\":\"https:\/\/redfoxlotto.com\/et\/\",\"name\":\"Get Tickets for the World\u2019s largest jackpots\",\"description\":\"Participate in worldwide lottery jackpots from any country\",\"publisher\":{\"@id\":\"https:\/\/redfoxlotto.com\/et\/#organization\"},\"potentialAction\":[{\"@type\":\"SearchAction\",\"target\":{\"@type\":\"EntryPoint\",\"urlTemplate\":\"https:\/\/redfoxlotto.com\/et\/?s={search_term_string}\"},\"query-input\":{\"@type\":\"PropertyValueSpecification\",\"valueRequired\":true,\"valueName\":\"search_term_string\"}}],\"inLanguage\":\"et\"},{\"@type\":\"Organization\",\"@id\":\"https:\/\/redfoxlotto.com\/et\/#organization\",\"name\":\"Get Tickets for the World\u2019s largest jackpots\",\"url\":\"https:\/\/redfoxlotto.com\/et\/\",\"logo\":{\"@type\":\"ImageObject\",\"inLanguage\":\"et\",\"@id\":\"https:\/\/redfoxlotto.com\/et\/#\/schema\/logo\/image\/\",\"url\":\"https:\/\/redfoxlotto.com\/wp-content\/uploads\/2023\/04\/logo.png\",\"contentUrl\":\"https:\/\/redfoxlotto.com\/wp-content\/uploads\/2023\/04\/logo.png\",\"width\":269,\"height\":53,\"caption\":\"Get Tickets for the World\u2019s largest jackpots\"},\"image\":{\"@id\":\"https:\/\/redfoxlotto.com\/et\/#\/schema\/logo\/image\/\"}}]}<\/script>\n<!-- \/ Yoast SEO plugin. -->","yoast_head_json":{"title":"Keno loterii tulemused selle iga p\u00e4ev toimuva 5 miljoni euro suuruse online-keno loosimise kohta","description":"See keno loterii loositakse iga p\u00e4ev 5 miljoni euro suuruse peaauhinna eest \u2013 vaadake siit meie keno loosimiste tulemusi. Meil on 5 miljoni euro ja 10 miljoni euro suurune keno m\u00e4ng","robots":{"index":"index","follow":"follow","max-snippet":"max-snippet:-1","max-image-preview":"max-image-preview:large","max-video-preview":"max-video-preview:-1"},"canonical":"https:\/\/redfoxlotto.com\/et\/keno\/platinum-keno-voidunumbrid\/","og_locale":"et_EE","og_type":"article","og_title":"Keno loterii tulemused selle iga p\u00e4ev toimuva 5 miljoni euro suuruse online-keno loosimise kohta","og_description":"See keno loterii loositakse iga p\u00e4ev 5 miljoni euro suuruse peaauhinna eest \u2013 vaadake siit meie keno loosimiste tulemusi. Meil on 5 miljoni euro ja 10 miljoni euro suurune keno m\u00e4ng","og_url":"https:\/\/redfoxlotto.com\/et\/keno\/platinum-keno-voidunumbrid\/","og_site_name":"Get Tickets for the World\u2019s largest jackpots","article_modified_time":"2026-01-10T05:49:32+00:00","og_image":[{"url":"https:\/\/redfoxlotto.com\/wp-content\/uploads\/2025\/03\/keno_card-300x300.jpg"}],"twitter_card":"summary_large_image","twitter_misc":{"Est. reading time":"3 minutit"},"schema":{"@context":"https:\/\/schema.org","@graph":[{"@type":"WebPage","@id":"https:\/\/redfoxlotto.com\/et\/keno\/platinum-keno-voidunumbrid\/","url":"https:\/\/redfoxlotto.com\/et\/keno\/platinum-keno-voidunumbrid\/","name":"Keno loterii tulemused selle iga p\u00e4ev toimuva 5 miljoni euro suuruse online-keno loosimise kohta","isPartOf":{"@id":"https:\/\/redfoxlotto.com\/et\/#website"},"primaryImageOfPage":{"@id":"https:\/\/redfoxlotto.com\/et\/keno\/platinum-keno-voidunumbrid\/#primaryimage"},"image":{"@id":"https:\/\/redfoxlotto.com\/et\/keno\/platinum-keno-voidunumbrid\/#primaryimage"},"thumbnailUrl":"https:\/\/redfoxlotto.com\/wp-content\/uploads\/2025\/03\/keno_card-300x300.jpg","datePublished":"2025-05-22T08:53:38+00:00","dateModified":"2026-01-10T05:49:32+00:00","description":"See keno loterii loositakse iga p\u00e4ev 5 miljoni euro suuruse peaauhinna eest \u2013 vaadake siit meie keno loosimiste tulemusi. Meil on 5 miljoni euro ja 10 miljoni euro suurune keno m\u00e4ng","breadcrumb":{"@id":"https:\/\/redfoxlotto.com\/et\/keno\/platinum-keno-voidunumbrid\/#breadcrumb"},"inLanguage":"et","potentialAction":[{"@type":"ReadAction","target":["https:\/\/redfoxlotto.com\/et\/keno\/platinum-keno-voidunumbrid\/"]}]},{"@type":"ImageObject","inLanguage":"et","@id":"https:\/\/redfoxlotto.com\/et\/keno\/platinum-keno-voidunumbrid\/#primaryimage","url":"https:\/\/redfoxlotto.com\/wp-content\/uploads\/2025\/03\/keno_card-300x300.jpg","contentUrl":"https:\/\/redfoxlotto.com\/wp-content\/uploads\/2025\/03\/keno_card-300x300.jpg"},{"@type":"BreadcrumbList","@id":"https:\/\/redfoxlotto.com\/et\/keno\/platinum-keno-voidunumbrid\/#breadcrumb","itemListElement":[{"@type":"ListItem","position":1,"name":"Home","item":"https:\/\/redfoxlotto.com\/et\/"},{"@type":"ListItem","position":2,"name":"Keno","item":"https:\/\/redfoxlotto.com\/et\/keno\/"},{"@type":"ListItem","position":3,"name":"Platinum Keno v\u00f5idunumbrid"}]},{"@type":"WebSite","@id":"https:\/\/redfoxlotto.com\/et\/#website","url":"https:\/\/redfoxlotto.com\/et\/","name":"Get Tickets for the World\u2019s largest jackpots","description":"Participate in worldwide lottery jackpots from any country","publisher":{"@id":"https:\/\/redfoxlotto.com\/et\/#organization"},"potentialAction":[{"@type":"SearchAction","target":{"@type":"EntryPoint","urlTemplate":"https:\/\/redfoxlotto.com\/et\/?s={search_term_string}"},"query-input":{"@type":"PropertyValueSpecification","valueRequired":true,"valueName":"search_term_string"}}],"inLanguage":"et"},{"@type":"Organization","@id":"https:\/\/redfoxlotto.com\/et\/#organization","name":"Get Tickets for the World\u2019s largest jackpots","url":"https:\/\/redfoxlotto.com\/et\/","logo":{"@type":"ImageObject","inLanguage":"et","@id":"https:\/\/redfoxlotto.com\/et\/#\/schema\/logo\/image\/","url":"https:\/\/redfoxlotto.com\/wp-content\/uploads\/2023\/04\/logo.png","contentUrl":"https:\/\/redfoxlotto.com\/wp-content\/uploads\/2023\/04\/logo.png","width":269,"height":53,"caption":"Get Tickets for the World\u2019s largest jackpots"},"image":{"@id":"https:\/\/redfoxlotto.com\/et\/#\/schema\/logo\/image\/"}}]}},"_links":{"self":[{"href":"https:\/\/redfoxlotto.com\/et\/wp-json\/wp\/v2\/pages\/102054","targetHints":{"allow":["GET"]}}],"collection":[{"href":"https:\/\/redfoxlotto.com\/et\/wp-json\/wp\/v2\/pages"}],"about":[{"href":"https:\/\/redfoxlotto.com\/et\/wp-json\/wp\/v2\/types\/page"}],"author":[{"embeddable":true,"href":"https:\/\/redfoxlotto.com\/et\/wp-json\/wp\/v2\/users\/8"}],"replies":[{"embeddable":true,"href":"https:\/\/redfoxlotto.com\/et\/wp-json\/wp\/v2\/comments?post=102054"}],"version-history":[{"count":0,"href":"https:\/\/redfoxlotto.com\/et\/wp-json\/wp\/v2\/pages\/102054\/revisions"}],"up":[{"embeddable":true,"href":"https:\/\/redfoxlotto.com\/et\/wp-json\/wp\/v2\/pages\/84386"}],"wp:attachment":[{"href":"https:\/\/redfoxlotto.com\/et\/wp-json\/wp\/v2\/media?parent=102054"}],"curies":[{"name":"wp","href":"https:\/\/api.w.org\/{rel}","templated":true}]}}