{"id":87679,"date":"2025-05-19T09:08:38","date_gmt":"2025-05-19T09:08:38","guid":{"rendered":"https:\/\/redfoxlotto.com\/?page_id=87679"},"modified":"2025-05-28T07:15:26","modified_gmt":"2025-05-28T07:15:26","slug":"euromillones-eu","status":"publish","type":"page","link":"https:\/\/redfoxlotto.com\/es\/loterias\/euromillones-eu\/","title":{"rendered":"Acerca de Euromillones UE"},"content":{"rendered":"<p data-start=\"82\" data-end=\"668\">EuroMillions EU es una de las loter\u00edas m\u00e1s grandes y populares de Europa, que atrae cada semana a millones de participantes con la posibilidad de ganar botes que pueden cambiar la vida. Esta loter\u00eda, oficialmente conocida como la versi\u00f3n de la Uni\u00f3n Europea de EuroMillions, goza de gran popularidad en pa\u00edses como Francia, Espa\u00f1a, Austria, B\u00e9lgica, Irlanda, Luxemburgo, Portugal y Suiza. El primer sorteo tuvo lugar el 13 de febrero de 2004, comenzando \u00fanicamente en Francia, Espa\u00f1a y el Reino Unido, y expandi\u00e9ndose r\u00e1pidamente a otros pa\u00edses europeos en octubre de ese mismo a\u00f1o.<\/p>\n<p><img loading=\"lazy\" decoding=\"async\" class=\"size-full wp-image-48546 alignright\" src=\"https:\/\/redfoxlotto.com\/wp-content\/uploads\/2023\/04\/powerball-draw-youtube1-300x300-1.jpg\" alt=\"euromillions\" width=\"300\" height=\"300\" srcset=\"https:\/\/redfoxlotto.com\/wp-content\/uploads\/2023\/04\/powerball-draw-youtube1-300x300-1.jpg 300w, https:\/\/redfoxlotto.com\/wp-content\/uploads\/2023\/04\/powerball-draw-youtube1-300x300-1-100x100.jpg 100w, https:\/\/redfoxlotto.com\/wp-content\/uploads\/2023\/04\/powerball-draw-youtube1-300x300-1-150x150.jpg 150w\" sizes=\"auto, (max-width: 300px) 100vw, 300px\" \/><\/p>\n<p data-start=\"670\" data-end=\"1017\">Cada pa\u00eds participante cuenta con su propio organismo nacional de loter\u00edas, encargado de la venta de boletos, el pago de premios y la atenci\u00f3n al jugador. A pesar de esta descentralizaci\u00f3n, todos los pa\u00edses siguen un conjunto uniforme de normas, niveles de premios y horarios de sorteos, garantizando as\u00ed la equidad y la coherencia en toda la red.<\/p>\n<p data-start=\"1019\" data-end=\"1449\">Los sorteos de EuroMillions EU se celebran dos veces por semana, los martes y los viernes por la noche. La loter\u00eda emplea un formato de doble matriz: los jugadores eligen cinco n\u00fameros del 1 al 50 y dos \u00abEstrellas de la Suerte\u00bb del 1 al 12. Para ganar el bote, es necesario acertar los siete n\u00fameros. No obstante, existen numerosos premios secundarios, que ofrecen oportunidades adicionales para obtener recompensas considerables.<\/p>\n<p data-start=\"1451\" data-end=\"1960\">Una diferencia clave entre la versi\u00f3n de EuroMillions EU y la versi\u00f3n del Reino Unido es un juego complementario exclusivo del Reino Unido llamado <strong data-start=\"1598\" data-end=\"1619\">Millionaire Maker<\/strong>. Este sorteo adicional garantiza que en cada sorteo haya al menos un ganador brit\u00e1nico que se convierta en millonario. Debido a esta funci\u00f3n especial, los boletos en el Reino Unido son significativamente m\u00e1s caros que en el resto de Europa. Los interesados pueden encontrar m\u00e1s informaci\u00f3n sobre esta versi\u00f3n en el sitio web de RedFoxLotto.<\/p>\n<p data-start=\"1962\" data-end=\"2421\">Para los jugadores que residen fuera de los pa\u00edses participantes o fuera de la Uni\u00f3n Europea, jugar a EuroMillions EU puede parecer inalcanzable. Sin embargo, los servicios internacionales de mensajer\u00eda de loter\u00eda han facilitado el acceso. En concreto, los boletos de EuroMillions EU comprados por jugadores extranjeros suelen adquirirse en Austria, cuyo sistema organizado de loter\u00edas permite a personas de todo el mundo participar legalmente en los sorteos.<\/p>\n<p data-start=\"2423\" data-end=\"2843\">En cuanto a los premios, EuroMillions EU ofrece botes m\u00ednimos y m\u00e1ximos muy atractivos con el objetivo de mantener el inter\u00e9s y la emoci\u00f3n entre los jugadores. <strong data-start=\"2583\" data-end=\"2640\">El bote m\u00ednimo garantizado es de 17 millones de euros<\/strong>, una cantidad lo suficientemente elevada como para transformar la vida de cualquiera. A lo largo del tiempo, el tope del bote se ha ido incrementando y actualmente se sit\u00faa en <strong data-start=\"2817\" data-end=\"2842\">250 millones de euros<\/strong>.<\/p>\n<p data-start=\"2845\" data-end=\"3147\">Cuando el bote alcanza los <strong data-start=\"2872\" data-end=\"2897\">200 millones de euros<\/strong>, se activan reglas especiales. El premio puede mantenerse en ese nivel o superior durante un m\u00e1ximo de cuatro sorteos consecutivos. Si nadie lo gana durante ese periodo, el importe total se reparte entre los ganadores del siguiente nivel de premios.<\/p>\n<p data-start=\"3149\" data-end=\"3470\">Una vez que se alcanza el tope de <strong data-start=\"3183\" data-end=\"3208\">250 millones de euros<\/strong>, las mismas reglas se aplican de nuevo. Si tras cuatro sorteos consecutivos el bote no es reclamado, en el quinto sorteo el importe total se distribuye entre los ganadores del segundo nivel, generando potencialmente m\u00faltiples nuevos millonarios de una sola vez.<\/p>\n<p data-start=\"3472\" data-end=\"3796\">Estas mec\u00e1nicas de \u00abroll-down\u00bb a\u00f1aden una dimensi\u00f3n estrat\u00e9gica y emocionante al juego. Cuando el bote se aproxima a su l\u00edmite m\u00e1ximo, las ventas de boletos se disparan debido al entusiasmo de los jugadores. Las grandes cifras tambi\u00e9n atraen considerable atenci\u00f3n medi\u00e1tica, lo que aumenta a\u00fan m\u00e1s la popularidad del sorteo.<\/p>\n<p data-start=\"3798\" data-end=\"4071\">A lo largo de su historia, EuroMillions ha producido numerosos ganadores destacados en toda Europa, transformando la vida de personas comunes en cuesti\u00f3n de minutos. Austria, en particular, se destaca por tener una base s\u00f3lida de jugadores y un notable n\u00famero de ganadores.<\/p>\n<p data-start=\"4073\" data-end=\"4429\">La facilidad de participaci\u00f3n global, la estructura transparente del juego y el enorme potencial de premios hacen que EuroMillions EU sea muy atractivo para jugadores de todo el mundo. Su presencia en pa\u00edses clave de Europa asegura una base de jugadores culturalmente diversa, mientras que los enormes botes atraen constantemente la atenci\u00f3n internacional.<\/p>\n<p data-start=\"4431\" data-end=\"4772\">Los participantes fuera de Europa pueden jugar de manera segura y legal gracias a servicios de mensajer\u00eda de loter\u00eda de confianza que compran boletos f\u00edsicos en Austria, los escanean, los cargan en las cuentas de los usuarios y transfieren directamente los premios, facilitando la participaci\u00f3n independientemente de la ubicaci\u00f3n geogr\u00e1fica.<\/p>\n<p data-start=\"4774\" data-end=\"5223\"><strong data-start=\"4774\" data-end=\"4788\">En resumen<\/strong>, EuroMillions EU, con su estructura s\u00f3lida, reglas claramente definidas y generosos botes, representa una excelente opci\u00f3n para los aficionados a la loter\u00eda de todo el mundo. Su premio garantizado de <strong data-start=\"4989\" data-end=\"5013\">17 millones de euros<\/strong>, un tope m\u00e1ximo de <strong data-start=\"5033\" data-end=\"5058\">250 millones de euros<\/strong> y sus emocionantes mecanismos de redistribuci\u00f3n lo convierten en una fuente constante de emoci\u00f3n, suspense y premios millonarios tanto en Europa como fuera de ella.<\/p>\n","protected":false},"excerpt":{"rendered":"<p>EuroMillions EU es una de las loter\u00edas m\u00e1s grandes y populares de Europa, que atrae cada semana a millones de participantes con la posibilidad de ganar botes que pueden cambiar la vida. Esta loter\u00eda, oficialmente conocida como la versi\u00f3n de la Uni\u00f3n Europea de EuroMillions, goza de gran popularidad en pa\u00edses como Francia, Espa\u00f1a, Austria, [&hellip;]<\/p>\n","protected":false},"author":8,"featured_media":0,"parent":219,"menu_order":4,"comment_status":"closed","ping_status":"closed","template":"euromillions-at-info.php","meta":{"_et_pb_use_builder":"","_et_pb_old_content":"","_et_gb_content_width":"","exclude_from_search":false,"footnotes":""},"class_list":["post-87679","page","type-page","status-publish","hentry"],"yoast_head":"<!-- This site is optimized with the Yoast SEO plugin v23.8 - https:\/\/yoast.com\/wordpress\/plugins\/seo\/ -->\n<title>Compre boletos de Euromillones en l\u00ednea desde fuera de la UE<\/title>\n<meta name=\"description\" content=\"C\u00f3mo comprar boletos de Euromillones en l\u00ednea, para el Reino Unido y la versi\u00f3n de la UE de Euromillones. Consiga boletos desde cualquier lugar, incluso desde fuera de la UE.\" \/>\n<meta name=\"robots\" content=\"index, follow, max-snippet:-1, max-image-preview:large, max-video-preview:-1\" \/>\n<link rel=\"canonical\" href=\"https:\/\/redfoxlotto.com\/es\/loterias\/euromillones-eu\/\" \/>\n<meta property=\"og:locale\" content=\"es_ES\" \/>\n<meta property=\"og:type\" content=\"article\" \/>\n<meta property=\"og:title\" content=\"Compre boletos de Euromillones en l\u00ednea desde fuera de la UE\" \/>\n<meta property=\"og:description\" content=\"C\u00f3mo comprar boletos de Euromillones en l\u00ednea, para el Reino Unido y la versi\u00f3n de la UE de Euromillones. Consiga boletos desde cualquier lugar, incluso desde fuera de la UE.\" \/>\n<meta property=\"og:url\" content=\"https:\/\/redfoxlotto.com\/es\/loterias\/euromillones-eu\/\" \/>\n<meta property=\"og:site_name\" content=\"Get Tickets for the World\u2019s largest jackpots\" \/>\n<meta property=\"article:modified_time\" content=\"2025-05-28T07:15:26+00:00\" \/>\n<meta property=\"og:image\" content=\"https:\/\/redfoxlotto.com\/wp-content\/uploads\/2023\/04\/powerball-draw-youtube1-300x300-1.jpg\" \/>\n<meta name=\"twitter:card\" content=\"summary_large_image\" \/>\n<meta name=\"twitter:label1\" content=\"Tiempo de lectura\" \/>\n\t<meta name=\"twitter:data1\" content=\"4 minutos\" \/>\n<script type=\"application\/ld+json\" class=\"yoast-schema-graph\">{\"@context\":\"https:\/\/schema.org\",\"@graph\":[{\"@type\":\"WebPage\",\"@id\":\"https:\/\/redfoxlotto.com\/es\/loterias\/euromillones-eu\/\",\"url\":\"https:\/\/redfoxlotto.com\/es\/loterias\/euromillones-eu\/\",\"name\":\"Compre boletos de Euromillones en l\u00ednea desde fuera de la UE\",\"isPartOf\":{\"@id\":\"https:\/\/redfoxlotto.com\/es\/#website\"},\"primaryImageOfPage\":{\"@id\":\"https:\/\/redfoxlotto.com\/es\/loterias\/euromillones-eu\/#primaryimage\"},\"image\":{\"@id\":\"https:\/\/redfoxlotto.com\/es\/loterias\/euromillones-eu\/#primaryimage\"},\"thumbnailUrl\":\"https:\/\/redfoxlotto.com\/wp-content\/uploads\/2023\/04\/powerball-draw-youtube1-300x300-1.jpg\",\"datePublished\":\"2025-05-19T09:08:38+00:00\",\"dateModified\":\"2025-05-28T07:15:26+00:00\",\"description\":\"C\u00f3mo comprar boletos de Euromillones en l\u00ednea, para el Reino Unido y la versi\u00f3n de la UE de Euromillones. Consiga boletos desde cualquier lugar, incluso desde fuera de la UE.\",\"breadcrumb\":{\"@id\":\"https:\/\/redfoxlotto.com\/es\/loterias\/euromillones-eu\/#breadcrumb\"},\"inLanguage\":\"es\",\"potentialAction\":[{\"@type\":\"ReadAction\",\"target\":[\"https:\/\/redfoxlotto.com\/es\/loterias\/euromillones-eu\/\"]}]},{\"@type\":\"ImageObject\",\"inLanguage\":\"es\",\"@id\":\"https:\/\/redfoxlotto.com\/es\/loterias\/euromillones-eu\/#primaryimage\",\"url\":\"https:\/\/redfoxlotto.com\/wp-content\/uploads\/2023\/04\/powerball-draw-youtube1-300x300-1.jpg\",\"contentUrl\":\"https:\/\/redfoxlotto.com\/wp-content\/uploads\/2023\/04\/powerball-draw-youtube1-300x300-1.jpg\"},{\"@type\":\"BreadcrumbList\",\"@id\":\"https:\/\/redfoxlotto.com\/es\/loterias\/euromillones-eu\/#breadcrumb\",\"itemListElement\":[{\"@type\":\"ListItem\",\"position\":1,\"name\":\"Home\",\"item\":\"https:\/\/redfoxlotto.com\/es\/\"},{\"@type\":\"ListItem\",\"position\":2,\"name\":\"Loter\u00edas mundiales\",\"item\":\"https:\/\/redfoxlotto.com\/es\/loterias\/\"},{\"@type\":\"ListItem\",\"position\":3,\"name\":\"Acerca de Euromillones UE\"}]},{\"@type\":\"WebSite\",\"@id\":\"https:\/\/redfoxlotto.com\/es\/#website\",\"url\":\"https:\/\/redfoxlotto.com\/es\/\",\"name\":\"Get Tickets for the World\u2019s largest jackpots\",\"description\":\"Participate in worldwide lottery jackpots from any country\",\"publisher\":{\"@id\":\"https:\/\/redfoxlotto.com\/es\/#organization\"},\"potentialAction\":[{\"@type\":\"SearchAction\",\"target\":{\"@type\":\"EntryPoint\",\"urlTemplate\":\"https:\/\/redfoxlotto.com\/es\/?s={search_term_string}\"},\"query-input\":{\"@type\":\"PropertyValueSpecification\",\"valueRequired\":true,\"valueName\":\"search_term_string\"}}],\"inLanguage\":\"es\"},{\"@type\":\"Organization\",\"@id\":\"https:\/\/redfoxlotto.com\/es\/#organization\",\"name\":\"Get Tickets for the World\u2019s largest jackpots\",\"url\":\"https:\/\/redfoxlotto.com\/es\/\",\"logo\":{\"@type\":\"ImageObject\",\"inLanguage\":\"es\",\"@id\":\"https:\/\/redfoxlotto.com\/es\/#\/schema\/logo\/image\/\",\"url\":\"https:\/\/redfoxlotto.com\/wp-content\/uploads\/2023\/04\/logo.png\",\"contentUrl\":\"https:\/\/redfoxlotto.com\/wp-content\/uploads\/2023\/04\/logo.png\",\"width\":269,\"height\":53,\"caption\":\"Get Tickets for the World\u2019s largest jackpots\"},\"image\":{\"@id\":\"https:\/\/redfoxlotto.com\/es\/#\/schema\/logo\/image\/\"}}]}<\/script>\n<!-- \/ Yoast SEO plugin. -->","yoast_head_json":{"title":"Compre boletos de Euromillones en l\u00ednea desde fuera de la UE","description":"C\u00f3mo comprar boletos de Euromillones en l\u00ednea, para el Reino Unido y la versi\u00f3n de la UE de Euromillones. Consiga boletos desde cualquier lugar, incluso desde fuera de la UE.","robots":{"index":"index","follow":"follow","max-snippet":"max-snippet:-1","max-image-preview":"max-image-preview:large","max-video-preview":"max-video-preview:-1"},"canonical":"https:\/\/redfoxlotto.com\/es\/loterias\/euromillones-eu\/","og_locale":"es_ES","og_type":"article","og_title":"Compre boletos de Euromillones en l\u00ednea desde fuera de la UE","og_description":"C\u00f3mo comprar boletos de Euromillones en l\u00ednea, para el Reino Unido y la versi\u00f3n de la UE de Euromillones. Consiga boletos desde cualquier lugar, incluso desde fuera de la UE.","og_url":"https:\/\/redfoxlotto.com\/es\/loterias\/euromillones-eu\/","og_site_name":"Get Tickets for the World\u2019s largest jackpots","article_modified_time":"2025-05-28T07:15:26+00:00","og_image":[{"url":"https:\/\/redfoxlotto.com\/wp-content\/uploads\/2023\/04\/powerball-draw-youtube1-300x300-1.jpg"}],"twitter_card":"summary_large_image","twitter_misc":{"Tiempo de lectura":"4 minutos"},"schema":{"@context":"https:\/\/schema.org","@graph":[{"@type":"WebPage","@id":"https:\/\/redfoxlotto.com\/es\/loterias\/euromillones-eu\/","url":"https:\/\/redfoxlotto.com\/es\/loterias\/euromillones-eu\/","name":"Compre boletos de Euromillones en l\u00ednea desde fuera de la UE","isPartOf":{"@id":"https:\/\/redfoxlotto.com\/es\/#website"},"primaryImageOfPage":{"@id":"https:\/\/redfoxlotto.com\/es\/loterias\/euromillones-eu\/#primaryimage"},"image":{"@id":"https:\/\/redfoxlotto.com\/es\/loterias\/euromillones-eu\/#primaryimage"},"thumbnailUrl":"https:\/\/redfoxlotto.com\/wp-content\/uploads\/2023\/04\/powerball-draw-youtube1-300x300-1.jpg","datePublished":"2025-05-19T09:08:38+00:00","dateModified":"2025-05-28T07:15:26+00:00","description":"C\u00f3mo comprar boletos de Euromillones en l\u00ednea, para el Reino Unido y la versi\u00f3n de la UE de Euromillones. Consiga boletos desde cualquier lugar, incluso desde fuera de la UE.","breadcrumb":{"@id":"https:\/\/redfoxlotto.com\/es\/loterias\/euromillones-eu\/#breadcrumb"},"inLanguage":"es","potentialAction":[{"@type":"ReadAction","target":["https:\/\/redfoxlotto.com\/es\/loterias\/euromillones-eu\/"]}]},{"@type":"ImageObject","inLanguage":"es","@id":"https:\/\/redfoxlotto.com\/es\/loterias\/euromillones-eu\/#primaryimage","url":"https:\/\/redfoxlotto.com\/wp-content\/uploads\/2023\/04\/powerball-draw-youtube1-300x300-1.jpg","contentUrl":"https:\/\/redfoxlotto.com\/wp-content\/uploads\/2023\/04\/powerball-draw-youtube1-300x300-1.jpg"},{"@type":"BreadcrumbList","@id":"https:\/\/redfoxlotto.com\/es\/loterias\/euromillones-eu\/#breadcrumb","itemListElement":[{"@type":"ListItem","position":1,"name":"Home","item":"https:\/\/redfoxlotto.com\/es\/"},{"@type":"ListItem","position":2,"name":"Loter\u00edas mundiales","item":"https:\/\/redfoxlotto.com\/es\/loterias\/"},{"@type":"ListItem","position":3,"name":"Acerca de Euromillones UE"}]},{"@type":"WebSite","@id":"https:\/\/redfoxlotto.com\/es\/#website","url":"https:\/\/redfoxlotto.com\/es\/","name":"Get Tickets for the World\u2019s largest jackpots","description":"Participate in worldwide lottery jackpots from any country","publisher":{"@id":"https:\/\/redfoxlotto.com\/es\/#organization"},"potentialAction":[{"@type":"SearchAction","target":{"@type":"EntryPoint","urlTemplate":"https:\/\/redfoxlotto.com\/es\/?s={search_term_string}"},"query-input":{"@type":"PropertyValueSpecification","valueRequired":true,"valueName":"search_term_string"}}],"inLanguage":"es"},{"@type":"Organization","@id":"https:\/\/redfoxlotto.com\/es\/#organization","name":"Get Tickets for the World\u2019s largest jackpots","url":"https:\/\/redfoxlotto.com\/es\/","logo":{"@type":"ImageObject","inLanguage":"es","@id":"https:\/\/redfoxlotto.com\/es\/#\/schema\/logo\/image\/","url":"https:\/\/redfoxlotto.com\/wp-content\/uploads\/2023\/04\/logo.png","contentUrl":"https:\/\/redfoxlotto.com\/wp-content\/uploads\/2023\/04\/logo.png","width":269,"height":53,"caption":"Get Tickets for the World\u2019s largest jackpots"},"image":{"@id":"https:\/\/redfoxlotto.com\/es\/#\/schema\/logo\/image\/"}}]}},"_links":{"self":[{"href":"https:\/\/redfoxlotto.com\/es\/wp-json\/wp\/v2\/pages\/87679","targetHints":{"allow":["GET"]}}],"collection":[{"href":"https:\/\/redfoxlotto.com\/es\/wp-json\/wp\/v2\/pages"}],"about":[{"href":"https:\/\/redfoxlotto.com\/es\/wp-json\/wp\/v2\/types\/page"}],"author":[{"embeddable":true,"href":"https:\/\/redfoxlotto.com\/es\/wp-json\/wp\/v2\/users\/8"}],"replies":[{"embeddable":true,"href":"https:\/\/redfoxlotto.com\/es\/wp-json\/wp\/v2\/comments?post=87679"}],"version-history":[{"count":0,"href":"https:\/\/redfoxlotto.com\/es\/wp-json\/wp\/v2\/pages\/87679\/revisions"}],"up":[{"embeddable":true,"href":"https:\/\/redfoxlotto.com\/es\/wp-json\/wp\/v2\/pages\/219"}],"wp:attachment":[{"href":"https:\/\/redfoxlotto.com\/es\/wp-json\/wp\/v2\/media?parent=87679"}],"curies":[{"name":"wp","href":"https:\/\/api.w.org\/{rel}","templated":true}]}}