{"id":87616,"date":"2025-05-19T09:07:38","date_gmt":"2025-05-19T09:07:38","guid":{"rendered":"https:\/\/redfoxlotto.com\/?page_id=87616"},"modified":"2025-12-17T07:06:58","modified_gmt":"2025-12-17T07:06:58","slug":"euromillions-eu","status":"publish","type":"page","link":"https:\/\/redfoxlotto.com\/es\/jugar\/euromillions-eu\/","title":{"rendered":"Jugar a Euromillones EU"},"content":{"rendered":"<p><script type=\"application\/ld+json\">\n{\n  \"@context\": \"https:\/\/schema.org\",\n  \"@type\": \"Service\",\n  \"name\": \"Juega Euromillions Online\",\n  \"url\": \"https:\/\/redfoxlotto.com\/es\/jugar\/euromillions\/\",\n  \"description\": \"Juega a la loter\u00eda Euromillions online desde cualquier pa\u00eds. Visita RedFoxLotto, elige tus n\u00fameros y consigue tus boletos.\",\n  \"serviceType\": \"Online lottery ticket messenger service\",\n  \"provider\": {\n    \"@type\": \"Organization\",\n    \"name\": \"RedFoxLotto\",\n    \"url\": \"https:\/\/redfoxlotto.com\/es\/\",\n    \"image\": \"https:\/\/redfoxlotto.com\/wp-content\/uploads\/2025\/12\/ticket_scans.jpg\",\n    \"sameAs\": []\n  },\n  \"areaServed\": \"Worldwide\",\n  \"termsOfService\": \"https:\/\/redfoxlotto.com\/terms-and-conditions\",\n  \"additionalProperty\": {\n    \"@type\": \"PropertyValue\",\n    \"name\": \"FAQ\",\n    \"value\": \"https:\/\/redfoxlotto.com\/es\/faq\/\"\n  },\n  \"hasOfferCatalog\": {\n    \"@type\": \"OfferCatalog\",\n    \"name\": \"Boletos Euromillions\",\n    \"itemListElement\": [\n      {\n        \"@type\": \"Offer\",\n        \"name\": \"Boletos Euromillions\",\n        \"url\": \"https:\/\/redfoxlotto.com\/es\/jugar\/euromillions\/\",\n        \"description\": \"Haz clic aqu\u00ed para seleccionar tus n\u00fameros para el pr\u00f3ximo sorteo de Euromillions \u2013 pide tus boletos online.\",\n        \"price\": \"7.00\",\n        \"priceCurrency\": \"EUR\",\n        \"availability\": \"https:\/\/schema.org\/InStock\",\n        \"itemOffered\": {\n          \"@type\": \"Service\",\n          \"name\": \"Boletos Euromillions\",\n          \"description\": \"Juega en el pr\u00f3ximo sorteo de Euromillions a trav\u00e9s de RedFoxLotto.\"\n        }\n      }\n    ]\n  },\n  \"mainEntityOfPage\": {\n    \"@type\": \"WebPage\",\n    \"@id\": \"https:\/\/redfoxlotto.com\/es\/jugar\/euromillions\/\"\n  }\n}\n<\/script><\/p>\n<p><img loading=\"lazy\" decoding=\"async\" class=\" wp-image-67116 alignleft\" src=\"https:\/\/redfoxlotto.com\/wp-content\/uploads\/2024\/03\/Balls-300x300.png\" alt=\"euromillions austria\" width=\"244\" height=\"244\" \/><\/p>\n<h2 data-start=\"44\" data-end=\"96\">Introducci\u00f3n: \u00bfQu\u00e9 es EuroMillions EU (Austria)?<\/h2>\n<p data-start=\"98\" data-end=\"332\">EuroMillions EU (Austria) es una de las loter\u00edas m\u00e1s populares y lucrativas de Europa. Lanzada en 2004, se juega oficialmente en nueve pa\u00edses europeos: Francia, Espa\u00f1a, Austria, B\u00e9lgica, Irlanda, Luxemburgo, Portugal, Suiza y Andorra.<\/p>\n<p data-start=\"334\" data-end=\"634\">\u00bfY si no vives en Europa ni en un pa\u00eds participante en EuroMillions? \u00bfPuedes a\u00fan as\u00ed participar y tener la oportunidad de ganar un premio que cambie tu vida? La respuesta es s\u00ed: puedes comprar boletos leg\u00edtimos de EuroMillions EU (Austria) desde cualquier parte del mundo a trav\u00e9s de RedFoxLotto.com.<\/p>\n<h2 data-start=\"636\" data-end=\"693\">C\u00f3mo jugar EuroMillions en l\u00ednea desde fuera de la UE<\/h2>\n<p data-start=\"695\" data-end=\"883\">Si tu pa\u00eds no participa oficialmente, no podr\u00e1s comprar boletos localmente. Pero con un servicio de mensajer\u00eda de confianza como RedFoxLotto, puedes hacerlo en l\u00ednea. As\u00ed es como funciona:<\/p>\n<ol data-start=\"885\" data-end=\"1193\">\n<li data-start=\"885\" data-end=\"916\">\n<p data-start=\"888\" data-end=\"916\">Visita <a class=\"\" href=\"http:\/\/www.RedFoxLotto.com\" target=\"_new\" rel=\"noopener\" data-start=\"895\" data-end=\"914\">www.RedFoxLotto.com<\/a><\/p>\n<\/li>\n<li data-start=\"917\" data-end=\"966\">\n<p data-start=\"920\" data-end=\"966\">Elige el sorteo de EuroMillions EU (Austria)<\/p>\n<\/li>\n<li data-start=\"967\" data-end=\"1027\">\n<p data-start=\"970\" data-end=\"1027\">Selecciona tus n\u00fameros o utiliza la opci\u00f3n \u00abQuick Pick\u00bb<\/p>\n<\/li>\n<li data-start=\"1028\" data-end=\"1119\">\n<p data-start=\"1031\" data-end=\"1119\">Finaliza tu pedido \u2013 un agente local en Austria comprar\u00e1 un boleto f\u00edsico en tu nombre<\/p>\n<\/li>\n<li data-start=\"1120\" data-end=\"1193\">\n<p data-start=\"1123\" data-end=\"1193\">Se cargar\u00e1 una copia escaneada del boleto a tu cuenta como comprobante<\/p>\n<\/li>\n<\/ol>\n<p data-start=\"1195\" data-end=\"1350\">Es 100 % legal y garantiza tu participaci\u00f3n en la versi\u00f3n oficial de EuroMillions EU (Austria), sin importar si vives en Asia, \u00c1frica, Am\u00e9rica o Australia.<\/p>\n<h2 data-start=\"1352\" data-end=\"1428\">Diferencias entre EuroMillions EU (Austria) y la versi\u00f3n del Reino Unido<\/h2>\n<p data-start=\"1430\" data-end=\"1581\">Existen dos versiones distintas del juego: EuroMillions EU y EuroMillions UK. Ambas pertenecen a la misma familia, pero tienen diferencias importantes.<\/p>\n<p data-start=\"1583\" data-end=\"1766\">Los boletos del Reino Unido son m\u00e1s caros debido a un juego adicional llamado \u00abMillionaire Maker\u00bb, que garantiza que un jugador del Reino Unido gane 1 mill\u00f3n de libras en cada sorteo.<\/p>\n<p data-start=\"1768\" data-end=\"1906\">La versi\u00f3n brit\u00e1nica tambi\u00e9n tiene una estructura de premios diferente y se ve afectada por los costes regulatorios y las tasas de cambio.<\/p>\n<p data-start=\"1908\" data-end=\"2120\">Si juegas a trav\u00e9s de RedFoxLotto, participas en la versi\u00f3n EU (Austria), no en el sorteo brit\u00e1nico. Esta versi\u00f3n no incluye \u00abMillionaire Maker\u00bb, por lo que los boletos son m\u00e1s baratos y las reglas m\u00e1s sencillas.<\/p>\n<h2 data-start=\"2122\" data-end=\"2156\">\u00bfD\u00f3nde se compran los boletos?<\/h2>\n<p data-start=\"2158\" data-end=\"2343\">Todos los boletos de EuroMillions EU comprados a trav\u00e9s de RedFoxLotto se adquieren f\u00edsicamente en Austria, uno de los pa\u00edses participantes oficiales y con ubicaci\u00f3n c\u00e9ntrica en Europa.<\/p>\n<h2 data-start=\"2345\" data-end=\"2366\">\u00bfPor qu\u00e9 Austria?<\/h2>\n<p data-start=\"2368\" data-end=\"2517\">Austria es miembro de la UE y tiene acceso al sorteo original de EuroMillions EU. Los boletos est\u00e1n sujetos a normas estrictas y transparencia total.<\/p>\n<p data-start=\"2519\" data-end=\"2744\">Adem\u00e1s, actualmente los premios de loter\u00eda en Austria est\u00e1n exentos de impuestos \u2013 una gran ventaja para los jugadores extranjeros. Una vez comprado el boleto, se sube una copia escaneada a tu cuenta como prueba de propiedad.<\/p>\n<h2 data-start=\"2746\" data-end=\"2802\">Informaci\u00f3n sobre el bote: premios m\u00ednimos y m\u00e1ximos<\/h2>\n<p data-start=\"2804\" data-end=\"2921\">Una de las principales razones por las que los jugadores desean jugar EuroMillions en l\u00ednea es por sus enormes botes.<\/p>\n<p data-start=\"2923\" data-end=\"2936\">As\u00ed funciona:<\/p>\n<ul data-start=\"2938\" data-end=\"3023\">\n<li data-start=\"2938\" data-end=\"2975\">\n<p data-start=\"2940\" data-end=\"2975\">Bote m\u00ednimo: 17 millones de euros<\/p>\n<\/li>\n<li data-start=\"2976\" data-end=\"3023\">\n<p data-start=\"2978\" data-end=\"3023\">Bote m\u00e1ximo (l\u00edmite): 250 millones de euros<\/p>\n<\/li>\n<\/ul>\n<p data-start=\"3025\" data-end=\"3110\">Si no hay ganador, el premio se acumula para el siguiente sorteo y crece r\u00e1pidamente.<\/p>\n<h2 data-start=\"3112\" data-end=\"3177\">\u00bfQu\u00e9 ocurre cuando el bote alcanza los 200 millones de euros?<\/h2>\n<p data-start=\"3179\" data-end=\"3221\">Cuando el premio llega a los 200 millones:<\/p>\n<ul data-start=\"3223\" data-end=\"3329\">\n<li data-start=\"3223\" data-end=\"3277\">\n<p data-start=\"3225\" data-end=\"3277\">El bote aumenta en bloques de 10 millones de euros<\/p>\n<\/li>\n<li data-start=\"3278\" data-end=\"3329\">\n<p data-start=\"3280\" data-end=\"3329\">Hasta llegar al l\u00edmite de 250 millones de euros<\/p>\n<\/li>\n<\/ul>\n<h2 data-start=\"3331\" data-end=\"3383\">\u00bfQu\u00e9 pasa al llegar a los 250 millones de euros?<\/h2>\n<p data-start=\"3385\" data-end=\"3571\">Cuando se alcanza este l\u00edmite, el bote puede permanecer as\u00ed durante cuatro sorteos m\u00e1s. Si a\u00fan no hay ganador, el dinero se distribuye entre los ganadores del siguiente nivel de premios.<\/p>\n<p data-start=\"3573\" data-end=\"3705\">Estas reglas hacen que EuroMillions EU (Austria) sea una de las loter\u00edas m\u00e1s emocionantes y favorables para los jugadores del mundo.<\/p>\n<h2 data-start=\"3707\" data-end=\"3759\">Por qu\u00e9 jugar EuroMillions EU (Austria) en l\u00ednea<\/h2>\n<p data-start=\"3761\" data-end=\"3827\">Especialmente si vives fuera de la UE, hay varias razones de peso:<\/p>\n<ul data-start=\"3829\" data-end=\"4104\">\n<li data-start=\"3829\" data-end=\"3906\">\n<p data-start=\"3831\" data-end=\"3906\">Accesibilidad global: cualquier persona puede jugar desde cualquier lugar<\/p>\n<\/li>\n<li data-start=\"3907\" data-end=\"3969\">\n<p data-start=\"3909\" data-end=\"3969\">Comodidad: compra tus boletos en cualquier momento y lugar<\/p>\n<\/li>\n<li data-start=\"3970\" data-end=\"3998\">\n<p data-start=\"3972\" data-end=\"3998\">Prueba digital de compra<\/p>\n<\/li>\n<li data-start=\"3999\" data-end=\"4057\">\n<p data-start=\"4001\" data-end=\"4057\">Ventajas fiscales: en Austria los premios no se gravan<\/p>\n<\/li>\n<li data-start=\"4058\" data-end=\"4104\">\n<p data-start=\"4060\" data-end=\"4104\">Botes enormes: hasta 250 millones de euros<\/p>\n<\/li>\n<\/ul>\n<h2 data-start=\"4106\" data-end=\"4125\">Reflexi\u00f3n final<\/h2>\n<p data-start=\"4127\" data-end=\"4304\">No necesitas vivir en Francia, Espa\u00f1a o Portugal para participar en EuroMillions EU (Austria). En la era de internet, puedes jugar desde fuera de la UE y optar a premios r\u00e9cord.<\/p>\n<p data-start=\"4306\" data-end=\"4543\">Tanto si quieres ser el pr\u00f3ximo millonario de Europa como si simplemente disfrutas del juego, jugar a trav\u00e9s de RedFoxLotto.com es muy f\u00e1cil. Elige tus n\u00fameros de la suerte y participa hoy mismo \u2013 \u00a1el pr\u00f3ximo gran ganador podr\u00edas ser t\u00fa!<\/p>\n","protected":false},"excerpt":{"rendered":"<p>Introducci\u00f3n: \u00bfQu\u00e9 es EuroMillions EU (Austria)? EuroMillions EU (Austria) es una de las loter\u00edas m\u00e1s populares y lucrativas de Europa. Lanzada en 2004, se juega oficialmente en nueve pa\u00edses europeos: Francia, Espa\u00f1a, Austria, B\u00e9lgica, Irlanda, Luxemburgo, Portugal, Suiza y Andorra. \u00bfY si no vives en Europa ni en un pa\u00eds participante en EuroMillions? \u00bfPuedes a\u00fan [&hellip;]<\/p>\n","protected":false},"author":8,"featured_media":0,"parent":237,"menu_order":4,"comment_status":"closed","ping_status":"closed","template":"euromillions-at.php","meta":{"_et_pb_use_builder":"","_et_pb_old_content":"","_et_gb_content_width":"","exclude_from_search":false,"footnotes":""},"class_list":["post-87616","page","type-page","status-publish","hentry"],"yoast_head":"<!-- This site is optimized with the Yoast SEO plugin v23.8 - https:\/\/yoast.com\/wordpress\/plugins\/seo\/ -->\n<title>Juegue a Euromillones en l\u00ednea desde fuera de la UE<\/title>\n<meta name=\"description\" content=\"C\u00f3mo jugar a Euromillones en l\u00ednea desde fuera de la UE, o si su pa\u00eds no participa en Euromillones\" \/>\n<meta name=\"robots\" content=\"index, follow, max-snippet:-1, max-image-preview:large, max-video-preview:-1\" \/>\n<link rel=\"canonical\" href=\"https:\/\/redfoxlotto.com\/es\/jugar\/euromillions-eu\/\" \/>\n<meta property=\"og:locale\" content=\"es_ES\" \/>\n<meta property=\"og:type\" content=\"article\" \/>\n<meta property=\"og:title\" content=\"Juegue a Euromillones en l\u00ednea desde fuera de la UE\" \/>\n<meta property=\"og:description\" content=\"C\u00f3mo jugar a Euromillones en l\u00ednea desde fuera de la UE, o si su pa\u00eds no participa en Euromillones\" \/>\n<meta property=\"og:url\" content=\"https:\/\/redfoxlotto.com\/es\/jugar\/euromillions-eu\/\" \/>\n<meta property=\"og:site_name\" content=\"Get Tickets for the World\u2019s largest jackpots\" \/>\n<meta property=\"article:modified_time\" content=\"2025-12-17T07:06:58+00:00\" \/>\n<meta property=\"og:image\" content=\"https:\/\/redfoxlotto.com\/wp-content\/uploads\/2024\/03\/Balls-300x300.png\" \/>\n<meta name=\"twitter:card\" content=\"summary_large_image\" \/>\n<meta name=\"twitter:label1\" content=\"Tiempo de lectura\" \/>\n\t<meta name=\"twitter:data1\" content=\"4 minutos\" \/>\n<script type=\"application\/ld+json\" class=\"yoast-schema-graph\">{\"@context\":\"https:\/\/schema.org\",\"@graph\":[{\"@type\":\"WebPage\",\"@id\":\"https:\/\/redfoxlotto.com\/es\/jugar\/euromillions-eu\/\",\"url\":\"https:\/\/redfoxlotto.com\/es\/jugar\/euromillions-eu\/\",\"name\":\"Juegue a Euromillones en l\u00ednea desde fuera de la UE\",\"isPartOf\":{\"@id\":\"https:\/\/redfoxlotto.com\/es\/#website\"},\"primaryImageOfPage\":{\"@id\":\"https:\/\/redfoxlotto.com\/es\/jugar\/euromillions-eu\/#primaryimage\"},\"image\":{\"@id\":\"https:\/\/redfoxlotto.com\/es\/jugar\/euromillions-eu\/#primaryimage\"},\"thumbnailUrl\":\"https:\/\/redfoxlotto.com\/wp-content\/uploads\/2024\/03\/Balls-300x300.png\",\"datePublished\":\"2025-05-19T09:07:38+00:00\",\"dateModified\":\"2025-12-17T07:06:58+00:00\",\"description\":\"C\u00f3mo jugar a Euromillones en l\u00ednea desde fuera de la UE, o si su pa\u00eds no participa en Euromillones\",\"breadcrumb\":{\"@id\":\"https:\/\/redfoxlotto.com\/es\/jugar\/euromillions-eu\/#breadcrumb\"},\"inLanguage\":\"es\",\"potentialAction\":[{\"@type\":\"ReadAction\",\"target\":[\"https:\/\/redfoxlotto.com\/es\/jugar\/euromillions-eu\/\"]}]},{\"@type\":\"ImageObject\",\"inLanguage\":\"es\",\"@id\":\"https:\/\/redfoxlotto.com\/es\/jugar\/euromillions-eu\/#primaryimage\",\"url\":\"https:\/\/redfoxlotto.com\/wp-content\/uploads\/2024\/03\/Balls-300x300.png\",\"contentUrl\":\"https:\/\/redfoxlotto.com\/wp-content\/uploads\/2024\/03\/Balls-300x300.png\"},{\"@type\":\"BreadcrumbList\",\"@id\":\"https:\/\/redfoxlotto.com\/es\/jugar\/euromillions-eu\/#breadcrumb\",\"itemListElement\":[{\"@type\":\"ListItem\",\"position\":1,\"name\":\"Home\",\"item\":\"https:\/\/redfoxlotto.com\/es\/\"},{\"@type\":\"ListItem\",\"position\":2,\"name\":\"Jugar loter\u00edas mundiales\",\"item\":\"https:\/\/redfoxlotto.com\/es\/jugar\/\"},{\"@type\":\"ListItem\",\"position\":3,\"name\":\"Jugar a Euromillones EU\"}]},{\"@type\":\"WebSite\",\"@id\":\"https:\/\/redfoxlotto.com\/es\/#website\",\"url\":\"https:\/\/redfoxlotto.com\/es\/\",\"name\":\"Get Tickets for the World\u2019s largest jackpots\",\"description\":\"Participate in worldwide lottery jackpots from any country\",\"publisher\":{\"@id\":\"https:\/\/redfoxlotto.com\/es\/#organization\"},\"potentialAction\":[{\"@type\":\"SearchAction\",\"target\":{\"@type\":\"EntryPoint\",\"urlTemplate\":\"https:\/\/redfoxlotto.com\/es\/?s={search_term_string}\"},\"query-input\":{\"@type\":\"PropertyValueSpecification\",\"valueRequired\":true,\"valueName\":\"search_term_string\"}}],\"inLanguage\":\"es\"},{\"@type\":\"Organization\",\"@id\":\"https:\/\/redfoxlotto.com\/es\/#organization\",\"name\":\"Get Tickets for the World\u2019s largest jackpots\",\"url\":\"https:\/\/redfoxlotto.com\/es\/\",\"logo\":{\"@type\":\"ImageObject\",\"inLanguage\":\"es\",\"@id\":\"https:\/\/redfoxlotto.com\/es\/#\/schema\/logo\/image\/\",\"url\":\"https:\/\/redfoxlotto.com\/wp-content\/uploads\/2023\/04\/logo.png\",\"contentUrl\":\"https:\/\/redfoxlotto.com\/wp-content\/uploads\/2023\/04\/logo.png\",\"width\":269,\"height\":53,\"caption\":\"Get Tickets for the World\u2019s largest jackpots\"},\"image\":{\"@id\":\"https:\/\/redfoxlotto.com\/es\/#\/schema\/logo\/image\/\"}}]}<\/script>\n<!-- \/ Yoast SEO plugin. -->","yoast_head_json":{"title":"Juegue a Euromillones en l\u00ednea desde fuera de la UE","description":"C\u00f3mo jugar a Euromillones en l\u00ednea desde fuera de la UE, o si su pa\u00eds no participa en Euromillones","robots":{"index":"index","follow":"follow","max-snippet":"max-snippet:-1","max-image-preview":"max-image-preview:large","max-video-preview":"max-video-preview:-1"},"canonical":"https:\/\/redfoxlotto.com\/es\/jugar\/euromillions-eu\/","og_locale":"es_ES","og_type":"article","og_title":"Juegue a Euromillones en l\u00ednea desde fuera de la UE","og_description":"C\u00f3mo jugar a Euromillones en l\u00ednea desde fuera de la UE, o si su pa\u00eds no participa en Euromillones","og_url":"https:\/\/redfoxlotto.com\/es\/jugar\/euromillions-eu\/","og_site_name":"Get Tickets for the World\u2019s largest jackpots","article_modified_time":"2025-12-17T07:06:58+00:00","og_image":[{"url":"https:\/\/redfoxlotto.com\/wp-content\/uploads\/2024\/03\/Balls-300x300.png"}],"twitter_card":"summary_large_image","twitter_misc":{"Tiempo de lectura":"4 minutos"},"schema":{"@context":"https:\/\/schema.org","@graph":[{"@type":"WebPage","@id":"https:\/\/redfoxlotto.com\/es\/jugar\/euromillions-eu\/","url":"https:\/\/redfoxlotto.com\/es\/jugar\/euromillions-eu\/","name":"Juegue a Euromillones en l\u00ednea desde fuera de la UE","isPartOf":{"@id":"https:\/\/redfoxlotto.com\/es\/#website"},"primaryImageOfPage":{"@id":"https:\/\/redfoxlotto.com\/es\/jugar\/euromillions-eu\/#primaryimage"},"image":{"@id":"https:\/\/redfoxlotto.com\/es\/jugar\/euromillions-eu\/#primaryimage"},"thumbnailUrl":"https:\/\/redfoxlotto.com\/wp-content\/uploads\/2024\/03\/Balls-300x300.png","datePublished":"2025-05-19T09:07:38+00:00","dateModified":"2025-12-17T07:06:58+00:00","description":"C\u00f3mo jugar a Euromillones en l\u00ednea desde fuera de la UE, o si su pa\u00eds no participa en Euromillones","breadcrumb":{"@id":"https:\/\/redfoxlotto.com\/es\/jugar\/euromillions-eu\/#breadcrumb"},"inLanguage":"es","potentialAction":[{"@type":"ReadAction","target":["https:\/\/redfoxlotto.com\/es\/jugar\/euromillions-eu\/"]}]},{"@type":"ImageObject","inLanguage":"es","@id":"https:\/\/redfoxlotto.com\/es\/jugar\/euromillions-eu\/#primaryimage","url":"https:\/\/redfoxlotto.com\/wp-content\/uploads\/2024\/03\/Balls-300x300.png","contentUrl":"https:\/\/redfoxlotto.com\/wp-content\/uploads\/2024\/03\/Balls-300x300.png"},{"@type":"BreadcrumbList","@id":"https:\/\/redfoxlotto.com\/es\/jugar\/euromillions-eu\/#breadcrumb","itemListElement":[{"@type":"ListItem","position":1,"name":"Home","item":"https:\/\/redfoxlotto.com\/es\/"},{"@type":"ListItem","position":2,"name":"Jugar loter\u00edas mundiales","item":"https:\/\/redfoxlotto.com\/es\/jugar\/"},{"@type":"ListItem","position":3,"name":"Jugar a Euromillones EU"}]},{"@type":"WebSite","@id":"https:\/\/redfoxlotto.com\/es\/#website","url":"https:\/\/redfoxlotto.com\/es\/","name":"Get Tickets for the World\u2019s largest jackpots","description":"Participate in worldwide lottery jackpots from any country","publisher":{"@id":"https:\/\/redfoxlotto.com\/es\/#organization"},"potentialAction":[{"@type":"SearchAction","target":{"@type":"EntryPoint","urlTemplate":"https:\/\/redfoxlotto.com\/es\/?s={search_term_string}"},"query-input":{"@type":"PropertyValueSpecification","valueRequired":true,"valueName":"search_term_string"}}],"inLanguage":"es"},{"@type":"Organization","@id":"https:\/\/redfoxlotto.com\/es\/#organization","name":"Get Tickets for the World\u2019s largest jackpots","url":"https:\/\/redfoxlotto.com\/es\/","logo":{"@type":"ImageObject","inLanguage":"es","@id":"https:\/\/redfoxlotto.com\/es\/#\/schema\/logo\/image\/","url":"https:\/\/redfoxlotto.com\/wp-content\/uploads\/2023\/04\/logo.png","contentUrl":"https:\/\/redfoxlotto.com\/wp-content\/uploads\/2023\/04\/logo.png","width":269,"height":53,"caption":"Get Tickets for the World\u2019s largest jackpots"},"image":{"@id":"https:\/\/redfoxlotto.com\/es\/#\/schema\/logo\/image\/"}}]}},"_links":{"self":[{"href":"https:\/\/redfoxlotto.com\/es\/wp-json\/wp\/v2\/pages\/87616","targetHints":{"allow":["GET"]}}],"collection":[{"href":"https:\/\/redfoxlotto.com\/es\/wp-json\/wp\/v2\/pages"}],"about":[{"href":"https:\/\/redfoxlotto.com\/es\/wp-json\/wp\/v2\/types\/page"}],"author":[{"embeddable":true,"href":"https:\/\/redfoxlotto.com\/es\/wp-json\/wp\/v2\/users\/8"}],"replies":[{"embeddable":true,"href":"https:\/\/redfoxlotto.com\/es\/wp-json\/wp\/v2\/comments?post=87616"}],"version-history":[{"count":0,"href":"https:\/\/redfoxlotto.com\/es\/wp-json\/wp\/v2\/pages\/87616\/revisions"}],"up":[{"embeddable":true,"href":"https:\/\/redfoxlotto.com\/es\/wp-json\/wp\/v2\/pages\/237"}],"wp:attachment":[{"href":"https:\/\/redfoxlotto.com\/es\/wp-json\/wp\/v2\/media?parent=87616"}],"curies":[{"name":"wp","href":"https:\/\/api.w.org\/{rel}","templated":true}]}}