{"id":87503,"date":"2025-05-21T09:02:00","date_gmt":"2025-05-21T09:02:00","guid":{"rendered":"https:\/\/redfoxlotto.com\/?page_id=87503"},"modified":"2025-10-07T13:00:17","modified_gmt":"2025-10-07T13:00:17","slug":"premio-maximo-de-5-millones-de-euros-en-platinum-keno","status":"publish","type":"page","link":"https:\/\/redfoxlotto.com\/es\/keno\/premio-maximo-de-5-millones-de-euros-en-platinum-keno\/","title":{"rendered":"Premio m\u00e1ximo de 5 millones de euros en Platinum Keno"},"content":{"rendered":"<p>Este juego de Keno de 5 millones de euros se sortea diariamente &#8211; \u00a1seleccione su combinaci\u00f3n de n\u00fameros ahora!<\/p>\n<div class=\"keno-banner-wrapper\">\n  <img decoding=\"async\" src=\"https:\/\/redfoxlotto.com\/wp-content\/uploads\/2025\/10\/1-scaled.png\" alt=\"Keno Banner\" class=\"keno-banner-image\"><br \/>\n  <div class=\"keno-banner-overlay\"><div class=\"keno-banner-text\">Premio mayor: \u20ac5,000,000<br>Sorteos cada 8 minutos<\/div><a href=\"https:\/\/keno.redfoxlotto.com\/play\/platinum-keno\" class=\"keno-banner-button\">Juega al Keno Platinum ahora<\/a><\/div>\n<\/div>\n","protected":false},"excerpt":{"rendered":"<p>Este juego de Keno de 5 millones de euros se sortea diariamente &#8211; \u00a1seleccione su combinaci\u00f3n de n\u00fameros ahora!<\/p>\n","protected":false},"author":8,"featured_media":0,"parent":84443,"menu_order":41,"comment_status":"closed","ping_status":"closed","template":"","meta":{"_et_pb_use_builder":"","_et_pb_old_content":"","_et_gb_content_width":"","exclude_from_search":false,"footnotes":""},"class_list":["post-87503","page","type-page","status-publish","hentry"],"yoast_head":"<!-- This site is optimized with the Yoast SEO plugin v23.8 - https:\/\/yoast.com\/wordpress\/plugins\/seo\/ -->\n<title>Las mejores combinaciones de n\u00fameros de Keno | Los mejores n\u00fameros para jugar en Keno<\/title>\n<meta name=\"description\" content=\"Elija las mejores combinaciones de n\u00fameros de Keno aqu\u00ed en nuestro sitio, y juegue a los mejores juegos de Keno de 5 millones de euros y 10 millones de euros\" \/>\n<meta name=\"robots\" content=\"index, follow, max-snippet:-1, max-image-preview:large, max-video-preview:-1\" \/>\n<link rel=\"canonical\" href=\"https:\/\/redfoxlotto.com\/es\/keno\/premio-maximo-de-5-millones-de-euros-en-platinum-keno\/\" \/>\n<meta property=\"og:locale\" content=\"es_ES\" \/>\n<meta property=\"og:type\" content=\"article\" \/>\n<meta property=\"og:title\" content=\"Las mejores combinaciones de n\u00fameros de Keno | Los mejores n\u00fameros para jugar en Keno\" \/>\n<meta property=\"og:description\" content=\"Elija las mejores combinaciones de n\u00fameros de Keno aqu\u00ed en nuestro sitio, y juegue a los mejores juegos de Keno de 5 millones de euros y 10 millones de euros\" \/>\n<meta property=\"og:url\" content=\"https:\/\/redfoxlotto.com\/es\/keno\/premio-maximo-de-5-millones-de-euros-en-platinum-keno\/\" \/>\n<meta property=\"og:site_name\" content=\"Get Tickets for the World\u2019s largest jackpots\" \/>\n<meta property=\"article:modified_time\" content=\"2025-10-07T13:00:17+00:00\" \/>\n<meta property=\"og:image\" content=\"https:\/\/redfoxlotto.com\/wp-content\/uploads\/2025\/10\/1-scaled.png\" \/>\n<meta name=\"twitter:card\" content=\"summary_large_image\" \/>\n<meta name=\"twitter:label1\" content=\"Tiempo de lectura\" \/>\n\t<meta name=\"twitter:data1\" content=\"1 minuto\" \/>\n<script type=\"application\/ld+json\" class=\"yoast-schema-graph\">{\"@context\":\"https:\/\/schema.org\",\"@graph\":[{\"@type\":\"WebPage\",\"@id\":\"https:\/\/redfoxlotto.com\/es\/keno\/premio-maximo-de-5-millones-de-euros-en-platinum-keno\/\",\"url\":\"https:\/\/redfoxlotto.com\/es\/keno\/premio-maximo-de-5-millones-de-euros-en-platinum-keno\/\",\"name\":\"Las mejores combinaciones de n\u00fameros de Keno | Los mejores n\u00fameros para jugar en Keno\",\"isPartOf\":{\"@id\":\"https:\/\/redfoxlotto.com\/es\/#website\"},\"primaryImageOfPage\":{\"@id\":\"https:\/\/redfoxlotto.com\/es\/keno\/premio-maximo-de-5-millones-de-euros-en-platinum-keno\/#primaryimage\"},\"image\":{\"@id\":\"https:\/\/redfoxlotto.com\/es\/keno\/premio-maximo-de-5-millones-de-euros-en-platinum-keno\/#primaryimage\"},\"thumbnailUrl\":\"https:\/\/redfoxlotto.com\/wp-content\/uploads\/2025\/10\/1-scaled.png\",\"datePublished\":\"2025-05-21T09:02:00+00:00\",\"dateModified\":\"2025-10-07T13:00:17+00:00\",\"description\":\"Elija las mejores combinaciones de n\u00fameros de Keno aqu\u00ed en nuestro sitio, y juegue a los mejores juegos de Keno de 5 millones de euros y 10 millones de euros\",\"breadcrumb\":{\"@id\":\"https:\/\/redfoxlotto.com\/es\/keno\/premio-maximo-de-5-millones-de-euros-en-platinum-keno\/#breadcrumb\"},\"inLanguage\":\"es\",\"potentialAction\":[{\"@type\":\"ReadAction\",\"target\":[\"https:\/\/redfoxlotto.com\/es\/keno\/premio-maximo-de-5-millones-de-euros-en-platinum-keno\/\"]}]},{\"@type\":\"ImageObject\",\"inLanguage\":\"es\",\"@id\":\"https:\/\/redfoxlotto.com\/es\/keno\/premio-maximo-de-5-millones-de-euros-en-platinum-keno\/#primaryimage\",\"url\":\"https:\/\/redfoxlotto.com\/wp-content\/uploads\/2025\/10\/1-scaled.png\",\"contentUrl\":\"https:\/\/redfoxlotto.com\/wp-content\/uploads\/2025\/10\/1-scaled.png\"},{\"@type\":\"BreadcrumbList\",\"@id\":\"https:\/\/redfoxlotto.com\/es\/keno\/premio-maximo-de-5-millones-de-euros-en-platinum-keno\/#breadcrumb\",\"itemListElement\":[{\"@type\":\"ListItem\",\"position\":1,\"name\":\"Home\",\"item\":\"https:\/\/redfoxlotto.com\/es\/\"},{\"@type\":\"ListItem\",\"position\":2,\"name\":\"Keno\",\"item\":\"https:\/\/redfoxlotto.com\/es\/keno\/\"},{\"@type\":\"ListItem\",\"position\":3,\"name\":\"Premio m\u00e1ximo de 5 millones de euros en Platinum Keno\"}]},{\"@type\":\"WebSite\",\"@id\":\"https:\/\/redfoxlotto.com\/es\/#website\",\"url\":\"https:\/\/redfoxlotto.com\/es\/\",\"name\":\"Get Tickets for the World\u2019s largest jackpots\",\"description\":\"Participate in worldwide lottery jackpots from any country\",\"publisher\":{\"@id\":\"https:\/\/redfoxlotto.com\/es\/#organization\"},\"potentialAction\":[{\"@type\":\"SearchAction\",\"target\":{\"@type\":\"EntryPoint\",\"urlTemplate\":\"https:\/\/redfoxlotto.com\/es\/?s={search_term_string}\"},\"query-input\":{\"@type\":\"PropertyValueSpecification\",\"valueRequired\":true,\"valueName\":\"search_term_string\"}}],\"inLanguage\":\"es\"},{\"@type\":\"Organization\",\"@id\":\"https:\/\/redfoxlotto.com\/es\/#organization\",\"name\":\"Get Tickets for the World\u2019s largest jackpots\",\"url\":\"https:\/\/redfoxlotto.com\/es\/\",\"logo\":{\"@type\":\"ImageObject\",\"inLanguage\":\"es\",\"@id\":\"https:\/\/redfoxlotto.com\/es\/#\/schema\/logo\/image\/\",\"url\":\"https:\/\/redfoxlotto.com\/wp-content\/uploads\/2023\/04\/logo.png\",\"contentUrl\":\"https:\/\/redfoxlotto.com\/wp-content\/uploads\/2023\/04\/logo.png\",\"width\":269,\"height\":53,\"caption\":\"Get Tickets for the World\u2019s largest jackpots\"},\"image\":{\"@id\":\"https:\/\/redfoxlotto.com\/es\/#\/schema\/logo\/image\/\"}}]}<\/script>\n<!-- \/ Yoast SEO plugin. -->","yoast_head_json":{"title":"Las mejores combinaciones de n\u00fameros de Keno | Los mejores n\u00fameros para jugar en Keno","description":"Elija las mejores combinaciones de n\u00fameros de Keno aqu\u00ed en nuestro sitio, y juegue a los mejores juegos de Keno de 5 millones de euros y 10 millones de euros","robots":{"index":"index","follow":"follow","max-snippet":"max-snippet:-1","max-image-preview":"max-image-preview:large","max-video-preview":"max-video-preview:-1"},"canonical":"https:\/\/redfoxlotto.com\/es\/keno\/premio-maximo-de-5-millones-de-euros-en-platinum-keno\/","og_locale":"es_ES","og_type":"article","og_title":"Las mejores combinaciones de n\u00fameros de Keno | Los mejores n\u00fameros para jugar en Keno","og_description":"Elija las mejores combinaciones de n\u00fameros de Keno aqu\u00ed en nuestro sitio, y juegue a los mejores juegos de Keno de 5 millones de euros y 10 millones de euros","og_url":"https:\/\/redfoxlotto.com\/es\/keno\/premio-maximo-de-5-millones-de-euros-en-platinum-keno\/","og_site_name":"Get Tickets for the World\u2019s largest jackpots","article_modified_time":"2025-10-07T13:00:17+00:00","og_image":[{"url":"https:\/\/redfoxlotto.com\/wp-content\/uploads\/2025\/10\/1-scaled.png"}],"twitter_card":"summary_large_image","twitter_misc":{"Tiempo de lectura":"1 minuto"},"schema":{"@context":"https:\/\/schema.org","@graph":[{"@type":"WebPage","@id":"https:\/\/redfoxlotto.com\/es\/keno\/premio-maximo-de-5-millones-de-euros-en-platinum-keno\/","url":"https:\/\/redfoxlotto.com\/es\/keno\/premio-maximo-de-5-millones-de-euros-en-platinum-keno\/","name":"Las mejores combinaciones de n\u00fameros de Keno | Los mejores n\u00fameros para jugar en Keno","isPartOf":{"@id":"https:\/\/redfoxlotto.com\/es\/#website"},"primaryImageOfPage":{"@id":"https:\/\/redfoxlotto.com\/es\/keno\/premio-maximo-de-5-millones-de-euros-en-platinum-keno\/#primaryimage"},"image":{"@id":"https:\/\/redfoxlotto.com\/es\/keno\/premio-maximo-de-5-millones-de-euros-en-platinum-keno\/#primaryimage"},"thumbnailUrl":"https:\/\/redfoxlotto.com\/wp-content\/uploads\/2025\/10\/1-scaled.png","datePublished":"2025-05-21T09:02:00+00:00","dateModified":"2025-10-07T13:00:17+00:00","description":"Elija las mejores combinaciones de n\u00fameros de Keno aqu\u00ed en nuestro sitio, y juegue a los mejores juegos de Keno de 5 millones de euros y 10 millones de euros","breadcrumb":{"@id":"https:\/\/redfoxlotto.com\/es\/keno\/premio-maximo-de-5-millones-de-euros-en-platinum-keno\/#breadcrumb"},"inLanguage":"es","potentialAction":[{"@type":"ReadAction","target":["https:\/\/redfoxlotto.com\/es\/keno\/premio-maximo-de-5-millones-de-euros-en-platinum-keno\/"]}]},{"@type":"ImageObject","inLanguage":"es","@id":"https:\/\/redfoxlotto.com\/es\/keno\/premio-maximo-de-5-millones-de-euros-en-platinum-keno\/#primaryimage","url":"https:\/\/redfoxlotto.com\/wp-content\/uploads\/2025\/10\/1-scaled.png","contentUrl":"https:\/\/redfoxlotto.com\/wp-content\/uploads\/2025\/10\/1-scaled.png"},{"@type":"BreadcrumbList","@id":"https:\/\/redfoxlotto.com\/es\/keno\/premio-maximo-de-5-millones-de-euros-en-platinum-keno\/#breadcrumb","itemListElement":[{"@type":"ListItem","position":1,"name":"Home","item":"https:\/\/redfoxlotto.com\/es\/"},{"@type":"ListItem","position":2,"name":"Keno","item":"https:\/\/redfoxlotto.com\/es\/keno\/"},{"@type":"ListItem","position":3,"name":"Premio m\u00e1ximo de 5 millones de euros en Platinum Keno"}]},{"@type":"WebSite","@id":"https:\/\/redfoxlotto.com\/es\/#website","url":"https:\/\/redfoxlotto.com\/es\/","name":"Get Tickets for the World\u2019s largest jackpots","description":"Participate in worldwide lottery jackpots from any country","publisher":{"@id":"https:\/\/redfoxlotto.com\/es\/#organization"},"potentialAction":[{"@type":"SearchAction","target":{"@type":"EntryPoint","urlTemplate":"https:\/\/redfoxlotto.com\/es\/?s={search_term_string}"},"query-input":{"@type":"PropertyValueSpecification","valueRequired":true,"valueName":"search_term_string"}}],"inLanguage":"es"},{"@type":"Organization","@id":"https:\/\/redfoxlotto.com\/es\/#organization","name":"Get Tickets for the World\u2019s largest jackpots","url":"https:\/\/redfoxlotto.com\/es\/","logo":{"@type":"ImageObject","inLanguage":"es","@id":"https:\/\/redfoxlotto.com\/es\/#\/schema\/logo\/image\/","url":"https:\/\/redfoxlotto.com\/wp-content\/uploads\/2023\/04\/logo.png","contentUrl":"https:\/\/redfoxlotto.com\/wp-content\/uploads\/2023\/04\/logo.png","width":269,"height":53,"caption":"Get Tickets for the World\u2019s largest jackpots"},"image":{"@id":"https:\/\/redfoxlotto.com\/es\/#\/schema\/logo\/image\/"}}]}},"_links":{"self":[{"href":"https:\/\/redfoxlotto.com\/es\/wp-json\/wp\/v2\/pages\/87503","targetHints":{"allow":["GET"]}}],"collection":[{"href":"https:\/\/redfoxlotto.com\/es\/wp-json\/wp\/v2\/pages"}],"about":[{"href":"https:\/\/redfoxlotto.com\/es\/wp-json\/wp\/v2\/types\/page"}],"author":[{"embeddable":true,"href":"https:\/\/redfoxlotto.com\/es\/wp-json\/wp\/v2\/users\/8"}],"replies":[{"embeddable":true,"href":"https:\/\/redfoxlotto.com\/es\/wp-json\/wp\/v2\/comments?post=87503"}],"version-history":[{"count":0,"href":"https:\/\/redfoxlotto.com\/es\/wp-json\/wp\/v2\/pages\/87503\/revisions"}],"up":[{"embeddable":true,"href":"https:\/\/redfoxlotto.com\/es\/wp-json\/wp\/v2\/pages\/84443"}],"wp:attachment":[{"href":"https:\/\/redfoxlotto.com\/es\/wp-json\/wp\/v2\/media?parent=87503"}],"curies":[{"name":"wp","href":"https:\/\/api.w.org\/{rel}","templated":true}]}}