{"id":87117,"date":"2025-05-16T10:39:54","date_gmt":"2025-05-16T10:39:54","guid":{"rendered":"https:\/\/redfoxlotto.com\/?page_id=87117"},"modified":"2025-05-17T22:14:02","modified_gmt":"2025-05-17T22:14:02","slug":"numeros-ganadores-de-diamond-keno","status":"publish","type":"page","link":"https:\/\/redfoxlotto.com\/es\/keno\/numeros-ganadores-de-diamond-keno\/","title":{"rendered":"N\u00fameros ganadores de Diamond Keno"},"content":{"rendered":"<p>Nuevos n\u00fameros ganadores cada 20 minutos &#8211; compruebe los resultados de Diamond Keno ahora<\/p>\n","protected":false},"excerpt":{"rendered":"<p>Nuevos n\u00fameros ganadores cada 20 minutos &#8211; compruebe los resultados de Diamond Keno ahora<\/p>\n","protected":false},"author":8,"featured_media":0,"parent":84443,"menu_order":40,"comment_status":"closed","ping_status":"closed","template":"","meta":{"_et_pb_use_builder":"","_et_pb_old_content":"","_et_gb_content_width":"","exclude_from_search":false,"footnotes":""},"class_list":["post-87117","page","type-page","status-publish","hentry"],"yoast_head":"<!-- This site is optimized with the Yoast SEO plugin v23.8 - https:\/\/yoast.com\/wordpress\/plugins\/seo\/ -->\n<title>N\u00fameros ganadores de nuestra mayor loter\u00eda Keno - \u00a1gane 10 millones de euros ahora!<\/title>\n<meta name=\"description\" content=\"Aqu\u00ed est\u00e1n los \u00faltimos n\u00fameros ganadores de nuestra mayor loter\u00eda Keno - con 10 millones de euros en juego cada 20 minutos.\" \/>\n<meta name=\"robots\" content=\"index, follow, max-snippet:-1, max-image-preview:large, max-video-preview:-1\" \/>\n<link rel=\"canonical\" href=\"https:\/\/redfoxlotto.com\/es\/keno\/numeros-ganadores-de-diamond-keno\/\" \/>\n<meta property=\"og:locale\" content=\"es_ES\" \/>\n<meta property=\"og:type\" content=\"article\" \/>\n<meta property=\"og:title\" content=\"N\u00fameros ganadores de nuestra mayor loter\u00eda Keno - \u00a1gane 10 millones de euros ahora!\" \/>\n<meta property=\"og:description\" content=\"Aqu\u00ed est\u00e1n los \u00faltimos n\u00fameros ganadores de nuestra mayor loter\u00eda Keno - con 10 millones de euros en juego cada 20 minutos.\" \/>\n<meta property=\"og:url\" content=\"https:\/\/redfoxlotto.com\/es\/keno\/numeros-ganadores-de-diamond-keno\/\" \/>\n<meta property=\"og:site_name\" content=\"Get Tickets for the World\u2019s largest jackpots\" \/>\n<meta property=\"article:modified_time\" content=\"2025-05-17T22:14:02+00:00\" \/>\n<meta name=\"twitter:card\" content=\"summary_large_image\" \/>\n<meta name=\"twitter:label1\" content=\"Tiempo de lectura\" \/>\n\t<meta name=\"twitter:data1\" content=\"1 minuto\" \/>\n<script type=\"application\/ld+json\" class=\"yoast-schema-graph\">{\"@context\":\"https:\/\/schema.org\",\"@graph\":[{\"@type\":\"WebPage\",\"@id\":\"https:\/\/redfoxlotto.com\/es\/keno\/numeros-ganadores-de-diamond-keno\/\",\"url\":\"https:\/\/redfoxlotto.com\/es\/keno\/numeros-ganadores-de-diamond-keno\/\",\"name\":\"N\u00fameros ganadores de nuestra mayor loter\u00eda Keno - \u00a1gane 10 millones de euros ahora!\",\"isPartOf\":{\"@id\":\"https:\/\/redfoxlotto.com\/es\/#website\"},\"datePublished\":\"2025-05-16T10:39:54+00:00\",\"dateModified\":\"2025-05-17T22:14:02+00:00\",\"description\":\"Aqu\u00ed est\u00e1n los \u00faltimos n\u00fameros ganadores de nuestra mayor loter\u00eda Keno - con 10 millones de euros en juego cada 20 minutos.\",\"breadcrumb\":{\"@id\":\"https:\/\/redfoxlotto.com\/es\/keno\/numeros-ganadores-de-diamond-keno\/#breadcrumb\"},\"inLanguage\":\"es\",\"potentialAction\":[{\"@type\":\"ReadAction\",\"target\":[\"https:\/\/redfoxlotto.com\/es\/keno\/numeros-ganadores-de-diamond-keno\/\"]}]},{\"@type\":\"BreadcrumbList\",\"@id\":\"https:\/\/redfoxlotto.com\/es\/keno\/numeros-ganadores-de-diamond-keno\/#breadcrumb\",\"itemListElement\":[{\"@type\":\"ListItem\",\"position\":1,\"name\":\"Home\",\"item\":\"https:\/\/redfoxlotto.com\/es\/\"},{\"@type\":\"ListItem\",\"position\":2,\"name\":\"Keno\",\"item\":\"https:\/\/redfoxlotto.com\/es\/keno\/\"},{\"@type\":\"ListItem\",\"position\":3,\"name\":\"N\u00fameros ganadores de Diamond Keno\"}]},{\"@type\":\"WebSite\",\"@id\":\"https:\/\/redfoxlotto.com\/es\/#website\",\"url\":\"https:\/\/redfoxlotto.com\/es\/\",\"name\":\"Get Tickets for the World\u2019s largest jackpots\",\"description\":\"Participate in worldwide lottery jackpots from any country\",\"publisher\":{\"@id\":\"https:\/\/redfoxlotto.com\/es\/#organization\"},\"potentialAction\":[{\"@type\":\"SearchAction\",\"target\":{\"@type\":\"EntryPoint\",\"urlTemplate\":\"https:\/\/redfoxlotto.com\/es\/?s={search_term_string}\"},\"query-input\":{\"@type\":\"PropertyValueSpecification\",\"valueRequired\":true,\"valueName\":\"search_term_string\"}}],\"inLanguage\":\"es\"},{\"@type\":\"Organization\",\"@id\":\"https:\/\/redfoxlotto.com\/es\/#organization\",\"name\":\"Get Tickets for the World\u2019s largest jackpots\",\"url\":\"https:\/\/redfoxlotto.com\/es\/\",\"logo\":{\"@type\":\"ImageObject\",\"inLanguage\":\"es\",\"@id\":\"https:\/\/redfoxlotto.com\/es\/#\/schema\/logo\/image\/\",\"url\":\"https:\/\/redfoxlotto.com\/wp-content\/uploads\/2023\/04\/logo.png\",\"contentUrl\":\"https:\/\/redfoxlotto.com\/wp-content\/uploads\/2023\/04\/logo.png\",\"width\":269,\"height\":53,\"caption\":\"Get Tickets for the World\u2019s largest jackpots\"},\"image\":{\"@id\":\"https:\/\/redfoxlotto.com\/es\/#\/schema\/logo\/image\/\"}}]}<\/script>\n<!-- \/ Yoast SEO plugin. -->","yoast_head_json":{"title":"N\u00fameros ganadores de nuestra mayor loter\u00eda Keno - \u00a1gane 10 millones de euros ahora!","description":"Aqu\u00ed est\u00e1n los \u00faltimos n\u00fameros ganadores de nuestra mayor loter\u00eda Keno - con 10 millones de euros en juego cada 20 minutos.","robots":{"index":"index","follow":"follow","max-snippet":"max-snippet:-1","max-image-preview":"max-image-preview:large","max-video-preview":"max-video-preview:-1"},"canonical":"https:\/\/redfoxlotto.com\/es\/keno\/numeros-ganadores-de-diamond-keno\/","og_locale":"es_ES","og_type":"article","og_title":"N\u00fameros ganadores de nuestra mayor loter\u00eda Keno - \u00a1gane 10 millones de euros ahora!","og_description":"Aqu\u00ed est\u00e1n los \u00faltimos n\u00fameros ganadores de nuestra mayor loter\u00eda Keno - con 10 millones de euros en juego cada 20 minutos.","og_url":"https:\/\/redfoxlotto.com\/es\/keno\/numeros-ganadores-de-diamond-keno\/","og_site_name":"Get Tickets for the World\u2019s largest jackpots","article_modified_time":"2025-05-17T22:14:02+00:00","twitter_card":"summary_large_image","twitter_misc":{"Tiempo de lectura":"1 minuto"},"schema":{"@context":"https:\/\/schema.org","@graph":[{"@type":"WebPage","@id":"https:\/\/redfoxlotto.com\/es\/keno\/numeros-ganadores-de-diamond-keno\/","url":"https:\/\/redfoxlotto.com\/es\/keno\/numeros-ganadores-de-diamond-keno\/","name":"N\u00fameros ganadores de nuestra mayor loter\u00eda Keno - \u00a1gane 10 millones de euros ahora!","isPartOf":{"@id":"https:\/\/redfoxlotto.com\/es\/#website"},"datePublished":"2025-05-16T10:39:54+00:00","dateModified":"2025-05-17T22:14:02+00:00","description":"Aqu\u00ed est\u00e1n los \u00faltimos n\u00fameros ganadores de nuestra mayor loter\u00eda Keno - con 10 millones de euros en juego cada 20 minutos.","breadcrumb":{"@id":"https:\/\/redfoxlotto.com\/es\/keno\/numeros-ganadores-de-diamond-keno\/#breadcrumb"},"inLanguage":"es","potentialAction":[{"@type":"ReadAction","target":["https:\/\/redfoxlotto.com\/es\/keno\/numeros-ganadores-de-diamond-keno\/"]}]},{"@type":"BreadcrumbList","@id":"https:\/\/redfoxlotto.com\/es\/keno\/numeros-ganadores-de-diamond-keno\/#breadcrumb","itemListElement":[{"@type":"ListItem","position":1,"name":"Home","item":"https:\/\/redfoxlotto.com\/es\/"},{"@type":"ListItem","position":2,"name":"Keno","item":"https:\/\/redfoxlotto.com\/es\/keno\/"},{"@type":"ListItem","position":3,"name":"N\u00fameros ganadores de Diamond Keno"}]},{"@type":"WebSite","@id":"https:\/\/redfoxlotto.com\/es\/#website","url":"https:\/\/redfoxlotto.com\/es\/","name":"Get Tickets for the World\u2019s largest jackpots","description":"Participate in worldwide lottery jackpots from any country","publisher":{"@id":"https:\/\/redfoxlotto.com\/es\/#organization"},"potentialAction":[{"@type":"SearchAction","target":{"@type":"EntryPoint","urlTemplate":"https:\/\/redfoxlotto.com\/es\/?s={search_term_string}"},"query-input":{"@type":"PropertyValueSpecification","valueRequired":true,"valueName":"search_term_string"}}],"inLanguage":"es"},{"@type":"Organization","@id":"https:\/\/redfoxlotto.com\/es\/#organization","name":"Get Tickets for the World\u2019s largest jackpots","url":"https:\/\/redfoxlotto.com\/es\/","logo":{"@type":"ImageObject","inLanguage":"es","@id":"https:\/\/redfoxlotto.com\/es\/#\/schema\/logo\/image\/","url":"https:\/\/redfoxlotto.com\/wp-content\/uploads\/2023\/04\/logo.png","contentUrl":"https:\/\/redfoxlotto.com\/wp-content\/uploads\/2023\/04\/logo.png","width":269,"height":53,"caption":"Get Tickets for the World\u2019s largest jackpots"},"image":{"@id":"https:\/\/redfoxlotto.com\/es\/#\/schema\/logo\/image\/"}}]}},"_links":{"self":[{"href":"https:\/\/redfoxlotto.com\/es\/wp-json\/wp\/v2\/pages\/87117","targetHints":{"allow":["GET"]}}],"collection":[{"href":"https:\/\/redfoxlotto.com\/es\/wp-json\/wp\/v2\/pages"}],"about":[{"href":"https:\/\/redfoxlotto.com\/es\/wp-json\/wp\/v2\/types\/page"}],"author":[{"embeddable":true,"href":"https:\/\/redfoxlotto.com\/es\/wp-json\/wp\/v2\/users\/8"}],"replies":[{"embeddable":true,"href":"https:\/\/redfoxlotto.com\/es\/wp-json\/wp\/v2\/comments?post=87117"}],"version-history":[{"count":0,"href":"https:\/\/redfoxlotto.com\/es\/wp-json\/wp\/v2\/pages\/87117\/revisions"}],"up":[{"embeddable":true,"href":"https:\/\/redfoxlotto.com\/es\/wp-json\/wp\/v2\/pages\/84443"}],"wp:attachment":[{"href":"https:\/\/redfoxlotto.com\/es\/wp-json\/wp\/v2\/media?parent=87117"}],"curies":[{"name":"wp","href":"https:\/\/api.w.org\/{rel}","templated":true}]}}