{"id":86884,"date":"2025-02-12T11:18:17","date_gmt":"2025-02-12T11:18:17","guid":{"rendered":"https:\/\/redfoxlotto.com\/?page_id=86884"},"modified":"2025-05-15T07:14:04","modified_gmt":"2025-05-15T07:14:04","slug":"keno-diamante-10m","status":"publish","type":"page","link":"https:\/\/redfoxlotto.com\/es\/keno\/keno-diamante-10m\/","title":{"rendered":"Keno Diamante 10m"},"content":{"rendered":"<h2>El Keno en l\u00ednea no puede ser m\u00e1s grande y mejor que esto: \u00a1juegue al Keno por un premio de 10 millones de euros!<\/h2>\n<p>Este es nuestro mayor y m\u00e1s popular juego de loter\u00eda Keno. Si est\u00e1 buscando el mejor juego de Keno para jugar en l\u00ednea, ha llegado al lugar correcto. Este juego de Keno tiene un sorteo cada 20 minutos, por lo que no tendr\u00e1 que esperar mucho tiempo para saber si su boleto ha ganado.<\/p>\n","protected":false},"excerpt":{"rendered":"<p>El Keno en l\u00ednea no puede ser m\u00e1s grande y mejor que esto: \u00a1juegue al Keno por un premio de 10 millones de euros! Este es nuestro mayor y m\u00e1s popular juego de loter\u00eda Keno. Si est\u00e1 buscando el mejor juego de Keno para jugar en l\u00ednea, ha llegado al lugar correcto. Este juego de [&hellip;]<\/p>\n","protected":false},"author":8,"featured_media":0,"parent":84443,"menu_order":1,"comment_status":"closed","ping_status":"closed","template":"","meta":{"_et_pb_use_builder":"","_et_pb_old_content":"","_et_gb_content_width":"","exclude_from_search":false,"footnotes":""},"class_list":["post-86884","page","type-page","status-publish","hentry"],"yoast_head":"<!-- This site is optimized with the Yoast SEO plugin v23.8 - https:\/\/yoast.com\/wordpress\/plugins\/seo\/ -->\n<title>Los mejores juegos de Keno en l\u00ednea - Keno de 10 millones de euros<\/title>\n<meta name=\"description\" content=\"Encuentre aqu\u00ed los mejores juegos de Keno en l\u00ednea, con premios m\u00e1ximos de hasta 10 millones de euros. \u00a1Nunca tendr\u00e1 que esperar demasiado para el pr\u00f3ximo sorteo de Keno en l\u00ednea!\" \/>\n<meta name=\"robots\" content=\"index, follow, max-snippet:-1, max-image-preview:large, max-video-preview:-1\" \/>\n<link rel=\"canonical\" href=\"https:\/\/redfoxlotto.com\/es\/keno\/keno-diamante-10m\/\" \/>\n<meta property=\"og:locale\" content=\"es_ES\" \/>\n<meta property=\"og:type\" content=\"article\" \/>\n<meta property=\"og:title\" content=\"Los mejores juegos de Keno en l\u00ednea - Keno de 10 millones de euros\" \/>\n<meta property=\"og:description\" content=\"Encuentre aqu\u00ed los mejores juegos de Keno en l\u00ednea, con premios m\u00e1ximos de hasta 10 millones de euros. \u00a1Nunca tendr\u00e1 que esperar demasiado para el pr\u00f3ximo sorteo de Keno en l\u00ednea!\" \/>\n<meta property=\"og:url\" content=\"https:\/\/redfoxlotto.com\/es\/keno\/keno-diamante-10m\/\" \/>\n<meta property=\"og:site_name\" content=\"Get Tickets for the World\u2019s largest jackpots\" \/>\n<meta property=\"article:modified_time\" content=\"2025-05-15T07:14:04+00:00\" \/>\n<meta name=\"twitter:card\" content=\"summary_large_image\" \/>\n<meta name=\"twitter:label1\" content=\"Tiempo de lectura\" \/>\n\t<meta name=\"twitter:data1\" content=\"1 minuto\" \/>\n<script type=\"application\/ld+json\" class=\"yoast-schema-graph\">{\"@context\":\"https:\/\/schema.org\",\"@graph\":[{\"@type\":\"WebPage\",\"@id\":\"https:\/\/redfoxlotto.com\/es\/keno\/keno-diamante-10m\/\",\"url\":\"https:\/\/redfoxlotto.com\/es\/keno\/keno-diamante-10m\/\",\"name\":\"Los mejores juegos de Keno en l\u00ednea - Keno de 10 millones de euros\",\"isPartOf\":{\"@id\":\"https:\/\/redfoxlotto.com\/es\/#website\"},\"datePublished\":\"2025-02-12T11:18:17+00:00\",\"dateModified\":\"2025-05-15T07:14:04+00:00\",\"description\":\"Encuentre aqu\u00ed los mejores juegos de Keno en l\u00ednea, con premios m\u00e1ximos de hasta 10 millones de euros. \u00a1Nunca tendr\u00e1 que esperar demasiado para el pr\u00f3ximo sorteo de Keno en l\u00ednea!\",\"breadcrumb\":{\"@id\":\"https:\/\/redfoxlotto.com\/es\/keno\/keno-diamante-10m\/#breadcrumb\"},\"inLanguage\":\"es\",\"potentialAction\":[{\"@type\":\"ReadAction\",\"target\":[\"https:\/\/redfoxlotto.com\/es\/keno\/keno-diamante-10m\/\"]}]},{\"@type\":\"BreadcrumbList\",\"@id\":\"https:\/\/redfoxlotto.com\/es\/keno\/keno-diamante-10m\/#breadcrumb\",\"itemListElement\":[{\"@type\":\"ListItem\",\"position\":1,\"name\":\"Home\",\"item\":\"https:\/\/redfoxlotto.com\/es\/\"},{\"@type\":\"ListItem\",\"position\":2,\"name\":\"Keno\",\"item\":\"https:\/\/redfoxlotto.com\/es\/keno\/\"},{\"@type\":\"ListItem\",\"position\":3,\"name\":\"Keno Diamante 10m\"}]},{\"@type\":\"WebSite\",\"@id\":\"https:\/\/redfoxlotto.com\/es\/#website\",\"url\":\"https:\/\/redfoxlotto.com\/es\/\",\"name\":\"Get Tickets for the World\u2019s largest jackpots\",\"description\":\"Participate in worldwide lottery jackpots from any country\",\"publisher\":{\"@id\":\"https:\/\/redfoxlotto.com\/es\/#organization\"},\"potentialAction\":[{\"@type\":\"SearchAction\",\"target\":{\"@type\":\"EntryPoint\",\"urlTemplate\":\"https:\/\/redfoxlotto.com\/es\/?s={search_term_string}\"},\"query-input\":{\"@type\":\"PropertyValueSpecification\",\"valueRequired\":true,\"valueName\":\"search_term_string\"}}],\"inLanguage\":\"es\"},{\"@type\":\"Organization\",\"@id\":\"https:\/\/redfoxlotto.com\/es\/#organization\",\"name\":\"Get Tickets for the World\u2019s largest jackpots\",\"url\":\"https:\/\/redfoxlotto.com\/es\/\",\"logo\":{\"@type\":\"ImageObject\",\"inLanguage\":\"es\",\"@id\":\"https:\/\/redfoxlotto.com\/es\/#\/schema\/logo\/image\/\",\"url\":\"https:\/\/redfoxlotto.com\/wp-content\/uploads\/2023\/04\/logo.png\",\"contentUrl\":\"https:\/\/redfoxlotto.com\/wp-content\/uploads\/2023\/04\/logo.png\",\"width\":269,\"height\":53,\"caption\":\"Get Tickets for the World\u2019s largest jackpots\"},\"image\":{\"@id\":\"https:\/\/redfoxlotto.com\/es\/#\/schema\/logo\/image\/\"}}]}<\/script>\n<!-- \/ Yoast SEO plugin. -->","yoast_head_json":{"title":"Los mejores juegos de Keno en l\u00ednea - Keno de 10 millones de euros","description":"Encuentre aqu\u00ed los mejores juegos de Keno en l\u00ednea, con premios m\u00e1ximos de hasta 10 millones de euros. \u00a1Nunca tendr\u00e1 que esperar demasiado para el pr\u00f3ximo sorteo de Keno en l\u00ednea!","robots":{"index":"index","follow":"follow","max-snippet":"max-snippet:-1","max-image-preview":"max-image-preview:large","max-video-preview":"max-video-preview:-1"},"canonical":"https:\/\/redfoxlotto.com\/es\/keno\/keno-diamante-10m\/","og_locale":"es_ES","og_type":"article","og_title":"Los mejores juegos de Keno en l\u00ednea - Keno de 10 millones de euros","og_description":"Encuentre aqu\u00ed los mejores juegos de Keno en l\u00ednea, con premios m\u00e1ximos de hasta 10 millones de euros. \u00a1Nunca tendr\u00e1 que esperar demasiado para el pr\u00f3ximo sorteo de Keno en l\u00ednea!","og_url":"https:\/\/redfoxlotto.com\/es\/keno\/keno-diamante-10m\/","og_site_name":"Get Tickets for the World\u2019s largest jackpots","article_modified_time":"2025-05-15T07:14:04+00:00","twitter_card":"summary_large_image","twitter_misc":{"Tiempo de lectura":"1 minuto"},"schema":{"@context":"https:\/\/schema.org","@graph":[{"@type":"WebPage","@id":"https:\/\/redfoxlotto.com\/es\/keno\/keno-diamante-10m\/","url":"https:\/\/redfoxlotto.com\/es\/keno\/keno-diamante-10m\/","name":"Los mejores juegos de Keno en l\u00ednea - Keno de 10 millones de euros","isPartOf":{"@id":"https:\/\/redfoxlotto.com\/es\/#website"},"datePublished":"2025-02-12T11:18:17+00:00","dateModified":"2025-05-15T07:14:04+00:00","description":"Encuentre aqu\u00ed los mejores juegos de Keno en l\u00ednea, con premios m\u00e1ximos de hasta 10 millones de euros. \u00a1Nunca tendr\u00e1 que esperar demasiado para el pr\u00f3ximo sorteo de Keno en l\u00ednea!","breadcrumb":{"@id":"https:\/\/redfoxlotto.com\/es\/keno\/keno-diamante-10m\/#breadcrumb"},"inLanguage":"es","potentialAction":[{"@type":"ReadAction","target":["https:\/\/redfoxlotto.com\/es\/keno\/keno-diamante-10m\/"]}]},{"@type":"BreadcrumbList","@id":"https:\/\/redfoxlotto.com\/es\/keno\/keno-diamante-10m\/#breadcrumb","itemListElement":[{"@type":"ListItem","position":1,"name":"Home","item":"https:\/\/redfoxlotto.com\/es\/"},{"@type":"ListItem","position":2,"name":"Keno","item":"https:\/\/redfoxlotto.com\/es\/keno\/"},{"@type":"ListItem","position":3,"name":"Keno Diamante 10m"}]},{"@type":"WebSite","@id":"https:\/\/redfoxlotto.com\/es\/#website","url":"https:\/\/redfoxlotto.com\/es\/","name":"Get Tickets for the World\u2019s largest jackpots","description":"Participate in worldwide lottery jackpots from any country","publisher":{"@id":"https:\/\/redfoxlotto.com\/es\/#organization"},"potentialAction":[{"@type":"SearchAction","target":{"@type":"EntryPoint","urlTemplate":"https:\/\/redfoxlotto.com\/es\/?s={search_term_string}"},"query-input":{"@type":"PropertyValueSpecification","valueRequired":true,"valueName":"search_term_string"}}],"inLanguage":"es"},{"@type":"Organization","@id":"https:\/\/redfoxlotto.com\/es\/#organization","name":"Get Tickets for the World\u2019s largest jackpots","url":"https:\/\/redfoxlotto.com\/es\/","logo":{"@type":"ImageObject","inLanguage":"es","@id":"https:\/\/redfoxlotto.com\/es\/#\/schema\/logo\/image\/","url":"https:\/\/redfoxlotto.com\/wp-content\/uploads\/2023\/04\/logo.png","contentUrl":"https:\/\/redfoxlotto.com\/wp-content\/uploads\/2023\/04\/logo.png","width":269,"height":53,"caption":"Get Tickets for the World\u2019s largest jackpots"},"image":{"@id":"https:\/\/redfoxlotto.com\/es\/#\/schema\/logo\/image\/"}}]}},"_links":{"self":[{"href":"https:\/\/redfoxlotto.com\/es\/wp-json\/wp\/v2\/pages\/86884","targetHints":{"allow":["GET"]}}],"collection":[{"href":"https:\/\/redfoxlotto.com\/es\/wp-json\/wp\/v2\/pages"}],"about":[{"href":"https:\/\/redfoxlotto.com\/es\/wp-json\/wp\/v2\/types\/page"}],"author":[{"embeddable":true,"href":"https:\/\/redfoxlotto.com\/es\/wp-json\/wp\/v2\/users\/8"}],"replies":[{"embeddable":true,"href":"https:\/\/redfoxlotto.com\/es\/wp-json\/wp\/v2\/comments?post=86884"}],"version-history":[{"count":0,"href":"https:\/\/redfoxlotto.com\/es\/wp-json\/wp\/v2\/pages\/86884\/revisions"}],"up":[{"embeddable":true,"href":"https:\/\/redfoxlotto.com\/es\/wp-json\/wp\/v2\/pages\/84443"}],"wp:attachment":[{"href":"https:\/\/redfoxlotto.com\/es\/wp-json\/wp\/v2\/media?parent=86884"}],"curies":[{"name":"wp","href":"https:\/\/api.w.org\/{rel}","templated":true}]}}