{"id":85575,"date":"2025-02-25T17:29:04","date_gmt":"2025-02-25T17:29:04","guid":{"rendered":"https:\/\/redfoxlotto.com\/?page_id=85575"},"modified":"2025-04-21T08:00:07","modified_gmt":"2025-04-21T08:00:07","slug":"resultados-de-la-loteria-de-nueva-york","status":"publish","type":"page","link":"https:\/\/redfoxlotto.com\/es\/resultados\/resultados-de-la-loteria-de-nueva-york\/","title":{"rendered":"Resultados de la Loter\u00eda de Nueva York"},"content":{"rendered":"<h2>\ud83d\uddfdLos resultados m\u00e1s recientes del sorteo de la Loter\u00eda de Nueva York.<\/h2>\n<p><img loading=\"lazy\" decoding=\"async\" class=\"size-full wp-image-48546 alignright\" src=\"https:\/\/redfoxlotto.com\/wp-content\/uploads\/2023\/04\/powerball-draw-youtube1-300x300-1.jpg\" alt=\"newyork lotto \" width=\"300\" height=\"300\" srcset=\"https:\/\/redfoxlotto.com\/wp-content\/uploads\/2023\/04\/powerball-draw-youtube1-300x300-1.jpg 300w, https:\/\/redfoxlotto.com\/wp-content\/uploads\/2023\/04\/powerball-draw-youtube1-300x300-1-100x100.jpg 100w, https:\/\/redfoxlotto.com\/wp-content\/uploads\/2023\/04\/powerball-draw-youtube1-300x300-1-150x150.jpg 150w\" sizes=\"auto, (max-width: 300px) 100vw, 300px\" \/><br \/>\nLos jugadores de loter\u00eda interesados en los resultados m\u00e1s recientes de la Loter\u00eda de Nueva York pueden aprovechar la plataforma de RedFoxLotto, que no solo es completa, sino tambi\u00e9n f\u00e1cil de usar. Para garantizar que siempre est\u00e9 al d\u00eda con la informaci\u00f3n m\u00e1s reciente, RedFoxLotto le proporciona la informaci\u00f3n m\u00e1s reciente, independientemente de si est\u00e1 buscando el sorteo m\u00e1s reciente o las combinaciones de n\u00fameros que han ganado en el pasado.<\/p>\n<h2>\ud83d\udd0dAcceso a los \u00faltimos descubrimientos<\/h2>\n<p>El sitio web RedFoxLotto se encarga de mantener una p\u00e1gina dedicada exclusivamente a los resultados de la Loter\u00eda de Nueva York. Los usuarios podr\u00e1n utilizar esta p\u00e1gina para consultar los n\u00fameros ganadores de los \u00faltimos sorteos realizados. De este modo, los jugadores tienen a su alcance toda la informaci\u00f3n pertinente, ya que se les proporciona informaci\u00f3n detallada sobre varios juegos.<\/p>\n<h2>Caracter\u00edsticas y ventajas del producto<\/h2>\n<h3>Colecciones completas de archivos:<\/h3>\n<p>Los usuarios de RedFoxLotto tienen acceso a un archivo de n\u00fameros ganadores anteriores, adem\u00e1s de los resultados m\u00e1s recientes de la loter\u00eda. Los usuarios pueden investigar patrones o comprobar los resultados de n\u00fameros ganadores anteriores utilizando este archivo.<\/p>\n<p>Los jugadores de todo el mundo pueden participar en la Loter\u00eda de Nueva York utilizando la plataforma que ofrece RedFoxLotto.com. Esta accesibilidad permite participar a jugadores de todo el mundo. De este modo, es mucho m\u00e1s sencillo para las personas de otros pa\u00edses participar en las loter\u00edas que se celebran en Estados Unidos.<\/p>\n<p>Las transacciones seguras de RedFoxLotto garantizan la seguridad de todas las transacciones financieras, lo que permite a los usuarios comprar boletos en l\u00ednea sin ning\u00fan tipo de preocupaci\u00f3n. Esto ha hecho posible que los usuarios compren boletos en l\u00ednea.<\/p>\n<h3>Alertas que se generan autom\u00e1ticamente:<\/h3>\n<p>En caso de que un usuario tenga \u00e9xito, se le notificar\u00e1 inmediatamente, lo que reduce la necesidad de que una persona verifique manualmente los resultados.<\/p>\n<h2>C\u00f3mo empezar: una gu\u00eda paso a paso<\/h2>\n<p>Suponiendo que visita el sitio web, dir\u00edjase a la p\u00e1gina de la Loter\u00eda de Nueva York en RedFoxLotto siguiendo el enlace proporcionado. https:\/\/redfoxlotto.com\/results\/new-york-lottery\/<\/p>\n<p>Para crear una cuenta de usuario, al registrarse, podr\u00e1 acceder a todos los servicios, incluidas las oportunidades de comprar boletos y recibir notificaciones sobre los resultados.<\/p>\n<p>Para comprar boletos para los pr\u00f3ximos sorteos, puede seleccionar sus n\u00fameros preferidos o utilizar la opci\u00f3n de selecci\u00f3n r\u00e1pida. Adem\u00e1s, tiene la opci\u00f3n de seleccionar la opci\u00f3n de selecci\u00f3n r\u00e1pida.<\/p>\n<p>Una vez realizado el sorteo, debe volver al sitio web para verificar los n\u00fameros ganadores m\u00e1s recientes y decidir si ha ganado o no.<\/p>\n<p>Al proporcionar un medio fiable y eficaz para realizar un seguimiento de los resultados m\u00e1s recientes y gestionar sus acciones relacionadas con la loter\u00eda, RedFoxLotto simplifica el proceso de participaci\u00f3n en la Loter\u00eda de Nueva York.<\/p>\n","protected":false},"excerpt":{"rendered":"<p>\ud83d\uddfdLos resultados m\u00e1s recientes del sorteo de la Loter\u00eda de Nueva York. Los jugadores de loter\u00eda interesados en los resultados m\u00e1s recientes de la Loter\u00eda de Nueva York pueden aprovechar la plataforma de RedFoxLotto, que no solo es completa, sino tambi\u00e9n f\u00e1cil de usar. Para garantizar que siempre est\u00e9 al d\u00eda con la informaci\u00f3n m\u00e1s [&hellip;]<\/p>\n","protected":false},"author":8,"featured_media":0,"parent":227,"menu_order":18,"comment_status":"closed","ping_status":"closed","template":"newyork-results.php","meta":{"_et_pb_use_builder":"","_et_pb_old_content":"","_et_gb_content_width":"","exclude_from_search":false,"footnotes":""},"class_list":["post-85575","page","type-page","status-publish","hentry"],"yoast_head":"<!-- This site is optimized with the Yoast SEO plugin v23.8 - https:\/\/yoast.com\/wordpress\/plugins\/seo\/ -->\n<title>N\u00fameros ganadores de la Loter\u00eda de Nueva York | Resultados de la Loter\u00eda de Nueva York de anoche<\/title>\n<meta name=\"description\" content=\"Si busca los n\u00fameros ganadores de la Loter\u00eda de Nueva York de anoche o resultados anteriores, los encontrar\u00e1 todos en nuestro sitio web.\" \/>\n<meta name=\"robots\" content=\"index, follow, max-snippet:-1, max-image-preview:large, max-video-preview:-1\" \/>\n<link rel=\"canonical\" href=\"https:\/\/redfoxlotto.com\/es\/resultados\/resultados-de-la-loteria-de-nueva-york\/\" \/>\n<meta property=\"og:locale\" content=\"es_ES\" \/>\n<meta property=\"og:type\" content=\"article\" \/>\n<meta property=\"og:title\" content=\"N\u00fameros ganadores de la Loter\u00eda de Nueva York | Resultados de la Loter\u00eda de Nueva York de anoche\" \/>\n<meta property=\"og:description\" content=\"Si busca los n\u00fameros ganadores de la Loter\u00eda de Nueva York de anoche o resultados anteriores, los encontrar\u00e1 todos en nuestro sitio web.\" \/>\n<meta property=\"og:url\" content=\"https:\/\/redfoxlotto.com\/es\/resultados\/resultados-de-la-loteria-de-nueva-york\/\" \/>\n<meta property=\"og:site_name\" content=\"Get Tickets for the World\u2019s largest jackpots\" \/>\n<meta property=\"article:modified_time\" content=\"2025-04-21T08:00:07+00:00\" \/>\n<meta property=\"og:image\" content=\"https:\/\/redfoxlotto.com\/wp-content\/uploads\/2023\/04\/powerball-draw-youtube1-300x300-1.jpg\" \/>\n<meta name=\"twitter:card\" content=\"summary_large_image\" \/>\n<meta name=\"twitter:label1\" content=\"Tiempo de lectura\" \/>\n\t<meta name=\"twitter:data1\" content=\"3 minutos\" \/>\n<script type=\"application\/ld+json\" class=\"yoast-schema-graph\">{\"@context\":\"https:\/\/schema.org\",\"@graph\":[{\"@type\":\"WebPage\",\"@id\":\"https:\/\/redfoxlotto.com\/es\/resultados\/resultados-de-la-loteria-de-nueva-york\/\",\"url\":\"https:\/\/redfoxlotto.com\/es\/resultados\/resultados-de-la-loteria-de-nueva-york\/\",\"name\":\"N\u00fameros ganadores de la Loter\u00eda de Nueva York | Resultados de la Loter\u00eda de Nueva York de anoche\",\"isPartOf\":{\"@id\":\"https:\/\/redfoxlotto.com\/es\/#website\"},\"primaryImageOfPage\":{\"@id\":\"https:\/\/redfoxlotto.com\/es\/resultados\/resultados-de-la-loteria-de-nueva-york\/#primaryimage\"},\"image\":{\"@id\":\"https:\/\/redfoxlotto.com\/es\/resultados\/resultados-de-la-loteria-de-nueva-york\/#primaryimage\"},\"thumbnailUrl\":\"https:\/\/redfoxlotto.com\/wp-content\/uploads\/2023\/04\/powerball-draw-youtube1-300x300-1.jpg\",\"datePublished\":\"2025-02-25T17:29:04+00:00\",\"dateModified\":\"2025-04-21T08:00:07+00:00\",\"description\":\"Si busca los n\u00fameros ganadores de la Loter\u00eda de Nueva York de anoche o resultados anteriores, los encontrar\u00e1 todos en nuestro sitio web.\",\"breadcrumb\":{\"@id\":\"https:\/\/redfoxlotto.com\/es\/resultados\/resultados-de-la-loteria-de-nueva-york\/#breadcrumb\"},\"inLanguage\":\"es\",\"potentialAction\":[{\"@type\":\"ReadAction\",\"target\":[\"https:\/\/redfoxlotto.com\/es\/resultados\/resultados-de-la-loteria-de-nueva-york\/\"]}]},{\"@type\":\"ImageObject\",\"inLanguage\":\"es\",\"@id\":\"https:\/\/redfoxlotto.com\/es\/resultados\/resultados-de-la-loteria-de-nueva-york\/#primaryimage\",\"url\":\"https:\/\/redfoxlotto.com\/wp-content\/uploads\/2023\/04\/powerball-draw-youtube1-300x300-1.jpg\",\"contentUrl\":\"https:\/\/redfoxlotto.com\/wp-content\/uploads\/2023\/04\/powerball-draw-youtube1-300x300-1.jpg\"},{\"@type\":\"BreadcrumbList\",\"@id\":\"https:\/\/redfoxlotto.com\/es\/resultados\/resultados-de-la-loteria-de-nueva-york\/#breadcrumb\",\"itemListElement\":[{\"@type\":\"ListItem\",\"position\":1,\"name\":\"Home\",\"item\":\"https:\/\/redfoxlotto.com\/es\/\"},{\"@type\":\"ListItem\",\"position\":2,\"name\":\"Resultados y n\u00fameros ganadores de loto en el mundo\",\"item\":\"https:\/\/redfoxlotto.com\/es\/resultados\/\"},{\"@type\":\"ListItem\",\"position\":3,\"name\":\"Resultados de la Loter\u00eda de Nueva York\"}]},{\"@type\":\"WebSite\",\"@id\":\"https:\/\/redfoxlotto.com\/es\/#website\",\"url\":\"https:\/\/redfoxlotto.com\/es\/\",\"name\":\"Get Tickets for the World\u2019s largest jackpots\",\"description\":\"Participate in worldwide lottery jackpots from any country\",\"publisher\":{\"@id\":\"https:\/\/redfoxlotto.com\/es\/#organization\"},\"potentialAction\":[{\"@type\":\"SearchAction\",\"target\":{\"@type\":\"EntryPoint\",\"urlTemplate\":\"https:\/\/redfoxlotto.com\/es\/?s={search_term_string}\"},\"query-input\":{\"@type\":\"PropertyValueSpecification\",\"valueRequired\":true,\"valueName\":\"search_term_string\"}}],\"inLanguage\":\"es\"},{\"@type\":\"Organization\",\"@id\":\"https:\/\/redfoxlotto.com\/es\/#organization\",\"name\":\"Get Tickets for the World\u2019s largest jackpots\",\"url\":\"https:\/\/redfoxlotto.com\/es\/\",\"logo\":{\"@type\":\"ImageObject\",\"inLanguage\":\"es\",\"@id\":\"https:\/\/redfoxlotto.com\/es\/#\/schema\/logo\/image\/\",\"url\":\"https:\/\/redfoxlotto.com\/wp-content\/uploads\/2023\/04\/logo.png\",\"contentUrl\":\"https:\/\/redfoxlotto.com\/wp-content\/uploads\/2023\/04\/logo.png\",\"width\":269,\"height\":53,\"caption\":\"Get Tickets for the World\u2019s largest jackpots\"},\"image\":{\"@id\":\"https:\/\/redfoxlotto.com\/es\/#\/schema\/logo\/image\/\"}}]}<\/script>\n<!-- \/ Yoast SEO plugin. -->","yoast_head_json":{"title":"N\u00fameros ganadores de la Loter\u00eda de Nueva York | Resultados de la Loter\u00eda de Nueva York de anoche","description":"Si busca los n\u00fameros ganadores de la Loter\u00eda de Nueva York de anoche o resultados anteriores, los encontrar\u00e1 todos en nuestro sitio web.","robots":{"index":"index","follow":"follow","max-snippet":"max-snippet:-1","max-image-preview":"max-image-preview:large","max-video-preview":"max-video-preview:-1"},"canonical":"https:\/\/redfoxlotto.com\/es\/resultados\/resultados-de-la-loteria-de-nueva-york\/","og_locale":"es_ES","og_type":"article","og_title":"N\u00fameros ganadores de la Loter\u00eda de Nueva York | Resultados de la Loter\u00eda de Nueva York de anoche","og_description":"Si busca los n\u00fameros ganadores de la Loter\u00eda de Nueva York de anoche o resultados anteriores, los encontrar\u00e1 todos en nuestro sitio web.","og_url":"https:\/\/redfoxlotto.com\/es\/resultados\/resultados-de-la-loteria-de-nueva-york\/","og_site_name":"Get Tickets for the World\u2019s largest jackpots","article_modified_time":"2025-04-21T08:00:07+00:00","og_image":[{"url":"https:\/\/redfoxlotto.com\/wp-content\/uploads\/2023\/04\/powerball-draw-youtube1-300x300-1.jpg"}],"twitter_card":"summary_large_image","twitter_misc":{"Tiempo de lectura":"3 minutos"},"schema":{"@context":"https:\/\/schema.org","@graph":[{"@type":"WebPage","@id":"https:\/\/redfoxlotto.com\/es\/resultados\/resultados-de-la-loteria-de-nueva-york\/","url":"https:\/\/redfoxlotto.com\/es\/resultados\/resultados-de-la-loteria-de-nueva-york\/","name":"N\u00fameros ganadores de la Loter\u00eda de Nueva York | Resultados de la Loter\u00eda de Nueva York de anoche","isPartOf":{"@id":"https:\/\/redfoxlotto.com\/es\/#website"},"primaryImageOfPage":{"@id":"https:\/\/redfoxlotto.com\/es\/resultados\/resultados-de-la-loteria-de-nueva-york\/#primaryimage"},"image":{"@id":"https:\/\/redfoxlotto.com\/es\/resultados\/resultados-de-la-loteria-de-nueva-york\/#primaryimage"},"thumbnailUrl":"https:\/\/redfoxlotto.com\/wp-content\/uploads\/2023\/04\/powerball-draw-youtube1-300x300-1.jpg","datePublished":"2025-02-25T17:29:04+00:00","dateModified":"2025-04-21T08:00:07+00:00","description":"Si busca los n\u00fameros ganadores de la Loter\u00eda de Nueva York de anoche o resultados anteriores, los encontrar\u00e1 todos en nuestro sitio web.","breadcrumb":{"@id":"https:\/\/redfoxlotto.com\/es\/resultados\/resultados-de-la-loteria-de-nueva-york\/#breadcrumb"},"inLanguage":"es","potentialAction":[{"@type":"ReadAction","target":["https:\/\/redfoxlotto.com\/es\/resultados\/resultados-de-la-loteria-de-nueva-york\/"]}]},{"@type":"ImageObject","inLanguage":"es","@id":"https:\/\/redfoxlotto.com\/es\/resultados\/resultados-de-la-loteria-de-nueva-york\/#primaryimage","url":"https:\/\/redfoxlotto.com\/wp-content\/uploads\/2023\/04\/powerball-draw-youtube1-300x300-1.jpg","contentUrl":"https:\/\/redfoxlotto.com\/wp-content\/uploads\/2023\/04\/powerball-draw-youtube1-300x300-1.jpg"},{"@type":"BreadcrumbList","@id":"https:\/\/redfoxlotto.com\/es\/resultados\/resultados-de-la-loteria-de-nueva-york\/#breadcrumb","itemListElement":[{"@type":"ListItem","position":1,"name":"Home","item":"https:\/\/redfoxlotto.com\/es\/"},{"@type":"ListItem","position":2,"name":"Resultados y n\u00fameros ganadores de loto en el mundo","item":"https:\/\/redfoxlotto.com\/es\/resultados\/"},{"@type":"ListItem","position":3,"name":"Resultados de la Loter\u00eda de Nueva York"}]},{"@type":"WebSite","@id":"https:\/\/redfoxlotto.com\/es\/#website","url":"https:\/\/redfoxlotto.com\/es\/","name":"Get Tickets for the World\u2019s largest jackpots","description":"Participate in worldwide lottery jackpots from any country","publisher":{"@id":"https:\/\/redfoxlotto.com\/es\/#organization"},"potentialAction":[{"@type":"SearchAction","target":{"@type":"EntryPoint","urlTemplate":"https:\/\/redfoxlotto.com\/es\/?s={search_term_string}"},"query-input":{"@type":"PropertyValueSpecification","valueRequired":true,"valueName":"search_term_string"}}],"inLanguage":"es"},{"@type":"Organization","@id":"https:\/\/redfoxlotto.com\/es\/#organization","name":"Get Tickets for the World\u2019s largest jackpots","url":"https:\/\/redfoxlotto.com\/es\/","logo":{"@type":"ImageObject","inLanguage":"es","@id":"https:\/\/redfoxlotto.com\/es\/#\/schema\/logo\/image\/","url":"https:\/\/redfoxlotto.com\/wp-content\/uploads\/2023\/04\/logo.png","contentUrl":"https:\/\/redfoxlotto.com\/wp-content\/uploads\/2023\/04\/logo.png","width":269,"height":53,"caption":"Get Tickets for the World\u2019s largest jackpots"},"image":{"@id":"https:\/\/redfoxlotto.com\/es\/#\/schema\/logo\/image\/"}}]}},"_links":{"self":[{"href":"https:\/\/redfoxlotto.com\/es\/wp-json\/wp\/v2\/pages\/85575","targetHints":{"allow":["GET"]}}],"collection":[{"href":"https:\/\/redfoxlotto.com\/es\/wp-json\/wp\/v2\/pages"}],"about":[{"href":"https:\/\/redfoxlotto.com\/es\/wp-json\/wp\/v2\/types\/page"}],"author":[{"embeddable":true,"href":"https:\/\/redfoxlotto.com\/es\/wp-json\/wp\/v2\/users\/8"}],"replies":[{"embeddable":true,"href":"https:\/\/redfoxlotto.com\/es\/wp-json\/wp\/v2\/comments?post=85575"}],"version-history":[{"count":0,"href":"https:\/\/redfoxlotto.com\/es\/wp-json\/wp\/v2\/pages\/85575\/revisions"}],"up":[{"embeddable":true,"href":"https:\/\/redfoxlotto.com\/es\/wp-json\/wp\/v2\/pages\/227"}],"wp:attachment":[{"href":"https:\/\/redfoxlotto.com\/es\/wp-json\/wp\/v2\/media?parent=85575"}],"curies":[{"name":"wp","href":"https:\/\/api.w.org\/{rel}","templated":true}]}}