{"id":85511,"date":"2025-02-25T17:25:31","date_gmt":"2025-02-25T17:25:31","guid":{"rendered":"https:\/\/redfoxlotto.com\/?page_id=85511"},"modified":"2025-04-21T06:59:17","modified_gmt":"2025-04-21T06:59:17","slug":"acerca-de-la-loteria-de-nueva-york","status":"publish","type":"page","link":"https:\/\/redfoxlotto.com\/es\/loterias\/acerca-de-la-loteria-de-nueva-york\/","title":{"rendered":"Acerca de la Loter\u00eda de Nueva York"},"content":{"rendered":"<h2>C\u00f3mo comprar boletos de la Loter\u00eda de Nueva York<\/h2>\n<p>Gu\u00eda para comprar boletos de la Loter\u00eda de Nueva York en RedFoxLotto:<\/p>\n<p>Cuando juegas a la Loter\u00eda de Nueva York, \u00bfalguna vez has fantaseado con ganar un premio mayor que podr\u00eda transformar tu vida por completo? Participar en loter\u00edas internacionales, como la Loter\u00eda de Nueva York, nunca ha sido tan f\u00e1cil como con RedFoxLotto, incluso si te encuentras fuera de los Estados Unidos.<\/p>\n<p>A lo largo de esta publicaci\u00f3n, te guiaremos a trav\u00e9s del proceso de compra de boletos de la Loter\u00eda de Nueva York en RedFoxLotto en unos sencillos pasos.<\/p>\n<h2>RedFoxLotto: \u00bfqu\u00e9 es?<\/h2>\n<p>Puedes participar en las principales loter\u00edas internacionales con RedFoxLotto, un servicio de loter\u00eda online de gran reputaci\u00f3n. Estas loter\u00edas incluyen Powerball, Mega Millions, EuroMillions y, por supuesto, la Loter\u00eda de Nueva York. Realizan la funci\u00f3n de un servicio de mensajer\u00eda de boletos, lo que significa que compran un boleto aut\u00e9ntico en tu nombre y luego lo escanean en tu cuenta online designada.<\/p>\n<h3>RedFoxLotto: gu\u00eda paso a paso para comprar boletos para el programa de loter\u00eda de Nueva York<\/h3>\n<p>1. Reg\u00edstrese. Vaya a RedFoxLotto.com para comenzar con el proceso de registro. Introduzca su informaci\u00f3n b\u00e1sica, como su nombre, direcci\u00f3n de correo electr\u00f3nico y el pa\u00eds en el que reside actualmente, haciendo clic en el bot\u00f3n \u00abRegistrarse\u00bb.<\/p>\n<p>2. Confirme que su cuenta es leg\u00edtima.<\/p>\n<p>Cuando haya completado el proceso de registro, encontrar\u00e1 un enlace de verificaci\u00f3n en su bandeja de entrada. Puede verificar su cuenta haciendo clic en \u00e9l. Aunque se trata de un paso sencillo, es esencial tanto para la seguridad como para posibles ganancias futuras.<\/p>\n<p>3. Investigue las loter\u00edas<\/p>\n<p>Una vez que te hayas registrado correctamente, ve a la p\u00e1gina de inicio y busca la loter\u00eda de Nueva York en la lista de loter\u00edas disponibles. Al hacer clic en ella, podr\u00e1s obtener m\u00e1s informaci\u00f3n sobre el pr\u00f3ximo sorteo, el tama\u00f1o del bote y el precio de los boletos.<\/p>\n<p>4. Elige tus n\u00fameros<\/p>\n<p>Tu tarea consistir\u00e1 en elegir seis n\u00fameros del uno al sesenta y nueve. Tienes la opci\u00f3n de seleccionarlos manualmente o puedes utilizar la opci\u00f3n Quick Pick para que RedFoxLotto genere n\u00fameros aleatorios desde cero por ti.<\/p>\n<h2>A\u00f1ade al carrito y procede al pago<\/h2>\n<p>Tan pronto como hayas seleccionado tus n\u00fameros, a\u00f1ade tu boleto al carrito de la compra. A continuaci\u00f3n, accede a la zona de pago. RedFoxLotto admite m\u00faltiples opciones de pago, entre las que se incluyen las siguientes:<\/p>\n<ul>\n<li>Tarjetas de cr\u00e9dito y d\u00e9bito<\/li>\n<li>Transferencia bancaria<\/li>\n<li>Monederos electr\u00f3nicos como Skrill<\/li>\n<li>En algunas zonas, se utilizan ampliamente las criptomonedas.<\/li>\n<\/ul>\n<h2>Confirmaci\u00f3n y esc\u00e1ner de boletos<\/h2>\n<p>Inmediatamente despu\u00e9s de que se haya procesado su pago, RedFoxLotto enviar\u00e1 a uno de sus agentes locales en Estados Unidos para comprar un boleto aut\u00e9ntico de la Loter\u00eda de Nueva York con los n\u00fameros que haya seleccionado. Para proporcionar una prueba de la compra, se publicar\u00e1 en su cuenta una copia escaneada de su boleto.<\/p>\n<h2>\u00bfQu\u00e9 ocurre si gana?<\/h2>\n<h3>Si los n\u00fameros que ha introducido ganan un premio:<\/h3>\n<p>Su cuenta de RedFoxLotto se acreditar\u00e1 instant\u00e1neamente con cualquier premio de cuant\u00eda menor o moderada. Una vez que haya ganado un gran premio, el equipo de RedFoxLotto le guiar\u00e1 a trav\u00e9s de los pasos necesarios para reclamar su premio. Es posible que tenga que viajar a los Estados Unidos, dependiendo de la cantidad y de la normativa del estado.<\/p>\n<h2>\u00bfCu\u00e1l es la legislaci\u00f3n aplicable?<\/h2>\n<p>Efectivamente. RedFoxLotto no es un proveedor de loter\u00eda, sino que gestiona la distribuci\u00f3n de los boletos de loter\u00eda. Usted compra un boleto f\u00edsico real a trav\u00e9s de un agente autorizado, lo que garantiza que todo sea legal y transparente, incluso si juega desde otro pa\u00eds.<\/p>\n<h2>Comentarios finales<\/h2>\n<p>Ya no es un sue\u00f1o imposible poder comprar boletos para la Loter\u00eda de Nueva York desde cualquier lugar del mundo. RedFoxLotto lo hace f\u00e1cil, seguro y accesible. Con solo unos clics, podr\u00eda estar en la carrera por ganar millones de d\u00f3lares, y ni siquiera tendr\u00eda que salir de su coche para ir a Nueva York.<\/p>\n<p>\u00bfA qu\u00e9 esperas? \u00a1Reg\u00edstrate ahora mismo, elige tus n\u00fameros de la suerte y prep\u00e1rate para ganar el bote!<\/p>\n","protected":false},"excerpt":{"rendered":"<p>C\u00f3mo comprar boletos de la Loter\u00eda de Nueva York Gu\u00eda para comprar boletos de la Loter\u00eda de Nueva York en RedFoxLotto: Cuando juegas a la Loter\u00eda de Nueva York, \u00bfalguna vez has fantaseado con ganar un premio mayor que podr\u00eda transformar tu vida por completo? Participar en loter\u00edas internacionales, como la Loter\u00eda de Nueva York, [&hellip;]<\/p>\n","protected":false},"author":8,"featured_media":0,"parent":219,"menu_order":18,"comment_status":"closed","ping_status":"closed","template":"newyork-info.php","meta":{"_et_pb_use_builder":"","_et_pb_old_content":"","_et_gb_content_width":"","exclude_from_search":false,"footnotes":""},"class_list":["post-85511","page","type-page","status-publish","hentry"],"yoast_head":"<!-- This site is optimized with the Yoast SEO plugin v27.3 - https:\/\/yoast.com\/product\/yoast-seo-wordpress\/ -->\n<title>C\u00f3mo comprar boletos de la Loter\u00eda de Nueva York online desde el Reino Unido<\/title>\n<meta name=\"description\" content=\"Compra aqu\u00ed tus boletos para la Loter\u00eda de Nueva York: incluso desde el Reino Unido puedes participar en la Loter\u00eda de Nueva York online y recibir un boleto escaneado en cuesti\u00f3n de minutos.\" \/>\n<meta name=\"robots\" content=\"index, follow, max-snippet:-1, max-image-preview:large, max-video-preview:-1\" \/>\n<link rel=\"canonical\" href=\"https:\/\/redfoxlotto.com\/es\/loterias\/acerca-de-la-loteria-de-nueva-york\/\" \/>\n<meta property=\"og:locale\" content=\"es_ES\" \/>\n<meta property=\"og:type\" content=\"article\" \/>\n<meta property=\"og:title\" content=\"C\u00f3mo comprar boletos de la Loter\u00eda de Nueva York online desde el Reino Unido\" \/>\n<meta property=\"og:description\" content=\"Compra aqu\u00ed tus boletos para la Loter\u00eda de Nueva York: incluso desde el Reino Unido puedes participar en la Loter\u00eda de Nueva York online y recibir un boleto escaneado en cuesti\u00f3n de minutos.\" \/>\n<meta property=\"og:url\" content=\"https:\/\/redfoxlotto.com\/es\/loterias\/acerca-de-la-loteria-de-nueva-york\/\" \/>\n<meta property=\"og:site_name\" content=\"Get Tickets for the World\u2019s largest jackpots\" \/>\n<meta property=\"article:modified_time\" content=\"2025-04-21T06:59:17+00:00\" \/>\n<meta name=\"twitter:card\" content=\"summary_large_image\" \/>\n<meta name=\"twitter:label1\" content=\"Tiempo de lectura\" \/>\n\t<meta name=\"twitter:data1\" content=\"3 minutos\" \/>\n<script type=\"application\/ld+json\" class=\"yoast-schema-graph\">{\"@context\":\"https:\\\/\\\/schema.org\",\"@graph\":[{\"@type\":\"WebPage\",\"@id\":\"https:\\\/\\\/redfoxlotto.com\\\/es\\\/loterias\\\/acerca-de-la-loteria-de-nueva-york\\\/\",\"url\":\"https:\\\/\\\/redfoxlotto.com\\\/es\\\/loterias\\\/acerca-de-la-loteria-de-nueva-york\\\/\",\"name\":\"C\u00f3mo comprar boletos de la Loter\u00eda de Nueva York online desde el Reino Unido\",\"isPartOf\":{\"@id\":\"https:\\\/\\\/redfoxlotto.com\\\/es\\\/#website\"},\"datePublished\":\"2025-02-25T17:25:31+00:00\",\"dateModified\":\"2025-04-21T06:59:17+00:00\",\"description\":\"Compra aqu\u00ed tus boletos para la Loter\u00eda de Nueva York: incluso desde el Reino Unido puedes participar en la Loter\u00eda de Nueva York online y recibir un boleto escaneado en cuesti\u00f3n de minutos.\",\"breadcrumb\":{\"@id\":\"https:\\\/\\\/redfoxlotto.com\\\/es\\\/loterias\\\/acerca-de-la-loteria-de-nueva-york\\\/#breadcrumb\"},\"inLanguage\":\"es\",\"potentialAction\":[{\"@type\":\"ReadAction\",\"target\":[\"https:\\\/\\\/redfoxlotto.com\\\/es\\\/loterias\\\/acerca-de-la-loteria-de-nueva-york\\\/\"]}]},{\"@type\":\"BreadcrumbList\",\"@id\":\"https:\\\/\\\/redfoxlotto.com\\\/es\\\/loterias\\\/acerca-de-la-loteria-de-nueva-york\\\/#breadcrumb\",\"itemListElement\":[{\"@type\":\"ListItem\",\"position\":1,\"name\":\"Home\",\"item\":\"https:\\\/\\\/redfoxlotto.com\\\/es\\\/\"},{\"@type\":\"ListItem\",\"position\":2,\"name\":\"Loter\u00edas mundiales\",\"item\":\"https:\\\/\\\/redfoxlotto.com\\\/es\\\/loterias\\\/\"},{\"@type\":\"ListItem\",\"position\":3,\"name\":\"Acerca de la Loter\u00eda de Nueva York\"}]},{\"@type\":\"WebSite\",\"@id\":\"https:\\\/\\\/redfoxlotto.com\\\/es\\\/#website\",\"url\":\"https:\\\/\\\/redfoxlotto.com\\\/es\\\/\",\"name\":\"Get Tickets for the World\u2019s largest jackpots\",\"description\":\"Participate in worldwide lottery jackpots from any country\",\"publisher\":{\"@id\":\"https:\\\/\\\/redfoxlotto.com\\\/es\\\/#organization\"},\"potentialAction\":[{\"@type\":\"SearchAction\",\"target\":{\"@type\":\"EntryPoint\",\"urlTemplate\":\"https:\\\/\\\/redfoxlotto.com\\\/es\\\/?s={search_term_string}\"},\"query-input\":{\"@type\":\"PropertyValueSpecification\",\"valueRequired\":true,\"valueName\":\"search_term_string\"}}],\"inLanguage\":\"es\"},{\"@type\":\"Organization\",\"@id\":\"https:\\\/\\\/redfoxlotto.com\\\/es\\\/#organization\",\"name\":\"Get Tickets for the World\u2019s largest jackpots\",\"url\":\"https:\\\/\\\/redfoxlotto.com\\\/es\\\/\",\"logo\":{\"@type\":\"ImageObject\",\"inLanguage\":\"es\",\"@id\":\"https:\\\/\\\/redfoxlotto.com\\\/es\\\/#\\\/schema\\\/logo\\\/image\\\/\",\"url\":\"https:\\\/\\\/redfoxlotto.com\\\/wp-content\\\/uploads\\\/2023\\\/04\\\/logo.png\",\"contentUrl\":\"https:\\\/\\\/redfoxlotto.com\\\/wp-content\\\/uploads\\\/2023\\\/04\\\/logo.png\",\"width\":269,\"height\":53,\"caption\":\"Get Tickets for the World\u2019s largest jackpots\"},\"image\":{\"@id\":\"https:\\\/\\\/redfoxlotto.com\\\/es\\\/#\\\/schema\\\/logo\\\/image\\\/\"}}]}<\/script>\n<!-- \/ Yoast SEO plugin. -->","yoast_head_json":{"title":"C\u00f3mo comprar boletos de la Loter\u00eda de Nueva York online desde el Reino Unido","description":"Compra aqu\u00ed tus boletos para la Loter\u00eda de Nueva York: incluso desde el Reino Unido puedes participar en la Loter\u00eda de Nueva York online y recibir un boleto escaneado en cuesti\u00f3n de minutos.","robots":{"index":"index","follow":"follow","max-snippet":"max-snippet:-1","max-image-preview":"max-image-preview:large","max-video-preview":"max-video-preview:-1"},"canonical":"https:\/\/redfoxlotto.com\/es\/loterias\/acerca-de-la-loteria-de-nueva-york\/","og_locale":"es_ES","og_type":"article","og_title":"C\u00f3mo comprar boletos de la Loter\u00eda de Nueva York online desde el Reino Unido","og_description":"Compra aqu\u00ed tus boletos para la Loter\u00eda de Nueva York: incluso desde el Reino Unido puedes participar en la Loter\u00eda de Nueva York online y recibir un boleto escaneado en cuesti\u00f3n de minutos.","og_url":"https:\/\/redfoxlotto.com\/es\/loterias\/acerca-de-la-loteria-de-nueva-york\/","og_site_name":"Get Tickets for the World\u2019s largest jackpots","article_modified_time":"2025-04-21T06:59:17+00:00","twitter_card":"summary_large_image","twitter_misc":{"Tiempo de lectura":"3 minutos"},"schema":{"@context":"https:\/\/schema.org","@graph":[{"@type":"WebPage","@id":"https:\/\/redfoxlotto.com\/es\/loterias\/acerca-de-la-loteria-de-nueva-york\/","url":"https:\/\/redfoxlotto.com\/es\/loterias\/acerca-de-la-loteria-de-nueva-york\/","name":"C\u00f3mo comprar boletos de la Loter\u00eda de Nueva York online desde el Reino Unido","isPartOf":{"@id":"https:\/\/redfoxlotto.com\/es\/#website"},"datePublished":"2025-02-25T17:25:31+00:00","dateModified":"2025-04-21T06:59:17+00:00","description":"Compra aqu\u00ed tus boletos para la Loter\u00eda de Nueva York: incluso desde el Reino Unido puedes participar en la Loter\u00eda de Nueva York online y recibir un boleto escaneado en cuesti\u00f3n de minutos.","breadcrumb":{"@id":"https:\/\/redfoxlotto.com\/es\/loterias\/acerca-de-la-loteria-de-nueva-york\/#breadcrumb"},"inLanguage":"es","potentialAction":[{"@type":"ReadAction","target":["https:\/\/redfoxlotto.com\/es\/loterias\/acerca-de-la-loteria-de-nueva-york\/"]}]},{"@type":"BreadcrumbList","@id":"https:\/\/redfoxlotto.com\/es\/loterias\/acerca-de-la-loteria-de-nueva-york\/#breadcrumb","itemListElement":[{"@type":"ListItem","position":1,"name":"Home","item":"https:\/\/redfoxlotto.com\/es\/"},{"@type":"ListItem","position":2,"name":"Loter\u00edas mundiales","item":"https:\/\/redfoxlotto.com\/es\/loterias\/"},{"@type":"ListItem","position":3,"name":"Acerca de la Loter\u00eda de Nueva York"}]},{"@type":"WebSite","@id":"https:\/\/redfoxlotto.com\/es\/#website","url":"https:\/\/redfoxlotto.com\/es\/","name":"Get Tickets for the World\u2019s largest jackpots","description":"Participate in worldwide lottery jackpots from any country","publisher":{"@id":"https:\/\/redfoxlotto.com\/es\/#organization"},"potentialAction":[{"@type":"SearchAction","target":{"@type":"EntryPoint","urlTemplate":"https:\/\/redfoxlotto.com\/es\/?s={search_term_string}"},"query-input":{"@type":"PropertyValueSpecification","valueRequired":true,"valueName":"search_term_string"}}],"inLanguage":"es"},{"@type":"Organization","@id":"https:\/\/redfoxlotto.com\/es\/#organization","name":"Get Tickets for the World\u2019s largest jackpots","url":"https:\/\/redfoxlotto.com\/es\/","logo":{"@type":"ImageObject","inLanguage":"es","@id":"https:\/\/redfoxlotto.com\/es\/#\/schema\/logo\/image\/","url":"https:\/\/redfoxlotto.com\/wp-content\/uploads\/2023\/04\/logo.png","contentUrl":"https:\/\/redfoxlotto.com\/wp-content\/uploads\/2023\/04\/logo.png","width":269,"height":53,"caption":"Get Tickets for the World\u2019s largest jackpots"},"image":{"@id":"https:\/\/redfoxlotto.com\/es\/#\/schema\/logo\/image\/"}}]}},"_links":{"self":[{"href":"https:\/\/redfoxlotto.com\/es\/wp-json\/wp\/v2\/pages\/85511","targetHints":{"allow":["GET"]}}],"collection":[{"href":"https:\/\/redfoxlotto.com\/es\/wp-json\/wp\/v2\/pages"}],"about":[{"href":"https:\/\/redfoxlotto.com\/es\/wp-json\/wp\/v2\/types\/page"}],"author":[{"embeddable":true,"href":"https:\/\/redfoxlotto.com\/es\/wp-json\/wp\/v2\/users\/8"}],"replies":[{"embeddable":true,"href":"https:\/\/redfoxlotto.com\/es\/wp-json\/wp\/v2\/comments?post=85511"}],"version-history":[{"count":0,"href":"https:\/\/redfoxlotto.com\/es\/wp-json\/wp\/v2\/pages\/85511\/revisions"}],"up":[{"embeddable":true,"href":"https:\/\/redfoxlotto.com\/es\/wp-json\/wp\/v2\/pages\/219"}],"wp:attachment":[{"href":"https:\/\/redfoxlotto.com\/es\/wp-json\/wp\/v2\/media?parent=85511"}],"curies":[{"name":"wp","href":"https:\/\/api.w.org\/{rel}","templated":true}]}}