{"id":85316,"date":"2025-03-30T12:21:27","date_gmt":"2025-03-30T12:21:27","guid":{"rendered":"https:\/\/redfoxlotto.com\/?page_id=85316"},"modified":"2025-12-10T16:51:52","modified_gmt":"2025-12-10T16:51:52","slug":"como-jugar-a-la-loteria-de-nueva-york-en-el-reino-unido","status":"publish","type":"page","link":"https:\/\/redfoxlotto.com\/es\/jugar\/como-jugar-a-la-loteria-de-nueva-york-en-el-reino-unido\/","title":{"rendered":"C\u00f3mo jugar a la loter\u00eda de Nueva York en el Reino Unido."},"content":{"rendered":"<p><script type=\"application\/ld+json\">\n{\n\"@context\": \"https:\/\/schema.org\",\n\"@type\": \"Service\",\n\"name\": \"Play New York Lottery\",\n\"url\": \"https:\/\/redfoxlotto.com\/es\/jugar\/como-jugar-a-la-loteria-de-nueva-york-en-el-reino-unido\/\",\n\"description\": \"Compra billetes oficiales de la Loter\u00eda de Nueva York en l\u00ednea a trav\u00e9s de RedFoxLotto. Elige tus n\u00fameros y participa en el pr\u00f3ximo sorteo.\",\n\"serviceType\": \"Online lottery ticket purchase\",<\/p>\n<p>\"provider\": {\n\"@type\": \"Organization\",\n\"name\": \"RedFoxLotto\",\n\"url\": \"https:\/\/redfoxlotto.com\",\n\"logo\": \"https:\/\/redfoxlotto.com\/wp-content\/uploads\/logo.png\"\n},<\/p>\n<p>\"areaServed\": \"Worldwide\",\n\"termsOfService\": \"https:\/\/redfoxlotto.com\/terms-and-conditions\",<\/p>\n<p>\"hasOfferCatalog\": {\n\"@type\": \"OfferCatalog\",\n\"name\": \"New York Lottery Offers\",\n\"itemListElement\": [\n{\n\"@type\": \"Offer\",\n\"name\": \"New York Lottery Ticket\",\n\"url\": \"https:\/\/redfoxlotto.com\/es\/jugar\/como-jugar-a-la-loteria-de-nueva-york-en-el-reino-unido\/\",\n\"description\": \"Una entrada para el pr\u00f3ximo sorteo de la Loter\u00eda de Nueva York.\",\n\"price\": \"1.40\",\n\"priceCurrency\": \"EUR\",\n\"availability\": \"https:\/\/schema.org\/InStock\",<\/p>\n<p>\"itemOffered\": {\n\"@type\": \"Service\",\n\"name\": \"New York Lottery Entry\",\n\"description\": \"Entrada para el pr\u00f3ximo sorteo de la Loter\u00eda de Nueva York a trav\u00e9s de RedFoxLotto.\"\n}\n}\n]\n},<\/p>\n<p>\"mainEntityOfPage\": {\n\"@type\": \"WebPage\",\n\"@id\": \"https:\/\/redfoxlotto.com\/es\/jugar\/como-jugar-a-la-loteria-de-nueva-york-en-el-reino-unido\/\"\n}\n}\n<\/script><\/p>\n<h2>C\u00f3mo participar en la loter\u00eda de Nueva York con RedFoxLotto.com en el Reino Unido<\/h2>\n<p><img loading=\"lazy\" decoding=\"async\" class=\" wp-image-48802 alignright\" src=\"https:\/\/redfoxlotto.com\/wp-content\/uploads\/2023\/04\/raffle-tickets-online-495x330-1-300x200.jpg\" alt=\"New York Lottery\" width=\"321\" height=\"214\" srcset=\"https:\/\/redfoxlotto.com\/wp-content\/uploads\/2023\/04\/raffle-tickets-online-495x330-1-300x200.jpg 300w, https:\/\/redfoxlotto.com\/wp-content\/uploads\/2023\/04\/raffle-tickets-online-495x330-1.jpg 495w\" sizes=\"auto, (max-width: 321px) 100vw, 321px\" \/><br \/>\nImagina, por ejemplo, que te despiertas en el Reino Unido, preparas tu t\u00e9 matutino y, al mirar tu tel\u00e9fono, descubres que acabas de ganar la loter\u00eda de Nueva York. \u00bfTe parece descabellado? \u00a1Cambia de opini\u00f3n! Con RedFoxLotto.com, puedes jugar a una de las loter\u00edas m\u00e1s emocionantes de los Estados Unidos de Am\u00e9rica desde la comodidad de tu hogar en el Reino Unido.<\/p>\n<h2>La loter\u00eda de Nueva York: \u00bfpor qu\u00e9 deber\u00eda jugar?<\/h2>\n<p>La loter\u00eda de Nueva York es famosa por sus enormes botes, sus emocionantes juegos y sus premios que pueden transformar por completo la vida de una persona. El hecho de que haya muchos sorteos cada semana significa que hay innumerables oportunidades para que sus sue\u00f1os se hagan realidad. Existe la posibilidad de que gane una cantidad de dinero que le cambie la vida si juega a la loter\u00eda Mega Millions o Powerball.<\/p>\n<h2>Instrucciones paso a paso para jugar en RedFoxLotto.com<\/h2>\n<p>1. Vaya al sitio web RedFoxLotto.com. Debe abrir el navegador web que prefiera y navegar hasta el sitio web oficial de RedFoxLotto.<\/p>\n<p>2. Cree una cuenta: para registrarse, deber\u00e1 proporcionar una cuenta. Adem\u00e1s de ser r\u00e1pido y seguro, es necesario para jugar.<\/p>\n<p>3. Elige la loter\u00eda de Nueva York: despu\u00e9s de revisar las diferentes loter\u00edas que se ofrecen, elige la loter\u00eda de Nueva York o cualquier otro premio estadounidense que te interese durante tu b\u00fasqueda.<\/p>\n<p>4. Selecciona tus n\u00fameros: puedes elegir tus n\u00fameros de la suerte manualmente o usar la opci\u00f3n de selecci\u00f3n r\u00e1pida, que permitir\u00e1 que el sistema los encuentre autom\u00e1ticamente por ti.<\/p>\n<p>5. Compra tu boleto: ve a la p\u00e1gina de pago y paga tu boleto de forma segura utilizando una de las muchas opciones de pago disponibles.<\/p>\n<p>6. Mientras esperas el sorteo, si\u00e9ntate y rel\u00e1jate. Si resultas ganador, \u00a1te lo notificaremos!<\/p>\n<h2>Ventajas de participar en los juegos de RedFoxLotto.com<\/h2>\n<p>Esto elimina la necesidad de viajar a los Estados Unidos para comprar un boleto.<\/p>\n<p>\u2022 Transacciones seguras: juegue con total tranquilidad, sabiendo que su dinero y su informaci\u00f3n de compra est\u00e1n protegidos.<\/p>\n<p>\u2022 Notificaciones autom\u00e1ticas: \u00a1no se pierda nunca un premio! Si es el afortunado ganador del bote, se le notificar\u00e1 de inmediato.<\/p>\n<p>Adem\u00e1s de la loter\u00eda de Nueva York, podr\u00e1 acceder a loter\u00edas de todo el mundo, lo que le brindar\u00e1 a\u00fan m\u00e1s oportunidades de ganar una importante suma de dinero.<\/p>\n<h2>Comentarios finales<\/h2>\n<p>Al utilizar RedFoxLotto.com, tendr\u00e1 acceso a todo el mundo del entretenimiento de la loter\u00eda. No importa en qu\u00e9 parte del Reino Unido se encuentre, tiene la oportunidad de perseguir el sue\u00f1o americano y posiblemente convertirse en el pr\u00f3ximo millonario de la Loter\u00eda de Nueva York. Por lo tanto, \u00bfpor qu\u00e9 esperar? Visite el sitio web RedFoxLotto.com ahora mismo para conseguir su boleto; nunca se sabe cu\u00e1ndo le sonreir\u00e1 la suerte.<\/p>\n","protected":false},"excerpt":{"rendered":"<p>C\u00f3mo participar en la loter\u00eda de Nueva York con RedFoxLotto.com en el Reino Unido Imagina, por ejemplo, que te despiertas en el Reino Unido, preparas tu t\u00e9 matutino y, al mirar tu tel\u00e9fono, descubres que acabas de ganar la loter\u00eda de Nueva York. \u00bfTe parece descabellado? \u00a1Cambia de opini\u00f3n! Con RedFoxLotto.com, puedes jugar a una [&hellip;]<\/p>\n","protected":false},"author":8,"featured_media":0,"parent":237,"menu_order":18,"comment_status":"closed","ping_status":"closed","template":"newyork.php","meta":{"_et_pb_use_builder":"","_et_pb_old_content":"","_et_gb_content_width":"","exclude_from_search":false,"footnotes":""},"class_list":["post-85316","page","type-page","status-publish","hentry"],"yoast_head":"<!-- This site is optimized with the Yoast SEO plugin v23.8 - https:\/\/yoast.com\/wordpress\/plugins\/seo\/ -->\n<title>C\u00f3mo participar en la Loter\u00eda de Nueva York desde el Reino Unido<\/title>\n<meta name=\"description\" content=\"Descubra c\u00f3mo jugar a la Loter\u00eda de Nueva York desde el Reino Unido en RedFoxLotto.com y obtenga consejos para maximizar sus posibilidades de ganar.\" \/>\n<meta name=\"robots\" content=\"index, follow, max-snippet:-1, max-image-preview:large, max-video-preview:-1\" \/>\n<link rel=\"canonical\" href=\"https:\/\/redfoxlotto.com\/es\/jugar\/como-jugar-a-la-loteria-de-nueva-york-en-el-reino-unido\/\" \/>\n<meta property=\"og:locale\" content=\"es_ES\" \/>\n<meta property=\"og:type\" content=\"article\" \/>\n<meta property=\"og:title\" content=\"C\u00f3mo participar en la Loter\u00eda de Nueva York desde el Reino Unido\" \/>\n<meta property=\"og:description\" content=\"Descubra c\u00f3mo jugar a la Loter\u00eda de Nueva York desde el Reino Unido en RedFoxLotto.com y obtenga consejos para maximizar sus posibilidades de ganar.\" \/>\n<meta property=\"og:url\" content=\"https:\/\/redfoxlotto.com\/es\/jugar\/como-jugar-a-la-loteria-de-nueva-york-en-el-reino-unido\/\" \/>\n<meta property=\"og:site_name\" content=\"Get Tickets for the World\u2019s largest jackpots\" \/>\n<meta property=\"article:modified_time\" content=\"2025-12-10T16:51:52+00:00\" \/>\n<meta property=\"og:image\" content=\"https:\/\/redfoxlotto.com\/wp-content\/uploads\/2023\/04\/raffle-tickets-online-495x330-1-300x200.jpg\" \/>\n<meta name=\"twitter:card\" content=\"summary_large_image\" \/>\n<meta name=\"twitter:label1\" content=\"Tiempo de lectura\" \/>\n\t<meta name=\"twitter:data1\" content=\"3 minutos\" \/>\n<script type=\"application\/ld+json\" class=\"yoast-schema-graph\">{\"@context\":\"https:\/\/schema.org\",\"@graph\":[{\"@type\":\"WebPage\",\"@id\":\"https:\/\/redfoxlotto.com\/es\/jugar\/como-jugar-a-la-loteria-de-nueva-york-en-el-reino-unido\/\",\"url\":\"https:\/\/redfoxlotto.com\/es\/jugar\/como-jugar-a-la-loteria-de-nueva-york-en-el-reino-unido\/\",\"name\":\"C\u00f3mo participar en la Loter\u00eda de Nueva York desde el Reino Unido\",\"isPartOf\":{\"@id\":\"https:\/\/redfoxlotto.com\/es\/#website\"},\"primaryImageOfPage\":{\"@id\":\"https:\/\/redfoxlotto.com\/es\/jugar\/como-jugar-a-la-loteria-de-nueva-york-en-el-reino-unido\/#primaryimage\"},\"image\":{\"@id\":\"https:\/\/redfoxlotto.com\/es\/jugar\/como-jugar-a-la-loteria-de-nueva-york-en-el-reino-unido\/#primaryimage\"},\"thumbnailUrl\":\"https:\/\/redfoxlotto.com\/wp-content\/uploads\/2023\/04\/raffle-tickets-online-495x330-1-300x200.jpg\",\"datePublished\":\"2025-03-30T12:21:27+00:00\",\"dateModified\":\"2025-12-10T16:51:52+00:00\",\"description\":\"Descubra c\u00f3mo jugar a la Loter\u00eda de Nueva York desde el Reino Unido en RedFoxLotto.com y obtenga consejos para maximizar sus posibilidades de ganar.\",\"breadcrumb\":{\"@id\":\"https:\/\/redfoxlotto.com\/es\/jugar\/como-jugar-a-la-loteria-de-nueva-york-en-el-reino-unido\/#breadcrumb\"},\"inLanguage\":\"es\",\"potentialAction\":[{\"@type\":\"ReadAction\",\"target\":[\"https:\/\/redfoxlotto.com\/es\/jugar\/como-jugar-a-la-loteria-de-nueva-york-en-el-reino-unido\/\"]}]},{\"@type\":\"ImageObject\",\"inLanguage\":\"es\",\"@id\":\"https:\/\/redfoxlotto.com\/es\/jugar\/como-jugar-a-la-loteria-de-nueva-york-en-el-reino-unido\/#primaryimage\",\"url\":\"https:\/\/redfoxlotto.com\/wp-content\/uploads\/2023\/04\/raffle-tickets-online-495x330-1-300x200.jpg\",\"contentUrl\":\"https:\/\/redfoxlotto.com\/wp-content\/uploads\/2023\/04\/raffle-tickets-online-495x330-1-300x200.jpg\"},{\"@type\":\"BreadcrumbList\",\"@id\":\"https:\/\/redfoxlotto.com\/es\/jugar\/como-jugar-a-la-loteria-de-nueva-york-en-el-reino-unido\/#breadcrumb\",\"itemListElement\":[{\"@type\":\"ListItem\",\"position\":1,\"name\":\"Home\",\"item\":\"https:\/\/redfoxlotto.com\/es\/\"},{\"@type\":\"ListItem\",\"position\":2,\"name\":\"Jugar loter\u00edas mundiales\",\"item\":\"https:\/\/redfoxlotto.com\/es\/jugar\/\"},{\"@type\":\"ListItem\",\"position\":3,\"name\":\"C\u00f3mo jugar a la loter\u00eda de Nueva York en el Reino Unido.\"}]},{\"@type\":\"WebSite\",\"@id\":\"https:\/\/redfoxlotto.com\/es\/#website\",\"url\":\"https:\/\/redfoxlotto.com\/es\/\",\"name\":\"Get Tickets for the World\u2019s largest jackpots\",\"description\":\"Participate in worldwide lottery jackpots from any country\",\"publisher\":{\"@id\":\"https:\/\/redfoxlotto.com\/es\/#organization\"},\"potentialAction\":[{\"@type\":\"SearchAction\",\"target\":{\"@type\":\"EntryPoint\",\"urlTemplate\":\"https:\/\/redfoxlotto.com\/es\/?s={search_term_string}\"},\"query-input\":{\"@type\":\"PropertyValueSpecification\",\"valueRequired\":true,\"valueName\":\"search_term_string\"}}],\"inLanguage\":\"es\"},{\"@type\":\"Organization\",\"@id\":\"https:\/\/redfoxlotto.com\/es\/#organization\",\"name\":\"Get Tickets for the World\u2019s largest jackpots\",\"url\":\"https:\/\/redfoxlotto.com\/es\/\",\"logo\":{\"@type\":\"ImageObject\",\"inLanguage\":\"es\",\"@id\":\"https:\/\/redfoxlotto.com\/es\/#\/schema\/logo\/image\/\",\"url\":\"https:\/\/redfoxlotto.com\/wp-content\/uploads\/2023\/04\/logo.png\",\"contentUrl\":\"https:\/\/redfoxlotto.com\/wp-content\/uploads\/2023\/04\/logo.png\",\"width\":269,\"height\":53,\"caption\":\"Get Tickets for the World\u2019s largest jackpots\"},\"image\":{\"@id\":\"https:\/\/redfoxlotto.com\/es\/#\/schema\/logo\/image\/\"}}]}<\/script>\n<!-- \/ Yoast SEO plugin. -->","yoast_head_json":{"title":"C\u00f3mo participar en la Loter\u00eda de Nueva York desde el Reino Unido","description":"Descubra c\u00f3mo jugar a la Loter\u00eda de Nueva York desde el Reino Unido en RedFoxLotto.com y obtenga consejos para maximizar sus posibilidades de ganar.","robots":{"index":"index","follow":"follow","max-snippet":"max-snippet:-1","max-image-preview":"max-image-preview:large","max-video-preview":"max-video-preview:-1"},"canonical":"https:\/\/redfoxlotto.com\/es\/jugar\/como-jugar-a-la-loteria-de-nueva-york-en-el-reino-unido\/","og_locale":"es_ES","og_type":"article","og_title":"C\u00f3mo participar en la Loter\u00eda de Nueva York desde el Reino Unido","og_description":"Descubra c\u00f3mo jugar a la Loter\u00eda de Nueva York desde el Reino Unido en RedFoxLotto.com y obtenga consejos para maximizar sus posibilidades de ganar.","og_url":"https:\/\/redfoxlotto.com\/es\/jugar\/como-jugar-a-la-loteria-de-nueva-york-en-el-reino-unido\/","og_site_name":"Get Tickets for the World\u2019s largest jackpots","article_modified_time":"2025-12-10T16:51:52+00:00","og_image":[{"url":"https:\/\/redfoxlotto.com\/wp-content\/uploads\/2023\/04\/raffle-tickets-online-495x330-1-300x200.jpg"}],"twitter_card":"summary_large_image","twitter_misc":{"Tiempo de lectura":"3 minutos"},"schema":{"@context":"https:\/\/schema.org","@graph":[{"@type":"WebPage","@id":"https:\/\/redfoxlotto.com\/es\/jugar\/como-jugar-a-la-loteria-de-nueva-york-en-el-reino-unido\/","url":"https:\/\/redfoxlotto.com\/es\/jugar\/como-jugar-a-la-loteria-de-nueva-york-en-el-reino-unido\/","name":"C\u00f3mo participar en la Loter\u00eda de Nueva York desde el Reino Unido","isPartOf":{"@id":"https:\/\/redfoxlotto.com\/es\/#website"},"primaryImageOfPage":{"@id":"https:\/\/redfoxlotto.com\/es\/jugar\/como-jugar-a-la-loteria-de-nueva-york-en-el-reino-unido\/#primaryimage"},"image":{"@id":"https:\/\/redfoxlotto.com\/es\/jugar\/como-jugar-a-la-loteria-de-nueva-york-en-el-reino-unido\/#primaryimage"},"thumbnailUrl":"https:\/\/redfoxlotto.com\/wp-content\/uploads\/2023\/04\/raffle-tickets-online-495x330-1-300x200.jpg","datePublished":"2025-03-30T12:21:27+00:00","dateModified":"2025-12-10T16:51:52+00:00","description":"Descubra c\u00f3mo jugar a la Loter\u00eda de Nueva York desde el Reino Unido en RedFoxLotto.com y obtenga consejos para maximizar sus posibilidades de ganar.","breadcrumb":{"@id":"https:\/\/redfoxlotto.com\/es\/jugar\/como-jugar-a-la-loteria-de-nueva-york-en-el-reino-unido\/#breadcrumb"},"inLanguage":"es","potentialAction":[{"@type":"ReadAction","target":["https:\/\/redfoxlotto.com\/es\/jugar\/como-jugar-a-la-loteria-de-nueva-york-en-el-reino-unido\/"]}]},{"@type":"ImageObject","inLanguage":"es","@id":"https:\/\/redfoxlotto.com\/es\/jugar\/como-jugar-a-la-loteria-de-nueva-york-en-el-reino-unido\/#primaryimage","url":"https:\/\/redfoxlotto.com\/wp-content\/uploads\/2023\/04\/raffle-tickets-online-495x330-1-300x200.jpg","contentUrl":"https:\/\/redfoxlotto.com\/wp-content\/uploads\/2023\/04\/raffle-tickets-online-495x330-1-300x200.jpg"},{"@type":"BreadcrumbList","@id":"https:\/\/redfoxlotto.com\/es\/jugar\/como-jugar-a-la-loteria-de-nueva-york-en-el-reino-unido\/#breadcrumb","itemListElement":[{"@type":"ListItem","position":1,"name":"Home","item":"https:\/\/redfoxlotto.com\/es\/"},{"@type":"ListItem","position":2,"name":"Jugar loter\u00edas mundiales","item":"https:\/\/redfoxlotto.com\/es\/jugar\/"},{"@type":"ListItem","position":3,"name":"C\u00f3mo jugar a la loter\u00eda de Nueva York en el Reino Unido."}]},{"@type":"WebSite","@id":"https:\/\/redfoxlotto.com\/es\/#website","url":"https:\/\/redfoxlotto.com\/es\/","name":"Get Tickets for the World\u2019s largest jackpots","description":"Participate in worldwide lottery jackpots from any country","publisher":{"@id":"https:\/\/redfoxlotto.com\/es\/#organization"},"potentialAction":[{"@type":"SearchAction","target":{"@type":"EntryPoint","urlTemplate":"https:\/\/redfoxlotto.com\/es\/?s={search_term_string}"},"query-input":{"@type":"PropertyValueSpecification","valueRequired":true,"valueName":"search_term_string"}}],"inLanguage":"es"},{"@type":"Organization","@id":"https:\/\/redfoxlotto.com\/es\/#organization","name":"Get Tickets for the World\u2019s largest jackpots","url":"https:\/\/redfoxlotto.com\/es\/","logo":{"@type":"ImageObject","inLanguage":"es","@id":"https:\/\/redfoxlotto.com\/es\/#\/schema\/logo\/image\/","url":"https:\/\/redfoxlotto.com\/wp-content\/uploads\/2023\/04\/logo.png","contentUrl":"https:\/\/redfoxlotto.com\/wp-content\/uploads\/2023\/04\/logo.png","width":269,"height":53,"caption":"Get Tickets for the World\u2019s largest jackpots"},"image":{"@id":"https:\/\/redfoxlotto.com\/es\/#\/schema\/logo\/image\/"}}]}},"_links":{"self":[{"href":"https:\/\/redfoxlotto.com\/es\/wp-json\/wp\/v2\/pages\/85316","targetHints":{"allow":["GET"]}}],"collection":[{"href":"https:\/\/redfoxlotto.com\/es\/wp-json\/wp\/v2\/pages"}],"about":[{"href":"https:\/\/redfoxlotto.com\/es\/wp-json\/wp\/v2\/types\/page"}],"author":[{"embeddable":true,"href":"https:\/\/redfoxlotto.com\/es\/wp-json\/wp\/v2\/users\/8"}],"replies":[{"embeddable":true,"href":"https:\/\/redfoxlotto.com\/es\/wp-json\/wp\/v2\/comments?post=85316"}],"version-history":[{"count":0,"href":"https:\/\/redfoxlotto.com\/es\/wp-json\/wp\/v2\/pages\/85316\/revisions"}],"up":[{"embeddable":true,"href":"https:\/\/redfoxlotto.com\/es\/wp-json\/wp\/v2\/pages\/237"}],"wp:attachment":[{"href":"https:\/\/redfoxlotto.com\/es\/wp-json\/wp\/v2\/media?parent=85316"}],"curies":[{"name":"wp","href":"https:\/\/api.w.org\/{rel}","templated":true}]}}