{"id":84533,"date":"2025-03-17T09:46:32","date_gmt":"2025-03-17T09:46:32","guid":{"rendered":"https:\/\/redfoxlotto.com\/?page_id=84533"},"modified":"2025-06-17T09:06:30","modified_gmt":"2025-06-17T09:06:30","slug":"scratchcards","status":"publish","type":"page","link":"https:\/\/redfoxlotto.com\/es\/scratchcards\/","title":{"rendered":"Tarjetas rasca y gana"},"content":{"rendered":"<p>Si es usted un aficionado a la loter\u00eda, estamos seguros de que tambi\u00e9n le<b> encantar\u00e1 jugar a nuestras tarjetas rasca y gana en l\u00ednea.<\/b><\/p>\n<p>Las tarjetas rasca y gana siempre han sido un complemento popular a la compra de billetes de loter\u00eda. Casi todas las tiendas de loter\u00eda del planeta las venden, y hay una buena raz\u00f3n para ello. Mientras que jugar a la loter\u00eda casi siempre conlleva un poco de tiempo de espera para conocer los resultados, las tarjetas rasca y gana le dan un resultado instant\u00e1neo.<\/p>\n<p>Y con nuestras tarjetas rasca y gana en l\u00ednea, ni siquiera tienes que buscar una tienda de loter\u00eda para comprarlas: puedes jugar a nuestras tarjetas rasca y gana en l\u00ednea y divertirte y emocionarte rascando.<\/p>\n<h2><strong>Las tarjetas rasca y gana en l\u00ednea llegar\u00e1n pronto a RedFoxLotto.<\/strong><\/h2>\n<p><img loading=\"lazy\" decoding=\"async\" class=\" wp-image-83601 alignright\" src=\"https:\/\/redfoxlotto.com\/wp-content\/uploads\/2025\/03\/scratch_card_player-300x300.jpg\" alt=\"play scratch cards\" width=\"183\" height=\"183\" srcset=\"https:\/\/redfoxlotto.com\/wp-content\/uploads\/2025\/03\/scratch_card_player-300x300.jpg 300w, https:\/\/redfoxlotto.com\/wp-content\/uploads\/2025\/03\/scratch_card_player-150x150.jpg 150w, https:\/\/redfoxlotto.com\/wp-content\/uploads\/2025\/03\/scratch_card_player-100x100.jpg 100w, https:\/\/redfoxlotto.com\/wp-content\/uploads\/2025\/03\/scratch_card_player.jpg 307w\" sizes=\"auto, (max-width: 183px) 100vw, 183px\" \/><\/p>\n<ul>\n<li>Los juegos de tarjetas rasca y gana se lanzar\u00e1n a principios de abril de 2025.<\/li>\n<li>\u00a1No te pierdas el lanzamiento!<\/li>\n<li>Aseg\u00farate de recibir nuestros correos electr\u00f3nicos promocionales: comprueba tu carpeta de correo no deseado y marca RedFoxLotto como remitente de correo electr\u00f3nico de confianza.<\/li>\n<\/ul>\n<p>El pago tambi\u00e9n es muy c\u00f3modo, sobre todo si ya tienes saldo en tu cuenta en nuestro sitio web. Eso significa que si tienes pensado comprar varias tarjetas rasca y gana, debes hacer un dep\u00f3sito en tu monedero antes de empezar a jugar.<\/p>\n<p>Solo tienes que seleccionar la tarjeta que m\u00e1s te guste y hacer clic para comprarla. Tenemos varios dise\u00f1os geniales, y hay tarjetas rasca y gana con diferentes precios y rangos de premios.<\/p>\n<h2>Jugar a nuestros juegos de tarjetas rasca y gana es bastante f\u00e1cil<\/h2>\n<p>A continuaci\u00f3n, puedes rascar manualmente la capa superior de la tarjeta con el rat\u00f3n o hacer clic en el bot\u00f3n de \u00abrascado r\u00e1pido\u00bb para descubrir toda la informaci\u00f3n oculta en la tarjeta.<\/p>\n<p>Sus ganancias dependen de las cantidades que se muestran despu\u00e9s de haber rascado la capa superior de su tarjeta. Si tiene tres cantidades iguales en su tarjeta de rascar, entonces esa cantidad es lo que gana.<\/p>\n<h2>\u00bfQu\u00e9 sucede despu\u00e9s de ganar una tarjeta de rascar?<\/h2>\n<p>Todas las ganancias se a\u00f1adir\u00e1n a su cuenta inmediatamente. Si gana una tarjeta, tendr\u00e1 dos opciones:<\/p>\n<ol>\n<li>Puede permanecer en la p\u00e1gina de tarjetas de rascar y seguir utilizando sus ganancias para comprar m\u00e1s tarjetas de rascar en l\u00ednea.<\/li>\n<li>Cerrar la p\u00e1gina de tarjetas rasca y gana, y sus ganancias se transferir\u00e1n a su saldo de jugador de RedFoxLotto.<\/li>\n<\/ol>\n<p>Despu\u00e9s de a\u00f1adir las ganancias de las tarjetas rasca y gana a su saldo de jugador, puede utilizarlas como desee: comprar billetes de loter\u00eda normales, jugar al Keno, comprar m\u00e1s tarjetas rasca y gana en l\u00ednea m\u00e1s adelante o retirar sus ganancias.<\/p>\n<p>La incorporaci\u00f3n de tarjetas rasca y gana en l\u00ednea es algo que muchos de nuestros clientes han estado pidiendo, \u00a1y estamos seguros de que usted tambi\u00e9n disfrutar\u00e1 de esta experiencia!<\/p>\n","protected":false},"excerpt":{"rendered":"<p>Si es usted un aficionado a la loter\u00eda, estamos seguros de que tambi\u00e9n le encantar\u00e1 jugar a nuestras tarjetas rasca y gana en l\u00ednea. Las tarjetas rasca y gana siempre han sido un complemento popular a la compra de billetes de loter\u00eda. Casi todas las tiendas de loter\u00eda del planeta las venden, y hay una [&hellip;]<\/p>\n","protected":false},"author":8,"featured_media":0,"parent":0,"menu_order":7,"comment_status":"closed","ping_status":"closed","template":"","meta":{"_et_pb_use_builder":"","_et_pb_old_content":"","_et_gb_content_width":"","exclude_from_search":false,"footnotes":""},"class_list":["post-84533","page","type-page","status-publish","hentry"],"yoast_head":"<!-- This site is optimized with the Yoast SEO plugin v23.8 - https:\/\/yoast.com\/wordpress\/plugins\/seo\/ -->\n<title>Juega a las tarjetas rasca y gana en l\u00ednea | Las mejores tarjetas rasca y gana con premios instant\u00e1neos<\/title>\n<meta name=\"description\" content=\"Juega a las mejores tarjetas rasca y gana en l\u00ednea aqu\u00ed: atractivos juegos rasca y gana y grandes premios instant\u00e1neos\" \/>\n<meta name=\"robots\" content=\"index, follow, max-snippet:-1, max-image-preview:large, max-video-preview:-1\" \/>\n<link rel=\"canonical\" href=\"https:\/\/redfoxlotto.com\/es\/scratchcards\/\" \/>\n<meta property=\"og:locale\" content=\"es_ES\" \/>\n<meta property=\"og:type\" content=\"article\" \/>\n<meta property=\"og:title\" content=\"Juega a las tarjetas rasca y gana en l\u00ednea | Las mejores tarjetas rasca y gana con premios instant\u00e1neos\" \/>\n<meta property=\"og:description\" content=\"Juega a las mejores tarjetas rasca y gana en l\u00ednea aqu\u00ed: atractivos juegos rasca y gana y grandes premios instant\u00e1neos\" \/>\n<meta property=\"og:url\" content=\"https:\/\/redfoxlotto.com\/es\/scratchcards\/\" \/>\n<meta property=\"og:site_name\" content=\"Get Tickets for the World\u2019s largest jackpots\" \/>\n<meta property=\"article:modified_time\" content=\"2025-06-17T09:06:30+00:00\" \/>\n<meta property=\"og:image\" content=\"https:\/\/redfoxlotto.com\/wp-content\/uploads\/2025\/03\/scratch_card_player-300x300.jpg\" \/>\n<meta name=\"twitter:card\" content=\"summary_large_image\" \/>\n<meta name=\"twitter:label1\" content=\"Tiempo de lectura\" \/>\n\t<meta name=\"twitter:data1\" content=\"3 minutos\" \/>\n<script type=\"application\/ld+json\" class=\"yoast-schema-graph\">{\"@context\":\"https:\/\/schema.org\",\"@graph\":[{\"@type\":\"WebPage\",\"@id\":\"https:\/\/redfoxlotto.com\/es\/scratchcards\/\",\"url\":\"https:\/\/redfoxlotto.com\/es\/scratchcards\/\",\"name\":\"Juega a las tarjetas rasca y gana en l\u00ednea | Las mejores tarjetas rasca y gana con premios instant\u00e1neos\",\"isPartOf\":{\"@id\":\"https:\/\/redfoxlotto.com\/es\/#website\"},\"primaryImageOfPage\":{\"@id\":\"https:\/\/redfoxlotto.com\/es\/scratchcards\/#primaryimage\"},\"image\":{\"@id\":\"https:\/\/redfoxlotto.com\/es\/scratchcards\/#primaryimage\"},\"thumbnailUrl\":\"https:\/\/redfoxlotto.com\/wp-content\/uploads\/2025\/03\/scratch_card_player-300x300.jpg\",\"datePublished\":\"2025-03-17T09:46:32+00:00\",\"dateModified\":\"2025-06-17T09:06:30+00:00\",\"description\":\"Juega a las mejores tarjetas rasca y gana en l\u00ednea aqu\u00ed: atractivos juegos rasca y gana y grandes premios instant\u00e1neos\",\"breadcrumb\":{\"@id\":\"https:\/\/redfoxlotto.com\/es\/scratchcards\/#breadcrumb\"},\"inLanguage\":\"es\",\"potentialAction\":[{\"@type\":\"ReadAction\",\"target\":[\"https:\/\/redfoxlotto.com\/es\/scratchcards\/\"]}]},{\"@type\":\"ImageObject\",\"inLanguage\":\"es\",\"@id\":\"https:\/\/redfoxlotto.com\/es\/scratchcards\/#primaryimage\",\"url\":\"https:\/\/redfoxlotto.com\/wp-content\/uploads\/2025\/03\/scratch_card_player-300x300.jpg\",\"contentUrl\":\"https:\/\/redfoxlotto.com\/wp-content\/uploads\/2025\/03\/scratch_card_player-300x300.jpg\"},{\"@type\":\"BreadcrumbList\",\"@id\":\"https:\/\/redfoxlotto.com\/es\/scratchcards\/#breadcrumb\",\"itemListElement\":[{\"@type\":\"ListItem\",\"position\":1,\"name\":\"Home\",\"item\":\"https:\/\/redfoxlotto.com\/es\/\"},{\"@type\":\"ListItem\",\"position\":2,\"name\":\"Tarjetas rasca y gana\"}]},{\"@type\":\"WebSite\",\"@id\":\"https:\/\/redfoxlotto.com\/es\/#website\",\"url\":\"https:\/\/redfoxlotto.com\/es\/\",\"name\":\"Get Tickets for the World\u2019s largest jackpots\",\"description\":\"Participate in worldwide lottery jackpots from any country\",\"publisher\":{\"@id\":\"https:\/\/redfoxlotto.com\/es\/#organization\"},\"potentialAction\":[{\"@type\":\"SearchAction\",\"target\":{\"@type\":\"EntryPoint\",\"urlTemplate\":\"https:\/\/redfoxlotto.com\/es\/?s={search_term_string}\"},\"query-input\":{\"@type\":\"PropertyValueSpecification\",\"valueRequired\":true,\"valueName\":\"search_term_string\"}}],\"inLanguage\":\"es\"},{\"@type\":\"Organization\",\"@id\":\"https:\/\/redfoxlotto.com\/es\/#organization\",\"name\":\"Get Tickets for the World\u2019s largest jackpots\",\"url\":\"https:\/\/redfoxlotto.com\/es\/\",\"logo\":{\"@type\":\"ImageObject\",\"inLanguage\":\"es\",\"@id\":\"https:\/\/redfoxlotto.com\/es\/#\/schema\/logo\/image\/\",\"url\":\"https:\/\/redfoxlotto.com\/wp-content\/uploads\/2023\/04\/logo.png\",\"contentUrl\":\"https:\/\/redfoxlotto.com\/wp-content\/uploads\/2023\/04\/logo.png\",\"width\":269,\"height\":53,\"caption\":\"Get Tickets for the World\u2019s largest jackpots\"},\"image\":{\"@id\":\"https:\/\/redfoxlotto.com\/es\/#\/schema\/logo\/image\/\"}}]}<\/script>\n<!-- \/ Yoast SEO plugin. -->","yoast_head_json":{"title":"Juega a las tarjetas rasca y gana en l\u00ednea | Las mejores tarjetas rasca y gana con premios instant\u00e1neos","description":"Juega a las mejores tarjetas rasca y gana en l\u00ednea aqu\u00ed: atractivos juegos rasca y gana y grandes premios instant\u00e1neos","robots":{"index":"index","follow":"follow","max-snippet":"max-snippet:-1","max-image-preview":"max-image-preview:large","max-video-preview":"max-video-preview:-1"},"canonical":"https:\/\/redfoxlotto.com\/es\/scratchcards\/","og_locale":"es_ES","og_type":"article","og_title":"Juega a las tarjetas rasca y gana en l\u00ednea | Las mejores tarjetas rasca y gana con premios instant\u00e1neos","og_description":"Juega a las mejores tarjetas rasca y gana en l\u00ednea aqu\u00ed: atractivos juegos rasca y gana y grandes premios instant\u00e1neos","og_url":"https:\/\/redfoxlotto.com\/es\/scratchcards\/","og_site_name":"Get Tickets for the World\u2019s largest jackpots","article_modified_time":"2025-06-17T09:06:30+00:00","og_image":[{"url":"https:\/\/redfoxlotto.com\/wp-content\/uploads\/2025\/03\/scratch_card_player-300x300.jpg"}],"twitter_card":"summary_large_image","twitter_misc":{"Tiempo de lectura":"3 minutos"},"schema":{"@context":"https:\/\/schema.org","@graph":[{"@type":"WebPage","@id":"https:\/\/redfoxlotto.com\/es\/scratchcards\/","url":"https:\/\/redfoxlotto.com\/es\/scratchcards\/","name":"Juega a las tarjetas rasca y gana en l\u00ednea | Las mejores tarjetas rasca y gana con premios instant\u00e1neos","isPartOf":{"@id":"https:\/\/redfoxlotto.com\/es\/#website"},"primaryImageOfPage":{"@id":"https:\/\/redfoxlotto.com\/es\/scratchcards\/#primaryimage"},"image":{"@id":"https:\/\/redfoxlotto.com\/es\/scratchcards\/#primaryimage"},"thumbnailUrl":"https:\/\/redfoxlotto.com\/wp-content\/uploads\/2025\/03\/scratch_card_player-300x300.jpg","datePublished":"2025-03-17T09:46:32+00:00","dateModified":"2025-06-17T09:06:30+00:00","description":"Juega a las mejores tarjetas rasca y gana en l\u00ednea aqu\u00ed: atractivos juegos rasca y gana y grandes premios instant\u00e1neos","breadcrumb":{"@id":"https:\/\/redfoxlotto.com\/es\/scratchcards\/#breadcrumb"},"inLanguage":"es","potentialAction":[{"@type":"ReadAction","target":["https:\/\/redfoxlotto.com\/es\/scratchcards\/"]}]},{"@type":"ImageObject","inLanguage":"es","@id":"https:\/\/redfoxlotto.com\/es\/scratchcards\/#primaryimage","url":"https:\/\/redfoxlotto.com\/wp-content\/uploads\/2025\/03\/scratch_card_player-300x300.jpg","contentUrl":"https:\/\/redfoxlotto.com\/wp-content\/uploads\/2025\/03\/scratch_card_player-300x300.jpg"},{"@type":"BreadcrumbList","@id":"https:\/\/redfoxlotto.com\/es\/scratchcards\/#breadcrumb","itemListElement":[{"@type":"ListItem","position":1,"name":"Home","item":"https:\/\/redfoxlotto.com\/es\/"},{"@type":"ListItem","position":2,"name":"Tarjetas rasca y gana"}]},{"@type":"WebSite","@id":"https:\/\/redfoxlotto.com\/es\/#website","url":"https:\/\/redfoxlotto.com\/es\/","name":"Get Tickets for the World\u2019s largest jackpots","description":"Participate in worldwide lottery jackpots from any country","publisher":{"@id":"https:\/\/redfoxlotto.com\/es\/#organization"},"potentialAction":[{"@type":"SearchAction","target":{"@type":"EntryPoint","urlTemplate":"https:\/\/redfoxlotto.com\/es\/?s={search_term_string}"},"query-input":{"@type":"PropertyValueSpecification","valueRequired":true,"valueName":"search_term_string"}}],"inLanguage":"es"},{"@type":"Organization","@id":"https:\/\/redfoxlotto.com\/es\/#organization","name":"Get Tickets for the World\u2019s largest jackpots","url":"https:\/\/redfoxlotto.com\/es\/","logo":{"@type":"ImageObject","inLanguage":"es","@id":"https:\/\/redfoxlotto.com\/es\/#\/schema\/logo\/image\/","url":"https:\/\/redfoxlotto.com\/wp-content\/uploads\/2023\/04\/logo.png","contentUrl":"https:\/\/redfoxlotto.com\/wp-content\/uploads\/2023\/04\/logo.png","width":269,"height":53,"caption":"Get Tickets for the World\u2019s largest jackpots"},"image":{"@id":"https:\/\/redfoxlotto.com\/es\/#\/schema\/logo\/image\/"}}]}},"_links":{"self":[{"href":"https:\/\/redfoxlotto.com\/es\/wp-json\/wp\/v2\/pages\/84533","targetHints":{"allow":["GET"]}}],"collection":[{"href":"https:\/\/redfoxlotto.com\/es\/wp-json\/wp\/v2\/pages"}],"about":[{"href":"https:\/\/redfoxlotto.com\/es\/wp-json\/wp\/v2\/types\/page"}],"author":[{"embeddable":true,"href":"https:\/\/redfoxlotto.com\/es\/wp-json\/wp\/v2\/users\/8"}],"replies":[{"embeddable":true,"href":"https:\/\/redfoxlotto.com\/es\/wp-json\/wp\/v2\/comments?post=84533"}],"version-history":[{"count":0,"href":"https:\/\/redfoxlotto.com\/es\/wp-json\/wp\/v2\/pages\/84533\/revisions"}],"wp:attachment":[{"href":"https:\/\/redfoxlotto.com\/es\/wp-json\/wp\/v2\/media?parent=84533"}],"curies":[{"name":"wp","href":"https:\/\/api.w.org\/{rel}","templated":true}]}}