{"id":84443,"date":"2025-02-12T11:12:52","date_gmt":"2025-02-12T11:12:52","guid":{"rendered":"https:\/\/redfoxlotto.com\/?page_id=84443"},"modified":"2025-10-09T14:30:10","modified_gmt":"2025-10-09T14:30:10","slug":"keno","status":"publish","type":"page","link":"https:\/\/redfoxlotto.com\/es\/keno\/","title":{"rendered":"Keno"},"content":{"rendered":"<h2>\u00bfNo sabes c\u00f3mo jugar al Keno en l\u00ednea?<\/h2>\n<p>\u00bfSabes c\u00f3mo funciona una loter\u00eda pero nunca has jugado al Keno? D\u00e9jame explicarte c\u00f3mo jugar al Keno en l\u00ednea. No es tan dif\u00edcil de entender, y nuestra plataforma facilita la creaci\u00f3n de un boleto de Keno.<\/p>\n<div class=\"keno-banner-wrapper\"><img decoding=\"async\" class=\"keno-banner-image\" src=\"https:\/\/redfoxlotto.com\/wp-content\/uploads\/2025\/10\/3-scaled.png\" alt=\"Keno Banner\" \/><br \/>\n<div class=\"keno-banner-overlay\"><div class=\"keno-banner-text\">Premio mayor: \u20ac10,000,000<br>Sorteos cada 30 minutos<\/div><a href=\"https:\/\/keno.redfoxlotto.com\/play\/diamond-keno\" class=\"keno-banner-button\">Juega al Diamond Keno ahora<\/a><\/div><\/div>\n<div class=\"keno-banner-wrapper\"><img decoding=\"async\" class=\"keno-banner-image\" src=\"https:\/\/redfoxlotto.com\/wp-content\/uploads\/2025\/10\/1-scaled.png\" alt=\"Keno Banner\" \/><br \/>\n<div class=\"keno-banner-overlay\"><div class=\"keno-banner-text\">Premio mayor: \u20ac5,000,000<br>Sorteos cada 8 minutos<\/div><a href=\"https:\/\/keno.redfoxlotto.com\/play\/platinum-keno\" class=\"keno-banner-button\">Juega al Keno Platinum ahora<\/a><\/div><\/div>\n<div class=\"keno-banner-wrapper\"><img decoding=\"async\" class=\"keno-banner-image\" src=\"https:\/\/redfoxlotto.com\/wp-content\/uploads\/2025\/10\/2-scaled.png\" alt=\"Keno Banner\" \/><br \/>\n<div class=\"keno-banner-overlay\"><div class=\"keno-banner-text\">Premio mayor: \u20ac2,000,000<br>Sorteos cada 6 minutos<\/div><a href=\"https:\/\/keno.redfoxlotto.com\/play\/gold-keno\" class=\"keno-banner-button\">Juega ahora al Gold Keno<\/a><\/div><\/div>\n<p><img loading=\"lazy\" decoding=\"async\" class=\"alignright size-medium wp-image-83635\" src=\"https:\/\/redfoxlotto.com\/wp-content\/uploads\/2025\/03\/keno_card-300x300.jpg\" alt=\"play keno online\" width=\"300\" height=\"300\" srcset=\"https:\/\/redfoxlotto.com\/wp-content\/uploads\/2025\/03\/keno_card-300x300.jpg 300w, https:\/\/redfoxlotto.com\/wp-content\/uploads\/2025\/03\/keno_card-150x150.jpg 150w, https:\/\/redfoxlotto.com\/wp-content\/uploads\/2025\/03\/keno_card-100x100.jpg 100w, https:\/\/redfoxlotto.com\/wp-content\/uploads\/2025\/03\/keno_card.jpg 307w\" sizes=\"auto, (max-width: 300px) 100vw, 300px\" \/><\/p>\n<h2>Diferencias entre una loter\u00eda normal y el Keno<\/h2>\n<p>Cuando juegas al Keno, tienes m\u00e1s control sobre cu\u00e1nto quieres gastar en un boleto, y tambi\u00e9n decides cu\u00e1ntos n\u00fameros eliges.<\/p>\n<ul>\n<li><b>El multiplicador<\/b>: cada boleto de Keno tiene un precio base (el m\u00ednimo que tienes que pagar por un boleto), pero tambi\u00e9n hay una funci\u00f3n de multiplicador. Digamos que el precio base es de 1,00 \u20ac. Al seleccionar un multiplicador de 5, tu boleto te costar\u00e1 ahora 5,00 \u20ac. Pero al mismo tiempo, la cantidad que puede ganar aumentar\u00e1, al menos, en un factor de 5. Para ganar el premio m\u00e1ximo en cada nivel de pago, debe seleccionar el multiplicador m\u00e1ximo. El multiplicador puede oscilar entre 1 y 5, o entre 1 y 10. Para ver el pago real, haga clic en la pesta\u00f1a \u00abInformaci\u00f3n\u00bb de arriba y ver\u00e1 una tabla de pagos.<\/li>\n<li>Haga clic en el multiplicador que desee elegir y se mostrar\u00e1n los pagos para ese multiplicador.<\/li>\n<li><b>Jugar m\u00e1s o menos n\u00fameros<\/b>: puede decidir si quiere elegir m\u00e1s o menos n\u00fameros para su boleto. De nuevo, si quiere ganar el premio mayor, siempre tendr\u00e1 que elegir el m\u00e1ximo, es decir, 10 n\u00fameros. Pero si decide jugar solo 8 n\u00fameros, ganar\u00e1 m\u00e1s dinero si todos o algunos de ellos coinciden con los n\u00fameros sorteados. De nuevo, la tabla de la p\u00e1gina \u00abInformaci\u00f3n\u00bb le mostrar\u00e1 los pagos.<\/li>\n<li><b>Se extraen m\u00e1s n\u00fameros del rango de n\u00fameros<\/b>: mientras que una loter\u00eda normal extrae 5 o 6 n\u00fameros de un grupo de n\u00fameros de 49 o 60, esto es diferente cuando se juega al Keno. En primer lugar, la mayor\u00eda de los juegos de Keno extraen 20 n\u00fameros, pero el grupo de n\u00fameros posibles tambi\u00e9n es mayor (normalmente entre 70 y 90 n\u00fameros). Pero con 20 n\u00fameros ganadores, solo tienes que acertar 10 de ellos para ganar un gran premio. Eso significa que las probabilidades generales cuando juegas al Keno en l\u00ednea son mejores en comparaci\u00f3n con la mayor\u00eda de las loter\u00edas regulares.<\/li>\n<\/ul>\n<h2>Entonces, \u00bfc\u00f3mo juego al Keno en l\u00ednea?<\/h2>\n<p><strong>Todo lo que tienes que hacer para jugar al Keno en l\u00ednea es seguir los pasos a continuaci\u00f3n:<\/strong><\/p>\n<ul>\n<li>Haz clic en uno de los banners de Keno en esta p\u00e1gina.<\/li>\n<li>Selecciona cu\u00e1ntos n\u00fameros quieres jugar.<\/li>\n<li>Selecciona el multiplicador y comprueba el precio del boleto (ajusta el multiplicador si es necesario)<\/li>\n<li>Elige tus n\u00fameros (o utiliza la funci\u00f3n Quick Pick para generar n\u00fameros aleatorios)<\/li>\n<li>A\u00f1ade m\u00e1s boletos para el mismo sorteo de Keno si quieres<\/li>\n<li>Decide si quieres que tu boleto o boletos participen en un sorteo o en varios sorteos<\/li>\n<li>Paga tus boletos (tienes que crear una nueva cuenta en nuestro sitio si a\u00fan no tienes una, o iniciar sesi\u00f3n en tu cuenta existente)<\/li>\n<\/ul>\n<h2>Solo unos minutos antes de que se celebre el pr\u00f3ximo sorteo<\/h2>\n<p>La mayor\u00eda de las loter\u00edas de Keno realizan sorteos cada dos minutos, por lo que no hay que esperar mucho para saber si se ha ganado. Cada vez que se celebre un sorteo de loter\u00eda de Keno mientras se encuentre en nuestro sitio web, aparecer\u00e1 una ventana emergente y, poco despu\u00e9s, ver\u00e1 un v\u00eddeo de animaci\u00f3n del sorteo. Una vez que aparezca la ventana emergente, a\u00fan podr\u00e1 comprar un boleto para jugar en ese pr\u00f3ximo sorteo. Pero incluso si se pierde el pr\u00f3ximo sorteo, siempre puede crear un boleto para el pr\u00f3ximo sorteo, \u00a1que est\u00e1 a solo unos minutos!<\/p>\n<p>Los sorteos de Keno son sorteos virtuales, y los n\u00fameros son generados por un generador de n\u00fameros aleatorios certificado. De esta manera, puede estar seguro de que cuando juega al Keno en l\u00ednea en nuestro sitio web, el juego es siempre justo.<\/p>\n<p>Por cierto, esta no es una loter\u00eda p\u00fablica, en la que se pueden comprar boletos en alg\u00fan punto de venta de loter\u00eda<\/p>\n<p>punto de venta de loter\u00eda. Por eso, en los juegos de Keno, no recibir\u00e1 ning\u00fan boleto escaneado, sino que solo recibir\u00e1 una confirmaci\u00f3n en su cuenta de jugador.<\/p>\n","protected":false},"excerpt":{"rendered":"<p>\u00bfNo sabes c\u00f3mo jugar al Keno en l\u00ednea? \u00bfSabes c\u00f3mo funciona una loter\u00eda pero nunca has jugado al Keno? D\u00e9jame explicarte c\u00f3mo jugar al Keno en l\u00ednea. No es tan dif\u00edcil de entender, y nuestra plataforma facilita la creaci\u00f3n de un boleto de Keno. Diferencias entre una loter\u00eda normal y el Keno Cuando juegas al [&hellip;]<\/p>\n","protected":false},"author":8,"featured_media":0,"parent":0,"menu_order":5,"comment_status":"closed","ping_status":"closed","template":"","meta":{"_et_pb_use_builder":"","_et_pb_old_content":"","_et_gb_content_width":"","exclude_from_search":false,"footnotes":""},"class_list":["post-84443","page","type-page","status-publish","hentry"],"yoast_head":"<!-- This site is optimized with the Yoast SEO plugin v23.8 - https:\/\/yoast.com\/wordpress\/plugins\/seo\/ -->\n<title>C\u00f3mo jugar al Keno en l\u00ednea | Reglas y estrategia para el Keno en l\u00ednea<\/title>\n<meta name=\"description\" content=\"\u00bfQuiere ganar a lo grande en el Keno? C\u00f3mo jugar al Keno en l\u00ednea para conseguir los mejores premios de hasta 10 millones de euros, con sorteos que nunca tardan m\u00e1s de unos minutos\" \/>\n<meta name=\"robots\" content=\"index, follow, max-snippet:-1, max-image-preview:large, max-video-preview:-1\" \/>\n<link rel=\"canonical\" href=\"https:\/\/redfoxlotto.com\/es\/keno\/\" \/>\n<meta property=\"og:locale\" content=\"es_ES\" \/>\n<meta property=\"og:type\" content=\"article\" \/>\n<meta property=\"og:title\" content=\"C\u00f3mo jugar al Keno en l\u00ednea | Reglas y estrategia para el Keno en l\u00ednea\" \/>\n<meta property=\"og:description\" content=\"\u00bfQuiere ganar a lo grande en el Keno? C\u00f3mo jugar al Keno en l\u00ednea para conseguir los mejores premios de hasta 10 millones de euros, con sorteos que nunca tardan m\u00e1s de unos minutos\" \/>\n<meta property=\"og:url\" content=\"https:\/\/redfoxlotto.com\/es\/keno\/\" \/>\n<meta property=\"og:site_name\" content=\"Get Tickets for the World\u2019s largest jackpots\" \/>\n<meta property=\"article:modified_time\" content=\"2025-10-09T14:30:10+00:00\" \/>\n<meta property=\"og:image\" content=\"https:\/\/redfoxlotto.com\/wp-content\/uploads\/2025\/10\/3-scaled.png\" \/>\n<meta name=\"twitter:card\" content=\"summary_large_image\" \/>\n<meta name=\"twitter:label1\" content=\"Tiempo de lectura\" \/>\n\t<meta name=\"twitter:data1\" content=\"4 minutos\" \/>\n<script type=\"application\/ld+json\" class=\"yoast-schema-graph\">{\"@context\":\"https:\/\/schema.org\",\"@graph\":[{\"@type\":\"WebPage\",\"@id\":\"https:\/\/redfoxlotto.com\/es\/keno\/\",\"url\":\"https:\/\/redfoxlotto.com\/es\/keno\/\",\"name\":\"C\u00f3mo jugar al Keno en l\u00ednea | Reglas y estrategia para el Keno en l\u00ednea\",\"isPartOf\":{\"@id\":\"https:\/\/redfoxlotto.com\/es\/#website\"},\"primaryImageOfPage\":{\"@id\":\"https:\/\/redfoxlotto.com\/es\/keno\/#primaryimage\"},\"image\":{\"@id\":\"https:\/\/redfoxlotto.com\/es\/keno\/#primaryimage\"},\"thumbnailUrl\":\"https:\/\/redfoxlotto.com\/wp-content\/uploads\/2025\/10\/3-scaled.png\",\"datePublished\":\"2025-02-12T11:12:52+00:00\",\"dateModified\":\"2025-10-09T14:30:10+00:00\",\"description\":\"\u00bfQuiere ganar a lo grande en el Keno? C\u00f3mo jugar al Keno en l\u00ednea para conseguir los mejores premios de hasta 10 millones de euros, con sorteos que nunca tardan m\u00e1s de unos minutos\",\"breadcrumb\":{\"@id\":\"https:\/\/redfoxlotto.com\/es\/keno\/#breadcrumb\"},\"inLanguage\":\"es\",\"potentialAction\":[{\"@type\":\"ReadAction\",\"target\":[\"https:\/\/redfoxlotto.com\/es\/keno\/\"]}]},{\"@type\":\"ImageObject\",\"inLanguage\":\"es\",\"@id\":\"https:\/\/redfoxlotto.com\/es\/keno\/#primaryimage\",\"url\":\"https:\/\/redfoxlotto.com\/wp-content\/uploads\/2025\/10\/3-scaled.png\",\"contentUrl\":\"https:\/\/redfoxlotto.com\/wp-content\/uploads\/2025\/10\/3-scaled.png\"},{\"@type\":\"BreadcrumbList\",\"@id\":\"https:\/\/redfoxlotto.com\/es\/keno\/#breadcrumb\",\"itemListElement\":[{\"@type\":\"ListItem\",\"position\":1,\"name\":\"Home\",\"item\":\"https:\/\/redfoxlotto.com\/es\/\"},{\"@type\":\"ListItem\",\"position\":2,\"name\":\"Keno\"}]},{\"@type\":\"WebSite\",\"@id\":\"https:\/\/redfoxlotto.com\/es\/#website\",\"url\":\"https:\/\/redfoxlotto.com\/es\/\",\"name\":\"Get Tickets for the World\u2019s largest jackpots\",\"description\":\"Participate in worldwide lottery jackpots from any country\",\"publisher\":{\"@id\":\"https:\/\/redfoxlotto.com\/es\/#organization\"},\"potentialAction\":[{\"@type\":\"SearchAction\",\"target\":{\"@type\":\"EntryPoint\",\"urlTemplate\":\"https:\/\/redfoxlotto.com\/es\/?s={search_term_string}\"},\"query-input\":{\"@type\":\"PropertyValueSpecification\",\"valueRequired\":true,\"valueName\":\"search_term_string\"}}],\"inLanguage\":\"es\"},{\"@type\":\"Organization\",\"@id\":\"https:\/\/redfoxlotto.com\/es\/#organization\",\"name\":\"Get Tickets for the World\u2019s largest jackpots\",\"url\":\"https:\/\/redfoxlotto.com\/es\/\",\"logo\":{\"@type\":\"ImageObject\",\"inLanguage\":\"es\",\"@id\":\"https:\/\/redfoxlotto.com\/es\/#\/schema\/logo\/image\/\",\"url\":\"https:\/\/redfoxlotto.com\/wp-content\/uploads\/2023\/04\/logo.png\",\"contentUrl\":\"https:\/\/redfoxlotto.com\/wp-content\/uploads\/2023\/04\/logo.png\",\"width\":269,\"height\":53,\"caption\":\"Get Tickets for the World\u2019s largest jackpots\"},\"image\":{\"@id\":\"https:\/\/redfoxlotto.com\/es\/#\/schema\/logo\/image\/\"}}]}<\/script>\n<!-- \/ Yoast SEO plugin. -->","yoast_head_json":{"title":"C\u00f3mo jugar al Keno en l\u00ednea | Reglas y estrategia para el Keno en l\u00ednea","description":"\u00bfQuiere ganar a lo grande en el Keno? C\u00f3mo jugar al Keno en l\u00ednea para conseguir los mejores premios de hasta 10 millones de euros, con sorteos que nunca tardan m\u00e1s de unos minutos","robots":{"index":"index","follow":"follow","max-snippet":"max-snippet:-1","max-image-preview":"max-image-preview:large","max-video-preview":"max-video-preview:-1"},"canonical":"https:\/\/redfoxlotto.com\/es\/keno\/","og_locale":"es_ES","og_type":"article","og_title":"C\u00f3mo jugar al Keno en l\u00ednea | Reglas y estrategia para el Keno en l\u00ednea","og_description":"\u00bfQuiere ganar a lo grande en el Keno? C\u00f3mo jugar al Keno en l\u00ednea para conseguir los mejores premios de hasta 10 millones de euros, con sorteos que nunca tardan m\u00e1s de unos minutos","og_url":"https:\/\/redfoxlotto.com\/es\/keno\/","og_site_name":"Get Tickets for the World\u2019s largest jackpots","article_modified_time":"2025-10-09T14:30:10+00:00","og_image":[{"url":"https:\/\/redfoxlotto.com\/wp-content\/uploads\/2025\/10\/3-scaled.png"}],"twitter_card":"summary_large_image","twitter_misc":{"Tiempo de lectura":"4 minutos"},"schema":{"@context":"https:\/\/schema.org","@graph":[{"@type":"WebPage","@id":"https:\/\/redfoxlotto.com\/es\/keno\/","url":"https:\/\/redfoxlotto.com\/es\/keno\/","name":"C\u00f3mo jugar al Keno en l\u00ednea | Reglas y estrategia para el Keno en l\u00ednea","isPartOf":{"@id":"https:\/\/redfoxlotto.com\/es\/#website"},"primaryImageOfPage":{"@id":"https:\/\/redfoxlotto.com\/es\/keno\/#primaryimage"},"image":{"@id":"https:\/\/redfoxlotto.com\/es\/keno\/#primaryimage"},"thumbnailUrl":"https:\/\/redfoxlotto.com\/wp-content\/uploads\/2025\/10\/3-scaled.png","datePublished":"2025-02-12T11:12:52+00:00","dateModified":"2025-10-09T14:30:10+00:00","description":"\u00bfQuiere ganar a lo grande en el Keno? C\u00f3mo jugar al Keno en l\u00ednea para conseguir los mejores premios de hasta 10 millones de euros, con sorteos que nunca tardan m\u00e1s de unos minutos","breadcrumb":{"@id":"https:\/\/redfoxlotto.com\/es\/keno\/#breadcrumb"},"inLanguage":"es","potentialAction":[{"@type":"ReadAction","target":["https:\/\/redfoxlotto.com\/es\/keno\/"]}]},{"@type":"ImageObject","inLanguage":"es","@id":"https:\/\/redfoxlotto.com\/es\/keno\/#primaryimage","url":"https:\/\/redfoxlotto.com\/wp-content\/uploads\/2025\/10\/3-scaled.png","contentUrl":"https:\/\/redfoxlotto.com\/wp-content\/uploads\/2025\/10\/3-scaled.png"},{"@type":"BreadcrumbList","@id":"https:\/\/redfoxlotto.com\/es\/keno\/#breadcrumb","itemListElement":[{"@type":"ListItem","position":1,"name":"Home","item":"https:\/\/redfoxlotto.com\/es\/"},{"@type":"ListItem","position":2,"name":"Keno"}]},{"@type":"WebSite","@id":"https:\/\/redfoxlotto.com\/es\/#website","url":"https:\/\/redfoxlotto.com\/es\/","name":"Get Tickets for the World\u2019s largest jackpots","description":"Participate in worldwide lottery jackpots from any country","publisher":{"@id":"https:\/\/redfoxlotto.com\/es\/#organization"},"potentialAction":[{"@type":"SearchAction","target":{"@type":"EntryPoint","urlTemplate":"https:\/\/redfoxlotto.com\/es\/?s={search_term_string}"},"query-input":{"@type":"PropertyValueSpecification","valueRequired":true,"valueName":"search_term_string"}}],"inLanguage":"es"},{"@type":"Organization","@id":"https:\/\/redfoxlotto.com\/es\/#organization","name":"Get Tickets for the World\u2019s largest jackpots","url":"https:\/\/redfoxlotto.com\/es\/","logo":{"@type":"ImageObject","inLanguage":"es","@id":"https:\/\/redfoxlotto.com\/es\/#\/schema\/logo\/image\/","url":"https:\/\/redfoxlotto.com\/wp-content\/uploads\/2023\/04\/logo.png","contentUrl":"https:\/\/redfoxlotto.com\/wp-content\/uploads\/2023\/04\/logo.png","width":269,"height":53,"caption":"Get Tickets for the World\u2019s largest jackpots"},"image":{"@id":"https:\/\/redfoxlotto.com\/es\/#\/schema\/logo\/image\/"}}]}},"_links":{"self":[{"href":"https:\/\/redfoxlotto.com\/es\/wp-json\/wp\/v2\/pages\/84443","targetHints":{"allow":["GET"]}}],"collection":[{"href":"https:\/\/redfoxlotto.com\/es\/wp-json\/wp\/v2\/pages"}],"about":[{"href":"https:\/\/redfoxlotto.com\/es\/wp-json\/wp\/v2\/types\/page"}],"author":[{"embeddable":true,"href":"https:\/\/redfoxlotto.com\/es\/wp-json\/wp\/v2\/users\/8"}],"replies":[{"embeddable":true,"href":"https:\/\/redfoxlotto.com\/es\/wp-json\/wp\/v2\/comments?post=84443"}],"version-history":[{"count":0,"href":"https:\/\/redfoxlotto.com\/es\/wp-json\/wp\/v2\/pages\/84443\/revisions"}],"wp:attachment":[{"href":"https:\/\/redfoxlotto.com\/es\/wp-json\/wp\/v2\/media?parent=84443"}],"curies":[{"name":"wp","href":"https:\/\/api.w.org\/{rel}","templated":true}]}}