{"id":60528,"date":"2020-08-18T09:19:26","date_gmt":"2020-08-18T09:19:26","guid":{"rendered":"https:\/\/redfoxlotto.eu\/?page_id=60528"},"modified":"2023-05-29T20:51:28","modified_gmt":"2023-05-29T20:51:28","slug":"lotto-6aus49","status":"publish","type":"page","link":"https:\/\/redfoxlotto.com\/es\/loterias\/lotto-6aus49\/","title":{"rendered":"Acerca de la loter\u00eda alemana 6 aus 49"},"content":{"rendered":"<h2>Comprar Boletos de la Loter\u00eda Alemana 6aus49 Online<\/h2>\n<p>Una vez que hayas decidido que quieres jugar a la loter\u00eda alemana, es hora de comprar tus boletos. Pero, \u00bfc\u00f3mo comprar billetes online para la loter\u00eda alemana 6aus49? En realidad es m\u00e1s f\u00e1cil de lo que piensa. Todo lo que tiene que hacer es visitar RedFoxLotto.com para comenzar.<\/p>\n<p><img loading=\"lazy\" decoding=\"async\" class=\" wp-image alignright\" src=\"https:\/\/content.redfoxlotto.com\/uploads\/sites\/9\/1_buy_lottery_tickets_online4.jpg\" alt=\"billetes de loter\u00eda alemanes\" width=\"231\" height=\"231\" \/><\/p>\n<h2>Escogiendo sus n\u00fameros<\/h2>\n<p>Una vez que est\u00e9 listo para jugar, elija 6 n\u00fameros entre 1 y 49 y 1 entre 0 y 9. Eso es todo lo que necesita. Eso es todo. Entonces, si acierta al menos 3 n\u00fameros ganar\u00e1 algo a lo largo del juego. Si acierta m\u00e1s, ganar\u00e1 a\u00fan m\u00e1s.<\/p>\n<h2>Comprar sus boletos<\/h2>\n<p>Ya sabe c\u00f3mo elegir sus n\u00fameros, pero \u00bfc\u00f3mo va a comprar los boletos? Es muy sencillo. Ingrese a RedFoxLotto.com y elija los n\u00fameros que desee para el juego que desee. Puede ser \u00e9ste o cualquier otro juego. A continuaci\u00f3n, seleccione para cu\u00e1ntos sorteos desea que sus boletos sean v\u00e1lidos e introduzca su m\u00e9todo de pago preferido.<\/p>\n<p><!--more--><img loading=\"lazy\" decoding=\"async\" class=\" wp-image alignright\" src=\"https:\/\/content.redfoxlotto.com\/uploads\/sites\/9\/1_buylottery_online.jpg\" alt=\"ganar la loter\u00eda en l\u00ednea\" width=\"234\" height=\"155\" \/><\/p>\n<p>Una vez que haya introducido su informaci\u00f3n de pago y finalizado la compra todo lo que tiene que hacer es esperar para saber si ha ganado algo.<\/p>\n<h2>\u00bfHa ganado?<\/h2>\n<p>Si compra billetes online para la Loter\u00eda alemana 6aus49 tambi\u00e9n querr\u00e1 saber si ha ganado online, y eso es m\u00e1s f\u00e1cil de lo que piensa. Todo lo que tienes que hacer es iniciar sesi\u00f3n en tu cuenta y revisar la secci\u00f3n de boletos para ver los n\u00fameros ganadores y c\u00f3mo se comparan tus n\u00fameros.<\/p>\n","protected":false},"excerpt":{"rendered":"<p>Comprar Boletos de la Loter\u00eda Alemana 6aus49 Online Una vez que hayas decidido que quieres jugar a la loter\u00eda alemana, es hora de comprar tus boletos. Pero, \u00bfc\u00f3mo comprar billetes online para la loter\u00eda alemana 6aus49? En realidad es m\u00e1s f\u00e1cil de lo que piensa. Todo lo que tiene que hacer es visitar RedFoxLotto.com para [&hellip;]<\/p>\n","protected":false},"author":1,"featured_media":0,"parent":219,"menu_order":15,"comment_status":"closed","ping_status":"closed","template":"lotto-german-info.php","meta":{"_et_pb_use_builder":"","_et_pb_old_content":"","_et_gb_content_width":"","exclude_from_search":false,"footnotes":""},"class_list":["post-60528","page","type-page","status-publish","hentry"],"yoast_head":"<!-- This site is optimized with the Yoast SEO plugin v27.4 - https:\/\/yoast.com\/product\/yoast-seo-wordpress\/ -->\n<title>Consigue boletos de la loter\u00eda alemana online<\/title>\n<meta name=\"description\" content=\"Los aficionados a la loter\u00eda de fuera de Alemania ya pueden conseguir boletos para &quot;6 aus 49&quot; online\" \/>\n<meta name=\"robots\" content=\"index, follow, max-snippet:-1, max-image-preview:large, max-video-preview:-1\" \/>\n<link rel=\"canonical\" href=\"https:\/\/redfoxlotto.com\/es\/loterias\/lotto-6aus49\/\" \/>\n<meta property=\"og:locale\" content=\"es_ES\" \/>\n<meta property=\"og:type\" content=\"article\" \/>\n<meta property=\"og:title\" content=\"Consigue boletos de la loter\u00eda alemana online\" \/>\n<meta property=\"og:description\" content=\"Los aficionados a la loter\u00eda de fuera de Alemania ya pueden conseguir boletos para &quot;6 aus 49&quot; online\" \/>\n<meta property=\"og:url\" content=\"https:\/\/redfoxlotto.com\/es\/loterias\/lotto-6aus49\/\" \/>\n<meta property=\"og:site_name\" content=\"Get Tickets for the World\u2019s largest jackpots\" \/>\n<meta property=\"article:modified_time\" content=\"2023-05-29T20:51:28+00:00\" \/>\n<meta property=\"og:image\" content=\"https:\/\/content.redfoxlotto.com\/uploads\/sites\/9\/1_buy_lottery_tickets_online4.jpg\" \/>\n<meta name=\"twitter:card\" content=\"summary_large_image\" \/>\n<meta name=\"twitter:label1\" content=\"Tiempo de lectura\" \/>\n\t<meta name=\"twitter:data1\" content=\"2 minutos\" \/>\n<script type=\"application\/ld+json\" class=\"yoast-schema-graph\">{\"@context\":\"https:\\\/\\\/schema.org\",\"@graph\":[{\"@type\":\"WebPage\",\"@id\":\"https:\\\/\\\/redfoxlotto.com\\\/es\\\/loterias\\\/lotto-6aus49\\\/\",\"url\":\"https:\\\/\\\/redfoxlotto.com\\\/es\\\/loterias\\\/lotto-6aus49\\\/\",\"name\":\"Consigue boletos de la loter\u00eda alemana online\",\"isPartOf\":{\"@id\":\"https:\\\/\\\/redfoxlotto.com\\\/es\\\/#website\"},\"primaryImageOfPage\":{\"@id\":\"https:\\\/\\\/redfoxlotto.com\\\/es\\\/loterias\\\/lotto-6aus49\\\/#primaryimage\"},\"image\":{\"@id\":\"https:\\\/\\\/redfoxlotto.com\\\/es\\\/loterias\\\/lotto-6aus49\\\/#primaryimage\"},\"thumbnailUrl\":\"https:\\\/\\\/content.redfoxlotto.com\\\/uploads\\\/sites\\\/9\\\/1_buy_lottery_tickets_online4.jpg\",\"datePublished\":\"2020-08-18T09:19:26+00:00\",\"dateModified\":\"2023-05-29T20:51:28+00:00\",\"description\":\"Los aficionados a la loter\u00eda de fuera de Alemania ya pueden conseguir boletos para \\\"6 aus 49\\\" online\",\"breadcrumb\":{\"@id\":\"https:\\\/\\\/redfoxlotto.com\\\/es\\\/loterias\\\/lotto-6aus49\\\/#breadcrumb\"},\"inLanguage\":\"es\",\"potentialAction\":[{\"@type\":\"ReadAction\",\"target\":[\"https:\\\/\\\/redfoxlotto.com\\\/es\\\/loterias\\\/lotto-6aus49\\\/\"]}]},{\"@type\":\"ImageObject\",\"inLanguage\":\"es\",\"@id\":\"https:\\\/\\\/redfoxlotto.com\\\/es\\\/loterias\\\/lotto-6aus49\\\/#primaryimage\",\"url\":\"https:\\\/\\\/content.redfoxlotto.com\\\/uploads\\\/sites\\\/9\\\/1_buy_lottery_tickets_online4.jpg\",\"contentUrl\":\"https:\\\/\\\/content.redfoxlotto.com\\\/uploads\\\/sites\\\/9\\\/1_buy_lottery_tickets_online4.jpg\"},{\"@type\":\"BreadcrumbList\",\"@id\":\"https:\\\/\\\/redfoxlotto.com\\\/es\\\/loterias\\\/lotto-6aus49\\\/#breadcrumb\",\"itemListElement\":[{\"@type\":\"ListItem\",\"position\":1,\"name\":\"Home\",\"item\":\"https:\\\/\\\/redfoxlotto.com\\\/es\\\/\"},{\"@type\":\"ListItem\",\"position\":2,\"name\":\"Loter\u00edas mundiales\",\"item\":\"https:\\\/\\\/redfoxlotto.com\\\/es\\\/loterias\\\/\"},{\"@type\":\"ListItem\",\"position\":3,\"name\":\"Acerca de la loter\u00eda alemana 6 aus 49\"}]},{\"@type\":\"WebSite\",\"@id\":\"https:\\\/\\\/redfoxlotto.com\\\/es\\\/#website\",\"url\":\"https:\\\/\\\/redfoxlotto.com\\\/es\\\/\",\"name\":\"Get Tickets for the World\u2019s largest jackpots\",\"description\":\"Participate in worldwide lottery jackpots from any country\",\"publisher\":{\"@id\":\"https:\\\/\\\/redfoxlotto.com\\\/es\\\/#organization\"},\"potentialAction\":[{\"@type\":\"SearchAction\",\"target\":{\"@type\":\"EntryPoint\",\"urlTemplate\":\"https:\\\/\\\/redfoxlotto.com\\\/es\\\/?s={search_term_string}\"},\"query-input\":{\"@type\":\"PropertyValueSpecification\",\"valueRequired\":true,\"valueName\":\"search_term_string\"}}],\"inLanguage\":\"es\"},{\"@type\":\"Organization\",\"@id\":\"https:\\\/\\\/redfoxlotto.com\\\/es\\\/#organization\",\"name\":\"Get Tickets for the World\u2019s largest jackpots\",\"url\":\"https:\\\/\\\/redfoxlotto.com\\\/es\\\/\",\"logo\":{\"@type\":\"ImageObject\",\"inLanguage\":\"es\",\"@id\":\"https:\\\/\\\/redfoxlotto.com\\\/es\\\/#\\\/schema\\\/logo\\\/image\\\/\",\"url\":\"https:\\\/\\\/redfoxlotto.com\\\/wp-content\\\/uploads\\\/2023\\\/04\\\/logo.png\",\"contentUrl\":\"https:\\\/\\\/redfoxlotto.com\\\/wp-content\\\/uploads\\\/2023\\\/04\\\/logo.png\",\"width\":269,\"height\":53,\"caption\":\"Get Tickets for the World\u2019s largest jackpots\"},\"image\":{\"@id\":\"https:\\\/\\\/redfoxlotto.com\\\/es\\\/#\\\/schema\\\/logo\\\/image\\\/\"}}]}<\/script>\n<!-- \/ Yoast SEO plugin. -->","yoast_head_json":{"title":"Consigue boletos de la loter\u00eda alemana online","description":"Los aficionados a la loter\u00eda de fuera de Alemania ya pueden conseguir boletos para \"6 aus 49\" online","robots":{"index":"index","follow":"follow","max-snippet":"max-snippet:-1","max-image-preview":"max-image-preview:large","max-video-preview":"max-video-preview:-1"},"canonical":"https:\/\/redfoxlotto.com\/es\/loterias\/lotto-6aus49\/","og_locale":"es_ES","og_type":"article","og_title":"Consigue boletos de la loter\u00eda alemana online","og_description":"Los aficionados a la loter\u00eda de fuera de Alemania ya pueden conseguir boletos para \"6 aus 49\" online","og_url":"https:\/\/redfoxlotto.com\/es\/loterias\/lotto-6aus49\/","og_site_name":"Get Tickets for the World\u2019s largest jackpots","article_modified_time":"2023-05-29T20:51:28+00:00","og_image":[{"url":"https:\/\/content.redfoxlotto.com\/uploads\/sites\/9\/1_buy_lottery_tickets_online4.jpg","type":"","width":"","height":""}],"twitter_card":"summary_large_image","twitter_misc":{"Tiempo de lectura":"2 minutos"},"schema":{"@context":"https:\/\/schema.org","@graph":[{"@type":"WebPage","@id":"https:\/\/redfoxlotto.com\/es\/loterias\/lotto-6aus49\/","url":"https:\/\/redfoxlotto.com\/es\/loterias\/lotto-6aus49\/","name":"Consigue boletos de la loter\u00eda alemana online","isPartOf":{"@id":"https:\/\/redfoxlotto.com\/es\/#website"},"primaryImageOfPage":{"@id":"https:\/\/redfoxlotto.com\/es\/loterias\/lotto-6aus49\/#primaryimage"},"image":{"@id":"https:\/\/redfoxlotto.com\/es\/loterias\/lotto-6aus49\/#primaryimage"},"thumbnailUrl":"https:\/\/content.redfoxlotto.com\/uploads\/sites\/9\/1_buy_lottery_tickets_online4.jpg","datePublished":"2020-08-18T09:19:26+00:00","dateModified":"2023-05-29T20:51:28+00:00","description":"Los aficionados a la loter\u00eda de fuera de Alemania ya pueden conseguir boletos para \"6 aus 49\" online","breadcrumb":{"@id":"https:\/\/redfoxlotto.com\/es\/loterias\/lotto-6aus49\/#breadcrumb"},"inLanguage":"es","potentialAction":[{"@type":"ReadAction","target":["https:\/\/redfoxlotto.com\/es\/loterias\/lotto-6aus49\/"]}]},{"@type":"ImageObject","inLanguage":"es","@id":"https:\/\/redfoxlotto.com\/es\/loterias\/lotto-6aus49\/#primaryimage","url":"https:\/\/content.redfoxlotto.com\/uploads\/sites\/9\/1_buy_lottery_tickets_online4.jpg","contentUrl":"https:\/\/content.redfoxlotto.com\/uploads\/sites\/9\/1_buy_lottery_tickets_online4.jpg"},{"@type":"BreadcrumbList","@id":"https:\/\/redfoxlotto.com\/es\/loterias\/lotto-6aus49\/#breadcrumb","itemListElement":[{"@type":"ListItem","position":1,"name":"Home","item":"https:\/\/redfoxlotto.com\/es\/"},{"@type":"ListItem","position":2,"name":"Loter\u00edas mundiales","item":"https:\/\/redfoxlotto.com\/es\/loterias\/"},{"@type":"ListItem","position":3,"name":"Acerca de la loter\u00eda alemana 6 aus 49"}]},{"@type":"WebSite","@id":"https:\/\/redfoxlotto.com\/es\/#website","url":"https:\/\/redfoxlotto.com\/es\/","name":"Get Tickets for the World\u2019s largest jackpots","description":"Participate in worldwide lottery jackpots from any country","publisher":{"@id":"https:\/\/redfoxlotto.com\/es\/#organization"},"potentialAction":[{"@type":"SearchAction","target":{"@type":"EntryPoint","urlTemplate":"https:\/\/redfoxlotto.com\/es\/?s={search_term_string}"},"query-input":{"@type":"PropertyValueSpecification","valueRequired":true,"valueName":"search_term_string"}}],"inLanguage":"es"},{"@type":"Organization","@id":"https:\/\/redfoxlotto.com\/es\/#organization","name":"Get Tickets for the World\u2019s largest jackpots","url":"https:\/\/redfoxlotto.com\/es\/","logo":{"@type":"ImageObject","inLanguage":"es","@id":"https:\/\/redfoxlotto.com\/es\/#\/schema\/logo\/image\/","url":"https:\/\/redfoxlotto.com\/wp-content\/uploads\/2023\/04\/logo.png","contentUrl":"https:\/\/redfoxlotto.com\/wp-content\/uploads\/2023\/04\/logo.png","width":269,"height":53,"caption":"Get Tickets for the World\u2019s largest jackpots"},"image":{"@id":"https:\/\/redfoxlotto.com\/es\/#\/schema\/logo\/image\/"}}]}},"_links":{"self":[{"href":"https:\/\/redfoxlotto.com\/es\/wp-json\/wp\/v2\/pages\/60528","targetHints":{"allow":["GET"]}}],"collection":[{"href":"https:\/\/redfoxlotto.com\/es\/wp-json\/wp\/v2\/pages"}],"about":[{"href":"https:\/\/redfoxlotto.com\/es\/wp-json\/wp\/v2\/types\/page"}],"author":[{"embeddable":true,"href":"https:\/\/redfoxlotto.com\/es\/wp-json\/wp\/v2\/users\/1"}],"replies":[{"embeddable":true,"href":"https:\/\/redfoxlotto.com\/es\/wp-json\/wp\/v2\/comments?post=60528"}],"version-history":[{"count":0,"href":"https:\/\/redfoxlotto.com\/es\/wp-json\/wp\/v2\/pages\/60528\/revisions"}],"up":[{"embeddable":true,"href":"https:\/\/redfoxlotto.com\/es\/wp-json\/wp\/v2\/pages\/219"}],"wp:attachment":[{"href":"https:\/\/redfoxlotto.com\/es\/wp-json\/wp\/v2\/media?parent=60528"}],"curies":[{"name":"wp","href":"https:\/\/api.w.org\/{rel}","templated":true}]}}