{"id":49936,"date":"2023-04-13T18:01:41","date_gmt":"2023-04-13T18:01:41","guid":{"rendered":"https:\/\/redfoxlotto.eu\/?page_id=49936"},"modified":"2026-01-06T09:09:26","modified_gmt":"2026-01-06T09:09:26","slug":"home","status":"publish","type":"page","link":"https:\/\/redfoxlotto.com\/es\/","title":{"rendered":"Tu pa\u00eds de residencia no importa, juega a las mayores loter\u00edas del Mundo"},"content":{"rendered":"<p><script type=\"application\/ld+json\">\n{\n  \"@context\": \"https:\/\/schema.org\",\n  \"@type\": \"Service\",\n  \"name\": \"Jugar Powerball en l\u00ednea\",\n  \"url\": \"https:\/\/redfoxlotto.com\/es\/\",\n  \"description\": \"Los mayores jackpots de loter\u00eda del mundo disponibles desde cualquier lugar: \u00a1compra tus boletos de loter\u00eda en l\u00ednea ahora!\",\n  \"serviceType\": \"Servicio de intermediaci\u00f3n de boletos de loter\u00eda en l\u00ednea\",\n  \"provider\": {\n    \"@type\": \"Organization\",\n    \"name\": \"RedFoxLotto\",\n    \"url\": \"https:\/\/redfoxlotto.com\/es\/\",\n    \"image\": \"https:\/\/redfoxlotto.com\/wp-content\/uploads\/2025\/12\/ticket_scans.jpg\"\n  },\n  \"areaServed\": \"En todo el mundo\",\n  \"termsOfService\": \"https:\/\/redfoxlotto.com\/terms-and-conditions\",\n  \"additionalProperty\": {\n    \"@type\": \"PropertyValue\",\n    \"name\": \"Preguntas frecuentes\",\n    \"value\": \"https:\/\/redfoxlotto.com\/es\/faq\/\"\n  },\n  \"hasOfferCatalog\": {\n    \"@type\": \"OfferCatalog\",\n    \"name\": \"Boletos de loter\u00eda para loter\u00edas internacionales\",\n    \"itemListElement\": [\n      {\n        \"@type\": \"Offer\",\n        \"name\": \"Boletos para Powerball, Mega Millions, Euromillions y m\u00e1s\",\n        \"url\": \"https:\/\/redfoxlotto.com\/es\/\",\n        \"description\": \"Compra boletos para los mayores jackpots de loter\u00eda del mundo.\",\n        \"availability\": \"https:\/\/schema.org\/InStock\",\n        \"itemOffered\": {\n          \"@type\": \"Service\",\n          \"name\": \"Boletos de loter\u00eda internacionales\",\n          \"description\": \"Participa en loter\u00edas internacionales a trav\u00e9s de RedFoxLotto.\"\n        }\n      }\n    ]\n  },\n  \"mainEntityOfPage\": {\n    \"@type\": \"WebPage\",\n    \"@id\": \"https:\/\/redfoxlotto.com\/es\/\"\n  }\n}\n<\/script><\/p>\n<h2>Su pa\u00eds de residencia no importa \u2013 juegue las mayores loter\u00edas del mundo<\/h2>\n<p><img loading=\"lazy\" decoding=\"async\" class=\"size-full wp-image-4467 alignright\" src=\"https:\/\/redfoxlotto.com\/wp-content\/uploads\/2024\/03\/Balls_2.png\" alt=\"boleto de loter\u00eda online\" width=\"212\" height=\"250\" \/>\u00bfCu\u00e1ntas veces ha o\u00eddo hablar de ganadores de loter\u00eda en todo el mundo que han ganado sumas enormes de dinero? Desafortunadamente, estas enormes ganancias se lograron principalmente en otros pa\u00edses. Por supuesto, incluso en su propio pa\u00eds, aparecen grandes botes de vez en cuando, pero a menudo tarda bastante en crecer un jackpot lo suficientemente grande. Por lo tanto, si espera un gran jackpot, puede que tenga que esperar un tiempo.<\/p>\n<p>Ahora puede comprar boletos de loter\u00eda en l\u00ednea para los mayores jackpots del mundo. Esto significa que puede participar en loter\u00edas fuera de su pa\u00eds. Esto es completamente legal y muy conveniente. Puede ordenar su boleto en l\u00ednea con unos pocos clics y pagar, por ejemplo, con tarjeta de cr\u00e9dito mediante un proceso totalmente seguro. Alternativamente, puede usar uno de nuestros otros m\u00e9todos de pago. Recibir\u00e1 un correo electr\u00f3nico de confirmaci\u00f3n en breve. Ning\u00fan boleto puede perderse, y le notificaremos autom\u00e1ticamente cualquier premio. As\u00ed, no se perder\u00e1 un premio solo por olvidar verificar su boleto con los resultados de la loter\u00eda.<\/p>\n<h2>La mayor ventaja de comprar un boleto de loter\u00eda en l\u00ednea<\/h2>\n<p>La mayor ventaja es que siempre puede comprar boletos para las loter\u00edas que actualmente tienen los jackpots m\u00e1s altos. No importa cu\u00e1nto dinero gaste en boletos. Definitivamente es m\u00e1s econ\u00f3mico invertir en un jackpot de 150 millones que en un premio de dos millones. Con m\u00e1s loter\u00edas disponibles en l\u00ednea, podr\u00e1 encontrar al menos un enorme jackpot cada semana, lo que le ofrece una mejor relaci\u00f3n costo-potencial de ganancia que su loter\u00eda local. Y, a veces, estos jackpots pueden alcanzar niveles impresionantes.<\/p>\n<p>El r\u00e9cord mundial de jackpot es de 2.040.000.000 $ (julio de 2023). Fue ganado el 22 de noviembre de 2022 en la loter\u00eda Powerball de EE. UU. El 13 de enero de 2016 hubo otro jackpot de 1,586 mil millones de d\u00f3lares, tambi\u00e9n ganado en la Powerball americana. El tercer jackpot m\u00e1s alto de la historia se gan\u00f3 en la loter\u00eda Mega Millions el 23 de octubre de 2018, cuando un afortunado ganador obtuvo 1,537 mil millones de d\u00f3lares.<\/p>\n<p>Muchas de las ganancias mayores anteriores en estas loter\u00edas se lograron comprando boletos en l\u00ednea.<\/p>\n<h2>\u00bfQu\u00e9 sucede despu\u00e9s de pedir mi boleto en l\u00ednea?<\/h2>\n<p><img loading=\"lazy\" decoding=\"async\" class=\"size-medium wp-image-39298 alignright\" src=\"https:\/\/redfoxlotto.com\/wp-content\/uploads\/2023\/04\/1_play_online_lotto.jpg\" alt=\"juega loter\u00eda online\" width=\"300\" height=\"300\" \/>El servicio proporcionado por RedFoxLotto.com consiste en que tenemos empleados en los pa\u00edses de las diferentes loter\u00edas que compran los boletos que usted orden\u00f3. Son boletos oficiales reales con los n\u00fameros que seleccion\u00f3. Despu\u00e9s de la compra, recibir\u00e1 un correo electr\u00f3nico de confirmaci\u00f3n. Puede ver su pedido y verificar sus n\u00fameros en su \u00e1rea de cliente. Poco despu\u00e9s de realizar el pedido, se cargar\u00e1 en su cuenta una imagen escaneada del boleto comprado.<\/p>\n<h2>\u00bfY si gano?<\/h2>\n<p>Cualquier ganancia inferior a 2.500 \u20ac se acreditar\u00e1 inmediatamente en su cuenta de cliente de RedFoxLotto. Para ganancias superiores a 2.500 \u20ac, nuestro equipo de atenci\u00f3n al cliente se pondr\u00e1 en contacto con usted para organizar el pago, contactando con la comisi\u00f3n de loter\u00eda correspondiente en su nombre. Tal pago generalmente se realiza directamente a su cuenta bancaria o recibir\u00e1 un cheque.<\/p>\n<p>Procesamos sus ganancias de forma gratuita, excepto por una peque\u00f1a comisi\u00f3n para transferencias bancarias a ciertos bancos.<\/p>\n<p>Para m\u00e1s informaci\u00f3n, consulte nuestras FAQ o contacte con el equipo de soporte. \u00a1Ya no hay raz\u00f3n para conformarse con jackpots m\u00e1s peque\u00f1os! \u00a1Elija un jackpot m\u00e1s grande y convi\u00e9rtase en el pr\u00f3ximo multimillonario de la loter\u00eda!<\/p>\n","protected":false},"excerpt":{"rendered":"<p>Su pa\u00eds de residencia no importa \u2013 juegue las mayores loter\u00edas del mundo \u00bfCu\u00e1ntas veces ha o\u00eddo hablar de ganadores de loter\u00eda en todo el mundo que han ganado sumas enormes de dinero? Desafortunadamente, estas enormes ganancias se lograron principalmente en otros pa\u00edses. Por supuesto, incluso en su propio pa\u00eds, aparecen grandes botes de vez [&hellip;]<\/p>\n","protected":false},"author":1,"featured_media":0,"parent":0,"menu_order":1,"comment_status":"closed","ping_status":"closed","template":"lotto.php","meta":{"_et_pb_use_builder":"","_et_pb_old_content":"","_et_gb_content_width":"","exclude_from_search":false,"footnotes":""},"class_list":["post-49936","page","type-page","status-publish","hentry"],"yoast_head":"<!-- This site is optimized with the Yoast SEO plugin v23.8 - https:\/\/yoast.com\/wordpress\/plugins\/seo\/ -->\n<title>Loter\u00eda en l\u00ednea | Compre boletos para los premios m\u00e1s grandes de la loter\u00eda<\/title>\n<meta name=\"description\" content=\"Compre boletos aqu\u00ed para los premios gordos de la loter\u00eda m\u00e1s grandes del mundo \u2013 juegue a la loter\u00eda en l\u00ednea\" \/>\n<meta name=\"robots\" content=\"index, follow, max-snippet:-1, max-image-preview:large, max-video-preview:-1\" \/>\n<link rel=\"canonical\" href=\"https:\/\/redfoxlotto.com\/es\/\" \/>\n<meta property=\"og:locale\" content=\"es_ES\" \/>\n<meta property=\"og:type\" content=\"article\" \/>\n<meta property=\"og:title\" content=\"Loter\u00eda en l\u00ednea | Compre boletos para los premios m\u00e1s grandes de la loter\u00eda\" \/>\n<meta property=\"og:description\" content=\"Compre boletos aqu\u00ed para los premios gordos de la loter\u00eda m\u00e1s grandes del mundo \u2013 juegue a la loter\u00eda en l\u00ednea\" \/>\n<meta property=\"og:url\" content=\"https:\/\/redfoxlotto.com\/es\/\" \/>\n<meta property=\"og:site_name\" content=\"Get Tickets for the World\u2019s largest jackpots\" \/>\n<meta property=\"article:modified_time\" content=\"2026-01-06T09:09:26+00:00\" \/>\n<meta property=\"og:image\" content=\"https:\/\/redfoxlotto.com\/wp-content\/uploads\/2024\/03\/Balls_2.png\" \/>\n<meta name=\"twitter:card\" content=\"summary_large_image\" \/>\n<meta name=\"twitter:label1\" content=\"Tiempo de lectura\" \/>\n\t<meta name=\"twitter:data1\" content=\"4 minutos\" \/>\n<script type=\"application\/ld+json\" class=\"yoast-schema-graph\">{\"@context\":\"https:\/\/schema.org\",\"@graph\":[{\"@type\":\"WebPage\",\"@id\":\"https:\/\/redfoxlotto.com\/es\/\",\"url\":\"https:\/\/redfoxlotto.com\/es\/\",\"name\":\"Loter\u00eda en l\u00ednea | Compre boletos para los premios m\u00e1s grandes de la loter\u00eda\",\"isPartOf\":{\"@id\":\"https:\/\/redfoxlotto.com\/es\/#website\"},\"primaryImageOfPage\":{\"@id\":\"https:\/\/redfoxlotto.com\/es\/#primaryimage\"},\"image\":{\"@id\":\"https:\/\/redfoxlotto.com\/es\/#primaryimage\"},\"thumbnailUrl\":\"https:\/\/redfoxlotto.com\/wp-content\/uploads\/2024\/03\/Balls_2.png\",\"datePublished\":\"2023-04-13T18:01:41+00:00\",\"dateModified\":\"2026-01-06T09:09:26+00:00\",\"description\":\"Compre boletos aqu\u00ed para los premios gordos de la loter\u00eda m\u00e1s grandes del mundo \u2013 juegue a la loter\u00eda en l\u00ednea\",\"breadcrumb\":{\"@id\":\"https:\/\/redfoxlotto.com\/es\/#breadcrumb\"},\"inLanguage\":\"es\",\"potentialAction\":[{\"@type\":\"ReadAction\",\"target\":[\"https:\/\/redfoxlotto.com\/es\/\"]}]},{\"@type\":\"ImageObject\",\"inLanguage\":\"es\",\"@id\":\"https:\/\/redfoxlotto.com\/es\/#primaryimage\",\"url\":\"https:\/\/redfoxlotto.com\/wp-content\/uploads\/2024\/03\/Balls_2.png\",\"contentUrl\":\"https:\/\/redfoxlotto.com\/wp-content\/uploads\/2024\/03\/Balls_2.png\"},{\"@type\":\"BreadcrumbList\",\"@id\":\"https:\/\/redfoxlotto.com\/es\/#breadcrumb\",\"itemListElement\":[{\"@type\":\"ListItem\",\"position\":1,\"name\":\"Home\",\"item\":\"https:\/\/redfoxlotto.com\/es\/\"},{\"@type\":\"ListItem\",\"position\":2,\"name\":\"Tu pa\u00eds de residencia no importa, juega a las mayores loter\u00edas del Mundo\"}]},{\"@type\":\"WebSite\",\"@id\":\"https:\/\/redfoxlotto.com\/es\/#website\",\"url\":\"https:\/\/redfoxlotto.com\/es\/\",\"name\":\"Get Tickets for the World\u2019s largest jackpots\",\"description\":\"Participate in worldwide lottery jackpots from any country\",\"publisher\":{\"@id\":\"https:\/\/redfoxlotto.com\/es\/#organization\"},\"potentialAction\":[{\"@type\":\"SearchAction\",\"target\":{\"@type\":\"EntryPoint\",\"urlTemplate\":\"https:\/\/redfoxlotto.com\/es\/?s={search_term_string}\"},\"query-input\":{\"@type\":\"PropertyValueSpecification\",\"valueRequired\":true,\"valueName\":\"search_term_string\"}}],\"inLanguage\":\"es\"},{\"@type\":\"Organization\",\"@id\":\"https:\/\/redfoxlotto.com\/es\/#organization\",\"name\":\"Get Tickets for the World\u2019s largest jackpots\",\"url\":\"https:\/\/redfoxlotto.com\/es\/\",\"logo\":{\"@type\":\"ImageObject\",\"inLanguage\":\"es\",\"@id\":\"https:\/\/redfoxlotto.com\/es\/#\/schema\/logo\/image\/\",\"url\":\"https:\/\/redfoxlotto.com\/wp-content\/uploads\/2023\/04\/logo.png\",\"contentUrl\":\"https:\/\/redfoxlotto.com\/wp-content\/uploads\/2023\/04\/logo.png\",\"width\":269,\"height\":53,\"caption\":\"Get Tickets for the World\u2019s largest jackpots\"},\"image\":{\"@id\":\"https:\/\/redfoxlotto.com\/es\/#\/schema\/logo\/image\/\"}}]}<\/script>\n<!-- \/ Yoast SEO plugin. -->","yoast_head_json":{"title":"Loter\u00eda en l\u00ednea | Compre boletos para los premios m\u00e1s grandes de la loter\u00eda","description":"Compre boletos aqu\u00ed para los premios gordos de la loter\u00eda m\u00e1s grandes del mundo \u2013 juegue a la loter\u00eda en l\u00ednea","robots":{"index":"index","follow":"follow","max-snippet":"max-snippet:-1","max-image-preview":"max-image-preview:large","max-video-preview":"max-video-preview:-1"},"canonical":"https:\/\/redfoxlotto.com\/es\/","og_locale":"es_ES","og_type":"article","og_title":"Loter\u00eda en l\u00ednea | Compre boletos para los premios m\u00e1s grandes de la loter\u00eda","og_description":"Compre boletos aqu\u00ed para los premios gordos de la loter\u00eda m\u00e1s grandes del mundo \u2013 juegue a la loter\u00eda en l\u00ednea","og_url":"https:\/\/redfoxlotto.com\/es\/","og_site_name":"Get Tickets for the World\u2019s largest jackpots","article_modified_time":"2026-01-06T09:09:26+00:00","og_image":[{"url":"https:\/\/redfoxlotto.com\/wp-content\/uploads\/2024\/03\/Balls_2.png"}],"twitter_card":"summary_large_image","twitter_misc":{"Tiempo de lectura":"4 minutos"},"schema":{"@context":"https:\/\/schema.org","@graph":[{"@type":"WebPage","@id":"https:\/\/redfoxlotto.com\/es\/","url":"https:\/\/redfoxlotto.com\/es\/","name":"Loter\u00eda en l\u00ednea | Compre boletos para los premios m\u00e1s grandes de la loter\u00eda","isPartOf":{"@id":"https:\/\/redfoxlotto.com\/es\/#website"},"primaryImageOfPage":{"@id":"https:\/\/redfoxlotto.com\/es\/#primaryimage"},"image":{"@id":"https:\/\/redfoxlotto.com\/es\/#primaryimage"},"thumbnailUrl":"https:\/\/redfoxlotto.com\/wp-content\/uploads\/2024\/03\/Balls_2.png","datePublished":"2023-04-13T18:01:41+00:00","dateModified":"2026-01-06T09:09:26+00:00","description":"Compre boletos aqu\u00ed para los premios gordos de la loter\u00eda m\u00e1s grandes del mundo \u2013 juegue a la loter\u00eda en l\u00ednea","breadcrumb":{"@id":"https:\/\/redfoxlotto.com\/es\/#breadcrumb"},"inLanguage":"es","potentialAction":[{"@type":"ReadAction","target":["https:\/\/redfoxlotto.com\/es\/"]}]},{"@type":"ImageObject","inLanguage":"es","@id":"https:\/\/redfoxlotto.com\/es\/#primaryimage","url":"https:\/\/redfoxlotto.com\/wp-content\/uploads\/2024\/03\/Balls_2.png","contentUrl":"https:\/\/redfoxlotto.com\/wp-content\/uploads\/2024\/03\/Balls_2.png"},{"@type":"BreadcrumbList","@id":"https:\/\/redfoxlotto.com\/es\/#breadcrumb","itemListElement":[{"@type":"ListItem","position":1,"name":"Home","item":"https:\/\/redfoxlotto.com\/es\/"},{"@type":"ListItem","position":2,"name":"Tu pa\u00eds de residencia no importa, juega a las mayores loter\u00edas del Mundo"}]},{"@type":"WebSite","@id":"https:\/\/redfoxlotto.com\/es\/#website","url":"https:\/\/redfoxlotto.com\/es\/","name":"Get Tickets for the World\u2019s largest jackpots","description":"Participate in worldwide lottery jackpots from any country","publisher":{"@id":"https:\/\/redfoxlotto.com\/es\/#organization"},"potentialAction":[{"@type":"SearchAction","target":{"@type":"EntryPoint","urlTemplate":"https:\/\/redfoxlotto.com\/es\/?s={search_term_string}"},"query-input":{"@type":"PropertyValueSpecification","valueRequired":true,"valueName":"search_term_string"}}],"inLanguage":"es"},{"@type":"Organization","@id":"https:\/\/redfoxlotto.com\/es\/#organization","name":"Get Tickets for the World\u2019s largest jackpots","url":"https:\/\/redfoxlotto.com\/es\/","logo":{"@type":"ImageObject","inLanguage":"es","@id":"https:\/\/redfoxlotto.com\/es\/#\/schema\/logo\/image\/","url":"https:\/\/redfoxlotto.com\/wp-content\/uploads\/2023\/04\/logo.png","contentUrl":"https:\/\/redfoxlotto.com\/wp-content\/uploads\/2023\/04\/logo.png","width":269,"height":53,"caption":"Get Tickets for the World\u2019s largest jackpots"},"image":{"@id":"https:\/\/redfoxlotto.com\/es\/#\/schema\/logo\/image\/"}}]}},"_links":{"self":[{"href":"https:\/\/redfoxlotto.com\/es\/wp-json\/wp\/v2\/pages\/49936","targetHints":{"allow":["GET"]}}],"collection":[{"href":"https:\/\/redfoxlotto.com\/es\/wp-json\/wp\/v2\/pages"}],"about":[{"href":"https:\/\/redfoxlotto.com\/es\/wp-json\/wp\/v2\/types\/page"}],"author":[{"embeddable":true,"href":"https:\/\/redfoxlotto.com\/es\/wp-json\/wp\/v2\/users\/1"}],"replies":[{"embeddable":true,"href":"https:\/\/redfoxlotto.com\/es\/wp-json\/wp\/v2\/comments?post=49936"}],"version-history":[{"count":0,"href":"https:\/\/redfoxlotto.com\/es\/wp-json\/wp\/v2\/pages\/49936\/revisions"}],"wp:attachment":[{"href":"https:\/\/redfoxlotto.com\/es\/wp-json\/wp\/v2\/media?parent=49936"}],"curies":[{"name":"wp","href":"https:\/\/api.w.org\/{rel}","templated":true}]}}