{"id":2789,"date":"2020-04-16T13:14:59","date_gmt":"2020-04-16T13:14:59","guid":{"rendered":"https:\/\/redfoxlotto.com\/?page_id=2789"},"modified":"2023-05-19T09:42:45","modified_gmt":"2023-05-19T09:42:45","slug":"lotto-fr","status":"publish","type":"page","link":"https:\/\/redfoxlotto.com\/es\/resultados\/lotto-fr\/","title":{"rendered":"Resultados de la loter\u00eda francesa"},"content":{"rendered":"<p>\u00bfHa comenzado a jugar a la loter\u00eda en l\u00ednea y ahora quiere asegurarse de que puede obtener los n\u00fameros ganadores tan f\u00e1cilmente como sea posible? Echaremos un vistazo a los resultados de la loter\u00eda francesa y veremos lo que podr\u00edan significar para usted. Porque si est\u00e1s jugando a esta loter\u00eda (lo que puedes hacer aqu\u00ed con nosotros), quieres asegurarte de conocer los resultados tan pronto como est\u00e9n disponibles, \u00bfverdad? Bueno, es m\u00e1s f\u00e1cil que nunca para ti hacer justamente eso. <\/p><h2 class=\"wp-block-heading\">Encuentre los n\u00fameros ganadores de la loter\u00eda francesa<\/h2><p>Lo primero que debe saber cuando busque resultados de loter\u00eda en l\u00ednea es d\u00f3nde encontrar los oficiales. Hay todo tipo de sitios web que puede visitar para obtener m\u00e1s informaci\u00f3n, pero el mejor lugar para ir es aqu\u00ed con nosotros, donde compr\u00f3 el billete de loter\u00eda. Si busca m\u00e1s arriba en esta p\u00e1gina, o si ya nos ha comprado un billete de loter\u00eda en Francia, hay una manera m\u00e1s f\u00e1cil. S\u00f3lo tiene que echar un vistazo a sus tickets actuales en su cuenta de cliente con nosotros. Entonces podr\u00e1 ver inmediatamente cu\u00e1les de sus n\u00fameros elegidos han sido ganados &#8211; ser\u00e1n resaltados. As\u00ed que usted puede comprobar inmediatamente si ha ganado y cu\u00e1nto ha ganado.<\/p><p>Por cierto, tambi\u00e9n te informamos por correo electr\u00f3nico sobre cada victoria, para que no tengas que preocuparte por perderte nada.<\/p><h2 class=\"wp-block-heading\">Comprensi\u00f3n de las clases de premios<\/h2><p>Cuando encuentres los resultados ganadores, querr\u00e1s echar un vistazo m\u00e1s de cerca a cosas como las clases ganadoras y saber qu\u00e9 n\u00fameros has introducido correctamente. Despu\u00e9s de todo, la loter\u00eda francesa funciona de manera similar a otros juegos de loter\u00eda en todo el mundo. Para ganar el bote, usted debe tener todos los n\u00fameros correctos al mismo tiempo, en este caso cinco bolas m\u00e1s el bono. Esto ser\u00e1 dif\u00edcil, pero definitivamente no ser\u00e1 imposible (la gente gana la loter\u00eda todo el tiempo, as\u00ed que \u00bfpor qu\u00e9 no t\u00fa?) Por lo tanto, si escribes cada uno de estos n\u00fameros correctamente y eliges el n\u00famero de bono correctamente, ganas el bote que sigue subiendo. <\/p><p>Si s\u00f3lo tienes unos pocos n\u00fameros correctos, ya ganar\u00e1s un premio. No ganar\u00e1s mucho si s\u00f3lo tienes el n\u00famero de bono, o incluso si tienes uno o dos de los n\u00fameros principales. Pero si bateas cuatro de ellos, ya conseguir\u00e1s un buen premio y si puedes conseguir al menos cuatro con la bola de bono, lo har\u00e1s muy bien. <\/p><h2 class=\"wp-block-heading\">Jugar a tus juegos favoritos<\/h2><p>Si desea encontrar los resultados de la loter\u00eda francesa, lo m\u00e1s importante es buscar en los lugares correctos. Los resultados se sortean todos los lunes, mi\u00e9rcoles y s\u00e1bados, lo que significa que tendr\u00e1s muchas oportunidades de ganar, y el bote sigue creciendo cada d\u00eda, as\u00ed que si no lo ganas hoy, \u00a1podr\u00edas ser un gran ganador en s\u00f3lo unos d\u00edas!<\/p>","protected":false},"excerpt":{"rendered":"<p>\u00bfHa comenzado a jugar a la loter\u00eda en l\u00ednea y ahora quiere asegurarse de que puede obtener los n\u00fameros ganadores tan f\u00e1cilmente como sea posible? Echaremos un vistazo a los resultados de la loter\u00eda francesa y veremos lo que podr\u00edan significar para usted. Porque si est\u00e1s jugando a esta loter\u00eda (lo que puedes hacer aqu\u00ed [&hellip;]<\/p>\n","protected":false},"author":1,"featured_media":0,"parent":227,"menu_order":32,"comment_status":"closed","ping_status":"closed","template":"lotto-fr-results.php","meta":{"_et_pb_use_builder":"","_et_pb_old_content":"","_et_gb_content_width":"","exclude_from_search":false,"footnotes":""},"class_list":["post-2789","page","type-page","status-publish","hentry"],"yoast_head":"<!-- This site is optimized with the Yoast SEO plugin v23.8 - https:\/\/yoast.com\/wordpress\/plugins\/seo\/ -->\n<title>Encuentre los n\u00fameros ganadores y los resultados de la Loter\u00eda de Francia<\/title>\n<meta name=\"description\" content=\"Aqu\u00ed est\u00e1n los resultados y los n\u00fameros ganadores de la Loter\u00eda de Francia - simple y sin complicaciones\" \/>\n<meta name=\"robots\" content=\"index, follow, max-snippet:-1, max-image-preview:large, max-video-preview:-1\" \/>\n<link rel=\"canonical\" href=\"https:\/\/redfoxlotto.com\/es\/resultados\/lotto-fr\/\" \/>\n<meta property=\"og:locale\" content=\"es_ES\" \/>\n<meta property=\"og:type\" content=\"article\" \/>\n<meta property=\"og:title\" content=\"Encuentre los n\u00fameros ganadores y los resultados de la Loter\u00eda de Francia\" \/>\n<meta property=\"og:description\" content=\"Aqu\u00ed est\u00e1n los resultados y los n\u00fameros ganadores de la Loter\u00eda de Francia - simple y sin complicaciones\" \/>\n<meta property=\"og:url\" content=\"https:\/\/redfoxlotto.com\/es\/resultados\/lotto-fr\/\" \/>\n<meta property=\"og:site_name\" content=\"Get Tickets for the World\u2019s largest jackpots\" \/>\n<meta property=\"article:modified_time\" content=\"2023-05-19T09:42:45+00:00\" \/>\n<meta name=\"twitter:card\" content=\"summary_large_image\" \/>\n<meta name=\"twitter:label1\" content=\"Tiempo de lectura\" \/>\n\t<meta name=\"twitter:data1\" content=\"3 minutos\" \/>\n<script type=\"application\/ld+json\" class=\"yoast-schema-graph\">{\"@context\":\"https:\/\/schema.org\",\"@graph\":[{\"@type\":\"WebPage\",\"@id\":\"https:\/\/redfoxlotto.com\/es\/resultados\/lotto-fr\/\",\"url\":\"https:\/\/redfoxlotto.com\/es\/resultados\/lotto-fr\/\",\"name\":\"Encuentre los n\u00fameros ganadores y los resultados de la Loter\u00eda de Francia\",\"isPartOf\":{\"@id\":\"https:\/\/redfoxlotto.com\/es\/#website\"},\"datePublished\":\"2020-04-16T13:14:59+00:00\",\"dateModified\":\"2023-05-19T09:42:45+00:00\",\"description\":\"Aqu\u00ed est\u00e1n los resultados y los n\u00fameros ganadores de la Loter\u00eda de Francia - simple y sin complicaciones\",\"breadcrumb\":{\"@id\":\"https:\/\/redfoxlotto.com\/es\/resultados\/lotto-fr\/#breadcrumb\"},\"inLanguage\":\"es\",\"potentialAction\":[{\"@type\":\"ReadAction\",\"target\":[\"https:\/\/redfoxlotto.com\/es\/resultados\/lotto-fr\/\"]}]},{\"@type\":\"BreadcrumbList\",\"@id\":\"https:\/\/redfoxlotto.com\/es\/resultados\/lotto-fr\/#breadcrumb\",\"itemListElement\":[{\"@type\":\"ListItem\",\"position\":1,\"name\":\"Home\",\"item\":\"https:\/\/redfoxlotto.com\/es\/\"},{\"@type\":\"ListItem\",\"position\":2,\"name\":\"Resultados y n\u00fameros ganadores de loto en el mundo\",\"item\":\"https:\/\/redfoxlotto.com\/es\/resultados\/\"},{\"@type\":\"ListItem\",\"position\":3,\"name\":\"Resultados de la loter\u00eda francesa\"}]},{\"@type\":\"WebSite\",\"@id\":\"https:\/\/redfoxlotto.com\/es\/#website\",\"url\":\"https:\/\/redfoxlotto.com\/es\/\",\"name\":\"Get Tickets for the World\u2019s largest jackpots\",\"description\":\"Participate in worldwide lottery jackpots from any country\",\"publisher\":{\"@id\":\"https:\/\/redfoxlotto.com\/es\/#organization\"},\"potentialAction\":[{\"@type\":\"SearchAction\",\"target\":{\"@type\":\"EntryPoint\",\"urlTemplate\":\"https:\/\/redfoxlotto.com\/es\/?s={search_term_string}\"},\"query-input\":{\"@type\":\"PropertyValueSpecification\",\"valueRequired\":true,\"valueName\":\"search_term_string\"}}],\"inLanguage\":\"es\"},{\"@type\":\"Organization\",\"@id\":\"https:\/\/redfoxlotto.com\/es\/#organization\",\"name\":\"Get Tickets for the World\u2019s largest jackpots\",\"url\":\"https:\/\/redfoxlotto.com\/es\/\",\"logo\":{\"@type\":\"ImageObject\",\"inLanguage\":\"es\",\"@id\":\"https:\/\/redfoxlotto.com\/es\/#\/schema\/logo\/image\/\",\"url\":\"https:\/\/redfoxlotto.com\/wp-content\/uploads\/2023\/04\/logo.png\",\"contentUrl\":\"https:\/\/redfoxlotto.com\/wp-content\/uploads\/2023\/04\/logo.png\",\"width\":269,\"height\":53,\"caption\":\"Get Tickets for the World\u2019s largest jackpots\"},\"image\":{\"@id\":\"https:\/\/redfoxlotto.com\/es\/#\/schema\/logo\/image\/\"}}]}<\/script>\n<!-- \/ Yoast SEO plugin. -->","yoast_head_json":{"title":"Encuentre los n\u00fameros ganadores y los resultados de la Loter\u00eda de Francia","description":"Aqu\u00ed est\u00e1n los resultados y los n\u00fameros ganadores de la Loter\u00eda de Francia - simple y sin complicaciones","robots":{"index":"index","follow":"follow","max-snippet":"max-snippet:-1","max-image-preview":"max-image-preview:large","max-video-preview":"max-video-preview:-1"},"canonical":"https:\/\/redfoxlotto.com\/es\/resultados\/lotto-fr\/","og_locale":"es_ES","og_type":"article","og_title":"Encuentre los n\u00fameros ganadores y los resultados de la Loter\u00eda de Francia","og_description":"Aqu\u00ed est\u00e1n los resultados y los n\u00fameros ganadores de la Loter\u00eda de Francia - simple y sin complicaciones","og_url":"https:\/\/redfoxlotto.com\/es\/resultados\/lotto-fr\/","og_site_name":"Get Tickets for the World\u2019s largest jackpots","article_modified_time":"2023-05-19T09:42:45+00:00","twitter_card":"summary_large_image","twitter_misc":{"Tiempo de lectura":"3 minutos"},"schema":{"@context":"https:\/\/schema.org","@graph":[{"@type":"WebPage","@id":"https:\/\/redfoxlotto.com\/es\/resultados\/lotto-fr\/","url":"https:\/\/redfoxlotto.com\/es\/resultados\/lotto-fr\/","name":"Encuentre los n\u00fameros ganadores y los resultados de la Loter\u00eda de Francia","isPartOf":{"@id":"https:\/\/redfoxlotto.com\/es\/#website"},"datePublished":"2020-04-16T13:14:59+00:00","dateModified":"2023-05-19T09:42:45+00:00","description":"Aqu\u00ed est\u00e1n los resultados y los n\u00fameros ganadores de la Loter\u00eda de Francia - simple y sin complicaciones","breadcrumb":{"@id":"https:\/\/redfoxlotto.com\/es\/resultados\/lotto-fr\/#breadcrumb"},"inLanguage":"es","potentialAction":[{"@type":"ReadAction","target":["https:\/\/redfoxlotto.com\/es\/resultados\/lotto-fr\/"]}]},{"@type":"BreadcrumbList","@id":"https:\/\/redfoxlotto.com\/es\/resultados\/lotto-fr\/#breadcrumb","itemListElement":[{"@type":"ListItem","position":1,"name":"Home","item":"https:\/\/redfoxlotto.com\/es\/"},{"@type":"ListItem","position":2,"name":"Resultados y n\u00fameros ganadores de loto en el mundo","item":"https:\/\/redfoxlotto.com\/es\/resultados\/"},{"@type":"ListItem","position":3,"name":"Resultados de la loter\u00eda francesa"}]},{"@type":"WebSite","@id":"https:\/\/redfoxlotto.com\/es\/#website","url":"https:\/\/redfoxlotto.com\/es\/","name":"Get Tickets for the World\u2019s largest jackpots","description":"Participate in worldwide lottery jackpots from any country","publisher":{"@id":"https:\/\/redfoxlotto.com\/es\/#organization"},"potentialAction":[{"@type":"SearchAction","target":{"@type":"EntryPoint","urlTemplate":"https:\/\/redfoxlotto.com\/es\/?s={search_term_string}"},"query-input":{"@type":"PropertyValueSpecification","valueRequired":true,"valueName":"search_term_string"}}],"inLanguage":"es"},{"@type":"Organization","@id":"https:\/\/redfoxlotto.com\/es\/#organization","name":"Get Tickets for the World\u2019s largest jackpots","url":"https:\/\/redfoxlotto.com\/es\/","logo":{"@type":"ImageObject","inLanguage":"es","@id":"https:\/\/redfoxlotto.com\/es\/#\/schema\/logo\/image\/","url":"https:\/\/redfoxlotto.com\/wp-content\/uploads\/2023\/04\/logo.png","contentUrl":"https:\/\/redfoxlotto.com\/wp-content\/uploads\/2023\/04\/logo.png","width":269,"height":53,"caption":"Get Tickets for the World\u2019s largest jackpots"},"image":{"@id":"https:\/\/redfoxlotto.com\/es\/#\/schema\/logo\/image\/"}}]}},"_links":{"self":[{"href":"https:\/\/redfoxlotto.com\/es\/wp-json\/wp\/v2\/pages\/2789","targetHints":{"allow":["GET"]}}],"collection":[{"href":"https:\/\/redfoxlotto.com\/es\/wp-json\/wp\/v2\/pages"}],"about":[{"href":"https:\/\/redfoxlotto.com\/es\/wp-json\/wp\/v2\/types\/page"}],"author":[{"embeddable":true,"href":"https:\/\/redfoxlotto.com\/es\/wp-json\/wp\/v2\/users\/1"}],"replies":[{"embeddable":true,"href":"https:\/\/redfoxlotto.com\/es\/wp-json\/wp\/v2\/comments?post=2789"}],"version-history":[{"count":0,"href":"https:\/\/redfoxlotto.com\/es\/wp-json\/wp\/v2\/pages\/2789\/revisions"}],"up":[{"embeddable":true,"href":"https:\/\/redfoxlotto.com\/es\/wp-json\/wp\/v2\/pages\/227"}],"wp:attachment":[{"href":"https:\/\/redfoxlotto.com\/es\/wp-json\/wp\/v2\/media?parent=2789"}],"curies":[{"name":"wp","href":"https:\/\/api.w.org\/{rel}","templated":true}]}}