{"id":2787,"date":"2019-08-09T14:33:52","date_gmt":"2019-08-09T14:33:52","guid":{"rendered":"https:\/\/redfoxlotto.com\/?page_id=2787"},"modified":"2023-05-14T10:29:38","modified_gmt":"2023-05-14T10:29:38","slug":"lotto-fr","status":"publish","type":"page","link":"https:\/\/redfoxlotto.com\/es\/loterias\/lotto-fr\/","title":{"rendered":"Acerca de la Loter\u00eda Francesa"},"content":{"rendered":"<p>\u00bfEst\u00e1 buscando un nuevo juego, pero no est\u00e1 seguro de cu\u00e1l deber\u00eda ser? Bueno, si a\u00fan no se ha decidido, deber\u00eda echar un vistazo a c\u00f3mo comprar billetes de la Loter\u00eda Francesa en l\u00ednea. Esta ser\u00e1 una de sus mejores opciones una vez que sepa c\u00f3mo funciona, porque ser\u00e1 f\u00e1cil y emocionante para cualquiera que ame las loter\u00edas. Despu\u00e9s de todo, se trata de escribir los n\u00fameros correctos y posiblemente ganar el gran premio mayor, \u00bfverdad?<\/p><p><!--more--><\/p><h2 class=\"wp-block-heading\">D\u00f3nde comenz\u00f3<\/h2><p>Le sorprender\u00e1 saber que la loter\u00eda en Francia se remonta a 1505. El rey Francisco I comenz\u00f3 con sus ciudadanos, pero el juego ha cambiado con el tiempo. Sin embargo, el proceso general ser\u00e1 muy similar a cualquier otro juego de loter\u00eda que haya jugado. Y usted tendr\u00e1 la oportunidad de jugar algunos premios bastante buenos, que definitivamente ser\u00e1 un aspecto importante, \u00bfno es as\u00ed?<\/p><h2 class=\"wp-block-heading\">C\u00f3mo funciona<\/h2><p>La loter\u00eda francesa tiene tres sorteos a la semana, as\u00ed que tendr\u00e1 muchas oportunidades para jugar. Cada lunes, mi\u00e9rcoles y s\u00e1bado hacen un nuevo sorteo. Esto es a\u00fan m\u00e1s importante si se tiene en cuenta que el bote aqu\u00ed ser\u00e1 uno de los m\u00e1s grandes. Mientras que un bote de loter\u00eda t\u00edpico es bastante peque\u00f1o, crece bastante r\u00e1pido en sorteos semanales o quincenales &#8211; a menos que se gane r\u00e1pidamente.<\/p><p>Adem\u00e1s de la frecuencia de los sorteos, el juego es muy sencillo. La forma en que usted ganar\u00e1 el premio mayor es si tiene los cinco n\u00fameros correctos y tambi\u00e9n escribi\u00f3 el n\u00famero de bono correcto. As\u00ed que hay seis n\u00fameros diferentes que se llaman, y usted podr\u00eda ganar el gran premio mayor, que comienza en \u20ac 2.000.000.000.000, pero es por lo general mucho m\u00e1s alto. Definitivamente ser\u00e1 una gran cantidad de dinero. A los 2 millones el bote comienza y a partir de ah\u00ed sigue subiendo. Esto significa que siempre hay una buena oportunidad de ganar m\u00e1s que eso.<\/p><h2 class=\"wp-block-heading\">Selecci\u00f3n de n\u00fameros<\/h2><p>Hay un n\u00famero de maneras diferentes en las que puedes elegir los n\u00fameros que quieres jugar. De hecho, todo depender\u00e1 de ti, de la misma manera, como si fueras a jugar en la tienda de la esquina. Usted puede llenar uno de los n\u00fameros deseados en l\u00ednea usted mismo o puede decidir dejar que la computadora escoja al azar los n\u00fameros por usted. Si introduce sus propios n\u00fameros, le garantizamos que tendr\u00e1 los n\u00fameros que quer\u00eda. Por otro lado, \u00abQuick Pick\u00bb significa que la m\u00e1quina genera autom\u00e1ticamente n\u00fameros para usted.<\/p><h2 class=\"wp-block-heading\">C\u00f3mo ganar<\/h2><p>Cuando se trata de ganar algo en realidad, es necesario echar un vistazo m\u00e1s de cerca a estos n\u00fameros. Mientras tengas el n\u00famero de bono, ganar\u00e1s algo. Si ha escrito dos de los n\u00fameros regulares, pero no el n\u00famero de bono correctamente, tambi\u00e9n ganar\u00e1 algo. Y por cada n\u00famero correcto adicional, usted ganar\u00e1 m\u00e1s y m\u00e1s. Las ganancias m\u00e1s altas se obtienen con cuatro n\u00fameros m\u00e1s el bono o con los cinco n\u00fameros m\u00e1s el bono. Tener s\u00f3lo cinco n\u00fameros sin un bono tambi\u00e9n es una gran victoria.<\/p><h2 class=\"wp-block-heading\">C\u00f3mo comprar billetes de la Loter\u00eda Francesa en l\u00ednea<\/h2><p>Si usted est\u00e1 listo para comprar el primer lote, entonces usted puede hacer esto ahora aqu\u00ed con nosotros. No podr\u00e1 ir a su loter\u00eda local como est\u00e1 acostumbrado. En lugar de eso, tienes que conectarte a Internet, lo que no deber\u00eda ser un problema para ti porque ya est\u00e1s aqu\u00ed. Te daremos todos los beneficios que obtendr\u00edas si estuvieras en Francia y pudieras comprar los boletos localmente.<\/p>","protected":false},"excerpt":{"rendered":"<p>\u00bfEst\u00e1 buscando un nuevo juego, pero no est\u00e1 seguro de cu\u00e1l deber\u00eda ser? Bueno, si a\u00fan no se ha decidido, deber\u00eda echar un vistazo a c\u00f3mo comprar billetes de la Loter\u00eda Francesa en l\u00ednea. Esta ser\u00e1 una de sus mejores opciones una vez que sepa c\u00f3mo funciona, porque ser\u00e1 f\u00e1cil y emocionante para cualquiera que [&hellip;]<\/p>\n","protected":false},"author":1,"featured_media":0,"parent":219,"menu_order":31,"comment_status":"closed","ping_status":"closed","template":"lotto-fr-info.php","meta":{"_et_pb_use_builder":"","_et_pb_old_content":"","_et_gb_content_width":"","exclude_from_search":false,"footnotes":""},"class_list":["post-2787","page","type-page","status-publish","hentry"],"yoast_head":"<!-- This site is optimized with the Yoast SEO plugin v23.8 - https:\/\/yoast.com\/wordpress\/plugins\/seo\/ -->\n<title>C\u00f3mo comprar billetes online para el Loto franc\u00e9s<\/title>\n<meta name=\"description\" content=\"Compre sus billetes de loter\u00eda en Francia aqu\u00ed en RedFoxLotto.com\" \/>\n<meta name=\"robots\" content=\"index, follow, max-snippet:-1, max-image-preview:large, max-video-preview:-1\" \/>\n<link rel=\"canonical\" href=\"https:\/\/redfoxlotto.com\/es\/loterias\/lotto-fr\/\" \/>\n<meta property=\"og:locale\" content=\"es_ES\" \/>\n<meta property=\"og:type\" content=\"article\" \/>\n<meta property=\"og:title\" content=\"C\u00f3mo comprar billetes online para el Loto franc\u00e9s\" \/>\n<meta property=\"og:description\" content=\"Compre sus billetes de loter\u00eda en Francia aqu\u00ed en RedFoxLotto.com\" \/>\n<meta property=\"og:url\" content=\"https:\/\/redfoxlotto.com\/es\/loterias\/lotto-fr\/\" \/>\n<meta property=\"og:site_name\" content=\"Get Tickets for the World\u2019s largest jackpots\" \/>\n<meta property=\"article:modified_time\" content=\"2023-05-14T10:29:38+00:00\" \/>\n<meta name=\"twitter:card\" content=\"summary_large_image\" \/>\n<meta name=\"twitter:label1\" content=\"Tiempo de lectura\" \/>\n\t<meta name=\"twitter:data1\" content=\"3 minutos\" \/>\n<script type=\"application\/ld+json\" class=\"yoast-schema-graph\">{\"@context\":\"https:\/\/schema.org\",\"@graph\":[{\"@type\":\"WebPage\",\"@id\":\"https:\/\/redfoxlotto.com\/es\/loterias\/lotto-fr\/\",\"url\":\"https:\/\/redfoxlotto.com\/es\/loterias\/lotto-fr\/\",\"name\":\"C\u00f3mo comprar billetes online para el Loto franc\u00e9s\",\"isPartOf\":{\"@id\":\"https:\/\/redfoxlotto.com\/es\/#website\"},\"datePublished\":\"2019-08-09T14:33:52+00:00\",\"dateModified\":\"2023-05-14T10:29:38+00:00\",\"description\":\"Compre sus billetes de loter\u00eda en Francia aqu\u00ed en RedFoxLotto.com\",\"breadcrumb\":{\"@id\":\"https:\/\/redfoxlotto.com\/es\/loterias\/lotto-fr\/#breadcrumb\"},\"inLanguage\":\"es\",\"potentialAction\":[{\"@type\":\"ReadAction\",\"target\":[\"https:\/\/redfoxlotto.com\/es\/loterias\/lotto-fr\/\"]}]},{\"@type\":\"BreadcrumbList\",\"@id\":\"https:\/\/redfoxlotto.com\/es\/loterias\/lotto-fr\/#breadcrumb\",\"itemListElement\":[{\"@type\":\"ListItem\",\"position\":1,\"name\":\"Home\",\"item\":\"https:\/\/redfoxlotto.com\/es\/\"},{\"@type\":\"ListItem\",\"position\":2,\"name\":\"Loter\u00edas mundiales\",\"item\":\"https:\/\/redfoxlotto.com\/es\/loterias\/\"},{\"@type\":\"ListItem\",\"position\":3,\"name\":\"Acerca de la Loter\u00eda Francesa\"}]},{\"@type\":\"WebSite\",\"@id\":\"https:\/\/redfoxlotto.com\/es\/#website\",\"url\":\"https:\/\/redfoxlotto.com\/es\/\",\"name\":\"Get Tickets for the World\u2019s largest jackpots\",\"description\":\"Participate in worldwide lottery jackpots from any country\",\"publisher\":{\"@id\":\"https:\/\/redfoxlotto.com\/es\/#organization\"},\"potentialAction\":[{\"@type\":\"SearchAction\",\"target\":{\"@type\":\"EntryPoint\",\"urlTemplate\":\"https:\/\/redfoxlotto.com\/es\/?s={search_term_string}\"},\"query-input\":{\"@type\":\"PropertyValueSpecification\",\"valueRequired\":true,\"valueName\":\"search_term_string\"}}],\"inLanguage\":\"es\"},{\"@type\":\"Organization\",\"@id\":\"https:\/\/redfoxlotto.com\/es\/#organization\",\"name\":\"Get Tickets for the World\u2019s largest jackpots\",\"url\":\"https:\/\/redfoxlotto.com\/es\/\",\"logo\":{\"@type\":\"ImageObject\",\"inLanguage\":\"es\",\"@id\":\"https:\/\/redfoxlotto.com\/es\/#\/schema\/logo\/image\/\",\"url\":\"https:\/\/redfoxlotto.com\/wp-content\/uploads\/2023\/04\/logo.png\",\"contentUrl\":\"https:\/\/redfoxlotto.com\/wp-content\/uploads\/2023\/04\/logo.png\",\"width\":269,\"height\":53,\"caption\":\"Get Tickets for the World\u2019s largest jackpots\"},\"image\":{\"@id\":\"https:\/\/redfoxlotto.com\/es\/#\/schema\/logo\/image\/\"}}]}<\/script>\n<!-- \/ Yoast SEO plugin. -->","yoast_head_json":{"title":"C\u00f3mo comprar billetes online para el Loto franc\u00e9s","description":"Compre sus billetes de loter\u00eda en Francia aqu\u00ed en RedFoxLotto.com","robots":{"index":"index","follow":"follow","max-snippet":"max-snippet:-1","max-image-preview":"max-image-preview:large","max-video-preview":"max-video-preview:-1"},"canonical":"https:\/\/redfoxlotto.com\/es\/loterias\/lotto-fr\/","og_locale":"es_ES","og_type":"article","og_title":"C\u00f3mo comprar billetes online para el Loto franc\u00e9s","og_description":"Compre sus billetes de loter\u00eda en Francia aqu\u00ed en RedFoxLotto.com","og_url":"https:\/\/redfoxlotto.com\/es\/loterias\/lotto-fr\/","og_site_name":"Get Tickets for the World\u2019s largest jackpots","article_modified_time":"2023-05-14T10:29:38+00:00","twitter_card":"summary_large_image","twitter_misc":{"Tiempo de lectura":"3 minutos"},"schema":{"@context":"https:\/\/schema.org","@graph":[{"@type":"WebPage","@id":"https:\/\/redfoxlotto.com\/es\/loterias\/lotto-fr\/","url":"https:\/\/redfoxlotto.com\/es\/loterias\/lotto-fr\/","name":"C\u00f3mo comprar billetes online para el Loto franc\u00e9s","isPartOf":{"@id":"https:\/\/redfoxlotto.com\/es\/#website"},"datePublished":"2019-08-09T14:33:52+00:00","dateModified":"2023-05-14T10:29:38+00:00","description":"Compre sus billetes de loter\u00eda en Francia aqu\u00ed en RedFoxLotto.com","breadcrumb":{"@id":"https:\/\/redfoxlotto.com\/es\/loterias\/lotto-fr\/#breadcrumb"},"inLanguage":"es","potentialAction":[{"@type":"ReadAction","target":["https:\/\/redfoxlotto.com\/es\/loterias\/lotto-fr\/"]}]},{"@type":"BreadcrumbList","@id":"https:\/\/redfoxlotto.com\/es\/loterias\/lotto-fr\/#breadcrumb","itemListElement":[{"@type":"ListItem","position":1,"name":"Home","item":"https:\/\/redfoxlotto.com\/es\/"},{"@type":"ListItem","position":2,"name":"Loter\u00edas mundiales","item":"https:\/\/redfoxlotto.com\/es\/loterias\/"},{"@type":"ListItem","position":3,"name":"Acerca de la Loter\u00eda Francesa"}]},{"@type":"WebSite","@id":"https:\/\/redfoxlotto.com\/es\/#website","url":"https:\/\/redfoxlotto.com\/es\/","name":"Get Tickets for the World\u2019s largest jackpots","description":"Participate in worldwide lottery jackpots from any country","publisher":{"@id":"https:\/\/redfoxlotto.com\/es\/#organization"},"potentialAction":[{"@type":"SearchAction","target":{"@type":"EntryPoint","urlTemplate":"https:\/\/redfoxlotto.com\/es\/?s={search_term_string}"},"query-input":{"@type":"PropertyValueSpecification","valueRequired":true,"valueName":"search_term_string"}}],"inLanguage":"es"},{"@type":"Organization","@id":"https:\/\/redfoxlotto.com\/es\/#organization","name":"Get Tickets for the World\u2019s largest jackpots","url":"https:\/\/redfoxlotto.com\/es\/","logo":{"@type":"ImageObject","inLanguage":"es","@id":"https:\/\/redfoxlotto.com\/es\/#\/schema\/logo\/image\/","url":"https:\/\/redfoxlotto.com\/wp-content\/uploads\/2023\/04\/logo.png","contentUrl":"https:\/\/redfoxlotto.com\/wp-content\/uploads\/2023\/04\/logo.png","width":269,"height":53,"caption":"Get Tickets for the World\u2019s largest jackpots"},"image":{"@id":"https:\/\/redfoxlotto.com\/es\/#\/schema\/logo\/image\/"}}]}},"_links":{"self":[{"href":"https:\/\/redfoxlotto.com\/es\/wp-json\/wp\/v2\/pages\/2787","targetHints":{"allow":["GET"]}}],"collection":[{"href":"https:\/\/redfoxlotto.com\/es\/wp-json\/wp\/v2\/pages"}],"about":[{"href":"https:\/\/redfoxlotto.com\/es\/wp-json\/wp\/v2\/types\/page"}],"author":[{"embeddable":true,"href":"https:\/\/redfoxlotto.com\/es\/wp-json\/wp\/v2\/users\/1"}],"replies":[{"embeddable":true,"href":"https:\/\/redfoxlotto.com\/es\/wp-json\/wp\/v2\/comments?post=2787"}],"version-history":[{"count":0,"href":"https:\/\/redfoxlotto.com\/es\/wp-json\/wp\/v2\/pages\/2787\/revisions"}],"up":[{"embeddable":true,"href":"https:\/\/redfoxlotto.com\/es\/wp-json\/wp\/v2\/pages\/219"}],"wp:attachment":[{"href":"https:\/\/redfoxlotto.com\/es\/wp-json\/wp\/v2\/media?parent=2787"}],"curies":[{"name":"wp","href":"https:\/\/api.w.org\/{rel}","templated":true}]}}