{"id":2785,"date":"2019-08-09T14:24:22","date_gmt":"2019-08-09T14:24:22","guid":{"rendered":"https:\/\/redfoxlotto.com\/?page_id=2785"},"modified":"2025-12-10T23:57:43","modified_gmt":"2025-12-10T23:57:43","slug":"lotto-fr","status":"publish","type":"page","link":"https:\/\/redfoxlotto.com\/es\/jugar\/lotto-fr\/","title":{"rendered":"Jugar al Loto franc\u00e9s"},"content":{"rendered":"<script type=\"application\/ld+json\">\r\n{\r\n\"@context\": \"https:\/\/schema.org\",\r\n\"@type\": \"Service\",\r\n\"name\": \"French Lotto online\",\r\n\"url\": \"https:\/\/redfoxlotto.com\/es\/jugar\/lotto-fr\/\",\r\n\"description\": \"Compra billetes oficiales de la Loter\u00eda Francesa online a trav\u00e9s de RedFoxLotto. Elige tus n\u00fameros y participa en el pr\u00f3ximo sorteo.\",\r\n\"serviceType\": \"Online lottery ticket purchase\",\r\n\r\n\"provider\": {\r\n\"@type\": \"Organization\",\r\n\"name\": \"RedFoxLotto\",\r\n\"url\": \"https:\/\/redfoxlotto.com\",\r\n\"logo\": \"https:\/\/redfoxlotto.com\/wp-content\/uploads\/logo.png\"\r\n},\r\n\r\n\"areaServed\": \"Worldwide\",\r\n\"termsOfService\": \"https:\/\/redfoxlotto.com\/terms-and-conditions\",\r\n\r\n\"hasOfferCatalog\": {\r\n\"@type\": \"OfferCatalog\",\r\n\"name\": \"French Lotto Offers\",\r\n\"itemListElement\": [\r\n{\r\n\"@type\": \"Offer\",\r\n\"name\": \"Lotto French Lotto Ticket\",\r\n\"url\": \"https:\/\/redfoxlotto.com\/es\/jugar\/lotto-fr\/\",\r\n\"description\": \"Una participaci\u00f3n en el pr\u00f3ximo sorteo de la Loter\u00eda Francesa.\",\r\n\"price\": \"6.00\",\r\n\"priceCurrency\": \"EUR\",\r\n\"availability\": \"https:\/\/schema.org\/InStock\",\r\n\r\n\"itemOffered\": {\r\n\"@type\": \"Service\",\r\n\"name\": \"French Lotto Lottery Entry\",\r\n\"description\": \"Participaci\u00f3n en el pr\u00f3ximo sorteo de la Loter\u00eda Francesa a trav\u00e9s de RedFoxLotto.\"\r\n}\r\n}\r\n]\r\n},\r\n\r\n\"mainEntityOfPage\": {\r\n\"@type\": \"WebPage\",\r\n\"@id\": \"https:\/\/redfoxlotto.com\/es\/jugar\/lotto-fr\/\"\r\n}\r\n}\r\n<\/script><p>\u00bfEst\u00e1s listo para jugar otra loter\u00eda? Si es as\u00ed, deber\u00eda echar un vistazo m\u00e1s de cerca a la loter\u00eda francesa. Si nunca lo ha jugado antes, se sorprender\u00e1 de lo similar que es a la loter\u00eda alemana. Despu\u00e9s de todo, se trata de divertirse y tener otra oportunidad de ganar un gran premio. Y con la loter\u00eda francesa usted tendr\u00e1 mucho, porque los premios aqu\u00ed son definitivamente atractivos.<\/p><h2 class=\"wp-block-heading\">C\u00f3mo jugar a la loter\u00eda francesa en l\u00ednea <\/h2><p>\u00bfAlguna vez ha jugado otro tipo de loter\u00eda en l\u00ednea? O tal vez s\u00f3lo has ido a tu tienda local a comprar boletos. No estamos hablando de billetes de rasca y gana al instante. Aqu\u00ed estamos hablando de billetes de loter\u00eda, de elegir n\u00fameros, y no sabes si ganaste o no hasta el d\u00eda del sorteo. Estos son los juegos que son a\u00fan m\u00e1s divertidos y le dar\u00e1n a\u00fan m\u00e1s oportunidades de ganar un gran premio. Porque con algunos de ellos se pueden ganar muchos millones de euros o d\u00f3lares.<\/p><p>En la loter\u00eda francesa, todo lo que tienes que hacer es comprar un billete en l\u00ednea para empezar a jugar, y comprar ese billete es s\u00faper f\u00e1cil. En primer lugar, debe marcar los n\u00fameros que podr\u00edan hacer de usted un millonario. Para este juego especial, tienes la opci\u00f3n de elegir cinco n\u00fameros m\u00e1s un n\u00famero de bonificaci\u00f3n. El orden en el que elijas tus Cinco originales no importa, pero aseg\u00farate de prestar atenci\u00f3n al n\u00famero que quieres usar para tu bono.<\/p><h2 class=\"wp-block-heading\">C\u00f3mo ganar la Loter\u00eda de Francia en l\u00ednea<\/h2><p>Una vez que haya seleccionado sus n\u00fameros, es hora de esperar, lo que a menudo es lo peor. Definitivamente no quieres esperar a ver qu\u00e9 pasa, pero no hay otra opci\u00f3n. Los sorteos son el lunes, mi\u00e9rcoles y s\u00e1bado, as\u00ed que no hay que esperar mucho, pero hay que tener un poco de paciencia, sobre todo porque ver en directo no ser\u00e1 una opci\u00f3n, ya que estos sorteos no se emiten en la televisi\u00f3n alemana. En cambio, tienes que esperar un poco para ver qu\u00e9 pasa. <\/p><p> Una vez que los n\u00fameros son sorteados, es hora de verificarlos. Usted puede volver directamente a donde compr\u00f3 su billete para encontrar los n\u00fameros ganadores y ver si gan\u00f3 el premio mayor o por lo menos uno de los peque\u00f1os premios que hace m\u00e1s f\u00e1cil seguir jugando. Los premios m\u00e1s peque\u00f1os se ganan al igualar el n\u00famero de bono, dos n\u00fameros principales, dos n\u00fameros m\u00e1s el n\u00famero de bono, o una combinaci\u00f3n m\u00e1s alta. Usted podr\u00eda ganar una peque\u00f1a cantidad que s\u00f3lo cubre el costo de su billete, o podr\u00eda ganar miles o incluso millones. <\/p><h2 class=\"wp-block-heading\">Selecci\u00f3n del lote siguiente<\/h2><p>Una vez que sepa si ha ganado o no, definitivamente es hora de comprar un nuevo billete. Una vez que haya ganado algo, es s\u00faper f\u00e1cil cobrar su billete directamente en l\u00ednea, o puede invertir ese dinero en el pr\u00f3ximo billete. Ya sea que elija la loter\u00eda francesa u otro juego, es muy f\u00e1cil elegir el siguiente billete y prepararlo todo para el nuevo sorteo. <\/p><p>Aseg\u00farese de seguir todas las reglas y regulaciones. Aseg\u00farese de saber qu\u00e9 n\u00fameros elegir. Y definitivamente aseg\u00farate de saber cu\u00e1ndo es el pr\u00f3ximo sorteo. No cometas el error de perderte el pr\u00f3ximo sorteo. <\/p>","protected":false},"excerpt":{"rendered":"<p>\u00bfEst\u00e1s listo para jugar otra loter\u00eda? Si es as\u00ed, deber\u00eda echar un vistazo m\u00e1s de cerca a la loter\u00eda francesa. Si nunca lo ha jugado antes, se sorprender\u00e1 de lo similar que es a la loter\u00eda alemana. Despu\u00e9s de todo, se trata de divertirse y tener otra oportunidad de ganar un gran premio. Y con [&hellip;]<\/p>\n","protected":false},"author":1,"featured_media":0,"parent":237,"menu_order":33,"comment_status":"closed","ping_status":"closed","template":"lotto-fr.php","meta":{"_et_pb_use_builder":"","_et_pb_old_content":"","_et_gb_content_width":"","exclude_from_search":false,"footnotes":""},"class_list":["post-2785","page","type-page","status-publish","hentry"],"yoast_head":"<!-- This site is optimized with the Yoast SEO plugin v27.3 - https:\/\/yoast.com\/product\/yoast-seo-wordpress\/ -->\n<title>C\u00f3mo jugar en l\u00ednea al Loto franc\u00e9s<\/title>\n<meta name=\"description\" content=\"Si est\u00e1 listo para jugar a la loter\u00eda francesa en l\u00ednea, \u00a1este es el lugar!\" \/>\n<meta name=\"robots\" content=\"index, follow, max-snippet:-1, max-image-preview:large, max-video-preview:-1\" \/>\n<link rel=\"canonical\" href=\"https:\/\/redfoxlotto.com\/es\/jugar\/lotto-fr\/\" \/>\n<meta property=\"og:locale\" content=\"es_ES\" \/>\n<meta property=\"og:type\" content=\"article\" \/>\n<meta property=\"og:title\" content=\"C\u00f3mo jugar en l\u00ednea al Loto franc\u00e9s\" \/>\n<meta property=\"og:description\" content=\"Si est\u00e1 listo para jugar a la loter\u00eda francesa en l\u00ednea, \u00a1este es el lugar!\" \/>\n<meta property=\"og:url\" content=\"https:\/\/redfoxlotto.com\/es\/jugar\/lotto-fr\/\" \/>\n<meta property=\"og:site_name\" content=\"Get Tickets for the World\u2019s largest jackpots\" \/>\n<meta property=\"article:modified_time\" content=\"2025-12-10T23:57:43+00:00\" \/>\n<meta name=\"twitter:card\" content=\"summary_large_image\" \/>\n<meta name=\"twitter:label1\" content=\"Tiempo de lectura\" \/>\n\t<meta name=\"twitter:data1\" content=\"3 minutos\" \/>\n<script type=\"application\/ld+json\" class=\"yoast-schema-graph\">{\"@context\":\"https:\\\/\\\/schema.org\",\"@graph\":[{\"@type\":\"WebPage\",\"@id\":\"https:\\\/\\\/redfoxlotto.com\\\/es\\\/jugar\\\/lotto-fr\\\/\",\"url\":\"https:\\\/\\\/redfoxlotto.com\\\/es\\\/jugar\\\/lotto-fr\\\/\",\"name\":\"C\u00f3mo jugar en l\u00ednea al Loto franc\u00e9s\",\"isPartOf\":{\"@id\":\"https:\\\/\\\/redfoxlotto.com\\\/es\\\/#website\"},\"datePublished\":\"2019-08-09T14:24:22+00:00\",\"dateModified\":\"2025-12-10T23:57:43+00:00\",\"description\":\"Si est\u00e1 listo para jugar a la loter\u00eda francesa en l\u00ednea, \u00a1este es el lugar!\",\"breadcrumb\":{\"@id\":\"https:\\\/\\\/redfoxlotto.com\\\/es\\\/jugar\\\/lotto-fr\\\/#breadcrumb\"},\"inLanguage\":\"es\",\"potentialAction\":[{\"@type\":\"ReadAction\",\"target\":[\"https:\\\/\\\/redfoxlotto.com\\\/es\\\/jugar\\\/lotto-fr\\\/\"]}]},{\"@type\":\"BreadcrumbList\",\"@id\":\"https:\\\/\\\/redfoxlotto.com\\\/es\\\/jugar\\\/lotto-fr\\\/#breadcrumb\",\"itemListElement\":[{\"@type\":\"ListItem\",\"position\":1,\"name\":\"Home\",\"item\":\"https:\\\/\\\/redfoxlotto.com\\\/es\\\/\"},{\"@type\":\"ListItem\",\"position\":2,\"name\":\"Jugar loter\u00edas mundiales\",\"item\":\"https:\\\/\\\/redfoxlotto.com\\\/es\\\/jugar\\\/\"},{\"@type\":\"ListItem\",\"position\":3,\"name\":\"Jugar al Loto franc\u00e9s\"}]},{\"@type\":\"WebSite\",\"@id\":\"https:\\\/\\\/redfoxlotto.com\\\/es\\\/#website\",\"url\":\"https:\\\/\\\/redfoxlotto.com\\\/es\\\/\",\"name\":\"Get Tickets for the World\u2019s largest jackpots\",\"description\":\"Participate in worldwide lottery jackpots from any country\",\"publisher\":{\"@id\":\"https:\\\/\\\/redfoxlotto.com\\\/es\\\/#organization\"},\"potentialAction\":[{\"@type\":\"SearchAction\",\"target\":{\"@type\":\"EntryPoint\",\"urlTemplate\":\"https:\\\/\\\/redfoxlotto.com\\\/es\\\/?s={search_term_string}\"},\"query-input\":{\"@type\":\"PropertyValueSpecification\",\"valueRequired\":true,\"valueName\":\"search_term_string\"}}],\"inLanguage\":\"es\"},{\"@type\":\"Organization\",\"@id\":\"https:\\\/\\\/redfoxlotto.com\\\/es\\\/#organization\",\"name\":\"Get Tickets for the World\u2019s largest jackpots\",\"url\":\"https:\\\/\\\/redfoxlotto.com\\\/es\\\/\",\"logo\":{\"@type\":\"ImageObject\",\"inLanguage\":\"es\",\"@id\":\"https:\\\/\\\/redfoxlotto.com\\\/es\\\/#\\\/schema\\\/logo\\\/image\\\/\",\"url\":\"https:\\\/\\\/redfoxlotto.com\\\/wp-content\\\/uploads\\\/2023\\\/04\\\/logo.png\",\"contentUrl\":\"https:\\\/\\\/redfoxlotto.com\\\/wp-content\\\/uploads\\\/2023\\\/04\\\/logo.png\",\"width\":269,\"height\":53,\"caption\":\"Get Tickets for the World\u2019s largest jackpots\"},\"image\":{\"@id\":\"https:\\\/\\\/redfoxlotto.com\\\/es\\\/#\\\/schema\\\/logo\\\/image\\\/\"}}]}<\/script>\n<!-- \/ Yoast SEO plugin. -->","yoast_head_json":{"title":"C\u00f3mo jugar en l\u00ednea al Loto franc\u00e9s","description":"Si est\u00e1 listo para jugar a la loter\u00eda francesa en l\u00ednea, \u00a1este es el lugar!","robots":{"index":"index","follow":"follow","max-snippet":"max-snippet:-1","max-image-preview":"max-image-preview:large","max-video-preview":"max-video-preview:-1"},"canonical":"https:\/\/redfoxlotto.com\/es\/jugar\/lotto-fr\/","og_locale":"es_ES","og_type":"article","og_title":"C\u00f3mo jugar en l\u00ednea al Loto franc\u00e9s","og_description":"Si est\u00e1 listo para jugar a la loter\u00eda francesa en l\u00ednea, \u00a1este es el lugar!","og_url":"https:\/\/redfoxlotto.com\/es\/jugar\/lotto-fr\/","og_site_name":"Get Tickets for the World\u2019s largest jackpots","article_modified_time":"2025-12-10T23:57:43+00:00","twitter_card":"summary_large_image","twitter_misc":{"Tiempo de lectura":"3 minutos"},"schema":{"@context":"https:\/\/schema.org","@graph":[{"@type":"WebPage","@id":"https:\/\/redfoxlotto.com\/es\/jugar\/lotto-fr\/","url":"https:\/\/redfoxlotto.com\/es\/jugar\/lotto-fr\/","name":"C\u00f3mo jugar en l\u00ednea al Loto franc\u00e9s","isPartOf":{"@id":"https:\/\/redfoxlotto.com\/es\/#website"},"datePublished":"2019-08-09T14:24:22+00:00","dateModified":"2025-12-10T23:57:43+00:00","description":"Si est\u00e1 listo para jugar a la loter\u00eda francesa en l\u00ednea, \u00a1este es el lugar!","breadcrumb":{"@id":"https:\/\/redfoxlotto.com\/es\/jugar\/lotto-fr\/#breadcrumb"},"inLanguage":"es","potentialAction":[{"@type":"ReadAction","target":["https:\/\/redfoxlotto.com\/es\/jugar\/lotto-fr\/"]}]},{"@type":"BreadcrumbList","@id":"https:\/\/redfoxlotto.com\/es\/jugar\/lotto-fr\/#breadcrumb","itemListElement":[{"@type":"ListItem","position":1,"name":"Home","item":"https:\/\/redfoxlotto.com\/es\/"},{"@type":"ListItem","position":2,"name":"Jugar loter\u00edas mundiales","item":"https:\/\/redfoxlotto.com\/es\/jugar\/"},{"@type":"ListItem","position":3,"name":"Jugar al Loto franc\u00e9s"}]},{"@type":"WebSite","@id":"https:\/\/redfoxlotto.com\/es\/#website","url":"https:\/\/redfoxlotto.com\/es\/","name":"Get Tickets for the World\u2019s largest jackpots","description":"Participate in worldwide lottery jackpots from any country","publisher":{"@id":"https:\/\/redfoxlotto.com\/es\/#organization"},"potentialAction":[{"@type":"SearchAction","target":{"@type":"EntryPoint","urlTemplate":"https:\/\/redfoxlotto.com\/es\/?s={search_term_string}"},"query-input":{"@type":"PropertyValueSpecification","valueRequired":true,"valueName":"search_term_string"}}],"inLanguage":"es"},{"@type":"Organization","@id":"https:\/\/redfoxlotto.com\/es\/#organization","name":"Get Tickets for the World\u2019s largest jackpots","url":"https:\/\/redfoxlotto.com\/es\/","logo":{"@type":"ImageObject","inLanguage":"es","@id":"https:\/\/redfoxlotto.com\/es\/#\/schema\/logo\/image\/","url":"https:\/\/redfoxlotto.com\/wp-content\/uploads\/2023\/04\/logo.png","contentUrl":"https:\/\/redfoxlotto.com\/wp-content\/uploads\/2023\/04\/logo.png","width":269,"height":53,"caption":"Get Tickets for the World\u2019s largest jackpots"},"image":{"@id":"https:\/\/redfoxlotto.com\/es\/#\/schema\/logo\/image\/"}}]}},"_links":{"self":[{"href":"https:\/\/redfoxlotto.com\/es\/wp-json\/wp\/v2\/pages\/2785","targetHints":{"allow":["GET"]}}],"collection":[{"href":"https:\/\/redfoxlotto.com\/es\/wp-json\/wp\/v2\/pages"}],"about":[{"href":"https:\/\/redfoxlotto.com\/es\/wp-json\/wp\/v2\/types\/page"}],"author":[{"embeddable":true,"href":"https:\/\/redfoxlotto.com\/es\/wp-json\/wp\/v2\/users\/1"}],"replies":[{"embeddable":true,"href":"https:\/\/redfoxlotto.com\/es\/wp-json\/wp\/v2\/comments?post=2785"}],"version-history":[{"count":0,"href":"https:\/\/redfoxlotto.com\/es\/wp-json\/wp\/v2\/pages\/2785\/revisions"}],"up":[{"embeddable":true,"href":"https:\/\/redfoxlotto.com\/es\/wp-json\/wp\/v2\/pages\/237"}],"wp:attachment":[{"href":"https:\/\/redfoxlotto.com\/es\/wp-json\/wp\/v2\/media?parent=2785"}],"curies":[{"name":"wp","href":"https:\/\/api.w.org\/{rel}","templated":true}]}}