{"id":276,"date":"2023-04-24T18:24:48","date_gmt":"2023-04-24T18:24:48","guid":{"rendered":"https:\/\/redfoxlotto.com\/?page_id=4409"},"modified":"2025-12-11T08:55:22","modified_gmt":"2025-12-11T08:55:22","slug":"saturday-lotto-au","status":"publish","type":"page","link":"https:\/\/redfoxlotto.com\/es\/jugar\/saturday-lotto-au\/","title":{"rendered":"Jugar Saturday Lotto"},"content":{"rendered":"<script type=\"application\/ld+json\">\r\n{\r\n  \"@context\": \"https:\/\/schema.org\",\r\n  \"@type\": \"Service\",\r\n  \"name\": \"Saturday Lotto Australia online\",\r\n  \"url\": \"https:\/\/redfoxlotto.com\/es\/jugar\/saturday-lotto-au\/\",\r\n  \"description\": \"Compre boletos oficiales de Saturday Lotto Australia en l\u00ednea a trav\u00e9s de RedFoxLotto. Elija sus n\u00fameros y participe en el pr\u00f3ximo sorteo.\",\r\n  \"serviceType\": \"Online lottery ticket purchase\",\r\n\r\n  \"provider\": {\r\n    \"@type\": \"Organization\",\r\n    \"name\": \"RedFoxLotto\",\r\n    \"url\": \"https:\/\/redfoxlotto.com\",\r\n    \"logo\": \"https:\/\/redfoxlotto.com\/wp-content\/uploads\/logo.png\"\r\n  },\r\n\r\n  \"areaServed\": \"Worldwide\",\r\n  \"termsOfService\": \"https:\/\/redfoxlotto.com\/terms-and-conditions\",\r\n\r\n  \"hasOfferCatalog\": {\r\n    \"@type\": \"OfferCatalog\",\r\n    \"name\": \"Saturday Lotto Australia Offers\",\r\n    \"itemListElement\": [\r\n      {\r\n        \"@type\": \"Offer\",\r\n        \"name\": \"Lotto Saturday Lotto Australia Ticket\",\r\n        \"url\": \"https:\/\/redfoxlotto.com\/es\/jugar\/saturday-lotto-au\/\",\r\n        \"description\": \"Una entrada para el pr\u00f3ximo sorteo de Saturday Lotto Australia.\",\r\n        \"price\": \"1.50\",\r\n        \"priceCurrency\": \"EUR\",\r\n        \"availability\": \"https:\/\/schema.org\/InStock\",\r\n\r\n        \"itemOffered\": {\r\n          \"@type\": \"Service\",\r\n          \"name\": \"Saturday Lotto Australia Entry\",\r\n          \"description\": \"Participaci\u00f3n en el pr\u00f3ximo sorteo de Saturday Lotto Australia a trav\u00e9s de RedFoxLotto.\"\r\n        }\r\n      }\r\n    ]\r\n  },\r\n\r\n  \"mainEntityOfPage\": {\r\n    \"@type\": \"WebPage\",\r\n    \"@id\": \"https:\/\/redfoxlotto.com\/es\/jugar\/saturday-lotto-au\/\"\r\n  }\r\n}\r\n<\/script>\r\n\r\n<p><img loading=\"lazy\" decoding=\"async\" class=\" wp-image alignright\" src=\"https:\/\/content.redfoxlotto.com\/uploads\/sites\/9\/2_ticket_saturday_lotto_au.jpg\" alt=\"Juega Saturday Lotto Australia en l\u00ednea\" width=\"187\" height=\"340\" \/><\/p><p>Todos los s\u00e1bados, se presenta una oportunidad para que todos participen y tengan la oportunidad de llevarse una gran cantidad de dinero. El Internet ha hecho posible no perderse oportunidades que cambian la vida como esta, ya que cualquier persona en cualquier parte del mundo puede participar en esta oportunidad reservando un billete para la loter\u00eda del s\u00e1bado de Australia en l\u00ednea. La distancia ya no es una barrera para jugar en la loter\u00eda de los s\u00e1bados, ya que no s\u00f3lo los que est\u00e1n presentes en Australia, sino cualquier persona en cualquier lugar puede ser parte de la loter\u00eda. Todo lo que necesita es cualquier dispositivo que pueda acceder a Internet y usted podr\u00eda ser el pr\u00f3ximo ganador del premio mayor de la loter\u00eda del s\u00e1bado de Australia. As\u00ed que cada vez que se sienta afortunado, no dude en reservar un billete de loter\u00eda de los s\u00e1bados en l\u00ednea y podr\u00e1 hacer que su vida d\u00e9 un giro radical para mejor.<\/p><p>Reservar el billete de loter\u00eda del s\u00e1bado es tan f\u00e1cil como todo lo que necesita hacer es abrir una cuenta con RedFoxLotto, elegir sus 6 n\u00fameros favoritos de un total de 45 o simplemente usar la opci\u00f3n de selecci\u00f3n r\u00e1pida donde los n\u00fameros son seleccionados al azar para usted y luego su billete ser\u00e1 reservado y registrado, y tambi\u00e9n recibir\u00e1 una notificaci\u00f3n por correo electr\u00f3nico confirmando su billete reservado. Pagar por los boletos es tan f\u00e1cil como seleccionar sus n\u00fameros, ya que hay varias opciones de pago disponibles para los usuarios y RedFoxLotto ofrece un portal de pago seguro y privado para que usted no tenga miedo de que sus datos bancarios se vean comprometidos.<\/p><p>El sorteo de la loter\u00eda del s\u00e1bado se realiza todos los s\u00e1bados por la noche, y se sortean 8 n\u00fameros. Los primeros 6 n\u00fameros son los n\u00fameros principales y se utilizan para determinar los ganadores del premio principal. Los 2 n\u00fameros restantes son los n\u00fameros suplementarios y se utilizan para determinar otras categor\u00edas menores de ganancias. Si los 6 n\u00fameros que usted escogi\u00f3 cuando estaba reservando su billete coinciden con los 6 n\u00fameros principales sorteados, entonces usted ha ganado el premio final. Se trata de unos 4 millones de d\u00f3lares australianos que pueden ser compartidos entre un m\u00e1ximo de 4 ganadores. Hay premios disponibles para billetes con menos de 6 n\u00fameros que coincidan con los 6 n\u00fameros sorteados.<\/p><p><img loading=\"lazy\" decoding=\"async\" class=\" wp-image alignright\" src=\"https:\/\/content.redfoxlotto.com\/uploads\/sites\/9\/1_lotto_jackpot_online.jpg\" alt=\"S\u00e1bado de loter\u00eda de Australia\" width=\"252\" height=\"294\" \/><\/p><p>Si tiene la suerte de ser un ganador, se le notificar\u00e1 de sus ganancias. RedFoxLotto se asegurar\u00e1 de que se le notifique de su ganancia y de esa manera no perder\u00e1 ninguna de sus ganancias, ya que tambi\u00e9n le ayudar\u00e1n a procesar sus pagos para asegurarse de que los reciba. Si sus ganancias son peque\u00f1as, se env\u00edan a su \u00e1rea de cuenta de cliente. Desde all\u00ed puede retirarlas a su cuenta bancaria o utilizarlas para comprar m\u00e1s entradas. Si sus ganancias son grandes, entonces un representante de servicio al cliente se pondr\u00e1 en contacto con usted para acordar c\u00f3mo recibir\u00e1 sus ganancias.<\/p>","protected":false},"excerpt":{"rendered":"<p>Todos los s\u00e1bados, se presenta una oportunidad para que todos participen y tengan la oportunidad de llevarse una gran cantidad de dinero. El Internet ha hecho posible no perderse oportunidades que cambian la vida como esta, ya que cualquier persona en cualquier parte del mundo puede participar en esta oportunidad reservando un billete para la [&hellip;]<\/p>\n","protected":false},"author":1,"featured_media":0,"parent":237,"menu_order":20,"comment_status":"closed","ping_status":"closed","template":"saturday-lotto.php","meta":{"_et_pb_use_builder":"","_et_pb_old_content":"","_et_gb_content_width":"","exclude_from_search":false,"footnotes":""},"class_list":["post-276","page","type-page","status-publish","hentry"],"yoast_head":"<!-- This site is optimized with the Yoast SEO plugin v23.8 - https:\/\/yoast.com\/wordpress\/plugins\/seo\/ -->\n<title>Jugar a la loter\u00eda del s\u00e1bado en l\u00ednea - Una de las loter\u00edas m\u00e1s grandes de Australia.<\/title>\n<meta name=\"description\" content=\"Reserve sus billetes y juegue en la loter\u00eda de los s\u00e1bados en Australia\" \/>\n<meta name=\"robots\" content=\"index, follow, max-snippet:-1, max-image-preview:large, max-video-preview:-1\" \/>\n<link rel=\"canonical\" href=\"https:\/\/redfoxlotto.com\/es\/jugar\/saturday-lotto-au\/\" \/>\n<meta property=\"og:locale\" content=\"es_ES\" \/>\n<meta property=\"og:type\" content=\"article\" \/>\n<meta property=\"og:title\" content=\"Jugar a la loter\u00eda del s\u00e1bado en l\u00ednea - Una de las loter\u00edas m\u00e1s grandes de Australia.\" \/>\n<meta property=\"og:description\" content=\"Reserve sus billetes y juegue en la loter\u00eda de los s\u00e1bados en Australia\" \/>\n<meta property=\"og:url\" content=\"https:\/\/redfoxlotto.com\/es\/jugar\/saturday-lotto-au\/\" \/>\n<meta property=\"og:site_name\" content=\"Get Tickets for the World\u2019s largest jackpots\" \/>\n<meta property=\"article:modified_time\" content=\"2025-12-11T08:55:22+00:00\" \/>\n<meta property=\"og:image\" content=\"https:\/\/content.redfoxlotto.com\/uploads\/sites\/9\/2_ticket_saturday_lotto_au.jpg\" \/>\n<meta name=\"twitter:card\" content=\"summary_large_image\" \/>\n<meta name=\"twitter:label1\" content=\"Tiempo de lectura\" \/>\n\t<meta name=\"twitter:data1\" content=\"3 minutos\" \/>\n<script type=\"application\/ld+json\" class=\"yoast-schema-graph\">{\"@context\":\"https:\/\/schema.org\",\"@graph\":[{\"@type\":\"WebPage\",\"@id\":\"https:\/\/redfoxlotto.com\/es\/jugar\/saturday-lotto-au\/\",\"url\":\"https:\/\/redfoxlotto.com\/es\/jugar\/saturday-lotto-au\/\",\"name\":\"Jugar a la loter\u00eda del s\u00e1bado en l\u00ednea - Una de las loter\u00edas m\u00e1s grandes de Australia.\",\"isPartOf\":{\"@id\":\"https:\/\/redfoxlotto.com\/es\/#website\"},\"primaryImageOfPage\":{\"@id\":\"https:\/\/redfoxlotto.com\/es\/jugar\/saturday-lotto-au\/#primaryimage\"},\"image\":{\"@id\":\"https:\/\/redfoxlotto.com\/es\/jugar\/saturday-lotto-au\/#primaryimage\"},\"thumbnailUrl\":\"https:\/\/content.redfoxlotto.com\/uploads\/sites\/9\/2_ticket_saturday_lotto_au.jpg\",\"datePublished\":\"2023-04-24T18:24:48+00:00\",\"dateModified\":\"2025-12-11T08:55:22+00:00\",\"description\":\"Reserve sus billetes y juegue en la loter\u00eda de los s\u00e1bados en Australia\",\"breadcrumb\":{\"@id\":\"https:\/\/redfoxlotto.com\/es\/jugar\/saturday-lotto-au\/#breadcrumb\"},\"inLanguage\":\"es\",\"potentialAction\":[{\"@type\":\"ReadAction\",\"target\":[\"https:\/\/redfoxlotto.com\/es\/jugar\/saturday-lotto-au\/\"]}]},{\"@type\":\"ImageObject\",\"inLanguage\":\"es\",\"@id\":\"https:\/\/redfoxlotto.com\/es\/jugar\/saturday-lotto-au\/#primaryimage\",\"url\":\"https:\/\/content.redfoxlotto.com\/uploads\/sites\/9\/2_ticket_saturday_lotto_au.jpg\",\"contentUrl\":\"https:\/\/content.redfoxlotto.com\/uploads\/sites\/9\/2_ticket_saturday_lotto_au.jpg\"},{\"@type\":\"BreadcrumbList\",\"@id\":\"https:\/\/redfoxlotto.com\/es\/jugar\/saturday-lotto-au\/#breadcrumb\",\"itemListElement\":[{\"@type\":\"ListItem\",\"position\":1,\"name\":\"Home\",\"item\":\"https:\/\/redfoxlotto.com\/es\/\"},{\"@type\":\"ListItem\",\"position\":2,\"name\":\"Jugar loter\u00edas mundiales\",\"item\":\"https:\/\/redfoxlotto.com\/es\/jugar\/\"},{\"@type\":\"ListItem\",\"position\":3,\"name\":\"Jugar Saturday Lotto\"}]},{\"@type\":\"WebSite\",\"@id\":\"https:\/\/redfoxlotto.com\/es\/#website\",\"url\":\"https:\/\/redfoxlotto.com\/es\/\",\"name\":\"Get Tickets for the World\u2019s largest jackpots\",\"description\":\"Participate in worldwide lottery jackpots from any country\",\"publisher\":{\"@id\":\"https:\/\/redfoxlotto.com\/es\/#organization\"},\"potentialAction\":[{\"@type\":\"SearchAction\",\"target\":{\"@type\":\"EntryPoint\",\"urlTemplate\":\"https:\/\/redfoxlotto.com\/es\/?s={search_term_string}\"},\"query-input\":{\"@type\":\"PropertyValueSpecification\",\"valueRequired\":true,\"valueName\":\"search_term_string\"}}],\"inLanguage\":\"es\"},{\"@type\":\"Organization\",\"@id\":\"https:\/\/redfoxlotto.com\/es\/#organization\",\"name\":\"Get Tickets for the World\u2019s largest jackpots\",\"url\":\"https:\/\/redfoxlotto.com\/es\/\",\"logo\":{\"@type\":\"ImageObject\",\"inLanguage\":\"es\",\"@id\":\"https:\/\/redfoxlotto.com\/es\/#\/schema\/logo\/image\/\",\"url\":\"https:\/\/redfoxlotto.com\/wp-content\/uploads\/2023\/04\/logo.png\",\"contentUrl\":\"https:\/\/redfoxlotto.com\/wp-content\/uploads\/2023\/04\/logo.png\",\"width\":269,\"height\":53,\"caption\":\"Get Tickets for the World\u2019s largest jackpots\"},\"image\":{\"@id\":\"https:\/\/redfoxlotto.com\/es\/#\/schema\/logo\/image\/\"}}]}<\/script>\n<!-- \/ Yoast SEO plugin. -->","yoast_head_json":{"title":"Jugar a la loter\u00eda del s\u00e1bado en l\u00ednea - Una de las loter\u00edas m\u00e1s grandes de Australia.","description":"Reserve sus billetes y juegue en la loter\u00eda de los s\u00e1bados en Australia","robots":{"index":"index","follow":"follow","max-snippet":"max-snippet:-1","max-image-preview":"max-image-preview:large","max-video-preview":"max-video-preview:-1"},"canonical":"https:\/\/redfoxlotto.com\/es\/jugar\/saturday-lotto-au\/","og_locale":"es_ES","og_type":"article","og_title":"Jugar a la loter\u00eda del s\u00e1bado en l\u00ednea - Una de las loter\u00edas m\u00e1s grandes de Australia.","og_description":"Reserve sus billetes y juegue en la loter\u00eda de los s\u00e1bados en Australia","og_url":"https:\/\/redfoxlotto.com\/es\/jugar\/saturday-lotto-au\/","og_site_name":"Get Tickets for the World\u2019s largest jackpots","article_modified_time":"2025-12-11T08:55:22+00:00","og_image":[{"url":"https:\/\/content.redfoxlotto.com\/uploads\/sites\/9\/2_ticket_saturday_lotto_au.jpg"}],"twitter_card":"summary_large_image","twitter_misc":{"Tiempo de lectura":"3 minutos"},"schema":{"@context":"https:\/\/schema.org","@graph":[{"@type":"WebPage","@id":"https:\/\/redfoxlotto.com\/es\/jugar\/saturday-lotto-au\/","url":"https:\/\/redfoxlotto.com\/es\/jugar\/saturday-lotto-au\/","name":"Jugar a la loter\u00eda del s\u00e1bado en l\u00ednea - Una de las loter\u00edas m\u00e1s grandes de Australia.","isPartOf":{"@id":"https:\/\/redfoxlotto.com\/es\/#website"},"primaryImageOfPage":{"@id":"https:\/\/redfoxlotto.com\/es\/jugar\/saturday-lotto-au\/#primaryimage"},"image":{"@id":"https:\/\/redfoxlotto.com\/es\/jugar\/saturday-lotto-au\/#primaryimage"},"thumbnailUrl":"https:\/\/content.redfoxlotto.com\/uploads\/sites\/9\/2_ticket_saturday_lotto_au.jpg","datePublished":"2023-04-24T18:24:48+00:00","dateModified":"2025-12-11T08:55:22+00:00","description":"Reserve sus billetes y juegue en la loter\u00eda de los s\u00e1bados en Australia","breadcrumb":{"@id":"https:\/\/redfoxlotto.com\/es\/jugar\/saturday-lotto-au\/#breadcrumb"},"inLanguage":"es","potentialAction":[{"@type":"ReadAction","target":["https:\/\/redfoxlotto.com\/es\/jugar\/saturday-lotto-au\/"]}]},{"@type":"ImageObject","inLanguage":"es","@id":"https:\/\/redfoxlotto.com\/es\/jugar\/saturday-lotto-au\/#primaryimage","url":"https:\/\/content.redfoxlotto.com\/uploads\/sites\/9\/2_ticket_saturday_lotto_au.jpg","contentUrl":"https:\/\/content.redfoxlotto.com\/uploads\/sites\/9\/2_ticket_saturday_lotto_au.jpg"},{"@type":"BreadcrumbList","@id":"https:\/\/redfoxlotto.com\/es\/jugar\/saturday-lotto-au\/#breadcrumb","itemListElement":[{"@type":"ListItem","position":1,"name":"Home","item":"https:\/\/redfoxlotto.com\/es\/"},{"@type":"ListItem","position":2,"name":"Jugar loter\u00edas mundiales","item":"https:\/\/redfoxlotto.com\/es\/jugar\/"},{"@type":"ListItem","position":3,"name":"Jugar Saturday Lotto"}]},{"@type":"WebSite","@id":"https:\/\/redfoxlotto.com\/es\/#website","url":"https:\/\/redfoxlotto.com\/es\/","name":"Get Tickets for the World\u2019s largest jackpots","description":"Participate in worldwide lottery jackpots from any country","publisher":{"@id":"https:\/\/redfoxlotto.com\/es\/#organization"},"potentialAction":[{"@type":"SearchAction","target":{"@type":"EntryPoint","urlTemplate":"https:\/\/redfoxlotto.com\/es\/?s={search_term_string}"},"query-input":{"@type":"PropertyValueSpecification","valueRequired":true,"valueName":"search_term_string"}}],"inLanguage":"es"},{"@type":"Organization","@id":"https:\/\/redfoxlotto.com\/es\/#organization","name":"Get Tickets for the World\u2019s largest jackpots","url":"https:\/\/redfoxlotto.com\/es\/","logo":{"@type":"ImageObject","inLanguage":"es","@id":"https:\/\/redfoxlotto.com\/es\/#\/schema\/logo\/image\/","url":"https:\/\/redfoxlotto.com\/wp-content\/uploads\/2023\/04\/logo.png","contentUrl":"https:\/\/redfoxlotto.com\/wp-content\/uploads\/2023\/04\/logo.png","width":269,"height":53,"caption":"Get Tickets for the World\u2019s largest jackpots"},"image":{"@id":"https:\/\/redfoxlotto.com\/es\/#\/schema\/logo\/image\/"}}]}},"_links":{"self":[{"href":"https:\/\/redfoxlotto.com\/es\/wp-json\/wp\/v2\/pages\/276","targetHints":{"allow":["GET"]}}],"collection":[{"href":"https:\/\/redfoxlotto.com\/es\/wp-json\/wp\/v2\/pages"}],"about":[{"href":"https:\/\/redfoxlotto.com\/es\/wp-json\/wp\/v2\/types\/page"}],"author":[{"embeddable":true,"href":"https:\/\/redfoxlotto.com\/es\/wp-json\/wp\/v2\/users\/1"}],"replies":[{"embeddable":true,"href":"https:\/\/redfoxlotto.com\/es\/wp-json\/wp\/v2\/comments?post=276"}],"version-history":[{"count":0,"href":"https:\/\/redfoxlotto.com\/es\/wp-json\/wp\/v2\/pages\/276\/revisions"}],"up":[{"embeddable":true,"href":"https:\/\/redfoxlotto.com\/es\/wp-json\/wp\/v2\/pages\/237"}],"wp:attachment":[{"href":"https:\/\/redfoxlotto.com\/es\/wp-json\/wp\/v2\/media?parent=276"}],"curies":[{"name":"wp","href":"https:\/\/api.w.org\/{rel}","templated":true}]}}