{"id":275,"date":"2023-04-24T18:19:55","date_gmt":"2023-04-24T18:19:55","guid":{"rendered":"https:\/\/redfoxlotto.com\/?page_id=4405"},"modified":"2023-05-19T09:42:13","modified_gmt":"2023-05-19T09:42:13","slug":"powerball-au","status":"publish","type":"page","link":"https:\/\/redfoxlotto.com\/es\/jugar\/powerball-au\/","title":{"rendered":"La fiebre de Powerball de Australia ya est\u00e1 aqu\u00ed"},"content":{"rendered":"<p>Cada semana, un jueves por la noche, Powerball Australia entusiasma a la naci\u00f3n. Despliega dos conjuntos de n\u00fameros contenidos dentro de un par de barriles. En el primer barril hay 35 n\u00fameros diferentes que van del 1 al 35. Luego, un segundo barril emite n\u00fameros entre 1 y 20. <\/p><p><img decoding=\"async\" class=\"size-full wp-image alignright\" src=\"https:\/\/content.redfoxlotto.com\/uploads\/sites\/9\/2_ticket_powerball_au.jpg\" alt=\"Powerball Australia en l\u00ednea\"><\/p><p>El primer barril selecciona siete n\u00fameros, pero el segundo s\u00f3lo selecciona un \u00fanico n\u00famero. Este n\u00famero (entre 1 y 20) es el Powerball. El premio mayor se otorga a cualquier jugador que seleccione correctamente los siete n\u00fameros y tenga el Powerball. <\/p><h2 class=\"wp-block-heading\">\u00bfC\u00f3mo empiezo?<\/h2><p>Los australianos normalmente jugar\u00edan gastando AU$2.20 en cualquier detallista de loter\u00eda. Pero registrarse en RedFoxLotto y jugar este juego en l\u00ednea es simple, r\u00e1pido y f\u00e1cil. Adem\u00e1s, puede hacerlo desde cualquier parte del mundo.<\/p><p><img loading=\"lazy\" decoding=\"async\" class=\" wp-image alignright\" src=\"https:\/\/content.redfoxlotto.com\/uploads\/sites\/9\/1_lottery_win_luxury_house.jpg\" alt=\"Jugar al Powerball australiano\" width=\"252\" height=\"189\" \/><\/p><p>S\u00f3lo recuerda que el sorteo tiene lugar a las 20h30, hora del este de Australia. Para jugar a la loter\u00eda Powerball de Australia desde cualquier parte del mundo a trav\u00e9s de RedFoxLotto, haga clic aqu\u00ed. <br>\r\nUn reciente ganador en Sydney se llev\u00f3 107 millones de d\u00f3lares australianos en este mismo juego de Powerball hace poco. Pero los ganadores pueden venir de muchas combinaciones diferentes. Si usted tiene los siete n\u00fameros del primer barril &#8211; pero no el Powerball, usted todav\u00eda se llevar\u00eda una gran parte del premio. Esta cifra var\u00eda, pero f\u00e1cilmente ser\u00eda de seis cifras.<\/p><h2 class=\"wp-block-heading\">Juega a la loter\u00eda Powerball Australia en l\u00ednea<\/h2><p>A diferencia de muchas loter\u00edas que tienen un rango de n\u00fameros entre 1 y 49 o entre 1 y 59, la Powerball Australia tiene una reserva muy reducida. S\u00f3lo hay 35 n\u00fameros entre los que puedes elegir a los ganadores. Esto aumenta las posibilidades de ganar mucho. <\/p><p>Al igualar seis n\u00fameros y no el Powerball tiene una probabilidad de alrededor de 1 en 36.000. El premio por esto tambi\u00e9n var\u00eda, pero a menudo supera los 500 d\u00f3lares australianos. Miles de jugadores esperan el jueves por la noche y esperan la loter\u00eda Powerball Australia. <\/p><h2 class=\"wp-block-heading\">\u00bfC\u00f3mo puedo financiar mi cuenta en l\u00ednea?<\/h2><p>Hay una variedad de m\u00e9todos para depositar dinero en su cuenta en RedFoxLotto y jugar al Powerball australiano en l\u00ednea. Despu\u00e9s de una simple verificaci\u00f3n de que usted es mayor de 18 a\u00f1os y algunos datos personales, la cuenta puede ser provista de dinero de varias maneras. <\/p><p>RedFoxLotto acepta MasterCard, Visa, PayPal, NETELLER, Skrill (anteriormente Money Bookers) e incluso Bitcoins. <\/p>","protected":false},"excerpt":{"rendered":"<p>Cada semana, un jueves por la noche, Powerball Australia entusiasma a la naci\u00f3n. Despliega dos conjuntos de n\u00fameros contenidos dentro de un par de barriles. En el primer barril hay 35 n\u00fameros diferentes que van del 1 al 35. Luego, un segundo barril emite n\u00fameros entre 1 y 20. El primer barril selecciona siete n\u00fameros, [&hellip;]<\/p>\n","protected":false},"author":1,"featured_media":0,"parent":237,"menu_order":17,"comment_status":"closed","ping_status":"closed","template":"powerball-au.php","meta":{"_et_pb_use_builder":"","_et_pb_old_content":"","_et_gb_content_width":"","exclude_from_search":false,"footnotes":""},"class_list":["post-275","page","type-page","status-publish","hentry"],"yoast_head":"<!-- This site is optimized with the Yoast SEO plugin v27.4 - https:\/\/yoast.com\/product\/yoast-seo-wordpress\/ -->\n<title>Juegue en l\u00ednea a la loter\u00eda Powerball de Australia<\/title>\n<meta name=\"description\" content=\"La loter\u00eda favorita de Australia ya est\u00e1 disponible en l\u00ednea en todo el mundo\" \/>\n<meta name=\"robots\" content=\"index, follow, max-snippet:-1, max-image-preview:large, max-video-preview:-1\" \/>\n<link rel=\"canonical\" href=\"https:\/\/redfoxlotto.com\/es\/jugar\/powerball-au\/\" \/>\n<meta property=\"og:locale\" content=\"es_ES\" \/>\n<meta property=\"og:type\" content=\"article\" \/>\n<meta property=\"og:title\" content=\"Juegue en l\u00ednea a la loter\u00eda Powerball de Australia\" \/>\n<meta property=\"og:description\" content=\"La loter\u00eda favorita de Australia ya est\u00e1 disponible en l\u00ednea en todo el mundo\" \/>\n<meta property=\"og:url\" content=\"https:\/\/redfoxlotto.com\/es\/jugar\/powerball-au\/\" \/>\n<meta property=\"og:site_name\" content=\"Get Tickets for the World\u2019s largest jackpots\" \/>\n<meta property=\"article:modified_time\" content=\"2023-05-19T09:42:13+00:00\" \/>\n<meta property=\"og:image\" content=\"https:\/\/content.redfoxlotto.com\/uploads\/sites\/9\/2_ticket_powerball_au.jpg\" \/>\n<meta name=\"twitter:card\" content=\"summary_large_image\" \/>\n<meta name=\"twitter:label1\" content=\"Tiempo de lectura\" \/>\n\t<meta name=\"twitter:data1\" content=\"3 minutos\" \/>\n<script type=\"application\/ld+json\" class=\"yoast-schema-graph\">{\"@context\":\"https:\\\/\\\/schema.org\",\"@graph\":[{\"@type\":\"WebPage\",\"@id\":\"https:\\\/\\\/redfoxlotto.com\\\/es\\\/jugar\\\/powerball-au\\\/\",\"url\":\"https:\\\/\\\/redfoxlotto.com\\\/es\\\/jugar\\\/powerball-au\\\/\",\"name\":\"Juegue en l\u00ednea a la loter\u00eda Powerball de Australia\",\"isPartOf\":{\"@id\":\"https:\\\/\\\/redfoxlotto.com\\\/es\\\/#website\"},\"primaryImageOfPage\":{\"@id\":\"https:\\\/\\\/redfoxlotto.com\\\/es\\\/jugar\\\/powerball-au\\\/#primaryimage\"},\"image\":{\"@id\":\"https:\\\/\\\/redfoxlotto.com\\\/es\\\/jugar\\\/powerball-au\\\/#primaryimage\"},\"thumbnailUrl\":\"https:\\\/\\\/content.redfoxlotto.com\\\/uploads\\\/sites\\\/9\\\/2_ticket_powerball_au.jpg\",\"datePublished\":\"2023-04-24T18:19:55+00:00\",\"dateModified\":\"2023-05-19T09:42:13+00:00\",\"description\":\"La loter\u00eda favorita de Australia ya est\u00e1 disponible en l\u00ednea en todo el mundo\",\"breadcrumb\":{\"@id\":\"https:\\\/\\\/redfoxlotto.com\\\/es\\\/jugar\\\/powerball-au\\\/#breadcrumb\"},\"inLanguage\":\"es\",\"potentialAction\":[{\"@type\":\"ReadAction\",\"target\":[\"https:\\\/\\\/redfoxlotto.com\\\/es\\\/jugar\\\/powerball-au\\\/\"]}]},{\"@type\":\"ImageObject\",\"inLanguage\":\"es\",\"@id\":\"https:\\\/\\\/redfoxlotto.com\\\/es\\\/jugar\\\/powerball-au\\\/#primaryimage\",\"url\":\"https:\\\/\\\/content.redfoxlotto.com\\\/uploads\\\/sites\\\/9\\\/2_ticket_powerball_au.jpg\",\"contentUrl\":\"https:\\\/\\\/content.redfoxlotto.com\\\/uploads\\\/sites\\\/9\\\/2_ticket_powerball_au.jpg\"},{\"@type\":\"BreadcrumbList\",\"@id\":\"https:\\\/\\\/redfoxlotto.com\\\/es\\\/jugar\\\/powerball-au\\\/#breadcrumb\",\"itemListElement\":[{\"@type\":\"ListItem\",\"position\":1,\"name\":\"Home\",\"item\":\"https:\\\/\\\/redfoxlotto.com\\\/es\\\/\"},{\"@type\":\"ListItem\",\"position\":2,\"name\":\"Jugar loter\u00edas mundiales\",\"item\":\"https:\\\/\\\/redfoxlotto.com\\\/es\\\/jugar\\\/\"},{\"@type\":\"ListItem\",\"position\":3,\"name\":\"La fiebre de Powerball de Australia ya est\u00e1 aqu\u00ed\"}]},{\"@type\":\"WebSite\",\"@id\":\"https:\\\/\\\/redfoxlotto.com\\\/es\\\/#website\",\"url\":\"https:\\\/\\\/redfoxlotto.com\\\/es\\\/\",\"name\":\"Get Tickets for the World\u2019s largest jackpots\",\"description\":\"Participate in worldwide lottery jackpots from any country\",\"publisher\":{\"@id\":\"https:\\\/\\\/redfoxlotto.com\\\/es\\\/#organization\"},\"potentialAction\":[{\"@type\":\"SearchAction\",\"target\":{\"@type\":\"EntryPoint\",\"urlTemplate\":\"https:\\\/\\\/redfoxlotto.com\\\/es\\\/?s={search_term_string}\"},\"query-input\":{\"@type\":\"PropertyValueSpecification\",\"valueRequired\":true,\"valueName\":\"search_term_string\"}}],\"inLanguage\":\"es\"},{\"@type\":\"Organization\",\"@id\":\"https:\\\/\\\/redfoxlotto.com\\\/es\\\/#organization\",\"name\":\"Get Tickets for the World\u2019s largest jackpots\",\"url\":\"https:\\\/\\\/redfoxlotto.com\\\/es\\\/\",\"logo\":{\"@type\":\"ImageObject\",\"inLanguage\":\"es\",\"@id\":\"https:\\\/\\\/redfoxlotto.com\\\/es\\\/#\\\/schema\\\/logo\\\/image\\\/\",\"url\":\"https:\\\/\\\/redfoxlotto.com\\\/wp-content\\\/uploads\\\/2023\\\/04\\\/logo.png\",\"contentUrl\":\"https:\\\/\\\/redfoxlotto.com\\\/wp-content\\\/uploads\\\/2023\\\/04\\\/logo.png\",\"width\":269,\"height\":53,\"caption\":\"Get Tickets for the World\u2019s largest jackpots\"},\"image\":{\"@id\":\"https:\\\/\\\/redfoxlotto.com\\\/es\\\/#\\\/schema\\\/logo\\\/image\\\/\"}}]}<\/script>\n<!-- \/ Yoast SEO plugin. -->","yoast_head_json":{"title":"Juegue en l\u00ednea a la loter\u00eda Powerball de Australia","description":"La loter\u00eda favorita de Australia ya est\u00e1 disponible en l\u00ednea en todo el mundo","robots":{"index":"index","follow":"follow","max-snippet":"max-snippet:-1","max-image-preview":"max-image-preview:large","max-video-preview":"max-video-preview:-1"},"canonical":"https:\/\/redfoxlotto.com\/es\/jugar\/powerball-au\/","og_locale":"es_ES","og_type":"article","og_title":"Juegue en l\u00ednea a la loter\u00eda Powerball de Australia","og_description":"La loter\u00eda favorita de Australia ya est\u00e1 disponible en l\u00ednea en todo el mundo","og_url":"https:\/\/redfoxlotto.com\/es\/jugar\/powerball-au\/","og_site_name":"Get Tickets for the World\u2019s largest jackpots","article_modified_time":"2023-05-19T09:42:13+00:00","og_image":[{"url":"https:\/\/content.redfoxlotto.com\/uploads\/sites\/9\/2_ticket_powerball_au.jpg","type":"","width":"","height":""}],"twitter_card":"summary_large_image","twitter_misc":{"Tiempo de lectura":"3 minutos"},"schema":{"@context":"https:\/\/schema.org","@graph":[{"@type":"WebPage","@id":"https:\/\/redfoxlotto.com\/es\/jugar\/powerball-au\/","url":"https:\/\/redfoxlotto.com\/es\/jugar\/powerball-au\/","name":"Juegue en l\u00ednea a la loter\u00eda Powerball de Australia","isPartOf":{"@id":"https:\/\/redfoxlotto.com\/es\/#website"},"primaryImageOfPage":{"@id":"https:\/\/redfoxlotto.com\/es\/jugar\/powerball-au\/#primaryimage"},"image":{"@id":"https:\/\/redfoxlotto.com\/es\/jugar\/powerball-au\/#primaryimage"},"thumbnailUrl":"https:\/\/content.redfoxlotto.com\/uploads\/sites\/9\/2_ticket_powerball_au.jpg","datePublished":"2023-04-24T18:19:55+00:00","dateModified":"2023-05-19T09:42:13+00:00","description":"La loter\u00eda favorita de Australia ya est\u00e1 disponible en l\u00ednea en todo el mundo","breadcrumb":{"@id":"https:\/\/redfoxlotto.com\/es\/jugar\/powerball-au\/#breadcrumb"},"inLanguage":"es","potentialAction":[{"@type":"ReadAction","target":["https:\/\/redfoxlotto.com\/es\/jugar\/powerball-au\/"]}]},{"@type":"ImageObject","inLanguage":"es","@id":"https:\/\/redfoxlotto.com\/es\/jugar\/powerball-au\/#primaryimage","url":"https:\/\/content.redfoxlotto.com\/uploads\/sites\/9\/2_ticket_powerball_au.jpg","contentUrl":"https:\/\/content.redfoxlotto.com\/uploads\/sites\/9\/2_ticket_powerball_au.jpg"},{"@type":"BreadcrumbList","@id":"https:\/\/redfoxlotto.com\/es\/jugar\/powerball-au\/#breadcrumb","itemListElement":[{"@type":"ListItem","position":1,"name":"Home","item":"https:\/\/redfoxlotto.com\/es\/"},{"@type":"ListItem","position":2,"name":"Jugar loter\u00edas mundiales","item":"https:\/\/redfoxlotto.com\/es\/jugar\/"},{"@type":"ListItem","position":3,"name":"La fiebre de Powerball de Australia ya est\u00e1 aqu\u00ed"}]},{"@type":"WebSite","@id":"https:\/\/redfoxlotto.com\/es\/#website","url":"https:\/\/redfoxlotto.com\/es\/","name":"Get Tickets for the World\u2019s largest jackpots","description":"Participate in worldwide lottery jackpots from any country","publisher":{"@id":"https:\/\/redfoxlotto.com\/es\/#organization"},"potentialAction":[{"@type":"SearchAction","target":{"@type":"EntryPoint","urlTemplate":"https:\/\/redfoxlotto.com\/es\/?s={search_term_string}"},"query-input":{"@type":"PropertyValueSpecification","valueRequired":true,"valueName":"search_term_string"}}],"inLanguage":"es"},{"@type":"Organization","@id":"https:\/\/redfoxlotto.com\/es\/#organization","name":"Get Tickets for the World\u2019s largest jackpots","url":"https:\/\/redfoxlotto.com\/es\/","logo":{"@type":"ImageObject","inLanguage":"es","@id":"https:\/\/redfoxlotto.com\/es\/#\/schema\/logo\/image\/","url":"https:\/\/redfoxlotto.com\/wp-content\/uploads\/2023\/04\/logo.png","contentUrl":"https:\/\/redfoxlotto.com\/wp-content\/uploads\/2023\/04\/logo.png","width":269,"height":53,"caption":"Get Tickets for the World\u2019s largest jackpots"},"image":{"@id":"https:\/\/redfoxlotto.com\/es\/#\/schema\/logo\/image\/"}}]}},"_links":{"self":[{"href":"https:\/\/redfoxlotto.com\/es\/wp-json\/wp\/v2\/pages\/275","targetHints":{"allow":["GET"]}}],"collection":[{"href":"https:\/\/redfoxlotto.com\/es\/wp-json\/wp\/v2\/pages"}],"about":[{"href":"https:\/\/redfoxlotto.com\/es\/wp-json\/wp\/v2\/types\/page"}],"author":[{"embeddable":true,"href":"https:\/\/redfoxlotto.com\/es\/wp-json\/wp\/v2\/users\/1"}],"replies":[{"embeddable":true,"href":"https:\/\/redfoxlotto.com\/es\/wp-json\/wp\/v2\/comments?post=275"}],"version-history":[{"count":0,"href":"https:\/\/redfoxlotto.com\/es\/wp-json\/wp\/v2\/pages\/275\/revisions"}],"up":[{"embeddable":true,"href":"https:\/\/redfoxlotto.com\/es\/wp-json\/wp\/v2\/pages\/237"}],"wp:attachment":[{"href":"https:\/\/redfoxlotto.com\/es\/wp-json\/wp\/v2\/media?parent=275"}],"curies":[{"name":"wp","href":"https:\/\/api.w.org\/{rel}","templated":true}]}}