{"id":269,"date":"2018-11-18T08:54:25","date_gmt":"2018-11-18T08:54:25","guid":{"rendered":"https:\/\/redfoxlotto.com\/?page_id=4379"},"modified":"2018-11-18T08:55:22","modified_gmt":"2018-11-18T08:55:22","slug":"saturday-lotto-au","status":"publish","type":"page","link":"https:\/\/redfoxlotto.com\/es\/resultados\/saturday-lotto-au\/","title":{"rendered":"Resultados de la Loter\u00eda del S\u00e1bado"},"content":{"rendered":"<p><img loading=\"lazy\" decoding=\"async\" class=\" wp-image alignright\" src=\"https:\/\/content.redfoxlotto.com\/uploads\/sites\/9\/1_draw_lottery_results.jpg\" alt=\"Saturday Lotto\" width=\"251\" height=\"251\" \/><\/p><p>Tan pronto como el sorteo haya terminado, los resultados de la loter\u00eda del s\u00e1bado se mostrar\u00e1n aqu\u00ed. La informaci\u00f3n incluye los n\u00fameros ganadores, el pr\u00f3ximo bote estimado y el monto del premio para los diferentes niveles de premios. <\/p><p>Si desea ver informaci\u00f3n sobre los \u00faltimos sorteos de la loter\u00eda del s\u00e1bado, puede utilizar el archivo haciendo clic en el men\u00fa desplegable de fecha. El archivo muestra la informaci\u00f3n de los \u00faltimos tres a\u00f1os.<\/p><h2 class=\"wp-block-heading\">N\u00fameros sorteados y detalles de pago para todas las dem\u00e1s loter\u00edas<\/h2><p><img loading=\"lazy\" decoding=\"async\" class=\" wp-image alignright\" src=\"https:\/\/content.redfoxlotto.com\/uploads\/sites\/9\/1_draw_lottery_numbers.jpg\" alt=\"n\u00fameros ganadores\" width=\"272\" height=\"192\" \/><\/p><p>Para obtener una visi\u00f3n general de todos los resultados de los \u00faltimos sorteos de loter\u00eda, haga clic en el men\u00fa principal \u00abResultados\u00bb en la parte superior. Eso te lleva a una p\u00e1gina con todas las loter\u00edas. En esa p\u00e1gina, usted puede ver los \u00faltimos n\u00fameros sorteados, as\u00ed como la cantidad total de dinero pagada por cada una de las loter\u00edas.<\/p><p>Tambi\u00e9n puede utilizar este resumen de los n\u00fameros ganadores para obtener algunas ideas sobre qu\u00e9 n\u00fameros elegir para su pr\u00f3ximo billete de loter\u00eda (para la loter\u00eda del s\u00e1bado o para cualquier otra loter\u00eda). Use n\u00fameros \u00abfr\u00edos\u00bb (n\u00fameros que no aparecen en ninguno de los \u00faltimos resultados), o n\u00fameros \u00abcalientes\u00bb (n\u00fameros que han ganado en m\u00faltiples loter\u00edas). O puedes mezclar n\u00fameros fr\u00edos y calientes y a\u00f1adir algunos de tus propios n\u00fameros de la suerte!<\/p><h2 class=\"wp-block-heading\">La manera m\u00e1s f\u00e1cil y r\u00e1pida de comprobar si su billete ha ganado<\/h2><p>Para comparar los n\u00fameros ganadores con los n\u00fameros que eligi\u00f3 para su billete, tambi\u00e9n puede hacer clic en el men\u00fa superior derecho \u00abMi cuenta\/Mis billetes\u00bb. En esta \u00e1rea, puede ver todos los tickets pasados y activos. En una columna, puede ver inmediatamente si uno de sus billetes ha ganado, as\u00ed como el importe del premio.<\/p><p>Haga clic en el s\u00edmbolo de la lupa (a la derecha) para cualquier billete, y ver\u00e1 los resultados del sorteo y sus n\u00fameros uno al lado del otro. Adem\u00e1s, todos los n\u00fameros de su billete que coincidan con el sorteo se resaltar\u00e1n convenientemente.<\/p>","protected":false},"excerpt":{"rendered":"<p>Tan pronto como el sorteo haya terminado, los resultados de la loter\u00eda del s\u00e1bado se mostrar\u00e1n aqu\u00ed. La informaci\u00f3n incluye los n\u00fameros ganadores, el pr\u00f3ximo bote estimado y el monto del premio para los diferentes niveles de premios. Si desea ver informaci\u00f3n sobre los \u00faltimos sorteos de la loter\u00eda del s\u00e1bado, puede utilizar el archivo [&hellip;]<\/p>\n","protected":false},"author":1,"featured_media":0,"parent":227,"menu_order":22,"comment_status":"closed","ping_status":"closed","template":"saturday-lotto-results.php","meta":{"_et_pb_use_builder":"","_et_pb_old_content":"","_et_gb_content_width":"","exclude_from_search":false,"footnotes":""},"class_list":["post-269","page","type-page","status-publish","hentry"],"yoast_head":"<!-- This site is optimized with the Yoast SEO plugin v23.8 - https:\/\/yoast.com\/wordpress\/plugins\/seo\/ -->\n<title>N\u00fameros ganadores y resultados de la Loter\u00eda del S\u00e1bado Australia<\/title>\n<meta name=\"description\" content=\"Aqu\u00ed est\u00e1n los n\u00fameros ganadores de la loter\u00eda del s\u00e1bado de Australia\" \/>\n<meta name=\"robots\" content=\"index, follow, max-snippet:-1, max-image-preview:large, max-video-preview:-1\" \/>\n<link rel=\"canonical\" href=\"https:\/\/redfoxlotto.com\/es\/resultados\/saturday-lotto-au\/\" \/>\n<meta property=\"og:locale\" content=\"es_ES\" \/>\n<meta property=\"og:type\" content=\"article\" \/>\n<meta property=\"og:title\" content=\"N\u00fameros ganadores y resultados de la Loter\u00eda del S\u00e1bado Australia\" \/>\n<meta property=\"og:description\" content=\"Aqu\u00ed est\u00e1n los n\u00fameros ganadores de la loter\u00eda del s\u00e1bado de Australia\" \/>\n<meta property=\"og:url\" content=\"https:\/\/redfoxlotto.com\/es\/resultados\/saturday-lotto-au\/\" \/>\n<meta property=\"og:site_name\" content=\"Get Tickets for the World\u2019s largest jackpots\" \/>\n<meta property=\"article:modified_time\" content=\"2018-11-18T08:55:22+00:00\" \/>\n<meta property=\"og:image\" content=\"https:\/\/content.redfoxlotto.com\/uploads\/sites\/9\/1_draw_lottery_results.jpg\" \/>\n<meta name=\"twitter:card\" content=\"summary_large_image\" \/>\n<meta name=\"twitter:label1\" content=\"Tiempo de lectura\" \/>\n\t<meta name=\"twitter:data1\" content=\"2 minutos\" \/>\n<script type=\"application\/ld+json\" class=\"yoast-schema-graph\">{\"@context\":\"https:\/\/schema.org\",\"@graph\":[{\"@type\":\"WebPage\",\"@id\":\"https:\/\/redfoxlotto.com\/es\/resultados\/saturday-lotto-au\/\",\"url\":\"https:\/\/redfoxlotto.com\/es\/resultados\/saturday-lotto-au\/\",\"name\":\"N\u00fameros ganadores y resultados de la Loter\u00eda del S\u00e1bado Australia\",\"isPartOf\":{\"@id\":\"https:\/\/redfoxlotto.com\/es\/#website\"},\"primaryImageOfPage\":{\"@id\":\"https:\/\/redfoxlotto.com\/es\/resultados\/saturday-lotto-au\/#primaryimage\"},\"image\":{\"@id\":\"https:\/\/redfoxlotto.com\/es\/resultados\/saturday-lotto-au\/#primaryimage\"},\"thumbnailUrl\":\"https:\/\/content.redfoxlotto.com\/uploads\/sites\/9\/1_draw_lottery_results.jpg\",\"datePublished\":\"2018-11-18T08:54:25+00:00\",\"dateModified\":\"2018-11-18T08:55:22+00:00\",\"description\":\"Aqu\u00ed est\u00e1n los n\u00fameros ganadores de la loter\u00eda del s\u00e1bado de Australia\",\"breadcrumb\":{\"@id\":\"https:\/\/redfoxlotto.com\/es\/resultados\/saturday-lotto-au\/#breadcrumb\"},\"inLanguage\":\"es\",\"potentialAction\":[{\"@type\":\"ReadAction\",\"target\":[\"https:\/\/redfoxlotto.com\/es\/resultados\/saturday-lotto-au\/\"]}]},{\"@type\":\"ImageObject\",\"inLanguage\":\"es\",\"@id\":\"https:\/\/redfoxlotto.com\/es\/resultados\/saturday-lotto-au\/#primaryimage\",\"url\":\"https:\/\/content.redfoxlotto.com\/uploads\/sites\/9\/1_draw_lottery_results.jpg\",\"contentUrl\":\"https:\/\/content.redfoxlotto.com\/uploads\/sites\/9\/1_draw_lottery_results.jpg\"},{\"@type\":\"BreadcrumbList\",\"@id\":\"https:\/\/redfoxlotto.com\/es\/resultados\/saturday-lotto-au\/#breadcrumb\",\"itemListElement\":[{\"@type\":\"ListItem\",\"position\":1,\"name\":\"Home\",\"item\":\"https:\/\/redfoxlotto.com\/es\/\"},{\"@type\":\"ListItem\",\"position\":2,\"name\":\"Resultados y n\u00fameros ganadores de loto en el mundo\",\"item\":\"https:\/\/redfoxlotto.com\/es\/resultados\/\"},{\"@type\":\"ListItem\",\"position\":3,\"name\":\"Resultados de la Loter\u00eda del S\u00e1bado\"}]},{\"@type\":\"WebSite\",\"@id\":\"https:\/\/redfoxlotto.com\/es\/#website\",\"url\":\"https:\/\/redfoxlotto.com\/es\/\",\"name\":\"Get Tickets for the World\u2019s largest jackpots\",\"description\":\"Participate in worldwide lottery jackpots from any country\",\"publisher\":{\"@id\":\"https:\/\/redfoxlotto.com\/es\/#organization\"},\"potentialAction\":[{\"@type\":\"SearchAction\",\"target\":{\"@type\":\"EntryPoint\",\"urlTemplate\":\"https:\/\/redfoxlotto.com\/es\/?s={search_term_string}\"},\"query-input\":{\"@type\":\"PropertyValueSpecification\",\"valueRequired\":true,\"valueName\":\"search_term_string\"}}],\"inLanguage\":\"es\"},{\"@type\":\"Organization\",\"@id\":\"https:\/\/redfoxlotto.com\/es\/#organization\",\"name\":\"Get Tickets for the World\u2019s largest jackpots\",\"url\":\"https:\/\/redfoxlotto.com\/es\/\",\"logo\":{\"@type\":\"ImageObject\",\"inLanguage\":\"es\",\"@id\":\"https:\/\/redfoxlotto.com\/es\/#\/schema\/logo\/image\/\",\"url\":\"https:\/\/redfoxlotto.com\/wp-content\/uploads\/2023\/04\/logo.png\",\"contentUrl\":\"https:\/\/redfoxlotto.com\/wp-content\/uploads\/2023\/04\/logo.png\",\"width\":269,\"height\":53,\"caption\":\"Get Tickets for the World\u2019s largest jackpots\"},\"image\":{\"@id\":\"https:\/\/redfoxlotto.com\/es\/#\/schema\/logo\/image\/\"}}]}<\/script>\n<!-- \/ Yoast SEO plugin. -->","yoast_head_json":{"title":"N\u00fameros ganadores y resultados de la Loter\u00eda del S\u00e1bado Australia","description":"Aqu\u00ed est\u00e1n los n\u00fameros ganadores de la loter\u00eda del s\u00e1bado de Australia","robots":{"index":"index","follow":"follow","max-snippet":"max-snippet:-1","max-image-preview":"max-image-preview:large","max-video-preview":"max-video-preview:-1"},"canonical":"https:\/\/redfoxlotto.com\/es\/resultados\/saturday-lotto-au\/","og_locale":"es_ES","og_type":"article","og_title":"N\u00fameros ganadores y resultados de la Loter\u00eda del S\u00e1bado Australia","og_description":"Aqu\u00ed est\u00e1n los n\u00fameros ganadores de la loter\u00eda del s\u00e1bado de Australia","og_url":"https:\/\/redfoxlotto.com\/es\/resultados\/saturday-lotto-au\/","og_site_name":"Get Tickets for the World\u2019s largest jackpots","article_modified_time":"2018-11-18T08:55:22+00:00","og_image":[{"url":"https:\/\/content.redfoxlotto.com\/uploads\/sites\/9\/1_draw_lottery_results.jpg"}],"twitter_card":"summary_large_image","twitter_misc":{"Tiempo de lectura":"2 minutos"},"schema":{"@context":"https:\/\/schema.org","@graph":[{"@type":"WebPage","@id":"https:\/\/redfoxlotto.com\/es\/resultados\/saturday-lotto-au\/","url":"https:\/\/redfoxlotto.com\/es\/resultados\/saturday-lotto-au\/","name":"N\u00fameros ganadores y resultados de la Loter\u00eda del S\u00e1bado Australia","isPartOf":{"@id":"https:\/\/redfoxlotto.com\/es\/#website"},"primaryImageOfPage":{"@id":"https:\/\/redfoxlotto.com\/es\/resultados\/saturday-lotto-au\/#primaryimage"},"image":{"@id":"https:\/\/redfoxlotto.com\/es\/resultados\/saturday-lotto-au\/#primaryimage"},"thumbnailUrl":"https:\/\/content.redfoxlotto.com\/uploads\/sites\/9\/1_draw_lottery_results.jpg","datePublished":"2018-11-18T08:54:25+00:00","dateModified":"2018-11-18T08:55:22+00:00","description":"Aqu\u00ed est\u00e1n los n\u00fameros ganadores de la loter\u00eda del s\u00e1bado de Australia","breadcrumb":{"@id":"https:\/\/redfoxlotto.com\/es\/resultados\/saturday-lotto-au\/#breadcrumb"},"inLanguage":"es","potentialAction":[{"@type":"ReadAction","target":["https:\/\/redfoxlotto.com\/es\/resultados\/saturday-lotto-au\/"]}]},{"@type":"ImageObject","inLanguage":"es","@id":"https:\/\/redfoxlotto.com\/es\/resultados\/saturday-lotto-au\/#primaryimage","url":"https:\/\/content.redfoxlotto.com\/uploads\/sites\/9\/1_draw_lottery_results.jpg","contentUrl":"https:\/\/content.redfoxlotto.com\/uploads\/sites\/9\/1_draw_lottery_results.jpg"},{"@type":"BreadcrumbList","@id":"https:\/\/redfoxlotto.com\/es\/resultados\/saturday-lotto-au\/#breadcrumb","itemListElement":[{"@type":"ListItem","position":1,"name":"Home","item":"https:\/\/redfoxlotto.com\/es\/"},{"@type":"ListItem","position":2,"name":"Resultados y n\u00fameros ganadores de loto en el mundo","item":"https:\/\/redfoxlotto.com\/es\/resultados\/"},{"@type":"ListItem","position":3,"name":"Resultados de la Loter\u00eda del S\u00e1bado"}]},{"@type":"WebSite","@id":"https:\/\/redfoxlotto.com\/es\/#website","url":"https:\/\/redfoxlotto.com\/es\/","name":"Get Tickets for the World\u2019s largest jackpots","description":"Participate in worldwide lottery jackpots from any country","publisher":{"@id":"https:\/\/redfoxlotto.com\/es\/#organization"},"potentialAction":[{"@type":"SearchAction","target":{"@type":"EntryPoint","urlTemplate":"https:\/\/redfoxlotto.com\/es\/?s={search_term_string}"},"query-input":{"@type":"PropertyValueSpecification","valueRequired":true,"valueName":"search_term_string"}}],"inLanguage":"es"},{"@type":"Organization","@id":"https:\/\/redfoxlotto.com\/es\/#organization","name":"Get Tickets for the World\u2019s largest jackpots","url":"https:\/\/redfoxlotto.com\/es\/","logo":{"@type":"ImageObject","inLanguage":"es","@id":"https:\/\/redfoxlotto.com\/es\/#\/schema\/logo\/image\/","url":"https:\/\/redfoxlotto.com\/wp-content\/uploads\/2023\/04\/logo.png","contentUrl":"https:\/\/redfoxlotto.com\/wp-content\/uploads\/2023\/04\/logo.png","width":269,"height":53,"caption":"Get Tickets for the World\u2019s largest jackpots"},"image":{"@id":"https:\/\/redfoxlotto.com\/es\/#\/schema\/logo\/image\/"}}]}},"_links":{"self":[{"href":"https:\/\/redfoxlotto.com\/es\/wp-json\/wp\/v2\/pages\/269","targetHints":{"allow":["GET"]}}],"collection":[{"href":"https:\/\/redfoxlotto.com\/es\/wp-json\/wp\/v2\/pages"}],"about":[{"href":"https:\/\/redfoxlotto.com\/es\/wp-json\/wp\/v2\/types\/page"}],"author":[{"embeddable":true,"href":"https:\/\/redfoxlotto.com\/es\/wp-json\/wp\/v2\/users\/1"}],"replies":[{"embeddable":true,"href":"https:\/\/redfoxlotto.com\/es\/wp-json\/wp\/v2\/comments?post=269"}],"version-history":[{"count":0,"href":"https:\/\/redfoxlotto.com\/es\/wp-json\/wp\/v2\/pages\/269\/revisions"}],"up":[{"embeddable":true,"href":"https:\/\/redfoxlotto.com\/es\/wp-json\/wp\/v2\/pages\/227"}],"wp:attachment":[{"href":"https:\/\/redfoxlotto.com\/es\/wp-json\/wp\/v2\/media?parent=269"}],"curies":[{"name":"wp","href":"https:\/\/api.w.org\/{rel}","templated":true}]}}