{"id":268,"date":"2018-11-18T08:54:25","date_gmt":"2018-11-18T08:54:25","guid":{"rendered":"https:\/\/redfoxlotto.com\/?page_id=4375"},"modified":"2018-11-18T08:55:22","modified_gmt":"2018-11-18T08:55:22","slug":"powerball-au","status":"publish","type":"page","link":"https:\/\/redfoxlotto.com\/es\/resultados\/powerball-au\/","title":{"rendered":"Resultados de Powerball Australia"},"content":{"rendered":"<h2 class=\"wp-block-heading\">N\u00fameros sorteados y detalles de pago para Powerball Australia<\/h2><p><img loading=\"lazy\" decoding=\"async\" class=\"tama\u00f1o completo wp-image alignright\" src=\"https:\/\/content.redfoxlotto.com\/uploads\/sites\/9\/1_winning_online_lottery.jpg\" alt=\"Powerball Australia\" width=\"311\" height=\"311\" \/><\/p><p>En esta p\u00e1gina, le mostramos los niveles de pago, los n\u00fameros sorteados y otros detalles para Powerball Australia.<\/p><h2 class=\"wp-block-heading\">Vista general de todos los resultados en RedFoxLotto<\/h2><p><img decoding=\"async\" class=\"size-full wp-image alignright\" src=\"https:\/\/content.redfoxlotto.com\/uploads\/sites\/9\/1_lotto_money_win.jpg\" alt=\"resultados de loter\u00eda\"><\/p><p>Para ver todos los resultados de la loter\u00eda de los \u00faltimos sorteos, haga clic en el men\u00fa \u00abResultados\u00bb en la parte superior. <\/p><h2 class=\"wp-block-heading\">Compruebe si su billete ha ganado<\/h2><p>Tambi\u00e9n puede consultar la zona \u00abMis billetes\u00bb. Despu\u00e9s de hacer clic en cualquier billete, usted puede ver inmediatamente cu\u00e1ntos n\u00fameros coincidentes tiene en su billete.<\/p>","protected":false},"excerpt":{"rendered":"<p>N\u00fameros sorteados y detalles de pago para Powerball Australia En esta p\u00e1gina, le mostramos los niveles de pago, los n\u00fameros sorteados y otros detalles para Powerball Australia. Vista general de todos los resultados en RedFoxLotto Para ver todos los resultados de la loter\u00eda de los \u00faltimos sorteos, haga clic en el men\u00fa \u00abResultados\u00bb en la [&hellip;]<\/p>\n","protected":false},"author":1,"featured_media":0,"parent":227,"menu_order":20,"comment_status":"closed","ping_status":"closed","template":"powerball-au-results.php","meta":{"_et_pb_use_builder":"","_et_pb_old_content":"","_et_gb_content_width":"","exclude_from_search":false,"footnotes":""},"class_list":["post-268","page","type-page","status-publish","hentry"],"yoast_head":"<!-- This site is optimized with the Yoast SEO plugin v23.8 - https:\/\/yoast.com\/wordpress\/plugins\/seo\/ -->\n<title>Resultados de la loter\u00eda Powerball y n\u00fameros ganadores<\/title>\n<meta name=\"description\" content=\"Obtenga los \u00faltimos resultados de la loter\u00eda Powerball aqu\u00ed, incluyendo un archivo de los sorteos anteriores.\" \/>\n<meta name=\"robots\" content=\"index, follow, max-snippet:-1, max-image-preview:large, max-video-preview:-1\" \/>\n<link rel=\"canonical\" href=\"https:\/\/redfoxlotto.com\/es\/resultados\/powerball-au\/\" \/>\n<meta property=\"og:locale\" content=\"es_ES\" \/>\n<meta property=\"og:type\" content=\"article\" \/>\n<meta property=\"og:title\" content=\"Resultados de la loter\u00eda Powerball y n\u00fameros ganadores\" \/>\n<meta property=\"og:description\" content=\"Obtenga los \u00faltimos resultados de la loter\u00eda Powerball aqu\u00ed, incluyendo un archivo de los sorteos anteriores.\" \/>\n<meta property=\"og:url\" content=\"https:\/\/redfoxlotto.com\/es\/resultados\/powerball-au\/\" \/>\n<meta property=\"og:site_name\" content=\"Get Tickets for the World\u2019s largest jackpots\" \/>\n<meta property=\"article:modified_time\" content=\"2018-11-18T08:55:22+00:00\" \/>\n<meta property=\"og:image\" content=\"https:\/\/content.redfoxlotto.com\/uploads\/sites\/9\/1_winning_online_lottery.jpg\" \/>\n<meta name=\"twitter:card\" content=\"summary_large_image\" \/>\n<meta name=\"twitter:label1\" content=\"Tiempo de lectura\" \/>\n\t<meta name=\"twitter:data1\" content=\"1 minuto\" \/>\n<script type=\"application\/ld+json\" class=\"yoast-schema-graph\">{\"@context\":\"https:\/\/schema.org\",\"@graph\":[{\"@type\":\"WebPage\",\"@id\":\"https:\/\/redfoxlotto.com\/es\/resultados\/powerball-au\/\",\"url\":\"https:\/\/redfoxlotto.com\/es\/resultados\/powerball-au\/\",\"name\":\"Resultados de la loter\u00eda Powerball y n\u00fameros ganadores\",\"isPartOf\":{\"@id\":\"https:\/\/redfoxlotto.com\/es\/#website\"},\"primaryImageOfPage\":{\"@id\":\"https:\/\/redfoxlotto.com\/es\/resultados\/powerball-au\/#primaryimage\"},\"image\":{\"@id\":\"https:\/\/redfoxlotto.com\/es\/resultados\/powerball-au\/#primaryimage\"},\"thumbnailUrl\":\"https:\/\/content.redfoxlotto.com\/uploads\/sites\/9\/1_winning_online_lottery.jpg\",\"datePublished\":\"2018-11-18T08:54:25+00:00\",\"dateModified\":\"2018-11-18T08:55:22+00:00\",\"description\":\"Obtenga los \u00faltimos resultados de la loter\u00eda Powerball aqu\u00ed, incluyendo un archivo de los sorteos anteriores.\",\"breadcrumb\":{\"@id\":\"https:\/\/redfoxlotto.com\/es\/resultados\/powerball-au\/#breadcrumb\"},\"inLanguage\":\"es\",\"potentialAction\":[{\"@type\":\"ReadAction\",\"target\":[\"https:\/\/redfoxlotto.com\/es\/resultados\/powerball-au\/\"]}]},{\"@type\":\"ImageObject\",\"inLanguage\":\"es\",\"@id\":\"https:\/\/redfoxlotto.com\/es\/resultados\/powerball-au\/#primaryimage\",\"url\":\"https:\/\/content.redfoxlotto.com\/uploads\/sites\/9\/1_winning_online_lottery.jpg\",\"contentUrl\":\"https:\/\/content.redfoxlotto.com\/uploads\/sites\/9\/1_winning_online_lottery.jpg\"},{\"@type\":\"BreadcrumbList\",\"@id\":\"https:\/\/redfoxlotto.com\/es\/resultados\/powerball-au\/#breadcrumb\",\"itemListElement\":[{\"@type\":\"ListItem\",\"position\":1,\"name\":\"Home\",\"item\":\"https:\/\/redfoxlotto.com\/es\/\"},{\"@type\":\"ListItem\",\"position\":2,\"name\":\"Resultados y n\u00fameros ganadores de loto en el mundo\",\"item\":\"https:\/\/redfoxlotto.com\/es\/resultados\/\"},{\"@type\":\"ListItem\",\"position\":3,\"name\":\"Resultados de Powerball Australia\"}]},{\"@type\":\"WebSite\",\"@id\":\"https:\/\/redfoxlotto.com\/es\/#website\",\"url\":\"https:\/\/redfoxlotto.com\/es\/\",\"name\":\"Get Tickets for the World\u2019s largest jackpots\",\"description\":\"Participate in worldwide lottery jackpots from any country\",\"publisher\":{\"@id\":\"https:\/\/redfoxlotto.com\/es\/#organization\"},\"potentialAction\":[{\"@type\":\"SearchAction\",\"target\":{\"@type\":\"EntryPoint\",\"urlTemplate\":\"https:\/\/redfoxlotto.com\/es\/?s={search_term_string}\"},\"query-input\":{\"@type\":\"PropertyValueSpecification\",\"valueRequired\":true,\"valueName\":\"search_term_string\"}}],\"inLanguage\":\"es\"},{\"@type\":\"Organization\",\"@id\":\"https:\/\/redfoxlotto.com\/es\/#organization\",\"name\":\"Get Tickets for the World\u2019s largest jackpots\",\"url\":\"https:\/\/redfoxlotto.com\/es\/\",\"logo\":{\"@type\":\"ImageObject\",\"inLanguage\":\"es\",\"@id\":\"https:\/\/redfoxlotto.com\/es\/#\/schema\/logo\/image\/\",\"url\":\"https:\/\/redfoxlotto.com\/wp-content\/uploads\/2023\/04\/logo.png\",\"contentUrl\":\"https:\/\/redfoxlotto.com\/wp-content\/uploads\/2023\/04\/logo.png\",\"width\":269,\"height\":53,\"caption\":\"Get Tickets for the World\u2019s largest jackpots\"},\"image\":{\"@id\":\"https:\/\/redfoxlotto.com\/es\/#\/schema\/logo\/image\/\"}}]}<\/script>\n<!-- \/ Yoast SEO plugin. -->","yoast_head_json":{"title":"Resultados de la loter\u00eda Powerball y n\u00fameros ganadores","description":"Obtenga los \u00faltimos resultados de la loter\u00eda Powerball aqu\u00ed, incluyendo un archivo de los sorteos anteriores.","robots":{"index":"index","follow":"follow","max-snippet":"max-snippet:-1","max-image-preview":"max-image-preview:large","max-video-preview":"max-video-preview:-1"},"canonical":"https:\/\/redfoxlotto.com\/es\/resultados\/powerball-au\/","og_locale":"es_ES","og_type":"article","og_title":"Resultados de la loter\u00eda Powerball y n\u00fameros ganadores","og_description":"Obtenga los \u00faltimos resultados de la loter\u00eda Powerball aqu\u00ed, incluyendo un archivo de los sorteos anteriores.","og_url":"https:\/\/redfoxlotto.com\/es\/resultados\/powerball-au\/","og_site_name":"Get Tickets for the World\u2019s largest jackpots","article_modified_time":"2018-11-18T08:55:22+00:00","og_image":[{"url":"https:\/\/content.redfoxlotto.com\/uploads\/sites\/9\/1_winning_online_lottery.jpg"}],"twitter_card":"summary_large_image","twitter_misc":{"Tiempo de lectura":"1 minuto"},"schema":{"@context":"https:\/\/schema.org","@graph":[{"@type":"WebPage","@id":"https:\/\/redfoxlotto.com\/es\/resultados\/powerball-au\/","url":"https:\/\/redfoxlotto.com\/es\/resultados\/powerball-au\/","name":"Resultados de la loter\u00eda Powerball y n\u00fameros ganadores","isPartOf":{"@id":"https:\/\/redfoxlotto.com\/es\/#website"},"primaryImageOfPage":{"@id":"https:\/\/redfoxlotto.com\/es\/resultados\/powerball-au\/#primaryimage"},"image":{"@id":"https:\/\/redfoxlotto.com\/es\/resultados\/powerball-au\/#primaryimage"},"thumbnailUrl":"https:\/\/content.redfoxlotto.com\/uploads\/sites\/9\/1_winning_online_lottery.jpg","datePublished":"2018-11-18T08:54:25+00:00","dateModified":"2018-11-18T08:55:22+00:00","description":"Obtenga los \u00faltimos resultados de la loter\u00eda Powerball aqu\u00ed, incluyendo un archivo de los sorteos anteriores.","breadcrumb":{"@id":"https:\/\/redfoxlotto.com\/es\/resultados\/powerball-au\/#breadcrumb"},"inLanguage":"es","potentialAction":[{"@type":"ReadAction","target":["https:\/\/redfoxlotto.com\/es\/resultados\/powerball-au\/"]}]},{"@type":"ImageObject","inLanguage":"es","@id":"https:\/\/redfoxlotto.com\/es\/resultados\/powerball-au\/#primaryimage","url":"https:\/\/content.redfoxlotto.com\/uploads\/sites\/9\/1_winning_online_lottery.jpg","contentUrl":"https:\/\/content.redfoxlotto.com\/uploads\/sites\/9\/1_winning_online_lottery.jpg"},{"@type":"BreadcrumbList","@id":"https:\/\/redfoxlotto.com\/es\/resultados\/powerball-au\/#breadcrumb","itemListElement":[{"@type":"ListItem","position":1,"name":"Home","item":"https:\/\/redfoxlotto.com\/es\/"},{"@type":"ListItem","position":2,"name":"Resultados y n\u00fameros ganadores de loto en el mundo","item":"https:\/\/redfoxlotto.com\/es\/resultados\/"},{"@type":"ListItem","position":3,"name":"Resultados de Powerball Australia"}]},{"@type":"WebSite","@id":"https:\/\/redfoxlotto.com\/es\/#website","url":"https:\/\/redfoxlotto.com\/es\/","name":"Get Tickets for the World\u2019s largest jackpots","description":"Participate in worldwide lottery jackpots from any country","publisher":{"@id":"https:\/\/redfoxlotto.com\/es\/#organization"},"potentialAction":[{"@type":"SearchAction","target":{"@type":"EntryPoint","urlTemplate":"https:\/\/redfoxlotto.com\/es\/?s={search_term_string}"},"query-input":{"@type":"PropertyValueSpecification","valueRequired":true,"valueName":"search_term_string"}}],"inLanguage":"es"},{"@type":"Organization","@id":"https:\/\/redfoxlotto.com\/es\/#organization","name":"Get Tickets for the World\u2019s largest jackpots","url":"https:\/\/redfoxlotto.com\/es\/","logo":{"@type":"ImageObject","inLanguage":"es","@id":"https:\/\/redfoxlotto.com\/es\/#\/schema\/logo\/image\/","url":"https:\/\/redfoxlotto.com\/wp-content\/uploads\/2023\/04\/logo.png","contentUrl":"https:\/\/redfoxlotto.com\/wp-content\/uploads\/2023\/04\/logo.png","width":269,"height":53,"caption":"Get Tickets for the World\u2019s largest jackpots"},"image":{"@id":"https:\/\/redfoxlotto.com\/es\/#\/schema\/logo\/image\/"}}]}},"_links":{"self":[{"href":"https:\/\/redfoxlotto.com\/es\/wp-json\/wp\/v2\/pages\/268","targetHints":{"allow":["GET"]}}],"collection":[{"href":"https:\/\/redfoxlotto.com\/es\/wp-json\/wp\/v2\/pages"}],"about":[{"href":"https:\/\/redfoxlotto.com\/es\/wp-json\/wp\/v2\/types\/page"}],"author":[{"embeddable":true,"href":"https:\/\/redfoxlotto.com\/es\/wp-json\/wp\/v2\/users\/1"}],"replies":[{"embeddable":true,"href":"https:\/\/redfoxlotto.com\/es\/wp-json\/wp\/v2\/comments?post=268"}],"version-history":[{"count":0,"href":"https:\/\/redfoxlotto.com\/es\/wp-json\/wp\/v2\/pages\/268\/revisions"}],"up":[{"embeddable":true,"href":"https:\/\/redfoxlotto.com\/es\/wp-json\/wp\/v2\/pages\/227"}],"wp:attachment":[{"href":"https:\/\/redfoxlotto.com\/es\/wp-json\/wp\/v2\/media?parent=268"}],"curies":[{"name":"wp","href":"https:\/\/api.w.org\/{rel}","templated":true}]}}