{"id":264,"date":"2018-11-18T08:54:25","date_gmt":"2018-11-18T08:54:25","guid":{"rendered":"https:\/\/redfoxlotto.com\/?page_id=4358"},"modified":"2018-11-18T08:55:22","modified_gmt":"2018-11-18T08:55:22","slug":"el-gordo-primitiva","status":"publish","type":"page","link":"https:\/\/redfoxlotto.com\/es\/resultados\/el-gordo-primitiva\/","title":{"rendered":"El Gordo"},"content":{"rendered":"<p>Cuando juegue a El Gordo de Espa\u00f1a, la <a href=\"https:\/\/redfoxlotto.com\/es\/loterias\/\">loter\u00eda <\/a>de Navidad, prep\u00e1rese para un tipo de sorteo muy especial. En una ceremonia de tres horas, que se celebra el 22 de diciembre de cada a\u00f1o, se sortean los <a href=\"https:\/\/redfoxlotto.com\/es\/resultados\/\">n\u00fameros ganadores<\/a>. Todo el procedimiento se transmite en directo por televisi\u00f3n. Habr\u00e1 dos enormes tambores dorados, uno de los cuales contiene todos los n\u00fameros entre 00000 y 99999, y otro contendr\u00e1 bolas con el tipo de victoria que tengan.<\/p><p><img loading=\"lazy\" decoding=\"async\" class=\" wp-image alignright\" src=\"https:\/\/content.redfoxlotto.com\/uploads\/sites\/9\/1_results_draw_numbers.jpg\" alt=\"resultados de loter\u00eda\" width=\"254\" height=\"121\" \/><\/p><p>El resultado no es una combinaci\u00f3n de n\u00fameros, pero cada billete tiene un \u00fanico n\u00famero de cinco d\u00edgitos. Con un precio de 200\u20ac por entrada, la mayor\u00eda de los participantes compran un \u00abdecimo\u00bb, que es la d\u00e9cima parte de una entrada. Por lo tanto, la mayor\u00eda de los premios son compartidos. Y muy a menudo, las familias contribuyen para comprar un billete completo, y cuando su n\u00famero gana, toda la familia gana algo. Eso hace que esta loter\u00eda sea a\u00fan m\u00e1s popular.<\/p><p><img loading=\"lazy\" decoding=\"async\" class=\" wp-image alignright\" src=\"https:\/\/content.redfoxlotto.com\/uploads\/sites\/9\/1_lottery_winning_numbers_3.jpg\" alt=\"N\u00fameros ganadores de El Gordo\" width=\"275\" height=\"183\" \/><\/p><p>Los resultados de El Gordo no s\u00f3lo ser\u00e1n expuestos, sino tambi\u00e9n cantados por un coro de ni\u00f1os del colegio San Ildefenso de Madrid. Cualquiera que sea su n\u00famero ganador, la tensi\u00f3n dura hasta el \u00faltimo momento. No pierda la esperanza hasta que el \u00faltimo n\u00famero ganador haya sido sorteado!<\/p>","protected":false},"excerpt":{"rendered":"<p>Cuando juegue a El Gordo de Espa\u00f1a, la loter\u00eda de Navidad, prep\u00e1rese para un tipo de sorteo muy especial. En una ceremonia de tres horas, que se celebra el 22 de diciembre de cada a\u00f1o, se sortean los n\u00fameros ganadores. Todo el procedimiento se transmite en directo por televisi\u00f3n. Habr\u00e1 dos enormes tambores dorados, uno [&hellip;]<\/p>\n","protected":false},"author":1,"featured_media":0,"parent":227,"menu_order":6,"comment_status":"closed","ping_status":"closed","template":"el-gordo-results.php","meta":{"_et_pb_use_builder":"","_et_pb_old_content":"","_et_gb_content_width":"","exclude_from_search":false,"footnotes":""},"class_list":["post-264","page","type-page","status-publish","hentry"],"yoast_head":"<!-- This site is optimized with the Yoast SEO plugin v27.4 - https:\/\/yoast.com\/product\/yoast-seo-wordpress\/ -->\n<title>Resultados de la loter\u00eda El Gordo de Espa\u00f1a<\/title>\n<meta name=\"description\" content=\"El Gordo, la versi\u00f3n navide\u00f1a de La Primitiva - sus resultados se revelan en un evento especial!\" \/>\n<meta name=\"robots\" content=\"index, follow, max-snippet:-1, max-image-preview:large, max-video-preview:-1\" \/>\n<link rel=\"canonical\" href=\"https:\/\/redfoxlotto.com\/es\/resultados\/el-gordo-primitiva\/\" \/>\n<meta property=\"og:locale\" content=\"es_ES\" \/>\n<meta property=\"og:type\" content=\"article\" \/>\n<meta property=\"og:title\" content=\"Resultados de la loter\u00eda El Gordo de Espa\u00f1a\" \/>\n<meta property=\"og:description\" content=\"El Gordo, la versi\u00f3n navide\u00f1a de La Primitiva - sus resultados se revelan en un evento especial!\" \/>\n<meta property=\"og:url\" content=\"https:\/\/redfoxlotto.com\/es\/resultados\/el-gordo-primitiva\/\" \/>\n<meta property=\"og:site_name\" content=\"Get Tickets for the World\u2019s largest jackpots\" \/>\n<meta property=\"article:modified_time\" content=\"2018-11-18T08:55:22+00:00\" \/>\n<meta property=\"og:image\" content=\"https:\/\/content.redfoxlotto.com\/uploads\/sites\/9\/1_results_draw_numbers.jpg\" \/>\n<meta name=\"twitter:card\" content=\"summary_large_image\" \/>\n<meta name=\"twitter:label1\" content=\"Tiempo de lectura\" \/>\n\t<meta name=\"twitter:data1\" content=\"2 minutos\" \/>\n<script type=\"application\/ld+json\" class=\"yoast-schema-graph\">{\"@context\":\"https:\\\/\\\/schema.org\",\"@graph\":[{\"@type\":\"WebPage\",\"@id\":\"https:\\\/\\\/redfoxlotto.com\\\/es\\\/resultados\\\/el-gordo-primitiva\\\/\",\"url\":\"https:\\\/\\\/redfoxlotto.com\\\/es\\\/resultados\\\/el-gordo-primitiva\\\/\",\"name\":\"Resultados de la loter\u00eda El Gordo de Espa\u00f1a\",\"isPartOf\":{\"@id\":\"https:\\\/\\\/redfoxlotto.com\\\/es\\\/#website\"},\"primaryImageOfPage\":{\"@id\":\"https:\\\/\\\/redfoxlotto.com\\\/es\\\/resultados\\\/el-gordo-primitiva\\\/#primaryimage\"},\"image\":{\"@id\":\"https:\\\/\\\/redfoxlotto.com\\\/es\\\/resultados\\\/el-gordo-primitiva\\\/#primaryimage\"},\"thumbnailUrl\":\"https:\\\/\\\/content.redfoxlotto.com\\\/uploads\\\/sites\\\/9\\\/1_results_draw_numbers.jpg\",\"datePublished\":\"2018-11-18T08:54:25+00:00\",\"dateModified\":\"2018-11-18T08:55:22+00:00\",\"description\":\"El Gordo, la versi\u00f3n navide\u00f1a de La Primitiva - sus resultados se revelan en un evento especial!\",\"breadcrumb\":{\"@id\":\"https:\\\/\\\/redfoxlotto.com\\\/es\\\/resultados\\\/el-gordo-primitiva\\\/#breadcrumb\"},\"inLanguage\":\"es\",\"potentialAction\":[{\"@type\":\"ReadAction\",\"target\":[\"https:\\\/\\\/redfoxlotto.com\\\/es\\\/resultados\\\/el-gordo-primitiva\\\/\"]}]},{\"@type\":\"ImageObject\",\"inLanguage\":\"es\",\"@id\":\"https:\\\/\\\/redfoxlotto.com\\\/es\\\/resultados\\\/el-gordo-primitiva\\\/#primaryimage\",\"url\":\"https:\\\/\\\/content.redfoxlotto.com\\\/uploads\\\/sites\\\/9\\\/1_results_draw_numbers.jpg\",\"contentUrl\":\"https:\\\/\\\/content.redfoxlotto.com\\\/uploads\\\/sites\\\/9\\\/1_results_draw_numbers.jpg\"},{\"@type\":\"BreadcrumbList\",\"@id\":\"https:\\\/\\\/redfoxlotto.com\\\/es\\\/resultados\\\/el-gordo-primitiva\\\/#breadcrumb\",\"itemListElement\":[{\"@type\":\"ListItem\",\"position\":1,\"name\":\"Home\",\"item\":\"https:\\\/\\\/redfoxlotto.com\\\/es\\\/\"},{\"@type\":\"ListItem\",\"position\":2,\"name\":\"Resultados y n\u00fameros ganadores de loto en el mundo\",\"item\":\"https:\\\/\\\/redfoxlotto.com\\\/es\\\/resultados\\\/\"},{\"@type\":\"ListItem\",\"position\":3,\"name\":\"El Gordo\"}]},{\"@type\":\"WebSite\",\"@id\":\"https:\\\/\\\/redfoxlotto.com\\\/es\\\/#website\",\"url\":\"https:\\\/\\\/redfoxlotto.com\\\/es\\\/\",\"name\":\"Get Tickets for the World\u2019s largest jackpots\",\"description\":\"Participate in worldwide lottery jackpots from any country\",\"publisher\":{\"@id\":\"https:\\\/\\\/redfoxlotto.com\\\/es\\\/#organization\"},\"potentialAction\":[{\"@type\":\"SearchAction\",\"target\":{\"@type\":\"EntryPoint\",\"urlTemplate\":\"https:\\\/\\\/redfoxlotto.com\\\/es\\\/?s={search_term_string}\"},\"query-input\":{\"@type\":\"PropertyValueSpecification\",\"valueRequired\":true,\"valueName\":\"search_term_string\"}}],\"inLanguage\":\"es\"},{\"@type\":\"Organization\",\"@id\":\"https:\\\/\\\/redfoxlotto.com\\\/es\\\/#organization\",\"name\":\"Get Tickets for the World\u2019s largest jackpots\",\"url\":\"https:\\\/\\\/redfoxlotto.com\\\/es\\\/\",\"logo\":{\"@type\":\"ImageObject\",\"inLanguage\":\"es\",\"@id\":\"https:\\\/\\\/redfoxlotto.com\\\/es\\\/#\\\/schema\\\/logo\\\/image\\\/\",\"url\":\"https:\\\/\\\/redfoxlotto.com\\\/wp-content\\\/uploads\\\/2023\\\/04\\\/logo.png\",\"contentUrl\":\"https:\\\/\\\/redfoxlotto.com\\\/wp-content\\\/uploads\\\/2023\\\/04\\\/logo.png\",\"width\":269,\"height\":53,\"caption\":\"Get Tickets for the World\u2019s largest jackpots\"},\"image\":{\"@id\":\"https:\\\/\\\/redfoxlotto.com\\\/es\\\/#\\\/schema\\\/logo\\\/image\\\/\"}}]}<\/script>\n<!-- \/ Yoast SEO plugin. -->","yoast_head_json":{"title":"Resultados de la loter\u00eda El Gordo de Espa\u00f1a","description":"El Gordo, la versi\u00f3n navide\u00f1a de La Primitiva - sus resultados se revelan en un evento especial!","robots":{"index":"index","follow":"follow","max-snippet":"max-snippet:-1","max-image-preview":"max-image-preview:large","max-video-preview":"max-video-preview:-1"},"canonical":"https:\/\/redfoxlotto.com\/es\/resultados\/el-gordo-primitiva\/","og_locale":"es_ES","og_type":"article","og_title":"Resultados de la loter\u00eda El Gordo de Espa\u00f1a","og_description":"El Gordo, la versi\u00f3n navide\u00f1a de La Primitiva - sus resultados se revelan en un evento especial!","og_url":"https:\/\/redfoxlotto.com\/es\/resultados\/el-gordo-primitiva\/","og_site_name":"Get Tickets for the World\u2019s largest jackpots","article_modified_time":"2018-11-18T08:55:22+00:00","og_image":[{"url":"https:\/\/content.redfoxlotto.com\/uploads\/sites\/9\/1_results_draw_numbers.jpg","type":"","width":"","height":""}],"twitter_card":"summary_large_image","twitter_misc":{"Tiempo de lectura":"2 minutos"},"schema":{"@context":"https:\/\/schema.org","@graph":[{"@type":"WebPage","@id":"https:\/\/redfoxlotto.com\/es\/resultados\/el-gordo-primitiva\/","url":"https:\/\/redfoxlotto.com\/es\/resultados\/el-gordo-primitiva\/","name":"Resultados de la loter\u00eda El Gordo de Espa\u00f1a","isPartOf":{"@id":"https:\/\/redfoxlotto.com\/es\/#website"},"primaryImageOfPage":{"@id":"https:\/\/redfoxlotto.com\/es\/resultados\/el-gordo-primitiva\/#primaryimage"},"image":{"@id":"https:\/\/redfoxlotto.com\/es\/resultados\/el-gordo-primitiva\/#primaryimage"},"thumbnailUrl":"https:\/\/content.redfoxlotto.com\/uploads\/sites\/9\/1_results_draw_numbers.jpg","datePublished":"2018-11-18T08:54:25+00:00","dateModified":"2018-11-18T08:55:22+00:00","description":"El Gordo, la versi\u00f3n navide\u00f1a de La Primitiva - sus resultados se revelan en un evento especial!","breadcrumb":{"@id":"https:\/\/redfoxlotto.com\/es\/resultados\/el-gordo-primitiva\/#breadcrumb"},"inLanguage":"es","potentialAction":[{"@type":"ReadAction","target":["https:\/\/redfoxlotto.com\/es\/resultados\/el-gordo-primitiva\/"]}]},{"@type":"ImageObject","inLanguage":"es","@id":"https:\/\/redfoxlotto.com\/es\/resultados\/el-gordo-primitiva\/#primaryimage","url":"https:\/\/content.redfoxlotto.com\/uploads\/sites\/9\/1_results_draw_numbers.jpg","contentUrl":"https:\/\/content.redfoxlotto.com\/uploads\/sites\/9\/1_results_draw_numbers.jpg"},{"@type":"BreadcrumbList","@id":"https:\/\/redfoxlotto.com\/es\/resultados\/el-gordo-primitiva\/#breadcrumb","itemListElement":[{"@type":"ListItem","position":1,"name":"Home","item":"https:\/\/redfoxlotto.com\/es\/"},{"@type":"ListItem","position":2,"name":"Resultados y n\u00fameros ganadores de loto en el mundo","item":"https:\/\/redfoxlotto.com\/es\/resultados\/"},{"@type":"ListItem","position":3,"name":"El Gordo"}]},{"@type":"WebSite","@id":"https:\/\/redfoxlotto.com\/es\/#website","url":"https:\/\/redfoxlotto.com\/es\/","name":"Get Tickets for the World\u2019s largest jackpots","description":"Participate in worldwide lottery jackpots from any country","publisher":{"@id":"https:\/\/redfoxlotto.com\/es\/#organization"},"potentialAction":[{"@type":"SearchAction","target":{"@type":"EntryPoint","urlTemplate":"https:\/\/redfoxlotto.com\/es\/?s={search_term_string}"},"query-input":{"@type":"PropertyValueSpecification","valueRequired":true,"valueName":"search_term_string"}}],"inLanguage":"es"},{"@type":"Organization","@id":"https:\/\/redfoxlotto.com\/es\/#organization","name":"Get Tickets for the World\u2019s largest jackpots","url":"https:\/\/redfoxlotto.com\/es\/","logo":{"@type":"ImageObject","inLanguage":"es","@id":"https:\/\/redfoxlotto.com\/es\/#\/schema\/logo\/image\/","url":"https:\/\/redfoxlotto.com\/wp-content\/uploads\/2023\/04\/logo.png","contentUrl":"https:\/\/redfoxlotto.com\/wp-content\/uploads\/2023\/04\/logo.png","width":269,"height":53,"caption":"Get Tickets for the World\u2019s largest jackpots"},"image":{"@id":"https:\/\/redfoxlotto.com\/es\/#\/schema\/logo\/image\/"}}]}},"_links":{"self":[{"href":"https:\/\/redfoxlotto.com\/es\/wp-json\/wp\/v2\/pages\/264","targetHints":{"allow":["GET"]}}],"collection":[{"href":"https:\/\/redfoxlotto.com\/es\/wp-json\/wp\/v2\/pages"}],"about":[{"href":"https:\/\/redfoxlotto.com\/es\/wp-json\/wp\/v2\/types\/page"}],"author":[{"embeddable":true,"href":"https:\/\/redfoxlotto.com\/es\/wp-json\/wp\/v2\/users\/1"}],"replies":[{"embeddable":true,"href":"https:\/\/redfoxlotto.com\/es\/wp-json\/wp\/v2\/comments?post=264"}],"version-history":[{"count":0,"href":"https:\/\/redfoxlotto.com\/es\/wp-json\/wp\/v2\/pages\/264\/revisions"}],"up":[{"embeddable":true,"href":"https:\/\/redfoxlotto.com\/es\/wp-json\/wp\/v2\/pages\/227"}],"wp:attachment":[{"href":"https:\/\/redfoxlotto.com\/es\/wp-json\/wp\/v2\/media?parent=264"}],"curies":[{"name":"wp","href":"https:\/\/api.w.org\/{rel}","templated":true}]}}