{"id":262,"date":"2018-11-18T08:54:25","date_gmt":"2018-11-18T08:54:25","guid":{"rendered":"https:\/\/redfoxlotto.com\/?page_id=4350"},"modified":"2018-11-18T08:55:22","modified_gmt":"2018-11-18T08:55:22","slug":"saturday-lotto-au","status":"publish","type":"page","link":"https:\/\/redfoxlotto.com\/es\/loterias\/saturday-lotto-au\/","title":{"rendered":"Sobre Saturday Lotto"},"content":{"rendered":"<p>La loter\u00eda de los s\u00e1bados, como su nombre indica, es una loter\u00eda que se juega todos los s\u00e1bados por la noche en Australia. El juego se comercializa en toda Australia y es conocido por diferentes nombres en diferentes regiones del pa\u00eds. <\/p><p><img loading=\"lazy\" decoding=\"async\" class=\" wp-image alignright\" src=\"https:\/\/content.redfoxlotto.com\/uploads\/sites\/9\/1_online_jackpot_lotto.jpg\" alt=\"Lotto Saturday Australia\" width=\"185\" height=\"184\" \/><\/p><!--more--><p>En el sur de Australia se llama X loter\u00eda, en Queensland se llama loter\u00eda de oro, Tattslotto en Victoria, Tasmania, el territorio capital de Australia y el territorio del norte. En Nueva Gales del Sur y en el oeste de Australia se le conoce simplemente como Loter\u00eda o Loter\u00eda de los s\u00e1bados.<\/p><p><img loading=\"lazy\" decoding=\"async\" class=\" wp-image alignright\" src=\"https:\/\/content.redfoxlotto.com\/uploads\/sites\/9\/2_ticket_saturday_lotto_au2.jpg\" alt=\"Compre boletos de loter\u00eda del s\u00e1bado\" width=\"131\" height=\"218\" \/><\/p><p>Anteriormente, en la loter\u00eda de los s\u00e1bados, se seleccionan 6 n\u00fameros principales de un total de 40 posibles y se a\u00f1ade un n\u00famero suplementario. Pero en la actualidad se ha cambiado, ya que ahora son 6 n\u00fameros principales seleccionados de un total de 45 posibles y tambi\u00e9n 2 n\u00fameros suplementarios. Este cambio ha reducido enormemente la posibilidad de ganar un premio o m\u00e1s bien el premio mayor en la loter\u00eda del s\u00e1bado. Para jugar en la loter\u00eda, los jugadores deben elegir un m\u00ednimo de 6 n\u00fameros del 45, y cuando el sorteo termine, si sus 6 n\u00fameros coinciden con los 6 n\u00fameros principales sorteados, entonces usted ha ganado el premio mayor.<\/p><p>La loter\u00eda del s\u00e1bado ofrece alrededor de AUD$ 4 millones cada semana como premio mayor y puede ser compartida por un m\u00e1ximo de 4 ganadores. Los billetes para la loter\u00eda se pueden conseguir en l\u00ednea y tambi\u00e9n en tiendas designadas en toda Australia. La probabilidad de ganar el premio gordo en la loter\u00eda del s\u00e1bado es de 1 en 8 millones.<\/p>","protected":false},"excerpt":{"rendered":"<p>La loter\u00eda de los s\u00e1bados, como su nombre indica, es una loter\u00eda que se juega todos los s\u00e1bados por la noche en Australia. El juego se comercializa en toda Australia y es conocido por diferentes nombres en diferentes regiones del pa\u00eds.<\/p>\n","protected":false},"author":1,"featured_media":0,"parent":219,"menu_order":22,"comment_status":"closed","ping_status":"closed","template":"saturday-lotto-info.php","meta":{"_et_pb_use_builder":"","_et_pb_old_content":"","_et_gb_content_width":"","exclude_from_search":false,"footnotes":""},"class_list":["post-262","page","type-page","status-publish","hentry"],"yoast_head":"<!-- This site is optimized with the Yoast SEO plugin v27.4 - https:\/\/yoast.com\/product\/yoast-seo-wordpress\/ -->\n<title>Saturday lotto| Lo que debes saber sobre la loter\u00eda del s\u00e1bado<\/title>\n<meta name=\"description\" content=\"Aumente sus posibilidades de ganar en la loter\u00eda del s\u00e1bado conociendo esta informaci\u00f3n\" \/>\n<meta name=\"robots\" content=\"index, follow, max-snippet:-1, max-image-preview:large, max-video-preview:-1\" \/>\n<link rel=\"canonical\" href=\"https:\/\/redfoxlotto.com\/es\/loterias\/saturday-lotto-au\/\" \/>\n<meta property=\"og:locale\" content=\"es_ES\" \/>\n<meta property=\"og:type\" content=\"article\" \/>\n<meta property=\"og:title\" content=\"Saturday lotto| Lo que debes saber sobre la loter\u00eda del s\u00e1bado\" \/>\n<meta property=\"og:description\" content=\"Aumente sus posibilidades de ganar en la loter\u00eda del s\u00e1bado conociendo esta informaci\u00f3n\" \/>\n<meta property=\"og:url\" content=\"https:\/\/redfoxlotto.com\/es\/loterias\/saturday-lotto-au\/\" \/>\n<meta property=\"og:site_name\" content=\"Get Tickets for the World\u2019s largest jackpots\" \/>\n<meta property=\"article:modified_time\" content=\"2018-11-18T08:55:22+00:00\" \/>\n<meta property=\"og:image\" content=\"https:\/\/content.redfoxlotto.com\/uploads\/sites\/9\/1_online_jackpot_lotto.jpg\" \/>\n<meta name=\"twitter:card\" content=\"summary_large_image\" \/>\n<meta name=\"twitter:label1\" content=\"Tiempo de lectura\" \/>\n\t<meta name=\"twitter:data1\" content=\"1 minuto\" \/>\n<script type=\"application\/ld+json\" class=\"yoast-schema-graph\">{\"@context\":\"https:\\\/\\\/schema.org\",\"@graph\":[{\"@type\":\"WebPage\",\"@id\":\"https:\\\/\\\/redfoxlotto.com\\\/es\\\/loterias\\\/saturday-lotto-au\\\/\",\"url\":\"https:\\\/\\\/redfoxlotto.com\\\/es\\\/loterias\\\/saturday-lotto-au\\\/\",\"name\":\"Saturday lotto| Lo que debes saber sobre la loter\u00eda del s\u00e1bado\",\"isPartOf\":{\"@id\":\"https:\\\/\\\/redfoxlotto.com\\\/es\\\/#website\"},\"primaryImageOfPage\":{\"@id\":\"https:\\\/\\\/redfoxlotto.com\\\/es\\\/loterias\\\/saturday-lotto-au\\\/#primaryimage\"},\"image\":{\"@id\":\"https:\\\/\\\/redfoxlotto.com\\\/es\\\/loterias\\\/saturday-lotto-au\\\/#primaryimage\"},\"thumbnailUrl\":\"https:\\\/\\\/content.redfoxlotto.com\\\/uploads\\\/sites\\\/9\\\/1_online_jackpot_lotto.jpg\",\"datePublished\":\"2018-11-18T08:54:25+00:00\",\"dateModified\":\"2018-11-18T08:55:22+00:00\",\"description\":\"Aumente sus posibilidades de ganar en la loter\u00eda del s\u00e1bado conociendo esta informaci\u00f3n\",\"breadcrumb\":{\"@id\":\"https:\\\/\\\/redfoxlotto.com\\\/es\\\/loterias\\\/saturday-lotto-au\\\/#breadcrumb\"},\"inLanguage\":\"es\",\"potentialAction\":[{\"@type\":\"ReadAction\",\"target\":[\"https:\\\/\\\/redfoxlotto.com\\\/es\\\/loterias\\\/saturday-lotto-au\\\/\"]}]},{\"@type\":\"ImageObject\",\"inLanguage\":\"es\",\"@id\":\"https:\\\/\\\/redfoxlotto.com\\\/es\\\/loterias\\\/saturday-lotto-au\\\/#primaryimage\",\"url\":\"https:\\\/\\\/content.redfoxlotto.com\\\/uploads\\\/sites\\\/9\\\/1_online_jackpot_lotto.jpg\",\"contentUrl\":\"https:\\\/\\\/content.redfoxlotto.com\\\/uploads\\\/sites\\\/9\\\/1_online_jackpot_lotto.jpg\"},{\"@type\":\"BreadcrumbList\",\"@id\":\"https:\\\/\\\/redfoxlotto.com\\\/es\\\/loterias\\\/saturday-lotto-au\\\/#breadcrumb\",\"itemListElement\":[{\"@type\":\"ListItem\",\"position\":1,\"name\":\"Home\",\"item\":\"https:\\\/\\\/redfoxlotto.com\\\/es\\\/\"},{\"@type\":\"ListItem\",\"position\":2,\"name\":\"Loter\u00edas mundiales\",\"item\":\"https:\\\/\\\/redfoxlotto.com\\\/es\\\/loterias\\\/\"},{\"@type\":\"ListItem\",\"position\":3,\"name\":\"Sobre Saturday Lotto\"}]},{\"@type\":\"WebSite\",\"@id\":\"https:\\\/\\\/redfoxlotto.com\\\/es\\\/#website\",\"url\":\"https:\\\/\\\/redfoxlotto.com\\\/es\\\/\",\"name\":\"Get Tickets for the World\u2019s largest jackpots\",\"description\":\"Participate in worldwide lottery jackpots from any country\",\"publisher\":{\"@id\":\"https:\\\/\\\/redfoxlotto.com\\\/es\\\/#organization\"},\"potentialAction\":[{\"@type\":\"SearchAction\",\"target\":{\"@type\":\"EntryPoint\",\"urlTemplate\":\"https:\\\/\\\/redfoxlotto.com\\\/es\\\/?s={search_term_string}\"},\"query-input\":{\"@type\":\"PropertyValueSpecification\",\"valueRequired\":true,\"valueName\":\"search_term_string\"}}],\"inLanguage\":\"es\"},{\"@type\":\"Organization\",\"@id\":\"https:\\\/\\\/redfoxlotto.com\\\/es\\\/#organization\",\"name\":\"Get Tickets for the World\u2019s largest jackpots\",\"url\":\"https:\\\/\\\/redfoxlotto.com\\\/es\\\/\",\"logo\":{\"@type\":\"ImageObject\",\"inLanguage\":\"es\",\"@id\":\"https:\\\/\\\/redfoxlotto.com\\\/es\\\/#\\\/schema\\\/logo\\\/image\\\/\",\"url\":\"https:\\\/\\\/redfoxlotto.com\\\/wp-content\\\/uploads\\\/2023\\\/04\\\/logo.png\",\"contentUrl\":\"https:\\\/\\\/redfoxlotto.com\\\/wp-content\\\/uploads\\\/2023\\\/04\\\/logo.png\",\"width\":269,\"height\":53,\"caption\":\"Get Tickets for the World\u2019s largest jackpots\"},\"image\":{\"@id\":\"https:\\\/\\\/redfoxlotto.com\\\/es\\\/#\\\/schema\\\/logo\\\/image\\\/\"}}]}<\/script>\n<!-- \/ Yoast SEO plugin. -->","yoast_head_json":{"title":"Saturday lotto| Lo que debes saber sobre la loter\u00eda del s\u00e1bado","description":"Aumente sus posibilidades de ganar en la loter\u00eda del s\u00e1bado conociendo esta informaci\u00f3n","robots":{"index":"index","follow":"follow","max-snippet":"max-snippet:-1","max-image-preview":"max-image-preview:large","max-video-preview":"max-video-preview:-1"},"canonical":"https:\/\/redfoxlotto.com\/es\/loterias\/saturday-lotto-au\/","og_locale":"es_ES","og_type":"article","og_title":"Saturday lotto| Lo que debes saber sobre la loter\u00eda del s\u00e1bado","og_description":"Aumente sus posibilidades de ganar en la loter\u00eda del s\u00e1bado conociendo esta informaci\u00f3n","og_url":"https:\/\/redfoxlotto.com\/es\/loterias\/saturday-lotto-au\/","og_site_name":"Get Tickets for the World\u2019s largest jackpots","article_modified_time":"2018-11-18T08:55:22+00:00","og_image":[{"url":"https:\/\/content.redfoxlotto.com\/uploads\/sites\/9\/1_online_jackpot_lotto.jpg","type":"","width":"","height":""}],"twitter_card":"summary_large_image","twitter_misc":{"Tiempo de lectura":"1 minuto"},"schema":{"@context":"https:\/\/schema.org","@graph":[{"@type":"WebPage","@id":"https:\/\/redfoxlotto.com\/es\/loterias\/saturday-lotto-au\/","url":"https:\/\/redfoxlotto.com\/es\/loterias\/saturday-lotto-au\/","name":"Saturday lotto| Lo que debes saber sobre la loter\u00eda del s\u00e1bado","isPartOf":{"@id":"https:\/\/redfoxlotto.com\/es\/#website"},"primaryImageOfPage":{"@id":"https:\/\/redfoxlotto.com\/es\/loterias\/saturday-lotto-au\/#primaryimage"},"image":{"@id":"https:\/\/redfoxlotto.com\/es\/loterias\/saturday-lotto-au\/#primaryimage"},"thumbnailUrl":"https:\/\/content.redfoxlotto.com\/uploads\/sites\/9\/1_online_jackpot_lotto.jpg","datePublished":"2018-11-18T08:54:25+00:00","dateModified":"2018-11-18T08:55:22+00:00","description":"Aumente sus posibilidades de ganar en la loter\u00eda del s\u00e1bado conociendo esta informaci\u00f3n","breadcrumb":{"@id":"https:\/\/redfoxlotto.com\/es\/loterias\/saturday-lotto-au\/#breadcrumb"},"inLanguage":"es","potentialAction":[{"@type":"ReadAction","target":["https:\/\/redfoxlotto.com\/es\/loterias\/saturday-lotto-au\/"]}]},{"@type":"ImageObject","inLanguage":"es","@id":"https:\/\/redfoxlotto.com\/es\/loterias\/saturday-lotto-au\/#primaryimage","url":"https:\/\/content.redfoxlotto.com\/uploads\/sites\/9\/1_online_jackpot_lotto.jpg","contentUrl":"https:\/\/content.redfoxlotto.com\/uploads\/sites\/9\/1_online_jackpot_lotto.jpg"},{"@type":"BreadcrumbList","@id":"https:\/\/redfoxlotto.com\/es\/loterias\/saturday-lotto-au\/#breadcrumb","itemListElement":[{"@type":"ListItem","position":1,"name":"Home","item":"https:\/\/redfoxlotto.com\/es\/"},{"@type":"ListItem","position":2,"name":"Loter\u00edas mundiales","item":"https:\/\/redfoxlotto.com\/es\/loterias\/"},{"@type":"ListItem","position":3,"name":"Sobre Saturday Lotto"}]},{"@type":"WebSite","@id":"https:\/\/redfoxlotto.com\/es\/#website","url":"https:\/\/redfoxlotto.com\/es\/","name":"Get Tickets for the World\u2019s largest jackpots","description":"Participate in worldwide lottery jackpots from any country","publisher":{"@id":"https:\/\/redfoxlotto.com\/es\/#organization"},"potentialAction":[{"@type":"SearchAction","target":{"@type":"EntryPoint","urlTemplate":"https:\/\/redfoxlotto.com\/es\/?s={search_term_string}"},"query-input":{"@type":"PropertyValueSpecification","valueRequired":true,"valueName":"search_term_string"}}],"inLanguage":"es"},{"@type":"Organization","@id":"https:\/\/redfoxlotto.com\/es\/#organization","name":"Get Tickets for the World\u2019s largest jackpots","url":"https:\/\/redfoxlotto.com\/es\/","logo":{"@type":"ImageObject","inLanguage":"es","@id":"https:\/\/redfoxlotto.com\/es\/#\/schema\/logo\/image\/","url":"https:\/\/redfoxlotto.com\/wp-content\/uploads\/2023\/04\/logo.png","contentUrl":"https:\/\/redfoxlotto.com\/wp-content\/uploads\/2023\/04\/logo.png","width":269,"height":53,"caption":"Get Tickets for the World\u2019s largest jackpots"},"image":{"@id":"https:\/\/redfoxlotto.com\/es\/#\/schema\/logo\/image\/"}}]}},"_links":{"self":[{"href":"https:\/\/redfoxlotto.com\/es\/wp-json\/wp\/v2\/pages\/262","targetHints":{"allow":["GET"]}}],"collection":[{"href":"https:\/\/redfoxlotto.com\/es\/wp-json\/wp\/v2\/pages"}],"about":[{"href":"https:\/\/redfoxlotto.com\/es\/wp-json\/wp\/v2\/types\/page"}],"author":[{"embeddable":true,"href":"https:\/\/redfoxlotto.com\/es\/wp-json\/wp\/v2\/users\/1"}],"replies":[{"embeddable":true,"href":"https:\/\/redfoxlotto.com\/es\/wp-json\/wp\/v2\/comments?post=262"}],"version-history":[{"count":0,"href":"https:\/\/redfoxlotto.com\/es\/wp-json\/wp\/v2\/pages\/262\/revisions"}],"up":[{"embeddable":true,"href":"https:\/\/redfoxlotto.com\/es\/wp-json\/wp\/v2\/pages\/219"}],"wp:attachment":[{"href":"https:\/\/redfoxlotto.com\/es\/wp-json\/wp\/v2\/media?parent=262"}],"curies":[{"name":"wp","href":"https:\/\/api.w.org\/{rel}","templated":true}]}}