{"id":261,"date":"2018-11-18T08:54:25","date_gmt":"2018-11-18T08:54:25","guid":{"rendered":"https:\/\/redfoxlotto.com\/?page_id=4345"},"modified":"2018-11-18T08:55:22","modified_gmt":"2018-11-18T08:55:22","slug":"powerball-au","status":"publish","type":"page","link":"https:\/\/redfoxlotto.com\/es\/loterias\/powerball-au\/","title":{"rendered":"Sobre Powerball Australia"},"content":{"rendered":"<p>El Powerball australiano es una loter\u00eda en Australia. La operaci\u00f3n del Powerball est\u00e1 a cargo de un grupo conocido como el grupo Tatts. La Lott es una marca del grupo Tatts con licencia para administrar la loter\u00eda en todos los estados australianos, con la excepci\u00f3n de la parte occidental de Australia, donde \u00abLotterywest\u00bb, que es propiedad del gobierno, supervisa la loter\u00eda.<\/p><p><img loading=\"lazy\" decoding=\"async\" class=\" wp-image alignright\" src=\"https:\/\/content.redfoxlotto.com\/uploads\/sites\/9\/2_ticket_powerball_au2.jpg\" alt=\"Powerball Australia\" width=\"164\" height=\"302\" \/><\/p><!--more--><p>El sorteo de Powerball se realiza todos los jueves a las 9:00pm AEST. Se extraen 7 n\u00fameros de un grupo que contiene n\u00fameros del 1 al 35 mientras que un n\u00famero de Powerball se extrae de otro grupo que contiene n\u00fameros del 1 al 20. Para ganar el premio mayor, las entradas de los jugadores deben coincidir con los siete n\u00fameros obtenidos de la primera quiniela y tambi\u00e9n con el n\u00famero de Powerball obtenido de la segunda quiniela. <\/p><p>Los billetes de Powerball australianos se pueden conseguir tanto f\u00edsicamente como por Internet, por lo que no hay restricciones para participar en la loter\u00eda, ya que puede obtener los billetes desde cualquier parte del mundo. Los jugadores deben ser mayores de 18 a\u00f1os para poder participar en la loter\u00eda. <\/p><p><img loading=\"lazy\" decoding=\"async\" class=\" wp-image alignright\" src=\"https:\/\/content.redfoxlotto.com\/uploads\/sites\/9\/1_buy_ticket_online.jpg\" alt=\"Compre Powerball Australia\" width=\"146\" height=\"109\" \/><\/p><p>Recientemente, se hizo historia en la loter\u00eda australiana Powerball cuando una mam\u00e1 de Sydney gan\u00f3 el precio individual m\u00e1s alto en la historia de la loter\u00eda Powerball. Gan\u00f3 107 millones de d\u00f3lares australianos. Ella es de hecho lo que podemos llamar la definici\u00f3n perfecta de suerte, ya que la probabilidad de ganar el premio mayor en el Powerball es de 1 en 134,4 millones.<\/p>","protected":false},"excerpt":{"rendered":"<p>El Powerball australiano es una loter\u00eda en Australia. La operaci\u00f3n del Powerball est\u00e1 a cargo de un grupo conocido como el grupo Tatts. La Lott es una marca del grupo Tatts con licencia para administrar la loter\u00eda en todos los estados australianos, con la excepci\u00f3n de la parte occidental de Australia, donde \u00abLotterywest\u00bb, que es [&hellip;]<\/p>\n","protected":false},"author":1,"featured_media":0,"parent":219,"menu_order":20,"comment_status":"closed","ping_status":"closed","template":"powerball-au-info.php","meta":{"_et_pb_use_builder":"","_et_pb_old_content":"","_et_gb_content_width":"","exclude_from_search":false,"footnotes":""},"class_list":["post-261","page","type-page","status-publish","hentry"],"yoast_head":"<!-- This site is optimized with the Yoast SEO plugin v23.8 - https:\/\/yoast.com\/wordpress\/plugins\/seo\/ -->\n<title>Lo que necesita saber sobre la loteria Powerball Australia<\/title>\n<meta name=\"description\" content=\"La Au Powerball tiene uno de los botes m\u00e1s grandes de las loter\u00edas de Australia, esta informaci\u00f3n podr\u00eda llevarle un paso m\u00e1s cerca de ganar el bote.\" \/>\n<meta name=\"robots\" content=\"index, follow, max-snippet:-1, max-image-preview:large, max-video-preview:-1\" \/>\n<link rel=\"canonical\" href=\"https:\/\/redfoxlotto.com\/es\/loterias\/powerball-au\/\" \/>\n<meta property=\"og:locale\" content=\"es_ES\" \/>\n<meta property=\"og:type\" content=\"article\" \/>\n<meta property=\"og:title\" content=\"Lo que necesita saber sobre la loteria Powerball Australia\" \/>\n<meta property=\"og:description\" content=\"La Au Powerball tiene uno de los botes m\u00e1s grandes de las loter\u00edas de Australia, esta informaci\u00f3n podr\u00eda llevarle un paso m\u00e1s cerca de ganar el bote.\" \/>\n<meta property=\"og:url\" content=\"https:\/\/redfoxlotto.com\/es\/loterias\/powerball-au\/\" \/>\n<meta property=\"og:site_name\" content=\"Get Tickets for the World\u2019s largest jackpots\" \/>\n<meta property=\"article:modified_time\" content=\"2018-11-18T08:55:22+00:00\" \/>\n<meta property=\"og:image\" content=\"https:\/\/content.redfoxlotto.com\/uploads\/sites\/9\/2_ticket_powerball_au2.jpg\" \/>\n<meta name=\"twitter:card\" content=\"summary_large_image\" \/>\n<meta name=\"twitter:label1\" content=\"Tiempo de lectura\" \/>\n\t<meta name=\"twitter:data1\" content=\"2 minutos\" \/>\n<script type=\"application\/ld+json\" class=\"yoast-schema-graph\">{\"@context\":\"https:\/\/schema.org\",\"@graph\":[{\"@type\":\"WebPage\",\"@id\":\"https:\/\/redfoxlotto.com\/es\/loterias\/powerball-au\/\",\"url\":\"https:\/\/redfoxlotto.com\/es\/loterias\/powerball-au\/\",\"name\":\"Lo que necesita saber sobre la loteria Powerball Australia\",\"isPartOf\":{\"@id\":\"https:\/\/redfoxlotto.com\/es\/#website\"},\"primaryImageOfPage\":{\"@id\":\"https:\/\/redfoxlotto.com\/es\/loterias\/powerball-au\/#primaryimage\"},\"image\":{\"@id\":\"https:\/\/redfoxlotto.com\/es\/loterias\/powerball-au\/#primaryimage\"},\"thumbnailUrl\":\"https:\/\/content.redfoxlotto.com\/uploads\/sites\/9\/2_ticket_powerball_au2.jpg\",\"datePublished\":\"2018-11-18T08:54:25+00:00\",\"dateModified\":\"2018-11-18T08:55:22+00:00\",\"description\":\"La Au Powerball tiene uno de los botes m\u00e1s grandes de las loter\u00edas de Australia, esta informaci\u00f3n podr\u00eda llevarle un paso m\u00e1s cerca de ganar el bote.\",\"breadcrumb\":{\"@id\":\"https:\/\/redfoxlotto.com\/es\/loterias\/powerball-au\/#breadcrumb\"},\"inLanguage\":\"es\",\"potentialAction\":[{\"@type\":\"ReadAction\",\"target\":[\"https:\/\/redfoxlotto.com\/es\/loterias\/powerball-au\/\"]}]},{\"@type\":\"ImageObject\",\"inLanguage\":\"es\",\"@id\":\"https:\/\/redfoxlotto.com\/es\/loterias\/powerball-au\/#primaryimage\",\"url\":\"https:\/\/content.redfoxlotto.com\/uploads\/sites\/9\/2_ticket_powerball_au2.jpg\",\"contentUrl\":\"https:\/\/content.redfoxlotto.com\/uploads\/sites\/9\/2_ticket_powerball_au2.jpg\"},{\"@type\":\"BreadcrumbList\",\"@id\":\"https:\/\/redfoxlotto.com\/es\/loterias\/powerball-au\/#breadcrumb\",\"itemListElement\":[{\"@type\":\"ListItem\",\"position\":1,\"name\":\"Home\",\"item\":\"https:\/\/redfoxlotto.com\/es\/\"},{\"@type\":\"ListItem\",\"position\":2,\"name\":\"Loter\u00edas mundiales\",\"item\":\"https:\/\/redfoxlotto.com\/es\/loterias\/\"},{\"@type\":\"ListItem\",\"position\":3,\"name\":\"Sobre Powerball Australia\"}]},{\"@type\":\"WebSite\",\"@id\":\"https:\/\/redfoxlotto.com\/es\/#website\",\"url\":\"https:\/\/redfoxlotto.com\/es\/\",\"name\":\"Get Tickets for the World\u2019s largest jackpots\",\"description\":\"Participate in worldwide lottery jackpots from any country\",\"publisher\":{\"@id\":\"https:\/\/redfoxlotto.com\/es\/#organization\"},\"potentialAction\":[{\"@type\":\"SearchAction\",\"target\":{\"@type\":\"EntryPoint\",\"urlTemplate\":\"https:\/\/redfoxlotto.com\/es\/?s={search_term_string}\"},\"query-input\":{\"@type\":\"PropertyValueSpecification\",\"valueRequired\":true,\"valueName\":\"search_term_string\"}}],\"inLanguage\":\"es\"},{\"@type\":\"Organization\",\"@id\":\"https:\/\/redfoxlotto.com\/es\/#organization\",\"name\":\"Get Tickets for the World\u2019s largest jackpots\",\"url\":\"https:\/\/redfoxlotto.com\/es\/\",\"logo\":{\"@type\":\"ImageObject\",\"inLanguage\":\"es\",\"@id\":\"https:\/\/redfoxlotto.com\/es\/#\/schema\/logo\/image\/\",\"url\":\"https:\/\/redfoxlotto.com\/wp-content\/uploads\/2023\/04\/logo.png\",\"contentUrl\":\"https:\/\/redfoxlotto.com\/wp-content\/uploads\/2023\/04\/logo.png\",\"width\":269,\"height\":53,\"caption\":\"Get Tickets for the World\u2019s largest jackpots\"},\"image\":{\"@id\":\"https:\/\/redfoxlotto.com\/es\/#\/schema\/logo\/image\/\"}}]}<\/script>\n<!-- \/ Yoast SEO plugin. -->","yoast_head_json":{"title":"Lo que necesita saber sobre la loteria Powerball Australia","description":"La Au Powerball tiene uno de los botes m\u00e1s grandes de las loter\u00edas de Australia, esta informaci\u00f3n podr\u00eda llevarle un paso m\u00e1s cerca de ganar el bote.","robots":{"index":"index","follow":"follow","max-snippet":"max-snippet:-1","max-image-preview":"max-image-preview:large","max-video-preview":"max-video-preview:-1"},"canonical":"https:\/\/redfoxlotto.com\/es\/loterias\/powerball-au\/","og_locale":"es_ES","og_type":"article","og_title":"Lo que necesita saber sobre la loteria Powerball Australia","og_description":"La Au Powerball tiene uno de los botes m\u00e1s grandes de las loter\u00edas de Australia, esta informaci\u00f3n podr\u00eda llevarle un paso m\u00e1s cerca de ganar el bote.","og_url":"https:\/\/redfoxlotto.com\/es\/loterias\/powerball-au\/","og_site_name":"Get Tickets for the World\u2019s largest jackpots","article_modified_time":"2018-11-18T08:55:22+00:00","og_image":[{"url":"https:\/\/content.redfoxlotto.com\/uploads\/sites\/9\/2_ticket_powerball_au2.jpg"}],"twitter_card":"summary_large_image","twitter_misc":{"Tiempo de lectura":"2 minutos"},"schema":{"@context":"https:\/\/schema.org","@graph":[{"@type":"WebPage","@id":"https:\/\/redfoxlotto.com\/es\/loterias\/powerball-au\/","url":"https:\/\/redfoxlotto.com\/es\/loterias\/powerball-au\/","name":"Lo que necesita saber sobre la loteria Powerball Australia","isPartOf":{"@id":"https:\/\/redfoxlotto.com\/es\/#website"},"primaryImageOfPage":{"@id":"https:\/\/redfoxlotto.com\/es\/loterias\/powerball-au\/#primaryimage"},"image":{"@id":"https:\/\/redfoxlotto.com\/es\/loterias\/powerball-au\/#primaryimage"},"thumbnailUrl":"https:\/\/content.redfoxlotto.com\/uploads\/sites\/9\/2_ticket_powerball_au2.jpg","datePublished":"2018-11-18T08:54:25+00:00","dateModified":"2018-11-18T08:55:22+00:00","description":"La Au Powerball tiene uno de los botes m\u00e1s grandes de las loter\u00edas de Australia, esta informaci\u00f3n podr\u00eda llevarle un paso m\u00e1s cerca de ganar el bote.","breadcrumb":{"@id":"https:\/\/redfoxlotto.com\/es\/loterias\/powerball-au\/#breadcrumb"},"inLanguage":"es","potentialAction":[{"@type":"ReadAction","target":["https:\/\/redfoxlotto.com\/es\/loterias\/powerball-au\/"]}]},{"@type":"ImageObject","inLanguage":"es","@id":"https:\/\/redfoxlotto.com\/es\/loterias\/powerball-au\/#primaryimage","url":"https:\/\/content.redfoxlotto.com\/uploads\/sites\/9\/2_ticket_powerball_au2.jpg","contentUrl":"https:\/\/content.redfoxlotto.com\/uploads\/sites\/9\/2_ticket_powerball_au2.jpg"},{"@type":"BreadcrumbList","@id":"https:\/\/redfoxlotto.com\/es\/loterias\/powerball-au\/#breadcrumb","itemListElement":[{"@type":"ListItem","position":1,"name":"Home","item":"https:\/\/redfoxlotto.com\/es\/"},{"@type":"ListItem","position":2,"name":"Loter\u00edas mundiales","item":"https:\/\/redfoxlotto.com\/es\/loterias\/"},{"@type":"ListItem","position":3,"name":"Sobre Powerball Australia"}]},{"@type":"WebSite","@id":"https:\/\/redfoxlotto.com\/es\/#website","url":"https:\/\/redfoxlotto.com\/es\/","name":"Get Tickets for the World\u2019s largest jackpots","description":"Participate in worldwide lottery jackpots from any country","publisher":{"@id":"https:\/\/redfoxlotto.com\/es\/#organization"},"potentialAction":[{"@type":"SearchAction","target":{"@type":"EntryPoint","urlTemplate":"https:\/\/redfoxlotto.com\/es\/?s={search_term_string}"},"query-input":{"@type":"PropertyValueSpecification","valueRequired":true,"valueName":"search_term_string"}}],"inLanguage":"es"},{"@type":"Organization","@id":"https:\/\/redfoxlotto.com\/es\/#organization","name":"Get Tickets for the World\u2019s largest jackpots","url":"https:\/\/redfoxlotto.com\/es\/","logo":{"@type":"ImageObject","inLanguage":"es","@id":"https:\/\/redfoxlotto.com\/es\/#\/schema\/logo\/image\/","url":"https:\/\/redfoxlotto.com\/wp-content\/uploads\/2023\/04\/logo.png","contentUrl":"https:\/\/redfoxlotto.com\/wp-content\/uploads\/2023\/04\/logo.png","width":269,"height":53,"caption":"Get Tickets for the World\u2019s largest jackpots"},"image":{"@id":"https:\/\/redfoxlotto.com\/es\/#\/schema\/logo\/image\/"}}]}},"_links":{"self":[{"href":"https:\/\/redfoxlotto.com\/es\/wp-json\/wp\/v2\/pages\/261","targetHints":{"allow":["GET"]}}],"collection":[{"href":"https:\/\/redfoxlotto.com\/es\/wp-json\/wp\/v2\/pages"}],"about":[{"href":"https:\/\/redfoxlotto.com\/es\/wp-json\/wp\/v2\/types\/page"}],"author":[{"embeddable":true,"href":"https:\/\/redfoxlotto.com\/es\/wp-json\/wp\/v2\/users\/1"}],"replies":[{"embeddable":true,"href":"https:\/\/redfoxlotto.com\/es\/wp-json\/wp\/v2\/comments?post=261"}],"version-history":[{"count":0,"href":"https:\/\/redfoxlotto.com\/es\/wp-json\/wp\/v2\/pages\/261\/revisions"}],"up":[{"embeddable":true,"href":"https:\/\/redfoxlotto.com\/es\/wp-json\/wp\/v2\/pages\/219"}],"wp:attachment":[{"href":"https:\/\/redfoxlotto.com\/es\/wp-json\/wp\/v2\/media?parent=261"}],"curies":[{"name":"wp","href":"https:\/\/api.w.org\/{rel}","templated":true}]}}