{"id":258,"date":"2018-11-18T08:54:25","date_gmt":"2018-11-18T08:54:25","guid":{"rendered":"https:\/\/redfoxlotto.com\/?page_id=4332"},"modified":"2023-05-14T10:29:33","modified_gmt":"2023-05-14T10:29:33","slug":"la-primitiva","status":"publish","type":"page","link":"https:\/\/redfoxlotto.com\/es\/loterias\/la-primitiva\/","title":{"rendered":"Acerca de conseguir boletos para La Primitiva en l\u00ednea"},"content":{"rendered":"<h2 class=\"wp-block-heading\">Obtenga un boleto en l\u00ednea para la loter\u00eda La Primitiva de Espa\u00f1a<\/h2><p><img loading=\"lazy\" decoding=\"async\" class=\" wp-image alignright\" src=\"https:\/\/content.redfoxlotto.com\/uploads\/sites\/9\/2_ticket_la_primitiva2.jpg\" alt=\"Boleto en l\u00ednea de La Primitiva\" width=\"146\" height=\"208\" \/><\/p><p>Esta es la loter\u00eda m\u00e1s grande de Espa\u00f1a. Es posible que tambi\u00e9n hayas o\u00eddo que esta loter\u00eda se conoce como El Gordo, pero t\u00e9cnicamente eso no es correcto. El Gordo es la edici\u00f3n navide\u00f1a de la loter\u00eda espa\u00f1ola La Primitiva, y funciona de una manera totalmente diferente. <a href=\"https:\/\/redfoxlotto.com\/es\/jugar\/el-gordo-primitiva\/\">Revisa nuestro art\u00edculo sobre El Gordo.<\/a><\/p><p><!--more--><\/p><p>La Primitiva es la loter\u00eda semanal espa\u00f1ola. El premio mayor tiene un importe m\u00ednimo de 5 millones de euros. Pero este premio mayor ha alcanzado cantidades cercanas a los \u20ac 100 millones en el pasado. El sorteo se realiza todos los domingos.<\/p><p><img loading=\"lazy\" decoding=\"async\" class=\" wp-image alignright\" src=\"https:\/\/content.redfoxlotto.com\/uploads\/sites\/9\/1_buy_ticket_lotto_online2.jpg\" alt=\"Comprar boletos de La Primitiva\" width=\"227\" height=\"339\" \/><\/p><p>Aunque estaba destinado a ser una loter\u00eda nacional, usted tambi\u00e9n puede obtener boletos para La Primitiva en l\u00ednea. No tienes que ser residente de Espa\u00f1a. Simplemente elija sus n\u00fameros en nuestro sitio, luego cree una cuenta con nosotros y pague en l\u00ednea. Ordenaremos un boleto totalmente legal para La Primitiva para usted.<\/p><p>Para participar en la loter\u00eda s\u00f3lo tiene que comprar un billete de loter\u00eda con los n\u00fameros que ha elegido. Los billetes de la loter\u00eda La Primitiva contienen n\u00fameros del 0 al 49. A los jugadores se les permite elegir 6 n\u00fameros cualquiera y despu\u00e9s de la compra se les asigna autom\u00e1ticamente un n\u00famero del 0 al 9 a ese billete en particular. En el d\u00eda del sorteo, 6 n\u00fameros son escogidos al azar del 0-49 y 1 n\u00famero del 0-9 para que cualquier billete cuyo n\u00famero coincida exactamente con los n\u00fameros sorteados gane el Premio Mayor.<\/p><p>El mayor bote ganado hasta ahora en la loter\u00eda La Primitiva es el 17 de octubre de 2015, con un bote de 101,7 millones de euros. Antes, el bote de 73 millones de euros de febrero de 2014 era el m\u00e1s grande. La suerte es definitivamente el factor determinante para ganar el premio mayor ya que la probabilidad de ganar el premio mayor es de 1:14 millones, pero considerando el peque\u00f1o estipendio que cuesta conseguir un boleto y la enorme suma que tienes la oportunidad de ganar, entonces todo el mundo deber\u00eda sentirse afortunado.<\/p>","protected":false},"excerpt":{"rendered":"<p>Obtenga un boleto en l\u00ednea para la loter\u00eda La Primitiva de Espa\u00f1a Esta es la loter\u00eda m\u00e1s grande de Espa\u00f1a. Es posible que tambi\u00e9n hayas o\u00eddo que esta loter\u00eda se conoce como El Gordo, pero t\u00e9cnicamente eso no es correcto. El Gordo es la edici\u00f3n navide\u00f1a de la loter\u00eda espa\u00f1ola La Primitiva, y funciona de [&hellip;]<\/p>\n","protected":false},"author":1,"featured_media":0,"parent":219,"menu_order":7,"comment_status":"closed","ping_status":"closed","template":"la-primitiva-info.php","meta":{"_et_pb_use_builder":"","_et_pb_old_content":"","_et_gb_content_width":"","exclude_from_search":false,"footnotes":""},"class_list":["post-258","page","type-page","status-publish","hentry"],"yoast_head":"<!-- This site is optimized with the Yoast SEO plugin v23.8 - https:\/\/yoast.com\/wordpress\/plugins\/seo\/ -->\n<title>Consigue boletos para La Primitiva desde cualquier lugar.<\/title>\n<meta name=\"description\" content=\"No importa donde vivas, puedes conseguir boletos para La Primitiva Lotto\" \/>\n<meta name=\"robots\" content=\"index, follow, max-snippet:-1, max-image-preview:large, max-video-preview:-1\" \/>\n<link rel=\"canonical\" href=\"https:\/\/redfoxlotto.com\/es\/loterias\/la-primitiva\/\" \/>\n<meta property=\"og:locale\" content=\"es_ES\" \/>\n<meta property=\"og:type\" content=\"article\" \/>\n<meta property=\"og:title\" content=\"Consigue boletos para La Primitiva desde cualquier lugar.\" \/>\n<meta property=\"og:description\" content=\"No importa donde vivas, puedes conseguir boletos para La Primitiva Lotto\" \/>\n<meta property=\"og:url\" content=\"https:\/\/redfoxlotto.com\/es\/loterias\/la-primitiva\/\" \/>\n<meta property=\"og:site_name\" content=\"Get Tickets for the World\u2019s largest jackpots\" \/>\n<meta property=\"article:modified_time\" content=\"2023-05-14T10:29:33+00:00\" \/>\n<meta property=\"og:image\" content=\"https:\/\/content.redfoxlotto.com\/uploads\/sites\/9\/2_ticket_la_primitiva2.jpg\" \/>\n<meta name=\"twitter:card\" content=\"summary_large_image\" \/>\n<meta name=\"twitter:label1\" content=\"Tiempo de lectura\" \/>\n\t<meta name=\"twitter:data1\" content=\"2 minutos\" \/>\n<script type=\"application\/ld+json\" class=\"yoast-schema-graph\">{\"@context\":\"https:\/\/schema.org\",\"@graph\":[{\"@type\":\"WebPage\",\"@id\":\"https:\/\/redfoxlotto.com\/es\/loterias\/la-primitiva\/\",\"url\":\"https:\/\/redfoxlotto.com\/es\/loterias\/la-primitiva\/\",\"name\":\"Consigue boletos para La Primitiva desde cualquier lugar.\",\"isPartOf\":{\"@id\":\"https:\/\/redfoxlotto.com\/es\/#website\"},\"primaryImageOfPage\":{\"@id\":\"https:\/\/redfoxlotto.com\/es\/loterias\/la-primitiva\/#primaryimage\"},\"image\":{\"@id\":\"https:\/\/redfoxlotto.com\/es\/loterias\/la-primitiva\/#primaryimage\"},\"thumbnailUrl\":\"https:\/\/content.redfoxlotto.com\/uploads\/sites\/9\/2_ticket_la_primitiva2.jpg\",\"datePublished\":\"2018-11-18T08:54:25+00:00\",\"dateModified\":\"2023-05-14T10:29:33+00:00\",\"description\":\"No importa donde vivas, puedes conseguir boletos para La Primitiva Lotto\",\"breadcrumb\":{\"@id\":\"https:\/\/redfoxlotto.com\/es\/loterias\/la-primitiva\/#breadcrumb\"},\"inLanguage\":\"es\",\"potentialAction\":[{\"@type\":\"ReadAction\",\"target\":[\"https:\/\/redfoxlotto.com\/es\/loterias\/la-primitiva\/\"]}]},{\"@type\":\"ImageObject\",\"inLanguage\":\"es\",\"@id\":\"https:\/\/redfoxlotto.com\/es\/loterias\/la-primitiva\/#primaryimage\",\"url\":\"https:\/\/content.redfoxlotto.com\/uploads\/sites\/9\/2_ticket_la_primitiva2.jpg\",\"contentUrl\":\"https:\/\/content.redfoxlotto.com\/uploads\/sites\/9\/2_ticket_la_primitiva2.jpg\"},{\"@type\":\"BreadcrumbList\",\"@id\":\"https:\/\/redfoxlotto.com\/es\/loterias\/la-primitiva\/#breadcrumb\",\"itemListElement\":[{\"@type\":\"ListItem\",\"position\":1,\"name\":\"Home\",\"item\":\"https:\/\/redfoxlotto.com\/es\/\"},{\"@type\":\"ListItem\",\"position\":2,\"name\":\"Loter\u00edas mundiales\",\"item\":\"https:\/\/redfoxlotto.com\/es\/loterias\/\"},{\"@type\":\"ListItem\",\"position\":3,\"name\":\"Acerca de conseguir boletos para La Primitiva en l\u00ednea\"}]},{\"@type\":\"WebSite\",\"@id\":\"https:\/\/redfoxlotto.com\/es\/#website\",\"url\":\"https:\/\/redfoxlotto.com\/es\/\",\"name\":\"Get Tickets for the World\u2019s largest jackpots\",\"description\":\"Participate in worldwide lottery jackpots from any country\",\"publisher\":{\"@id\":\"https:\/\/redfoxlotto.com\/es\/#organization\"},\"potentialAction\":[{\"@type\":\"SearchAction\",\"target\":{\"@type\":\"EntryPoint\",\"urlTemplate\":\"https:\/\/redfoxlotto.com\/es\/?s={search_term_string}\"},\"query-input\":{\"@type\":\"PropertyValueSpecification\",\"valueRequired\":true,\"valueName\":\"search_term_string\"}}],\"inLanguage\":\"es\"},{\"@type\":\"Organization\",\"@id\":\"https:\/\/redfoxlotto.com\/es\/#organization\",\"name\":\"Get Tickets for the World\u2019s largest jackpots\",\"url\":\"https:\/\/redfoxlotto.com\/es\/\",\"logo\":{\"@type\":\"ImageObject\",\"inLanguage\":\"es\",\"@id\":\"https:\/\/redfoxlotto.com\/es\/#\/schema\/logo\/image\/\",\"url\":\"https:\/\/redfoxlotto.com\/wp-content\/uploads\/2023\/04\/logo.png\",\"contentUrl\":\"https:\/\/redfoxlotto.com\/wp-content\/uploads\/2023\/04\/logo.png\",\"width\":269,\"height\":53,\"caption\":\"Get Tickets for the World\u2019s largest jackpots\"},\"image\":{\"@id\":\"https:\/\/redfoxlotto.com\/es\/#\/schema\/logo\/image\/\"}}]}<\/script>\n<!-- \/ Yoast SEO plugin. -->","yoast_head_json":{"title":"Consigue boletos para La Primitiva desde cualquier lugar.","description":"No importa donde vivas, puedes conseguir boletos para La Primitiva Lotto","robots":{"index":"index","follow":"follow","max-snippet":"max-snippet:-1","max-image-preview":"max-image-preview:large","max-video-preview":"max-video-preview:-1"},"canonical":"https:\/\/redfoxlotto.com\/es\/loterias\/la-primitiva\/","og_locale":"es_ES","og_type":"article","og_title":"Consigue boletos para La Primitiva desde cualquier lugar.","og_description":"No importa donde vivas, puedes conseguir boletos para La Primitiva Lotto","og_url":"https:\/\/redfoxlotto.com\/es\/loterias\/la-primitiva\/","og_site_name":"Get Tickets for the World\u2019s largest jackpots","article_modified_time":"2023-05-14T10:29:33+00:00","og_image":[{"url":"https:\/\/content.redfoxlotto.com\/uploads\/sites\/9\/2_ticket_la_primitiva2.jpg"}],"twitter_card":"summary_large_image","twitter_misc":{"Tiempo de lectura":"2 minutos"},"schema":{"@context":"https:\/\/schema.org","@graph":[{"@type":"WebPage","@id":"https:\/\/redfoxlotto.com\/es\/loterias\/la-primitiva\/","url":"https:\/\/redfoxlotto.com\/es\/loterias\/la-primitiva\/","name":"Consigue boletos para La Primitiva desde cualquier lugar.","isPartOf":{"@id":"https:\/\/redfoxlotto.com\/es\/#website"},"primaryImageOfPage":{"@id":"https:\/\/redfoxlotto.com\/es\/loterias\/la-primitiva\/#primaryimage"},"image":{"@id":"https:\/\/redfoxlotto.com\/es\/loterias\/la-primitiva\/#primaryimage"},"thumbnailUrl":"https:\/\/content.redfoxlotto.com\/uploads\/sites\/9\/2_ticket_la_primitiva2.jpg","datePublished":"2018-11-18T08:54:25+00:00","dateModified":"2023-05-14T10:29:33+00:00","description":"No importa donde vivas, puedes conseguir boletos para La Primitiva Lotto","breadcrumb":{"@id":"https:\/\/redfoxlotto.com\/es\/loterias\/la-primitiva\/#breadcrumb"},"inLanguage":"es","potentialAction":[{"@type":"ReadAction","target":["https:\/\/redfoxlotto.com\/es\/loterias\/la-primitiva\/"]}]},{"@type":"ImageObject","inLanguage":"es","@id":"https:\/\/redfoxlotto.com\/es\/loterias\/la-primitiva\/#primaryimage","url":"https:\/\/content.redfoxlotto.com\/uploads\/sites\/9\/2_ticket_la_primitiva2.jpg","contentUrl":"https:\/\/content.redfoxlotto.com\/uploads\/sites\/9\/2_ticket_la_primitiva2.jpg"},{"@type":"BreadcrumbList","@id":"https:\/\/redfoxlotto.com\/es\/loterias\/la-primitiva\/#breadcrumb","itemListElement":[{"@type":"ListItem","position":1,"name":"Home","item":"https:\/\/redfoxlotto.com\/es\/"},{"@type":"ListItem","position":2,"name":"Loter\u00edas mundiales","item":"https:\/\/redfoxlotto.com\/es\/loterias\/"},{"@type":"ListItem","position":3,"name":"Acerca de conseguir boletos para La Primitiva en l\u00ednea"}]},{"@type":"WebSite","@id":"https:\/\/redfoxlotto.com\/es\/#website","url":"https:\/\/redfoxlotto.com\/es\/","name":"Get Tickets for the World\u2019s largest jackpots","description":"Participate in worldwide lottery jackpots from any country","publisher":{"@id":"https:\/\/redfoxlotto.com\/es\/#organization"},"potentialAction":[{"@type":"SearchAction","target":{"@type":"EntryPoint","urlTemplate":"https:\/\/redfoxlotto.com\/es\/?s={search_term_string}"},"query-input":{"@type":"PropertyValueSpecification","valueRequired":true,"valueName":"search_term_string"}}],"inLanguage":"es"},{"@type":"Organization","@id":"https:\/\/redfoxlotto.com\/es\/#organization","name":"Get Tickets for the World\u2019s largest jackpots","url":"https:\/\/redfoxlotto.com\/es\/","logo":{"@type":"ImageObject","inLanguage":"es","@id":"https:\/\/redfoxlotto.com\/es\/#\/schema\/logo\/image\/","url":"https:\/\/redfoxlotto.com\/wp-content\/uploads\/2023\/04\/logo.png","contentUrl":"https:\/\/redfoxlotto.com\/wp-content\/uploads\/2023\/04\/logo.png","width":269,"height":53,"caption":"Get Tickets for the World\u2019s largest jackpots"},"image":{"@id":"https:\/\/redfoxlotto.com\/es\/#\/schema\/logo\/image\/"}}]}},"_links":{"self":[{"href":"https:\/\/redfoxlotto.com\/es\/wp-json\/wp\/v2\/pages\/258","targetHints":{"allow":["GET"]}}],"collection":[{"href":"https:\/\/redfoxlotto.com\/es\/wp-json\/wp\/v2\/pages"}],"about":[{"href":"https:\/\/redfoxlotto.com\/es\/wp-json\/wp\/v2\/types\/page"}],"author":[{"embeddable":true,"href":"https:\/\/redfoxlotto.com\/es\/wp-json\/wp\/v2\/users\/1"}],"replies":[{"embeddable":true,"href":"https:\/\/redfoxlotto.com\/es\/wp-json\/wp\/v2\/comments?post=258"}],"version-history":[{"count":0,"href":"https:\/\/redfoxlotto.com\/es\/wp-json\/wp\/v2\/pages\/258\/revisions"}],"up":[{"embeddable":true,"href":"https:\/\/redfoxlotto.com\/es\/wp-json\/wp\/v2\/pages\/219"}],"wp:attachment":[{"href":"https:\/\/redfoxlotto.com\/es\/wp-json\/wp\/v2\/media?parent=258"}],"curies":[{"name":"wp","href":"https:\/\/api.w.org\/{rel}","templated":true}]}}