{"id":257,"date":"2018-11-18T08:54:25","date_gmt":"2018-11-18T08:54:25","guid":{"rendered":"https:\/\/redfoxlotto.com\/?page_id=4329"},"modified":"2018-11-18T08:55:22","modified_gmt":"2018-11-18T08:55:22","slug":"el-gordo-primitiva","status":"publish","type":"page","link":"https:\/\/redfoxlotto.com\/es\/loterias\/el-gordo-primitiva\/","title":{"rendered":"Informaci\u00f3n sobre El Gordo"},"content":{"rendered":"<p>La Loter\u00eda de Navidad espa\u00f1ola es una de las loter\u00edas m\u00e1s antiguas del mundo, ya que existe desde 1812 y se ha organizado todos los a\u00f1os hasta la fecha. La Loter\u00eda de Navidad es la segunda loter\u00eda m\u00e1s larga del mundo en funcionamiento continuo, ya que ha perdurado incluso durante la \u00e9poca de la guerra civil en Espa\u00f1a. <\/p><p><img loading=\"lazy\" decoding=\"async\" class=\" wp-image alignright\" src=\"https:\/\/content.redfoxlotto.com\/uploads\/sites\/9\/1_buy_ticket_lotto_online.jpg\" alt=\"comprar online El Gordo\" width=\"216\" height=\"143\" \/><\/p>\n<p>&gt;<\/p><!--more--><p>Los pa\u00edses no hispanohablantes a menudo asumen que El Gordo es el nombre de la loter\u00eda, el hecho es que El Gordo s\u00f3lo se refiere al premio mayor o literalmente al premio mayor.<\/p><p>La loter\u00eda de Navidad espa\u00f1ola ofrece uno de los <a href=\"https:\/\/redfoxlotto.com\/es\/jugar\/\">mayores premios de loter\u00eda del mundo<\/a>, ya que los jugadores tienen la posibilidad de ganar hasta 2.500 millones de euros en premios, mientras que el premio mayor o El Gordo es de 4 millones de euros. El sorteo tiene lugar una vez al a\u00f1o, cerca del d\u00eda de Navidad, ya que se celebra cada 22 de diciembre.<\/p><p>&lt;img class=&quot;size-full wp-image alignright&quot; src=&quot;https:\/\/content.redfoxlotto.com\/uploads\/sites\/9\/2_ticket_el_gordo.jpg&quot; alt=&quot;Entradas para El Gordo&quot; <\/p><p>Para jugar en la loter\u00eda de Navidad espa\u00f1ola, debe tener 18 a\u00f1os o m\u00e1s y los billetes ya tienen impresas series de 5 n\u00fameros para que, una vez realizado el sorteo, los billetes que contengan los n\u00fameros ganadores sorteados puedan optar a un premio en la loter\u00eda. \u00abEl mayor premio es compartilo\u00bb es un eslogan asociado a la loter\u00eda de Navidad espa\u00f1ola,  y eso es lo que hace que la loter\u00eda sea especial. Las series de boletos a menudo contienen los mismos n\u00fameros de modo que si ese n\u00famero gana entonces el dinero del premio se comparte entre todos los que tienen ese n\u00famero. Durante el sorteo, se sortea una bola que contiene un n\u00famero de 5 d\u00edgitos de un grupo de otros, y cada n\u00famero ganador tiene su premio asociado.<\/p><p>La loter\u00eda de Navidad espa\u00f1ola es ahora m\u00e1s una tradici\u00f3n para los espa\u00f1oles como cada per\u00edodo de Navidad, la loter\u00eda tiende a traer felicidad a la gente de Espa\u00f1a, ya que todos esperan ser ganadores en la famosa Loter\u00eda de Navidad. Las posibilidades de ganar el El Gordo es en realidad alta en comparaci\u00f3n con otras loter\u00edas, ya que se sit\u00faa en 1 en s\u00f3lo 100.000.<\/p>","protected":false},"excerpt":{"rendered":"<p>La Loter\u00eda de Navidad espa\u00f1ola es una de las loter\u00edas m\u00e1s antiguas del mundo, ya que existe desde 1812 y se ha organizado todos los a\u00f1os hasta la fecha. La Loter\u00eda de Navidad es la segunda loter\u00eda m\u00e1s larga del mundo en funcionamiento continuo, ya que ha perdurado incluso durante la \u00e9poca de la guerra [&hellip;]<\/p>\n","protected":false},"author":1,"featured_media":0,"parent":219,"menu_order":6,"comment_status":"closed","ping_status":"closed","template":"el-gordo-info.php","meta":{"_et_pb_use_builder":"","_et_pb_old_content":"","_et_gb_content_width":"","exclude_from_search":false,"footnotes":""},"class_list":["post-257","page","type-page","status-publish","hentry"],"yoast_head":"<!-- This site is optimized with the Yoast SEO plugin v23.8 - https:\/\/yoast.com\/wordpress\/plugins\/seo\/ -->\n<title>Loter\u00eda de Navidad de Espa\u00f1a El Gordo | Lo que debe saber sobre la loter\u00eda de Navidad de Espa\u00f1a.<\/title>\n<meta name=\"description\" content=\"Mira esta informaci\u00f3n sobre El Gordo Loteria de Navidad, la loter\u00eda de Navidad espa\u00f1ola\" \/>\n<meta name=\"robots\" content=\"index, follow, max-snippet:-1, max-image-preview:large, max-video-preview:-1\" \/>\n<link rel=\"canonical\" href=\"https:\/\/redfoxlotto.com\/es\/loterias\/el-gordo-primitiva\/\" \/>\n<meta property=\"og:locale\" content=\"es_ES\" \/>\n<meta property=\"og:type\" content=\"article\" \/>\n<meta property=\"og:title\" content=\"Loter\u00eda de Navidad de Espa\u00f1a El Gordo | Lo que debe saber sobre la loter\u00eda de Navidad de Espa\u00f1a.\" \/>\n<meta property=\"og:description\" content=\"Mira esta informaci\u00f3n sobre El Gordo Loteria de Navidad, la loter\u00eda de Navidad espa\u00f1ola\" \/>\n<meta property=\"og:url\" content=\"https:\/\/redfoxlotto.com\/es\/loterias\/el-gordo-primitiva\/\" \/>\n<meta property=\"og:site_name\" content=\"Get Tickets for the World\u2019s largest jackpots\" \/>\n<meta property=\"article:modified_time\" content=\"2018-11-18T08:55:22+00:00\" \/>\n<meta property=\"og:image\" content=\"https:\/\/content.redfoxlotto.com\/uploads\/sites\/9\/1_buy_ticket_lotto_online.jpg\" \/>\n<meta name=\"twitter:card\" content=\"summary_large_image\" \/>\n<script type=\"application\/ld+json\" class=\"yoast-schema-graph\">{\"@context\":\"https:\/\/schema.org\",\"@graph\":[{\"@type\":\"WebPage\",\"@id\":\"https:\/\/redfoxlotto.com\/es\/loterias\/el-gordo-primitiva\/\",\"url\":\"https:\/\/redfoxlotto.com\/es\/loterias\/el-gordo-primitiva\/\",\"name\":\"Loter\u00eda de Navidad de Espa\u00f1a El Gordo | Lo que debe saber sobre la loter\u00eda de Navidad de Espa\u00f1a.\",\"isPartOf\":{\"@id\":\"https:\/\/redfoxlotto.com\/es\/#website\"},\"primaryImageOfPage\":{\"@id\":\"https:\/\/redfoxlotto.com\/es\/loterias\/el-gordo-primitiva\/#primaryimage\"},\"image\":{\"@id\":\"https:\/\/redfoxlotto.com\/es\/loterias\/el-gordo-primitiva\/#primaryimage\"},\"thumbnailUrl\":\"https:\/\/content.redfoxlotto.com\/uploads\/sites\/9\/1_buy_ticket_lotto_online.jpg\",\"datePublished\":\"2018-11-18T08:54:25+00:00\",\"dateModified\":\"2018-11-18T08:55:22+00:00\",\"description\":\"Mira esta informaci\u00f3n sobre El Gordo Loteria de Navidad, la loter\u00eda de Navidad espa\u00f1ola\",\"breadcrumb\":{\"@id\":\"https:\/\/redfoxlotto.com\/es\/loterias\/el-gordo-primitiva\/#breadcrumb\"},\"inLanguage\":\"es\",\"potentialAction\":[{\"@type\":\"ReadAction\",\"target\":[\"https:\/\/redfoxlotto.com\/es\/loterias\/el-gordo-primitiva\/\"]}]},{\"@type\":\"ImageObject\",\"inLanguage\":\"es\",\"@id\":\"https:\/\/redfoxlotto.com\/es\/loterias\/el-gordo-primitiva\/#primaryimage\",\"url\":\"https:\/\/content.redfoxlotto.com\/uploads\/sites\/9\/1_buy_ticket_lotto_online.jpg\",\"contentUrl\":\"https:\/\/content.redfoxlotto.com\/uploads\/sites\/9\/1_buy_ticket_lotto_online.jpg\"},{\"@type\":\"BreadcrumbList\",\"@id\":\"https:\/\/redfoxlotto.com\/es\/loterias\/el-gordo-primitiva\/#breadcrumb\",\"itemListElement\":[{\"@type\":\"ListItem\",\"position\":1,\"name\":\"Home\",\"item\":\"https:\/\/redfoxlotto.com\/es\/\"},{\"@type\":\"ListItem\",\"position\":2,\"name\":\"Loter\u00edas mundiales\",\"item\":\"https:\/\/redfoxlotto.com\/es\/loterias\/\"},{\"@type\":\"ListItem\",\"position\":3,\"name\":\"Informaci\u00f3n sobre El Gordo\"}]},{\"@type\":\"WebSite\",\"@id\":\"https:\/\/redfoxlotto.com\/es\/#website\",\"url\":\"https:\/\/redfoxlotto.com\/es\/\",\"name\":\"Get Tickets for the World\u2019s largest jackpots\",\"description\":\"Participate in worldwide lottery jackpots from any country\",\"publisher\":{\"@id\":\"https:\/\/redfoxlotto.com\/es\/#organization\"},\"potentialAction\":[{\"@type\":\"SearchAction\",\"target\":{\"@type\":\"EntryPoint\",\"urlTemplate\":\"https:\/\/redfoxlotto.com\/es\/?s={search_term_string}\"},\"query-input\":{\"@type\":\"PropertyValueSpecification\",\"valueRequired\":true,\"valueName\":\"search_term_string\"}}],\"inLanguage\":\"es\"},{\"@type\":\"Organization\",\"@id\":\"https:\/\/redfoxlotto.com\/es\/#organization\",\"name\":\"Get Tickets for the World\u2019s largest jackpots\",\"url\":\"https:\/\/redfoxlotto.com\/es\/\",\"logo\":{\"@type\":\"ImageObject\",\"inLanguage\":\"es\",\"@id\":\"https:\/\/redfoxlotto.com\/es\/#\/schema\/logo\/image\/\",\"url\":\"https:\/\/redfoxlotto.com\/wp-content\/uploads\/2023\/04\/logo.png\",\"contentUrl\":\"https:\/\/redfoxlotto.com\/wp-content\/uploads\/2023\/04\/logo.png\",\"width\":269,\"height\":53,\"caption\":\"Get Tickets for the World\u2019s largest jackpots\"},\"image\":{\"@id\":\"https:\/\/redfoxlotto.com\/es\/#\/schema\/logo\/image\/\"}}]}<\/script>\n<!-- \/ Yoast SEO plugin. -->","yoast_head_json":{"title":"Loter\u00eda de Navidad de Espa\u00f1a El Gordo | Lo que debe saber sobre la loter\u00eda de Navidad de Espa\u00f1a.","description":"Mira esta informaci\u00f3n sobre El Gordo Loteria de Navidad, la loter\u00eda de Navidad espa\u00f1ola","robots":{"index":"index","follow":"follow","max-snippet":"max-snippet:-1","max-image-preview":"max-image-preview:large","max-video-preview":"max-video-preview:-1"},"canonical":"https:\/\/redfoxlotto.com\/es\/loterias\/el-gordo-primitiva\/","og_locale":"es_ES","og_type":"article","og_title":"Loter\u00eda de Navidad de Espa\u00f1a El Gordo | Lo que debe saber sobre la loter\u00eda de Navidad de Espa\u00f1a.","og_description":"Mira esta informaci\u00f3n sobre El Gordo Loteria de Navidad, la loter\u00eda de Navidad espa\u00f1ola","og_url":"https:\/\/redfoxlotto.com\/es\/loterias\/el-gordo-primitiva\/","og_site_name":"Get Tickets for the World\u2019s largest jackpots","article_modified_time":"2018-11-18T08:55:22+00:00","og_image":[{"url":"https:\/\/content.redfoxlotto.com\/uploads\/sites\/9\/1_buy_ticket_lotto_online.jpg"}],"twitter_card":"summary_large_image","schema":{"@context":"https:\/\/schema.org","@graph":[{"@type":"WebPage","@id":"https:\/\/redfoxlotto.com\/es\/loterias\/el-gordo-primitiva\/","url":"https:\/\/redfoxlotto.com\/es\/loterias\/el-gordo-primitiva\/","name":"Loter\u00eda de Navidad de Espa\u00f1a El Gordo | Lo que debe saber sobre la loter\u00eda de Navidad de Espa\u00f1a.","isPartOf":{"@id":"https:\/\/redfoxlotto.com\/es\/#website"},"primaryImageOfPage":{"@id":"https:\/\/redfoxlotto.com\/es\/loterias\/el-gordo-primitiva\/#primaryimage"},"image":{"@id":"https:\/\/redfoxlotto.com\/es\/loterias\/el-gordo-primitiva\/#primaryimage"},"thumbnailUrl":"https:\/\/content.redfoxlotto.com\/uploads\/sites\/9\/1_buy_ticket_lotto_online.jpg","datePublished":"2018-11-18T08:54:25+00:00","dateModified":"2018-11-18T08:55:22+00:00","description":"Mira esta informaci\u00f3n sobre El Gordo Loteria de Navidad, la loter\u00eda de Navidad espa\u00f1ola","breadcrumb":{"@id":"https:\/\/redfoxlotto.com\/es\/loterias\/el-gordo-primitiva\/#breadcrumb"},"inLanguage":"es","potentialAction":[{"@type":"ReadAction","target":["https:\/\/redfoxlotto.com\/es\/loterias\/el-gordo-primitiva\/"]}]},{"@type":"ImageObject","inLanguage":"es","@id":"https:\/\/redfoxlotto.com\/es\/loterias\/el-gordo-primitiva\/#primaryimage","url":"https:\/\/content.redfoxlotto.com\/uploads\/sites\/9\/1_buy_ticket_lotto_online.jpg","contentUrl":"https:\/\/content.redfoxlotto.com\/uploads\/sites\/9\/1_buy_ticket_lotto_online.jpg"},{"@type":"BreadcrumbList","@id":"https:\/\/redfoxlotto.com\/es\/loterias\/el-gordo-primitiva\/#breadcrumb","itemListElement":[{"@type":"ListItem","position":1,"name":"Home","item":"https:\/\/redfoxlotto.com\/es\/"},{"@type":"ListItem","position":2,"name":"Loter\u00edas mundiales","item":"https:\/\/redfoxlotto.com\/es\/loterias\/"},{"@type":"ListItem","position":3,"name":"Informaci\u00f3n sobre El Gordo"}]},{"@type":"WebSite","@id":"https:\/\/redfoxlotto.com\/es\/#website","url":"https:\/\/redfoxlotto.com\/es\/","name":"Get Tickets for the World\u2019s largest jackpots","description":"Participate in worldwide lottery jackpots from any country","publisher":{"@id":"https:\/\/redfoxlotto.com\/es\/#organization"},"potentialAction":[{"@type":"SearchAction","target":{"@type":"EntryPoint","urlTemplate":"https:\/\/redfoxlotto.com\/es\/?s={search_term_string}"},"query-input":{"@type":"PropertyValueSpecification","valueRequired":true,"valueName":"search_term_string"}}],"inLanguage":"es"},{"@type":"Organization","@id":"https:\/\/redfoxlotto.com\/es\/#organization","name":"Get Tickets for the World\u2019s largest jackpots","url":"https:\/\/redfoxlotto.com\/es\/","logo":{"@type":"ImageObject","inLanguage":"es","@id":"https:\/\/redfoxlotto.com\/es\/#\/schema\/logo\/image\/","url":"https:\/\/redfoxlotto.com\/wp-content\/uploads\/2023\/04\/logo.png","contentUrl":"https:\/\/redfoxlotto.com\/wp-content\/uploads\/2023\/04\/logo.png","width":269,"height":53,"caption":"Get Tickets for the World\u2019s largest jackpots"},"image":{"@id":"https:\/\/redfoxlotto.com\/es\/#\/schema\/logo\/image\/"}}]}},"_links":{"self":[{"href":"https:\/\/redfoxlotto.com\/es\/wp-json\/wp\/v2\/pages\/257","targetHints":{"allow":["GET"]}}],"collection":[{"href":"https:\/\/redfoxlotto.com\/es\/wp-json\/wp\/v2\/pages"}],"about":[{"href":"https:\/\/redfoxlotto.com\/es\/wp-json\/wp\/v2\/types\/page"}],"author":[{"embeddable":true,"href":"https:\/\/redfoxlotto.com\/es\/wp-json\/wp\/v2\/users\/1"}],"replies":[{"embeddable":true,"href":"https:\/\/redfoxlotto.com\/es\/wp-json\/wp\/v2\/comments?post=257"}],"version-history":[{"count":0,"href":"https:\/\/redfoxlotto.com\/es\/wp-json\/wp\/v2\/pages\/257\/revisions"}],"up":[{"embeddable":true,"href":"https:\/\/redfoxlotto.com\/es\/wp-json\/wp\/v2\/pages\/219"}],"wp:attachment":[{"href":"https:\/\/redfoxlotto.com\/es\/wp-json\/wp\/v2\/media?parent=257"}],"curies":[{"name":"wp","href":"https:\/\/api.w.org\/{rel}","templated":true}]}}