{"id":240,"date":"2023-04-24T17:37:44","date_gmt":"2023-04-24T17:37:44","guid":{"rendered":"https:\/\/redfoxlotto.com\/?page_id=2208"},"modified":"2025-12-17T11:23:52","modified_gmt":"2025-12-17T11:23:52","slug":"mega-millions","status":"publish","type":"page","link":"https:\/\/redfoxlotto.com\/es\/jugar\/mega-millions\/","title":{"rendered":"Jugar Mega Millions"},"content":{"rendered":"<p><script type=\"application\/ld+json\">\n{\n  \"@context\": \"https:\/\/schema.org\",\n  \"@type\": \"Service\",\n  \"name\": \"Jugar Mega Millions online\",\n  \"url\": \"https:\/\/redfoxlotto.com\/es\/jugar\/mega-millions\/\",\n  \"description\": \"Juega a la loter\u00eda Mega Millions online desde cualquier pa\u00eds. Visita RedFoxLotto, elige tus n\u00fameros y recibe tus boletos.\",\n  \"serviceType\": \"Servicio online de mensajer\u00eda de boletos de loter\u00eda\",\n  \"provider\": {\n    \"@type\": \"Organization\",\n    \"name\": \"RedFoxLotto\",\n    \"url\": \"https:\/\/redfoxlotto.com\/es\/jugar\/mega-millions\/\",\n    \"image\": \"https:\/\/redfoxlotto.com\/wp-content\/uploads\/2025\/12\/ticket_scans.jpg\",\n    \"sameAs\": []\n  },\n  \"areaServed\": \"Worldwide\",\n  \"termsOfService\": \"https:\/\/redfoxlotto.com\/terms-and-conditions\",\n  \"additionalProperty\": {\n    \"@type\": \"PropertyValue\",\n    \"name\": \"FAQ\",\n    \"value\": \"https:\/\/redfoxlotto.com\/es\/faq\/\"\n  },\n  \"hasOfferCatalog\": {\n    \"@type\": \"OfferCatalog\",\n    \"name\": \"Boletos de loter\u00eda Mega Millions\",\n    \"itemListElement\": [\n      {\n        \"@type\": \"Offer\",\n        \"name\": \"Boletos Mega Millions\",\n        \"url\": \"https:\/\/redfoxlotto.com\/es\/jugar\/mega-millions\/\",\n        \"description\": \"Selecciona tus n\u00fameros para el pr\u00f3ximo sorteo de Mega Millions y compra tus boletos online.\",\n        \"price\": \"13.00\",\n        \"priceCurrency\": \"EUR\",\n        \"availability\": \"https:\/\/schema.org\/InStock\",\n        \"itemOffered\": {\n          \"@type\": \"Service\",\n          \"name\": \"Boletos Mega Millions\",\n          \"description\": \"Participa en el pr\u00f3ximo sorteo de Mega Millions a trav\u00e9s de RedFoxLotto.\"\n        }\n      }\n    ]\n  },\n  \"mainEntityOfPage\": {\n    \"@type\": \"WebPage\",\n    \"@id\": \"https:\/\/redfoxlotto.com\/es\/jugar\/mega-millions\/\"\n  }\n}\n<\/script><\/p>\n<p>\u00a1No tienes que viajar a los EE.UU. para jugar a la loter\u00eda Mega Millions! \u00bfAlguna vez has querido jugar a esta loter\u00eda tan popular, pero no sab\u00edas c\u00f3mo hacerlo? Tal vez viste los n\u00fameros que se sortean para este juego y viste los enormes botes disponibles y te interes\u00f3 mucho jugar, pero pensaste que s\u00f3lo era posible para la gente de los Estados Unidos.<\/p>\n<p>Pero ese no es el caso en absoluto. <strong>Tambi\u00e9n puedes jugar a Mega Millions de Espa\u00f1a.<\/strong><!--more--><\/p>\n<h2>C\u00f3mo jugar a Mega Millions<\/h2>\n<p>La forma en que funciona es que compramos sus boletos con nuestro servicio en los EE.UU., para que pueda jugar a Mega Millions desde Espa\u00f1a en l\u00ednea. Puede pedir todos los boletos en nuestra p\u00e1gina web. Todo lo que tienes que hacer es seleccionar los n\u00fameros que quieres y el n\u00famero de boletos que quieres. Por supuesto, tambi\u00e9n puedes <a href=\"https:\/\/redfoxlotto.com\/pt\/jogar\/\">jugar a otras loter\u00edas internacionales<\/a> desde Espa\u00f1a. S\u00f3lo echa un vistazo a nuestra p\u00e1gina web.<\/p>\n<p><img loading=\"lazy\" decoding=\"async\" class=\" wp-image alignright\" src=\"https:\/\/content.redfoxlotto.com\/uploads\/sites\/9\/1_play_mega_millions_jackpot.jpg\" alt=\"jugar Mega Millions en l\u00ednea\" width=\"202\" height=\"204\" \/>Despu\u00e9s de la compra de su billete de loter\u00eda en l\u00ednea, uno de nuestros agentes en los EE.UU. compra los billetes (con los n\u00fameros que ha marcado). A continuaci\u00f3n, recibir\u00e1 un correo electr\u00f3nico de nosotros para confirmar su compra. Tambi\u00e9n nos encargamos del pago de sus ganancias. Es realmente as\u00ed de f\u00e1cil para ti conseguir un billete de loter\u00eda de Mega Millions. Puede encontrar m\u00e1s detalles sobre nuestro servicio en nuestra secci\u00f3n de preguntas frecuentes.<\/p>\n<h2>Reglas de la loter\u00eda Mega Millions<\/h2>\n<p>Si quieres jugar a Mega Millions, deber\u00edas saber cu\u00e1les son las reglas, \u00bfverdad? Bueno, eso no es muy dif\u00edcil. Los jugadores eligen cinco n\u00fameros entre el 1 y el 70 y un n\u00famero adicional del 1 al 25, lo que significa que hay un total de 6 bolas diferentes en el sorteo para las que hay que elegir los n\u00fameros.<\/p>\n<p>Para ganar el premio gordo, los seis n\u00fameros deben ser elegidos correctamente. Para cinco n\u00fameros principales correctos, el premio es de un mill\u00f3n de d\u00f3lares. As\u00ed que tendr\u00e1s un buen pago aunque no hayas tecleado la mega pelota correctamente.<\/p>\n<h2>El premio gordo de los mega millones<\/h2>\n<p>La loter\u00eda Mega Millions es conocida por el r\u00e1pido aumento de sus botes. Una raz\u00f3n para esto es que cientos de millones de billetes de loter\u00eda se venden en los EE.UU. cada semana. Pero el premio gordo a menudo no se gana durante semanas. Mejor a\u00fan es que el premio gordo siempre empieza con al menos 40 millones de d\u00f3lares. Normalmente aumenta lentamente, unos 10-15 millones de d\u00f3lares por sorteo (hay dos sorteos por semana). Por cierto, indicamos la cantidad de todos los botes en euros.<\/p>\n<p><img loading=\"lazy\" decoding=\"async\" class=\" wp-image\" src=\"https:\/\/content.redfoxlotto.com\/uploads\/sites\/9\/2_ticket_mega_millions.jpg\" alt=\"mega millions desde Espana\" width=\"173\" height=\"185\" \/><\/p>\n<p>Si nadie gana el premio del nivel superior, se alcanza r\u00e1pidamente la cantidad de 100 millones de d\u00f3lares. Una vez que se supera este umbral, se venden m\u00e1s boletos de lo habitual. El n\u00famero de jugadores en l\u00ednea de pa\u00edses como Espa\u00f1a tambi\u00e9n aumentar\u00e1 bruscamente. El premio gordo comienza a \u00abexplotar\u00bb. Los aumentos de 200 a 500 millones en una semana son bastante normales.<\/p>\n<p>Y si el premio gordo no se ha ganado en 10 semanas, superar\u00e1 incluso la cantidad de 1.000 millones de d\u00f3lares, lo que ocurri\u00f3 por \u00faltima vez el 19.10.2018. El premio gordo fue finalmente ganado por un solo ganador el 23.10.2018; en ese momento, el premio gordo totalizaba casi 1.600 millones de d\u00f3lares.<\/p>\n<p>Siempre que el tama\u00f1o del premio mayor sea sustancial, deber\u00eda considerar ordenar su boleto para participar en varios sorteos consecutivos. De esta manera puedes asegurarte de que tambi\u00e9n participas en el juego para los siguientes botes, incluso m\u00e1s altos. Y tambi\u00e9n tienes un peque\u00f1o descuento.<\/p>\n<p>Es importante mencionar que los ganadores del premio mayor en los EE.UU. pueden elegir entre dos opciones. O bien elige recibir la cantidad total en 30 pagos anuales (con un incremento anual ajustado por inflaci\u00f3n del 5%) o decide recibir un pago \u00fanico inmediato. Este pago ser\u00eda menor que el monto total del premio mayor, pero el ganador no tiene que preocuparse por recibir estos pagos cada a\u00f1o.<\/p>\n<h2>\u00bfEste servicio es legal para los jugadores de Espa\u00f1a?<\/h2>\n<p>Si est\u00e1 considerando la posibilidad de hacer una loter\u00eda en l\u00ednea, puede que se pregunte si puede hacer lo mismo si no vive en los Estados Unidos. Mucha gente cree que tiene que vivir en el pa\u00eds donde se hace la loter\u00eda para poder jugar. Sin embargo, esto es 100% legal para los jugadores de todos los pa\u00edses, incluyendo Espa\u00f1a.<\/p>\n<p>B\u00e1sicamente, es como comprar un billete para Mega Millions durante una estancia en los EE.UU. Como los billetes de loter\u00eda pueden ser vendidos en los EE.UU. a cualquier persona mayor de 18 a\u00f1os, los extranjeros tambi\u00e9n pueden ganar legalmente. Al final, todo lo que importa es que tienes tu boleto. Adem\u00e1s, tambi\u00e9n nos aseguramos de que se le pague lo que ha ganado. Para ganancias m\u00e1s grandes (m\u00e1s de 2500 euros), normalmente recibir\u00e1 un cheque o una transferencia bancaria de la compa\u00f1\u00eda de loter\u00eda.<\/p>\n<p>Para las ganancias m\u00e1s peque\u00f1as, puede recuperar f\u00e1cilmente sus ganancias directamente de nuestro sitio web y mantenerlas en su cuenta para comprar billetes adicionales en una fecha posterior. Tambi\u00e9n puede retirarlo a su cuenta bancaria en Espa\u00f1a. Por supuesto, no son los peque\u00f1os precios los que le interesan.<\/p>\n<p>Sin embargo, si usted gana el premio gordo jugando en l\u00ednea Mega Millions de Espa\u00f1a, tendr\u00e1 que viajar a los EE.UU. donde su cheque se le entregar\u00e1 en persona. \u00a1Seguramente comenzar\u00edas este viaje con alegr\u00eda y entusiasmo! A los responsables de la loter\u00eda en EE.UU. les encanta dar un gran espect\u00e1culo con la(s) persona(s) que ganan el premio gordo.<\/p>\n<p>Eso significa que te dar\u00e1n un gran cheque y tomar\u00e1n muchas fotos y las mostrar\u00e1n en la televisi\u00f3n, pero si recibes millones (o incluso m\u00e1s de mil millones) de d\u00f3lares, eso no ser\u00e1 un problema, \u00bfverdad?<\/p>\n<p><strong>\u00bfEl <a href=\"https:\/\/redfoxlotto.com\/es\/cual-es-el-tamano-de-los-botes-de-powerball-y-mega-millions-hoy-en-dia\/\">pr\u00f3ximo Mega Millions Jackpot<\/a> est\u00e1 reservado para ti? Pruebe su suerte ahora &#8211; no puede ganar si no compra un billete!<\/strong><\/p>\n","protected":false},"excerpt":{"rendered":"<p>\u00a1No tienes que viajar a los EE.UU. para jugar a la loter\u00eda Mega Millions! \u00bfAlguna vez has querido jugar a esta loter\u00eda tan popular, pero no sab\u00edas c\u00f3mo hacerlo? Tal vez viste los n\u00fameros que se sortean para este juego y viste los enormes botes disponibles y te interes\u00f3 mucho jugar, pero pensaste que s\u00f3lo [&hellip;]<\/p>\n","protected":false},"author":1,"featured_media":0,"parent":237,"menu_order":2,"comment_status":"closed","ping_status":"closed","template":"megamillion.php","meta":{"_et_pb_use_builder":"","_et_pb_old_content":"","_et_gb_content_width":"","exclude_from_search":false,"footnotes":""},"class_list":["post-240","page","type-page","status-publish","hentry"],"yoast_head":"<!-- This site is optimized with the Yoast SEO plugin v23.8 - https:\/\/yoast.com\/wordpress\/plugins\/seo\/ -->\n<title>Jugar Mega Millions en linea desde Espana<\/title>\n<meta name=\"description\" content=\"Ordene su boleto de Mega Millions aqu\u00ed - \u00a1jugar desde el Espana o cualquier otro pa\u00eds!\" \/>\n<meta name=\"robots\" content=\"index, follow, max-snippet:-1, max-image-preview:large, max-video-preview:-1\" \/>\n<link rel=\"canonical\" href=\"https:\/\/redfoxlotto.com\/es\/jugar\/mega-millions\/\" \/>\n<meta property=\"og:locale\" content=\"es_ES\" \/>\n<meta property=\"og:type\" content=\"article\" \/>\n<meta property=\"og:title\" content=\"Jugar Mega Millions en linea desde Espana\" \/>\n<meta property=\"og:description\" content=\"Ordene su boleto de Mega Millions aqu\u00ed - \u00a1jugar desde el Espana o cualquier otro pa\u00eds!\" \/>\n<meta property=\"og:url\" content=\"https:\/\/redfoxlotto.com\/es\/jugar\/mega-millions\/\" \/>\n<meta property=\"og:site_name\" content=\"Get Tickets for the World\u2019s largest jackpots\" \/>\n<meta property=\"article:modified_time\" content=\"2025-12-17T11:23:52+00:00\" \/>\n<meta property=\"og:image\" content=\"https:\/\/content.redfoxlotto.com\/uploads\/sites\/9\/1_play_mega_millions_jackpot.jpg\" \/>\n<meta name=\"twitter:card\" content=\"summary_large_image\" \/>\n<meta name=\"twitter:label1\" content=\"Tiempo de lectura\" \/>\n\t<meta name=\"twitter:data1\" content=\"5 minutos\" \/>\n<script type=\"application\/ld+json\" class=\"yoast-schema-graph\">{\"@context\":\"https:\/\/schema.org\",\"@graph\":[{\"@type\":\"WebPage\",\"@id\":\"https:\/\/redfoxlotto.com\/es\/jugar\/mega-millions\/\",\"url\":\"https:\/\/redfoxlotto.com\/es\/jugar\/mega-millions\/\",\"name\":\"Jugar Mega Millions en linea desde Espana\",\"isPartOf\":{\"@id\":\"https:\/\/redfoxlotto.com\/es\/#website\"},\"primaryImageOfPage\":{\"@id\":\"https:\/\/redfoxlotto.com\/es\/jugar\/mega-millions\/#primaryimage\"},\"image\":{\"@id\":\"https:\/\/redfoxlotto.com\/es\/jugar\/mega-millions\/#primaryimage\"},\"thumbnailUrl\":\"https:\/\/content.redfoxlotto.com\/uploads\/sites\/9\/1_play_mega_millions_jackpot.jpg\",\"datePublished\":\"2023-04-24T17:37:44+00:00\",\"dateModified\":\"2025-12-17T11:23:52+00:00\",\"description\":\"Ordene su boleto de Mega Millions aqu\u00ed - \u00a1jugar desde el Espana o cualquier otro pa\u00eds!\",\"breadcrumb\":{\"@id\":\"https:\/\/redfoxlotto.com\/es\/jugar\/mega-millions\/#breadcrumb\"},\"inLanguage\":\"es\",\"potentialAction\":[{\"@type\":\"ReadAction\",\"target\":[\"https:\/\/redfoxlotto.com\/es\/jugar\/mega-millions\/\"]}]},{\"@type\":\"ImageObject\",\"inLanguage\":\"es\",\"@id\":\"https:\/\/redfoxlotto.com\/es\/jugar\/mega-millions\/#primaryimage\",\"url\":\"https:\/\/content.redfoxlotto.com\/uploads\/sites\/9\/1_play_mega_millions_jackpot.jpg\",\"contentUrl\":\"https:\/\/content.redfoxlotto.com\/uploads\/sites\/9\/1_play_mega_millions_jackpot.jpg\"},{\"@type\":\"BreadcrumbList\",\"@id\":\"https:\/\/redfoxlotto.com\/es\/jugar\/mega-millions\/#breadcrumb\",\"itemListElement\":[{\"@type\":\"ListItem\",\"position\":1,\"name\":\"Home\",\"item\":\"https:\/\/redfoxlotto.com\/es\/\"},{\"@type\":\"ListItem\",\"position\":2,\"name\":\"Jugar loter\u00edas mundiales\",\"item\":\"https:\/\/redfoxlotto.com\/es\/jugar\/\"},{\"@type\":\"ListItem\",\"position\":3,\"name\":\"Jugar Mega Millions\"}]},{\"@type\":\"WebSite\",\"@id\":\"https:\/\/redfoxlotto.com\/es\/#website\",\"url\":\"https:\/\/redfoxlotto.com\/es\/\",\"name\":\"Get Tickets for the World\u2019s largest jackpots\",\"description\":\"Participate in worldwide lottery jackpots from any country\",\"publisher\":{\"@id\":\"https:\/\/redfoxlotto.com\/es\/#organization\"},\"potentialAction\":[{\"@type\":\"SearchAction\",\"target\":{\"@type\":\"EntryPoint\",\"urlTemplate\":\"https:\/\/redfoxlotto.com\/es\/?s={search_term_string}\"},\"query-input\":{\"@type\":\"PropertyValueSpecification\",\"valueRequired\":true,\"valueName\":\"search_term_string\"}}],\"inLanguage\":\"es\"},{\"@type\":\"Organization\",\"@id\":\"https:\/\/redfoxlotto.com\/es\/#organization\",\"name\":\"Get Tickets for the World\u2019s largest jackpots\",\"url\":\"https:\/\/redfoxlotto.com\/es\/\",\"logo\":{\"@type\":\"ImageObject\",\"inLanguage\":\"es\",\"@id\":\"https:\/\/redfoxlotto.com\/es\/#\/schema\/logo\/image\/\",\"url\":\"https:\/\/redfoxlotto.com\/wp-content\/uploads\/2023\/04\/logo.png\",\"contentUrl\":\"https:\/\/redfoxlotto.com\/wp-content\/uploads\/2023\/04\/logo.png\",\"width\":269,\"height\":53,\"caption\":\"Get Tickets for the World\u2019s largest jackpots\"},\"image\":{\"@id\":\"https:\/\/redfoxlotto.com\/es\/#\/schema\/logo\/image\/\"}}]}<\/script>\n<!-- \/ Yoast SEO plugin. -->","yoast_head_json":{"title":"Jugar Mega Millions en linea desde Espana","description":"Ordene su boleto de Mega Millions aqu\u00ed - \u00a1jugar desde el Espana o cualquier otro pa\u00eds!","robots":{"index":"index","follow":"follow","max-snippet":"max-snippet:-1","max-image-preview":"max-image-preview:large","max-video-preview":"max-video-preview:-1"},"canonical":"https:\/\/redfoxlotto.com\/es\/jugar\/mega-millions\/","og_locale":"es_ES","og_type":"article","og_title":"Jugar Mega Millions en linea desde Espana","og_description":"Ordene su boleto de Mega Millions aqu\u00ed - \u00a1jugar desde el Espana o cualquier otro pa\u00eds!","og_url":"https:\/\/redfoxlotto.com\/es\/jugar\/mega-millions\/","og_site_name":"Get Tickets for the World\u2019s largest jackpots","article_modified_time":"2025-12-17T11:23:52+00:00","og_image":[{"url":"https:\/\/content.redfoxlotto.com\/uploads\/sites\/9\/1_play_mega_millions_jackpot.jpg"}],"twitter_card":"summary_large_image","twitter_misc":{"Tiempo de lectura":"5 minutos"},"schema":{"@context":"https:\/\/schema.org","@graph":[{"@type":"WebPage","@id":"https:\/\/redfoxlotto.com\/es\/jugar\/mega-millions\/","url":"https:\/\/redfoxlotto.com\/es\/jugar\/mega-millions\/","name":"Jugar Mega Millions en linea desde Espana","isPartOf":{"@id":"https:\/\/redfoxlotto.com\/es\/#website"},"primaryImageOfPage":{"@id":"https:\/\/redfoxlotto.com\/es\/jugar\/mega-millions\/#primaryimage"},"image":{"@id":"https:\/\/redfoxlotto.com\/es\/jugar\/mega-millions\/#primaryimage"},"thumbnailUrl":"https:\/\/content.redfoxlotto.com\/uploads\/sites\/9\/1_play_mega_millions_jackpot.jpg","datePublished":"2023-04-24T17:37:44+00:00","dateModified":"2025-12-17T11:23:52+00:00","description":"Ordene su boleto de Mega Millions aqu\u00ed - \u00a1jugar desde el Espana o cualquier otro pa\u00eds!","breadcrumb":{"@id":"https:\/\/redfoxlotto.com\/es\/jugar\/mega-millions\/#breadcrumb"},"inLanguage":"es","potentialAction":[{"@type":"ReadAction","target":["https:\/\/redfoxlotto.com\/es\/jugar\/mega-millions\/"]}]},{"@type":"ImageObject","inLanguage":"es","@id":"https:\/\/redfoxlotto.com\/es\/jugar\/mega-millions\/#primaryimage","url":"https:\/\/content.redfoxlotto.com\/uploads\/sites\/9\/1_play_mega_millions_jackpot.jpg","contentUrl":"https:\/\/content.redfoxlotto.com\/uploads\/sites\/9\/1_play_mega_millions_jackpot.jpg"},{"@type":"BreadcrumbList","@id":"https:\/\/redfoxlotto.com\/es\/jugar\/mega-millions\/#breadcrumb","itemListElement":[{"@type":"ListItem","position":1,"name":"Home","item":"https:\/\/redfoxlotto.com\/es\/"},{"@type":"ListItem","position":2,"name":"Jugar loter\u00edas mundiales","item":"https:\/\/redfoxlotto.com\/es\/jugar\/"},{"@type":"ListItem","position":3,"name":"Jugar Mega Millions"}]},{"@type":"WebSite","@id":"https:\/\/redfoxlotto.com\/es\/#website","url":"https:\/\/redfoxlotto.com\/es\/","name":"Get Tickets for the World\u2019s largest jackpots","description":"Participate in worldwide lottery jackpots from any country","publisher":{"@id":"https:\/\/redfoxlotto.com\/es\/#organization"},"potentialAction":[{"@type":"SearchAction","target":{"@type":"EntryPoint","urlTemplate":"https:\/\/redfoxlotto.com\/es\/?s={search_term_string}"},"query-input":{"@type":"PropertyValueSpecification","valueRequired":true,"valueName":"search_term_string"}}],"inLanguage":"es"},{"@type":"Organization","@id":"https:\/\/redfoxlotto.com\/es\/#organization","name":"Get Tickets for the World\u2019s largest jackpots","url":"https:\/\/redfoxlotto.com\/es\/","logo":{"@type":"ImageObject","inLanguage":"es","@id":"https:\/\/redfoxlotto.com\/es\/#\/schema\/logo\/image\/","url":"https:\/\/redfoxlotto.com\/wp-content\/uploads\/2023\/04\/logo.png","contentUrl":"https:\/\/redfoxlotto.com\/wp-content\/uploads\/2023\/04\/logo.png","width":269,"height":53,"caption":"Get Tickets for the World\u2019s largest jackpots"},"image":{"@id":"https:\/\/redfoxlotto.com\/es\/#\/schema\/logo\/image\/"}}]}},"_links":{"self":[{"href":"https:\/\/redfoxlotto.com\/es\/wp-json\/wp\/v2\/pages\/240","targetHints":{"allow":["GET"]}}],"collection":[{"href":"https:\/\/redfoxlotto.com\/es\/wp-json\/wp\/v2\/pages"}],"about":[{"href":"https:\/\/redfoxlotto.com\/es\/wp-json\/wp\/v2\/types\/page"}],"author":[{"embeddable":true,"href":"https:\/\/redfoxlotto.com\/es\/wp-json\/wp\/v2\/users\/1"}],"replies":[{"embeddable":true,"href":"https:\/\/redfoxlotto.com\/es\/wp-json\/wp\/v2\/comments?post=240"}],"version-history":[{"count":0,"href":"https:\/\/redfoxlotto.com\/es\/wp-json\/wp\/v2\/pages\/240\/revisions"}],"up":[{"embeddable":true,"href":"https:\/\/redfoxlotto.com\/es\/wp-json\/wp\/v2\/pages\/237"}],"wp:attachment":[{"href":"https:\/\/redfoxlotto.com\/es\/wp-json\/wp\/v2\/media?parent=240"}],"curies":[{"name":"wp","href":"https:\/\/api.w.org\/{rel}","templated":true}]}}