{"id":239,"date":"2022-10-26T09:30:02","date_gmt":"2022-10-26T09:30:02","guid":{"rendered":"https:\/\/redfoxlotto.com\/?page_id=2206"},"modified":"2025-12-17T08:16:16","modified_gmt":"2025-12-17T08:16:16","slug":"euromillions","status":"publish","type":"page","link":"https:\/\/redfoxlotto.com\/es\/jugar\/euromillions\/","title":{"rendered":"Jugar a Euromillions"},"content":{"rendered":"<p><script type=\"application\/ld+json\">\n{\n  \"@context\": \"https:\/\/schema.org\",\n  \"@type\": \"Service\",\n  \"name\": \"Juega Euromillions Online\",\n  \"url\": \"https:\/\/redfoxlotto.com\/es\/jugar\/euromillions\/\",\n  \"description\": \"Juega a la loter\u00eda Euromillions online desde cualquier pa\u00eds. Visita RedFoxLotto, elige tus n\u00fameros y consigue tus boletos.\",\n  \"serviceType\": \"Online lottery ticket messenger service\",\n  \"provider\": {\n    \"@type\": \"Organization\",\n    \"name\": \"RedFoxLotto\",\n    \"url\": \"https:\/\/redfoxlotto.com\/es\/\",\n    \"image\": \"https:\/\/redfoxlotto.com\/wp-content\/uploads\/2025\/12\/ticket_scans.jpg\",\n    \"sameAs\": []\n  },\n  \"areaServed\": \"Worldwide\",\n  \"termsOfService\": \"https:\/\/redfoxlotto.com\/terms-and-conditions\",\n  \"additionalProperty\": {\n    \"@type\": \"PropertyValue\",\n    \"name\": \"FAQ\",\n    \"value\": \"https:\/\/redfoxlotto.com\/es\/faq\/\"\n  },\n  \"hasOfferCatalog\": {\n    \"@type\": \"OfferCatalog\",\n    \"name\": \"Boletos Euromillions\",\n    \"itemListElement\": [\n      {\n        \"@type\": \"Offer\",\n        \"name\": \"Boletos Euromillions\",\n        \"url\": \"https:\/\/redfoxlotto.com\/es\/jugar\/euromillions\/\",\n        \"description\": \"Haz clic aqu\u00ed para seleccionar tus n\u00fameros para el pr\u00f3ximo sorteo de Euromillions \u2013 pide tus boletos online.\",\n        \"price\": \"7.00\",\n        \"priceCurrency\": \"EUR\",\n        \"availability\": \"https:\/\/schema.org\/InStock\",\n        \"itemOffered\": {\n          \"@type\": \"Service\",\n          \"name\": \"Boletos Euromillions\",\n          \"description\": \"Juega en el pr\u00f3ximo sorteo de Euromillions a trav\u00e9s de RedFoxLotto.\"\n        }\n      }\n    ]\n  },\n  \"mainEntityOfPage\": {\n    \"@type\": \"WebPage\",\n    \"@id\": \"https:\/\/redfoxlotto.com\/es\/jugar\/euromillions\/\"\n  }\n}\n<\/script><\/p>\n<p>\u00bfHas o\u00eddo hablar de EuroMillions? Si vives en un pa\u00eds europeo, entonces definitivamente. Pero si vives en otro pa\u00eds del mundo, entonces tal vez no. As\u00ed que vamos a ver un poco m\u00e1s de cerca c\u00f3mo jugar a EuroMillions en l\u00ednea, \u00bfde acuerdo?<\/p>\n<p><!--more--><\/p>\n<p><strong>Euromillions es una <a href=\"https:\/\/redfoxlotto.com\/es\">loter\u00eda internacional<\/a> que se puede jugar en nueve pa\u00edses europeos.<\/strong> Los boletos para la loter\u00eda Euromillions, sin embargo, no se pueden comprar en Argentina, y tampoco en otros pa\u00edses que no sean europeos.<\/p>\n<p>Definitivamente querr\u00e1s hacer algo al respecto, porque junto a la Eurojackpot, EuroMillions es la mayor loter\u00eda de Europa. La loter\u00eda fue fundada en 2004 y hasta ahora el premio mayor r\u00e9cord es de 190 millones de euros. Fue ganada en octubre de 2014 por un solo jugador desconocido. Eso es definitivamente algo que al menos quieres intentar, \u00bfverdad?<\/p>\n<p>\u00bfQuieres ser capaz de decir que casi ganaste los EuroMillones? Bueno, es por eso que vas a necesitar saber m\u00e1s sobre tus boletos.<\/p>\n<p><img decoding=\"async\" class=\"size-full wp-image alignright\" src=\"https:\/\/content.redfoxlotto.com\/uploads\/sites\/9\/2_ticket_euromillions.jpg\" alt=\"euromillions online\" \/>Los sorteos de la loter\u00eda EuroMillions tienen lugar en Par\u00eds los martes y viernes. Para ganar el premio gordo, un boleto debe mostrar correctamente 5 n\u00fameros del 1 al 50 y la \u00abestrella de la suerte\u00bb, un n\u00famero entre el 1 y el 12. Por supuesto que hay otros niveles de victoria. Para obtener la menor ganancia, debes tener 2 de los 5 n\u00fameros principales correctamente marcados.<\/p>\n<p>Todo esto significa que tienes muchas posibilidades de ganar algo, porque s\u00f3lo tienes que marcar dos n\u00fameros correctamente para ganar un premio. Y si ganas un premio a\u00fan m\u00e1s peque\u00f1o, tendr\u00e1s el dinero necesario para comprar un nuevo billete e intentarlo de nuevo en el pr\u00f3ximo sorteo.<\/p>\n<h2>\u00bfC\u00f3mo funciona la compra online de boletos para EuroMillions de Argentina?<\/h2>\n<p>Para comprar sus boletos y jugar a EuroMillions en l\u00ednea, simplemente haga clic en EuroMillions en nuestro sitio web. A partir de entonces, se le guiar\u00e1 directamente a trav\u00e9s de los pasos a seguir para conseguir mucho. Eliges tus n\u00fameros &#8211; cualquier n\u00famero que quieras (siempre y cuando sigan las reglas).<\/p>\n<p>Tambi\u00e9n hay una funci\u00f3n de \u00abselecci\u00f3n r\u00e1pida\u00bb disponible. Con un clic del rat\u00f3n puedes hacer que tus n\u00fameros sean determinados por un generador de n\u00fameros aleatorios. Si lo deseas, puedes cambiar los n\u00fameros que has elegido manualmente, de modo que obtengas una combinaci\u00f3n de n\u00fameros que hayas elegido t\u00fa mismo y n\u00fameros que hayan sido elegidos al azar para ti. Entonces agregue tantos boletos a su carrito de compras como quiera para que est\u00e9 listo para comprar.<\/p>\n<p>Si lo desea, puede a\u00f1adir m\u00e1s <a href=\"https:\/\/redfoxlotto.com\/es\/loterias\/\">billetes de otras loter\u00edas<\/a> a su pedido. Muchos de nuestros clientes juegan varias loter\u00edas internacionales al mismo tiempo. La mayor\u00eda de la gente elige sus loter\u00edas bas\u00e1ndose en el tama\u00f1o del premio gordo actual, y ah\u00ed es probablemente donde encontrar\u00e1s los EuroMillones. El premio gordo suele funcionar muy bien y es un premio gordo que deber\u00edas ver (y participar) con tus propios ojos.<\/p>\n<p>Luego siga las instrucciones de nuestra p\u00e1gina web para completar la compra y pagar en l\u00ednea. Puedes tener tu boleto en unos pocos minutos. Incluso si no tienes una cuenta con nosotros todav\u00eda. Realmente te lo ponemos muy f\u00e1cil para que empieces. Y una vez que se crea la cuenta, comprar m\u00e1s boletos es a\u00fan m\u00e1s r\u00e1pido.<\/p>\n<h2>Ventajas de jugar a las loter\u00edas internacionales en l\u00ednea<\/h2>\n<p><img loading=\"lazy\" decoding=\"async\" class=\" wp-image alignright\" src=\"https:\/\/content.redfoxlotto.com\/uploads\/sites\/9\/1_play_onlinelottery4.jpg\" alt=\"jugar en l\u00ednea\" width=\"275\" height=\"184\" \/>Aparte de la conveniencia, una de las mayores ventajas de jugar a los botes de la loter\u00eda internacional es la siguiente: Puedes usar el dinero de la loter\u00eda de manera m\u00e1s rentable comprando s\u00f3lo billetes para aquellas loter\u00edas cuyos botes son actualmente lo suficientemente altos. Ya no hay que esperar semanas para que el premio gordo de la loter\u00eda nacional de su pa\u00eds sea lo suficientemente alto. B\u00e1sicamente puedes elegir un premio mayor en l\u00ednea en cualquier momento. De hecho, en la mayor\u00eda de los pa\u00edses del mundo, las \u00fanicas loter\u00edas que nunca llegan a los botes son aquellas que tienen incluso una fracci\u00f3n de lo que las mayores loter\u00edas mundiales pueden ofrecer.<\/p>\n<p>Para aquellos que realmente quieren una oportunidad en algunos de los mayores premios, esto es definitivamente ideal. Quieres tener la oportunidad de ganar muchos millones y no s\u00f3lo algunas de las peque\u00f1as cantidades con las que empiezan muchas loter\u00edas. Claro, es agradable ganar. Pero ser\u00e1 a\u00fan m\u00e1s agradable ganar cuando consigas algo que realmente cambie tu vida en lugar de ganar algo que simplemente te permita comprar el siguiente billete que quieras.<\/p>\n<h2>Botes m\u00e1s altos que en Argentina<\/h2>\n<p>Los botes de la loter\u00eda que se pueden jugar en Espa\u00f1a son, por desgracia, a menudo muy atractivos s\u00f3lo unas pocas veces al a\u00f1o. \u00a1Con nosotros, sin embargo, siempre encontrar\u00e1s un premio gordo que vale la pena!<\/p>\n<p>Debido al hecho de que hay dos sorteos semanales, el premio gordo de EuroMillions est\u00e1 creciendo bastante r\u00e1pido. Por esta raz\u00f3n, tal vez desee considerar la posibilidad de activar la opci\u00f3n de que sus boletos participen en m\u00faltiples sorteos consecutivos. Esto puede hacerse durante el proceso de su compra en l\u00ednea.<\/p>\n<p>La opci\u00f3n est\u00e1 disponible antes de que se complete el pedido. De esta manera siempre estar\u00e1s en el juego para el siguiente bote m\u00e1s alto en el siguiente sorteo. En el pr\u00f3ximo sorteo, puede que no haya un ganador para el gran premio, pero tal vez el siguiente sorteo sea su sorteo de la suerte.<\/p>\n<p>Comprando sorteos adicionales para un solo boleto tambi\u00e9n significa que no tienes que preocuparte por perderte el pr\u00f3ximo sorteo. Puedes esperar y ver lo que hace tu actual billete de loter\u00eda y ver c\u00f3mo te traer\u00e1 una gran ganancia. Es s\u00faper f\u00e1cil y estar\u00e1s m\u00e1s que feliz cuando veas el posible pago. <strong>Tambi\u00e9n hay un descuento si dejas participar un boleto por varias semanas.<\/strong><\/p>\n<p>Los jugadores pagan un poco m\u00e1s porque los boletos de Euromillones se compran en el Reino Unido. Esto se debe al hecho de que los boletos del Reino Unido vienen con una participaci\u00f3n autom\u00e1tica en el sorteo del Millionaire Maker, que proporciona una oportunidad extra de ganar una recompensa de 1 mill\u00f3n de libras esterlinas.<\/p>\n<p>El Millionaire Maker funciona generando un c\u00f3digo \u00fanico para cada boleto comprado. Este c\u00f3digo consta de cuatro letras seguidas de cinco n\u00fameros (por ejemplo, ABCD12345). En cada sorteo, se seleccionan al azar uno o m\u00e1s de estos c\u00f3digos, y el poseedor del boleto con el c\u00f3digo coincidente gana instant\u00e1neamente 1 mill\u00f3n de libras esterlinas, independientemente de los n\u00fameros principales de Euromillones que salgan sorteados.<\/p>\n<p>Esta caracter\u00edstica hace que jugar a Euromillones en el Reino Unido sea especialmente atractivo, ya que ofrece una oportunidad adicional de ganar un premio importante m\u00e1s all\u00e1 del bote est\u00e1ndar y de las recompensas de menor cuant\u00eda.<\/p>\n<p>As\u00ed que si el premio gordo de la loter\u00eda en Argentina no es tan atractivo ahora mismo, \u00bfpor qu\u00e9 no probar suerte y jugar a EuroMillions en l\u00ednea? Nunca sabes lo que puedes ganar. Y todo el proceso es s\u00faper f\u00e1cil de comenzar. \u00bfQu\u00e9 tienes que perder cuando pruebas una nueva loter\u00eda con botes de m\u00e1s de 100 millones? \u00a1Absolutamente nada! Y podr\u00edas ganar una gran cantidad de dinero en el pr\u00f3ximo sorteo.<\/p>\n","protected":false},"excerpt":{"rendered":"<p>\u00bfHas o\u00eddo hablar de EuroMillions? Si vives en un pa\u00eds europeo, entonces definitivamente. Pero si vives en otro pa\u00eds del mundo, entonces tal vez no. As\u00ed que vamos a ver un poco m\u00e1s de cerca c\u00f3mo jugar a EuroMillions en l\u00ednea, \u00bfde acuerdo?<\/p>\n","protected":false},"author":1,"featured_media":0,"parent":237,"menu_order":3,"comment_status":"closed","ping_status":"closed","template":"euromillions.php","meta":{"_et_pb_use_builder":"","_et_pb_old_content":"","_et_gb_content_width":"","exclude_from_search":false,"footnotes":""},"class_list":["post-239","page","type-page","status-publish","hentry"],"yoast_head":"<!-- This site is optimized with the Yoast SEO plugin v23.8 - https:\/\/yoast.com\/wordpress\/plugins\/seo\/ -->\n<title>Juega Euromillions en l\u00ednea desde Argentina<\/title>\n<meta name=\"description\" content=\"Los fans de la loter\u00eda de Argentina ahora pueden jugar a Euromillions en l\u00ednea \u2013 revise nuestro servicio\" \/>\n<meta name=\"robots\" content=\"index, follow, max-snippet:-1, max-image-preview:large, max-video-preview:-1\" \/>\n<link rel=\"canonical\" href=\"https:\/\/redfoxlotto.com\/es\/jugar\/euromillions\/\" \/>\n<meta property=\"og:locale\" content=\"es_ES\" \/>\n<meta property=\"og:type\" content=\"article\" \/>\n<meta property=\"og:title\" content=\"Juega Euromillions en l\u00ednea desde Argentina\" \/>\n<meta property=\"og:description\" content=\"Los fans de la loter\u00eda de Argentina ahora pueden jugar a Euromillions en l\u00ednea \u2013 revise nuestro servicio\" \/>\n<meta property=\"og:url\" content=\"https:\/\/redfoxlotto.com\/es\/jugar\/euromillions\/\" \/>\n<meta property=\"og:site_name\" content=\"Get Tickets for the World\u2019s largest jackpots\" \/>\n<meta property=\"article:modified_time\" content=\"2025-12-17T08:16:16+00:00\" \/>\n<meta property=\"og:image\" content=\"https:\/\/content.redfoxlotto.com\/uploads\/sites\/9\/2_ticket_euromillions.jpg\" \/>\n<meta name=\"twitter:card\" content=\"summary_large_image\" \/>\n<meta name=\"twitter:label1\" content=\"Tiempo de lectura\" \/>\n\t<meta name=\"twitter:data1\" content=\"6 minutos\" \/>\n<script type=\"application\/ld+json\" class=\"yoast-schema-graph\">{\"@context\":\"https:\/\/schema.org\",\"@graph\":[{\"@type\":\"WebPage\",\"@id\":\"https:\/\/redfoxlotto.com\/es\/jugar\/euromillions\/\",\"url\":\"https:\/\/redfoxlotto.com\/es\/jugar\/euromillions\/\",\"name\":\"Juega Euromillions en l\u00ednea desde Argentina\",\"isPartOf\":{\"@id\":\"https:\/\/redfoxlotto.com\/es\/#website\"},\"primaryImageOfPage\":{\"@id\":\"https:\/\/redfoxlotto.com\/es\/jugar\/euromillions\/#primaryimage\"},\"image\":{\"@id\":\"https:\/\/redfoxlotto.com\/es\/jugar\/euromillions\/#primaryimage\"},\"thumbnailUrl\":\"https:\/\/content.redfoxlotto.com\/uploads\/sites\/9\/2_ticket_euromillions.jpg\",\"datePublished\":\"2022-10-26T09:30:02+00:00\",\"dateModified\":\"2025-12-17T08:16:16+00:00\",\"description\":\"Los fans de la loter\u00eda de Argentina ahora pueden jugar a Euromillions en l\u00ednea \u2013 revise nuestro servicio\",\"breadcrumb\":{\"@id\":\"https:\/\/redfoxlotto.com\/es\/jugar\/euromillions\/#breadcrumb\"},\"inLanguage\":\"es\",\"potentialAction\":[{\"@type\":\"ReadAction\",\"target\":[\"https:\/\/redfoxlotto.com\/es\/jugar\/euromillions\/\"]}]},{\"@type\":\"ImageObject\",\"inLanguage\":\"es\",\"@id\":\"https:\/\/redfoxlotto.com\/es\/jugar\/euromillions\/#primaryimage\",\"url\":\"https:\/\/content.redfoxlotto.com\/uploads\/sites\/9\/2_ticket_euromillions.jpg\",\"contentUrl\":\"https:\/\/content.redfoxlotto.com\/uploads\/sites\/9\/2_ticket_euromillions.jpg\"},{\"@type\":\"BreadcrumbList\",\"@id\":\"https:\/\/redfoxlotto.com\/es\/jugar\/euromillions\/#breadcrumb\",\"itemListElement\":[{\"@type\":\"ListItem\",\"position\":1,\"name\":\"Home\",\"item\":\"https:\/\/redfoxlotto.com\/es\/\"},{\"@type\":\"ListItem\",\"position\":2,\"name\":\"Jugar loter\u00edas mundiales\",\"item\":\"https:\/\/redfoxlotto.com\/es\/jugar\/\"},{\"@type\":\"ListItem\",\"position\":3,\"name\":\"Jugar a Euromillions\"}]},{\"@type\":\"WebSite\",\"@id\":\"https:\/\/redfoxlotto.com\/es\/#website\",\"url\":\"https:\/\/redfoxlotto.com\/es\/\",\"name\":\"Get Tickets for the World\u2019s largest jackpots\",\"description\":\"Participate in worldwide lottery jackpots from any country\",\"publisher\":{\"@id\":\"https:\/\/redfoxlotto.com\/es\/#organization\"},\"potentialAction\":[{\"@type\":\"SearchAction\",\"target\":{\"@type\":\"EntryPoint\",\"urlTemplate\":\"https:\/\/redfoxlotto.com\/es\/?s={search_term_string}\"},\"query-input\":{\"@type\":\"PropertyValueSpecification\",\"valueRequired\":true,\"valueName\":\"search_term_string\"}}],\"inLanguage\":\"es\"},{\"@type\":\"Organization\",\"@id\":\"https:\/\/redfoxlotto.com\/es\/#organization\",\"name\":\"Get Tickets for the World\u2019s largest jackpots\",\"url\":\"https:\/\/redfoxlotto.com\/es\/\",\"logo\":{\"@type\":\"ImageObject\",\"inLanguage\":\"es\",\"@id\":\"https:\/\/redfoxlotto.com\/es\/#\/schema\/logo\/image\/\",\"url\":\"https:\/\/redfoxlotto.com\/wp-content\/uploads\/2023\/04\/logo.png\",\"contentUrl\":\"https:\/\/redfoxlotto.com\/wp-content\/uploads\/2023\/04\/logo.png\",\"width\":269,\"height\":53,\"caption\":\"Get Tickets for the World\u2019s largest jackpots\"},\"image\":{\"@id\":\"https:\/\/redfoxlotto.com\/es\/#\/schema\/logo\/image\/\"}}]}<\/script>\n<!-- \/ Yoast SEO plugin. -->","yoast_head_json":{"title":"Juega Euromillions en l\u00ednea desde Argentina","description":"Los fans de la loter\u00eda de Argentina ahora pueden jugar a Euromillions en l\u00ednea \u2013 revise nuestro servicio","robots":{"index":"index","follow":"follow","max-snippet":"max-snippet:-1","max-image-preview":"max-image-preview:large","max-video-preview":"max-video-preview:-1"},"canonical":"https:\/\/redfoxlotto.com\/es\/jugar\/euromillions\/","og_locale":"es_ES","og_type":"article","og_title":"Juega Euromillions en l\u00ednea desde Argentina","og_description":"Los fans de la loter\u00eda de Argentina ahora pueden jugar a Euromillions en l\u00ednea \u2013 revise nuestro servicio","og_url":"https:\/\/redfoxlotto.com\/es\/jugar\/euromillions\/","og_site_name":"Get Tickets for the World\u2019s largest jackpots","article_modified_time":"2025-12-17T08:16:16+00:00","og_image":[{"url":"https:\/\/content.redfoxlotto.com\/uploads\/sites\/9\/2_ticket_euromillions.jpg"}],"twitter_card":"summary_large_image","twitter_misc":{"Tiempo de lectura":"6 minutos"},"schema":{"@context":"https:\/\/schema.org","@graph":[{"@type":"WebPage","@id":"https:\/\/redfoxlotto.com\/es\/jugar\/euromillions\/","url":"https:\/\/redfoxlotto.com\/es\/jugar\/euromillions\/","name":"Juega Euromillions en l\u00ednea desde Argentina","isPartOf":{"@id":"https:\/\/redfoxlotto.com\/es\/#website"},"primaryImageOfPage":{"@id":"https:\/\/redfoxlotto.com\/es\/jugar\/euromillions\/#primaryimage"},"image":{"@id":"https:\/\/redfoxlotto.com\/es\/jugar\/euromillions\/#primaryimage"},"thumbnailUrl":"https:\/\/content.redfoxlotto.com\/uploads\/sites\/9\/2_ticket_euromillions.jpg","datePublished":"2022-10-26T09:30:02+00:00","dateModified":"2025-12-17T08:16:16+00:00","description":"Los fans de la loter\u00eda de Argentina ahora pueden jugar a Euromillions en l\u00ednea \u2013 revise nuestro servicio","breadcrumb":{"@id":"https:\/\/redfoxlotto.com\/es\/jugar\/euromillions\/#breadcrumb"},"inLanguage":"es","potentialAction":[{"@type":"ReadAction","target":["https:\/\/redfoxlotto.com\/es\/jugar\/euromillions\/"]}]},{"@type":"ImageObject","inLanguage":"es","@id":"https:\/\/redfoxlotto.com\/es\/jugar\/euromillions\/#primaryimage","url":"https:\/\/content.redfoxlotto.com\/uploads\/sites\/9\/2_ticket_euromillions.jpg","contentUrl":"https:\/\/content.redfoxlotto.com\/uploads\/sites\/9\/2_ticket_euromillions.jpg"},{"@type":"BreadcrumbList","@id":"https:\/\/redfoxlotto.com\/es\/jugar\/euromillions\/#breadcrumb","itemListElement":[{"@type":"ListItem","position":1,"name":"Home","item":"https:\/\/redfoxlotto.com\/es\/"},{"@type":"ListItem","position":2,"name":"Jugar loter\u00edas mundiales","item":"https:\/\/redfoxlotto.com\/es\/jugar\/"},{"@type":"ListItem","position":3,"name":"Jugar a Euromillions"}]},{"@type":"WebSite","@id":"https:\/\/redfoxlotto.com\/es\/#website","url":"https:\/\/redfoxlotto.com\/es\/","name":"Get Tickets for the World\u2019s largest jackpots","description":"Participate in worldwide lottery jackpots from any country","publisher":{"@id":"https:\/\/redfoxlotto.com\/es\/#organization"},"potentialAction":[{"@type":"SearchAction","target":{"@type":"EntryPoint","urlTemplate":"https:\/\/redfoxlotto.com\/es\/?s={search_term_string}"},"query-input":{"@type":"PropertyValueSpecification","valueRequired":true,"valueName":"search_term_string"}}],"inLanguage":"es"},{"@type":"Organization","@id":"https:\/\/redfoxlotto.com\/es\/#organization","name":"Get Tickets for the World\u2019s largest jackpots","url":"https:\/\/redfoxlotto.com\/es\/","logo":{"@type":"ImageObject","inLanguage":"es","@id":"https:\/\/redfoxlotto.com\/es\/#\/schema\/logo\/image\/","url":"https:\/\/redfoxlotto.com\/wp-content\/uploads\/2023\/04\/logo.png","contentUrl":"https:\/\/redfoxlotto.com\/wp-content\/uploads\/2023\/04\/logo.png","width":269,"height":53,"caption":"Get Tickets for the World\u2019s largest jackpots"},"image":{"@id":"https:\/\/redfoxlotto.com\/es\/#\/schema\/logo\/image\/"}}]}},"_links":{"self":[{"href":"https:\/\/redfoxlotto.com\/es\/wp-json\/wp\/v2\/pages\/239","targetHints":{"allow":["GET"]}}],"collection":[{"href":"https:\/\/redfoxlotto.com\/es\/wp-json\/wp\/v2\/pages"}],"about":[{"href":"https:\/\/redfoxlotto.com\/es\/wp-json\/wp\/v2\/types\/page"}],"author":[{"embeddable":true,"href":"https:\/\/redfoxlotto.com\/es\/wp-json\/wp\/v2\/users\/1"}],"replies":[{"embeddable":true,"href":"https:\/\/redfoxlotto.com\/es\/wp-json\/wp\/v2\/comments?post=239"}],"version-history":[{"count":0,"href":"https:\/\/redfoxlotto.com\/es\/wp-json\/wp\/v2\/pages\/239\/revisions"}],"up":[{"embeddable":true,"href":"https:\/\/redfoxlotto.com\/es\/wp-json\/wp\/v2\/pages\/237"}],"wp:attachment":[{"href":"https:\/\/redfoxlotto.com\/es\/wp-json\/wp\/v2\/media?parent=239"}],"curies":[{"name":"wp","href":"https:\/\/api.w.org\/{rel}","templated":true}]}}