{"id":238,"date":"2023-04-24T17:44:36","date_gmt":"2023-04-24T17:44:36","guid":{"rendered":"https:\/\/redfoxlotto.com\/?page_id=2204"},"modified":"2025-12-16T14:45:53","modified_gmt":"2025-12-16T14:45:53","slug":"eurojackpot","status":"publish","type":"page","link":"https:\/\/redfoxlotto.com\/es\/jugar\/eurojackpot\/","title":{"rendered":"C\u00f3mo jugar Eurojackpot"},"content":{"rendered":"<p><script type=\"application\/ld+json\">\n{\n  \"@context\": \"https:\/\/schema.org\",\n  \"@type\": \"Service\",\n  \"name\": \"Jugar Eurojackpot online\",\n  \"url\": \"https:\/\/redfoxlotto.com\/es\/jugar\/eurojackpot\/\",\n  \"description\": \"Juega a la loter\u00eda Eurojackpot online desde cualquier pa\u00eds. Visita RedFoxLotto, elige tus n\u00fameros y obt\u00e9n tus boletos.\",\n  \"serviceType\": \"Servicio online de intermediaci\u00f3n de boletos de loter\u00eda\",\n  \"provider\": {\n    \"@type\": \"Organization\",\n    \"name\": \"RedFoxLotto\",\n    \"url\": \"https:\/\/redfoxlotto.com\/es\/\",\n    \"image\": \"https:\/\/redfoxlotto.com\/wp-content\/uploads\/2025\/12\/ticket_scans.jpg\",\n    \"sameAs\": []\n  },\n  \"areaServed\": \"Worldwide\",\n  \"termsOfService\": \"https:\/\/redfoxlotto.com\/terms-and-conditions\",\n  \"additionalProperty\": {\n    \"@type\": \"PropertyValue\",\n    \"name\": \"FAQ\",\n    \"value\": \"https:\/\/redfoxlotto.com\/es\/faq\/\"\n  },\n  \"hasOfferCatalog\": {\n    \"@type\": \"OfferCatalog\",\n    \"name\": \"Boletos Eurojackpot\",\n    \"itemListElement\": [\n      {\n        \"@type\": \"Offer\",\n        \"name\": \"Boletos Eurojackpot\",\n        \"url\": \"https:\/\/redfoxlotto.com\/es\/jugar\/eurojackpot\/\",\n        \"description\": \"Haz clic aqu\u00ed para seleccionar tus n\u00fameros para el pr\u00f3ximo sorteo de Eurojackpot y pedir boletos online.\",\n        \"price\": 6.00,\n        \"priceCurrency\": \"EUR\",\n        \"availability\": \"https:\/\/schema.org\/InStock\",\n        \"itemOffered\": {\n          \"@type\": \"Service\",\n          \"name\": \"Boletos Eurojackpot\",\n          \"description\": \"Participa en el pr\u00f3ximo sorteo de Eurojackpot a trav\u00e9s de RedFoxLotto.\"\n        }\n      }\n    ]\n  },\n  \"mainEntityOfPage\": {\n    \"@type\": \"WebPage\",\n    \"@id\": \"https:\/\/redfoxlotto.com\/es\/jugar\/eurojackpot\/\"\n  }\n}\n<\/script><\/p>\n<p>Puede que haya escuchado de la Loter\u00eda Eurojackpot, la cual comenz\u00f3 en el 2012, con 19 pa\u00edses europeos participantes. Pero si vive en Argentina o en en un pa\u00eds fuera de la lista de participantes, no hay manera de que obtenga un boleto para Eurojackpot de manera tradicional.<\/p>\n<p>Esto significa que hasta hace poco no habr\u00edas podido jugar al <a href=\"https:\/\/redfoxlotto.com\/es\/loterias\/eurojackpot\/\">Eurojackpot<\/a>. Simplemente no funcion\u00f3. Bueno, <strong>ahora puedes jugar al Eurojackpot en l\u00ednea, incluso desde Argentina.<\/strong><\/p>\n<p><!--more--><\/p>\n<h2>La Internet tiene la soluci\u00f3n<\/h2>\n<p><img decoding=\"async\" class=\"size-full wp-image alignright\" src=\"https:\/\/content.redfoxlotto.com\/uploads\/sites\/9\/2_ticket_eurojackpot1.jpg\" alt=\"eurojackpot jugar en l\u00ednea\" \/><\/p>\n<p>La soluci\u00f3n para los aficionados a la loter\u00eda de Argentina y otros lugares se puede encontrar en nuestra p\u00e1gina web. Adem\u00e1s del Eurojackpot, le ofrecemos acceso a varias loter\u00edas internacionales. Lo que ofrecemos es un servicio de mensajer\u00eda de billetes de loter\u00eda para las loter\u00edas con los mayores botes de todo el mundo. La mayor\u00eda, si no todas estas loter\u00edas no estar\u00edan disponibles para usted, pero le ofrecemos este servicio!<\/p>\n<h2>\u00bfPor qu\u00e9 jugar al Eurojackpot desde Argentina?<\/h2>\n<p>Bueno, sabemos que la gente de todo el mundo quiere tener la oportunidad de jugar y ganar estos grandes botes en lugar de tener que conformarse con los botes normalmente m\u00e1s peque\u00f1os de su propia loter\u00eda nacional.<\/p>\n<p>Todo lo que tienes que hacer es hacer una selecci\u00f3n de nuestra <a href=\"https:\/\/redfoxlotto.com\/es\/loterias\/\">lista de loter\u00edas.<\/a> Ofrecemos algunas de las loter\u00edas m\u00e1s populares de todo el mundo. De esta manera puedes echar un vistazo a lo que cada loter\u00eda tiene para ofrecer y decidir cu\u00e1les te interesan m\u00e1s.<\/p>\n<p>Entonces seleccione sus n\u00fameros manualmente o deje que nuestro generador de n\u00fameros aleatorios lo haga por usted (funci\u00f3n \u00abSelecci\u00f3n r\u00e1pida\u00bb). Incluso puedes combinar los dos seleccionando algunos n\u00fameros y luego agregando al azar los otros n\u00fameros que necesitas para llenar tus boletos. De esta manera puedes obtener algunos de los n\u00fameros que sabes que quieres y puedes seguir llenando el boleto de loter\u00eda si no se te ocurren m\u00e1s n\u00fameros.<\/p>\n<p>A\u00f1ade m\u00e1s billetes si quieres, mezcla diferentes loter\u00edas. Esto te ayudar\u00e1 a aumentar tus posibilidades de ganar porque est\u00e1s jugando varios juegos al mismo tiempo. Incluso podr\u00edas hacer lo que es muy popular entre nuestros clientes, es decir, jugar a los mismos n\u00fameros en varias loter\u00edas.<\/p>\n<p>Para algunos, esta es una gran manera de aumentar sus posibilidades de ganar, porque estos n\u00fameros s\u00f3lo tienen que ganar en alg\u00fan momento, \u00bfverdad?<\/p>\n<h2>\u00bfC\u00f3mo se pagan los billetes desde Argentina?<\/h2>\n<p><img decoding=\"async\" class=\"size-full wp-image alignright\" src=\"https:\/\/content.redfoxlotto.com\/uploads\/sites\/9\/1_play_eurojackpot.jpg\" alt=\"ganar Eurojackpot\" \/>Una vez que tenga todos los boletos que quiera, puede usar una de nuestras opciones de pago seguro para comprar sus boletos. Hay muchas opciones diferentes entre las que puedes elegir. Lo m\u00e1s popular entre nuestros clientes es el pago con tarjeta de cr\u00e9dito, o una forma de transferencia bancaria donde la cantidad est\u00e1 disponible inmediatamente.<\/p>\n<p>No olvides determinar en cu\u00e1ntos sorteos te gustar\u00eda participar. Esto es especialmente importante porque el actual premio gordo puede no ser ganado en el pr\u00f3ximo sorteo. No querr\u00e1s perder tu oportunidad de ganar a\u00fan m\u00e1s en el pr\u00f3ximo sorteo, \u00bfverdad?<\/p>\n<h2>\u00bfQu\u00e9 pasa despu\u00e9s de la compra?<\/h2>\n<p>Bueno, en realidad es bastante simple cuando juegas al Eurojackpot en l\u00ednea. Tenemos una red de agentes que compran billetes de loter\u00eda con sus especificaciones elegidas para nuestros clientes de Argentina. En su cuenta de cliente en RedFoxLotto.com ver\u00e1 primero la confirmaci\u00f3n de su compra. Por supuesto, tambi\u00e9n recibir\u00e1 la confirmaci\u00f3n por correo electr\u00f3nico. Esto significa que puedes estar seguro de que todo va como lo planeaste y que tus boletos est\u00e1n listos y esperando el sorteo del juego. Poco despu\u00e9s encontrar\u00e1 un escaneo de su lote personal en su cuenta con nosotros.<\/p>\n<p>A partir de entonces no tendr\u00e1 que preocuparse por nada, porque tambi\u00e9n le mantendremos informado sobre los sorteos, por si acaso olvid\u00f3 comprobar su billete para ver las ganancias.<\/p>\n<p>Esto se debe a que recibir\u00e1 otra notificaci\u00f3n por correo electr\u00f3nico cuando uno de sus boletos haya ganado. Mientras su beneficio no supere los 2500 euros, se le abonar\u00e1 inmediatamente en su cuenta. Puedes hacer que te paguen esta cantidad en la cuenta que elijas, o puedes usar el dinero para comprar m\u00e1s boletos. Esto har\u00e1 que sea s\u00faper f\u00e1cil para ti hacer tu pr\u00f3xima elecci\u00f3n. Para ganancias m\u00e1s altas, nuestro apoyo se pondr\u00e1 en contacto con usted y arreglar\u00e1 un pago directo a usted.<\/p>\n<h2>Caracter\u00edsticas y reglas del Eurojackpot<\/h2>\n<p><img decoding=\"async\" class=\" wp-image-5380 alignright\" src=\"https:\/\/content.redfoxlotto.com\/uploads\/sites\/9\/1_eurojackpot-2.jpg\" alt=\"jugar Eurojackpot en linea\" width=\"250&quot;\" height=\"125\" \/><\/p>\n<p>Si quieres jugar al Eurojackpot, tienes que saber c\u00f3mo funciona. Es realmente muy simple. En su billete debe elegir cinco n\u00fameros entre el 1 y el 50 y dos n\u00fameros entre el 1 y el 12. Los botes empiezan con un m\u00ednimo de 10 millones de euros. Hay un aspecto en el que esta loter\u00eda es diferente de la mayor\u00eda de las otras. Una vez que el premio gordo alcanza los 120 millones de euros, est\u00e1 limitado.<\/p>\n<p>Esto significa que todo el dinero que normalmente se a\u00f1adir\u00eda al bote se transfiere al segundo nivel de premios. Para ganar este premio, s\u00f3lo necesita 5 m\u00e1s 1 n\u00famero en su boleto. Sus posibilidades de ganar este premio son obviamente mejores por un factor de 12 que sus posibilidades de ganar el premio mayor con 5 m\u00e1s 2 n\u00fameros!<\/p>\n<p>Esto significa que si el premio gordo alcanza la cantidad m\u00e1xima, tienes una segunda oportunidad de ganar un gran premio gordo. El segundo nivel es m\u00e1s f\u00e1cil de ganar, y los n\u00fameros empezar\u00e1n a subir a este nivel, normalmente hasta una cantidad de 4-6 millones de euros. Eso ciertamente aumentar\u00e1 sus posibilidades de ganar a lo grande, \u00bfno?<\/p>\n<p>Y esto significa que aunque el premio mayor sea un poco menor, aunque haya llegado a su m\u00e1ximo, usted querr\u00e1 comprar uno de estos billetes porque tendr\u00e1 muchas m\u00e1s posibilidades que en la mayor\u00eda de las loter\u00edas de Espa\u00f1a.<\/p>\n<p><strong>Empieza a jugar a la loter\u00eda internacional ahora &#8211; \u00a1juega hoy mismo con unos billetes de Eurojackpot!<\/strong><\/p>\n","protected":false},"excerpt":{"rendered":"<p>Puede que haya escuchado de la Loter\u00eda Eurojackpot, la cual comenz\u00f3 en el 2012, con 19 pa\u00edses europeos participantes. Pero si vive en Argentina o en en un pa\u00eds fuera de la lista de participantes, no hay manera de que obtenga un boleto para Eurojackpot de manera tradicional. Esto significa que hasta hace poco no [&hellip;]<\/p>\n","protected":false},"author":1,"featured_media":0,"parent":237,"menu_order":4,"comment_status":"closed","ping_status":"closed","template":"eurojackpot.php","meta":{"_et_pb_use_builder":"","_et_pb_old_content":"","_et_gb_content_width":"","exclude_from_search":false,"footnotes":""},"class_list":["post-238","page","type-page","status-publish","hentry"],"yoast_head":"<!-- This site is optimized with the Yoast SEO plugin v23.8 - https:\/\/yoast.com\/wordpress\/plugins\/seo\/ -->\n<title>Loter\u00eda Eurojackpot en l\u00ednea - juega desde Argentina<\/title>\n<meta name=\"description\" content=\"Acceda a Eurojackpot ahora - incluso si vive en Argentina, juegue a las loter\u00edas internacionales en l\u00ednea\" \/>\n<meta name=\"robots\" content=\"index, follow, max-snippet:-1, max-image-preview:large, max-video-preview:-1\" \/>\n<link rel=\"canonical\" href=\"https:\/\/redfoxlotto.com\/es\/jugar\/eurojackpot\/\" \/>\n<meta property=\"og:locale\" content=\"es_ES\" \/>\n<meta property=\"og:type\" content=\"article\" \/>\n<meta property=\"og:title\" content=\"Loter\u00eda Eurojackpot en l\u00ednea - juega desde Argentina\" \/>\n<meta property=\"og:description\" content=\"Acceda a Eurojackpot ahora - incluso si vive en Argentina, juegue a las loter\u00edas internacionales en l\u00ednea\" \/>\n<meta property=\"og:url\" content=\"https:\/\/redfoxlotto.com\/es\/jugar\/eurojackpot\/\" \/>\n<meta property=\"og:site_name\" content=\"Get Tickets for the World\u2019s largest jackpots\" \/>\n<meta property=\"article:modified_time\" content=\"2025-12-16T14:45:53+00:00\" \/>\n<meta property=\"og:image\" content=\"https:\/\/content.redfoxlotto.com\/uploads\/sites\/9\/2_ticket_eurojackpot1.jpg\" \/>\n<meta name=\"twitter:card\" content=\"summary_large_image\" \/>\n<meta name=\"twitter:label1\" content=\"Tiempo de lectura\" \/>\n\t<meta name=\"twitter:data1\" content=\"5 minutos\" \/>\n<script type=\"application\/ld+json\" class=\"yoast-schema-graph\">{\"@context\":\"https:\/\/schema.org\",\"@graph\":[{\"@type\":\"WebPage\",\"@id\":\"https:\/\/redfoxlotto.com\/es\/jugar\/eurojackpot\/\",\"url\":\"https:\/\/redfoxlotto.com\/es\/jugar\/eurojackpot\/\",\"name\":\"Loter\u00eda Eurojackpot en l\u00ednea - juega desde Argentina\",\"isPartOf\":{\"@id\":\"https:\/\/redfoxlotto.com\/es\/#website\"},\"primaryImageOfPage\":{\"@id\":\"https:\/\/redfoxlotto.com\/es\/jugar\/eurojackpot\/#primaryimage\"},\"image\":{\"@id\":\"https:\/\/redfoxlotto.com\/es\/jugar\/eurojackpot\/#primaryimage\"},\"thumbnailUrl\":\"https:\/\/content.redfoxlotto.com\/uploads\/sites\/9\/2_ticket_eurojackpot1.jpg\",\"datePublished\":\"2023-04-24T17:44:36+00:00\",\"dateModified\":\"2025-12-16T14:45:53+00:00\",\"description\":\"Acceda a Eurojackpot ahora - incluso si vive en Argentina, juegue a las loter\u00edas internacionales en l\u00ednea\",\"breadcrumb\":{\"@id\":\"https:\/\/redfoxlotto.com\/es\/jugar\/eurojackpot\/#breadcrumb\"},\"inLanguage\":\"es\",\"potentialAction\":[{\"@type\":\"ReadAction\",\"target\":[\"https:\/\/redfoxlotto.com\/es\/jugar\/eurojackpot\/\"]}]},{\"@type\":\"ImageObject\",\"inLanguage\":\"es\",\"@id\":\"https:\/\/redfoxlotto.com\/es\/jugar\/eurojackpot\/#primaryimage\",\"url\":\"https:\/\/content.redfoxlotto.com\/uploads\/sites\/9\/2_ticket_eurojackpot1.jpg\",\"contentUrl\":\"https:\/\/content.redfoxlotto.com\/uploads\/sites\/9\/2_ticket_eurojackpot1.jpg\"},{\"@type\":\"BreadcrumbList\",\"@id\":\"https:\/\/redfoxlotto.com\/es\/jugar\/eurojackpot\/#breadcrumb\",\"itemListElement\":[{\"@type\":\"ListItem\",\"position\":1,\"name\":\"Home\",\"item\":\"https:\/\/redfoxlotto.com\/es\/\"},{\"@type\":\"ListItem\",\"position\":2,\"name\":\"Jugar loter\u00edas mundiales\",\"item\":\"https:\/\/redfoxlotto.com\/es\/jugar\/\"},{\"@type\":\"ListItem\",\"position\":3,\"name\":\"C\u00f3mo jugar Eurojackpot\"}]},{\"@type\":\"WebSite\",\"@id\":\"https:\/\/redfoxlotto.com\/es\/#website\",\"url\":\"https:\/\/redfoxlotto.com\/es\/\",\"name\":\"Get Tickets for the World\u2019s largest jackpots\",\"description\":\"Participate in worldwide lottery jackpots from any country\",\"publisher\":{\"@id\":\"https:\/\/redfoxlotto.com\/es\/#organization\"},\"potentialAction\":[{\"@type\":\"SearchAction\",\"target\":{\"@type\":\"EntryPoint\",\"urlTemplate\":\"https:\/\/redfoxlotto.com\/es\/?s={search_term_string}\"},\"query-input\":{\"@type\":\"PropertyValueSpecification\",\"valueRequired\":true,\"valueName\":\"search_term_string\"}}],\"inLanguage\":\"es\"},{\"@type\":\"Organization\",\"@id\":\"https:\/\/redfoxlotto.com\/es\/#organization\",\"name\":\"Get Tickets for the World\u2019s largest jackpots\",\"url\":\"https:\/\/redfoxlotto.com\/es\/\",\"logo\":{\"@type\":\"ImageObject\",\"inLanguage\":\"es\",\"@id\":\"https:\/\/redfoxlotto.com\/es\/#\/schema\/logo\/image\/\",\"url\":\"https:\/\/redfoxlotto.com\/wp-content\/uploads\/2023\/04\/logo.png\",\"contentUrl\":\"https:\/\/redfoxlotto.com\/wp-content\/uploads\/2023\/04\/logo.png\",\"width\":269,\"height\":53,\"caption\":\"Get Tickets for the World\u2019s largest jackpots\"},\"image\":{\"@id\":\"https:\/\/redfoxlotto.com\/es\/#\/schema\/logo\/image\/\"}}]}<\/script>\n<!-- \/ Yoast SEO plugin. -->","yoast_head_json":{"title":"Loter\u00eda Eurojackpot en l\u00ednea - juega desde Argentina","description":"Acceda a Eurojackpot ahora - incluso si vive en Argentina, juegue a las loter\u00edas internacionales en l\u00ednea","robots":{"index":"index","follow":"follow","max-snippet":"max-snippet:-1","max-image-preview":"max-image-preview:large","max-video-preview":"max-video-preview:-1"},"canonical":"https:\/\/redfoxlotto.com\/es\/jugar\/eurojackpot\/","og_locale":"es_ES","og_type":"article","og_title":"Loter\u00eda Eurojackpot en l\u00ednea - juega desde Argentina","og_description":"Acceda a Eurojackpot ahora - incluso si vive en Argentina, juegue a las loter\u00edas internacionales en l\u00ednea","og_url":"https:\/\/redfoxlotto.com\/es\/jugar\/eurojackpot\/","og_site_name":"Get Tickets for the World\u2019s largest jackpots","article_modified_time":"2025-12-16T14:45:53+00:00","og_image":[{"url":"https:\/\/content.redfoxlotto.com\/uploads\/sites\/9\/2_ticket_eurojackpot1.jpg"}],"twitter_card":"summary_large_image","twitter_misc":{"Tiempo de lectura":"5 minutos"},"schema":{"@context":"https:\/\/schema.org","@graph":[{"@type":"WebPage","@id":"https:\/\/redfoxlotto.com\/es\/jugar\/eurojackpot\/","url":"https:\/\/redfoxlotto.com\/es\/jugar\/eurojackpot\/","name":"Loter\u00eda Eurojackpot en l\u00ednea - juega desde Argentina","isPartOf":{"@id":"https:\/\/redfoxlotto.com\/es\/#website"},"primaryImageOfPage":{"@id":"https:\/\/redfoxlotto.com\/es\/jugar\/eurojackpot\/#primaryimage"},"image":{"@id":"https:\/\/redfoxlotto.com\/es\/jugar\/eurojackpot\/#primaryimage"},"thumbnailUrl":"https:\/\/content.redfoxlotto.com\/uploads\/sites\/9\/2_ticket_eurojackpot1.jpg","datePublished":"2023-04-24T17:44:36+00:00","dateModified":"2025-12-16T14:45:53+00:00","description":"Acceda a Eurojackpot ahora - incluso si vive en Argentina, juegue a las loter\u00edas internacionales en l\u00ednea","breadcrumb":{"@id":"https:\/\/redfoxlotto.com\/es\/jugar\/eurojackpot\/#breadcrumb"},"inLanguage":"es","potentialAction":[{"@type":"ReadAction","target":["https:\/\/redfoxlotto.com\/es\/jugar\/eurojackpot\/"]}]},{"@type":"ImageObject","inLanguage":"es","@id":"https:\/\/redfoxlotto.com\/es\/jugar\/eurojackpot\/#primaryimage","url":"https:\/\/content.redfoxlotto.com\/uploads\/sites\/9\/2_ticket_eurojackpot1.jpg","contentUrl":"https:\/\/content.redfoxlotto.com\/uploads\/sites\/9\/2_ticket_eurojackpot1.jpg"},{"@type":"BreadcrumbList","@id":"https:\/\/redfoxlotto.com\/es\/jugar\/eurojackpot\/#breadcrumb","itemListElement":[{"@type":"ListItem","position":1,"name":"Home","item":"https:\/\/redfoxlotto.com\/es\/"},{"@type":"ListItem","position":2,"name":"Jugar loter\u00edas mundiales","item":"https:\/\/redfoxlotto.com\/es\/jugar\/"},{"@type":"ListItem","position":3,"name":"C\u00f3mo jugar Eurojackpot"}]},{"@type":"WebSite","@id":"https:\/\/redfoxlotto.com\/es\/#website","url":"https:\/\/redfoxlotto.com\/es\/","name":"Get Tickets for the World\u2019s largest jackpots","description":"Participate in worldwide lottery jackpots from any country","publisher":{"@id":"https:\/\/redfoxlotto.com\/es\/#organization"},"potentialAction":[{"@type":"SearchAction","target":{"@type":"EntryPoint","urlTemplate":"https:\/\/redfoxlotto.com\/es\/?s={search_term_string}"},"query-input":{"@type":"PropertyValueSpecification","valueRequired":true,"valueName":"search_term_string"}}],"inLanguage":"es"},{"@type":"Organization","@id":"https:\/\/redfoxlotto.com\/es\/#organization","name":"Get Tickets for the World\u2019s largest jackpots","url":"https:\/\/redfoxlotto.com\/es\/","logo":{"@type":"ImageObject","inLanguage":"es","@id":"https:\/\/redfoxlotto.com\/es\/#\/schema\/logo\/image\/","url":"https:\/\/redfoxlotto.com\/wp-content\/uploads\/2023\/04\/logo.png","contentUrl":"https:\/\/redfoxlotto.com\/wp-content\/uploads\/2023\/04\/logo.png","width":269,"height":53,"caption":"Get Tickets for the World\u2019s largest jackpots"},"image":{"@id":"https:\/\/redfoxlotto.com\/es\/#\/schema\/logo\/image\/"}}]}},"_links":{"self":[{"href":"https:\/\/redfoxlotto.com\/es\/wp-json\/wp\/v2\/pages\/238","targetHints":{"allow":["GET"]}}],"collection":[{"href":"https:\/\/redfoxlotto.com\/es\/wp-json\/wp\/v2\/pages"}],"about":[{"href":"https:\/\/redfoxlotto.com\/es\/wp-json\/wp\/v2\/types\/page"}],"author":[{"embeddable":true,"href":"https:\/\/redfoxlotto.com\/es\/wp-json\/wp\/v2\/users\/1"}],"replies":[{"embeddable":true,"href":"https:\/\/redfoxlotto.com\/es\/wp-json\/wp\/v2\/comments?post=238"}],"version-history":[{"count":0,"href":"https:\/\/redfoxlotto.com\/es\/wp-json\/wp\/v2\/pages\/238\/revisions"}],"up":[{"embeddable":true,"href":"https:\/\/redfoxlotto.com\/es\/wp-json\/wp\/v2\/pages\/237"}],"wp:attachment":[{"href":"https:\/\/redfoxlotto.com\/es\/wp-json\/wp\/v2\/media?parent=238"}],"curies":[{"name":"wp","href":"https:\/\/api.w.org\/{rel}","templated":true}]}}