{"id":237,"date":"2023-04-24T14:10:57","date_gmt":"2023-04-24T14:10:57","guid":{"rendered":"https:\/\/redfoxlotto.com\/?page_id=2202"},"modified":"2025-12-15T20:04:43","modified_gmt":"2025-12-15T20:04:43","slug":"jugar","status":"publish","type":"page","link":"https:\/\/redfoxlotto.com\/es\/jugar\/","title":{"rendered":"Jugar loter\u00edas mundiales"},"content":{"rendered":"<p><script type=\"application\/ld+json\">\n{\n  \"@context\": \"https:\/\/schema.org\",\n  \"@type\": \"Service\",\n  \"name\": \"Juega loter\u00edas internacionales online\",\n  \"url\": \"https:\/\/redfoxlotto.com\/es\/jugar\/\",\n  \"description\": \"Juega a la loter\u00eda online y gana botes internacionales.\",\n  \"serviceType\": \"Servicio online de intermediaci\u00f3n de boletos de loter\u00eda\",\n  \"provider\": {\n    \"@type\": \"Organization\",\n    \"name\": \"RedFoxLotto\",\n    \"url\": \"https:\/\/redfoxlotto.com\/es\/jugar\/\",\n    \"image\": \"https:\/\/redfoxlotto.com\/wp-content\/uploads\/2025\/12\/ticket_scans.jpg\"\n  },\n  \"areaServed\": \"A nivel mundial\",\n  \"termsOfService\": \"https:\/\/redfoxlotto.com\/terms-and-conditions\",\n  \"additionalProperty\": {\n    \"@type\": \"PropertyValue\",\n    \"name\": \"Preguntas frecuentes\",\n    \"value\": \"https:\/\/redfoxlotto.com\/es\/faq\/\"\n  },\n  \"hasOfferCatalog\": {\n    \"@type\": \"OfferCatalog\",\n    \"name\": \"Boletos de loter\u00eda internacionales\",\n    \"itemListElement\": [\n      {\n        \"@type\": \"Offer\",\n        \"name\": \"Boletos de loter\u00eda internacionales\",\n        \"url\": \"https:\/\/redfoxlotto.com\/es\/jugar\/\",\n        \"description\": \"Juega loter\u00edas internacionales online. Botes como Powerball, Mega Millions y Euromillions \u2014 gana desde cualquier lugar.\",\n        \"availability\": \"https:\/\/schema.org\/InStock\",\n        \"itemOffered\": {\n          \"@type\": \"Service\",\n          \"name\": \"Boletos de loter\u00eda internacionales\",\n          \"description\": \"Jugar a loter\u00edas internacionales online te ofrece m\u00e1s opciones y mejores probabilidades de ganar.\"\n        }\n      }\n    ]\n  },\n  \"mainEntityOfPage\": {\n    \"@type\": \"WebPage\",\n    \"@id\": \"https:\/\/redfoxlotto.com\/es\/jugar\/\"\n  }\n}\n<\/script><\/p>\n<h2>M\u00e1s loter\u00edas y botes para que todos jueguen<\/h2>\n<p>Excelentes noticias para todos los seguidores de la loter\u00eda de alrededor del mundo! Ya no est\u00e1n m\u00e1s restringidos a su loter\u00eda nacional. Previamente, se hab\u00eda negado el acceso a loter\u00edas internacionales. <strong>No se pod\u00eda <a href=\"https:\/\/redfoxlotto.com\/es\/loterias\/\">comprar los boletos para estos premios gordos de la loter\u00eda<\/a> en su pa\u00eds.<\/strong><\/p>\n<h2>Comprar sus billetes de loter\u00eda<\/h2>\n<p>Pero el internet ha resuelto ese problema, y aqu\u00ed en RedFoxLotto.com, ahora puede jugar a una cantidad de loter\u00edas internacionales en l\u00ednea. RedFoxLotto.com es su servicio de mensajer\u00eda para los boletos de loter\u00eda.<\/p>\n<h2>A qu\u00e9 juegos jugar<\/h2>\n<p>Tenemos agentes en todos los distintos pa\u00edses donde hay loter\u00edas. Estos agentes compran los boletos localmente para nuestros clientes. <strong>Usted, el cliente, puede ordenar los boletos con nosotros, en l\u00ednea.<\/strong> Y por supuesto puede elegir sus propios n\u00fameros.<\/p>\n<p>Adem\u00e1s determina <a href=\"https:\/\/redfoxlotto.com\/es\/resultados\/\">cu\u00e1ntas combinaciones de n\u00fameros<\/a> quiere jugar y para cu\u00e1ntos sorteos debe ser v\u00e1lido su boleto. El pago se hace en l\u00ednea, por ejemplo, con tarjeta de cr\u00e9dito.<\/p>\n<p><img loading=\"lazy\" decoding=\"async\" class=\"size-full alignright\" src=\"https:\/\/content.redfoxlotto.com\/uploads\/sites\/9\/1_playing_lottery_online.jpg\" alt=\"jugar en l\u00ednea \" width=\"200\" height=\"140\" \/>Por supuesto, tambi\u00e9n puede participar en <a href=\"https:\/\/redfoxlotto.com\/es\/jugar\/\">m\u00e1s de una loter\u00eda internacional<\/a> por vez. Recomendamos que elija el premio gordo m\u00e1s grande del momento, o los dos m\u00e1s grandes, o incluso m\u00e1s. Por ejemplo, muy a menudo, <a href=\"https:\/\/redfoxlotto.com\/es\/jugar\/powerball\/\">Powerball US<\/a> y <a href=\"https:\/\/redfoxlotto.com\/es\/jugar\/mega-millions\/\">Megamillions US<\/a> tienen premios gordos enormes a la misma vez los cuales regularmente llegan a los $500 millones en los EUA y ha habido de m\u00e1s de $1500 millones en el pasado.<\/p>\n<p>Estas dos loter\u00edas est\u00e1n entre las m\u00e1s grandes del mundo. <strong>Una opci\u00f3n muy popular es jugar los mismos n\u00fameros en loter\u00edas m\u00faltiples<\/strong> en la misma semana. Si no gana en una loter\u00eda, quiz\u00e1s sus n\u00fameros tengan suerte en otra. \u00a1Esta es una manera inteligente de aumentar las probabilidades de que sus n\u00fameros favoritos ganen. Y este m\u00e9todo hace que jugar a la loter\u00eda sea a\u00fan m\u00e1s emocionante!<\/p>\n<h2>\u00bfPor qu\u00e9 jugar a la loter\u00eda internacional?<\/h2>\n<p>Cualquiera que juegue la loter\u00eda internacional usa sus fondos de manera m\u00e1s inteligente que el jugador de loter\u00eda que compra los boletos de la loter\u00eda nacional, semana tras semana, sin importar lo bajo que sea el premio gordo. Porque las matem\u00e1ticas y la l\u00f3gica dicen que es mejor comprar un boleto para una loter\u00eda con un premio gordo de 200 millones, que uno de 2 millones.<\/p>\n<p>Esto es cierto incluso si el precio del boleto en l\u00ednea es m\u00e1s alto que el precio del boleto de su loter\u00eda local.<\/p>\n<p>Por supuesto, por nuestro servicio tenemos que cobrar un precio m\u00e1s alto, porque tenemos gastos, y adem\u00e1s queremos hacer ganancias. Sin embargo, si el boleto de loter\u00eda en l\u00ednea es de 4,50 \u2013 5,99 \u20ac, con un premio gordo de 200 millones, y para la loter\u00eda nacional pagas \u20ac2,00 y tiene un premio gordo de 10 millones. \u00bfQu\u00e9 es mejor y tiene m\u00e1s sentido? Bueno, la respuesta a esta pregunta probablemente sea obvia.<\/p>\n<h2>C\u00f3mo se paga<\/h2>\n<p><img loading=\"lazy\" decoding=\"async\" class=\"size-full alignright\" src=\"https:\/\/content.redfoxlotto.com\/uploads\/sites\/9\/1_mega_lotto_jackpot.jpg\" alt=\"pago de la loter\u00eda\" width=\"170\" height=\"200\" \/>RedFoxLotto.com adem\u00e1s se asegura que usted <a href=\"https:\/\/redfoxlotto.com\/es\/resultados\/\">reciba sus ganancias<\/a>. <strong>Por cierto, sin cobrar una comisi\u00f3n,<\/strong> salvo por una peque\u00f1a tarifa que se cobra en caso de tener una transferencia bancaria. Muchos de nuestros clientes ya han obtenido premios a trav\u00e9s de nosotros. \u00a1Y a algunos de ellos les han cambiado las vidas gracias a los montos que ganaron!<\/p>\n<p>Estas son las razones por las cuales se est\u00e1 volviendo cada vez m\u00e1s popular jugar a la loter\u00eda en l\u00ednea. <strong>Y ahora es su turno de obtener uno de los mega premios gordos. \u00bfQu\u00e9 est\u00e1 esperando?<\/strong><\/p>\n","protected":false},"excerpt":{"rendered":"<p>M\u00e1s loter\u00edas y botes para que todos jueguen Excelentes noticias para todos los seguidores de la loter\u00eda de alrededor del mundo! Ya no est\u00e1n m\u00e1s restringidos a su loter\u00eda nacional. Previamente, se hab\u00eda negado el acceso a loter\u00edas internacionales. No se pod\u00eda comprar los boletos para estos premios gordos de la loter\u00eda en su pa\u00eds. [&hellip;]<\/p>\n","protected":false},"author":1,"featured_media":0,"parent":0,"menu_order":2,"comment_status":"closed","ping_status":"closed","template":"Play-all.php","meta":{"_et_pb_use_builder":"","_et_pb_old_content":"","_et_gb_content_width":"","exclude_from_search":false,"footnotes":""},"class_list":["post-237","page","type-page","status-publish","hentry"],"yoast_head":"<!-- This site is optimized with the Yoast SEO plugin v23.8 - https:\/\/yoast.com\/wordpress\/plugins\/seo\/ -->\n<title>Jugar loter\u00eda en l\u00ednea | Montepremios internacionales desde cualquier pais<\/title>\n<meta name=\"description\" content=\"Jugar a loter\u00edas internacionales en l\u00ednea le da m\u00e1s opciones y mejores oportunidades - \u00a1descubra por qu\u00e9!\" \/>\n<meta name=\"robots\" content=\"index, follow, max-snippet:-1, max-image-preview:large, max-video-preview:-1\" \/>\n<link rel=\"canonical\" href=\"https:\/\/redfoxlotto.com\/es\/jugar\/\" \/>\n<meta property=\"og:locale\" content=\"es_ES\" \/>\n<meta property=\"og:type\" content=\"article\" \/>\n<meta property=\"og:title\" content=\"Jugar loter\u00eda en l\u00ednea | Montepremios internacionales desde cualquier pais\" \/>\n<meta property=\"og:description\" content=\"Jugar a loter\u00edas internacionales en l\u00ednea le da m\u00e1s opciones y mejores oportunidades - \u00a1descubra por qu\u00e9!\" \/>\n<meta property=\"og:url\" content=\"https:\/\/redfoxlotto.com\/es\/jugar\/\" \/>\n<meta property=\"og:site_name\" content=\"Get Tickets for the World\u2019s largest jackpots\" \/>\n<meta property=\"article:modified_time\" content=\"2025-12-15T20:04:43+00:00\" \/>\n<meta property=\"og:image\" content=\"https:\/\/content.redfoxlotto.com\/uploads\/sites\/9\/1_playing_lottery_online.jpg\" \/>\n<meta name=\"twitter:card\" content=\"summary_large_image\" \/>\n<meta name=\"twitter:label1\" content=\"Tiempo de lectura\" \/>\n\t<meta name=\"twitter:data1\" content=\"3 minutos\" \/>\n<script type=\"application\/ld+json\" class=\"yoast-schema-graph\">{\"@context\":\"https:\/\/schema.org\",\"@graph\":[{\"@type\":\"WebPage\",\"@id\":\"https:\/\/redfoxlotto.com\/es\/jugar\/\",\"url\":\"https:\/\/redfoxlotto.com\/es\/jugar\/\",\"name\":\"Jugar loter\u00eda en l\u00ednea | Montepremios internacionales desde cualquier pais\",\"isPartOf\":{\"@id\":\"https:\/\/redfoxlotto.com\/es\/#website\"},\"primaryImageOfPage\":{\"@id\":\"https:\/\/redfoxlotto.com\/es\/jugar\/#primaryimage\"},\"image\":{\"@id\":\"https:\/\/redfoxlotto.com\/es\/jugar\/#primaryimage\"},\"thumbnailUrl\":\"https:\/\/content.redfoxlotto.com\/uploads\/sites\/9\/1_playing_lottery_online.jpg\",\"datePublished\":\"2023-04-24T14:10:57+00:00\",\"dateModified\":\"2025-12-15T20:04:43+00:00\",\"description\":\"Jugar a loter\u00edas internacionales en l\u00ednea le da m\u00e1s opciones y mejores oportunidades - \u00a1descubra por qu\u00e9!\",\"breadcrumb\":{\"@id\":\"https:\/\/redfoxlotto.com\/es\/jugar\/#breadcrumb\"},\"inLanguage\":\"es\",\"potentialAction\":[{\"@type\":\"ReadAction\",\"target\":[\"https:\/\/redfoxlotto.com\/es\/jugar\/\"]}]},{\"@type\":\"ImageObject\",\"inLanguage\":\"es\",\"@id\":\"https:\/\/redfoxlotto.com\/es\/jugar\/#primaryimage\",\"url\":\"https:\/\/content.redfoxlotto.com\/uploads\/sites\/9\/1_playing_lottery_online.jpg\",\"contentUrl\":\"https:\/\/content.redfoxlotto.com\/uploads\/sites\/9\/1_playing_lottery_online.jpg\"},{\"@type\":\"BreadcrumbList\",\"@id\":\"https:\/\/redfoxlotto.com\/es\/jugar\/#breadcrumb\",\"itemListElement\":[{\"@type\":\"ListItem\",\"position\":1,\"name\":\"Home\",\"item\":\"https:\/\/redfoxlotto.com\/es\/\"},{\"@type\":\"ListItem\",\"position\":2,\"name\":\"Jugar loter\u00edas mundiales\"}]},{\"@type\":\"WebSite\",\"@id\":\"https:\/\/redfoxlotto.com\/es\/#website\",\"url\":\"https:\/\/redfoxlotto.com\/es\/\",\"name\":\"Get Tickets for the World\u2019s largest jackpots\",\"description\":\"Participate in worldwide lottery jackpots from any country\",\"publisher\":{\"@id\":\"https:\/\/redfoxlotto.com\/es\/#organization\"},\"potentialAction\":[{\"@type\":\"SearchAction\",\"target\":{\"@type\":\"EntryPoint\",\"urlTemplate\":\"https:\/\/redfoxlotto.com\/es\/?s={search_term_string}\"},\"query-input\":{\"@type\":\"PropertyValueSpecification\",\"valueRequired\":true,\"valueName\":\"search_term_string\"}}],\"inLanguage\":\"es\"},{\"@type\":\"Organization\",\"@id\":\"https:\/\/redfoxlotto.com\/es\/#organization\",\"name\":\"Get Tickets for the World\u2019s largest jackpots\",\"url\":\"https:\/\/redfoxlotto.com\/es\/\",\"logo\":{\"@type\":\"ImageObject\",\"inLanguage\":\"es\",\"@id\":\"https:\/\/redfoxlotto.com\/es\/#\/schema\/logo\/image\/\",\"url\":\"https:\/\/redfoxlotto.com\/wp-content\/uploads\/2023\/04\/logo.png\",\"contentUrl\":\"https:\/\/redfoxlotto.com\/wp-content\/uploads\/2023\/04\/logo.png\",\"width\":269,\"height\":53,\"caption\":\"Get Tickets for the World\u2019s largest jackpots\"},\"image\":{\"@id\":\"https:\/\/redfoxlotto.com\/es\/#\/schema\/logo\/image\/\"}}]}<\/script>\n<!-- \/ Yoast SEO plugin. -->","yoast_head_json":{"title":"Jugar loter\u00eda en l\u00ednea | Montepremios internacionales desde cualquier pais","description":"Jugar a loter\u00edas internacionales en l\u00ednea le da m\u00e1s opciones y mejores oportunidades - \u00a1descubra por qu\u00e9!","robots":{"index":"index","follow":"follow","max-snippet":"max-snippet:-1","max-image-preview":"max-image-preview:large","max-video-preview":"max-video-preview:-1"},"canonical":"https:\/\/redfoxlotto.com\/es\/jugar\/","og_locale":"es_ES","og_type":"article","og_title":"Jugar loter\u00eda en l\u00ednea | Montepremios internacionales desde cualquier pais","og_description":"Jugar a loter\u00edas internacionales en l\u00ednea le da m\u00e1s opciones y mejores oportunidades - \u00a1descubra por qu\u00e9!","og_url":"https:\/\/redfoxlotto.com\/es\/jugar\/","og_site_name":"Get Tickets for the World\u2019s largest jackpots","article_modified_time":"2025-12-15T20:04:43+00:00","og_image":[{"url":"https:\/\/content.redfoxlotto.com\/uploads\/sites\/9\/1_playing_lottery_online.jpg"}],"twitter_card":"summary_large_image","twitter_misc":{"Tiempo de lectura":"3 minutos"},"schema":{"@context":"https:\/\/schema.org","@graph":[{"@type":"WebPage","@id":"https:\/\/redfoxlotto.com\/es\/jugar\/","url":"https:\/\/redfoxlotto.com\/es\/jugar\/","name":"Jugar loter\u00eda en l\u00ednea | Montepremios internacionales desde cualquier pais","isPartOf":{"@id":"https:\/\/redfoxlotto.com\/es\/#website"},"primaryImageOfPage":{"@id":"https:\/\/redfoxlotto.com\/es\/jugar\/#primaryimage"},"image":{"@id":"https:\/\/redfoxlotto.com\/es\/jugar\/#primaryimage"},"thumbnailUrl":"https:\/\/content.redfoxlotto.com\/uploads\/sites\/9\/1_playing_lottery_online.jpg","datePublished":"2023-04-24T14:10:57+00:00","dateModified":"2025-12-15T20:04:43+00:00","description":"Jugar a loter\u00edas internacionales en l\u00ednea le da m\u00e1s opciones y mejores oportunidades - \u00a1descubra por qu\u00e9!","breadcrumb":{"@id":"https:\/\/redfoxlotto.com\/es\/jugar\/#breadcrumb"},"inLanguage":"es","potentialAction":[{"@type":"ReadAction","target":["https:\/\/redfoxlotto.com\/es\/jugar\/"]}]},{"@type":"ImageObject","inLanguage":"es","@id":"https:\/\/redfoxlotto.com\/es\/jugar\/#primaryimage","url":"https:\/\/content.redfoxlotto.com\/uploads\/sites\/9\/1_playing_lottery_online.jpg","contentUrl":"https:\/\/content.redfoxlotto.com\/uploads\/sites\/9\/1_playing_lottery_online.jpg"},{"@type":"BreadcrumbList","@id":"https:\/\/redfoxlotto.com\/es\/jugar\/#breadcrumb","itemListElement":[{"@type":"ListItem","position":1,"name":"Home","item":"https:\/\/redfoxlotto.com\/es\/"},{"@type":"ListItem","position":2,"name":"Jugar loter\u00edas mundiales"}]},{"@type":"WebSite","@id":"https:\/\/redfoxlotto.com\/es\/#website","url":"https:\/\/redfoxlotto.com\/es\/","name":"Get Tickets for the World\u2019s largest jackpots","description":"Participate in worldwide lottery jackpots from any country","publisher":{"@id":"https:\/\/redfoxlotto.com\/es\/#organization"},"potentialAction":[{"@type":"SearchAction","target":{"@type":"EntryPoint","urlTemplate":"https:\/\/redfoxlotto.com\/es\/?s={search_term_string}"},"query-input":{"@type":"PropertyValueSpecification","valueRequired":true,"valueName":"search_term_string"}}],"inLanguage":"es"},{"@type":"Organization","@id":"https:\/\/redfoxlotto.com\/es\/#organization","name":"Get Tickets for the World\u2019s largest jackpots","url":"https:\/\/redfoxlotto.com\/es\/","logo":{"@type":"ImageObject","inLanguage":"es","@id":"https:\/\/redfoxlotto.com\/es\/#\/schema\/logo\/image\/","url":"https:\/\/redfoxlotto.com\/wp-content\/uploads\/2023\/04\/logo.png","contentUrl":"https:\/\/redfoxlotto.com\/wp-content\/uploads\/2023\/04\/logo.png","width":269,"height":53,"caption":"Get Tickets for the World\u2019s largest jackpots"},"image":{"@id":"https:\/\/redfoxlotto.com\/es\/#\/schema\/logo\/image\/"}}]}},"_links":{"self":[{"href":"https:\/\/redfoxlotto.com\/es\/wp-json\/wp\/v2\/pages\/237","targetHints":{"allow":["GET"]}}],"collection":[{"href":"https:\/\/redfoxlotto.com\/es\/wp-json\/wp\/v2\/pages"}],"about":[{"href":"https:\/\/redfoxlotto.com\/es\/wp-json\/wp\/v2\/types\/page"}],"author":[{"embeddable":true,"href":"https:\/\/redfoxlotto.com\/es\/wp-json\/wp\/v2\/users\/1"}],"replies":[{"embeddable":true,"href":"https:\/\/redfoxlotto.com\/es\/wp-json\/wp\/v2\/comments?post=237"}],"version-history":[{"count":0,"href":"https:\/\/redfoxlotto.com\/es\/wp-json\/wp\/v2\/pages\/237\/revisions"}],"wp:attachment":[{"href":"https:\/\/redfoxlotto.com\/es\/wp-json\/wp\/v2\/media?parent=237"}],"curies":[{"name":"wp","href":"https:\/\/api.w.org\/{rel}","templated":true}]}}