{"id":230,"date":"2018-11-18T08:54:25","date_gmt":"2018-11-18T08:54:25","guid":{"rendered":"https:\/\/redfoxlotto.com\/?page_id=2188"},"modified":"2025-12-18T07:06:05","modified_gmt":"2025-12-18T07:06:05","slug":"mega-millions","status":"publish","type":"page","link":"https:\/\/redfoxlotto.com\/es\/resultados\/mega-millions\/","title":{"rendered":"Mega Millions numeros ganadores"},"content":{"rendered":"<p><script type=\"application\/ld+json\">\n{\n  \"@context\": \"https:\/\/schema.org\",\n  \"@type\": \"Service\",\n  \"name\": \"Ver los resultados del sorteo Mega Millions en l\u00ednea\",\n  \"url\": \"https:\/\/redfoxlotto.com\/es\/resultados\/mega-millions\/\",\n  \"description\": \"Visite RedFoxLotto para consultar los \u00faltimos resultados de Mega Millions y nuestro archivo de resultados de loter\u00edas.\",\n  \"serviceType\": \"Archivo mundial de resultados de loter\u00edas\",<\/p>\n<p>  \"provider\": {\n    \"@type\": \"Organization\",\n    \"name\": \"RedFoxLotto\",\n    \"url\": \"https:\/\/redfoxlotto.com\/es\/\",\n    \"image\": \"https:\/\/redfoxlotto.com\/wp-content\/uploads\/2025\/12\/ticket_scans.jpg\",\n    \"sameAs\": []\n  },<\/p>\n<p>  \"areaServed\": \"Worldwide\",\n  \"termsOfService\": \"https:\/\/redfoxlotto.com\/es\/terms-and-conditions\/\",\n  \"additionalProperty\": {\n    \"@type\": \"PropertyValue\",\n    \"name\": \"FAQ\",\n    \"value\": \"https:\/\/redfoxlotto.com\/es\/faq\/\"\n  },<\/p>\n<p>  \"hasOfferCatalog\": {\n    \"@type\": \"OfferCatalog\",\n    \"name\": \"Resultados Mega Millions\",\n    \"itemListElement\": [\n      {\n        \"@type\": \"Offer\",\n        \"name\": \"Resultados Mega Millions\",\n        \"url\": \"https:\/\/redfoxlotto.com\/es\/resultados\/mega-millions\/\",\n        \"description\": \"Encuentre aqu\u00ed los resultados m\u00e1s recientes e hist\u00f3ricos de Mega Millions.\",\n        \"price\": \"13.00\",\n        \"priceCurrency\": \"EUR\",\n        \"availability\": \"https:\/\/schema.org\/InStock\",\n        \"itemOffered\": {\n          \"@type\": \"Service\",\n          \"name\": \"Resultados Mega Millions\",\n          \"description\": \"N\u00fameros sorteados de Mega Millions en l\u00ednea, resultados recientes y antiguos.\"\n        }\n      }\n    ]\n  },<\/p>\n<p>  \"mainEntityOfPage\": {\n    \"@type\": \"WebPage\",\n    \"@id\": \"https:\/\/redfoxlotto.com\/es\/resultados\/mega-millions\/\"\n  }\n}\n<\/script><br \/>\n\u00bfEst\u00e1 buscando los \u00faltimos resultados de sorteos de <a href=\"https:\/\/redfoxlotto.com\/es\/loterias\/mega-millions\/\">Mega Millions EUA<\/a>? Puede encontrarlos aqu\u00ed, as\u00ed como un archivo con los n\u00fameros de los sorteos previos.<\/p>\n<p><!--more--><\/p>\n<p>\u00a1Ganar el Premio Gordo de Mega Millions es el sue\u00f1o de todo jugador de loter\u00eda, y a menudo puede ser cientos de millones de $!<\/p>\n<h2>Premio Gordo de Mega Millions<\/h2>\n<p><img loading=\"lazy\" decoding=\"async\" class=\" wp-image alignright\" src=\"https:\/\/content.redfoxlotto.com\/uploads\/sites\/9\/1_results_mega_millions.jpg\" alt=\"resultados de loter\u00eda\" width=\"232\" height=\"232\" \/><\/p>\n<p>El premio gordo m\u00ednimo en la loter\u00eda de Mega Millions es de $40 millones. No tiene l\u00edmites y se pueden acumular enormes sumas en poco tiempo. \u00a1El premio m\u00e1s grande alcanzado por Mega Millions es de m\u00e1s de 1.500 millones!<\/p>\n<p><strong>\u00a1Juegue a MegaMillions en l\u00ednea!<\/strong><\/p>\n<h2>Niveles de premios de Mega Millions<\/h2>\n<p>De nuestra tabla puede adem\u00e1s ver los niveles disponibles de premios y la cantidad de las ganancias.<\/p>\n<h2>N\u00fameros m\u00e1s y menos sorteados<\/h2>\n<p><img decoding=\"async\" class=\"size-full wp-image alignright\" src=\"https:\/\/content.redfoxlotto.com\/uploads\/sites\/9\/1_lottery_winner_is2.jpg\" alt=\"Premio mayor de Mega Millions\" \/><br \/>\nNuestro archivo adem\u00e1s puede ser \u00fatil para <a href=\"https:\/\/redfoxlotto.com\/es\/resultados\/\">encontrar n\u00fameros<\/a> con mejores probabilidades. Aqu\u00ed tiene los n\u00fameros \u201ccalientes\u201d para la Loter\u00eda de Mega Millions:<\/p>\n<p>Los n\u00fameros 29, 4, 48, y 36 son los n\u00fameros que se sortean con mayor frecuencia en Mega Millions. El n\u00famero 48 ha sido sorteado m\u00e1s de 80 veces desde el 2005. Los n\u00fameros MegaBall m\u00e1s populares fueron 35, 9, 36 y 7.<\/p>\n","protected":false},"excerpt":{"rendered":"<p>\u00bfEst\u00e1 buscando los \u00faltimos resultados de sorteos de Mega Millions EUA? Puede encontrarlos aqu\u00ed, as\u00ed como un archivo con los n\u00fameros de los sorteos previos.<\/p>\n","protected":false},"author":1,"featured_media":0,"parent":227,"menu_order":2,"comment_status":"closed","ping_status":"closed","template":"megamillion-results.php","meta":{"_et_pb_use_builder":"","_et_pb_old_content":"","_et_gb_content_width":"","exclude_from_search":false,"footnotes":""},"class_list":["post-230","page","type-page","status-publish","hentry"],"yoast_head":"<!-- This site is optimized with the Yoast SEO plugin v23.8 - https:\/\/yoast.com\/wordpress\/plugins\/seo\/ -->\n<title>Resultados de la loter\u00eda Mega Millions y numeros ganadores<\/title>\n<meta name=\"description\" content=\"Resultados y numeros ganadores de la loteria Mega Millions, incluyendo archivo de sorteos anteriores\" \/>\n<meta name=\"robots\" content=\"index, follow, max-snippet:-1, max-image-preview:large, max-video-preview:-1\" \/>\n<link rel=\"canonical\" href=\"https:\/\/redfoxlotto.com\/es\/results\/mega-millions\/\" \/>\n<meta property=\"og:locale\" content=\"es_ES\" \/>\n<meta property=\"og:type\" content=\"article\" \/>\n<meta property=\"og:title\" content=\"Resultados de la loter\u00eda Mega Millions y numeros ganadores\" \/>\n<meta property=\"og:description\" content=\"Resultados y numeros ganadores de la loteria Mega Millions, incluyendo archivo de sorteos anteriores\" \/>\n<meta property=\"og:url\" content=\"https:\/\/redfoxlotto.com\/results\/mega-millions\/\" \/>\n<meta property=\"og:site_name\" content=\"Get Tickets for the World\u2019s largest jackpots\" \/>\n<meta property=\"article:modified_time\" content=\"2025-12-18T07:06:05+00:00\" \/>\n<meta property=\"og:image\" content=\"https:\/\/content.redfoxlotto.com\/uploads\/sites\/9\/1_results_mega_millions.jpg\" \/>\n<meta name=\"twitter:card\" content=\"summary_large_image\" \/>\n<meta name=\"twitter:label1\" content=\"Tiempo de lectura\" \/>\n\t<meta name=\"twitter:data1\" content=\"2 minutos\" \/>\n<script type=\"application\/ld+json\" class=\"yoast-schema-graph\">{\"@context\":\"https:\/\/schema.org\",\"@graph\":[{\"@type\":\"WebPage\",\"@id\":\"https:\/\/redfoxlotto.com\/es\/resultados\/mega-millions\/\",\"url\":\"https:\/\/redfoxlotto.com\/results\/mega-millions\/\",\"name\":\"Resultados de la loter\u00eda Mega Millions y numeros ganadores\",\"isPartOf\":{\"@id\":\"https:\/\/redfoxlotto.com\/es\/#website\"},\"primaryImageOfPage\":{\"@id\":\"https:\/\/redfoxlotto.com\/results\/mega-millions\/#primaryimage\"},\"image\":{\"@id\":\"https:\/\/redfoxlotto.com\/results\/mega-millions\/#primaryimage\"},\"thumbnailUrl\":\"https:\/\/content.redfoxlotto.com\/uploads\/sites\/9\/1_results_mega_millions.jpg\",\"datePublished\":\"2018-11-18T08:54:25+00:00\",\"dateModified\":\"2025-12-18T07:06:05+00:00\",\"description\":\"Resultados y numeros ganadores de la loteria Mega Millions, incluyendo archivo de sorteos anteriores\",\"breadcrumb\":{\"@id\":\"https:\/\/redfoxlotto.com\/results\/mega-millions\/#breadcrumb\"},\"inLanguage\":\"es\",\"potentialAction\":[{\"@type\":\"ReadAction\",\"target\":[\"https:\/\/redfoxlotto.com\/results\/mega-millions\/\"]}]},{\"@type\":\"ImageObject\",\"inLanguage\":\"es\",\"@id\":\"https:\/\/redfoxlotto.com\/results\/mega-millions\/#primaryimage\",\"url\":\"https:\/\/content.redfoxlotto.com\/uploads\/sites\/9\/1_results_mega_millions.jpg\",\"contentUrl\":\"https:\/\/content.redfoxlotto.com\/uploads\/sites\/9\/1_results_mega_millions.jpg\"},{\"@type\":\"BreadcrumbList\",\"@id\":\"https:\/\/redfoxlotto.com\/results\/mega-millions\/#breadcrumb\",\"itemListElement\":[{\"@type\":\"ListItem\",\"position\":1,\"name\":\"Home\",\"item\":\"https:\/\/redfoxlotto.com\/es\/\"},{\"@type\":\"ListItem\",\"position\":2,\"name\":\"Resultados y n\u00fameros ganadores de loto en el mundo\",\"item\":\"https:\/\/redfoxlotto.com\/es\/resultados\/\"},{\"@type\":\"ListItem\",\"position\":3,\"name\":\"Mega Millions numeros ganadores\"}]},{\"@type\":\"WebSite\",\"@id\":\"https:\/\/redfoxlotto.com\/es\/#website\",\"url\":\"https:\/\/redfoxlotto.com\/es\/\",\"name\":\"Get Tickets for the World\u2019s largest jackpots\",\"description\":\"Participate in worldwide lottery jackpots from any country\",\"publisher\":{\"@id\":\"https:\/\/redfoxlotto.com\/es\/#organization\"},\"potentialAction\":[{\"@type\":\"SearchAction\",\"target\":{\"@type\":\"EntryPoint\",\"urlTemplate\":\"https:\/\/redfoxlotto.com\/es\/?s={search_term_string}\"},\"query-input\":{\"@type\":\"PropertyValueSpecification\",\"valueRequired\":true,\"valueName\":\"search_term_string\"}}],\"inLanguage\":\"es\"},{\"@type\":\"Organization\",\"@id\":\"https:\/\/redfoxlotto.com\/es\/#organization\",\"name\":\"Get Tickets for the World\u2019s largest jackpots\",\"url\":\"https:\/\/redfoxlotto.com\/es\/\",\"logo\":{\"@type\":\"ImageObject\",\"inLanguage\":\"es\",\"@id\":\"https:\/\/redfoxlotto.com\/es\/#\/schema\/logo\/image\/\",\"url\":\"https:\/\/redfoxlotto.com\/wp-content\/uploads\/2023\/04\/logo.png\",\"contentUrl\":\"https:\/\/redfoxlotto.com\/wp-content\/uploads\/2023\/04\/logo.png\",\"width\":269,\"height\":53,\"caption\":\"Get Tickets for the World\u2019s largest jackpots\"},\"image\":{\"@id\":\"https:\/\/redfoxlotto.com\/es\/#\/schema\/logo\/image\/\"}}]}<\/script>\n<!-- \/ Yoast SEO plugin. -->","yoast_head_json":{"title":"Resultados de la loter\u00eda Mega Millions y numeros ganadores","description":"Resultados y numeros ganadores de la loteria Mega Millions, incluyendo archivo de sorteos anteriores","robots":{"index":"index","follow":"follow","max-snippet":"max-snippet:-1","max-image-preview":"max-image-preview:large","max-video-preview":"max-video-preview:-1"},"canonical":"https:\/\/redfoxlotto.com\/es\/results\/mega-millions\/","og_locale":"es_ES","og_type":"article","og_title":"Resultados de la loter\u00eda Mega Millions y numeros ganadores","og_description":"Resultados y numeros ganadores de la loteria Mega Millions, incluyendo archivo de sorteos anteriores","og_url":"https:\/\/redfoxlotto.com\/results\/mega-millions\/","og_site_name":"Get Tickets for the World\u2019s largest jackpots","article_modified_time":"2025-12-18T07:06:05+00:00","og_image":[{"url":"https:\/\/content.redfoxlotto.com\/uploads\/sites\/9\/1_results_mega_millions.jpg"}],"twitter_card":"summary_large_image","twitter_misc":{"Tiempo de lectura":"2 minutos"},"schema":{"@context":"https:\/\/schema.org","@graph":[{"@type":"WebPage","@id":"https:\/\/redfoxlotto.com\/es\/resultados\/mega-millions\/","url":"https:\/\/redfoxlotto.com\/results\/mega-millions\/","name":"Resultados de la loter\u00eda Mega Millions y numeros ganadores","isPartOf":{"@id":"https:\/\/redfoxlotto.com\/es\/#website"},"primaryImageOfPage":{"@id":"https:\/\/redfoxlotto.com\/results\/mega-millions\/#primaryimage"},"image":{"@id":"https:\/\/redfoxlotto.com\/results\/mega-millions\/#primaryimage"},"thumbnailUrl":"https:\/\/content.redfoxlotto.com\/uploads\/sites\/9\/1_results_mega_millions.jpg","datePublished":"2018-11-18T08:54:25+00:00","dateModified":"2025-12-18T07:06:05+00:00","description":"Resultados y numeros ganadores de la loteria Mega Millions, incluyendo archivo de sorteos anteriores","breadcrumb":{"@id":"https:\/\/redfoxlotto.com\/results\/mega-millions\/#breadcrumb"},"inLanguage":"es","potentialAction":[{"@type":"ReadAction","target":["https:\/\/redfoxlotto.com\/results\/mega-millions\/"]}]},{"@type":"ImageObject","inLanguage":"es","@id":"https:\/\/redfoxlotto.com\/results\/mega-millions\/#primaryimage","url":"https:\/\/content.redfoxlotto.com\/uploads\/sites\/9\/1_results_mega_millions.jpg","contentUrl":"https:\/\/content.redfoxlotto.com\/uploads\/sites\/9\/1_results_mega_millions.jpg"},{"@type":"BreadcrumbList","@id":"https:\/\/redfoxlotto.com\/results\/mega-millions\/#breadcrumb","itemListElement":[{"@type":"ListItem","position":1,"name":"Home","item":"https:\/\/redfoxlotto.com\/es\/"},{"@type":"ListItem","position":2,"name":"Resultados y n\u00fameros ganadores de loto en el mundo","item":"https:\/\/redfoxlotto.com\/es\/resultados\/"},{"@type":"ListItem","position":3,"name":"Mega Millions numeros ganadores"}]},{"@type":"WebSite","@id":"https:\/\/redfoxlotto.com\/es\/#website","url":"https:\/\/redfoxlotto.com\/es\/","name":"Get Tickets for the World\u2019s largest jackpots","description":"Participate in worldwide lottery jackpots from any country","publisher":{"@id":"https:\/\/redfoxlotto.com\/es\/#organization"},"potentialAction":[{"@type":"SearchAction","target":{"@type":"EntryPoint","urlTemplate":"https:\/\/redfoxlotto.com\/es\/?s={search_term_string}"},"query-input":{"@type":"PropertyValueSpecification","valueRequired":true,"valueName":"search_term_string"}}],"inLanguage":"es"},{"@type":"Organization","@id":"https:\/\/redfoxlotto.com\/es\/#organization","name":"Get Tickets for the World\u2019s largest jackpots","url":"https:\/\/redfoxlotto.com\/es\/","logo":{"@type":"ImageObject","inLanguage":"es","@id":"https:\/\/redfoxlotto.com\/es\/#\/schema\/logo\/image\/","url":"https:\/\/redfoxlotto.com\/wp-content\/uploads\/2023\/04\/logo.png","contentUrl":"https:\/\/redfoxlotto.com\/wp-content\/uploads\/2023\/04\/logo.png","width":269,"height":53,"caption":"Get Tickets for the World\u2019s largest jackpots"},"image":{"@id":"https:\/\/redfoxlotto.com\/es\/#\/schema\/logo\/image\/"}}]}},"_links":{"self":[{"href":"https:\/\/redfoxlotto.com\/es\/wp-json\/wp\/v2\/pages\/230","targetHints":{"allow":["GET"]}}],"collection":[{"href":"https:\/\/redfoxlotto.com\/es\/wp-json\/wp\/v2\/pages"}],"about":[{"href":"https:\/\/redfoxlotto.com\/es\/wp-json\/wp\/v2\/types\/page"}],"author":[{"embeddable":true,"href":"https:\/\/redfoxlotto.com\/es\/wp-json\/wp\/v2\/users\/1"}],"replies":[{"embeddable":true,"href":"https:\/\/redfoxlotto.com\/es\/wp-json\/wp\/v2\/comments?post=230"}],"version-history":[{"count":0,"href":"https:\/\/redfoxlotto.com\/es\/wp-json\/wp\/v2\/pages\/230\/revisions"}],"up":[{"embeddable":true,"href":"https:\/\/redfoxlotto.com\/es\/wp-json\/wp\/v2\/pages\/227"}],"wp:attachment":[{"href":"https:\/\/redfoxlotto.com\/es\/wp-json\/wp\/v2\/media?parent=230"}],"curies":[{"name":"wp","href":"https:\/\/api.w.org\/{rel}","templated":true}]}}