{"id":229,"date":"2018-11-18T08:54:25","date_gmt":"2018-11-18T08:54:25","guid":{"rendered":"https:\/\/redfoxlotto.com\/?page_id=2186"},"modified":"2025-12-17T15:23:39","modified_gmt":"2025-12-17T15:23:39","slug":"euromillions","status":"publish","type":"page","link":"https:\/\/redfoxlotto.com\/es\/resultados\/euromillions\/","title":{"rendered":"EuroMillions"},"content":{"rendered":"<p><script type=\"application\/ld+json\">\n{\n  \"@context\": \"https:\/\/schema.org\",\n  \"@type\": \"Service\",\n  \"name\": \"Consultar resultados de Euromillions en l\u00ednea\",\n  \"url\": \"https:\/\/redfoxlotto.com\/es\/resultados\/euromillions\/\",\n  \"description\": \"Visita RedFoxLotto para ver los resultados m\u00e1s recientes y archivados de Euromillions.\",\n  \"serviceType\": \"Archivo mundial de resultados de loter\u00edas\",\n  \"provider\": {\n    \"@type\": \"Organization\",\n    \"name\": \"RedFoxLotto\",\n    \"url\": \"https:\/\/redfoxlotto.com\",\n    \"image\": \"https:\/\/redfoxlotto.com\/wp-content\/uploads\/2025\/12\/ticket_scans.jpg\",\n    \"sameAs\": []\n  },\n  \"areaServed\": \"Worldwide\",\n  \"termsOfService\": \"https:\/\/redfoxlotto.com\/terms-and-conditions\",\n  \"additionalProperty\": {\n    \"@type\": \"PropertyValue\",\n    \"name\": \"FAQ\",\n    \"value\": \"https:\/\/redfoxlotto.com\/es\/resultados\/euromillions\/\"\n  },\n  \"hasOfferCatalog\": {\n    \"@type\": \"OfferCatalog\",\n    \"name\": \"Resultados de Euromillions\",\n    \"itemListElement\": [{\n      \"@type\": \"Offer\",\n      \"name\": \"Resultados de Euromillions\",\n      \"url\": \"https:\/\/redfoxlotto.com\/es\/resultados\/euromillions\/\",\n      \"description\": \"Resultados recientes y anteriores de Euromillions.\",\n      \"itemOffered\": {\n        \"@type\": \"Service\",\n        \"name\": \"Resultados de Euromillions\",\n        \"description\": \"N\u00fameros sorteados de Euromillions.\"\n      }\n    }]\n  },\n  \"mainEntityOfPage\": {\n    \"@type\": \"WebPage\",\n    \"@id\": \"https:\/\/redfoxlotto.com\/es\/resultados\/euromillions\/\"\n  }\n}\n<\/script><\/p>\n<h2>Euromillones y el Millionaire Maker del Reino Unido<\/h2>\n<p>Los jugadores pagan un poco m\u00e1s porque los boletos de EuroMillones se compran en el Reino Unido. Esto se debe al hecho de que los boletos del Reino Unido vienen con una participaci\u00f3n autom\u00e1tica en el sorteo del Millionaire Maker, que proporciona una oportunidad extra de ganar una recompensa de 1 mill\u00f3n de libras esterlinas.<\/p>\n<p>El Millionaire Maker funciona generando un c\u00f3digo \u00fanico para cada boleto comprado. Este c\u00f3digo consta de cuatro letras seguidas de cinco n\u00fameros (por ejemplo, ABCD12345). En cada sorteo, se seleccionan al azar uno o m\u00e1s de estos c\u00f3digos, y el poseedor del boleto con el c\u00f3digo coincidente gana instant\u00e1neamente 1 mill\u00f3n de libras esterlinas, independientemente de los n\u00fameros principales de Euromillones que salgan sorteados.<\/p>\n<p>Esta caracter\u00edstica hace que jugar a Euromillones en el Reino Unido resulte especialmente atractivo, ya que ofrece una oportunidad adicional de ganar un premio importante m\u00e1s all\u00e1 del bote est\u00e1ndar y las recompensas de menor cuant\u00eda.<\/p>\n<p>En esta p\u00e1gina, detallamos los <strong>resultados de los sorteos de EuroMillions<\/strong>. \u00bfGan\u00f3 su boleto? <strong>\u00a1Felicitaciones!<br \/>\n<!--more--><\/strong><\/p>\n<p>Aproveche nuestro archivo de resultados, donde puede obtener informaci\u00f3n acerca de qu\u00e9 n\u00fameros no han ganado por mucho tiempo.<\/p>\n<h2>Premio Gordo de EuroMillions<\/h2>\n<p><img loading=\"lazy\" decoding=\"async\" class=\" wp-image alignright\" src=\"https:\/\/content.redfoxlotto.com\/uploads\/sites\/9\/1_results_mega_millions.jpg\" alt=\"resultados de loter\u00eda\" width=\"234\" height=\"234\" \/><\/p>\n<p>El premio gordo base de <a href=\"https:\/\/redfoxlotto.com\/es\/jugar\/euromillions\/\">EuroMillions<\/a> es de \u20ac17.000.000. Pero han logrado premios gordos fabulosos de \u20ac190 millones. Es por eso que los fans de la loter\u00eda de toda Europa aman esta loter\u00eda.<\/p>\n<h2>Premios de EuroMillions y Ganadores de Euromillions<\/h2>\n<p><img decoding=\"async\" class=\"size-full wp-image alignright\" src=\"https:\/\/content.redfoxlotto.com\/uploads\/sites\/9\/1_lottery_winner_is2.jpg\" alt=\"Premio mayor de Mega Millions\" \/><br \/>\nHay <strong>13 categor\u00edas de premios en la Loter\u00eda EuroMillions<\/strong>. Solo se necesitan dos n\u00fameros para ganar un premio. Nuestra tabla adem\u00e1s muestra el n\u00famero de ganadores en cada nivel de premios junto a sus respectivas ganancias.<\/p>\n","protected":false},"excerpt":{"rendered":"<p>Euromillones y el Millionaire Maker del Reino Unido Los jugadores pagan un poco m\u00e1s porque los boletos de EuroMillones se compran en el Reino Unido. Esto se debe al hecho de que los boletos del Reino Unido vienen con una participaci\u00f3n autom\u00e1tica en el sorteo del Millionaire Maker, que proporciona una oportunidad extra de ganar [&hellip;]<\/p>\n","protected":false},"author":1,"featured_media":0,"parent":227,"menu_order":3,"comment_status":"closed","ping_status":"closed","template":"euromillions-results.php","meta":{"_et_pb_use_builder":"","_et_pb_old_content":"","_et_gb_content_width":"","exclude_from_search":false,"footnotes":""},"class_list":["post-229","page","type-page","status-publish","hentry"],"yoast_head":"<!-- This site is optimized with the Yoast SEO plugin v23.8 - https:\/\/yoast.com\/wordpress\/plugins\/seo\/ -->\n<title>Resultados de la loter\u00eda EuroMillions<\/title>\n<meta name=\"description\" content=\"Resultados de esta semana y anteriores de Euromillions, todo en esta pagina\" \/>\n<meta name=\"robots\" content=\"index, follow, max-snippet:-1, max-image-preview:large, max-video-preview:-1\" \/>\n<link rel=\"canonical\" href=\"https:\/\/redfoxlotto.com\/es\/resultados\/euromillions\/\" \/>\n<meta property=\"og:locale\" content=\"es_ES\" \/>\n<meta property=\"og:type\" content=\"article\" \/>\n<meta property=\"og:title\" content=\"Resultados de la loter\u00eda EuroMillions\" \/>\n<meta property=\"og:description\" content=\"Resultados de esta semana y anteriores de Euromillions, todo en esta pagina\" \/>\n<meta property=\"og:url\" content=\"https:\/\/redfoxlotto.com\/es\/resultados\/euromillions\/\" \/>\n<meta property=\"og:site_name\" content=\"Get Tickets for the World\u2019s largest jackpots\" \/>\n<meta property=\"article:modified_time\" content=\"2025-12-17T15:23:39+00:00\" \/>\n<meta property=\"og:image\" content=\"https:\/\/content.redfoxlotto.com\/uploads\/sites\/9\/1_results_mega_millions.jpg\" \/>\n<meta name=\"twitter:card\" content=\"summary_large_image\" \/>\n<meta name=\"twitter:label1\" content=\"Tiempo de lectura\" \/>\n\t<meta name=\"twitter:data1\" content=\"2 minutos\" \/>\n<script type=\"application\/ld+json\" class=\"yoast-schema-graph\">{\"@context\":\"https:\/\/schema.org\",\"@graph\":[{\"@type\":\"WebPage\",\"@id\":\"https:\/\/redfoxlotto.com\/es\/resultados\/euromillions\/\",\"url\":\"https:\/\/redfoxlotto.com\/es\/resultados\/euromillions\/\",\"name\":\"Resultados de la loter\u00eda EuroMillions\",\"isPartOf\":{\"@id\":\"https:\/\/redfoxlotto.com\/es\/#website\"},\"primaryImageOfPage\":{\"@id\":\"https:\/\/redfoxlotto.com\/es\/resultados\/euromillions\/#primaryimage\"},\"image\":{\"@id\":\"https:\/\/redfoxlotto.com\/es\/resultados\/euromillions\/#primaryimage\"},\"thumbnailUrl\":\"https:\/\/content.redfoxlotto.com\/uploads\/sites\/9\/1_results_mega_millions.jpg\",\"datePublished\":\"2018-11-18T08:54:25+00:00\",\"dateModified\":\"2025-12-17T15:23:39+00:00\",\"description\":\"Resultados de esta semana y anteriores de Euromillions, todo en esta pagina\",\"breadcrumb\":{\"@id\":\"https:\/\/redfoxlotto.com\/es\/resultados\/euromillions\/#breadcrumb\"},\"inLanguage\":\"es\",\"potentialAction\":[{\"@type\":\"ReadAction\",\"target\":[\"https:\/\/redfoxlotto.com\/es\/resultados\/euromillions\/\"]}]},{\"@type\":\"ImageObject\",\"inLanguage\":\"es\",\"@id\":\"https:\/\/redfoxlotto.com\/es\/resultados\/euromillions\/#primaryimage\",\"url\":\"https:\/\/content.redfoxlotto.com\/uploads\/sites\/9\/1_results_mega_millions.jpg\",\"contentUrl\":\"https:\/\/content.redfoxlotto.com\/uploads\/sites\/9\/1_results_mega_millions.jpg\"},{\"@type\":\"BreadcrumbList\",\"@id\":\"https:\/\/redfoxlotto.com\/es\/resultados\/euromillions\/#breadcrumb\",\"itemListElement\":[{\"@type\":\"ListItem\",\"position\":1,\"name\":\"Home\",\"item\":\"https:\/\/redfoxlotto.com\/es\/\"},{\"@type\":\"ListItem\",\"position\":2,\"name\":\"Resultados y n\u00fameros ganadores de loto en el mundo\",\"item\":\"https:\/\/redfoxlotto.com\/es\/resultados\/\"},{\"@type\":\"ListItem\",\"position\":3,\"name\":\"EuroMillions\"}]},{\"@type\":\"WebSite\",\"@id\":\"https:\/\/redfoxlotto.com\/es\/#website\",\"url\":\"https:\/\/redfoxlotto.com\/es\/\",\"name\":\"Get Tickets for the World\u2019s largest jackpots\",\"description\":\"Participate in worldwide lottery jackpots from any country\",\"publisher\":{\"@id\":\"https:\/\/redfoxlotto.com\/es\/#organization\"},\"potentialAction\":[{\"@type\":\"SearchAction\",\"target\":{\"@type\":\"EntryPoint\",\"urlTemplate\":\"https:\/\/redfoxlotto.com\/es\/?s={search_term_string}\"},\"query-input\":{\"@type\":\"PropertyValueSpecification\",\"valueRequired\":true,\"valueName\":\"search_term_string\"}}],\"inLanguage\":\"es\"},{\"@type\":\"Organization\",\"@id\":\"https:\/\/redfoxlotto.com\/es\/#organization\",\"name\":\"Get Tickets for the World\u2019s largest jackpots\",\"url\":\"https:\/\/redfoxlotto.com\/es\/\",\"logo\":{\"@type\":\"ImageObject\",\"inLanguage\":\"es\",\"@id\":\"https:\/\/redfoxlotto.com\/es\/#\/schema\/logo\/image\/\",\"url\":\"https:\/\/redfoxlotto.com\/wp-content\/uploads\/2023\/04\/logo.png\",\"contentUrl\":\"https:\/\/redfoxlotto.com\/wp-content\/uploads\/2023\/04\/logo.png\",\"width\":269,\"height\":53,\"caption\":\"Get Tickets for the World\u2019s largest jackpots\"},\"image\":{\"@id\":\"https:\/\/redfoxlotto.com\/es\/#\/schema\/logo\/image\/\"}}]}<\/script>\n<!-- \/ Yoast SEO plugin. -->","yoast_head_json":{"title":"Resultados de la loter\u00eda EuroMillions","description":"Resultados de esta semana y anteriores de Euromillions, todo en esta pagina","robots":{"index":"index","follow":"follow","max-snippet":"max-snippet:-1","max-image-preview":"max-image-preview:large","max-video-preview":"max-video-preview:-1"},"canonical":"https:\/\/redfoxlotto.com\/es\/resultados\/euromillions\/","og_locale":"es_ES","og_type":"article","og_title":"Resultados de la loter\u00eda EuroMillions","og_description":"Resultados de esta semana y anteriores de Euromillions, todo en esta pagina","og_url":"https:\/\/redfoxlotto.com\/es\/resultados\/euromillions\/","og_site_name":"Get Tickets for the World\u2019s largest jackpots","article_modified_time":"2025-12-17T15:23:39+00:00","og_image":[{"url":"https:\/\/content.redfoxlotto.com\/uploads\/sites\/9\/1_results_mega_millions.jpg"}],"twitter_card":"summary_large_image","twitter_misc":{"Tiempo de lectura":"2 minutos"},"schema":{"@context":"https:\/\/schema.org","@graph":[{"@type":"WebPage","@id":"https:\/\/redfoxlotto.com\/es\/resultados\/euromillions\/","url":"https:\/\/redfoxlotto.com\/es\/resultados\/euromillions\/","name":"Resultados de la loter\u00eda EuroMillions","isPartOf":{"@id":"https:\/\/redfoxlotto.com\/es\/#website"},"primaryImageOfPage":{"@id":"https:\/\/redfoxlotto.com\/es\/resultados\/euromillions\/#primaryimage"},"image":{"@id":"https:\/\/redfoxlotto.com\/es\/resultados\/euromillions\/#primaryimage"},"thumbnailUrl":"https:\/\/content.redfoxlotto.com\/uploads\/sites\/9\/1_results_mega_millions.jpg","datePublished":"2018-11-18T08:54:25+00:00","dateModified":"2025-12-17T15:23:39+00:00","description":"Resultados de esta semana y anteriores de Euromillions, todo en esta pagina","breadcrumb":{"@id":"https:\/\/redfoxlotto.com\/es\/resultados\/euromillions\/#breadcrumb"},"inLanguage":"es","potentialAction":[{"@type":"ReadAction","target":["https:\/\/redfoxlotto.com\/es\/resultados\/euromillions\/"]}]},{"@type":"ImageObject","inLanguage":"es","@id":"https:\/\/redfoxlotto.com\/es\/resultados\/euromillions\/#primaryimage","url":"https:\/\/content.redfoxlotto.com\/uploads\/sites\/9\/1_results_mega_millions.jpg","contentUrl":"https:\/\/content.redfoxlotto.com\/uploads\/sites\/9\/1_results_mega_millions.jpg"},{"@type":"BreadcrumbList","@id":"https:\/\/redfoxlotto.com\/es\/resultados\/euromillions\/#breadcrumb","itemListElement":[{"@type":"ListItem","position":1,"name":"Home","item":"https:\/\/redfoxlotto.com\/es\/"},{"@type":"ListItem","position":2,"name":"Resultados y n\u00fameros ganadores de loto en el mundo","item":"https:\/\/redfoxlotto.com\/es\/resultados\/"},{"@type":"ListItem","position":3,"name":"EuroMillions"}]},{"@type":"WebSite","@id":"https:\/\/redfoxlotto.com\/es\/#website","url":"https:\/\/redfoxlotto.com\/es\/","name":"Get Tickets for the World\u2019s largest jackpots","description":"Participate in worldwide lottery jackpots from any country","publisher":{"@id":"https:\/\/redfoxlotto.com\/es\/#organization"},"potentialAction":[{"@type":"SearchAction","target":{"@type":"EntryPoint","urlTemplate":"https:\/\/redfoxlotto.com\/es\/?s={search_term_string}"},"query-input":{"@type":"PropertyValueSpecification","valueRequired":true,"valueName":"search_term_string"}}],"inLanguage":"es"},{"@type":"Organization","@id":"https:\/\/redfoxlotto.com\/es\/#organization","name":"Get Tickets for the World\u2019s largest jackpots","url":"https:\/\/redfoxlotto.com\/es\/","logo":{"@type":"ImageObject","inLanguage":"es","@id":"https:\/\/redfoxlotto.com\/es\/#\/schema\/logo\/image\/","url":"https:\/\/redfoxlotto.com\/wp-content\/uploads\/2023\/04\/logo.png","contentUrl":"https:\/\/redfoxlotto.com\/wp-content\/uploads\/2023\/04\/logo.png","width":269,"height":53,"caption":"Get Tickets for the World\u2019s largest jackpots"},"image":{"@id":"https:\/\/redfoxlotto.com\/es\/#\/schema\/logo\/image\/"}}]}},"_links":{"self":[{"href":"https:\/\/redfoxlotto.com\/es\/wp-json\/wp\/v2\/pages\/229","targetHints":{"allow":["GET"]}}],"collection":[{"href":"https:\/\/redfoxlotto.com\/es\/wp-json\/wp\/v2\/pages"}],"about":[{"href":"https:\/\/redfoxlotto.com\/es\/wp-json\/wp\/v2\/types\/page"}],"author":[{"embeddable":true,"href":"https:\/\/redfoxlotto.com\/es\/wp-json\/wp\/v2\/users\/1"}],"replies":[{"embeddable":true,"href":"https:\/\/redfoxlotto.com\/es\/wp-json\/wp\/v2\/comments?post=229"}],"version-history":[{"count":0,"href":"https:\/\/redfoxlotto.com\/es\/wp-json\/wp\/v2\/pages\/229\/revisions"}],"up":[{"embeddable":true,"href":"https:\/\/redfoxlotto.com\/es\/wp-json\/wp\/v2\/pages\/227"}],"wp:attachment":[{"href":"https:\/\/redfoxlotto.com\/es\/wp-json\/wp\/v2\/media?parent=229"}],"curies":[{"name":"wp","href":"https:\/\/api.w.org\/{rel}","templated":true}]}}