{"id":227,"date":"2023-04-24T14:13:24","date_gmt":"2023-04-24T14:13:24","guid":{"rendered":"https:\/\/redfoxlotto.com\/?page_id=2182"},"modified":"2025-12-18T09:00:10","modified_gmt":"2025-12-18T09:00:10","slug":"resultados","status":"publish","type":"page","link":"https:\/\/redfoxlotto.com\/es\/resultados\/","title":{"rendered":"Resultados y n\u00fameros ganadores de loto en el mundo"},"content":{"rendered":"<p><script type=\"application\/ld+json\">\n{\n  \"@context\": \"https:\/\/schema.org\",\n  \"@type\": \"Service\",\n  \"name\": \"Verifica los resultados de sorteos internacionales de loter\u00edas en l\u00ednea\",\n  \"url\": \"https:\/\/redfoxlotto.com\/es\/resultados\/powerball\",\n  \"description\": \"Visita RedFoxLotto para consultar los \u00faltimos resultados de las loter\u00edas m\u00e1s grandes del mundo.\",\n  \"serviceType\": \"Archivo mundial de resultados de loter\u00edas\",<\/p>\n<p>  \"provider\": {\n    \"@type\": \"Organization\",\n    \"name\": \"RedFoxLotto\",\n    \"url\": \"https:\/\/redfoxlotto.com\/es\/\",\n    \"image\": \"https:\/\/redfoxlotto.com\/wp-content\/uploads\/2025\/12\/ticket_scans.jpg\",\n    \"sameAs\": []\n  },<\/p>\n<p>  \"areaServed\": \"Worldwide\",\n  \"termsOfService\": \"https:\/\/redfoxlotto.com\/terms-and-conditions\",<\/p>\n<p>  \"additionalProperty\": {\n    \"@type\": \"PropertyValue\",\n    \"name\": \"Preguntas frecuentes\",\n    \"value\": \"https:\/\/redfoxlotto.com\/es\/faq\/\"\n  },<\/p>\n<p>  \"hasOfferCatalog\": {\n    \"@type\": \"OfferCatalog\",\n    \"name\": \"Resultados de loter\u00edas mundiales\",\n    \"itemListElement\": [\n      {\n        \"@type\": \"Offer\",\n        \"name\": \"Boleto Powerball\",\n        \"url\": \"https:\/\/redfoxlotto.com\/es\/resultados\/\",\n        \"description\": \"Encuentra aqu\u00ed los resultados recientes e hist\u00f3ricos de las loter\u00edas m\u00e1s grandes del mundo\",\n        \"itemOffered\": {\n          \"@type\": \"Service\",\n          \"name\": \"Resultados internacionales de loter\u00edas\",\n          \"description\": \"N\u00fameros sorteados en l\u00ednea para las loter\u00edas m\u00e1s grandes, resultados recientes y antiguos.\"\n        }\n      }\n    ]\n  },<\/p>\n<p>  \"mainEntityOfPage\": {\n    \"@type\": \"WebPage\",\n    \"@id\": \"https:\/\/redfoxlotto.com\/es\/resultados\/\"\n  }\n}\n<\/script><\/p>\n<p>Aqu\u00ed, semana tras semana, publicamos los \u00faltimos n\u00fameros ganadores de todas las loter\u00edas internacionales de las cuales puede comprar boletos con nosotros.<\/p>\n<p><!--more--><\/p>\n<p>Los n\u00fameros vienen de los operadores oficiales de las loter\u00edas. Se publicar\u00e1n aqu\u00ed inmediatamente despu\u00e9s del sorteo. De esa manera, puede r\u00e1pidamente comparar sus boletos con los n\u00fameros ganadores y ver si ha ganado. Adem\u00e1s puede ver los montos de ganancias que correspondan con los premios respectivos al hacer clic en el nombre de la loter\u00eda.<\/p>\n<p><img decoding=\"async\" class=\"size-full wp-image alignright\" src=\"https:\/\/content.redfoxlotto.com\/uploads\/sites\/9\/1_winning_lottery_numbers.jpg\" alt=\"n\u00fameros ganadores de loter\u00edas internacionales\"><\/p>\n<p>Esto tambi\u00e9n le dir\u00e1 si se gan\u00f3 el \u00faltimo premio gordo o no, y le mostrar\u00e1 los n\u00fameros de los sorteos de las semanas pasadas.<br \/>\nPor supuesto, si desea, puede usar esta informaci\u00f3n acerca de las <a href=\"https:\/\/redfoxlotto.com\/es\/\">loter\u00edas internacionales<\/a> para elegir los n\u00fameros para sus pr\u00f3ximos boletos de loter\u00eda.<\/p>\n<h2>N\u00fameros fr\u00edos y calientes<\/h2>\n<p>Se est\u00e1 preparado una idea general con los n\u00fameros \u201ccalientes\u201d (los sorteados m\u00e1s veces en las semanas recientes) y \u201cfr\u00edos\u201d (los sorteados menos veces en las semanas recientes) de las \u00faltimas semanas. Muchos jugadores utilizan esta informaci\u00f3n para elegir sus n\u00fameros ganadores. Es una estrategia que promete ser exitosa.<br \/>\n<img decoding=\"async\" class=\"size-full wp-image alignright\" src=\"https:\/\/content.redfoxlotto.com\/uploads\/sites\/9\/1_lotto_draw_results.jpg\" alt=\"loter\u00eda de resultados\"><br \/>\nIgualmente, puede usar los n\u00fameros ganadores de las semanas pasadas para crear nuevas combinaciones para su pr\u00f3ximo boleto. Un ejemplo ser\u00eda utilizar, para un boleto Powerball, el primer n\u00famero del sorteo de Megamillions, el segundo de los resultados de <a href=\"https:\/\/redfoxlotto.com\/es\/loterias\/euromillions\/\">Euromillions<\/a>, el tercero de la <a href=\"https:\/\/redfoxlotto.com\/es\/loterias\/eurojackpot\/\">Eurojackpot<\/a>, y as\u00ed.<\/p>\n","protected":false},"excerpt":{"rendered":"<p>Aqu\u00ed, semana tras semana, publicamos los \u00faltimos n\u00fameros ganadores de todas las loter\u00edas internacionales de las cuales puede comprar boletos con nosotros.<\/p>\n","protected":false},"author":1,"featured_media":0,"parent":0,"menu_order":4,"comment_status":"closed","ping_status":"closed","template":"Results.php","meta":{"_et_pb_use_builder":"","_et_pb_old_content":"","_et_gb_content_width":"","exclude_from_search":false,"footnotes":""},"class_list":["post-227","page","type-page","status-publish","hentry"],"yoast_head":"<!-- This site is optimized with the Yoast SEO plugin v27.4 - https:\/\/yoast.com\/product\/yoast-seo-wordpress\/ -->\n<title>N\u00fameros ganadores de loter\u00edas internacionales<\/title>\n<meta name=\"description\" content=\"\u00bfGan\u00f3 su boleto de loter\u00eda? Encuentre resultados y los n\u00fameros ganadores de loter\u00edas internacionales aqu\u00ed\" \/>\n<meta name=\"robots\" content=\"index, follow, max-snippet:-1, max-image-preview:large, max-video-preview:-1\" \/>\n<link rel=\"canonical\" href=\"https:\/\/redfoxlotto.com\/es\/resultados\/\" \/>\n<meta property=\"og:locale\" content=\"es_ES\" \/>\n<meta property=\"og:type\" content=\"article\" \/>\n<meta property=\"og:title\" content=\"N\u00fameros ganadores de loter\u00edas internacionales\" \/>\n<meta property=\"og:description\" content=\"\u00bfGan\u00f3 su boleto de loter\u00eda? Encuentre resultados y los n\u00fameros ganadores de loter\u00edas internacionales aqu\u00ed\" \/>\n<meta property=\"og:url\" content=\"https:\/\/redfoxlotto.com\/es\/resultados\/\" \/>\n<meta property=\"og:site_name\" content=\"Get Tickets for the World\u2019s largest jackpots\" \/>\n<meta property=\"article:modified_time\" content=\"2025-12-18T09:00:10+00:00\" \/>\n<meta property=\"og:image\" content=\"https:\/\/content.redfoxlotto.com\/uploads\/sites\/9\/1_winning_lottery_numbers.jpg\" \/>\n<meta name=\"twitter:card\" content=\"summary_large_image\" \/>\n<meta name=\"twitter:label1\" content=\"Tiempo de lectura\" \/>\n\t<meta name=\"twitter:data1\" content=\"2 minutos\" \/>\n<script type=\"application\/ld+json\" class=\"yoast-schema-graph\">{\"@context\":\"https:\\\/\\\/schema.org\",\"@graph\":[{\"@type\":\"WebPage\",\"@id\":\"https:\\\/\\\/redfoxlotto.com\\\/es\\\/resultados\\\/\",\"url\":\"https:\\\/\\\/redfoxlotto.com\\\/es\\\/resultados\\\/\",\"name\":\"N\u00fameros ganadores de loter\u00edas internacionales\",\"isPartOf\":{\"@id\":\"https:\\\/\\\/redfoxlotto.com\\\/es\\\/#website\"},\"primaryImageOfPage\":{\"@id\":\"https:\\\/\\\/redfoxlotto.com\\\/es\\\/resultados\\\/#primaryimage\"},\"image\":{\"@id\":\"https:\\\/\\\/redfoxlotto.com\\\/es\\\/resultados\\\/#primaryimage\"},\"thumbnailUrl\":\"https:\\\/\\\/content.redfoxlotto.com\\\/uploads\\\/sites\\\/9\\\/1_winning_lottery_numbers.jpg\",\"datePublished\":\"2023-04-24T14:13:24+00:00\",\"dateModified\":\"2025-12-18T09:00:10+00:00\",\"description\":\"\u00bfGan\u00f3 su boleto de loter\u00eda? Encuentre resultados y los n\u00fameros ganadores de loter\u00edas internacionales aqu\u00ed\",\"breadcrumb\":{\"@id\":\"https:\\\/\\\/redfoxlotto.com\\\/es\\\/resultados\\\/#breadcrumb\"},\"inLanguage\":\"es\",\"potentialAction\":[{\"@type\":\"ReadAction\",\"target\":[\"https:\\\/\\\/redfoxlotto.com\\\/es\\\/resultados\\\/\"]}]},{\"@type\":\"ImageObject\",\"inLanguage\":\"es\",\"@id\":\"https:\\\/\\\/redfoxlotto.com\\\/es\\\/resultados\\\/#primaryimage\",\"url\":\"https:\\\/\\\/content.redfoxlotto.com\\\/uploads\\\/sites\\\/9\\\/1_winning_lottery_numbers.jpg\",\"contentUrl\":\"https:\\\/\\\/content.redfoxlotto.com\\\/uploads\\\/sites\\\/9\\\/1_winning_lottery_numbers.jpg\"},{\"@type\":\"BreadcrumbList\",\"@id\":\"https:\\\/\\\/redfoxlotto.com\\\/es\\\/resultados\\\/#breadcrumb\",\"itemListElement\":[{\"@type\":\"ListItem\",\"position\":1,\"name\":\"Home\",\"item\":\"https:\\\/\\\/redfoxlotto.com\\\/es\\\/\"},{\"@type\":\"ListItem\",\"position\":2,\"name\":\"Resultados y n\u00fameros ganadores de loto en el mundo\"}]},{\"@type\":\"WebSite\",\"@id\":\"https:\\\/\\\/redfoxlotto.com\\\/es\\\/#website\",\"url\":\"https:\\\/\\\/redfoxlotto.com\\\/es\\\/\",\"name\":\"Get Tickets for the World\u2019s largest jackpots\",\"description\":\"Participate in worldwide lottery jackpots from any country\",\"publisher\":{\"@id\":\"https:\\\/\\\/redfoxlotto.com\\\/es\\\/#organization\"},\"potentialAction\":[{\"@type\":\"SearchAction\",\"target\":{\"@type\":\"EntryPoint\",\"urlTemplate\":\"https:\\\/\\\/redfoxlotto.com\\\/es\\\/?s={search_term_string}\"},\"query-input\":{\"@type\":\"PropertyValueSpecification\",\"valueRequired\":true,\"valueName\":\"search_term_string\"}}],\"inLanguage\":\"es\"},{\"@type\":\"Organization\",\"@id\":\"https:\\\/\\\/redfoxlotto.com\\\/es\\\/#organization\",\"name\":\"Get Tickets for the World\u2019s largest jackpots\",\"url\":\"https:\\\/\\\/redfoxlotto.com\\\/es\\\/\",\"logo\":{\"@type\":\"ImageObject\",\"inLanguage\":\"es\",\"@id\":\"https:\\\/\\\/redfoxlotto.com\\\/es\\\/#\\\/schema\\\/logo\\\/image\\\/\",\"url\":\"https:\\\/\\\/redfoxlotto.com\\\/wp-content\\\/uploads\\\/2023\\\/04\\\/logo.png\",\"contentUrl\":\"https:\\\/\\\/redfoxlotto.com\\\/wp-content\\\/uploads\\\/2023\\\/04\\\/logo.png\",\"width\":269,\"height\":53,\"caption\":\"Get Tickets for the World\u2019s largest jackpots\"},\"image\":{\"@id\":\"https:\\\/\\\/redfoxlotto.com\\\/es\\\/#\\\/schema\\\/logo\\\/image\\\/\"}}]}<\/script>\n<!-- \/ Yoast SEO plugin. -->","yoast_head_json":{"title":"N\u00fameros ganadores de loter\u00edas internacionales","description":"\u00bfGan\u00f3 su boleto de loter\u00eda? Encuentre resultados y los n\u00fameros ganadores de loter\u00edas internacionales aqu\u00ed","robots":{"index":"index","follow":"follow","max-snippet":"max-snippet:-1","max-image-preview":"max-image-preview:large","max-video-preview":"max-video-preview:-1"},"canonical":"https:\/\/redfoxlotto.com\/es\/resultados\/","og_locale":"es_ES","og_type":"article","og_title":"N\u00fameros ganadores de loter\u00edas internacionales","og_description":"\u00bfGan\u00f3 su boleto de loter\u00eda? Encuentre resultados y los n\u00fameros ganadores de loter\u00edas internacionales aqu\u00ed","og_url":"https:\/\/redfoxlotto.com\/es\/resultados\/","og_site_name":"Get Tickets for the World\u2019s largest jackpots","article_modified_time":"2025-12-18T09:00:10+00:00","og_image":[{"url":"https:\/\/content.redfoxlotto.com\/uploads\/sites\/9\/1_winning_lottery_numbers.jpg","type":"","width":"","height":""}],"twitter_card":"summary_large_image","twitter_misc":{"Tiempo de lectura":"2 minutos"},"schema":{"@context":"https:\/\/schema.org","@graph":[{"@type":"WebPage","@id":"https:\/\/redfoxlotto.com\/es\/resultados\/","url":"https:\/\/redfoxlotto.com\/es\/resultados\/","name":"N\u00fameros ganadores de loter\u00edas internacionales","isPartOf":{"@id":"https:\/\/redfoxlotto.com\/es\/#website"},"primaryImageOfPage":{"@id":"https:\/\/redfoxlotto.com\/es\/resultados\/#primaryimage"},"image":{"@id":"https:\/\/redfoxlotto.com\/es\/resultados\/#primaryimage"},"thumbnailUrl":"https:\/\/content.redfoxlotto.com\/uploads\/sites\/9\/1_winning_lottery_numbers.jpg","datePublished":"2023-04-24T14:13:24+00:00","dateModified":"2025-12-18T09:00:10+00:00","description":"\u00bfGan\u00f3 su boleto de loter\u00eda? Encuentre resultados y los n\u00fameros ganadores de loter\u00edas internacionales aqu\u00ed","breadcrumb":{"@id":"https:\/\/redfoxlotto.com\/es\/resultados\/#breadcrumb"},"inLanguage":"es","potentialAction":[{"@type":"ReadAction","target":["https:\/\/redfoxlotto.com\/es\/resultados\/"]}]},{"@type":"ImageObject","inLanguage":"es","@id":"https:\/\/redfoxlotto.com\/es\/resultados\/#primaryimage","url":"https:\/\/content.redfoxlotto.com\/uploads\/sites\/9\/1_winning_lottery_numbers.jpg","contentUrl":"https:\/\/content.redfoxlotto.com\/uploads\/sites\/9\/1_winning_lottery_numbers.jpg"},{"@type":"BreadcrumbList","@id":"https:\/\/redfoxlotto.com\/es\/resultados\/#breadcrumb","itemListElement":[{"@type":"ListItem","position":1,"name":"Home","item":"https:\/\/redfoxlotto.com\/es\/"},{"@type":"ListItem","position":2,"name":"Resultados y n\u00fameros ganadores de loto en el mundo"}]},{"@type":"WebSite","@id":"https:\/\/redfoxlotto.com\/es\/#website","url":"https:\/\/redfoxlotto.com\/es\/","name":"Get Tickets for the World\u2019s largest jackpots","description":"Participate in worldwide lottery jackpots from any country","publisher":{"@id":"https:\/\/redfoxlotto.com\/es\/#organization"},"potentialAction":[{"@type":"SearchAction","target":{"@type":"EntryPoint","urlTemplate":"https:\/\/redfoxlotto.com\/es\/?s={search_term_string}"},"query-input":{"@type":"PropertyValueSpecification","valueRequired":true,"valueName":"search_term_string"}}],"inLanguage":"es"},{"@type":"Organization","@id":"https:\/\/redfoxlotto.com\/es\/#organization","name":"Get Tickets for the World\u2019s largest jackpots","url":"https:\/\/redfoxlotto.com\/es\/","logo":{"@type":"ImageObject","inLanguage":"es","@id":"https:\/\/redfoxlotto.com\/es\/#\/schema\/logo\/image\/","url":"https:\/\/redfoxlotto.com\/wp-content\/uploads\/2023\/04\/logo.png","contentUrl":"https:\/\/redfoxlotto.com\/wp-content\/uploads\/2023\/04\/logo.png","width":269,"height":53,"caption":"Get Tickets for the World\u2019s largest jackpots"},"image":{"@id":"https:\/\/redfoxlotto.com\/es\/#\/schema\/logo\/image\/"}}]}},"_links":{"self":[{"href":"https:\/\/redfoxlotto.com\/es\/wp-json\/wp\/v2\/pages\/227","targetHints":{"allow":["GET"]}}],"collection":[{"href":"https:\/\/redfoxlotto.com\/es\/wp-json\/wp\/v2\/pages"}],"about":[{"href":"https:\/\/redfoxlotto.com\/es\/wp-json\/wp\/v2\/types\/page"}],"author":[{"embeddable":true,"href":"https:\/\/redfoxlotto.com\/es\/wp-json\/wp\/v2\/users\/1"}],"replies":[{"embeddable":true,"href":"https:\/\/redfoxlotto.com\/es\/wp-json\/wp\/v2\/comments?post=227"}],"version-history":[{"count":0,"href":"https:\/\/redfoxlotto.com\/es\/wp-json\/wp\/v2\/pages\/227\/revisions"}],"wp:attachment":[{"href":"https:\/\/redfoxlotto.com\/es\/wp-json\/wp\/v2\/media?parent=227"}],"curies":[{"name":"wp","href":"https:\/\/api.w.org\/{rel}","templated":true}]}}