{"id":226,"date":"2018-11-18T08:54:25","date_gmt":"2018-11-18T08:54:25","guid":{"rendered":"https:\/\/redfoxlotto.com\/?page_id=2180"},"modified":"2018-11-18T08:55:22","modified_gmt":"2018-11-18T08:55:22","slug":"lotto-uk","status":"publish","type":"page","link":"https:\/\/redfoxlotto.com\/es\/loterias\/lotto-uk\/","title":{"rendered":"Sobre la Loteria del Reino Unido"},"content":{"rendered":"<p>La Loter\u00eda del Reino Unido es la loter\u00eda nacional m\u00e1s grande del Reino Unido, sin contar con loter\u00edas paneuropeas como Euromillions y Eurojackpot.<!--more--><br \/>\n<img loading=\"lazy\" decoding=\"async\" class=\" wp-image alignright\" src=\"https:\/\/content.redfoxlotto.com\/uploads\/sites\/9\/2_ticket_uk_lottery2.jpg\" alt=\"billetes de loter\u00eda del Reino Unido\" width=\"121\" height=\"191\" \/><\/p>\n<p>Hoy en d\u00eda, los jugadores de loter\u00eda de fuera del Reino Unido pueden tener una oportunidad en esta popular loter\u00eda. Las probabilidades son mejores que en la mayor\u00eda de las <a href=\"https:\/\/redfoxlotto.com\/es\">otras loter\u00edas europeas<\/a>.<\/p>\n<p>La loter\u00eda del Reino Unido, tal como su nombre lo indica, es la loter\u00eda oficial del Reino Unido. En 1994, cuando comenz\u00f3 el juego, se le conoc\u00eda como la Loter\u00eda Nacional, pero fue cambiada a la loter\u00eda en el a\u00f1o 2002. La loter\u00eda del Reino Unido est\u00e1 franquiciada por el gobierno del Reino Unido y la licencia para operar la loter\u00eda fue otorgada a un grupo conocido como el grupo Camelot, mientras que las operaciones regulatorias de la loter\u00eda son realizadas por la comisi\u00f3n de juegos de azar.<\/p>\n<p>S\u00f3lo las personas mayores de 16 a\u00f1os pueden participar en la loter\u00eda del Reino Unido. Aunque los billetes se pueden comprar en l\u00ednea en el sitio web de la Loter\u00eda Nacional, s\u00f3lo est\u00e1n disponibles para las personas que cumplen con los criterios anteriores.<br \/>\n<img decoding=\"async\" class=\"size-full wp-image alignright\" src=\"https:\/\/content.redfoxlotto.com\/uploads\/sites\/9\/1_win_lottery_online3.jpg\" alt=\"comprar boleto de la Loter\u00eda del Reino Unido\" \/><br \/>\nPara participar en la loter\u00eda del Reino Unido, los jugadores necesitan comprar un billete de loter\u00eda y se les permite elegir 6 n\u00fameros de un total de 59 y tambi\u00e9n se les da la opci\u00f3n de seleccionar un sorteo en el que los n\u00fameros se seleccionan al azar para usted. Los sorteos se hacen dos veces por semana, donde se seleccionan 6 n\u00fameros al azar y tambi\u00e9n se selecciona un n\u00famero de bono de los 53 restantes. Si los n\u00fameros de su billete coinciden exactamente con los 6 n\u00fameros principales sorteados, entonces usted ha ganado el premio mayor. Incluso si su billete no coincide con los 6 n\u00fameros enteros sorteados, usted todav\u00eda tiene la oportunidad de ganar algo, ya que hay premios por acertar 2, 3, 4 o 5 de los n\u00fameros sorteados, sin excluir el n\u00famero de bonificaci\u00f3n.<\/p>\n<p>El premio mayor ganado hasta ahora en la loter\u00eda del Reino Unido es el premio mayor de 161,6 millones de libras esterlinas del 12 de julio de 2011 por Collins Weir y su esposa. La probabilidad de ganar el premio gordo en la loter\u00eda del Reino Unido es de 1:45 millones.<\/p>\n<p><strong>\u00a1Obtenga su boleto en l\u00ednea ahora para la Loter\u00eda del Reino Unido!<\/strong><\/p>\n","protected":false},"excerpt":{"rendered":"<p>La Loter\u00eda del Reino Unido es la loter\u00eda nacional m\u00e1s grande del Reino Unido, sin contar con loter\u00edas paneuropeas como Euromillions y Eurojackpot.<\/p>\n","protected":false},"author":1,"featured_media":0,"parent":219,"menu_order":9,"comment_status":"closed","ping_status":"closed","template":"lotto-uk-info.php","meta":{"_et_pb_use_builder":"","_et_pb_old_content":"","_et_gb_content_width":"","exclude_from_search":false,"footnotes":""},"class_list":["post-226","page","type-page","status-publish","hentry"],"yoast_head":"<!-- This site is optimized with the Yoast SEO plugin v23.8 - https:\/\/yoast.com\/wordpress\/plugins\/seo\/ -->\n<title>La loter\u00eda del Reino Unido | Informaci\u00f3n relevante que necesita saber sobre la loter\u00eda del Reino Unido.<\/title>\n<meta name=\"description\" content=\"Usted tiene una mejor oportunidad con la loter\u00eda del Reino Unido s\u00f3lo por conocer esta informaci\u00f3n sobre ellos.\" \/>\n<meta name=\"robots\" content=\"index, follow, max-snippet:-1, max-image-preview:large, max-video-preview:-1\" \/>\n<link rel=\"canonical\" href=\"https:\/\/redfoxlotto.com\/es\/loterias\/lotto-uk\/\" \/>\n<meta property=\"og:locale\" content=\"es_ES\" \/>\n<meta property=\"og:type\" content=\"article\" \/>\n<meta property=\"og:title\" content=\"La loter\u00eda del Reino Unido | Informaci\u00f3n relevante que necesita saber sobre la loter\u00eda del Reino Unido.\" \/>\n<meta property=\"og:description\" content=\"Usted tiene una mejor oportunidad con la loter\u00eda del Reino Unido s\u00f3lo por conocer esta informaci\u00f3n sobre ellos.\" \/>\n<meta property=\"og:url\" content=\"https:\/\/redfoxlotto.com\/es\/loterias\/lotto-uk\/\" \/>\n<meta property=\"og:site_name\" content=\"Get Tickets for the World\u2019s largest jackpots\" \/>\n<meta property=\"article:modified_time\" content=\"2018-11-18T08:55:22+00:00\" \/>\n<meta property=\"og:image\" content=\"https:\/\/content.redfoxlotto.com\/uploads\/sites\/9\/2_ticket_uk_lottery2.jpg\" \/>\n<meta name=\"twitter:card\" content=\"summary_large_image\" \/>\n<meta name=\"twitter:label1\" content=\"Tiempo de lectura\" \/>\n\t<meta name=\"twitter:data1\" content=\"3 minutos\" \/>\n<script type=\"application\/ld+json\" class=\"yoast-schema-graph\">{\"@context\":\"https:\/\/schema.org\",\"@graph\":[{\"@type\":\"WebPage\",\"@id\":\"https:\/\/redfoxlotto.com\/es\/loterias\/lotto-uk\/\",\"url\":\"https:\/\/redfoxlotto.com\/es\/loterias\/lotto-uk\/\",\"name\":\"La loter\u00eda del Reino Unido | Informaci\u00f3n relevante que necesita saber sobre la loter\u00eda del Reino Unido.\",\"isPartOf\":{\"@id\":\"https:\/\/redfoxlotto.com\/es\/#website\"},\"primaryImageOfPage\":{\"@id\":\"https:\/\/redfoxlotto.com\/es\/loterias\/lotto-uk\/#primaryimage\"},\"image\":{\"@id\":\"https:\/\/redfoxlotto.com\/es\/loterias\/lotto-uk\/#primaryimage\"},\"thumbnailUrl\":\"https:\/\/content.redfoxlotto.com\/uploads\/sites\/9\/2_ticket_uk_lottery2.jpg\",\"datePublished\":\"2018-11-18T08:54:25+00:00\",\"dateModified\":\"2018-11-18T08:55:22+00:00\",\"description\":\"Usted tiene una mejor oportunidad con la loter\u00eda del Reino Unido s\u00f3lo por conocer esta informaci\u00f3n sobre ellos.\",\"breadcrumb\":{\"@id\":\"https:\/\/redfoxlotto.com\/es\/loterias\/lotto-uk\/#breadcrumb\"},\"inLanguage\":\"es\",\"potentialAction\":[{\"@type\":\"ReadAction\",\"target\":[\"https:\/\/redfoxlotto.com\/es\/loterias\/lotto-uk\/\"]}]},{\"@type\":\"ImageObject\",\"inLanguage\":\"es\",\"@id\":\"https:\/\/redfoxlotto.com\/es\/loterias\/lotto-uk\/#primaryimage\",\"url\":\"https:\/\/content.redfoxlotto.com\/uploads\/sites\/9\/2_ticket_uk_lottery2.jpg\",\"contentUrl\":\"https:\/\/content.redfoxlotto.com\/uploads\/sites\/9\/2_ticket_uk_lottery2.jpg\"},{\"@type\":\"BreadcrumbList\",\"@id\":\"https:\/\/redfoxlotto.com\/es\/loterias\/lotto-uk\/#breadcrumb\",\"itemListElement\":[{\"@type\":\"ListItem\",\"position\":1,\"name\":\"Home\",\"item\":\"https:\/\/redfoxlotto.com\/es\/\"},{\"@type\":\"ListItem\",\"position\":2,\"name\":\"Loter\u00edas mundiales\",\"item\":\"https:\/\/redfoxlotto.com\/es\/loterias\/\"},{\"@type\":\"ListItem\",\"position\":3,\"name\":\"Sobre la Loteria del Reino Unido\"}]},{\"@type\":\"WebSite\",\"@id\":\"https:\/\/redfoxlotto.com\/es\/#website\",\"url\":\"https:\/\/redfoxlotto.com\/es\/\",\"name\":\"Get Tickets for the World\u2019s largest jackpots\",\"description\":\"Participate in worldwide lottery jackpots from any country\",\"publisher\":{\"@id\":\"https:\/\/redfoxlotto.com\/es\/#organization\"},\"potentialAction\":[{\"@type\":\"SearchAction\",\"target\":{\"@type\":\"EntryPoint\",\"urlTemplate\":\"https:\/\/redfoxlotto.com\/es\/?s={search_term_string}\"},\"query-input\":{\"@type\":\"PropertyValueSpecification\",\"valueRequired\":true,\"valueName\":\"search_term_string\"}}],\"inLanguage\":\"es\"},{\"@type\":\"Organization\",\"@id\":\"https:\/\/redfoxlotto.com\/es\/#organization\",\"name\":\"Get Tickets for the World\u2019s largest jackpots\",\"url\":\"https:\/\/redfoxlotto.com\/es\/\",\"logo\":{\"@type\":\"ImageObject\",\"inLanguage\":\"es\",\"@id\":\"https:\/\/redfoxlotto.com\/es\/#\/schema\/logo\/image\/\",\"url\":\"https:\/\/redfoxlotto.com\/wp-content\/uploads\/2023\/04\/logo.png\",\"contentUrl\":\"https:\/\/redfoxlotto.com\/wp-content\/uploads\/2023\/04\/logo.png\",\"width\":269,\"height\":53,\"caption\":\"Get Tickets for the World\u2019s largest jackpots\"},\"image\":{\"@id\":\"https:\/\/redfoxlotto.com\/es\/#\/schema\/logo\/image\/\"}}]}<\/script>\n<!-- \/ Yoast SEO plugin. -->","yoast_head_json":{"title":"La loter\u00eda del Reino Unido | Informaci\u00f3n relevante que necesita saber sobre la loter\u00eda del Reino Unido.","description":"Usted tiene una mejor oportunidad con la loter\u00eda del Reino Unido s\u00f3lo por conocer esta informaci\u00f3n sobre ellos.","robots":{"index":"index","follow":"follow","max-snippet":"max-snippet:-1","max-image-preview":"max-image-preview:large","max-video-preview":"max-video-preview:-1"},"canonical":"https:\/\/redfoxlotto.com\/es\/loterias\/lotto-uk\/","og_locale":"es_ES","og_type":"article","og_title":"La loter\u00eda del Reino Unido | Informaci\u00f3n relevante que necesita saber sobre la loter\u00eda del Reino Unido.","og_description":"Usted tiene una mejor oportunidad con la loter\u00eda del Reino Unido s\u00f3lo por conocer esta informaci\u00f3n sobre ellos.","og_url":"https:\/\/redfoxlotto.com\/es\/loterias\/lotto-uk\/","og_site_name":"Get Tickets for the World\u2019s largest jackpots","article_modified_time":"2018-11-18T08:55:22+00:00","og_image":[{"url":"https:\/\/content.redfoxlotto.com\/uploads\/sites\/9\/2_ticket_uk_lottery2.jpg"}],"twitter_card":"summary_large_image","twitter_misc":{"Tiempo de lectura":"3 minutos"},"schema":{"@context":"https:\/\/schema.org","@graph":[{"@type":"WebPage","@id":"https:\/\/redfoxlotto.com\/es\/loterias\/lotto-uk\/","url":"https:\/\/redfoxlotto.com\/es\/loterias\/lotto-uk\/","name":"La loter\u00eda del Reino Unido | Informaci\u00f3n relevante que necesita saber sobre la loter\u00eda del Reino Unido.","isPartOf":{"@id":"https:\/\/redfoxlotto.com\/es\/#website"},"primaryImageOfPage":{"@id":"https:\/\/redfoxlotto.com\/es\/loterias\/lotto-uk\/#primaryimage"},"image":{"@id":"https:\/\/redfoxlotto.com\/es\/loterias\/lotto-uk\/#primaryimage"},"thumbnailUrl":"https:\/\/content.redfoxlotto.com\/uploads\/sites\/9\/2_ticket_uk_lottery2.jpg","datePublished":"2018-11-18T08:54:25+00:00","dateModified":"2018-11-18T08:55:22+00:00","description":"Usted tiene una mejor oportunidad con la loter\u00eda del Reino Unido s\u00f3lo por conocer esta informaci\u00f3n sobre ellos.","breadcrumb":{"@id":"https:\/\/redfoxlotto.com\/es\/loterias\/lotto-uk\/#breadcrumb"},"inLanguage":"es","potentialAction":[{"@type":"ReadAction","target":["https:\/\/redfoxlotto.com\/es\/loterias\/lotto-uk\/"]}]},{"@type":"ImageObject","inLanguage":"es","@id":"https:\/\/redfoxlotto.com\/es\/loterias\/lotto-uk\/#primaryimage","url":"https:\/\/content.redfoxlotto.com\/uploads\/sites\/9\/2_ticket_uk_lottery2.jpg","contentUrl":"https:\/\/content.redfoxlotto.com\/uploads\/sites\/9\/2_ticket_uk_lottery2.jpg"},{"@type":"BreadcrumbList","@id":"https:\/\/redfoxlotto.com\/es\/loterias\/lotto-uk\/#breadcrumb","itemListElement":[{"@type":"ListItem","position":1,"name":"Home","item":"https:\/\/redfoxlotto.com\/es\/"},{"@type":"ListItem","position":2,"name":"Loter\u00edas mundiales","item":"https:\/\/redfoxlotto.com\/es\/loterias\/"},{"@type":"ListItem","position":3,"name":"Sobre la Loteria del Reino Unido"}]},{"@type":"WebSite","@id":"https:\/\/redfoxlotto.com\/es\/#website","url":"https:\/\/redfoxlotto.com\/es\/","name":"Get Tickets for the World\u2019s largest jackpots","description":"Participate in worldwide lottery jackpots from any country","publisher":{"@id":"https:\/\/redfoxlotto.com\/es\/#organization"},"potentialAction":[{"@type":"SearchAction","target":{"@type":"EntryPoint","urlTemplate":"https:\/\/redfoxlotto.com\/es\/?s={search_term_string}"},"query-input":{"@type":"PropertyValueSpecification","valueRequired":true,"valueName":"search_term_string"}}],"inLanguage":"es"},{"@type":"Organization","@id":"https:\/\/redfoxlotto.com\/es\/#organization","name":"Get Tickets for the World\u2019s largest jackpots","url":"https:\/\/redfoxlotto.com\/es\/","logo":{"@type":"ImageObject","inLanguage":"es","@id":"https:\/\/redfoxlotto.com\/es\/#\/schema\/logo\/image\/","url":"https:\/\/redfoxlotto.com\/wp-content\/uploads\/2023\/04\/logo.png","contentUrl":"https:\/\/redfoxlotto.com\/wp-content\/uploads\/2023\/04\/logo.png","width":269,"height":53,"caption":"Get Tickets for the World\u2019s largest jackpots"},"image":{"@id":"https:\/\/redfoxlotto.com\/es\/#\/schema\/logo\/image\/"}}]}},"_links":{"self":[{"href":"https:\/\/redfoxlotto.com\/es\/wp-json\/wp\/v2\/pages\/226","targetHints":{"allow":["GET"]}}],"collection":[{"href":"https:\/\/redfoxlotto.com\/es\/wp-json\/wp\/v2\/pages"}],"about":[{"href":"https:\/\/redfoxlotto.com\/es\/wp-json\/wp\/v2\/types\/page"}],"author":[{"embeddable":true,"href":"https:\/\/redfoxlotto.com\/es\/wp-json\/wp\/v2\/users\/1"}],"replies":[{"embeddable":true,"href":"https:\/\/redfoxlotto.com\/es\/wp-json\/wp\/v2\/comments?post=226"}],"version-history":[{"count":0,"href":"https:\/\/redfoxlotto.com\/es\/wp-json\/wp\/v2\/pages\/226\/revisions"}],"up":[{"embeddable":true,"href":"https:\/\/redfoxlotto.com\/es\/wp-json\/wp\/v2\/pages\/219"}],"wp:attachment":[{"href":"https:\/\/redfoxlotto.com\/es\/wp-json\/wp\/v2\/media?parent=226"}],"curies":[{"name":"wp","href":"https:\/\/api.w.org\/{rel}","templated":true}]}}