{"id":225,"date":"2018-11-18T08:54:25","date_gmt":"2018-11-18T08:54:25","guid":{"rendered":"https:\/\/redfoxlotto.com\/?page_id=2178"},"modified":"2018-11-18T08:55:22","modified_gmt":"2018-11-18T08:55:22","slug":"superenalotto","status":"publish","type":"page","link":"https:\/\/redfoxlotto.com\/es\/loterias\/superenalotto\/","title":{"rendered":"Sobre SuperEnalotto"},"content":{"rendered":"<p>Esta loter\u00eda de Italia fue presentada como \u201cEnaLotto\u201d en los \u201850s y luego se le cambi\u00f3 el nombre a SuperEnaLotto. El premio m\u00e1s alto registrado en el Superenalotto fue de \u20ac177.729.043,16.<\/p>\n<p><!--more--><\/p>\n<p>Esta loter\u00eda tiene tres sorteos por semana \u2013 cada martes, jueves, y s\u00e1bado.<\/p>\n<h2>C\u00f3mo comprar su boleto de Superenalotto en l\u00ednea<\/h2>\n<p><img loading=\"lazy\" decoding=\"async\" class=\" wp-image alignright\" src=\"https:\/\/content.redfoxlotto.com\/uploads\/sites\/9\/2_ticket_superenalotto4.jpg\" alt=\"Superenalotto jugar en l\u00ednea\" width=\"256\" height=\"365\" \/><\/p>\n<p>El proceso de compra de su boleto de Superenalotto en l\u00ednea es muy simple. Nuestra p\u00e1gina web le guiar\u00e1 en la compra del boleto y el pago.<\/p>\n<p>Cuando est\u00e9s listo para comprar tu boleto en l\u00ednea, puedes hacerlo de dos maneras diferentes:<\/p>\n<ul>\n<li>Empieza por registrar una cuenta en RedFoxLotto (\u00a1no olvides hacer clic en el enlace del correo electr\u00f3nico de verificaci\u00f3n que te enviaremos!) y luego deposita algo de dinero en tu cuenta primero. Ahora que tienes dinero en tu cuenta, puedes elegir una loter\u00eda, escoger tus n\u00fameros y pagar con el balance de tu cuenta. Este m\u00e9todo es ideal si quiere comprar algunos boletos en l\u00ednea hoy y volver a comprar m\u00e1s boletos despu\u00e9s.<\/li>\n<\/ul>\n<p>O..:<\/p>\n<ul>\n<li>Elija una loter\u00eda primero y luego elija sus n\u00fameros. Agregue m\u00e1s loter\u00edas y m\u00e1s boletos si lo desea. Luego haga clic en el bot\u00f3n \u00abpagar ahora\u00bb. A continuaci\u00f3n, ver\u00e1 la pantalla de inicio de sesi\u00f3n. Como todav\u00eda no tiene una cuenta, tendr\u00e1 que crear una haciendo clic en el bot\u00f3n \u00abReg\u00edstrese\u00bb. Una vez que se haya registrado y verificado su nueva cuenta, busque el s\u00edmbolo del carrito de compras y haga clic en \u00e9l. Entonces pagar\u00e1 en l\u00ednea, usando cualquier m\u00e9todo que le sea conveniente.<\/li>\n<\/ul>\n<p>Aseg\u00farese de completar todos los pasos necesarios para el pago. Una vez que haya comprado con \u00e9xito sus entradas, recibir\u00e1 un correo electr\u00f3nico de confirmaci\u00f3n. Despu\u00e9s de eso, todo lo que tienes que hacer es esperar al sorteo para ver si has ganado!<\/p>\n<h2>SuperEnalotto mundial<\/h2>\n<p><img loading=\"lazy\" decoding=\"async\" class=\"tama\u00f1o completo wp-image alignright\" src=\"https:\/\/content.redfoxlotto.com\/uploads\/sites\/9\/1_buy_ticket_jackpot.jpg\" alt=\"ganar Superenalotto\" width=\"258\" height=\"171\" \/><\/p>\n<p>Hasta la introducci\u00f3n del Eurojackpot, la loter\u00eda Superenalotto era la reina de las loter\u00edas europeas. Actualmente no solo se juega en Italia, sino en l\u00ednea por jugadores de otros pa\u00edses.<\/p>\n<h2>Las reglas de SuperEnalotto<\/h2>\n<p>SuperEnaLotto es un juego de seis de 90, sin n\u00fameros adicionales. Al acertar seis n\u00fameros, gana el premio gordo. Si tienes al menos tres n\u00fameros correctos, califica para uno de los premios menores.<\/p>\n","protected":false},"excerpt":{"rendered":"<p>Esta loter\u00eda de Italia fue presentada como \u201cEnaLotto\u201d en los \u201850s y luego se le cambi\u00f3 el nombre a SuperEnaLotto. El premio m\u00e1s alto registrado en el Superenalotto fue de \u20ac177.729.043,16.<\/p>\n","protected":false},"author":1,"featured_media":0,"parent":219,"menu_order":5,"comment_status":"closed","ping_status":"closed","template":"superenalotto-info.php","meta":{"_et_pb_use_builder":"","_et_pb_old_content":"","_et_gb_content_width":"","exclude_from_search":false,"footnotes":""},"class_list":["post-225","page","type-page","status-publish","hentry"],"yoast_head":"<!-- This site is optimized with the Yoast SEO plugin v23.8 - https:\/\/yoast.com\/wordpress\/plugins\/seo\/ -->\n<title>Comprar boletos Superenalotto en linea<\/title>\n<meta name=\"description\" content=\"Con RedFoxLotto, puedes comprar tus boletos Superenalotto desde cualquier pais!\" \/>\n<meta name=\"robots\" content=\"index, follow, max-snippet:-1, max-image-preview:large, max-video-preview:-1\" \/>\n<link rel=\"canonical\" href=\"https:\/\/redfoxlotto.com\/es\/loterias\/superenalotto\/\" \/>\n<meta property=\"og:locale\" content=\"es_ES\" \/>\n<meta property=\"og:type\" content=\"article\" \/>\n<meta property=\"og:title\" content=\"Comprar boletos Superenalotto en linea\" \/>\n<meta property=\"og:description\" content=\"Con RedFoxLotto, puedes comprar tus boletos Superenalotto desde cualquier pais!\" \/>\n<meta property=\"og:url\" content=\"https:\/\/redfoxlotto.com\/es\/loterias\/superenalotto\/\" \/>\n<meta property=\"og:site_name\" content=\"Get Tickets for the World\u2019s largest jackpots\" \/>\n<meta property=\"article:modified_time\" content=\"2018-11-18T08:55:22+00:00\" \/>\n<meta property=\"og:image\" content=\"https:\/\/content.redfoxlotto.com\/uploads\/sites\/9\/2_ticket_superenalotto4.jpg\" \/>\n<meta name=\"twitter:card\" content=\"summary_large_image\" \/>\n<meta name=\"twitter:label1\" content=\"Tiempo de lectura\" \/>\n\t<meta name=\"twitter:data1\" content=\"2 minutos\" \/>\n<script type=\"application\/ld+json\" class=\"yoast-schema-graph\">{\"@context\":\"https:\/\/schema.org\",\"@graph\":[{\"@type\":\"WebPage\",\"@id\":\"https:\/\/redfoxlotto.com\/es\/loterias\/superenalotto\/\",\"url\":\"https:\/\/redfoxlotto.com\/es\/loterias\/superenalotto\/\",\"name\":\"Comprar boletos Superenalotto en linea\",\"isPartOf\":{\"@id\":\"https:\/\/redfoxlotto.com\/es\/#website\"},\"primaryImageOfPage\":{\"@id\":\"https:\/\/redfoxlotto.com\/es\/loterias\/superenalotto\/#primaryimage\"},\"image\":{\"@id\":\"https:\/\/redfoxlotto.com\/es\/loterias\/superenalotto\/#primaryimage\"},\"thumbnailUrl\":\"https:\/\/content.redfoxlotto.com\/uploads\/sites\/9\/2_ticket_superenalotto4.jpg\",\"datePublished\":\"2018-11-18T08:54:25+00:00\",\"dateModified\":\"2018-11-18T08:55:22+00:00\",\"description\":\"Con RedFoxLotto, puedes comprar tus boletos Superenalotto desde cualquier pais!\",\"breadcrumb\":{\"@id\":\"https:\/\/redfoxlotto.com\/es\/loterias\/superenalotto\/#breadcrumb\"},\"inLanguage\":\"es\",\"potentialAction\":[{\"@type\":\"ReadAction\",\"target\":[\"https:\/\/redfoxlotto.com\/es\/loterias\/superenalotto\/\"]}]},{\"@type\":\"ImageObject\",\"inLanguage\":\"es\",\"@id\":\"https:\/\/redfoxlotto.com\/es\/loterias\/superenalotto\/#primaryimage\",\"url\":\"https:\/\/content.redfoxlotto.com\/uploads\/sites\/9\/2_ticket_superenalotto4.jpg\",\"contentUrl\":\"https:\/\/content.redfoxlotto.com\/uploads\/sites\/9\/2_ticket_superenalotto4.jpg\"},{\"@type\":\"BreadcrumbList\",\"@id\":\"https:\/\/redfoxlotto.com\/es\/loterias\/superenalotto\/#breadcrumb\",\"itemListElement\":[{\"@type\":\"ListItem\",\"position\":1,\"name\":\"Home\",\"item\":\"https:\/\/redfoxlotto.com\/es\/\"},{\"@type\":\"ListItem\",\"position\":2,\"name\":\"Loter\u00edas mundiales\",\"item\":\"https:\/\/redfoxlotto.com\/es\/loterias\/\"},{\"@type\":\"ListItem\",\"position\":3,\"name\":\"Sobre SuperEnalotto\"}]},{\"@type\":\"WebSite\",\"@id\":\"https:\/\/redfoxlotto.com\/es\/#website\",\"url\":\"https:\/\/redfoxlotto.com\/es\/\",\"name\":\"Get Tickets for the World\u2019s largest jackpots\",\"description\":\"Participate in worldwide lottery jackpots from any country\",\"publisher\":{\"@id\":\"https:\/\/redfoxlotto.com\/es\/#organization\"},\"potentialAction\":[{\"@type\":\"SearchAction\",\"target\":{\"@type\":\"EntryPoint\",\"urlTemplate\":\"https:\/\/redfoxlotto.com\/es\/?s={search_term_string}\"},\"query-input\":{\"@type\":\"PropertyValueSpecification\",\"valueRequired\":true,\"valueName\":\"search_term_string\"}}],\"inLanguage\":\"es\"},{\"@type\":\"Organization\",\"@id\":\"https:\/\/redfoxlotto.com\/es\/#organization\",\"name\":\"Get Tickets for the World\u2019s largest jackpots\",\"url\":\"https:\/\/redfoxlotto.com\/es\/\",\"logo\":{\"@type\":\"ImageObject\",\"inLanguage\":\"es\",\"@id\":\"https:\/\/redfoxlotto.com\/es\/#\/schema\/logo\/image\/\",\"url\":\"https:\/\/redfoxlotto.com\/wp-content\/uploads\/2023\/04\/logo.png\",\"contentUrl\":\"https:\/\/redfoxlotto.com\/wp-content\/uploads\/2023\/04\/logo.png\",\"width\":269,\"height\":53,\"caption\":\"Get Tickets for the World\u2019s largest jackpots\"},\"image\":{\"@id\":\"https:\/\/redfoxlotto.com\/es\/#\/schema\/logo\/image\/\"}}]}<\/script>\n<!-- \/ Yoast SEO plugin. -->","yoast_head_json":{"title":"Comprar boletos Superenalotto en linea","description":"Con RedFoxLotto, puedes comprar tus boletos Superenalotto desde cualquier pais!","robots":{"index":"index","follow":"follow","max-snippet":"max-snippet:-1","max-image-preview":"max-image-preview:large","max-video-preview":"max-video-preview:-1"},"canonical":"https:\/\/redfoxlotto.com\/es\/loterias\/superenalotto\/","og_locale":"es_ES","og_type":"article","og_title":"Comprar boletos Superenalotto en linea","og_description":"Con RedFoxLotto, puedes comprar tus boletos Superenalotto desde cualquier pais!","og_url":"https:\/\/redfoxlotto.com\/es\/loterias\/superenalotto\/","og_site_name":"Get Tickets for the World\u2019s largest jackpots","article_modified_time":"2018-11-18T08:55:22+00:00","og_image":[{"url":"https:\/\/content.redfoxlotto.com\/uploads\/sites\/9\/2_ticket_superenalotto4.jpg"}],"twitter_card":"summary_large_image","twitter_misc":{"Tiempo de lectura":"2 minutos"},"schema":{"@context":"https:\/\/schema.org","@graph":[{"@type":"WebPage","@id":"https:\/\/redfoxlotto.com\/es\/loterias\/superenalotto\/","url":"https:\/\/redfoxlotto.com\/es\/loterias\/superenalotto\/","name":"Comprar boletos Superenalotto en linea","isPartOf":{"@id":"https:\/\/redfoxlotto.com\/es\/#website"},"primaryImageOfPage":{"@id":"https:\/\/redfoxlotto.com\/es\/loterias\/superenalotto\/#primaryimage"},"image":{"@id":"https:\/\/redfoxlotto.com\/es\/loterias\/superenalotto\/#primaryimage"},"thumbnailUrl":"https:\/\/content.redfoxlotto.com\/uploads\/sites\/9\/2_ticket_superenalotto4.jpg","datePublished":"2018-11-18T08:54:25+00:00","dateModified":"2018-11-18T08:55:22+00:00","description":"Con RedFoxLotto, puedes comprar tus boletos Superenalotto desde cualquier pais!","breadcrumb":{"@id":"https:\/\/redfoxlotto.com\/es\/loterias\/superenalotto\/#breadcrumb"},"inLanguage":"es","potentialAction":[{"@type":"ReadAction","target":["https:\/\/redfoxlotto.com\/es\/loterias\/superenalotto\/"]}]},{"@type":"ImageObject","inLanguage":"es","@id":"https:\/\/redfoxlotto.com\/es\/loterias\/superenalotto\/#primaryimage","url":"https:\/\/content.redfoxlotto.com\/uploads\/sites\/9\/2_ticket_superenalotto4.jpg","contentUrl":"https:\/\/content.redfoxlotto.com\/uploads\/sites\/9\/2_ticket_superenalotto4.jpg"},{"@type":"BreadcrumbList","@id":"https:\/\/redfoxlotto.com\/es\/loterias\/superenalotto\/#breadcrumb","itemListElement":[{"@type":"ListItem","position":1,"name":"Home","item":"https:\/\/redfoxlotto.com\/es\/"},{"@type":"ListItem","position":2,"name":"Loter\u00edas mundiales","item":"https:\/\/redfoxlotto.com\/es\/loterias\/"},{"@type":"ListItem","position":3,"name":"Sobre SuperEnalotto"}]},{"@type":"WebSite","@id":"https:\/\/redfoxlotto.com\/es\/#website","url":"https:\/\/redfoxlotto.com\/es\/","name":"Get Tickets for the World\u2019s largest jackpots","description":"Participate in worldwide lottery jackpots from any country","publisher":{"@id":"https:\/\/redfoxlotto.com\/es\/#organization"},"potentialAction":[{"@type":"SearchAction","target":{"@type":"EntryPoint","urlTemplate":"https:\/\/redfoxlotto.com\/es\/?s={search_term_string}"},"query-input":{"@type":"PropertyValueSpecification","valueRequired":true,"valueName":"search_term_string"}}],"inLanguage":"es"},{"@type":"Organization","@id":"https:\/\/redfoxlotto.com\/es\/#organization","name":"Get Tickets for the World\u2019s largest jackpots","url":"https:\/\/redfoxlotto.com\/es\/","logo":{"@type":"ImageObject","inLanguage":"es","@id":"https:\/\/redfoxlotto.com\/es\/#\/schema\/logo\/image\/","url":"https:\/\/redfoxlotto.com\/wp-content\/uploads\/2023\/04\/logo.png","contentUrl":"https:\/\/redfoxlotto.com\/wp-content\/uploads\/2023\/04\/logo.png","width":269,"height":53,"caption":"Get Tickets for the World\u2019s largest jackpots"},"image":{"@id":"https:\/\/redfoxlotto.com\/es\/#\/schema\/logo\/image\/"}}]}},"_links":{"self":[{"href":"https:\/\/redfoxlotto.com\/es\/wp-json\/wp\/v2\/pages\/225","targetHints":{"allow":["GET"]}}],"collection":[{"href":"https:\/\/redfoxlotto.com\/es\/wp-json\/wp\/v2\/pages"}],"about":[{"href":"https:\/\/redfoxlotto.com\/es\/wp-json\/wp\/v2\/types\/page"}],"author":[{"embeddable":true,"href":"https:\/\/redfoxlotto.com\/es\/wp-json\/wp\/v2\/users\/1"}],"replies":[{"embeddable":true,"href":"https:\/\/redfoxlotto.com\/es\/wp-json\/wp\/v2\/comments?post=225"}],"version-history":[{"count":0,"href":"https:\/\/redfoxlotto.com\/es\/wp-json\/wp\/v2\/pages\/225\/revisions"}],"up":[{"embeddable":true,"href":"https:\/\/redfoxlotto.com\/es\/wp-json\/wp\/v2\/pages\/219"}],"wp:attachment":[{"href":"https:\/\/redfoxlotto.com\/es\/wp-json\/wp\/v2\/media?parent=225"}],"curies":[{"name":"wp","href":"https:\/\/api.w.org\/{rel}","templated":true}]}}